{"id":129,"date":"2018-08-10T13:41:39","date_gmt":"2018-08-10T10:41:39","guid":{"rendered":"https:\/\/rotary.fi\/klubi2\/?page_id=129"},"modified":"2025-10-06T17:51:14","modified_gmt":"2025-10-06T14:51:14","slug":"keita-olemme","status":"publish","type":"page","link":"https:\/\/rotary.fi\/vanajavesi\/keita-olemme\/","title":{"rendered":"Keit\u00e4 olemme"},"content":{"rendered":"<p>[et_pb_section fb_built=&#8221;1&#8243; module_class=&#8221;jumbotron-page&#8221; _builder_version=&#8221;4.16&#8243; background_image=&#8221;https:\/\/rotary.fi\/vanajavesi\/wp-content\/uploads\/sites\/63\/2019\/02\/vanaja.jpg&#8221; global_colors_info=&#8221;{}&#8221;][et_pb_row _builder_version=&#8221;4.16&#8243; background_size=&#8221;initial&#8221; background_position=&#8221;top_left&#8221; background_repeat=&#8221;repeat&#8221; global_colors_info=&#8221;{}&#8221;][et_pb_column type=&#8221;4_4&#8243; _builder_version=&#8221;4.16&#8243; custom_padding=&#8221;|||&#8221; global_colors_info=&#8221;{}&#8221; custom_padding__hover=&#8221;|||&#8221;][et_pb_text admin_label=&#8221;P\u00e4\u00e4otsikko&#8221; _builder_version=&#8221;4.16&#8243; text_orientation=&#8221;center&#8221; background_layout=&#8221;dark&#8221; global_colors_info=&#8221;{}&#8221;]<\/p>\n<h1>Keit\u00e4 olemme<\/h1>\n<p>[\/et_pb_text][\/et_pb_column][\/et_pb_row][\/et_pb_section][et_pb_section fb_built=&#8221;1&#8243; specialty=&#8221;on&#8221; module_class_2=&#8221;sivupalkki&#8221; _builder_version=&#8221;4.16&#8243; global_colors_info=&#8221;{}&#8221;][et_pb_column type=&#8221;2_3&#8243; specialty_columns=&#8221;2&#8243; _builder_version=&#8221;4.16&#8243; custom_padding=&#8221;|||&#8221; global_colors_info=&#8221;{}&#8221; custom_padding__hover=&#8221;|||&#8221;][et_pb_row_inner admin_label=&#8221;Rivi&#8221; _builder_version=&#8221;4.16&#8243; global_colors_info=&#8221;{}&#8221;][et_pb_column_inner saved_specialty_column_type=&#8221;2_3&#8243; _builder_version=&#8221;4.16&#8243; custom_padding=&#8221;|||&#8221; global_colors_info=&#8221;{}&#8221; custom_padding__hover=&#8221;|||&#8221;][et_pb_text admin_label=&#8221;Otsikko&#8221; _builder_version=&#8221;4.16&#8243; background_image=&#8221;https:\/\/rotary.fi\/vanajavesi\/wp-content\/uploads\/sites\/63\/2019\/02\/jarvimaisema.jpg&#8221; text_orientation=&#8221;center&#8221; global_colors_info=&#8221;{}&#8221;]<\/p>\n<h1>Keit\u00e4 olemme<\/h1>\n<p>[\/et_pb_text][et_pb_text _builder_version=&#8221;4.27.4&#8243; background_color=&#8221;#ffffff&#8221; background_color_gradient_end=&#8221;#f2f2f2&#8243; hover_enabled=&#8221;0&#8243; global_colors_info=&#8221;{}&#8221; sticky_enabled=&#8221;0&#8243;]<\/p>\n<p><span class=\"s1\">Vanajaveden Rotaryklubi<\/span><span class=\"s2\"> on aktiivinen h\u00e4meenlinnalainen<\/span><span class=\"s1\">\u00a0rotaryklubi<\/span><span class=\"s2\">. Kokoonnumme kok<\/span><span class=\"s1\">oukseen joka toinen torstai<\/span><span class=\"s2\"> joko p\u00e4iv\u00e4ll\u00e4 tai illalla Museo Militariaan tai tapahtumakalenterissa erikseen mainittuun paikkaan tapaamaan toisiamme, kuulemaan kiinnostavia esitelmi\u00e4 ja edist\u00e4m\u00e4\u00e4n hyv\u00e4\u00e4 omalla paikkakunnallamme. Tuemme<span class=\"Apple-converted-space\">\u00a0 <\/span>kansainv\u00e4lisen Rotaryj\u00e4rjest\u00f6n humanitaarisia projekteja, osallistumme nuorisovaihtoon ja edist\u00e4mme l\u00e4hiseudun hyvinvointia.\u00a0Hyv\u00e4ntekev\u00e4isyys ja avustustoiminta ovat Vanajaveden Rotaryklubin syd\u00e4menasioita.\u00a0 Viimeisimp\u00e4n\u00e4 palveluhankkeena klubin johdolla on rakennettu moderni aistihuone Saaristen koulun erityisoppilaille.\u00a0 Klubi on my\u00f6s aktiivisesti mukana Vanajaveden vesist\u00f6n suojeluty\u00f6ss\u00e4.<\/span><\/p>\n<p>Klubimme on perustettu 16.1.1959. Klubissamme on 45 j\u00e4sent\u00e4. Olemme osa piiri\u00e4 1390. <a href=\"https:\/\/piiri1390.rotary.fi\/\">(Piiri 1390).<\/a><\/p>\n<h4>Historiaa ja nykyp\u00e4iv\u00e4\u00e4<\/h4>\n<p>H\u00e4meenlinnan Rotaryklubin, joka oli perustettu 1939, aktiivisimpien j\u00e4sen joukko alkoi suunnitella toisen rotaryklubin perustamista 1950-luvulla. Ensimm\u00e4inen virallinen merkint\u00e4 ajatuksesta on 5.10.1958. H\u00e4meenlinnan Rotaryklubin silloinen presidentti Sulo Lonka otti yhteytt\u00e4 pankinjohtaja Armas Saartoon, mist\u00e4 seurasi useita neuvotteluja Kauppa- ja teollisuusklubilla. Edell\u00e4 mainittujen lis\u00e4ksi neuvotteluihin osallistuivat H\u00e4meenlinnan Rotaryklubista Urmas Sepp\u00e4 ja Jorma J\u00e4ntti sek\u00e4 Mauno Kasurinen. Kaikki h\u00e4meenlinnalaisille tuttuja nimi\u00e4.<\/p>\n<p>Perustamiskokous pidettiin Kauppa- ja teollisuusklubilla 15.12.1958 Siihen osallistuivat kuvern\u00f6\u00f6ri Adolf Mezger, H\u00e4meenlinnan klubin veljet Lonka, Sepp\u00e4, J\u00e4ntti ja Sahlberg sek\u00e4 21 uutta klubin perustajaa.<\/p>\n<p>Kuvern\u00f6\u00f6rin johdolla k\u00e4ydyss\u00e4 kokouksessa hyv\u00e4ksyttiin klubin s\u00e4\u00e4nn\u00f6t ja k\u00e4ytiin pitk\u00e4 keskustelu sek\u00e4 klubin nimest\u00e4 ett\u00e4 kokoontumispaikasta. Molempiin ehdotettiin Aulankoa mutta lopulta nimeksi hyv\u00e4ksyttiin Vanajaveden Rotaryklubi ja kokoontumispaikaksi\u00a0 torstaisin klo 12.00 EHO:n ravintola paitsi kes\u00e4kuukausia lukuun ottamatta joka kolmas torstai-ilta Kauppa- ja teollisuusklubilla. Iltakokouksista luovuttiin 1975. Mielenkiintoinen oli lis\u00e4ys, jossa m\u00e4\u00e4riteltiin klubin toiminta-alue siten, ett\u00e4 j\u00e4senist\u00f6n toimipaikan tulee sijaita Helsinki- Tampere- rautatien l\u00e4nsipuolella, Aulangon alueella tai l\u00e4hikunnissa. Vanajaveden Rotaryklubin ensimm\u00e4iseen johtokuntaan valittiin presidentiksi Armas Saarto, varapresidentiksi Pentti M\u00e4kinen, \u00a01. sihteeriksi Usko Kari-Koskinen, 2. sihteeriksi Mauno Kasurinen, rahastonhoitajaksi Kalevi Harjuvaara ja klubimestareiksi Matti Mukka ja Rafat Karatau.<\/p>\n<p>Ensimm\u00e4inen Klubikokous pidettiin 8.1.1959, jossa l\u00e4sn\u00e4 oli 19 ja poissa 9 velje\u00e4. Rotary International hyv\u00e4ksyi klubimme 16.1.1959.<\/p>\n<p>Syyskuussa 1959 esiteltiin taiteilija Timo Sarpanevan suunnittelema viiri, josta p\u00e4\u00e4tettiin kuitenkin pyyt\u00e4\u00e4 uusi ehdotus ja lopulta seuraavana vuonna p\u00e4\u00e4tettiin hankkia Tapio Wirkkalan suunnittelema viiri.<\/p>\n<p>J\u00e4senm\u00e4\u00e4r\u00e4 oli kaksi vuotta perustamisen j\u00e4lkeen 30 ja keski-ik\u00e4 43 vuotta. Vanajaveden\u00a0 klubin toiminnassa keskeisell\u00e4 sijalla ovat olleet ns. luokite- esitelm\u00e4t ja yritysvierailut perinteisen rotaryaatteen mukaisesti.<\/p>\n<p>Vanajaveden Rotaryklubi on niukoista varoistaan huolimatta osallistunut avustustoimintaan monin tavoin ja monella tavalla, viimeisimp\u00e4n\u00e4 Saaristen koulun aistihuoneprojekti yhteisty\u00f6ss\u00e4 muiden H\u00e4meenlinnan rotaryklubien kanssa. Nuorisovaihto ja vaihto-oppilastoiminta ovat olleet varsin n\u00e4kyv\u00e4\u00e4 ja palkitsevaa toimintaa.<\/p>\n<p>Vanajaveden klubi yritti sitke\u00e4sti pysy\u00e4 \u201dsinkkuklubina\u201d mutta padot murtuivat kaudella 2007-2008 ja t\u00e4ll\u00f6in hyv\u00e4ksyttiin yhdell\u00e4 kertaa 5 naisj\u00e4sent\u00e4. Klubin j\u00e4senm\u00e4\u00e4r\u00e4 on vaihdellut ollen suurimmillaan 78 ja on t\u00e4ll\u00e4 hetkell\u00e4 on 45, joista kunniaj\u00e4seni\u00e4 3 ja naisj\u00e4seni\u00e4 11.<\/p>\n<h4>Vaikuttava kansainv\u00e4linen verkosto<\/h4>\n<p>Rotary on Chicagossa 23.2.1905 perustettu kansainv\u00e4linen palvelu- ja hyv\u00e4ntekev\u00e4isyysorganisaatio. Rotary Internationalin kotipaikka on Evanston, USA:n osavaltiossa Illinoisissa. Tunnuslauseemme on Palvelu itsekkyyden edelle (Service Above Self).<\/p>\n<p>Rotaryyn kuuluu 1,2 miljoona j\u00e4sent\u00e4 35 000 klubissa yli 200 maassa. Rotary on merkitt\u00e4v\u00e4 kansainv\u00e4linen palvelu- ja hyv\u00e4ntekev\u00e4isyysj\u00e4rjest\u00f6. Suomi on jaettu kuuteen rotarypiiriin, joista yhteen kuuluvat my\u00f6s Viron klubit. Suomessa ja Virossa on yhteens\u00e4 300 klubia, joissa runsaat 10\u00a0000 rotaria.<\/p>\n<p>[\/et_pb_text][\/et_pb_column_inner][\/et_pb_row_inner][\/et_pb_column][et_pb_column type=&#8221;1_3&#8243; _builder_version=&#8221;4.16&#8243; custom_padding=&#8221;|||&#8221; global_colors_info=&#8221;{}&#8221; custom_padding__hover=&#8221;|||&#8221;][et_pb_sidebar area=&#8221;sidebar-1&#8243; module_class=&#8221;sivupalkki_sisalto&#8221; _builder_version=&#8221;4.16&#8243; locked=&#8221;on&#8221; global_colors_info=&#8221;{}&#8221;]<br \/>\n[\/et_pb_sidebar][\/et_pb_column][\/et_pb_section]<\/p>\n","protected":false},"excerpt":{"rendered":"<p>Keit\u00e4 olemme Keit\u00e4 olemme Vanajaveden Rotaryklubi on aktiivinen h\u00e4meenlinnalainen\u00a0rotaryklubi. Kokoonnumme kokoukseen joka toinen torstai joko p\u00e4iv\u00e4ll\u00e4 tai illalla Museo Militariaan tai tapahtumakalenterissa erikseen mainittuun paikkaan tapaamaan toisiamme, kuulemaan kiinnostavia esitelmi\u00e4 ja edist\u00e4m\u00e4\u00e4n hyv\u00e4\u00e4 omalla paikkakunnallamme. Tuemme\u00a0 kansainv\u00e4lisen Rotaryj\u00e4rjest\u00f6n humanitaarisia projekteja, osallistumme nuorisovaihtoon ja edist\u00e4mme l\u00e4hiseudun hyvinvointia.\u00a0Hyv\u00e4ntekev\u00e4isyys ja avustustoiminta ovat Vanajaveden Rotaryklubin syd\u00e4menasioita.\u00a0 Viimeisimp\u00e4n\u00e4 palveluhankkeena klubin [&hellip;]<\/p>\n","protected":false},"author":1,"featured_media":0,"parent":0,"menu_order":0,"comment_status":"closed","ping_status":"closed","template":"","meta":{"_acf_changed":false,"_et_pb_use_builder":"on","_et_pb_old_content":"","_et_gb_content_width":"","footnotes":""},"class_list":["post-129","page","type-page","status-publish","hentry"],"acf":[],"yoast_head":"<!-- This site is optimized with the Yoast SEO plugin v27.0 - https:\/\/yoast.com\/product\/yoast-seo-wordpress\/ -->\n<title>Keit\u00e4 olemme - Vanajaveden Rotaryklubi<\/title>\n<meta name=\"robots\" content=\"index, follow, max-snippet:-1, max-image-preview:large, max-video-preview:-1\" \/>\n<link rel=\"canonical\" href=\"https:\/\/rotary.fi\/vanajavesi\/keita-olemme\/\" \/>\n<meta property=\"og:locale\" content=\"fi_FI\" \/>\n<meta property=\"og:type\" content=\"article\" \/>\n<meta property=\"og:title\" content=\"Keit\u00e4 olemme - Vanajaveden Rotaryklubi\" \/>\n<meta property=\"og:description\" content=\"Keit\u00e4 olemme Keit\u00e4 olemme Vanajaveden Rotaryklubi on aktiivinen h\u00e4meenlinnalainen\u00a0rotaryklubi. Kokoonnumme kokoukseen joka toinen torstai joko p\u00e4iv\u00e4ll\u00e4 tai illalla Museo Militariaan tai tapahtumakalenterissa erikseen mainittuun paikkaan tapaamaan toisiamme, kuulemaan kiinnostavia esitelmi\u00e4 ja edist\u00e4m\u00e4\u00e4n hyv\u00e4\u00e4 omalla paikkakunnallamme. Tuemme\u00a0 kansainv\u00e4lisen Rotaryj\u00e4rjest\u00f6n humanitaarisia projekteja, osallistumme nuorisovaihtoon ja edist\u00e4mme l\u00e4hiseudun hyvinvointia.\u00a0Hyv\u00e4ntekev\u00e4isyys ja avustustoiminta ovat Vanajaveden Rotaryklubin syd\u00e4menasioita.\u00a0 Viimeisimp\u00e4n\u00e4 palveluhankkeena klubin [&hellip;]\" \/>\n<meta property=\"og:url\" content=\"https:\/\/rotary.fi\/vanajavesi\/keita-olemme\/\" \/>\n<meta property=\"og:site_name\" content=\"Vanajaveden Rotaryklubi\" \/>\n<meta property=\"article:modified_time\" content=\"2025-10-06T14:51:14+00:00\" \/>\n<meta name=\"twitter:card\" content=\"summary_large_image\" \/>\n<meta name=\"twitter:label1\" content=\"Arvioitu lukuaika\" \/>\n\t<meta name=\"twitter:data1\" content=\"4 minuuttia\" \/>\n<script type=\"application\/ld+json\" class=\"yoast-schema-graph\">{\"@context\":\"https:\/\/schema.org\",\"@graph\":[{\"@type\":\"WebPage\",\"@id\":\"https:\/\/rotary.fi\/vanajavesi\/keita-olemme\/\",\"url\":\"https:\/\/rotary.fi\/vanajavesi\/keita-olemme\/\",\"name\":\"Keit\u00e4 olemme - Vanajaveden Rotaryklubi\",\"isPartOf\":{\"@id\":\"https:\/\/rotary.fi\/vanajavesi\/#website\"},\"datePublished\":\"2018-08-10T10:41:39+00:00\",\"dateModified\":\"2025-10-06T14:51:14+00:00\",\"breadcrumb\":{\"@id\":\"https:\/\/rotary.fi\/vanajavesi\/keita-olemme\/#breadcrumb\"},\"inLanguage\":\"fi\",\"potentialAction\":[{\"@type\":\"ReadAction\",\"target\":[\"https:\/\/rotary.fi\/vanajavesi\/keita-olemme\/\"]}]},{\"@type\":\"BreadcrumbList\",\"@id\":\"https:\/\/rotary.fi\/vanajavesi\/keita-olemme\/#breadcrumb\",\"itemListElement\":[{\"@type\":\"ListItem\",\"position\":1,\"name\":\"Home\",\"item\":\"https:\/\/rotary.fi\/vanajavesi\/\"},{\"@type\":\"ListItem\",\"position\":2,\"name\":\"Keit\u00e4 olemme\"}]},{\"@type\":\"WebSite\",\"@id\":\"https:\/\/rotary.fi\/vanajavesi\/#website\",\"url\":\"https:\/\/rotary.fi\/vanajavesi\/\",\"name\":\"Vanajaveden Rotaryklubi\",\"description\":\"Uusi Rotary klubisivusto\",\"potentialAction\":[{\"@type\":\"SearchAction\",\"target\":{\"@type\":\"EntryPoint\",\"urlTemplate\":\"https:\/\/rotary.fi\/vanajavesi\/?s={search_term_string}\"},\"query-input\":{\"@type\":\"PropertyValueSpecification\",\"valueRequired\":true,\"valueName\":\"search_term_string\"}}],\"inLanguage\":\"fi\"}]}<\/script>\n<!-- \/ Yoast SEO plugin. -->","yoast_head_json":{"title":"Keit\u00e4 olemme - Vanajaveden Rotaryklubi","robots":{"index":"index","follow":"follow","max-snippet":"max-snippet:-1","max-image-preview":"max-image-preview:large","max-video-preview":"max-video-preview:-1"},"canonical":"https:\/\/rotary.fi\/vanajavesi\/keita-olemme\/","og_locale":"fi_FI","og_type":"article","og_title":"Keit\u00e4 olemme - Vanajaveden Rotaryklubi","og_description":"Keit\u00e4 olemme Keit\u00e4 olemme Vanajaveden Rotaryklubi on aktiivinen h\u00e4meenlinnalainen\u00a0rotaryklubi. Kokoonnumme kokoukseen joka toinen torstai joko p\u00e4iv\u00e4ll\u00e4 tai illalla Museo Militariaan tai tapahtumakalenterissa erikseen mainittuun paikkaan tapaamaan toisiamme, kuulemaan kiinnostavia esitelmi\u00e4 ja edist\u00e4m\u00e4\u00e4n hyv\u00e4\u00e4 omalla paikkakunnallamme. Tuemme\u00a0 kansainv\u00e4lisen Rotaryj\u00e4rjest\u00f6n humanitaarisia projekteja, osallistumme nuorisovaihtoon ja edist\u00e4mme l\u00e4hiseudun hyvinvointia.\u00a0Hyv\u00e4ntekev\u00e4isyys ja avustustoiminta ovat Vanajaveden Rotaryklubin syd\u00e4menasioita.\u00a0 Viimeisimp\u00e4n\u00e4 palveluhankkeena klubin [&hellip;]","og_url":"https:\/\/rotary.fi\/vanajavesi\/keita-olemme\/","og_site_name":"Vanajaveden Rotaryklubi","article_modified_time":"2025-10-06T14:51:14+00:00","twitter_card":"summary_large_image","twitter_misc":{"Arvioitu lukuaika":"4 minuuttia"},"schema":{"@context":"https:\/\/schema.org","@graph":[{"@type":"WebPage","@id":"https:\/\/rotary.fi\/vanajavesi\/keita-olemme\/","url":"https:\/\/rotary.fi\/vanajavesi\/keita-olemme\/","name":"Keit\u00e4 olemme - Vanajaveden Rotaryklubi","isPartOf":{"@id":"https:\/\/rotary.fi\/vanajavesi\/#website"},"datePublished":"2018-08-10T10:41:39+00:00","dateModified":"2025-10-06T14:51:14+00:00","breadcrumb":{"@id":"https:\/\/rotary.fi\/vanajavesi\/keita-olemme\/#breadcrumb"},"inLanguage":"fi","potentialAction":[{"@type":"ReadAction","target":["https:\/\/rotary.fi\/vanajavesi\/keita-olemme\/"]}]},{"@type":"BreadcrumbList","@id":"https:\/\/rotary.fi\/vanajavesi\/keita-olemme\/#breadcrumb","itemListElement":[{"@type":"ListItem","position":1,"name":"Home","item":"https:\/\/rotary.fi\/vanajavesi\/"},{"@type":"ListItem","position":2,"name":"Keit\u00e4 olemme"}]},{"@type":"WebSite","@id":"https:\/\/rotary.fi\/vanajavesi\/#website","url":"https:\/\/rotary.fi\/vanajavesi\/","name":"Vanajaveden Rotaryklubi","description":"Uusi Rotary klubisivusto","potentialAction":[{"@type":"SearchAction","target":{"@type":"EntryPoint","urlTemplate":"https:\/\/rotary.fi\/vanajavesi\/?s={search_term_string}"},"query-input":{"@type":"PropertyValueSpecification","valueRequired":true,"valueName":"search_term_string"}}],"inLanguage":"fi"}]}},"lang":"fi","translations":{"fi":129},"pll_sync_post":[],"_links":{"self":[{"href":"https:\/\/rotary.fi\/vanajavesi\/wp-json\/wp\/v2\/pages\/129","targetHints":{"allow":["GET"]}}],"collection":[{"href":"https:\/\/rotary.fi\/vanajavesi\/wp-json\/wp\/v2\/pages"}],"about":[{"href":"https:\/\/rotary.fi\/vanajavesi\/wp-json\/wp\/v2\/types\/page"}],"author":[{"embeddable":true,"href":"https:\/\/rotary.fi\/vanajavesi\/wp-json\/wp\/v2\/users\/1"}],"replies":[{"embeddable":true,"href":"https:\/\/rotary.fi\/vanajavesi\/wp-json\/wp\/v2\/comments?post=129"}],"version-history":[{"count":11,"href":"https:\/\/rotary.fi\/vanajavesi\/wp-json\/wp\/v2\/pages\/129\/revisions"}],"predecessor-version":[{"id":2407,"href":"https:\/\/rotary.fi\/vanajavesi\/wp-json\/wp\/v2\/pages\/129\/revisions\/2407"}],"wp:attachment":[{"href":"https:\/\/rotary.fi\/vanajavesi\/wp-json\/wp\/v2\/media?parent=129"}],"curies":[{"name":"wp","href":"https:\/\/api.w.org\/{rel}","templated":true}]}}