{"id":129,"date":"2018-08-10T13:41:39","date_gmt":"2018-08-10T10:41:39","guid":{"rendered":"https:\/\/rotary.fi\/klubi2\/?page_id=129"},"modified":"2024-11-25T16:55:18","modified_gmt":"2024-11-25T14:55:18","slug":"keita-olemme","status":"publish","type":"page","link":"https:\/\/rotary.fi\/vammala\/keita-olemme\/","title":{"rendered":"Keit\u00e4 olemme"},"content":{"rendered":"<p>[et_pb_section fb_built=&#8221;1&#8243; module_class=&#8221;jumbotron-page&#8221; _builder_version=&#8221;4.27.0&#8243; background_image=&#8221;https:\/\/rotary.fi\/vammala\/wp-content\/uploads\/sites\/260\/2024\/11\/ha0a7847-2.jpg&#8221; hover_enabled=&#8221;0&#8243; collapsed=&#8221;off&#8221; global_colors_info=&#8221;{}&#8221; title_text=&#8221;HA0A7847&#8243; sticky_enabled=&#8221;0&#8243;][et_pb_row _builder_version=&#8221;4.16&#8243; background_size=&#8221;initial&#8221; background_position=&#8221;top_left&#8221; background_repeat=&#8221;repeat&#8221; global_colors_info=&#8221;{}&#8221;][et_pb_column type=&#8221;4_4&#8243; _builder_version=&#8221;4.16&#8243; custom_padding=&#8221;|||&#8221; global_colors_info=&#8221;{}&#8221; custom_padding__hover=&#8221;|||&#8221;][et_pb_text admin_label=&#8221;P\u00e4\u00e4otsikko&#8221; _builder_version=&#8221;4.16&#8243; text_orientation=&#8221;center&#8221; background_layout=&#8221;dark&#8221; global_colors_info=&#8221;{}&#8221;]<\/p>\n<h1>Keit\u00e4 olemme<\/h1>\n<p>[\/et_pb_text][\/et_pb_column][\/et_pb_row][\/et_pb_section][et_pb_section fb_built=&#8221;1&#8243; specialty=&#8221;on&#8221; module_class_2=&#8221;sivupalkki&#8221; _builder_version=&#8221;4.27.0&#8243; link_option_url=&#8221;https:\/\/rotary.fi\/d1410\/rotary-vuositeema\/&#8221; link_option_url_new_window=&#8221;on&#8221; global_colors_info=&#8221;{}&#8221;][et_pb_column type=&#8221;2_3&#8243; specialty_columns=&#8221;2&#8243; _builder_version=&#8221;4.16&#8243; custom_padding=&#8221;|||&#8221; global_colors_info=&#8221;{}&#8221; custom_padding__hover=&#8221;|||&#8221;][et_pb_row_inner admin_label=&#8221;Rivi&#8221; _builder_version=&#8221;4.16&#8243; custom_margin=&#8221;|||-5px||&#8221; global_colors_info=&#8221;{}&#8221;][et_pb_column_inner saved_specialty_column_type=&#8221;2_3&#8243; _builder_version=&#8221;4.16&#8243; custom_padding=&#8221;|||&#8221; global_colors_info=&#8221;{}&#8221; custom_padding__hover=&#8221;|||&#8221;][et_pb_text admin_label=&#8221;Otsikko&#8221; _builder_version=&#8221;4.16&#8243; text_orientation=&#8221;center&#8221; global_colors_info=&#8221;{}&#8221;]<\/p>\n<h1>Keit\u00e4 olemme<\/h1>\n<p>[\/et_pb_text][et_pb_text _builder_version=&#8221;4.16&#8243; custom_padding=&#8221;29px|||0px||&#8221; global_colors_info=&#8221;{}&#8221;]<\/p>\n<p>\u00a0Vammalan Rotaryklubi toimii Sastamalan Vammalassa ja se on osa piiri\u00e4 1410. Kaksikielinen rotarypiirimme kattaa Ahvenanmaan ja Varsinais-Suomen sek\u00e4 osia Satakunnasta ja Etel\u00e4-H\u00e4meest\u00e4.<\/p>\n<p>Kokoonnumme s\u00e4\u00e4nn\u00f6llisesti tapaamaan toisiamme, kuulemaan kiinnostavia esitelmi\u00e4 ja k\u00e4ymme my\u00f6s vierailemassa erilaisissa kohteissa. Tuemme kotimaisen ja kansainv\u00e4lisen Rotaryn humanitaarisia projekteja, osallistumme nuorisovaihtoon ja edist\u00e4mme l\u00e4hiseudun hyvinvointia nuorisostipendein ja tukemalla vanhusten hyvinvointia.<\/p>\n<p><em><span style=\"color: #0050a2\">Rotarien, my\u00f6s oman klubimme, yksi vaikuttavimmista toiminnoista on kansainv\u00e4linen nuorisovaihto. <\/span><\/em>Vuosittain yli 8000:lle nuorelle maailmassa tarjoutuu mahdollisuus tutustua rotaryj\u00e4rjest\u00f6n v\u00e4lityksell\u00e4 vieraaseen kulttuuriin muutaman viikon, kuukauden tai kokonaisen kouluvuoden ajan vuosivaihdon, kes\u00e4vaihdon tai kes\u00e4leirien muodossa.<\/p>\n<p>Pid\u00e4mme arvossa kansainv\u00e4lisen Rotary Internationalin ponnisteluja ja j\u00e4rjest\u00f6n arvokasta ty\u00f6t\u00e4 muun muassa polion h\u00e4vitt\u00e4miseksi maapallolta. Pelk\u00e4st\u00e4\u00e4n t\u00e4h\u00e4n ty\u00f6h\u00f6n Rotary on suunnannut runsaasti vapaaehtoisvoimaa sek\u00e4 yli 1,2 miljardia US-dollaria.<\/p>\n<p>&nbsp;<\/p>\n<h3>Mik\u00e4 on Rotary?<\/h3>\n<p><span>Kansainv\u00e4linen rotaryj\u00e4rjest\u00f6 perustettiin Chicagossa Yhdysvalloissa 23. helmikuuta 1905.Rotary Internationalin kotipaikka on Evanston, USA:n osavaltiossa Illinoisissa. <\/span><\/p>\n<p><span>Suomen ensimm\u00e4inen rotaryklubi perustettiin Helsinkiin 1927 ja\u00a0<\/span><span style=\"color: #0050a2\"><em>Vammalaan rotaryliike rantautui vuonna 1950 kun klubin perustamisasiakirja allekirjoitettiin 24.1.1950.<\/em><\/span><\/p>\n<p>Maailmanlaajuiseen Rotaryyn kuuluu kaikkiaan n. 540 piiri\u00e4, joissa toimii 1.2 miljoonaa rotarya. Suomen viidess\u00e4 piiriss\u00e4 on l\u00e4hes 9 000 j\u00e4sent\u00e4.<span style=\"color: #0050a2\"><strong><\/strong><\/span><\/p>\n<p>Vammalan Rotaryklubi on osa piiri\u00e4 1410. Kaksikielinen rotarypiirimme kattaa Ahvenanmaan ja Varsinais-Suomen sek\u00e4 osia Satakunnasta ja Etel\u00e4-H\u00e4meest\u00e4. Se jakautuu kymmeneen alueeseen, joiden l\u00e4hes 60 klubilla on noin 1900 j\u00e4sent\u00e4.\u00a0<\/p>\n<h4>Toiminnan ihmisten maailmanlaajuinen verkosto\u00a0<\/h4>\n<p>Rotary on ep\u00e4uskonnollinen ja ep\u00e4poliittinen, maailman tehokkaimmin toimiva hyv\u00e4ntekev\u00e4isyysj\u00e4rjest\u00f6. Ainutlaatuinen kansallinen ja kansainv\u00e4linen yhteis\u00f6 ja hankerahoitus ovat parasta mit\u00e4 rotaryliikkeell\u00e4 on jokaiselle j\u00e4senelleen tarjota.<\/p>\n<p>Klubi ja yksitt\u00e4iset rotarit ovat Rotaryn t\u00e4rkeimm\u00e4t perusyksik\u00f6t. Rotary kokoaa yhteen yhteiskunnallisia vaikuttajia ja alansa asiantuntijoita kaikista kulttuureista ja ammateista. Jos haluat verkostoitua ja k\u00e4ytt\u00e4\u00e4 osaamistasi hyv\u00e4n tekemiseen niin paikkakunnallasi kuin maailmalla, Rotary on sinua varten.<\/p>\n<h4>Rotaryn visio<\/h4>\n<p>Yhdess\u00e4 n\u00e4emme maailman, jossa ihmiset liittyv\u00e4t yhteen ja tarttuvat toimeen kest\u00e4v\u00e4n muutoksen luomiseksi \u2013 kaikkialla maailmassa, yhteis\u00f6iss\u00e4\u00e4n ja itsess\u00e4\u00e4n.<\/p>\n<h4>Rotaryn ideologia<\/h4>\n<p>Rotary on palveluj\u00e4rjest\u00f6, jonka tunnuslause on: Palvelu itsekkyyden edelle (Service above self).<\/p>\n<p>[\/et_pb_text][\/et_pb_column_inner][\/et_pb_row_inner][\/et_pb_column][et_pb_column type=&#8221;1_3&#8243; _builder_version=&#8221;4.16&#8243; custom_padding=&#8221;|||&#8221; global_colors_info=&#8221;{}&#8221; custom_padding__hover=&#8221;|||&#8221;][et_pb_sidebar area=&#8221;sidebar-1&#8243; module_class=&#8221;sivupalkki_sisalto&#8221; _builder_version=&#8221;4.16&#8243; locked=&#8221;on&#8221; global_colors_info=&#8221;{}&#8221;]<\/p>\n<p>[\/et_pb_sidebar][\/et_pb_column][\/et_pb_section]<\/p>\n","protected":false},"excerpt":{"rendered":"<p>Keit\u00e4 olemme Keit\u00e4 olemme \u00a0Vammalan Rotaryklubi toimii Sastamalan Vammalassa ja se on osa piiri\u00e4 1410. Kaksikielinen rotarypiirimme kattaa Ahvenanmaan ja Varsinais-Suomen sek\u00e4 osia Satakunnasta ja Etel\u00e4-H\u00e4meest\u00e4. Kokoonnumme s\u00e4\u00e4nn\u00f6llisesti tapaamaan toisiamme, kuulemaan kiinnostavia esitelmi\u00e4 ja k\u00e4ymme my\u00f6s vierailemassa erilaisissa kohteissa. Tuemme kotimaisen ja kansainv\u00e4lisen Rotaryn humanitaarisia projekteja, osallistumme nuorisovaihtoon ja edist\u00e4mme l\u00e4hiseudun hyvinvointia nuorisostipendein ja tukemalla [&hellip;]<\/p>\n","protected":false},"author":1,"featured_media":0,"parent":0,"menu_order":0,"comment_status":"closed","ping_status":"closed","template":"","meta":{"_acf_changed":false,"_et_pb_use_builder":"on","_et_pb_old_content":"","_et_gb_content_width":"","footnotes":""},"class_list":["post-129","page","type-page","status-publish","hentry"],"acf":[],"yoast_head":"<!-- This site is optimized with the Yoast SEO plugin v27.0 - https:\/\/yoast.com\/product\/yoast-seo-wordpress\/ -->\n<title>Keit\u00e4 olemme - Vammalan Rotaryklubi ry<\/title>\n<meta name=\"robots\" content=\"index, follow, max-snippet:-1, max-image-preview:large, max-video-preview:-1\" \/>\n<link rel=\"canonical\" href=\"https:\/\/rotary.fi\/vammala\/keita-olemme\/\" \/>\n<meta property=\"og:locale\" content=\"fi_FI\" \/>\n<meta property=\"og:type\" content=\"article\" \/>\n<meta property=\"og:title\" content=\"Keit\u00e4 olemme - Vammalan Rotaryklubi ry\" \/>\n<meta property=\"og:description\" content=\"Keit\u00e4 olemme Keit\u00e4 olemme \u00a0Vammalan Rotaryklubi toimii Sastamalan Vammalassa ja se on osa piiri\u00e4 1410. Kaksikielinen rotarypiirimme kattaa Ahvenanmaan ja Varsinais-Suomen sek\u00e4 osia Satakunnasta ja Etel\u00e4-H\u00e4meest\u00e4. Kokoonnumme s\u00e4\u00e4nn\u00f6llisesti tapaamaan toisiamme, kuulemaan kiinnostavia esitelmi\u00e4 ja k\u00e4ymme my\u00f6s vierailemassa erilaisissa kohteissa. Tuemme kotimaisen ja kansainv\u00e4lisen Rotaryn humanitaarisia projekteja, osallistumme nuorisovaihtoon ja edist\u00e4mme l\u00e4hiseudun hyvinvointia nuorisostipendein ja tukemalla [&hellip;]\" \/>\n<meta property=\"og:url\" content=\"https:\/\/rotary.fi\/vammala\/keita-olemme\/\" \/>\n<meta property=\"og:site_name\" content=\"Vammalan Rotaryklubi ry\" \/>\n<meta property=\"article:modified_time\" content=\"2024-11-25T14:55:18+00:00\" \/>\n<meta name=\"twitter:card\" content=\"summary_large_image\" \/>\n<meta name=\"twitter:label1\" content=\"Arvioitu lukuaika\" \/>\n\t<meta name=\"twitter:data1\" content=\"3 minuuttia\" \/>\n<script type=\"application\/ld+json\" class=\"yoast-schema-graph\">{\"@context\":\"https:\/\/schema.org\",\"@graph\":[{\"@type\":\"WebPage\",\"@id\":\"https:\/\/rotary.fi\/vammala\/keita-olemme\/\",\"url\":\"https:\/\/rotary.fi\/vammala\/keita-olemme\/\",\"name\":\"Keit\u00e4 olemme - Vammalan Rotaryklubi ry\",\"isPartOf\":{\"@id\":\"https:\/\/rotary.fi\/vammala\/#website\"},\"datePublished\":\"2018-08-10T10:41:39+00:00\",\"dateModified\":\"2024-11-25T14:55:18+00:00\",\"breadcrumb\":{\"@id\":\"https:\/\/rotary.fi\/vammala\/keita-olemme\/#breadcrumb\"},\"inLanguage\":\"fi\",\"potentialAction\":[{\"@type\":\"ReadAction\",\"target\":[\"https:\/\/rotary.fi\/vammala\/keita-olemme\/\"]}]},{\"@type\":\"BreadcrumbList\",\"@id\":\"https:\/\/rotary.fi\/vammala\/keita-olemme\/#breadcrumb\",\"itemListElement\":[{\"@type\":\"ListItem\",\"position\":1,\"name\":\"Home\",\"item\":\"https:\/\/rotary.fi\/vammala\/\"},{\"@type\":\"ListItem\",\"position\":2,\"name\":\"Keit\u00e4 olemme\"}]},{\"@type\":\"WebSite\",\"@id\":\"https:\/\/rotary.fi\/vammala\/#website\",\"url\":\"https:\/\/rotary.fi\/vammala\/\",\"name\":\"Vammalan Rotaryklubi ry\",\"description\":\"Uusi Rotary klubisivusto\",\"potentialAction\":[{\"@type\":\"SearchAction\",\"target\":{\"@type\":\"EntryPoint\",\"urlTemplate\":\"https:\/\/rotary.fi\/vammala\/?s={search_term_string}\"},\"query-input\":{\"@type\":\"PropertyValueSpecification\",\"valueRequired\":true,\"valueName\":\"search_term_string\"}}],\"inLanguage\":\"fi\"}]}<\/script>\n<!-- \/ Yoast SEO plugin. -->","yoast_head_json":{"title":"Keit\u00e4 olemme - Vammalan Rotaryklubi ry","robots":{"index":"index","follow":"follow","max-snippet":"max-snippet:-1","max-image-preview":"max-image-preview:large","max-video-preview":"max-video-preview:-1"},"canonical":"https:\/\/rotary.fi\/vammala\/keita-olemme\/","og_locale":"fi_FI","og_type":"article","og_title":"Keit\u00e4 olemme - Vammalan Rotaryklubi ry","og_description":"Keit\u00e4 olemme Keit\u00e4 olemme \u00a0Vammalan Rotaryklubi toimii Sastamalan Vammalassa ja se on osa piiri\u00e4 1410. Kaksikielinen rotarypiirimme kattaa Ahvenanmaan ja Varsinais-Suomen sek\u00e4 osia Satakunnasta ja Etel\u00e4-H\u00e4meest\u00e4. Kokoonnumme s\u00e4\u00e4nn\u00f6llisesti tapaamaan toisiamme, kuulemaan kiinnostavia esitelmi\u00e4 ja k\u00e4ymme my\u00f6s vierailemassa erilaisissa kohteissa. Tuemme kotimaisen ja kansainv\u00e4lisen Rotaryn humanitaarisia projekteja, osallistumme nuorisovaihtoon ja edist\u00e4mme l\u00e4hiseudun hyvinvointia nuorisostipendein ja tukemalla [&hellip;]","og_url":"https:\/\/rotary.fi\/vammala\/keita-olemme\/","og_site_name":"Vammalan Rotaryklubi ry","article_modified_time":"2024-11-25T14:55:18+00:00","twitter_card":"summary_large_image","twitter_misc":{"Arvioitu lukuaika":"3 minuuttia"},"schema":{"@context":"https:\/\/schema.org","@graph":[{"@type":"WebPage","@id":"https:\/\/rotary.fi\/vammala\/keita-olemme\/","url":"https:\/\/rotary.fi\/vammala\/keita-olemme\/","name":"Keit\u00e4 olemme - Vammalan Rotaryklubi ry","isPartOf":{"@id":"https:\/\/rotary.fi\/vammala\/#website"},"datePublished":"2018-08-10T10:41:39+00:00","dateModified":"2024-11-25T14:55:18+00:00","breadcrumb":{"@id":"https:\/\/rotary.fi\/vammala\/keita-olemme\/#breadcrumb"},"inLanguage":"fi","potentialAction":[{"@type":"ReadAction","target":["https:\/\/rotary.fi\/vammala\/keita-olemme\/"]}]},{"@type":"BreadcrumbList","@id":"https:\/\/rotary.fi\/vammala\/keita-olemme\/#breadcrumb","itemListElement":[{"@type":"ListItem","position":1,"name":"Home","item":"https:\/\/rotary.fi\/vammala\/"},{"@type":"ListItem","position":2,"name":"Keit\u00e4 olemme"}]},{"@type":"WebSite","@id":"https:\/\/rotary.fi\/vammala\/#website","url":"https:\/\/rotary.fi\/vammala\/","name":"Vammalan Rotaryklubi ry","description":"Uusi Rotary klubisivusto","potentialAction":[{"@type":"SearchAction","target":{"@type":"EntryPoint","urlTemplate":"https:\/\/rotary.fi\/vammala\/?s={search_term_string}"},"query-input":{"@type":"PropertyValueSpecification","valueRequired":true,"valueName":"search_term_string"}}],"inLanguage":"fi"}]}},"lang":"fi","translations":{"fi":129},"pll_sync_post":[],"_links":{"self":[{"href":"https:\/\/rotary.fi\/vammala\/wp-json\/wp\/v2\/pages\/129","targetHints":{"allow":["GET"]}}],"collection":[{"href":"https:\/\/rotary.fi\/vammala\/wp-json\/wp\/v2\/pages"}],"about":[{"href":"https:\/\/rotary.fi\/vammala\/wp-json\/wp\/v2\/types\/page"}],"author":[{"embeddable":true,"href":"https:\/\/rotary.fi\/vammala\/wp-json\/wp\/v2\/users\/1"}],"replies":[{"embeddable":true,"href":"https:\/\/rotary.fi\/vammala\/wp-json\/wp\/v2\/comments?post=129"}],"version-history":[{"count":11,"href":"https:\/\/rotary.fi\/vammala\/wp-json\/wp\/v2\/pages\/129\/revisions"}],"predecessor-version":[{"id":1721,"href":"https:\/\/rotary.fi\/vammala\/wp-json\/wp\/v2\/pages\/129\/revisions\/1721"}],"wp:attachment":[{"href":"https:\/\/rotary.fi\/vammala\/wp-json\/wp\/v2\/media?parent=129"}],"curies":[{"name":"wp","href":"https:\/\/api.w.org\/{rel}","templated":true}]}}