{"id":77,"date":"2018-08-09T14:01:56","date_gmt":"2018-08-09T11:01:56","guid":{"rendered":"https:\/\/rotary.fi\/klubi2\/?page_id=77"},"modified":"2019-12-30T16:50:05","modified_gmt":"2019-12-30T14:50:05","slug":"mita-teemme","status":"publish","type":"page","link":"https:\/\/rotary.fi\/valkeakoskitohka\/mita-teemme\/","title":{"rendered":"Mit\u00e4 teemme"},"content":{"rendered":"<p>[et_pb_section fb_built=&#8221;1&#8243; module_class=&#8221;jumbotron-page&#8221; _builder_version=&#8221;4.0.8&#8243; background_image=&#8221;https:\/\/rotary.fi\/valkeakoskitohka\/wp-content\/uploads\/sites\/123\/2019\/12\/paloasemalla-kevyempi.jpg&#8221;][et_pb_row _builder_version=&#8221;3.25&#8243; background_size=&#8221;initial&#8221; background_position=&#8221;top_left&#8221; background_repeat=&#8221;repeat&#8221;][et_pb_column type=&#8221;4_4&#8243; _builder_version=&#8221;3.25&#8243; custom_padding=&#8221;|||&#8221; custom_padding__hover=&#8221;|||&#8221;][et_pb_text admin_label=&#8221;P\u00e4\u00e4otsikko&#8221; _builder_version=&#8221;3.27.4&#8243; text_orientation=&#8221;center&#8221; background_layout=&#8221;dark&#8221;]<\/p>\n<h1>Mit\u00e4 teemme<\/h1>\n<p>[\/et_pb_text][\/et_pb_column][\/et_pb_row][\/et_pb_section][et_pb_section fb_built=&#8221;1&#8243; specialty=&#8221;on&#8221; module_class_2=&#8221;sivupalkki&#8221; _builder_version=&#8221;3.22&#8243;][et_pb_column type=&#8221;2_3&#8243; specialty_columns=&#8221;2&#8243; _builder_version=&#8221;3.25&#8243; custom_padding=&#8221;|||&#8221; custom_padding__hover=&#8221;|||&#8221;][et_pb_row_inner admin_label=&#8221;Rivi&#8221; _builder_version=&#8221;3.25&#8243;][et_pb_column_inner saved_specialty_column_type=&#8221;2_3&#8243; _builder_version=&#8221;3.25&#8243; custom_padding=&#8221;|||&#8221; custom_padding__hover=&#8221;|||&#8221;][et_pb_text admin_label=&#8221;Otsikko&#8221; _builder_version=&#8221;3.27.4&#8243; text_orientation=&#8221;center&#8221;]<\/p>\n<h1>Mit\u00e4 teemme<\/h1>\n<p>[\/et_pb_text][et_pb_text _builder_version=&#8221;4.0.8&#8243; hover_enabled=&#8221;0&#8243;]<\/p>\n<p>Rotaryklubimme kokoontuu joka perjantai viikkokokoukseen juhlapyhi\u00e4 ja hein\u00e4kuuta lukuunottamatta. Viikkokokouksissa saamme kuulla mielenkiintoisia <a href=\"https:\/\/rotary.fi\/valkeakoskitohka\/ajankohtaista\/tapahtumakalenteri\/\">esitelmi\u00e4<\/a>, joko rotarien itsens\u00e4 tai heid\u00e4n kutsumiensa vieraiden pit\u00e4min\u00e4. Viikkokokouksissa rotarit sivistyv\u00e4t ja verkostuivat. Viikkokokouksien lis\u00e4ksi kokoonnumme kaksi kertaa vuodesta klubineuvotteluun, jossa suunnittelemme toimintaa. Teemme retki\u00e4 &#8211; \u00e4skett\u00e4in muun muassa eduskuntaan ja H\u00e4meen kivikirkkoihin &#8211; ja kolmesti vuodessa juhlimme yhdess\u00e4.<\/p>\n<p>Yhdess\u00e4olon lis\u00e4ksi palvelemme eli toimimme hyv\u00e4n edist\u00e4miseksi rotaryliikkeen periaatteiden mukaisesti. Toteutamme omia palveluprojekteja sek\u00e4 tuemme kansainv\u00e4lisi\u00e4 humanitaarisia projekteja koordinoivaa Rotarys\u00e4\u00e4ti\u00f6t\u00e4. Haluamme rotareina vaikuttaa ajankohtaisiin haasteisiin ja tarttua toimeen muutosten aikaansaamiseksi \u2013 ymp\u00e4ri maapalloa, yhteis\u00f6iss\u00e4mme ja itsess\u00e4mme.<\/p>\n<p>Rotarit kouluttavat j\u00e4seni\u00e4\u00e4n eri teht\u00e4viss\u00e4 toimimisen kautta ja kehitt\u00e4v\u00e4t heid\u00e4n eettist\u00e4 johtajuuttaan. Rotarien monissa kansainv\u00e4lisiss\u00e4 harrastusryhmiss\u00e4 voi verkostoitua oman harrastuksen jakavien kanssa.<\/p>\n<p>Kuuluisia rotareita l\u00f6yd\u00e4t esimerkiksi <a href=\"http:\/\/www.charlotterotary.org\/400famousrotarians.html\">t\u00e4\u00e4lt\u00e4<\/a>.<\/p>\n<p>&nbsp;<\/p>\n<p>&nbsp;<\/p>\n<p>[\/et_pb_text][\/et_pb_column_inner][\/et_pb_row_inner][\/et_pb_column][et_pb_column type=&#8221;1_3&#8243; _builder_version=&#8221;3.25&#8243; custom_padding=&#8221;|||&#8221; custom_padding__hover=&#8221;|||&#8221;][et_pb_sidebar area=&#8221;sidebar-1&#8243; module_class=&#8221;sivupalkki_sisalto&#8221; _builder_version=&#8221;3.4.1&#8243; locked=&#8221;on&#8221;][\/et_pb_sidebar][\/et_pb_column][\/et_pb_section]<\/p>\n","protected":false},"excerpt":{"rendered":"<p>Mit\u00e4 teemme Mit\u00e4 teemme Rotaryklubimme kokoontuu joka perjantai viikkokokoukseen juhlapyhi\u00e4 ja hein\u00e4kuuta lukuunottamatta. Viikkokokouksissa saamme kuulla mielenkiintoisia esitelmi\u00e4, joko rotarien itsens\u00e4 tai heid\u00e4n kutsumiensa vieraiden pit\u00e4min\u00e4. Viikkokokouksissa rotarit sivistyv\u00e4t ja verkostuivat. Viikkokokouksien lis\u00e4ksi kokoonnumme kaksi kertaa vuodesta klubineuvotteluun, jossa suunnittelemme toimintaa. Teemme retki\u00e4 &#8211; \u00e4skett\u00e4in muun muassa eduskuntaan ja H\u00e4meen kivikirkkoihin &#8211; ja kolmesti vuodessa [&hellip;]<\/p>\n","protected":false},"author":1,"featured_media":0,"parent":0,"menu_order":0,"comment_status":"closed","ping_status":"closed","template":"","meta":{"_acf_changed":false,"_et_pb_use_builder":"on","_et_pb_old_content":"","_et_gb_content_width":"","footnotes":""},"class_list":["post-77","page","type-page","status-publish","hentry"],"acf":[],"yoast_head":"<!-- This site is optimized with the Yoast SEO plugin v27.0 - https:\/\/yoast.com\/product\/yoast-seo-wordpress\/ -->\n<title>Mit\u00e4 teemme - Valkeakoski-Tohka<\/title>\n<meta name=\"robots\" content=\"index, follow, max-snippet:-1, max-image-preview:large, max-video-preview:-1\" \/>\n<link rel=\"canonical\" href=\"https:\/\/rotary.fi\/valkeakoskitohka\/mita-teemme\/\" \/>\n<meta property=\"og:locale\" content=\"fi_FI\" \/>\n<meta property=\"og:type\" content=\"article\" \/>\n<meta property=\"og:title\" content=\"Mit\u00e4 teemme - Valkeakoski-Tohka\" \/>\n<meta property=\"og:description\" content=\"Mit\u00e4 teemme Mit\u00e4 teemme Rotaryklubimme kokoontuu joka perjantai viikkokokoukseen juhlapyhi\u00e4 ja hein\u00e4kuuta lukuunottamatta. Viikkokokouksissa saamme kuulla mielenkiintoisia esitelmi\u00e4, joko rotarien itsens\u00e4 tai heid\u00e4n kutsumiensa vieraiden pit\u00e4min\u00e4. Viikkokokouksissa rotarit sivistyv\u00e4t ja verkostuivat. Viikkokokouksien lis\u00e4ksi kokoonnumme kaksi kertaa vuodesta klubineuvotteluun, jossa suunnittelemme toimintaa. Teemme retki\u00e4 - \u00e4skett\u00e4in muun muassa eduskuntaan ja H\u00e4meen kivikirkkoihin - ja kolmesti vuodessa [&hellip;]\" \/>\n<meta property=\"og:url\" content=\"https:\/\/rotary.fi\/valkeakoskitohka\/mita-teemme\/\" \/>\n<meta property=\"og:site_name\" content=\"Valkeakoski-Tohka\" \/>\n<meta property=\"article:modified_time\" content=\"2019-12-30T14:50:05+00:00\" \/>\n<meta name=\"twitter:card\" content=\"summary_large_image\" \/>\n<meta name=\"twitter:label1\" content=\"Arvioitu lukuaika\" \/>\n\t<meta name=\"twitter:data1\" content=\"2 minuuttia\" \/>\n<script type=\"application\/ld+json\" class=\"yoast-schema-graph\">{\"@context\":\"https:\/\/schema.org\",\"@graph\":[{\"@type\":\"WebPage\",\"@id\":\"https:\/\/rotary.fi\/valkeakoskitohka\/mita-teemme\/\",\"url\":\"https:\/\/rotary.fi\/valkeakoskitohka\/mita-teemme\/\",\"name\":\"Mit\u00e4 teemme - Valkeakoski-Tohka\",\"isPartOf\":{\"@id\":\"https:\/\/rotary.fi\/valkeakoskitohka\/#website\"},\"datePublished\":\"2018-08-09T11:01:56+00:00\",\"dateModified\":\"2019-12-30T14:50:05+00:00\",\"breadcrumb\":{\"@id\":\"https:\/\/rotary.fi\/valkeakoskitohka\/mita-teemme\/#breadcrumb\"},\"inLanguage\":\"fi\",\"potentialAction\":[{\"@type\":\"ReadAction\",\"target\":[\"https:\/\/rotary.fi\/valkeakoskitohka\/mita-teemme\/\"]}]},{\"@type\":\"BreadcrumbList\",\"@id\":\"https:\/\/rotary.fi\/valkeakoskitohka\/mita-teemme\/#breadcrumb\",\"itemListElement\":[{\"@type\":\"ListItem\",\"position\":1,\"name\":\"Home\",\"item\":\"https:\/\/rotary.fi\/valkeakoskitohka\/\"},{\"@type\":\"ListItem\",\"position\":2,\"name\":\"Mit\u00e4 teemme\"}]},{\"@type\":\"WebSite\",\"@id\":\"https:\/\/rotary.fi\/valkeakoskitohka\/#website\",\"url\":\"https:\/\/rotary.fi\/valkeakoskitohka\/\",\"name\":\"Valkeakoski-Tohka\",\"description\":\"Uusi Rotary klubisivusto\",\"potentialAction\":[{\"@type\":\"SearchAction\",\"target\":{\"@type\":\"EntryPoint\",\"urlTemplate\":\"https:\/\/rotary.fi\/valkeakoskitohka\/?s={search_term_string}\"},\"query-input\":{\"@type\":\"PropertyValueSpecification\",\"valueRequired\":true,\"valueName\":\"search_term_string\"}}],\"inLanguage\":\"fi\"}]}<\/script>\n<!-- \/ Yoast SEO plugin. -->","yoast_head_json":{"title":"Mit\u00e4 teemme - Valkeakoski-Tohka","robots":{"index":"index","follow":"follow","max-snippet":"max-snippet:-1","max-image-preview":"max-image-preview:large","max-video-preview":"max-video-preview:-1"},"canonical":"https:\/\/rotary.fi\/valkeakoskitohka\/mita-teemme\/","og_locale":"fi_FI","og_type":"article","og_title":"Mit\u00e4 teemme - Valkeakoski-Tohka","og_description":"Mit\u00e4 teemme Mit\u00e4 teemme Rotaryklubimme kokoontuu joka perjantai viikkokokoukseen juhlapyhi\u00e4 ja hein\u00e4kuuta lukuunottamatta. Viikkokokouksissa saamme kuulla mielenkiintoisia esitelmi\u00e4, joko rotarien itsens\u00e4 tai heid\u00e4n kutsumiensa vieraiden pit\u00e4min\u00e4. Viikkokokouksissa rotarit sivistyv\u00e4t ja verkostuivat. Viikkokokouksien lis\u00e4ksi kokoonnumme kaksi kertaa vuodesta klubineuvotteluun, jossa suunnittelemme toimintaa. Teemme retki\u00e4 - \u00e4skett\u00e4in muun muassa eduskuntaan ja H\u00e4meen kivikirkkoihin - ja kolmesti vuodessa [&hellip;]","og_url":"https:\/\/rotary.fi\/valkeakoskitohka\/mita-teemme\/","og_site_name":"Valkeakoski-Tohka","article_modified_time":"2019-12-30T14:50:05+00:00","twitter_card":"summary_large_image","twitter_misc":{"Arvioitu lukuaika":"2 minuuttia"},"schema":{"@context":"https:\/\/schema.org","@graph":[{"@type":"WebPage","@id":"https:\/\/rotary.fi\/valkeakoskitohka\/mita-teemme\/","url":"https:\/\/rotary.fi\/valkeakoskitohka\/mita-teemme\/","name":"Mit\u00e4 teemme - Valkeakoski-Tohka","isPartOf":{"@id":"https:\/\/rotary.fi\/valkeakoskitohka\/#website"},"datePublished":"2018-08-09T11:01:56+00:00","dateModified":"2019-12-30T14:50:05+00:00","breadcrumb":{"@id":"https:\/\/rotary.fi\/valkeakoskitohka\/mita-teemme\/#breadcrumb"},"inLanguage":"fi","potentialAction":[{"@type":"ReadAction","target":["https:\/\/rotary.fi\/valkeakoskitohka\/mita-teemme\/"]}]},{"@type":"BreadcrumbList","@id":"https:\/\/rotary.fi\/valkeakoskitohka\/mita-teemme\/#breadcrumb","itemListElement":[{"@type":"ListItem","position":1,"name":"Home","item":"https:\/\/rotary.fi\/valkeakoskitohka\/"},{"@type":"ListItem","position":2,"name":"Mit\u00e4 teemme"}]},{"@type":"WebSite","@id":"https:\/\/rotary.fi\/valkeakoskitohka\/#website","url":"https:\/\/rotary.fi\/valkeakoskitohka\/","name":"Valkeakoski-Tohka","description":"Uusi Rotary klubisivusto","potentialAction":[{"@type":"SearchAction","target":{"@type":"EntryPoint","urlTemplate":"https:\/\/rotary.fi\/valkeakoskitohka\/?s={search_term_string}"},"query-input":{"@type":"PropertyValueSpecification","valueRequired":true,"valueName":"search_term_string"}}],"inLanguage":"fi"}]}},"lang":"fi","translations":{"fi":77,"en":1447},"pll_sync_post":[],"_links":{"self":[{"href":"https:\/\/rotary.fi\/valkeakoskitohka\/wp-json\/wp\/v2\/pages\/77","targetHints":{"allow":["GET"]}}],"collection":[{"href":"https:\/\/rotary.fi\/valkeakoskitohka\/wp-json\/wp\/v2\/pages"}],"about":[{"href":"https:\/\/rotary.fi\/valkeakoskitohka\/wp-json\/wp\/v2\/types\/page"}],"author":[{"embeddable":true,"href":"https:\/\/rotary.fi\/valkeakoskitohka\/wp-json\/wp\/v2\/users\/1"}],"replies":[{"embeddable":true,"href":"https:\/\/rotary.fi\/valkeakoskitohka\/wp-json\/wp\/v2\/comments?post=77"}],"version-history":[{"count":9,"href":"https:\/\/rotary.fi\/valkeakoskitohka\/wp-json\/wp\/v2\/pages\/77\/revisions"}],"predecessor-version":[{"id":1814,"href":"https:\/\/rotary.fi\/valkeakoskitohka\/wp-json\/wp\/v2\/pages\/77\/revisions\/1814"}],"wp:attachment":[{"href":"https:\/\/rotary.fi\/valkeakoskitohka\/wp-json\/wp\/v2\/media?parent=77"}],"curies":[{"name":"wp","href":"https:\/\/api.w.org\/{rel}","templated":true}]}}