{"id":186,"date":"2018-08-13T11:06:59","date_gmt":"2018-08-13T08:06:59","guid":{"rendered":"https:\/\/rotary.fi\/valkeakoskitohka\/?page_id=186"},"modified":"2025-12-05T13:08:57","modified_gmt":"2025-12-05T11:08:57","slug":"tapahtumakalenteri","status":"publish","type":"page","link":"https:\/\/rotary.fi\/valkeakoskitohka\/ajankohtaista\/tapahtumakalenteri\/","title":{"rendered":"Tapahtumakalenteri"},"content":{"rendered":"<p>[et_pb_section fb_built=&#8221;1&#8243; _builder_version=&#8221;4.16&#8243; global_colors_info=&#8221;{}&#8221;][et_pb_row _builder_version=&#8221;4.16&#8243; background_size=&#8221;initial&#8221; background_position=&#8221;top_left&#8221; background_repeat=&#8221;repeat&#8221; global_colors_info=&#8221;{}&#8221;][et_pb_column type=&#8221;4_4&#8243; _builder_version=&#8221;4.16&#8243; custom_padding=&#8221;|||&#8221; global_colors_info=&#8221;{}&#8221; custom_padding__hover=&#8221;|||&#8221;][et_pb_text _builder_version=&#8221;4.27.4&#8243; background_size=&#8221;initial&#8221; background_position=&#8221;top_left&#8221; background_repeat=&#8221;repeat&#8221; hover_enabled=&#8221;0&#8243; global_colors_info=&#8221;{}&#8221; sticky_enabled=&#8221;0&#8243;]<\/p>\n<h5>Kokoustauko 20.12.2025 &#8211; 15.1.2026<\/h5>\n<h4>Joulukuu 2025<\/h4>\n<p>5.12. Karri Kekkonen: Jouluikkunat<\/p>\n<p>12.12. Heikki Sormunen\/Marko Laaksonen: Hakan n\u00e4kym\u00e4t<\/p>\n<p>19.12. Joulun sanoma Pappilanniemess\u00e4 klo 12<\/p>\n<h4>Marraskuu 2025<\/h4>\n<div class=\"elementToProof\">7.11. Asser Laine\/Dr. Jarkko Laine W\u00e4rtsil\u00e4: W\u00e4rtsil\u00e4 ja merenkulun uudet polttoaineet.<\/div>\n<div>\u00a0<\/div>\n<div class=\"elementToProof\">14.11. Pentti Arvela: The American Experiment<\/div>\n<div>\u00a0<\/div>\n<div class=\"elementToProof\">21.11. Vaalikokous<\/div>\n<div>\u00a0<\/div>\n<div class=\"elementToProof\">28.11. Turkka Heinelo: lis\u00e4\u00e4 ajatusvinoumista<\/div>\n<div>\u00a0<\/div>\n<h4>Lokakuu 2025<\/h4>\n<p class=\"p1\"><span class=\"s1\">3.10. Kimmo Kallio: L\u00e4skipy\u00f6r\u00e4ll\u00e4 luontoon &#8211; eFatbike<\/span><\/p>\n<p class=\"p1\"><span class=\"s1\">10.10. avoin Jaana Lepp\u00e4\/Joni Tikkala: Kriisinhallintateht\u00e4viss\u00e4 Georgiassa<\/span><\/p>\n<p class=\"p1\"><span class=\"s1\">17.10. Kari Immonen\/Akaan Rotaryn Juha Kosonen: Informaatio ja tiedottaminen<\/span><\/p>\n<h4>Syyskuu 2025<\/h4>\n<p class=\"p1\"><span class=\"s1\">5.9. Tutustuminen S\u00e4res Centeriin<\/span><\/p>\n<p class=\"p1\"><span class=\"s1\">12.9. Timo Koskinen: Kirja-arvioita<\/span><\/p>\n<p class=\"p1\"><span class=\"s1\">19.9. Vuosikokous<\/span><\/p>\n<p class=\"p1\"><span class=\"s1\">26.9. Antti Vuori\/Tuomas Kuusivaara: Suomen Reserviupseeriliitto<\/span><\/p>\n<p>[\/et_pb_text][\/et_pb_column][\/et_pb_row][\/et_pb_section]<\/p>\n","protected":false},"excerpt":{"rendered":"<p>Kokoustauko 20.12.2025 &#8211; 15.1.2026 Joulukuu 2025 5.12. Karri Kekkonen: Jouluikkunat 12.12. Heikki Sormunen\/Marko Laaksonen: Hakan n\u00e4kym\u00e4t 19.12. Joulun sanoma Pappilanniemess\u00e4 klo 12 Marraskuu 2025 7.11. Asser Laine\/Dr. Jarkko Laine W\u00e4rtsil\u00e4: W\u00e4rtsil\u00e4 ja merenkulun uudet polttoaineet. \u00a0 14.11. Pentti Arvela: The American Experiment \u00a0 21.11. Vaalikokous \u00a0 28.11. Turkka Heinelo: lis\u00e4\u00e4 ajatusvinoumista \u00a0 Lokakuu 2025 3.10. [&hellip;]<\/p>\n","protected":false},"author":1,"featured_media":0,"parent":94,"menu_order":0,"comment_status":"closed","ping_status":"closed","template":"","meta":{"_acf_changed":false,"_et_pb_use_builder":"on","_et_pb_old_content":"<h5><strong>Tammikuu 2020<\/strong><\/h5><p>10.1. Seppo J\u00e4rvinen\/Pekka J\u00e4rvi: Silloin kun Valkeakoski halusi viel\u00e4 P\u00e4iv\u00f6l\u00e4n<\/p><p>17.1. Vaihto-oppilaan esitelm\u00e4<\/p><p><strong>20.1. CMI Peacebroker -projektin 2. osa Tietotien lukiolla<\/strong><\/p><p>24.1. Martti Saukkonen: Lotila<\/p><p><strong>25.1. Vuosijuhla kaupunginteatterilla klo 18<\/strong><\/p><p>31.1. Jouni Huuskonen: FinnCeres -lippulaivahanke<\/p><h5><strong>Helmikuu 2020<\/strong><\/h5><p>7.2. Kalle Pinomaa: Made in Finland<\/p><p>14.2. Ismo Lepola\/Juuso Konttinen, UPM: UPM ja biotalous<\/p><p>21.2. Bj\u00f6rn von Konow: aihe avoin<\/p><p>28.2. Markku Hinkka\/Ari Nurminen: Kuntohiiht\u00e4j\u00e4n suksihuollosta<\/p>","_et_gb_content_width":"","footnotes":""},"class_list":["post-186","page","type-page","status-publish","hentry"],"acf":[],"yoast_head":"<!-- This site is optimized with the Yoast SEO plugin v27.4 - https:\/\/yoast.com\/product\/yoast-seo-wordpress\/ -->\n<title>Tapahtumakalenteri - Valkeakoski-Tohka<\/title>\n<meta name=\"robots\" content=\"index, follow, max-snippet:-1, max-image-preview:large, max-video-preview:-1\" \/>\n<link rel=\"canonical\" href=\"https:\/\/rotary.fi\/valkeakoskitohka\/ajankohtaista\/tapahtumakalenteri\/\" \/>\n<meta property=\"og:locale\" content=\"fi_FI\" \/>\n<meta property=\"og:type\" content=\"article\" \/>\n<meta property=\"og:title\" content=\"Tapahtumakalenteri - Valkeakoski-Tohka\" \/>\n<meta property=\"og:description\" content=\"Kokoustauko 20.12.2025 - 15.1.2026 Joulukuu 2025 5.12. Karri Kekkonen: Jouluikkunat 12.12. Heikki Sormunen\/Marko Laaksonen: Hakan n\u00e4kym\u00e4t 19.12. Joulun sanoma Pappilanniemess\u00e4 klo 12 Marraskuu 2025 7.11. Asser Laine\/Dr. Jarkko Laine W\u00e4rtsil\u00e4: W\u00e4rtsil\u00e4 ja merenkulun uudet polttoaineet. \u00a0 14.11. Pentti Arvela: The American Experiment \u00a0 21.11. Vaalikokous \u00a0 28.11. Turkka Heinelo: lis\u00e4\u00e4 ajatusvinoumista \u00a0 Lokakuu 2025 3.10. [&hellip;]\" \/>\n<meta property=\"og:url\" content=\"https:\/\/rotary.fi\/valkeakoskitohka\/ajankohtaista\/tapahtumakalenteri\/\" \/>\n<meta property=\"og:site_name\" content=\"Valkeakoski-Tohka\" \/>\n<meta property=\"article:modified_time\" content=\"2025-12-05T11:08:57+00:00\" \/>\n<meta name=\"twitter:card\" content=\"summary_large_image\" \/>\n<meta name=\"twitter:label1\" content=\"Arvioitu lukuaika\" \/>\n\t<meta name=\"twitter:data1\" content=\"1 minuutti\" \/>\n<script type=\"application\/ld+json\" class=\"yoast-schema-graph\">{\"@context\":\"https:\\\/\\\/schema.org\",\"@graph\":[{\"@type\":\"WebPage\",\"@id\":\"https:\\\/\\\/rotary.fi\\\/valkeakoskitohka\\\/ajankohtaista\\\/tapahtumakalenteri\\\/\",\"url\":\"https:\\\/\\\/rotary.fi\\\/valkeakoskitohka\\\/ajankohtaista\\\/tapahtumakalenteri\\\/\",\"name\":\"Tapahtumakalenteri - Valkeakoski-Tohka\",\"isPartOf\":{\"@id\":\"https:\\\/\\\/rotary.fi\\\/valkeakoskitohka\\\/#website\"},\"datePublished\":\"2018-08-13T08:06:59+00:00\",\"dateModified\":\"2025-12-05T11:08:57+00:00\",\"breadcrumb\":{\"@id\":\"https:\\\/\\\/rotary.fi\\\/valkeakoskitohka\\\/ajankohtaista\\\/tapahtumakalenteri\\\/#breadcrumb\"},\"inLanguage\":\"fi\",\"potentialAction\":[{\"@type\":\"ReadAction\",\"target\":[\"https:\\\/\\\/rotary.fi\\\/valkeakoskitohka\\\/ajankohtaista\\\/tapahtumakalenteri\\\/\"]}]},{\"@type\":\"BreadcrumbList\",\"@id\":\"https:\\\/\\\/rotary.fi\\\/valkeakoskitohka\\\/ajankohtaista\\\/tapahtumakalenteri\\\/#breadcrumb\",\"itemListElement\":[{\"@type\":\"ListItem\",\"position\":1,\"name\":\"Home\",\"item\":\"https:\\\/\\\/rotary.fi\\\/valkeakoskitohka\\\/\"},{\"@type\":\"ListItem\",\"position\":2,\"name\":\"Ajankohtaista\",\"item\":\"https:\\\/\\\/rotary.fi\\\/valkeakoskitohka\\\/ajankohtaista\\\/\"},{\"@type\":\"ListItem\",\"position\":3,\"name\":\"Tapahtumakalenteri\"}]},{\"@type\":\"WebSite\",\"@id\":\"https:\\\/\\\/rotary.fi\\\/valkeakoskitohka\\\/#website\",\"url\":\"https:\\\/\\\/rotary.fi\\\/valkeakoskitohka\\\/\",\"name\":\"Valkeakoski-Tohka\",\"description\":\"Uusi Rotary klubisivusto\",\"potentialAction\":[{\"@type\":\"SearchAction\",\"target\":{\"@type\":\"EntryPoint\",\"urlTemplate\":\"https:\\\/\\\/rotary.fi\\\/valkeakoskitohka\\\/?s={search_term_string}\"},\"query-input\":{\"@type\":\"PropertyValueSpecification\",\"valueRequired\":true,\"valueName\":\"search_term_string\"}}],\"inLanguage\":\"fi\"}]}<\/script>\n<!-- \/ Yoast SEO plugin. -->","yoast_head_json":{"title":"Tapahtumakalenteri - Valkeakoski-Tohka","robots":{"index":"index","follow":"follow","max-snippet":"max-snippet:-1","max-image-preview":"max-image-preview:large","max-video-preview":"max-video-preview:-1"},"canonical":"https:\/\/rotary.fi\/valkeakoskitohka\/ajankohtaista\/tapahtumakalenteri\/","og_locale":"fi_FI","og_type":"article","og_title":"Tapahtumakalenteri - Valkeakoski-Tohka","og_description":"Kokoustauko 20.12.2025 - 15.1.2026 Joulukuu 2025 5.12. Karri Kekkonen: Jouluikkunat 12.12. Heikki Sormunen\/Marko Laaksonen: Hakan n\u00e4kym\u00e4t 19.12. Joulun sanoma Pappilanniemess\u00e4 klo 12 Marraskuu 2025 7.11. Asser Laine\/Dr. Jarkko Laine W\u00e4rtsil\u00e4: W\u00e4rtsil\u00e4 ja merenkulun uudet polttoaineet. \u00a0 14.11. Pentti Arvela: The American Experiment \u00a0 21.11. Vaalikokous \u00a0 28.11. Turkka Heinelo: lis\u00e4\u00e4 ajatusvinoumista \u00a0 Lokakuu 2025 3.10. [&hellip;]","og_url":"https:\/\/rotary.fi\/valkeakoskitohka\/ajankohtaista\/tapahtumakalenteri\/","og_site_name":"Valkeakoski-Tohka","article_modified_time":"2025-12-05T11:08:57+00:00","twitter_card":"summary_large_image","twitter_misc":{"Arvioitu lukuaika":"1 minuutti"},"schema":{"@context":"https:\/\/schema.org","@graph":[{"@type":"WebPage","@id":"https:\/\/rotary.fi\/valkeakoskitohka\/ajankohtaista\/tapahtumakalenteri\/","url":"https:\/\/rotary.fi\/valkeakoskitohka\/ajankohtaista\/tapahtumakalenteri\/","name":"Tapahtumakalenteri - Valkeakoski-Tohka","isPartOf":{"@id":"https:\/\/rotary.fi\/valkeakoskitohka\/#website"},"datePublished":"2018-08-13T08:06:59+00:00","dateModified":"2025-12-05T11:08:57+00:00","breadcrumb":{"@id":"https:\/\/rotary.fi\/valkeakoskitohka\/ajankohtaista\/tapahtumakalenteri\/#breadcrumb"},"inLanguage":"fi","potentialAction":[{"@type":"ReadAction","target":["https:\/\/rotary.fi\/valkeakoskitohka\/ajankohtaista\/tapahtumakalenteri\/"]}]},{"@type":"BreadcrumbList","@id":"https:\/\/rotary.fi\/valkeakoskitohka\/ajankohtaista\/tapahtumakalenteri\/#breadcrumb","itemListElement":[{"@type":"ListItem","position":1,"name":"Home","item":"https:\/\/rotary.fi\/valkeakoskitohka\/"},{"@type":"ListItem","position":2,"name":"Ajankohtaista","item":"https:\/\/rotary.fi\/valkeakoskitohka\/ajankohtaista\/"},{"@type":"ListItem","position":3,"name":"Tapahtumakalenteri"}]},{"@type":"WebSite","@id":"https:\/\/rotary.fi\/valkeakoskitohka\/#website","url":"https:\/\/rotary.fi\/valkeakoskitohka\/","name":"Valkeakoski-Tohka","description":"Uusi Rotary klubisivusto","potentialAction":[{"@type":"SearchAction","target":{"@type":"EntryPoint","urlTemplate":"https:\/\/rotary.fi\/valkeakoskitohka\/?s={search_term_string}"},"query-input":{"@type":"PropertyValueSpecification","valueRequired":true,"valueName":"search_term_string"}}],"inLanguage":"fi"}]}},"lang":"fi","translations":{"fi":186,"en":1496},"pll_sync_post":[],"_links":{"self":[{"href":"https:\/\/rotary.fi\/valkeakoskitohka\/wp-json\/wp\/v2\/pages\/186","targetHints":{"allow":["GET"]}}],"collection":[{"href":"https:\/\/rotary.fi\/valkeakoskitohka\/wp-json\/wp\/v2\/pages"}],"about":[{"href":"https:\/\/rotary.fi\/valkeakoskitohka\/wp-json\/wp\/v2\/types\/page"}],"author":[{"embeddable":true,"href":"https:\/\/rotary.fi\/valkeakoskitohka\/wp-json\/wp\/v2\/users\/1"}],"replies":[{"embeddable":true,"href":"https:\/\/rotary.fi\/valkeakoskitohka\/wp-json\/wp\/v2\/comments?post=186"}],"version-history":[{"count":10,"href":"https:\/\/rotary.fi\/valkeakoskitohka\/wp-json\/wp\/v2\/pages\/186\/revisions"}],"predecessor-version":[{"id":2374,"href":"https:\/\/rotary.fi\/valkeakoskitohka\/wp-json\/wp\/v2\/pages\/186\/revisions\/2374"}],"up":[{"embeddable":true,"href":"https:\/\/rotary.fi\/valkeakoskitohka\/wp-json\/wp\/v2\/pages\/94"}],"wp:attachment":[{"href":"https:\/\/rotary.fi\/valkeakoskitohka\/wp-json\/wp\/v2\/media?parent=186"}],"curies":[{"name":"wp","href":"https:\/\/api.w.org\/{rel}","templated":true}]}}