{"id":165,"date":"2018-08-13T09:52:52","date_gmt":"2018-08-13T06:52:52","guid":{"rendered":"https:\/\/rotary.fi\/valkeakoskitohka\/?page_id=165"},"modified":"2020-01-17T17:34:52","modified_gmt":"2020-01-17T15:34:52","slug":"yhteistyo","status":"publish","type":"page","link":"https:\/\/rotary.fi\/valkeakoskitohka\/mita-teemme\/yhteistyo\/","title":{"rendered":"Yhteisty\u00f6"},"content":{"rendered":"<p>[et_pb_section fb_built=&#8221;1&#8243; module_class=&#8221;jumbotron-page&#8221; _builder_version=&#8221;3.22&#8243; background_image=&#8221;https:\/\/rotary.fi\/valkeakoskitohka\/wp-content\/uploads\/sites\/123\/2018\/08\/rotary_klubit_alasivu_paakuva_6.jpg&#8221;][et_pb_row _builder_version=&#8221;3.25&#8243; background_size=&#8221;initial&#8221; background_position=&#8221;top_left&#8221; background_repeat=&#8221;repeat&#8221;][et_pb_column type=&#8221;4_4&#8243; _builder_version=&#8221;3.25&#8243; custom_padding=&#8221;|||&#8221; custom_padding__hover=&#8221;|||&#8221;][et_pb_text admin_label=&#8221;P\u00e4\u00e4otsikko&#8221; _builder_version=&#8221;4.0.8&#8243; text_orientation=&#8221;center&#8221; background_layout=&#8221;dark&#8221;]<\/p>\n<h1>Kumppanimme<\/h1>\n<p>[\/et_pb_text][\/et_pb_column][\/et_pb_row][\/et_pb_section][et_pb_section fb_built=&#8221;1&#8243; specialty=&#8221;on&#8221; module_class_2=&#8221;sivupalkki&#8221; _builder_version=&#8221;3.22&#8243;][et_pb_column type=&#8221;2_3&#8243; specialty_columns=&#8221;2&#8243; _builder_version=&#8221;3.25&#8243; custom_padding=&#8221;|||&#8221; parallax__hover=&#8221;off&#8221; parallax_method__hover=&#8221;on&#8221; custom_padding__hover=&#8221;|||&#8221;][et_pb_row_inner admin_label=&#8221;Rivi&#8221; _builder_version=&#8221;3.25&#8243;][et_pb_column_inner saved_specialty_column_type=&#8221;2_3&#8243; _builder_version=&#8221;3.25&#8243; custom_padding=&#8221;|||&#8221; parallax__hover=&#8221;off&#8221; parallax_method__hover=&#8221;on&#8221; custom_padding__hover=&#8221;|||&#8221;][et_pb_text admin_label=&#8221;Otsikko&#8221; _builder_version=&#8221;4.0.8&#8243; text_orientation=&#8221;center&#8221;]<\/p>\n<h1>Kumppanimme<\/h1>\n<p>[\/et_pb_text][et_pb_text _builder_version=&#8221;4.1&#8243; hover_enabled=&#8221;0&#8243;]<\/p>\n<p>Klubimme toimii aktiivisesti nuorisovaihdossa sek\u00e4 palvelu- ja hyv\u00e4ntekev\u00e4isyysprojekteissa. Ty\u00f6t\u00e4mme hyv\u00e4ntekev\u00e4isyys- ja palveluprojekteissa sek\u00e4 nuorisovaihdossa ovat tukeneet monet yhteisty\u00f6kumppanit.<\/p>\n<p><strong>CMI-projektiamme ovat tukeneet:<\/strong><\/p>\n<ul>\n<li><a href=\"https:\/\/www.saastopankki.fi\/fi-fi\/pankit-ja-konttorit\/aito-saastopankki\/aito-saastopankin-konttorit\/aito-saastopankki-valkeakoski\">Aito S\u00e4\u00e4st\u00f6pankki Valkeakoski<\/a><\/li>\n<li><a href=\"http:\/\/hakafood.fi\/\">Hakafood Oy<\/a><\/li>\n<li><a href=\"https:\/\/www.hypap.fi\/\">Hypap Oy<\/a><\/li>\n<li><a href=\"https:\/\/www.innotiimi-icg.fi\/?gclid=EAIaIQobChMI5pPt67Pd5gIVAeWaCh0RhQhDEAAYASAAEgKnrfD_BwE\">Innotiimi-ICG<\/a><\/li>\n<li><a href=\"https:\/\/www.k-ruoka.fi\/kauppa\/k-citymarket-valkeakoski\">K-Citymarket Valkeakoski<\/a><\/li>\n<li><a href=\"https:\/\/www.k-ruoka.fi\/kauppa\/k-supermarket-ratina\">K-Supermarket Ratina<\/a><\/li>\n<li><a href=\"https:\/\/www.koskikaranapteekki.fi\/\">Koskikaran Apteekki<\/a><\/li>\n<li><a href=\"http:\/\/www.lempaalankeskusapteekki.fi\/?gclid=EAIaIQobChMIt_vDrLTd5gIVyuWaCh2-pg1HEAAYASAAEgI0aPD_BwE\">Lemp\u00e4\u00e4l\u00e4n Keskus Apteekki<\/a><\/li>\n<li><a href=\"https:\/\/www.mallaspidot.fi\/\">Mallas-Pidot Oy<\/a><\/li>\n<li><a href=\"https:\/\/www.megatrex.com\/\">Megatrex Oy<\/a><\/li>\n<li>Mustion Media Oy<\/li>\n<li><a href=\"https:\/\/www.s-kanava.fi\/web\/pirkanmaa\/etusivu\">Pirkanmaan Osuuskauppa<\/a><\/li>\n<li><a href=\"https:\/\/valkeakoskenenergia.fi\/?gclid=EAIaIQobChMInPjE2LTd5gIVSamaCh3iCQ-7EAAYASAAEgJtn_D_BwE\">Valkeakosken Energia Oy<\/a><\/li>\n<\/ul>\n<p>&nbsp;<\/p>\n<p><b>Paikallisen diakoniaty\u00f6n tukemiseen my\u00f6t\u00e4vaikuttaneet:<\/b><\/p>\n<ul>\n<li><a href=\"https:\/\/www.k-ruoka.fi\/kauppa\/k-citymarket-valkeakoski\">K-Citymarket Valkeakoski<\/a><\/li>\n<li><a href=\"https:\/\/www.ptvalkeakoski.fi\/\">Personal Trainer Satu Vuori<\/a><\/li>\n<\/ul>\n<p>&nbsp;<\/p>\n<p><strong>Kiit\u00e4mme l\u00e4mpim\u00e4sti toimintamme tukijoita!<\/strong><\/p>\n<p>Kun haluat osallistua rotareiden ty\u00f6h\u00f6n lahjoittamalla aikaasi tai varoja, ota yst\u00e4v\u00e4llisesti <a href=\"https:\/\/rotary.fi\/valkeakoskitohka\/mita-teemme\/keita-olemme\/hallitus-ja-toimihenkilot\/\">yhteytt\u00e4 klubimme presidenttiin<\/a>.<\/p>\n<p>[\/et_pb_text][\/et_pb_column_inner][\/et_pb_row_inner][\/et_pb_column][et_pb_column type=&#8221;1_3&#8243; module_class=&#8221;sivupalkki&#8221; _builder_version=&#8221;3.25&#8243; custom_padding=&#8221;|||&#8221; parallax__hover=&#8221;off&#8221; parallax_method__hover=&#8221;on&#8221; module_class__hover=&#8221;sivupalkki&#8221; custom_padding__hover=&#8221;|||&#8221;][et_pb_sidebar area=&#8221;sidebar-1&#8243; module_class=&#8221;sivupalkki_sisalto&#8221; _builder_version=&#8221;3.4.1&#8243; locked=&#8221;off&#8221;][\/et_pb_sidebar][\/et_pb_column][\/et_pb_section]<\/p>\n","protected":false},"excerpt":{"rendered":"<p>KumppanimmeKumppanimmeKlubimme toimii aktiivisesti nuorisovaihdossa sek\u00e4 palvelu- ja hyv\u00e4ntekev\u00e4isyysprojekteissa. Ty\u00f6t\u00e4mme hyv\u00e4ntekev\u00e4isyys- ja palveluprojekteissa sek\u00e4 nuorisovaihdossa ovat tukeneet monet yhteisty\u00f6kumppanit. CMI-projektiamme ovat tukeneet: Aito S\u00e4\u00e4st\u00f6pankki Valkeakoski Hakafood Oy Hypap Oy Innotiimi-ICG K-Citymarket Valkeakoski K-Supermarket Ratina Koskikaran Apteekki Lemp\u00e4\u00e4l\u00e4n Keskus Apteekki Mallas-Pidot Oy Megatrex Oy Mustion Media Oy Pirkanmaan Osuuskauppa Valkeakosken Energia Oy &nbsp; Paikallisen diakoniaty\u00f6n tukemiseen my\u00f6t\u00e4vaikuttaneet: [&hellip;]<\/p>\n","protected":false},"author":1,"featured_media":0,"parent":77,"menu_order":0,"comment_status":"closed","ping_status":"closed","template":"","meta":{"_acf_changed":false,"_et_pb_use_builder":"on","_et_pb_old_content":"","_et_gb_content_width":"","footnotes":""},"class_list":["post-165","page","type-page","status-publish","hentry"],"acf":[],"yoast_head":"<!-- This site is optimized with the Yoast SEO plugin v27.0 - https:\/\/yoast.com\/product\/yoast-seo-wordpress\/ -->\n<title>Yhteisty\u00f6 - Valkeakoski-Tohka<\/title>\n<meta name=\"robots\" content=\"index, follow, max-snippet:-1, max-image-preview:large, max-video-preview:-1\" \/>\n<link rel=\"canonical\" href=\"https:\/\/rotary.fi\/valkeakoskitohka\/mita-teemme\/yhteistyo\/\" \/>\n<meta property=\"og:locale\" content=\"fi_FI\" \/>\n<meta property=\"og:type\" content=\"article\" \/>\n<meta property=\"og:title\" content=\"Yhteisty\u00f6 - Valkeakoski-Tohka\" \/>\n<meta property=\"og:description\" content=\"KumppanimmeKumppanimmeKlubimme toimii aktiivisesti nuorisovaihdossa sek\u00e4 palvelu- ja hyv\u00e4ntekev\u00e4isyysprojekteissa. Ty\u00f6t\u00e4mme hyv\u00e4ntekev\u00e4isyys- ja palveluprojekteissa sek\u00e4 nuorisovaihdossa ovat tukeneet monet yhteisty\u00f6kumppanit. CMI-projektiamme ovat tukeneet: Aito S\u00e4\u00e4st\u00f6pankki Valkeakoski Hakafood Oy Hypap Oy Innotiimi-ICG K-Citymarket Valkeakoski K-Supermarket Ratina Koskikaran Apteekki Lemp\u00e4\u00e4l\u00e4n Keskus Apteekki Mallas-Pidot Oy Megatrex Oy Mustion Media Oy Pirkanmaan Osuuskauppa Valkeakosken Energia Oy &nbsp; Paikallisen diakoniaty\u00f6n tukemiseen my\u00f6t\u00e4vaikuttaneet: [&hellip;]\" \/>\n<meta property=\"og:url\" content=\"https:\/\/rotary.fi\/valkeakoskitohka\/mita-teemme\/yhteistyo\/\" \/>\n<meta property=\"og:site_name\" content=\"Valkeakoski-Tohka\" \/>\n<meta property=\"article:modified_time\" content=\"2020-01-17T15:34:52+00:00\" \/>\n<meta name=\"twitter:card\" content=\"summary_large_image\" \/>\n<meta name=\"twitter:label1\" content=\"Arvioitu lukuaika\" \/>\n\t<meta name=\"twitter:data1\" content=\"2 minuuttia\" \/>\n<script type=\"application\/ld+json\" class=\"yoast-schema-graph\">{\"@context\":\"https:\/\/schema.org\",\"@graph\":[{\"@type\":\"WebPage\",\"@id\":\"https:\/\/rotary.fi\/valkeakoskitohka\/mita-teemme\/yhteistyo\/\",\"url\":\"https:\/\/rotary.fi\/valkeakoskitohka\/mita-teemme\/yhteistyo\/\",\"name\":\"Yhteisty\u00f6 - Valkeakoski-Tohka\",\"isPartOf\":{\"@id\":\"https:\/\/rotary.fi\/valkeakoskitohka\/#website\"},\"datePublished\":\"2018-08-13T06:52:52+00:00\",\"dateModified\":\"2020-01-17T15:34:52+00:00\",\"breadcrumb\":{\"@id\":\"https:\/\/rotary.fi\/valkeakoskitohka\/mita-teemme\/yhteistyo\/#breadcrumb\"},\"inLanguage\":\"fi\",\"potentialAction\":[{\"@type\":\"ReadAction\",\"target\":[\"https:\/\/rotary.fi\/valkeakoskitohka\/mita-teemme\/yhteistyo\/\"]}]},{\"@type\":\"BreadcrumbList\",\"@id\":\"https:\/\/rotary.fi\/valkeakoskitohka\/mita-teemme\/yhteistyo\/#breadcrumb\",\"itemListElement\":[{\"@type\":\"ListItem\",\"position\":1,\"name\":\"Home\",\"item\":\"https:\/\/rotary.fi\/valkeakoskitohka\/\"},{\"@type\":\"ListItem\",\"position\":2,\"name\":\"Mit\u00e4 teemme\",\"item\":\"https:\/\/rotary.fi\/valkeakoskitohka\/mita-teemme\/\"},{\"@type\":\"ListItem\",\"position\":3,\"name\":\"Yhteisty\u00f6\"}]},{\"@type\":\"WebSite\",\"@id\":\"https:\/\/rotary.fi\/valkeakoskitohka\/#website\",\"url\":\"https:\/\/rotary.fi\/valkeakoskitohka\/\",\"name\":\"Valkeakoski-Tohka\",\"description\":\"Uusi Rotary klubisivusto\",\"potentialAction\":[{\"@type\":\"SearchAction\",\"target\":{\"@type\":\"EntryPoint\",\"urlTemplate\":\"https:\/\/rotary.fi\/valkeakoskitohka\/?s={search_term_string}\"},\"query-input\":{\"@type\":\"PropertyValueSpecification\",\"valueRequired\":true,\"valueName\":\"search_term_string\"}}],\"inLanguage\":\"fi\"}]}<\/script>\n<!-- \/ Yoast SEO plugin. -->","yoast_head_json":{"title":"Yhteisty\u00f6 - Valkeakoski-Tohka","robots":{"index":"index","follow":"follow","max-snippet":"max-snippet:-1","max-image-preview":"max-image-preview:large","max-video-preview":"max-video-preview:-1"},"canonical":"https:\/\/rotary.fi\/valkeakoskitohka\/mita-teemme\/yhteistyo\/","og_locale":"fi_FI","og_type":"article","og_title":"Yhteisty\u00f6 - Valkeakoski-Tohka","og_description":"KumppanimmeKumppanimmeKlubimme toimii aktiivisesti nuorisovaihdossa sek\u00e4 palvelu- ja hyv\u00e4ntekev\u00e4isyysprojekteissa. Ty\u00f6t\u00e4mme hyv\u00e4ntekev\u00e4isyys- ja palveluprojekteissa sek\u00e4 nuorisovaihdossa ovat tukeneet monet yhteisty\u00f6kumppanit. CMI-projektiamme ovat tukeneet: Aito S\u00e4\u00e4st\u00f6pankki Valkeakoski Hakafood Oy Hypap Oy Innotiimi-ICG K-Citymarket Valkeakoski K-Supermarket Ratina Koskikaran Apteekki Lemp\u00e4\u00e4l\u00e4n Keskus Apteekki Mallas-Pidot Oy Megatrex Oy Mustion Media Oy Pirkanmaan Osuuskauppa Valkeakosken Energia Oy &nbsp; Paikallisen diakoniaty\u00f6n tukemiseen my\u00f6t\u00e4vaikuttaneet: [&hellip;]","og_url":"https:\/\/rotary.fi\/valkeakoskitohka\/mita-teemme\/yhteistyo\/","og_site_name":"Valkeakoski-Tohka","article_modified_time":"2020-01-17T15:34:52+00:00","twitter_card":"summary_large_image","twitter_misc":{"Arvioitu lukuaika":"2 minuuttia"},"schema":{"@context":"https:\/\/schema.org","@graph":[{"@type":"WebPage","@id":"https:\/\/rotary.fi\/valkeakoskitohka\/mita-teemme\/yhteistyo\/","url":"https:\/\/rotary.fi\/valkeakoskitohka\/mita-teemme\/yhteistyo\/","name":"Yhteisty\u00f6 - Valkeakoski-Tohka","isPartOf":{"@id":"https:\/\/rotary.fi\/valkeakoskitohka\/#website"},"datePublished":"2018-08-13T06:52:52+00:00","dateModified":"2020-01-17T15:34:52+00:00","breadcrumb":{"@id":"https:\/\/rotary.fi\/valkeakoskitohka\/mita-teemme\/yhteistyo\/#breadcrumb"},"inLanguage":"fi","potentialAction":[{"@type":"ReadAction","target":["https:\/\/rotary.fi\/valkeakoskitohka\/mita-teemme\/yhteistyo\/"]}]},{"@type":"BreadcrumbList","@id":"https:\/\/rotary.fi\/valkeakoskitohka\/mita-teemme\/yhteistyo\/#breadcrumb","itemListElement":[{"@type":"ListItem","position":1,"name":"Home","item":"https:\/\/rotary.fi\/valkeakoskitohka\/"},{"@type":"ListItem","position":2,"name":"Mit\u00e4 teemme","item":"https:\/\/rotary.fi\/valkeakoskitohka\/mita-teemme\/"},{"@type":"ListItem","position":3,"name":"Yhteisty\u00f6"}]},{"@type":"WebSite","@id":"https:\/\/rotary.fi\/valkeakoskitohka\/#website","url":"https:\/\/rotary.fi\/valkeakoskitohka\/","name":"Valkeakoski-Tohka","description":"Uusi Rotary klubisivusto","potentialAction":[{"@type":"SearchAction","target":{"@type":"EntryPoint","urlTemplate":"https:\/\/rotary.fi\/valkeakoskitohka\/?s={search_term_string}"},"query-input":{"@type":"PropertyValueSpecification","valueRequired":true,"valueName":"search_term_string"}}],"inLanguage":"fi"}]}},"lang":"fi","translations":{"fi":165,"en":1462},"pll_sync_post":[],"_links":{"self":[{"href":"https:\/\/rotary.fi\/valkeakoskitohka\/wp-json\/wp\/v2\/pages\/165","targetHints":{"allow":["GET"]}}],"collection":[{"href":"https:\/\/rotary.fi\/valkeakoskitohka\/wp-json\/wp\/v2\/pages"}],"about":[{"href":"https:\/\/rotary.fi\/valkeakoskitohka\/wp-json\/wp\/v2\/types\/page"}],"author":[{"embeddable":true,"href":"https:\/\/rotary.fi\/valkeakoskitohka\/wp-json\/wp\/v2\/users\/1"}],"replies":[{"embeddable":true,"href":"https:\/\/rotary.fi\/valkeakoskitohka\/wp-json\/wp\/v2\/comments?post=165"}],"version-history":[{"count":11,"href":"https:\/\/rotary.fi\/valkeakoskitohka\/wp-json\/wp\/v2\/pages\/165\/revisions"}],"predecessor-version":[{"id":1877,"href":"https:\/\/rotary.fi\/valkeakoskitohka\/wp-json\/wp\/v2\/pages\/165\/revisions\/1877"}],"up":[{"embeddable":true,"href":"https:\/\/rotary.fi\/valkeakoskitohka\/wp-json\/wp\/v2\/pages\/77"}],"wp:attachment":[{"href":"https:\/\/rotary.fi\/valkeakoskitohka\/wp-json\/wp\/v2\/media?parent=165"}],"curies":[{"name":"wp","href":"https:\/\/api.w.org\/{rel}","templated":true}]}}