{"id":158,"date":"2018-08-13T09:47:58","date_gmt":"2018-08-13T06:47:58","guid":{"rendered":"https:\/\/rotary.fi\/valkeakoskitohka\/?page_id=158"},"modified":"2024-02-04T08:45:58","modified_gmt":"2024-02-04T06:45:58","slug":"varainhankinta-ja-lahjoitukset","status":"publish","type":"page","link":"https:\/\/rotary.fi\/valkeakoskitohka\/mita-teemme\/varainhankinta-ja-lahjoitukset\/","title":{"rendered":"Varainhankinta ja lahjoitukset"},"content":{"rendered":"<p>[et_pb_section fb_built=&#8221;1&#8243; module_class=&#8221;jumbotron-page&#8221; _builder_version=&#8221;4.16&#8243; background_image=&#8221;https:\/\/rotary.fi\/valkeakoskitohka\/wp-content\/uploads\/sites\/123\/2019\/12\/diakonialahjoitus.jpg&#8221; global_colors_info=&#8221;{}&#8221;][et_pb_row _builder_version=&#8221;4.16&#8243; background_size=&#8221;initial&#8221; background_position=&#8221;top_left&#8221; background_repeat=&#8221;repeat&#8221; global_colors_info=&#8221;{}&#8221;][et_pb_column type=&#8221;4_4&#8243; _builder_version=&#8221;4.16&#8243; custom_padding=&#8221;|||&#8221; global_colors_info=&#8221;{}&#8221; custom_padding__hover=&#8221;|||&#8221;][et_pb_text admin_label=&#8221;P\u00e4\u00e4otsikko&#8221; _builder_version=&#8221;4.16&#8243; text_orientation=&#8221;center&#8221; background_layout=&#8221;dark&#8221; global_colors_info=&#8221;{}&#8221;]<\/p>\n<h1>Varainhankinta ja lahjoitukset<\/h1>\n<p>[\/et_pb_text][\/et_pb_column][\/et_pb_row][\/et_pb_section][et_pb_section fb_built=&#8221;1&#8243; specialty=&#8221;on&#8221; module_class_2=&#8221;sivupalkki&#8221; _builder_version=&#8221;4.16&#8243; global_colors_info=&#8221;{}&#8221;][et_pb_column type=&#8221;2_3&#8243; specialty_columns=&#8221;2&#8243; _builder_version=&#8221;4.16&#8243; custom_padding=&#8221;|||&#8221; global_colors_info=&#8221;{}&#8221; custom_padding__hover=&#8221;|||&#8221;][et_pb_row_inner admin_label=&#8221;Rivi&#8221; _builder_version=&#8221;4.16&#8243; global_colors_info=&#8221;{}&#8221;][et_pb_column_inner saved_specialty_column_type=&#8221;2_3&#8243; _builder_version=&#8221;4.16&#8243; custom_padding=&#8221;|||&#8221; global_colors_info=&#8221;{}&#8221; custom_padding__hover=&#8221;|||&#8221;][et_pb_text admin_label=&#8221;Varainhankinta ja lahjoitukset &#8211; Otsikko&#8221; _builder_version=&#8221;4.16&#8243; text_orientation=&#8221;center&#8221; global_colors_info=&#8221;{}&#8221;]<\/p>\n<h1>Varainhankinta ja lahjoitukset<\/h1>\n<p>[\/et_pb_text][et_pb_text _builder_version=&#8221;4.22.1&#8243; hover_enabled=&#8221;0&#8243; global_colors_info=&#8221;{}&#8221; sticky_enabled=&#8221;0&#8243;]<\/p>\n<p>Rotaryklubimme on mukana sek\u00e4 paikallisessa ett\u00e4 maailmanlaajuisessa palveluty\u00f6ss\u00e4 monin eri tavoin. Palveluty\u00f6ss\u00e4 tarvittavat varat ker\u00e4\u00e4mme paitsi j\u00e4senmaksuilla my\u00f6s erilaisin ker\u00e4ys- ja myyntitempauksin. S\u00e4\u00e4nn\u00f6llisin varausker\u00e4ysmuotomme on viime vuosina ollut pullotalkoot, joissa muutaman kuukauden v\u00e4lein palautamme Citymarketiin eksyneet Lidlin pullot ja t\u00f6lkit oikeaan osoitteeseen (kuvassa alla). T\u00e4m\u00e4n varainkeruun ideoi ja mahdollistaa veljemme, Citymarket-kauppias <strong>Erkki Kuivaj\u00e4rvi<\/strong>.<\/p>\n<p>[\/et_pb_text][et_pb_image src=&#8221;https:\/\/rotary.fi\/valkeakoskitohka\/wp-content\/uploads\/sites\/123\/2019\/12\/pullonpalautus.jpg&#8221; _builder_version=&#8221;4.16&#8243; global_colors_info=&#8221;{}&#8221;][\/et_pb_image][et_pb_text _builder_version=&#8221;4.22.1&#8243; hover_enabled=&#8221;0&#8243; global_colors_info=&#8221;{}&#8221; sticky_enabled=&#8221;0&#8243;]<\/p>\n<p>Pullotalkoista kertyv\u00e4t varat olemme lahjoittaneet paikalliseen diakoniaty\u00f6h\u00f6n. Viimeksi joulukuussa 2023 lahjoitimme 100 euron Citymarket-lahjakortteja jaettavaksi joululahjoina v\u00e4h\u00e4varaisille perheille. Olemme tukeneet my\u00f6s mm. Mannerheimin lastensuojeluliiton paikallisj\u00e4rjest\u00f6n ja S\u00e4\u00e4ksm\u00e4ell\u00e4 toimivan P\u00e4iv\u00f6l\u00e4n kansanopiston toimintaa. K\u00e4yt\u00e4mme ker\u00e4\u00e4mi\u00e4mme varoja my\u00f6s <a href=\"https:\/\/rotary.fi\/mita-teemme\/nuorisopalvelut\/nuorisovaihto\/\">nuorisovaihtoty\u00f6h\u00f6n<\/a>.<\/p>\n<p>Paikallisen avustusty\u00f6n lis\u00e4ksi lahjoitamme varoja humanit\u00e4\u00e4risiin projekteihin Rotarys\u00e4\u00e4ti\u00f6n kautta. Rotarys\u00e4\u00e4ti\u00f6 tukee \u00e4itien ja lasten terveyden kohentamista ja sairauksien ehk\u00e4isy\u00e4 ja hoitoa. S\u00e4\u00e4ti\u00f6 edist\u00e4\u00e4 koulutusta ja lukutaitoa, vahvistaa rauhanty\u00f6t\u00e4 sek\u00e4 kasvattaa paikallistalouksia ja yhteis\u00f6j\u00e4. Rotarys\u00e4\u00e4ti\u00f6 edist\u00e4\u00e4 puhtaan veden saantia ja hygieniaosaamista siell\u00e4 miss\u00e4 t\u00e4lle on tarvetta.<\/p>\n<p>Kaikkien maailman rotaryklubien tavoin osallistumme rotareiden aloitteesta k\u00e4ynnistyneeseen ty\u00f6h\u00f6n polion poistamiseksi maailmasta. Rotarit ovat tehneet ty\u00f6t\u00e4 villin polioviruksen poistamiseksi jo kolmenkymmenen vuoden ajan. Nyky\u00e4\u00e4n villiin poliovirukseen sairastuu vuosittain en\u00e4\u00e4 muutamia kymmeni\u00e4 lapsia, kun projektin alkuvaiheessa luvut olivat jopa 350 000 lasta vuodessa. Rotarit ovat antaneet lupauksensa saattaa projekti p\u00e4\u00e4t\u00f6kseen, joten my\u00f6s meid\u00e4n klubimme osallistuu omalla panoksellamme t\u00e4h\u00e4n ty\u00f6h\u00f6n, kunnes lupaus on t\u00e4ytetty. Lue lis\u00e4\u00e4 polion vastaisesta taistelusta <a href=\"https:\/\/rotary.fi\/mita-teemme\/kumppanitoiminta\/who\/\">t\u00e4\u00e4lt\u00e4<\/a>.<\/p>\n<p>[\/et_pb_text][\/et_pb_column_inner][\/et_pb_row_inner][\/et_pb_column][et_pb_column type=&#8221;1_3&#8243; _builder_version=&#8221;4.16&#8243; custom_padding=&#8221;|||&#8221; global_colors_info=&#8221;{}&#8221; custom_padding__hover=&#8221;|||&#8221;][et_pb_sidebar area=&#8221;sidebar-1&#8243; module_class=&#8221;sivupalkki_sisalto&#8221; _builder_version=&#8221;4.16&#8243; locked=&#8221;on&#8221; global_colors_info=&#8221;{}&#8221;]<br \/>\n[\/et_pb_sidebar][\/et_pb_column][\/et_pb_section]<\/p>\n","protected":false},"excerpt":{"rendered":"<p>Varainhankinta ja lahjoitukset Varainhankinta ja lahjoitukset Rotaryklubimme on mukana sek\u00e4 paikallisessa ett\u00e4 maailmanlaajuisessa palveluty\u00f6ss\u00e4 monin eri tavoin. Palveluty\u00f6ss\u00e4 tarvittavat varat ker\u00e4\u00e4mme paitsi j\u00e4senmaksuilla my\u00f6s erilaisin ker\u00e4ys- ja myyntitempauksin. S\u00e4\u00e4nn\u00f6llisin varausker\u00e4ysmuotomme on viime vuosina ollut pullotalkoot, joissa muutaman kuukauden v\u00e4lein palautamme Citymarketiin eksyneet Lidlin pullot ja t\u00f6lkit oikeaan osoitteeseen (kuvassa alla). T\u00e4m\u00e4n varainkeruun ideoi ja mahdollistaa [&hellip;]<\/p>\n","protected":false},"author":1,"featured_media":0,"parent":77,"menu_order":0,"comment_status":"closed","ping_status":"closed","template":"","meta":{"_acf_changed":false,"_et_pb_use_builder":"on","_et_pb_old_content":"","_et_gb_content_width":"","footnotes":""},"class_list":["post-158","page","type-page","status-publish","hentry"],"acf":[],"yoast_head":"<!-- This site is optimized with the Yoast SEO plugin v27.4 - https:\/\/yoast.com\/product\/yoast-seo-wordpress\/ -->\n<title>Varainhankinta ja lahjoitukset - Valkeakoski-Tohka<\/title>\n<meta name=\"robots\" content=\"index, follow, max-snippet:-1, max-image-preview:large, max-video-preview:-1\" \/>\n<link rel=\"canonical\" href=\"https:\/\/rotary.fi\/valkeakoskitohka\/mita-teemme\/varainhankinta-ja-lahjoitukset\/\" \/>\n<meta property=\"og:locale\" content=\"fi_FI\" \/>\n<meta property=\"og:type\" content=\"article\" \/>\n<meta property=\"og:title\" content=\"Varainhankinta ja lahjoitukset - Valkeakoski-Tohka\" \/>\n<meta property=\"og:description\" content=\"Varainhankinta ja lahjoitukset Varainhankinta ja lahjoitukset Rotaryklubimme on mukana sek\u00e4 paikallisessa ett\u00e4 maailmanlaajuisessa palveluty\u00f6ss\u00e4 monin eri tavoin. Palveluty\u00f6ss\u00e4 tarvittavat varat ker\u00e4\u00e4mme paitsi j\u00e4senmaksuilla my\u00f6s erilaisin ker\u00e4ys- ja myyntitempauksin. S\u00e4\u00e4nn\u00f6llisin varausker\u00e4ysmuotomme on viime vuosina ollut pullotalkoot, joissa muutaman kuukauden v\u00e4lein palautamme Citymarketiin eksyneet Lidlin pullot ja t\u00f6lkit oikeaan osoitteeseen (kuvassa alla). T\u00e4m\u00e4n varainkeruun ideoi ja mahdollistaa [&hellip;]\" \/>\n<meta property=\"og:url\" content=\"https:\/\/rotary.fi\/valkeakoskitohka\/mita-teemme\/varainhankinta-ja-lahjoitukset\/\" \/>\n<meta property=\"og:site_name\" content=\"Valkeakoski-Tohka\" \/>\n<meta property=\"article:modified_time\" content=\"2024-02-04T06:45:58+00:00\" \/>\n<meta name=\"twitter:card\" content=\"summary_large_image\" \/>\n<meta name=\"twitter:label1\" content=\"Arvioitu lukuaika\" \/>\n\t<meta name=\"twitter:data1\" content=\"2 minuuttia\" \/>\n<script type=\"application\/ld+json\" class=\"yoast-schema-graph\">{\"@context\":\"https:\\\/\\\/schema.org\",\"@graph\":[{\"@type\":\"WebPage\",\"@id\":\"https:\\\/\\\/rotary.fi\\\/valkeakoskitohka\\\/mita-teemme\\\/varainhankinta-ja-lahjoitukset\\\/\",\"url\":\"https:\\\/\\\/rotary.fi\\\/valkeakoskitohka\\\/mita-teemme\\\/varainhankinta-ja-lahjoitukset\\\/\",\"name\":\"Varainhankinta ja lahjoitukset - Valkeakoski-Tohka\",\"isPartOf\":{\"@id\":\"https:\\\/\\\/rotary.fi\\\/valkeakoskitohka\\\/#website\"},\"datePublished\":\"2018-08-13T06:47:58+00:00\",\"dateModified\":\"2024-02-04T06:45:58+00:00\",\"breadcrumb\":{\"@id\":\"https:\\\/\\\/rotary.fi\\\/valkeakoskitohka\\\/mita-teemme\\\/varainhankinta-ja-lahjoitukset\\\/#breadcrumb\"},\"inLanguage\":\"fi\",\"potentialAction\":[{\"@type\":\"ReadAction\",\"target\":[\"https:\\\/\\\/rotary.fi\\\/valkeakoskitohka\\\/mita-teemme\\\/varainhankinta-ja-lahjoitukset\\\/\"]}]},{\"@type\":\"BreadcrumbList\",\"@id\":\"https:\\\/\\\/rotary.fi\\\/valkeakoskitohka\\\/mita-teemme\\\/varainhankinta-ja-lahjoitukset\\\/#breadcrumb\",\"itemListElement\":[{\"@type\":\"ListItem\",\"position\":1,\"name\":\"Home\",\"item\":\"https:\\\/\\\/rotary.fi\\\/valkeakoskitohka\\\/\"},{\"@type\":\"ListItem\",\"position\":2,\"name\":\"Mit\u00e4 teemme\",\"item\":\"https:\\\/\\\/rotary.fi\\\/valkeakoskitohka\\\/mita-teemme\\\/\"},{\"@type\":\"ListItem\",\"position\":3,\"name\":\"Varainhankinta ja lahjoitukset\"}]},{\"@type\":\"WebSite\",\"@id\":\"https:\\\/\\\/rotary.fi\\\/valkeakoskitohka\\\/#website\",\"url\":\"https:\\\/\\\/rotary.fi\\\/valkeakoskitohka\\\/\",\"name\":\"Valkeakoski-Tohka\",\"description\":\"Uusi Rotary klubisivusto\",\"potentialAction\":[{\"@type\":\"SearchAction\",\"target\":{\"@type\":\"EntryPoint\",\"urlTemplate\":\"https:\\\/\\\/rotary.fi\\\/valkeakoskitohka\\\/?s={search_term_string}\"},\"query-input\":{\"@type\":\"PropertyValueSpecification\",\"valueRequired\":true,\"valueName\":\"search_term_string\"}}],\"inLanguage\":\"fi\"}]}<\/script>\n<!-- \/ Yoast SEO plugin. -->","yoast_head_json":{"title":"Varainhankinta ja lahjoitukset - Valkeakoski-Tohka","robots":{"index":"index","follow":"follow","max-snippet":"max-snippet:-1","max-image-preview":"max-image-preview:large","max-video-preview":"max-video-preview:-1"},"canonical":"https:\/\/rotary.fi\/valkeakoskitohka\/mita-teemme\/varainhankinta-ja-lahjoitukset\/","og_locale":"fi_FI","og_type":"article","og_title":"Varainhankinta ja lahjoitukset - Valkeakoski-Tohka","og_description":"Varainhankinta ja lahjoitukset Varainhankinta ja lahjoitukset Rotaryklubimme on mukana sek\u00e4 paikallisessa ett\u00e4 maailmanlaajuisessa palveluty\u00f6ss\u00e4 monin eri tavoin. Palveluty\u00f6ss\u00e4 tarvittavat varat ker\u00e4\u00e4mme paitsi j\u00e4senmaksuilla my\u00f6s erilaisin ker\u00e4ys- ja myyntitempauksin. S\u00e4\u00e4nn\u00f6llisin varausker\u00e4ysmuotomme on viime vuosina ollut pullotalkoot, joissa muutaman kuukauden v\u00e4lein palautamme Citymarketiin eksyneet Lidlin pullot ja t\u00f6lkit oikeaan osoitteeseen (kuvassa alla). T\u00e4m\u00e4n varainkeruun ideoi ja mahdollistaa [&hellip;]","og_url":"https:\/\/rotary.fi\/valkeakoskitohka\/mita-teemme\/varainhankinta-ja-lahjoitukset\/","og_site_name":"Valkeakoski-Tohka","article_modified_time":"2024-02-04T06:45:58+00:00","twitter_card":"summary_large_image","twitter_misc":{"Arvioitu lukuaika":"2 minuuttia"},"schema":{"@context":"https:\/\/schema.org","@graph":[{"@type":"WebPage","@id":"https:\/\/rotary.fi\/valkeakoskitohka\/mita-teemme\/varainhankinta-ja-lahjoitukset\/","url":"https:\/\/rotary.fi\/valkeakoskitohka\/mita-teemme\/varainhankinta-ja-lahjoitukset\/","name":"Varainhankinta ja lahjoitukset - Valkeakoski-Tohka","isPartOf":{"@id":"https:\/\/rotary.fi\/valkeakoskitohka\/#website"},"datePublished":"2018-08-13T06:47:58+00:00","dateModified":"2024-02-04T06:45:58+00:00","breadcrumb":{"@id":"https:\/\/rotary.fi\/valkeakoskitohka\/mita-teemme\/varainhankinta-ja-lahjoitukset\/#breadcrumb"},"inLanguage":"fi","potentialAction":[{"@type":"ReadAction","target":["https:\/\/rotary.fi\/valkeakoskitohka\/mita-teemme\/varainhankinta-ja-lahjoitukset\/"]}]},{"@type":"BreadcrumbList","@id":"https:\/\/rotary.fi\/valkeakoskitohka\/mita-teemme\/varainhankinta-ja-lahjoitukset\/#breadcrumb","itemListElement":[{"@type":"ListItem","position":1,"name":"Home","item":"https:\/\/rotary.fi\/valkeakoskitohka\/"},{"@type":"ListItem","position":2,"name":"Mit\u00e4 teemme","item":"https:\/\/rotary.fi\/valkeakoskitohka\/mita-teemme\/"},{"@type":"ListItem","position":3,"name":"Varainhankinta ja lahjoitukset"}]},{"@type":"WebSite","@id":"https:\/\/rotary.fi\/valkeakoskitohka\/#website","url":"https:\/\/rotary.fi\/valkeakoskitohka\/","name":"Valkeakoski-Tohka","description":"Uusi Rotary klubisivusto","potentialAction":[{"@type":"SearchAction","target":{"@type":"EntryPoint","urlTemplate":"https:\/\/rotary.fi\/valkeakoskitohka\/?s={search_term_string}"},"query-input":{"@type":"PropertyValueSpecification","valueRequired":true,"valueName":"search_term_string"}}],"inLanguage":"fi"}]}},"lang":"fi","translations":{"fi":158,"en":1453},"pll_sync_post":[],"_links":{"self":[{"href":"https:\/\/rotary.fi\/valkeakoskitohka\/wp-json\/wp\/v2\/pages\/158","targetHints":{"allow":["GET"]}}],"collection":[{"href":"https:\/\/rotary.fi\/valkeakoskitohka\/wp-json\/wp\/v2\/pages"}],"about":[{"href":"https:\/\/rotary.fi\/valkeakoskitohka\/wp-json\/wp\/v2\/types\/page"}],"author":[{"embeddable":true,"href":"https:\/\/rotary.fi\/valkeakoskitohka\/wp-json\/wp\/v2\/users\/1"}],"replies":[{"embeddable":true,"href":"https:\/\/rotary.fi\/valkeakoskitohka\/wp-json\/wp\/v2\/comments?post=158"}],"version-history":[{"count":11,"href":"https:\/\/rotary.fi\/valkeakoskitohka\/wp-json\/wp\/v2\/pages\/158\/revisions"}],"predecessor-version":[{"id":2293,"href":"https:\/\/rotary.fi\/valkeakoskitohka\/wp-json\/wp\/v2\/pages\/158\/revisions\/2293"}],"up":[{"embeddable":true,"href":"https:\/\/rotary.fi\/valkeakoskitohka\/wp-json\/wp\/v2\/pages\/77"}],"wp:attachment":[{"href":"https:\/\/rotary.fi\/valkeakoskitohka\/wp-json\/wp\/v2\/media?parent=158"}],"curies":[{"name":"wp","href":"https:\/\/api.w.org\/{rel}","templated":true}]}}