{"id":154,"date":"2018-08-13T09:35:27","date_gmt":"2018-08-13T06:35:27","guid":{"rendered":"https:\/\/rotary.fi\/valkeakoskitohka\/?page_id=154"},"modified":"2024-08-28T15:33:24","modified_gmt":"2024-08-28T12:33:24","slug":"nuorisovaihto","status":"publish","type":"page","link":"https:\/\/rotary.fi\/valkeakoskitohka\/mita-teemme\/nuorisovaihto\/","title":{"rendered":"Nuorisovaihto"},"content":{"rendered":"<p>[et_pb_section fb_built=&#8221;1&#8243; module_class=&#8221;jumbotron-page&#8221; _builder_version=&#8221;4.16&#8243; background_image=&#8221;https:\/\/rotary.fi\/valkeakoskitohka\/wp-content\/uploads\/sites\/123\/2018\/10\/rotary_klubit_alasivu_paakuva_9.jpg&#8221; global_colors_info=&#8221;{}&#8221;][et_pb_row _builder_version=&#8221;4.16&#8243; background_size=&#8221;initial&#8221; background_position=&#8221;top_left&#8221; background_repeat=&#8221;repeat&#8221; global_colors_info=&#8221;{}&#8221;][et_pb_column type=&#8221;4_4&#8243; _builder_version=&#8221;4.16&#8243; custom_padding=&#8221;|||&#8221; global_colors_info=&#8221;{}&#8221; custom_padding__hover=&#8221;|||&#8221;][et_pb_text admin_label=&#8221;P\u00e4\u00e4otsikko&#8221; _builder_version=&#8221;4.16&#8243; text_orientation=&#8221;center&#8221; background_layout=&#8221;dark&#8221; global_colors_info=&#8221;{}&#8221;]<\/p>\n<h1>Nuorisovaihto<\/h1>\n<p>[\/et_pb_text][\/et_pb_column][\/et_pb_row][\/et_pb_section][et_pb_section fb_built=&#8221;1&#8243; specialty=&#8221;on&#8221; module_class_2=&#8221;sivupalkki&#8221; _builder_version=&#8221;4.16&#8243; global_colors_info=&#8221;{}&#8221;][et_pb_column type=&#8221;2_3&#8243; specialty_columns=&#8221;2&#8243; _builder_version=&#8221;4.16&#8243; custom_padding=&#8221;|||&#8221; global_colors_info=&#8221;{}&#8221; parallax__hover=&#8221;off&#8221; parallax_method__hover=&#8221;on&#8221; custom_padding__hover=&#8221;|||&#8221;][et_pb_row_inner admin_label=&#8221;Rivi&#8221; _builder_version=&#8221;4.16&#8243; global_colors_info=&#8221;{}&#8221;][et_pb_column_inner saved_specialty_column_type=&#8221;2_3&#8243; _builder_version=&#8221;4.16&#8243; custom_padding=&#8221;|||&#8221; global_colors_info=&#8221;{}&#8221; parallax__hover=&#8221;off&#8221; parallax_method__hover=&#8221;on&#8221; custom_padding__hover=&#8221;|||&#8221;][et_pb_text admin_label=&#8221;Nuorisovaihto &#8211; Otsikko&#8221; _builder_version=&#8221;4.16&#8243; text_orientation=&#8221;center&#8221; global_colors_info=&#8221;{}&#8221;]<\/p>\n<h1>Nuorisovaihto<\/h1>\n<p>[\/et_pb_text][et_pb_text _builder_version=&#8221;4.16&#8243; global_colors_info=&#8221;{}&#8221;]<\/p>\n<p class=\"p1\"><span class=\"s1\">Rotaryn nuorisovaihto on turvallinen ja usein varsin edullinen tapa l\u00e4hte\u00e4 ulkomaille vaihto-oppilaaksi. Rotaryn nuorisovaihto on sertifioitua ja valvottua. Nuorta sitovat rotareiden ohjeet ja s\u00e4\u00e4nn\u00f6t, mik\u00e4 on osa turvallisuutta. Nuori ja h\u00e4nen perheens\u00e4 koulutetaan vaihtovuoden vaatimuksiin ennen nuoren l\u00e4ht\u00f6\u00e4. <\/span><\/p>\n<p class=\"p1\"><span class=\"s1\">Vastaanottava perhe ottaa nuoren perheenj\u00e4senekseen. Vastaanottava rotaryklubi huolehtii mm. vaihto-oppilaan koulukustannuksista. Nuori saa my\u00f6s pient\u00e4 kuukausirahaa klubiltaan. Perhe ei saa rahallista korvausta nuoren yll\u00e4pidosta.<\/span><\/p>\n<p class=\"p1\"><span class=\"s1\">Suomeen saapuville vaihto-oppilaille tarvitaan is\u00e4nt\u00e4perheit\u00e4. Nuori on vaihtovuotensa aikana yleens\u00e4 kolmessa perheess\u00e4, noin nelj\u00e4 kuukautta jokaisessa. Jos haluat tarjota turvallisen kodin Suomeen saapuvalle nuorelle, ota yhteytt\u00e4 klubimme nuorisovaihtoasiamieheen.\u00a0<\/span><\/p>\n<p class=\"p1\"><span class=\"s1\">Kun rotaryklubi ottaa vastaan ulkomaisen vaihto-oppilaan, se tarkoittaa samalla, ett\u00e4 meilt\u00e4 vastavuoroisesti p\u00e4\u00e4see nuori ulkomaille. Ulkomailla koulunk\u00e4ynti ei suinkaan aina ole oppilaalle ilmaista, mutta nuoren vastaanottava rotaryklubi vastaa n\u00e4ist\u00e4kin kustannuksista. Nuori saa samat edut ja huolenpidon kuin maahamme saapuva nuori. <\/span><\/p>\n<p>[\/et_pb_text][\/et_pb_column_inner][\/et_pb_row_inner][et_pb_row_inner admin_label=&#8221;Rivi&#8221; _builder_version=&#8221;4.16&#8243; global_colors_info=&#8221;{}&#8221;][et_pb_column_inner saved_specialty_column_type=&#8221;2_3&#8243; _builder_version=&#8221;4.16&#8243; custom_padding=&#8221;|||&#8221; global_colors_info=&#8221;{}&#8221; parallax__hover=&#8221;off&#8221; parallax_method__hover=&#8221;on&#8221; custom_padding__hover=&#8221;|||&#8221;][et_pb_text admin_label=&#8221;Kiinnostuitko nuorisovaihdosta? &#8211; Otsikko&#8221; _builder_version=&#8221;4.16&#8243; text_orientation=&#8221;center&#8221; global_colors_info=&#8221;{}&#8221;]<\/p>\n<h4>Kiinnostuitko nuorisovaihdosta?<\/h4>\n<p>[\/et_pb_text][et_pb_text admin_label=&#8221;Teksti&#8221; _builder_version=&#8221;4.27.0&#8243; global_colors_info=&#8221;{}&#8221;]<\/p>\n<p class=\"p1\"><span class=\"s1\">Rotaryn kautta voit p\u00e4\u00e4st\u00e4 vuosivaihtoon, kes\u00e4vaihtoon tai leirivaihtoon. N\u00e4ist\u00e4 eri vaihtomuodoista voit<span class=\"Apple-converted-space\">\u00a0 <\/span>lukea lis\u00e4\u00e4 Suomen Rotaryn <\/span><a href=\"https:\/\/rotary.fi\/mita-teemme\/nuorisopalvelut\/nuorisovaihto\/\" target=\"_blank\" rel=\"noopener noreferrer\"><span class=\"s2\">nuorisovaihdon<\/span><\/a><span class=\"s1\"> sivuilta.<\/span><span class=\"s3\">\u00a0<\/span><span class=\"s1\">Hakuaika seuraavan vuoden vaihtoihin on hakuvuotta edelt\u00e4v\u00e4n\u00e4 syksyn\u00e4. Jos kiinnostuit, ota yhteytt\u00e4 klubimme nuorisoasiamieheen ja kysy, l\u00e4het\u00e4mmek\u00f6 vaihto-oppilaan tulevana vuonna. <\/span><\/p>\n<p class=\"p2\"><strong><span class=\"s4\">Kysy rohkeasti lis\u00e4\u00e4 nuorisovaihdosta!<br \/><\/span><\/strong><\/p>\n<p class=\"p2\"><span class=\"s1\">Klubimme nuorisovaihtoasiamies:<\/span><\/p>\n<p class=\"p2\"><b>Klubi ei l\u00e4het\u00e4 eik\u00e4 vastaanota vaihto-oppilaita 2024-2025. Jatkosta voi kysy\u00e4 nisseforsstrom@gmail.com<\/b><\/p>\n<p>[\/et_pb_text][\/et_pb_column_inner][\/et_pb_row_inner][\/et_pb_column][et_pb_column type=&#8221;1_3&#8243; module_class=&#8221;sivupalkki&#8221; _builder_version=&#8221;4.16&#8243; custom_padding=&#8221;|||&#8221; global_colors_info=&#8221;{}&#8221; parallax__hover=&#8221;off&#8221; parallax_method__hover=&#8221;on&#8221; module_class__hover=&#8221;sivupalkki&#8221; custom_padding__hover=&#8221;|||&#8221;][et_pb_sidebar area=&#8221;sidebar-1&#8243; module_class=&#8221;sivupalkki_sisalto&#8221; _builder_version=&#8221;4.16&#8243; locked=&#8221;on&#8221; global_colors_info=&#8221;{}&#8221;][\/et_pb_sidebar][\/et_pb_column][\/et_pb_section]<\/p>\n","protected":false},"excerpt":{"rendered":"<p>Nuorisovaihto Nuorisovaihto Rotaryn nuorisovaihto on turvallinen ja usein varsin edullinen tapa l\u00e4hte\u00e4 ulkomaille vaihto-oppilaaksi. Rotaryn nuorisovaihto on sertifioitua ja valvottua. Nuorta sitovat rotareiden ohjeet ja s\u00e4\u00e4nn\u00f6t, mik\u00e4 on osa turvallisuutta. Nuori ja h\u00e4nen perheens\u00e4 koulutetaan vaihtovuoden vaatimuksiin ennen nuoren l\u00e4ht\u00f6\u00e4. Vastaanottava perhe ottaa nuoren perheenj\u00e4senekseen. Vastaanottava rotaryklubi huolehtii mm. vaihto-oppilaan koulukustannuksista. Nuori saa my\u00f6s pient\u00e4 [&hellip;]<\/p>\n","protected":false},"author":1,"featured_media":0,"parent":77,"menu_order":0,"comment_status":"closed","ping_status":"closed","template":"","meta":{"_acf_changed":false,"_et_pb_use_builder":"on","_et_pb_old_content":"","_et_gb_content_width":"","footnotes":""},"class_list":["post-154","page","type-page","status-publish","hentry"],"acf":[],"yoast_head":"<!-- This site is optimized with the Yoast SEO plugin v27.4 - https:\/\/yoast.com\/product\/yoast-seo-wordpress\/ -->\n<title>Nuorisovaihto - Valkeakoski-Tohka<\/title>\n<meta name=\"robots\" content=\"index, follow, max-snippet:-1, max-image-preview:large, max-video-preview:-1\" \/>\n<link rel=\"canonical\" href=\"https:\/\/rotary.fi\/valkeakoskitohka\/mita-teemme\/nuorisovaihto\/\" \/>\n<meta property=\"og:locale\" content=\"fi_FI\" \/>\n<meta property=\"og:type\" content=\"article\" \/>\n<meta property=\"og:title\" content=\"Nuorisovaihto - Valkeakoski-Tohka\" \/>\n<meta property=\"og:description\" content=\"Nuorisovaihto Nuorisovaihto Rotaryn nuorisovaihto on turvallinen ja usein varsin edullinen tapa l\u00e4hte\u00e4 ulkomaille vaihto-oppilaaksi. Rotaryn nuorisovaihto on sertifioitua ja valvottua. Nuorta sitovat rotareiden ohjeet ja s\u00e4\u00e4nn\u00f6t, mik\u00e4 on osa turvallisuutta. Nuori ja h\u00e4nen perheens\u00e4 koulutetaan vaihtovuoden vaatimuksiin ennen nuoren l\u00e4ht\u00f6\u00e4. Vastaanottava perhe ottaa nuoren perheenj\u00e4senekseen. Vastaanottava rotaryklubi huolehtii mm. vaihto-oppilaan koulukustannuksista. Nuori saa my\u00f6s pient\u00e4 [&hellip;]\" \/>\n<meta property=\"og:url\" content=\"https:\/\/rotary.fi\/valkeakoskitohka\/mita-teemme\/nuorisovaihto\/\" \/>\n<meta property=\"og:site_name\" content=\"Valkeakoski-Tohka\" \/>\n<meta property=\"article:modified_time\" content=\"2024-08-28T12:33:24+00:00\" \/>\n<meta name=\"twitter:card\" content=\"summary_large_image\" \/>\n<meta name=\"twitter:label1\" content=\"Arvioitu lukuaika\" \/>\n\t<meta name=\"twitter:data1\" content=\"2 minuuttia\" \/>\n<script type=\"application\/ld+json\" class=\"yoast-schema-graph\">{\"@context\":\"https:\\\/\\\/schema.org\",\"@graph\":[{\"@type\":\"WebPage\",\"@id\":\"https:\\\/\\\/rotary.fi\\\/valkeakoskitohka\\\/mita-teemme\\\/nuorisovaihto\\\/\",\"url\":\"https:\\\/\\\/rotary.fi\\\/valkeakoskitohka\\\/mita-teemme\\\/nuorisovaihto\\\/\",\"name\":\"Nuorisovaihto - Valkeakoski-Tohka\",\"isPartOf\":{\"@id\":\"https:\\\/\\\/rotary.fi\\\/valkeakoskitohka\\\/#website\"},\"datePublished\":\"2018-08-13T06:35:27+00:00\",\"dateModified\":\"2024-08-28T12:33:24+00:00\",\"breadcrumb\":{\"@id\":\"https:\\\/\\\/rotary.fi\\\/valkeakoskitohka\\\/mita-teemme\\\/nuorisovaihto\\\/#breadcrumb\"},\"inLanguage\":\"fi\",\"potentialAction\":[{\"@type\":\"ReadAction\",\"target\":[\"https:\\\/\\\/rotary.fi\\\/valkeakoskitohka\\\/mita-teemme\\\/nuorisovaihto\\\/\"]}]},{\"@type\":\"BreadcrumbList\",\"@id\":\"https:\\\/\\\/rotary.fi\\\/valkeakoskitohka\\\/mita-teemme\\\/nuorisovaihto\\\/#breadcrumb\",\"itemListElement\":[{\"@type\":\"ListItem\",\"position\":1,\"name\":\"Home\",\"item\":\"https:\\\/\\\/rotary.fi\\\/valkeakoskitohka\\\/\"},{\"@type\":\"ListItem\",\"position\":2,\"name\":\"Mit\u00e4 teemme\",\"item\":\"https:\\\/\\\/rotary.fi\\\/valkeakoskitohka\\\/mita-teemme\\\/\"},{\"@type\":\"ListItem\",\"position\":3,\"name\":\"Nuorisovaihto\"}]},{\"@type\":\"WebSite\",\"@id\":\"https:\\\/\\\/rotary.fi\\\/valkeakoskitohka\\\/#website\",\"url\":\"https:\\\/\\\/rotary.fi\\\/valkeakoskitohka\\\/\",\"name\":\"Valkeakoski-Tohka\",\"description\":\"Uusi Rotary klubisivusto\",\"potentialAction\":[{\"@type\":\"SearchAction\",\"target\":{\"@type\":\"EntryPoint\",\"urlTemplate\":\"https:\\\/\\\/rotary.fi\\\/valkeakoskitohka\\\/?s={search_term_string}\"},\"query-input\":{\"@type\":\"PropertyValueSpecification\",\"valueRequired\":true,\"valueName\":\"search_term_string\"}}],\"inLanguage\":\"fi\"}]}<\/script>\n<!-- \/ Yoast SEO plugin. -->","yoast_head_json":{"title":"Nuorisovaihto - Valkeakoski-Tohka","robots":{"index":"index","follow":"follow","max-snippet":"max-snippet:-1","max-image-preview":"max-image-preview:large","max-video-preview":"max-video-preview:-1"},"canonical":"https:\/\/rotary.fi\/valkeakoskitohka\/mita-teemme\/nuorisovaihto\/","og_locale":"fi_FI","og_type":"article","og_title":"Nuorisovaihto - Valkeakoski-Tohka","og_description":"Nuorisovaihto Nuorisovaihto Rotaryn nuorisovaihto on turvallinen ja usein varsin edullinen tapa l\u00e4hte\u00e4 ulkomaille vaihto-oppilaaksi. Rotaryn nuorisovaihto on sertifioitua ja valvottua. Nuorta sitovat rotareiden ohjeet ja s\u00e4\u00e4nn\u00f6t, mik\u00e4 on osa turvallisuutta. Nuori ja h\u00e4nen perheens\u00e4 koulutetaan vaihtovuoden vaatimuksiin ennen nuoren l\u00e4ht\u00f6\u00e4. Vastaanottava perhe ottaa nuoren perheenj\u00e4senekseen. Vastaanottava rotaryklubi huolehtii mm. vaihto-oppilaan koulukustannuksista. Nuori saa my\u00f6s pient\u00e4 [&hellip;]","og_url":"https:\/\/rotary.fi\/valkeakoskitohka\/mita-teemme\/nuorisovaihto\/","og_site_name":"Valkeakoski-Tohka","article_modified_time":"2024-08-28T12:33:24+00:00","twitter_card":"summary_large_image","twitter_misc":{"Arvioitu lukuaika":"2 minuuttia"},"schema":{"@context":"https:\/\/schema.org","@graph":[{"@type":"WebPage","@id":"https:\/\/rotary.fi\/valkeakoskitohka\/mita-teemme\/nuorisovaihto\/","url":"https:\/\/rotary.fi\/valkeakoskitohka\/mita-teemme\/nuorisovaihto\/","name":"Nuorisovaihto - Valkeakoski-Tohka","isPartOf":{"@id":"https:\/\/rotary.fi\/valkeakoskitohka\/#website"},"datePublished":"2018-08-13T06:35:27+00:00","dateModified":"2024-08-28T12:33:24+00:00","breadcrumb":{"@id":"https:\/\/rotary.fi\/valkeakoskitohka\/mita-teemme\/nuorisovaihto\/#breadcrumb"},"inLanguage":"fi","potentialAction":[{"@type":"ReadAction","target":["https:\/\/rotary.fi\/valkeakoskitohka\/mita-teemme\/nuorisovaihto\/"]}]},{"@type":"BreadcrumbList","@id":"https:\/\/rotary.fi\/valkeakoskitohka\/mita-teemme\/nuorisovaihto\/#breadcrumb","itemListElement":[{"@type":"ListItem","position":1,"name":"Home","item":"https:\/\/rotary.fi\/valkeakoskitohka\/"},{"@type":"ListItem","position":2,"name":"Mit\u00e4 teemme","item":"https:\/\/rotary.fi\/valkeakoskitohka\/mita-teemme\/"},{"@type":"ListItem","position":3,"name":"Nuorisovaihto"}]},{"@type":"WebSite","@id":"https:\/\/rotary.fi\/valkeakoskitohka\/#website","url":"https:\/\/rotary.fi\/valkeakoskitohka\/","name":"Valkeakoski-Tohka","description":"Uusi Rotary klubisivusto","potentialAction":[{"@type":"SearchAction","target":{"@type":"EntryPoint","urlTemplate":"https:\/\/rotary.fi\/valkeakoskitohka\/?s={search_term_string}"},"query-input":{"@type":"PropertyValueSpecification","valueRequired":true,"valueName":"search_term_string"}}],"inLanguage":"fi"}]}},"lang":"fi","translations":{"fi":154,"en":1449},"pll_sync_post":[],"_links":{"self":[{"href":"https:\/\/rotary.fi\/valkeakoskitohka\/wp-json\/wp\/v2\/pages\/154","targetHints":{"allow":["GET"]}}],"collection":[{"href":"https:\/\/rotary.fi\/valkeakoskitohka\/wp-json\/wp\/v2\/pages"}],"about":[{"href":"https:\/\/rotary.fi\/valkeakoskitohka\/wp-json\/wp\/v2\/types\/page"}],"author":[{"embeddable":true,"href":"https:\/\/rotary.fi\/valkeakoskitohka\/wp-json\/wp\/v2\/users\/1"}],"replies":[{"embeddable":true,"href":"https:\/\/rotary.fi\/valkeakoskitohka\/wp-json\/wp\/v2\/comments?post=154"}],"version-history":[{"count":10,"href":"https:\/\/rotary.fi\/valkeakoskitohka\/wp-json\/wp\/v2\/pages\/154\/revisions"}],"predecessor-version":[{"id":2313,"href":"https:\/\/rotary.fi\/valkeakoskitohka\/wp-json\/wp\/v2\/pages\/154\/revisions\/2313"}],"up":[{"embeddable":true,"href":"https:\/\/rotary.fi\/valkeakoskitohka\/wp-json\/wp\/v2\/pages\/77"}],"wp:attachment":[{"href":"https:\/\/rotary.fi\/valkeakoskitohka\/wp-json\/wp\/v2\/media?parent=154"}],"curies":[{"name":"wp","href":"https:\/\/api.w.org\/{rel}","templated":true}]}}