{"id":15,"date":"2018-08-08T14:36:36","date_gmt":"2018-08-08T11:36:36","guid":{"rendered":"https:\/\/rotary.fi\/klubi2\/?page_id=15"},"modified":"2024-02-02T12:10:10","modified_gmt":"2024-02-02T10:10:10","slug":"etusivu","status":"publish","type":"page","link":"https:\/\/rotary.fi\/valkeakoskitohka\/","title":{"rendered":"Etusivu"},"content":{"rendered":"<p>[et_pb_section fb_built=&#8221;1&#8243; module_class=&#8221;jumbotron-page&#8221; _builder_version=&#8221;4.16&#8243; background_image=&#8221;https:\/\/rotary.fi\/valkeakoskitohka\/wp-content\/uploads\/sites\/123\/2019\/12\/tohkalaisia-kopio.jpg&#8221; global_colors_info=&#8221;{}&#8221;][et_pb_row _builder_version=&#8221;4.16&#8243; background_size=&#8221;initial&#8221; background_position=&#8221;top_left&#8221; background_repeat=&#8221;repeat&#8221; global_colors_info=&#8221;{}&#8221;][et_pb_column type=&#8221;4_4&#8243; _builder_version=&#8221;4.16&#8243; custom_padding=&#8221;|||&#8221; global_colors_info=&#8221;{}&#8221; custom_padding__hover=&#8221;|||&#8221;][et_pb_text admin_label=&#8221;P\u00e4\u00e4otsikko&#8221; _builder_version=&#8221;4.16&#8243; text_orientation=&#8221;center&#8221; background_layout=&#8221;dark&#8221; global_colors_info=&#8221;{}&#8221;][\/et_pb_text][\/et_pb_column][\/et_pb_row][\/et_pb_section][et_pb_section fb_built=&#8221;1&#8243; specialty=&#8221;on&#8221; module_class_2=&#8221;sivupalkki&#8221; _builder_version=&#8221;4.16&#8243; global_colors_info=&#8221;{}&#8221;][et_pb_column type=&#8221;2_3&#8243; specialty_columns=&#8221;2&#8243; _builder_version=&#8221;4.16&#8243; custom_padding=&#8221;|||&#8221; global_colors_info=&#8221;{}&#8221; custom_padding__hover=&#8221;|||&#8221;][et_pb_row_inner admin_label=&#8221;Rivi&#8221; _builder_version=&#8221;4.16&#8243; global_colors_info=&#8221;{}&#8221;][et_pb_column_inner saved_specialty_column_type=&#8221;2_3&#8243; _builder_version=&#8221;4.16&#8243; custom_padding=&#8221;|||&#8221; global_colors_info=&#8221;{}&#8221; custom_padding__hover=&#8221;|||&#8221;][et_pb_text admin_label=&#8221;Otsikko&#8221; _builder_version=&#8221;4.16&#8243; text_orientation=&#8221;center&#8221; global_colors_info=&#8221;{}&#8221;]<\/p>\n<h1 style=\"text-align: center\">Valkeakoski-Tohka RC<\/h1>\n<p>[\/et_pb_text][et_pb_text _builder_version=&#8221;4.22.1&#8243; hover_enabled=&#8221;0&#8243; global_colors_info=&#8221;{}&#8221; admin_label=&#8221;Teksti&#8221; sticky_enabled=&#8221;0&#8243;]<\/p>\n<p>Valkeakoski-Tohka on yli 40-vuotias rotaryklubi, jossa on noin 45 j\u00e4sent\u00e4 (1.1.2024) Olemme yksi piirimme suurimmista ja aktiivisimmista klubeista.<\/p>\n<p>Otamme tosissamme kansainv\u00e4lisen rotaryliikkeen tunnuslauseen <strong>Palvelu itsekkyyden edelle.<\/strong> Ideoimme ja toteutamme paikallista yhteis\u00f6\u00e4 ja seutukuntaa kehitt\u00e4vi\u00e4 palveluprojekteja ja lahjoitamme hyviin tarkoituksiin. Edist\u00e4mme hyv\u00e4\u00e4 maailmassa Rotarys\u00e4\u00e4ti\u00f6n kautta.<\/p>\n<p>Tohkalaisena saat mahdollisuuden toimia l\u00e4hiyhteis\u00f6si hyv\u00e4ksi ja vaikuttaa laajemminkin. Joka perjantaisissa kokouksissa kuulet kiinnostavia <a href=\"https:\/\/rotary.fi\/valkeakoskitohka\/ajankohtaista\/tapahtumakalenteri\/\">esitelmi\u00e4<\/a>, luot mahtavan sosiaalisen verkoston ja saat elinik\u00e4isi\u00e4 yst\u00e4vi\u00e4.<\/p>\n<p>Tule mukaan palvelemaan!<\/p>\n<p>[\/et_pb_text][et_pb_image src=&#8221;https:\/\/rotary.fi\/valkeakoskitohka\/wp-content\/uploads\/sites\/123\/2019\/12\/koski-kopio.jpg&#8221; align=&#8221;center&#8221; _builder_version=&#8221;4.16&#8243; custom_margin=&#8221;0px||||false|false&#8221; border_width_all=&#8221;1px&#8221; border_color_all=&#8221;#000000&#8243; box_shadow_style=&#8221;preset6&#8243; global_colors_info=&#8221;{}&#8221;][\/et_pb_image][et_pb_text _builder_version=&#8221;4.16&#8243; global_colors_info=&#8221;{}&#8221;]<\/p>\n<p>Tutustu Valkeakosken palveluihin, elinkeinoihin ja matkailuun <a href=\"http:\/\/www.valkeakoski.fi\/portal\/\">t\u00e4\u00e4ll\u00e4<\/a>.<\/p>\n<p>[\/et_pb_text][\/et_pb_column_inner][\/et_pb_row_inner][et_pb_row_inner _builder_version=&#8221;4.16&#8243; global_colors_info=&#8221;{}&#8221;][et_pb_column_inner saved_specialty_column_type=&#8221;2_3&#8243; _builder_version=&#8221;4.16&#8243; global_colors_info=&#8221;{}&#8221;][\/et_pb_column_inner][\/et_pb_row_inner][\/et_pb_column][et_pb_column type=&#8221;1_3&#8243; _builder_version=&#8221;4.16&#8243; custom_padding=&#8221;|||&#8221; global_colors_info=&#8221;{}&#8221; custom_padding__hover=&#8221;|||&#8221;][et_pb_sidebar area=&#8221;sidebar-1&#8243; module_class=&#8221;sivupalkki_sisalto&#8221; _builder_version=&#8221;4.16&#8243; global_colors_info=&#8221;{}&#8221;][\/et_pb_sidebar][\/et_pb_column][\/et_pb_section]<\/p>\n","protected":false},"excerpt":{"rendered":"<p>Valkeakoski-Tohka RCValkeakoski-Tohka on yli 40-vuotias rotaryklubi, jossa on noin 45 j\u00e4sent\u00e4 (1.1.2024) Olemme yksi piirimme suurimmista ja aktiivisimmista klubeista. Otamme tosissamme kansainv\u00e4lisen rotaryliikkeen tunnuslauseen Palvelu itsekkyyden edelle. Ideoimme ja toteutamme paikallista yhteis\u00f6\u00e4 ja seutukuntaa kehitt\u00e4vi\u00e4 palveluprojekteja ja lahjoitamme hyviin tarkoituksiin. Edist\u00e4mme hyv\u00e4\u00e4 maailmassa Rotarys\u00e4\u00e4ti\u00f6n kautta. Tohkalaisena saat mahdollisuuden toimia l\u00e4hiyhteis\u00f6si hyv\u00e4ksi ja vaikuttaa laajemminkin. Joka [&hellip;]<\/p>\n","protected":false},"author":1,"featured_media":0,"parent":0,"menu_order":0,"comment_status":"closed","ping_status":"closed","template":"","meta":{"_acf_changed":false,"_et_pb_use_builder":"on","_et_pb_old_content":"","_et_gb_content_width":"","footnotes":""},"class_list":["post-15","page","type-page","status-publish","hentry"],"acf":[],"yoast_head":"<!-- This site is optimized with the Yoast SEO plugin v27.4 - https:\/\/yoast.com\/product\/yoast-seo-wordpress\/ -->\n<title>Etusivu - Valkeakoski-Tohka<\/title>\n<meta name=\"robots\" content=\"index, follow, max-snippet:-1, max-image-preview:large, max-video-preview:-1\" \/>\n<link rel=\"canonical\" href=\"https:\/\/rotary.fi\/valkeakoskitohka\/\" \/>\n<meta property=\"og:locale\" content=\"fi_FI\" \/>\n<meta property=\"og:type\" content=\"article\" \/>\n<meta property=\"og:title\" content=\"Etusivu - Valkeakoski-Tohka\" \/>\n<meta property=\"og:description\" content=\"Valkeakoski-Tohka RCValkeakoski-Tohka on yli 40-vuotias rotaryklubi, jossa on noin 45 j\u00e4sent\u00e4 (1.1.2024) Olemme yksi piirimme suurimmista ja aktiivisimmista klubeista. Otamme tosissamme kansainv\u00e4lisen rotaryliikkeen tunnuslauseen Palvelu itsekkyyden edelle. Ideoimme ja toteutamme paikallista yhteis\u00f6\u00e4 ja seutukuntaa kehitt\u00e4vi\u00e4 palveluprojekteja ja lahjoitamme hyviin tarkoituksiin. Edist\u00e4mme hyv\u00e4\u00e4 maailmassa Rotarys\u00e4\u00e4ti\u00f6n kautta. Tohkalaisena saat mahdollisuuden toimia l\u00e4hiyhteis\u00f6si hyv\u00e4ksi ja vaikuttaa laajemminkin. Joka [&hellip;]\" \/>\n<meta property=\"og:url\" content=\"https:\/\/rotary.fi\/valkeakoskitohka\/\" \/>\n<meta property=\"og:site_name\" content=\"Valkeakoski-Tohka\" \/>\n<meta property=\"article:modified_time\" content=\"2024-02-02T10:10:10+00:00\" \/>\n<meta name=\"twitter:card\" content=\"summary_large_image\" \/>\n<meta name=\"twitter:label1\" content=\"Arvioitu lukuaika\" \/>\n\t<meta name=\"twitter:data1\" content=\"2 minuuttia\" \/>\n<script type=\"application\/ld+json\" class=\"yoast-schema-graph\">{\"@context\":\"https:\\\/\\\/schema.org\",\"@graph\":[{\"@type\":\"WebPage\",\"@id\":\"https:\\\/\\\/rotary.fi\\\/valkeakoskitohka\\\/\",\"url\":\"https:\\\/\\\/rotary.fi\\\/valkeakoskitohka\\\/\",\"name\":\"Etusivu - Valkeakoski-Tohka\",\"isPartOf\":{\"@id\":\"https:\\\/\\\/rotary.fi\\\/valkeakoskitohka\\\/#website\"},\"datePublished\":\"2018-08-08T11:36:36+00:00\",\"dateModified\":\"2024-02-02T10:10:10+00:00\",\"breadcrumb\":{\"@id\":\"https:\\\/\\\/rotary.fi\\\/valkeakoskitohka\\\/#breadcrumb\"},\"inLanguage\":\"fi\",\"potentialAction\":[{\"@type\":\"ReadAction\",\"target\":[\"https:\\\/\\\/rotary.fi\\\/valkeakoskitohka\\\/\"]}]},{\"@type\":\"BreadcrumbList\",\"@id\":\"https:\\\/\\\/rotary.fi\\\/valkeakoskitohka\\\/#breadcrumb\",\"itemListElement\":[{\"@type\":\"ListItem\",\"position\":1,\"name\":\"Home\",\"item\":\"https:\\\/\\\/rotary.fi\\\/valkeakoskitohka\\\/\"},{\"@type\":\"ListItem\",\"position\":2,\"name\":\"Etusivu\"}]},{\"@type\":\"WebSite\",\"@id\":\"https:\\\/\\\/rotary.fi\\\/valkeakoskitohka\\\/#website\",\"url\":\"https:\\\/\\\/rotary.fi\\\/valkeakoskitohka\\\/\",\"name\":\"Valkeakoski-Tohka\",\"description\":\"Uusi Rotary klubisivusto\",\"potentialAction\":[{\"@type\":\"SearchAction\",\"target\":{\"@type\":\"EntryPoint\",\"urlTemplate\":\"https:\\\/\\\/rotary.fi\\\/valkeakoskitohka\\\/?s={search_term_string}\"},\"query-input\":{\"@type\":\"PropertyValueSpecification\",\"valueRequired\":true,\"valueName\":\"search_term_string\"}}],\"inLanguage\":\"fi\"}]}<\/script>\n<!-- \/ Yoast SEO plugin. -->","yoast_head_json":{"title":"Etusivu - Valkeakoski-Tohka","robots":{"index":"index","follow":"follow","max-snippet":"max-snippet:-1","max-image-preview":"max-image-preview:large","max-video-preview":"max-video-preview:-1"},"canonical":"https:\/\/rotary.fi\/valkeakoskitohka\/","og_locale":"fi_FI","og_type":"article","og_title":"Etusivu - Valkeakoski-Tohka","og_description":"Valkeakoski-Tohka RCValkeakoski-Tohka on yli 40-vuotias rotaryklubi, jossa on noin 45 j\u00e4sent\u00e4 (1.1.2024) Olemme yksi piirimme suurimmista ja aktiivisimmista klubeista. Otamme tosissamme kansainv\u00e4lisen rotaryliikkeen tunnuslauseen Palvelu itsekkyyden edelle. Ideoimme ja toteutamme paikallista yhteis\u00f6\u00e4 ja seutukuntaa kehitt\u00e4vi\u00e4 palveluprojekteja ja lahjoitamme hyviin tarkoituksiin. Edist\u00e4mme hyv\u00e4\u00e4 maailmassa Rotarys\u00e4\u00e4ti\u00f6n kautta. Tohkalaisena saat mahdollisuuden toimia l\u00e4hiyhteis\u00f6si hyv\u00e4ksi ja vaikuttaa laajemminkin. Joka [&hellip;]","og_url":"https:\/\/rotary.fi\/valkeakoskitohka\/","og_site_name":"Valkeakoski-Tohka","article_modified_time":"2024-02-02T10:10:10+00:00","twitter_card":"summary_large_image","twitter_misc":{"Arvioitu lukuaika":"2 minuuttia"},"schema":{"@context":"https:\/\/schema.org","@graph":[{"@type":"WebPage","@id":"https:\/\/rotary.fi\/valkeakoskitohka\/","url":"https:\/\/rotary.fi\/valkeakoskitohka\/","name":"Etusivu - Valkeakoski-Tohka","isPartOf":{"@id":"https:\/\/rotary.fi\/valkeakoskitohka\/#website"},"datePublished":"2018-08-08T11:36:36+00:00","dateModified":"2024-02-02T10:10:10+00:00","breadcrumb":{"@id":"https:\/\/rotary.fi\/valkeakoskitohka\/#breadcrumb"},"inLanguage":"fi","potentialAction":[{"@type":"ReadAction","target":["https:\/\/rotary.fi\/valkeakoskitohka\/"]}]},{"@type":"BreadcrumbList","@id":"https:\/\/rotary.fi\/valkeakoskitohka\/#breadcrumb","itemListElement":[{"@type":"ListItem","position":1,"name":"Home","item":"https:\/\/rotary.fi\/valkeakoskitohka\/"},{"@type":"ListItem","position":2,"name":"Etusivu"}]},{"@type":"WebSite","@id":"https:\/\/rotary.fi\/valkeakoskitohka\/#website","url":"https:\/\/rotary.fi\/valkeakoskitohka\/","name":"Valkeakoski-Tohka","description":"Uusi Rotary klubisivusto","potentialAction":[{"@type":"SearchAction","target":{"@type":"EntryPoint","urlTemplate":"https:\/\/rotary.fi\/valkeakoskitohka\/?s={search_term_string}"},"query-input":{"@type":"PropertyValueSpecification","valueRequired":true,"valueName":"search_term_string"}}],"inLanguage":"fi"}]}},"lang":"fi","translations":{"fi":15,"en":1421},"pll_sync_post":[],"_links":{"self":[{"href":"https:\/\/rotary.fi\/valkeakoskitohka\/wp-json\/wp\/v2\/pages\/15","targetHints":{"allow":["GET"]}}],"collection":[{"href":"https:\/\/rotary.fi\/valkeakoskitohka\/wp-json\/wp\/v2\/pages"}],"about":[{"href":"https:\/\/rotary.fi\/valkeakoskitohka\/wp-json\/wp\/v2\/types\/page"}],"author":[{"embeddable":true,"href":"https:\/\/rotary.fi\/valkeakoskitohka\/wp-json\/wp\/v2\/users\/1"}],"replies":[{"embeddable":true,"href":"https:\/\/rotary.fi\/valkeakoskitohka\/wp-json\/wp\/v2\/comments?post=15"}],"version-history":[{"count":10,"href":"https:\/\/rotary.fi\/valkeakoskitohka\/wp-json\/wp\/v2\/pages\/15\/revisions"}],"predecessor-version":[{"id":2284,"href":"https:\/\/rotary.fi\/valkeakoskitohka\/wp-json\/wp\/v2\/pages\/15\/revisions\/2284"}],"wp:attachment":[{"href":"https:\/\/rotary.fi\/valkeakoskitohka\/wp-json\/wp\/v2\/media?parent=15"}],"curies":[{"name":"wp","href":"https:\/\/api.w.org\/{rel}","templated":true}]}}