{"id":1492,"date":"2019-02-21T13:32:18","date_gmt":"2019-02-21T11:32:18","guid":{"rendered":"https:\/\/rotary.fi\/valkeakoskitohka\/?page_id=1492"},"modified":"2019-02-21T13:32:18","modified_gmt":"2019-02-21T11:32:18","slug":"news-and-features","status":"publish","type":"page","link":"https:\/\/rotary.fi\/valkeakoskitohka\/en\/news-and-features\/","title":{"rendered":"News and Features"},"content":{"rendered":"<p>[et_pb_section bb_built=&#8221;1&#8243; _builder_version=&#8221;3.4.1&#8243; background_image=&#8221;https:\/\/rotary.fi\/wp-content\/uploads\/2018\/02\/paakuva-sisasivu1.jpg&#8221; next_background_color=&#8221;#ffffff&#8221; module_class=&#8221;jumbotron-page&#8221;][et_pb_row][et_pb_column type=&#8221;4_4&#8243;][et_pb_text admin_label=&#8221;P\u00e4\u00e4otsikko: News and Features&#8221; _builder_version=&#8221;3.19.5&#8243; text_orientation=&#8221;center&#8221; background_layout=&#8221;dark&#8221;]<\/p>\n<h1>News and Features<\/h1>\n<p>[\/et_pb_text][\/et_pb_column][\/et_pb_row][\/et_pb_section][et_pb_section bb_built=&#8221;1&#8243; specialty=&#8221;on&#8221; prev_background_color=&#8221;#000000&#8243; _builder_version=&#8221;3.4.1&#8243; module_class_2=&#8221;sivupalkki&#8221; locked=&#8221;off&#8221;][et_pb_column type=&#8221;2_3&#8243; specialty_columns=&#8221;2&#8243;][et_pb_row_inner admin_label=&#8221;Rivi&#8221; locked=&#8221;off&#8221; parent_locked=&#8221;off&#8221;][et_pb_column_inner type=&#8221;4_4&#8243; saved_specialty_column_type=&#8221;2_3&#8243;][et_pb_text admin_label=&#8221;Otsikko: News and Features&#8221; _builder_version=&#8221;3.19.5&#8243; text_orientation=&#8221;center&#8221; parent_locked=&#8221;off&#8221;]<\/p>\n<h1>News and Features<\/h1>\n<p>[\/et_pb_text][et_pb_code admin_label=&#8221;Ajankohtaisten listaus&#8221; _builder_version=&#8221;3.19.5&#8243; module_class=&#8221;kaikki_ajankohtaiset&#8221; parent_locked=&#8221;off&#8221;]<ul class=\"display-posts-listing\"><li class=\"listing-item\"><a class=\"title\" href=\"https:\/\/rotary.fi\/valkeakoskitohka\/ajankohtaiset\/tohka-lahjoitti-3000-euroa-diakonialle\/\">Tohka lahjoitti 3000 euroa diakonialle<\/a> <span class=\"date\">5.12. 2025<\/span><\/li><li class=\"listing-item\"><a class=\"title\" href=\"https:\/\/rotary.fi\/valkeakoskitohka\/ajankohtaiset\/minigolf-ja-saunalautta-6-6\/\">Minigolf ja saunalautta 6.6.<\/a> <span class=\"date\">27.5. 2025<\/span><\/li><li class=\"listing-item\"><a class=\"title\" href=\"https:\/\/rotary.fi\/valkeakoskitohka\/ajankohtaiset\/klubineuvottelu-14-5\/\">Ylim\u00e4\u00e4r\u00e4inen kokous ja klubineuvottelu 14.5.<\/a> <span class=\"date\">26.4. 2025<\/span><\/li><li class=\"listing-item\"><a class=\"title\" href=\"https:\/\/rotary.fi\/valkeakoskitohka\/ajankohtaiset\/klubineuvottelu-13-11-iso-herityssa\/\">Klubineuvottelu 13.11. Iso-Herityss\u00e4<\/a> <span class=\"date\">3.11. 2024<\/span><\/li><li class=\"listing-item\"><a class=\"title\" href=\"https:\/\/rotary.fi\/valkeakoskitohka\/ajankohtaiset\/kokous-peruttu-30-8-2024-korvaava-esitelmatilaisuus-16-9\/\">Kokous peruttu 30.8.2024 &#8211; korvaava esitelm\u00e4tilaisuus 16.9.<\/a> <span class=\"date\">28.8. 2024<\/span><\/li><li class=\"listing-item\"><a class=\"title\" href=\"https:\/\/rotary.fi\/valkeakoskitohka\/ajankohtaiset\/vaihto-oppilas-michela-esittaytyi\/\">Vaihto-oppilas Michela esitt\u00e4ytyi<\/a> <span class=\"date\">22.9. 2023<\/span><\/li><li class=\"listing-item\"><a class=\"title\" href=\"https:\/\/rotary.fi\/valkeakoskitohka\/ajankohtaiset\/syyskausi-alkoi-vuosikokous-15-9\/\">Syyskausi alkoi, vuosikokous 15.9.<\/a> <span class=\"date\">31.8. 2023<\/span><\/li><li class=\"listing-item\"><a class=\"title\" href=\"https:\/\/rotary.fi\/valkeakoskitohka\/ajankohtaiset\/tohka-muisti-jalleen-diakoniaa-joululahjalla\/\">Tohka muisti j\u00e4lleen diakoniaa joululahjalla<\/a> <span class=\"date\">13.12. 2022<\/span><\/li><li class=\"listing-item\"><a class=\"title\" href=\"https:\/\/rotary.fi\/valkeakoskitohka\/ajankohtaiset\/syyskausi-alkaa-26-8-ravintola-stellassa\/\">Syyskausi alkaa 26.8. ravintola Stellassa<\/a> <span class=\"date\">25.8. 2022<\/span><\/li><li class=\"listing-item\"><a class=\"title\" href=\"https:\/\/rotary.fi\/valkeakoskitohka\/ajankohtaiset\/tohkan-ymparistoseminaari-oli-menestys-englanniksi\/\">Tohkan ymp\u00e4rist\u00f6seminaari oli menestys (englanniksi)<\/a> <span class=\"date\">4.5. 2022<\/span><\/li><li class=\"listing-item\"><a class=\"title\" href=\"https:\/\/rotary.fi\/valkeakoskitohka\/ajankohtaiset\/vierailu-horsmalahti-oyhyn-6-4\/\">Vierailu Horsmalahti Oy:hyn 6.4.<\/a> <span class=\"date\">2.4. 2022<\/span><\/li><li class=\"listing-item\"><a class=\"title\" href=\"https:\/\/rotary.fi\/valkeakoskitohka\/ajankohtaiset\/8-4-viikkokokous-poikkeuksellisesti-stellassa\/\">8.4. viikkokokous poikkeuksellisesti Stellassa<\/a> <span class=\"date\">2.4. 2022<\/span><\/li><li class=\"listing-item\"><a class=\"title\" href=\"https:\/\/rotary.fi\/valkeakoskitohka\/ajankohtaiset\/projekti-sointulantie-4-a-4-asunto-ukrainan-pakolaisille\/\">Projekti Sointulantie 4 A 4 &#8211; asunto Ukrainan pakolaisille<\/a> <span class=\"date\">21.3. 2022<\/span><\/li><li class=\"listing-item\"><a class=\"title\" href=\"https:\/\/rotary.fi\/valkeakoskitohka\/ajankohtaiset\/viikkokokoukset-jatkuvat\/\">Viikkokokoukset jatkuvat<\/a> <span class=\"date\">6.3. 2022<\/span><\/li><li class=\"listing-item\"><a class=\"title\" href=\"https:\/\/rotary.fi\/valkeakoskitohka\/ajankohtaiset\/helmikuussakaan-ei-kokoonnuta\/\">Helmikuussakaan ei kokoonnuta<\/a> <span class=\"date\">2.2. 2022<\/span><\/li><li class=\"listing-item\"><a class=\"title\" href=\"https:\/\/rotary.fi\/valkeakoskitohka\/ajankohtaiset\/tohka-lahjoitti-kuulosuojaimia-rauhalan-koululle\/\">Tohka lahjoitti kuulosuojaimia Rauhalan koululle<\/a> <span class=\"date\">14.1. 2022<\/span><\/li><li class=\"listing-item\"><a class=\"title\" href=\"https:\/\/rotary.fi\/valkeakoskitohka\/ajankohtaiset\/vuosijuhla-siirtyy\/\">Vuosijuhla siirtyy<\/a> <span class=\"date\">14.1. 2022<\/span><\/li><li class=\"listing-item\"><a class=\"title\" href=\"https:\/\/rotary.fi\/valkeakoskitohka\/ajankohtaiset\/tammikuussa-ei-viikkokokouksia\/\">Tammikuussa ei viikkokokouksia<\/a> <span class=\"date\">14.1. 2022<\/span><\/li><li class=\"listing-item\"><a class=\"title\" href=\"https:\/\/rotary.fi\/valkeakoskitohka\/ajankohtaiset\/tohka-vei-jalleen-jouluiloa-vahavaraisille\/\">Tohka vei j\u00e4lleen jouluiloa v\u00e4h\u00e4varaisille<\/a> <span class=\"date\">10.12. 2021<\/span><\/li><li class=\"listing-item\"><a class=\"title\" href=\"https:\/\/rotary.fi\/valkeakoskitohka\/ajankohtaiset\/esitelmia-vihdoin\/\">Esitelmi\u00e4 (vihdoin)!<\/a> <span class=\"date\">15.9. 2021<\/span><\/li><li class=\"listing-item\"><a class=\"title\" href=\"https:\/\/rotary.fi\/valkeakoskitohka\/ajankohtaiset\/vuosikokous-24-9\/\">Vuosikokous 24.9.<\/a> <span class=\"date\">10.9. 2021<\/span><\/li><li class=\"listing-item\"><a class=\"title\" href=\"https:\/\/rotary.fi\/valkeakoskitohka\/ajankohtaiset\/vitjat-vaihtuivat-paviljongissa-the-4-sounds-savaytti\/\">Vitjat vaihtuivat Paviljongissa &#8211; The 4 Sounds s\u00e4v\u00e4ytti<\/a> <span class=\"date\">13.7. 2021<\/span><\/li><li class=\"listing-item\"><a class=\"title\" href=\"https:\/\/rotary.fi\/valkeakoskitohka\/ajankohtaiset\/klubineuvottelu-waltikassa-torstaina-27-5-2021\/\">Klubineuvottelu Waltikassa torstaina 27.5.2021<\/a> <span class=\"date\">27.5. 2021<\/span><\/li><li class=\"listing-item\"><a class=\"title\" href=\"https:\/\/rotary.fi\/valkeakoskitohka\/ajankohtaiset\/tohka-lahjoitti-sata-piirustuslehtiota\/\">Tohka lahjoitti sata piirustuslehti\u00f6t\u00e4<\/a> <span class=\"date\">28.4. 2021<\/span><\/li><li class=\"listing-item\"><a class=\"title\" href=\"https:\/\/rotary.fi\/valkeakoskitohka\/ajankohtaiset\/kokouksia-aikaisintaan-kesakuussa\/\">Kokouksia aikaisintaan kes\u00e4kuussa<\/a> <span class=\"date\">16.4. 2021<\/span><\/li><li class=\"listing-item\"><a class=\"title\" href=\"https:\/\/rotary.fi\/valkeakoskitohka\/ajankohtaiset\/kokoustauko-jatkuu-2\/\">Kokoustauko jatkuu<\/a> <span class=\"date\">9.3. 2021<\/span><\/li><li class=\"listing-item\"><a class=\"title\" href=\"https:\/\/rotary.fi\/valkeakoskitohka\/ajankohtaiset\/viikkokokouksia-ei-myoskaan-helmikuussa\/\">Viikkokokouksia ei my\u00f6sk\u00e4\u00e4n helmikuussa<\/a> <span class=\"date\">7.2. 2021<\/span><\/li><li class=\"listing-item\"><a class=\"title\" href=\"https:\/\/rotary.fi\/valkeakoskitohka\/ajankohtaiset\/kokoustauko-jatkuu\/\">Kokoustauko jatkuu<\/a> <span class=\"date\">15.1. 2021<\/span><\/li><li class=\"listing-item\"><a class=\"title\" href=\"https:\/\/rotary.fi\/valkeakoskitohka\/ajankohtaiset\/tohka-lahjoitti-diakoniatyohon\/\">Tohka lahjoitti diakoniaty\u00f6h\u00f6n<\/a> <span class=\"date\">7.12. 2020<\/span><\/li><li class=\"listing-item\"><a class=\"title\" href=\"https:\/\/rotary.fi\/valkeakoskitohka\/ajankohtaiset\/viikkokokoukset-peruttu-toistaiseksi\/\">Viikkokokoukset peruttu toistaiseksi<\/a> <span class=\"date\">26.11. 2020<\/span><\/li><li class=\"listing-item\"><a class=\"title\" href=\"https:\/\/rotary.fi\/valkeakoskitohka\/ajankohtaiset\/kuvernoori-vierailee-11-11\/\">Kuvern\u00f6\u00f6ri vierailee 11.11.<\/a> <span class=\"date\">31.10. 2020<\/span><\/li><li class=\"listing-item\"><a class=\"title\" href=\"https:\/\/rotary.fi\/valkeakoskitohka\/ajankohtaiset\/suomen-paras-salkunhoitaja-vierailee-9-10\/\">Suomen paras salkunhoitaja vierailee 9.10.<\/a> <span class=\"date\">2.10. 2020<\/span><\/li><li class=\"listing-item\"><a class=\"title\" href=\"https:\/\/rotary.fi\/valkeakoskitohka\/ajankohtaiset\/petelle-vitjat-artolle-dionysos-patsas\/\">Petelle vitjat, Artolle Dionysos-patsas<\/a> <span class=\"date\">30.8. 2020<\/span><\/li><li class=\"listing-item\"><a class=\"title\" href=\"https:\/\/rotary.fi\/valkeakoskitohka\/ajankohtaiset\/vitjanvaihtajaiset-27-8\/\">Vitjanvaihtajaiset peruttu<\/a> <span class=\"date\">30.7. 2020<\/span><\/li><li class=\"listing-item\"><a class=\"title\" href=\"https:\/\/rotary.fi\/valkeakoskitohka\/ajankohtaiset\/huhtikuun-kaksi-ensimmaista-kokousta-peruttu\/\">Viikkokokoukset peruttu kes\u00e4taukoon saakka<\/a> <span class=\"date\">28.3. 2020<\/span><\/li><li class=\"listing-item\"><a class=\"title\" href=\"https:\/\/rotary.fi\/valkeakoskitohka\/ajankohtaiset\/vaihto-oppilas-helena-inkinen-kertoo-cagliarista\/\">Vaihto-oppilas Helena Inkinen kertoo Cagliarista<\/a> <span class=\"date\">25.3. 2020<\/span><\/li><li class=\"listing-item\"><a class=\"title\" href=\"https:\/\/rotary.fi\/valkeakoskitohka\/ajankohtaiset\/maaliskuun-viikkokokoukset-peruttu\/\">Maaliskuun viikkokokoukset peruttu<\/a> <span class=\"date\">13.3. 2020<\/span><\/li><li class=\"listing-item\"><a class=\"title\" href=\"https:\/\/rotary.fi\/valkeakoskitohka\/ajankohtaiset\/video-haastatteluja-peace-broker-seminaarista\/\">Video: haastatteluja Peace Broker -seminaarista<\/a> <span class=\"date\">26.2. 2020<\/span><\/li><li class=\"listing-item\"><a class=\"title\" href=\"https:\/\/rotary.fi\/valkeakoskitohka\/ajankohtaiset\/erkki-kuivajarvi-palkittiin-muotokuvalla\/\">Erkki Kuivaj\u00e4rvi palkittiin muotokuvalla<\/a> <span class=\"date\">21.2. 2020<\/span><\/li><li class=\"listing-item\"><a class=\"title\" href=\"https:\/\/rotary.fi\/valkeakoskitohka\/ajankohtaiset\/cmi-seminaari-hienosti-esilla-yle-pirkanmaan-tv-uutisissa\/\">CMI-seminaari hienosti esill\u00e4 YLE Pirkanmaan tv-uutisissa<\/a> <span class=\"date\">21.1. 2020<\/span><\/li><li class=\"listing-item\"><a class=\"title\" href=\"https:\/\/rotary.fi\/valkeakoskitohka\/ajankohtaiset\/teollisuusperinnetta-12-2\/\">Teollisuusperinnett\u00e4 12.2.<\/a> <span class=\"date\">17.1. 2020<\/span><\/li><li class=\"listing-item\"><a class=\"title\" href=\"https:\/\/rotary.fi\/valkeakoskitohka\/ajankohtaiset\/oktoberfest-5-10\/\">CMI-projektin II-vaihe 21.1.<\/a> <span class=\"date\">23.12. 2019<\/span><\/li><li class=\"listing-item\"><a class=\"title\" href=\"https:\/\/rotary.fi\/valkeakoskitohka\/ajankohtaiset\/ja-viela-yksi-ajankohtainen-juttu\/\">Vuosijuhla 25.1.2020<\/a> <span class=\"date\">23.12. 2019<\/span><\/li><li class=\"listing-item\"><a class=\"title\" href=\"https:\/\/rotary.fi\/valkeakoskitohka\/en\/presidentin_uutiset\/the-next-executive-board-of-finlands-rotary-service-elected\/\">The next Executive Board of Finland\u2019s Rotary Service elected<\/a> <span class=\"date\">5.3. 2019<\/span><\/li><li class=\"listing-item\"><a class=\"title\" href=\"https:\/\/rotary.fi\/valkeakoskitohka\/en\/presidentin_uutiset\/have-a-good-rotary-foundation-month\/\">Have a Good Rotary Foundation Month!<\/a> <span class=\"date\">5.3. 2019<\/span><\/li><li class=\"listing-item\"><a class=\"title\" href=\"https:\/\/rotary.fi\/valkeakoskitohka\/en\/ajankohtaiset\/a-test-feature-for-upcoming-events-news-and-features\/\">A test feature for \u201dUpcoming Events, News and Features\u201d<\/a> <span class=\"date\">5.3. 2019<\/span><\/li><li class=\"listing-item\"><a class=\"title\" href=\"https:\/\/rotary.fi\/valkeakoskitohka\/en\/ajankohtaiset\/a-piece-of-news-of-current-interest-with-a-somewhat-longer-heading\/\">A piece of news of current interest with a somewhat longer heading<\/a> <span class=\"date\">5.3. 2019<\/span><\/li><li class=\"listing-item\"><a class=\"title\" href=\"https:\/\/rotary.fi\/valkeakoskitohka\/en\/ajankohtaiset\/and-one-more-piece-of-news-of-current-interest\/\">And one more piece of news of current interest<\/a> <span class=\"date\">5.3. 2019<\/span><\/li><li class=\"listing-item\"><a class=\"title\" href=\"https:\/\/rotary.fi\/valkeakoskitohka\/presidentin_uutiset\/hyvaa-rotarysaation-kuukautta\/\">Hyv\u00e4\u00e4 Rotarys\u00e4\u00e4ti\u00f6n kuukautta!<\/a> <span class=\"date\">30.11. 2018<\/span><\/li><li class=\"listing-item\"><a class=\"title\" href=\"https:\/\/rotary.fi\/valkeakoskitohka\/presidentin_uutiset\/suomen-rotarypalvelun-tuleva-hallitus-valittu\/\">Suomen Rotarypalvelun tuleva hallitus valittu<\/a> <span class=\"date\">25.11. 2018<\/span><\/li><\/ul>[\/et_pb_code][\/et_pb_column_inner][\/et_pb_row_inner][\/et_pb_column][et_pb_column type=&#8221;1_3&#8243;][et_pb_sidebar _builder_version=&#8221;3.4.1&#8243; area=&#8221;sidebar-1&#8243; module_class=&#8221;sivupalkki_sisalto&#8221; parent_locked=&#8221;off&#8221; \/][\/et_pb_column][\/et_pb_section]<\/p>\n","protected":false},"excerpt":{"rendered":"<p>[et_pb_section bb_built=&#8221;1&#8243; _builder_version=&#8221;3.4.1&#8243; background_image=&#8221;https:\/\/rotary.fi\/wp-content\/uploads\/2018\/02\/paakuva-sisasivu1.jpg&#8221; next_background_color=&#8221;#ffffff&#8221; module_class=&#8221;jumbotron-page&#8221;][et_pb_row][et_pb_column type=&#8221;4_4&#8243;][et_pb_text admin_label=&#8221;P\u00e4\u00e4otsikko: News and Features&#8221; _builder_version=&#8221;3.19.5&#8243; text_orientation=&#8221;center&#8221; background_layout=&#8221;dark&#8221;] News and Features [\/et_pb_text][\/et_pb_column][\/et_pb_row][\/et_pb_section][et_pb_section bb_built=&#8221;1&#8243; specialty=&#8221;on&#8221; prev_background_color=&#8221;#000000&#8243; _builder_version=&#8221;3.4.1&#8243; module_class_2=&#8221;sivupalkki&#8221; locked=&#8221;off&#8221;][et_pb_column type=&#8221;2_3&#8243; specialty_columns=&#8221;2&#8243;][et_pb_row_inner admin_label=&#8221;Rivi&#8221; locked=&#8221;off&#8221; parent_locked=&#8221;off&#8221;][et_pb_column_inner type=&#8221;4_4&#8243; saved_specialty_column_type=&#8221;2_3&#8243;][et_pb_text admin_label=&#8221;Otsikko: News and Features&#8221; _builder_version=&#8221;3.19.5&#8243; text_orientation=&#8221;center&#8221; parent_locked=&#8221;off&#8221;] News and Features [\/et_pb_text][et_pb_code admin_label=&#8221;Ajankohtaisten listaus&#8221; _builder_version=&#8221;3.19.5&#8243; module_class=&#8221;kaikki_ajankohtaiset&#8221; parent_locked=&#8221;off&#8221;][\/et_pb_code][\/et_pb_column_inner][\/et_pb_row_inner][\/et_pb_column][et_pb_column type=&#8221;1_3&#8243;][et_pb_sidebar _builder_version=&#8221;3.4.1&#8243; area=&#8221;sidebar-1&#8243; module_class=&#8221;sivupalkki_sisalto&#8221; parent_locked=&#8221;off&#8221; \/][\/et_pb_column][\/et_pb_section]<\/p>\n","protected":false},"author":1,"featured_media":0,"parent":0,"menu_order":0,"comment_status":"closed","ping_status":"closed","template":"","meta":{"_acf_changed":false,"_et_pb_use_builder":"on","_et_pb_old_content":"","_et_gb_content_width":"","footnotes":""},"class_list":["post-1492","page","type-page","status-publish","hentry"],"acf":[],"yoast_head":"<!-- This site is optimized with the Yoast SEO plugin v27.4 - https:\/\/yoast.com\/product\/yoast-seo-wordpress\/ -->\n<title>News and Features - Valkeakoski-Tohka<\/title>\n<meta name=\"robots\" content=\"index, follow, max-snippet:-1, max-image-preview:large, max-video-preview:-1\" \/>\n<link rel=\"canonical\" href=\"https:\/\/rotary.fi\/valkeakoskitohka\/en\/news-and-features\/\" \/>\n<meta property=\"og:locale\" content=\"fi_FI\" \/>\n<meta property=\"og:type\" content=\"article\" \/>\n<meta property=\"og:title\" content=\"News and Features - Valkeakoski-Tohka\" \/>\n<meta property=\"og:description\" content=\"[et_pb_section bb_built=&#8221;1&#8243; _builder_version=&#8221;3.4.1&#8243; background_image=&#8221;https:\/\/rotary.fi\/wp-content\/uploads\/2018\/02\/paakuva-sisasivu1.jpg&#8221; next_background_color=&#8221;#ffffff&#8221; module_class=&#8221;jumbotron-page&#8221;][et_pb_row][et_pb_column type=&#8221;4_4&#8243;][et_pb_text admin_label=&#8221;P\u00e4\u00e4otsikko: News and Features&#8221; _builder_version=&#8221;3.19.5&#8243; text_orientation=&#8221;center&#8221; background_layout=&#8221;dark&#8221;] News and Features [\/et_pb_text][\/et_pb_column][\/et_pb_row][\/et_pb_section][et_pb_section bb_built=&#8221;1&#8243; specialty=&#8221;on&#8221; prev_background_color=&#8221;#000000&#8243; _builder_version=&#8221;3.4.1&#8243; module_class_2=&#8221;sivupalkki&#8221; locked=&#8221;off&#8221;][et_pb_column type=&#8221;2_3&#8243; specialty_columns=&#8221;2&#8243;][et_pb_row_inner admin_label=&#8221;Rivi&#8221; locked=&#8221;off&#8221; parent_locked=&#8221;off&#8221;][et_pb_column_inner type=&#8221;4_4&#8243; saved_specialty_column_type=&#8221;2_3&#8243;][et_pb_text admin_label=&#8221;Otsikko: News and Features&#8221; _builder_version=&#8221;3.19.5&#8243; text_orientation=&#8221;center&#8221; parent_locked=&#8221;off&#8221;] News and Features [\/et_pb_text][et_pb_code admin_label=&#8221;Ajankohtaisten listaus&#8221; _builder_version=&#8221;3.19.5&#8243; module_class=&#8221;kaikki_ajankohtaiset&#8221; parent_locked=&#8221;off&#8221;][\/et_pb_code][\/et_pb_column_inner][\/et_pb_row_inner][\/et_pb_column][et_pb_column type=&#8221;1_3&#8243;][et_pb_sidebar _builder_version=&#8221;3.4.1&#8243; area=&#8221;sidebar-1&#8243; module_class=&#8221;sivupalkki_sisalto&#8221; parent_locked=&#8221;off&#8221; \/][\/et_pb_column][\/et_pb_section]\" \/>\n<meta property=\"og:url\" content=\"https:\/\/rotary.fi\/valkeakoskitohka\/en\/news-and-features\/\" \/>\n<meta property=\"og:site_name\" content=\"Valkeakoski-Tohka\" \/>\n<meta name=\"twitter:card\" content=\"summary_large_image\" \/>\n<meta name=\"twitter:label1\" content=\"Arvioitu lukuaika\" \/>\n\t<meta name=\"twitter:data1\" content=\"1 minuutti\" \/>\n<script type=\"application\/ld+json\" class=\"yoast-schema-graph\">{\"@context\":\"https:\\\/\\\/schema.org\",\"@graph\":[{\"@type\":\"WebPage\",\"@id\":\"https:\\\/\\\/rotary.fi\\\/valkeakoskitohka\\\/en\\\/news-and-features\\\/\",\"url\":\"https:\\\/\\\/rotary.fi\\\/valkeakoskitohka\\\/en\\\/news-and-features\\\/\",\"name\":\"News and Features - Valkeakoski-Tohka\",\"isPartOf\":{\"@id\":\"https:\\\/\\\/rotary.fi\\\/valkeakoskitohka\\\/#website\"},\"datePublished\":\"2019-02-21T11:32:18+00:00\",\"breadcrumb\":{\"@id\":\"https:\\\/\\\/rotary.fi\\\/valkeakoskitohka\\\/en\\\/news-and-features\\\/#breadcrumb\"},\"inLanguage\":\"fi\",\"potentialAction\":[{\"@type\":\"ReadAction\",\"target\":[\"https:\\\/\\\/rotary.fi\\\/valkeakoskitohka\\\/en\\\/news-and-features\\\/\"]}]},{\"@type\":\"BreadcrumbList\",\"@id\":\"https:\\\/\\\/rotary.fi\\\/valkeakoskitohka\\\/en\\\/news-and-features\\\/#breadcrumb\",\"itemListElement\":[{\"@type\":\"ListItem\",\"position\":1,\"name\":\"Home\",\"item\":\"https:\\\/\\\/rotary.fi\\\/valkeakoskitohka\\\/\"},{\"@type\":\"ListItem\",\"position\":2,\"name\":\"News and Features\"}]},{\"@type\":\"WebSite\",\"@id\":\"https:\\\/\\\/rotary.fi\\\/valkeakoskitohka\\\/#website\",\"url\":\"https:\\\/\\\/rotary.fi\\\/valkeakoskitohka\\\/\",\"name\":\"Valkeakoski-Tohka\",\"description\":\"Uusi Rotary klubisivusto\",\"potentialAction\":[{\"@type\":\"SearchAction\",\"target\":{\"@type\":\"EntryPoint\",\"urlTemplate\":\"https:\\\/\\\/rotary.fi\\\/valkeakoskitohka\\\/?s={search_term_string}\"},\"query-input\":{\"@type\":\"PropertyValueSpecification\",\"valueRequired\":true,\"valueName\":\"search_term_string\"}}],\"inLanguage\":\"fi\"}]}<\/script>\n<!-- \/ Yoast SEO plugin. -->","yoast_head_json":{"title":"News and Features - Valkeakoski-Tohka","robots":{"index":"index","follow":"follow","max-snippet":"max-snippet:-1","max-image-preview":"max-image-preview:large","max-video-preview":"max-video-preview:-1"},"canonical":"https:\/\/rotary.fi\/valkeakoskitohka\/en\/news-and-features\/","og_locale":"fi_FI","og_type":"article","og_title":"News and Features - Valkeakoski-Tohka","og_description":"[et_pb_section bb_built=&#8221;1&#8243; _builder_version=&#8221;3.4.1&#8243; background_image=&#8221;https:\/\/rotary.fi\/wp-content\/uploads\/2018\/02\/paakuva-sisasivu1.jpg&#8221; next_background_color=&#8221;#ffffff&#8221; module_class=&#8221;jumbotron-page&#8221;][et_pb_row][et_pb_column type=&#8221;4_4&#8243;][et_pb_text admin_label=&#8221;P\u00e4\u00e4otsikko: News and Features&#8221; _builder_version=&#8221;3.19.5&#8243; text_orientation=&#8221;center&#8221; background_layout=&#8221;dark&#8221;] News and Features [\/et_pb_text][\/et_pb_column][\/et_pb_row][\/et_pb_section][et_pb_section bb_built=&#8221;1&#8243; specialty=&#8221;on&#8221; prev_background_color=&#8221;#000000&#8243; _builder_version=&#8221;3.4.1&#8243; module_class_2=&#8221;sivupalkki&#8221; locked=&#8221;off&#8221;][et_pb_column type=&#8221;2_3&#8243; specialty_columns=&#8221;2&#8243;][et_pb_row_inner admin_label=&#8221;Rivi&#8221; locked=&#8221;off&#8221; parent_locked=&#8221;off&#8221;][et_pb_column_inner type=&#8221;4_4&#8243; saved_specialty_column_type=&#8221;2_3&#8243;][et_pb_text admin_label=&#8221;Otsikko: News and Features&#8221; _builder_version=&#8221;3.19.5&#8243; text_orientation=&#8221;center&#8221; parent_locked=&#8221;off&#8221;] News and Features [\/et_pb_text][et_pb_code admin_label=&#8221;Ajankohtaisten listaus&#8221; _builder_version=&#8221;3.19.5&#8243; module_class=&#8221;kaikki_ajankohtaiset&#8221; parent_locked=&#8221;off&#8221;][\/et_pb_code][\/et_pb_column_inner][\/et_pb_row_inner][\/et_pb_column][et_pb_column type=&#8221;1_3&#8243;][et_pb_sidebar _builder_version=&#8221;3.4.1&#8243; area=&#8221;sidebar-1&#8243; module_class=&#8221;sivupalkki_sisalto&#8221; parent_locked=&#8221;off&#8221; \/][\/et_pb_column][\/et_pb_section]","og_url":"https:\/\/rotary.fi\/valkeakoskitohka\/en\/news-and-features\/","og_site_name":"Valkeakoski-Tohka","twitter_card":"summary_large_image","twitter_misc":{"Arvioitu lukuaika":"1 minuutti"},"schema":{"@context":"https:\/\/schema.org","@graph":[{"@type":"WebPage","@id":"https:\/\/rotary.fi\/valkeakoskitohka\/en\/news-and-features\/","url":"https:\/\/rotary.fi\/valkeakoskitohka\/en\/news-and-features\/","name":"News and Features - Valkeakoski-Tohka","isPartOf":{"@id":"https:\/\/rotary.fi\/valkeakoskitohka\/#website"},"datePublished":"2019-02-21T11:32:18+00:00","breadcrumb":{"@id":"https:\/\/rotary.fi\/valkeakoskitohka\/en\/news-and-features\/#breadcrumb"},"inLanguage":"fi","potentialAction":[{"@type":"ReadAction","target":["https:\/\/rotary.fi\/valkeakoskitohka\/en\/news-and-features\/"]}]},{"@type":"BreadcrumbList","@id":"https:\/\/rotary.fi\/valkeakoskitohka\/en\/news-and-features\/#breadcrumb","itemListElement":[{"@type":"ListItem","position":1,"name":"Home","item":"https:\/\/rotary.fi\/valkeakoskitohka\/"},{"@type":"ListItem","position":2,"name":"News and Features"}]},{"@type":"WebSite","@id":"https:\/\/rotary.fi\/valkeakoskitohka\/#website","url":"https:\/\/rotary.fi\/valkeakoskitohka\/","name":"Valkeakoski-Tohka","description":"Uusi Rotary klubisivusto","potentialAction":[{"@type":"SearchAction","target":{"@type":"EntryPoint","urlTemplate":"https:\/\/rotary.fi\/valkeakoskitohka\/?s={search_term_string}"},"query-input":{"@type":"PropertyValueSpecification","valueRequired":true,"valueName":"search_term_string"}}],"inLanguage":"fi"}]}},"lang":"en","translations":{"en":1492,"fi":94},"pll_sync_post":[],"_links":{"self":[{"href":"https:\/\/rotary.fi\/valkeakoskitohka\/wp-json\/wp\/v2\/pages\/1492","targetHints":{"allow":["GET"]}}],"collection":[{"href":"https:\/\/rotary.fi\/valkeakoskitohka\/wp-json\/wp\/v2\/pages"}],"about":[{"href":"https:\/\/rotary.fi\/valkeakoskitohka\/wp-json\/wp\/v2\/types\/page"}],"author":[{"embeddable":true,"href":"https:\/\/rotary.fi\/valkeakoskitohka\/wp-json\/wp\/v2\/users\/1"}],"replies":[{"embeddable":true,"href":"https:\/\/rotary.fi\/valkeakoskitohka\/wp-json\/wp\/v2\/comments?post=1492"}],"version-history":[{"count":1,"href":"https:\/\/rotary.fi\/valkeakoskitohka\/wp-json\/wp\/v2\/pages\/1492\/revisions"}],"predecessor-version":[{"id":1493,"href":"https:\/\/rotary.fi\/valkeakoskitohka\/wp-json\/wp\/v2\/pages\/1492\/revisions\/1493"}],"wp:attachment":[{"href":"https:\/\/rotary.fi\/valkeakoskitohka\/wp-json\/wp\/v2\/media?parent=1492"}],"curies":[{"name":"wp","href":"https:\/\/api.w.org\/{rel}","templated":true}]}}