{"id":142,"date":"2018-08-10T14:04:45","date_gmt":"2018-08-10T11:04:45","guid":{"rendered":"https:\/\/rotary.fi\/klubi2\/?page_id=142"},"modified":"2020-03-25T19:44:56","modified_gmt":"2020-03-25T17:44:56","slug":"ilo-esitella","status":"publish","type":"page","link":"https:\/\/rotary.fi\/valkeakoskitohka\/mita-teemme\/keita-olemme\/ilo-esitella\/","title":{"rendered":"Ilo esitell\u00e4"},"content":{"rendered":"<p>[et_pb_section fb_built=&#8221;1&#8243; module_class=&#8221;jumbotron-page&#8221; _builder_version=&#8221;3.22&#8243; background_image=&#8221;https:\/\/rotary.fi\/valkeakoskitohka\/wp-content\/uploads\/sites\/123\/2018\/10\/rotary_klubit_alasivu_paakuva_14.jpg&#8221;][et_pb_row _builder_version=&#8221;3.25&#8243; background_size=&#8221;initial&#8221; background_position=&#8221;top_left&#8221; background_repeat=&#8221;repeat&#8221;][et_pb_column type=&#8221;4_4&#8243; _builder_version=&#8221;3.25&#8243; custom_padding=&#8221;|||&#8221; custom_padding__hover=&#8221;|||&#8221;][et_pb_text admin_label=&#8221;P\u00e4\u00e4otsikko&#8221; _builder_version=&#8221;3.27.4&#8243; text_orientation=&#8221;center&#8221; background_layout=&#8221;dark&#8221;]<\/p>\n<h1>Ilo esitell\u00e4<\/h1>\n<p>[\/et_pb_text][\/et_pb_column][\/et_pb_row][\/et_pb_section][et_pb_section fb_built=&#8221;1&#8243; specialty=&#8221;on&#8221; module_class_2=&#8221;sivupalkki&#8221; _builder_version=&#8221;3.22&#8243;][et_pb_column type=&#8221;2_3&#8243; specialty_columns=&#8221;2&#8243; _builder_version=&#8221;3.25&#8243; custom_padding=&#8221;|||&#8221; parallax__hover=&#8221;off&#8221; parallax_method__hover=&#8221;on&#8221; custom_padding__hover=&#8221;|||&#8221;][et_pb_row_inner admin_label=&#8221;Rivi&#8221; _builder_version=&#8221;3.25&#8243;][et_pb_column_inner saved_specialty_column_type=&#8221;2_3&#8243; _builder_version=&#8221;3.25&#8243; custom_padding=&#8221;|||&#8221; parallax__hover=&#8221;off&#8221; parallax_method__hover=&#8221;on&#8221; custom_padding__hover=&#8221;|||&#8221;][et_pb_text admin_label=&#8221;Ilo esitell\u00e4 &#8211; Otsikko&#8221; _builder_version=&#8221;3.27.4&#8243; text_orientation=&#8221;center&#8221;]<\/p>\n<h1>Ilo esitell\u00e4<\/h1>\n<p>[\/et_pb_text][et_pb_text content_last_edited=&#8221;off|desktop&#8221; _builder_version=&#8221;4.4.1&#8243;]<\/p>\n<p>Valkeakoskelainen <strong>Helena Inkinen<\/strong> oli Rotaryn nuorisovaihdossa Italiassa lukuvuonna 2018-2019 Cagliarissa Sardinian saarella. Helena kertoo seuraavassa vaikutelmiaan vaihto-oppilasajastaan:<\/p>\n<p><img loading=\"lazy\" decoding=\"async\" class=\"wp-image-1934 alignnone \" src=\"https:\/\/rotary.fi\/valkeakoskitohka\/wp-content\/uploads\/sites\/123\/2020\/03\/lainaus1-kopio.jpg\" alt=\"\" width=\"30\" height=\"24\" \/>Vaihtoon l\u00e4hteminen oli minulta v\u00e4h\u00e4n niin kuin extempore-p\u00e4\u00e4t\u00f6s. Ajattelin, ett\u00e4 se olisi varmaankin hyv\u00e4 kokemus. Enk\u00e4 ollut kyll\u00e4 yht\u00e4\u00e4n v\u00e4\u00e4r\u00e4ss\u00e4!<\/p>\n<p class=\"p1\"><span class=\"s1\">Gagliari on Sardinian p\u00e4\u00e4kaupunki, ja asukkaita kaupungissa on noin 150 000. Kaupunki on todella vanha, se kuului foinikilaisten kauppasiirtokuntien ketjuun 600-luvulla ennen ajanlaskun alkua. 1000-luvulla Pisan tasavalta valloitti alueen ja uudelleen rakensi kaupungin. T\u00e4ll\u00f6in rakennettiin my\u00f6s vanhaa kaupunkia ymp\u00e4r\u00f6iv\u00e4t linnoitukset.<\/span><\/p>\n<p class=\"p1\"><span class=\"s1\">Cagliari on eritt\u00e4in kaunis, eik\u00e4 ollenkaan liian iso. En asunut ihan keskustassa, jonne oli matkaa autolla noin 15 minuuttia. Kaupungissa on hieno satama, josta p\u00e4\u00e4see laivalla esimerkiksi Roomaan. My\u00f6s monet isot risteilyalukset pys\u00e4htyv\u00e4t siin\u00e4. Voin suositella Cagliaria ja koko Sardiniaa ihanaksi matkailukohteeksi!<\/span><\/p>\n<p><img loading=\"lazy\" decoding=\"async\" class=\"aligncenter wp-image-1943 size-large\" src=\"https:\/\/rotary.fi\/valkeakoskitohka\/wp-content\/uploads\/sites\/123\/2020\/03\/inkinen-1024x768.jpg\" alt=\"\" width=\"1024\" height=\"768\" srcset=\"https:\/\/rotary.fi\/valkeakoskitohka\/wp-content\/uploads\/sites\/123\/2020\/03\/inkinen-980x735.jpg 980w, https:\/\/rotary.fi\/valkeakoskitohka\/wp-content\/uploads\/sites\/123\/2020\/03\/inkinen-480x360.jpg 480w\" sizes=\"(min-width: 0px) and (max-width: 480px) 480px, (min-width: 481px) and (max-width: 980px) 980px, (min-width: 981px) 1024px, 100vw\" \/><\/p>\n<p><em>Kanadalainen Claire Perreault (vas.), amerikkalainen Grace Reutebuch, Helena Inkinen ja etel\u00e4afrikkalainen Amy-Lee Cairns noin nelj\u00e4 kilometri\u00e4 pitk\u00e4ll\u00e4, Poettona tunnetulla hiekkarannalla Gagliarissa.<\/em><\/p>\n<p>Vaihto-oppilasvuonna minulla oli kaksi eri host-perhett\u00e4. Yleens\u00e4 Rotaryn vaihdoissa on 2-3 eri perhett\u00e4. Minun mielest\u00e4ni oli mukava vaihtaa perheit\u00e4, sill\u00e4 siin\u00e4kin saa uutta n\u00e4k\u00f6kulmaa uuteen kulttuuriin ja sen tapoihin. Ensimm\u00e4isess\u00e4 perheess\u00e4 minulla oli yksi host-sisko, saman ik\u00e4inen kuin min\u00e4. H\u00e4nest\u00e4 oli minulle paljon apua varsinkin vaihtovuoteni alussa. H\u00e4n esimerkiksi tutustutti minua uuteen kaupunkiin ja auttoi minua kielen kanssa. Toisessa perheess\u00e4 minulla ei ollut sisaruksia, sill\u00e4 perheen tyt\u00e4r oli samaan aikaan vaihdossa Kanadassa.<\/p>\n<p>Vaihdossa on aika helppo saada uusia kavereita &#8211; ainakin minulle oli! P\u00e4\u00e4asiassa kaverini koostuivat toisista vaihtareista, paikallisia kavereita minulla ei juurikaan ollut. Cagliarissa oli kaikkiaan noin 20 vaihtaria ymp\u00e4ri maailmaa. Suomesta oli minun lis\u00e4kseni yksi poika. Paikallinen rotaryklubini ei ollut kovin paljoa tekemisiss\u00e4 kanssani, mutta oli meill\u00e4 muutama yhteinen illallinen ja pidin my\u00f6s esitelm\u00e4ni Suomesta ja perheest\u00e4ni. Rotaryt kuitenkin j\u00e4rjestiv\u00e4t meille matkan Roomaan ja erilaisia pienimuotoisempia tapahtumia.<\/p>\n<p>Vaihtovuosi on yksi parhaista kokemuksistani, ja opin paljon uusia hy\u00f6dyllisi\u00e4 taitoja. Sain my\u00f6s paljon uusia ja l\u00e4heisi\u00e4 kavereita. Vaihtovuosi on my\u00f6s eritt\u00e4in tehokas tapa oppia uusi kieli, tai ainakin sen perusteet! Suosittelen jokaiselle vaihto-oppilaaksi l\u00e4htemist\u00e4, sill\u00e4 se avartaa maailmaa todella paljon. Kokemuksena vaihtovuosi on t\u00e4ysin korvaamaton.<\/p>\n<p>Eritt\u00e4in suuri kiitos Rotarylle t\u00e4m\u00e4n mahdollistamisesta! <img loading=\"lazy\" decoding=\"async\" class=\"wp-image-1935 alignnone \" src=\"https:\/\/rotary.fi\/valkeakoskitohka\/wp-content\/uploads\/sites\/123\/2020\/03\/lainaus2-kopio.jpg\" alt=\"\" width=\"30\" height=\"27\" srcset=\"https:\/\/rotary.fi\/valkeakoskitohka\/wp-content\/uploads\/sites\/123\/2020\/03\/lainaus2-kopio.jpg 153w, https:\/\/rotary.fi\/valkeakoskitohka\/wp-content\/uploads\/sites\/123\/2020\/03\/lainaus2-kopio-150x138.jpg 150w\" sizes=\"(max-width: 30px) 100vw, 30px\" \/><\/p>\n<p>&nbsp;<\/p>\n<p>[\/et_pb_text][et_pb_map _builder_version=&#8221;4.4.1&#8243; address=&#8221;Cagliari, Cagliarin Metropolikaupunki, Italia&#8221; address_lat=&#8221;39.2238411&#8243; address_lng=&#8221;9.1216613&#8243; hover_enabled=&#8221;0&#8243;][\/et_pb_map][\/et_pb_column_inner][\/et_pb_row_inner][\/et_pb_column][et_pb_column type=&#8221;1_3&#8243; module_class=&#8221;sivupalkki&#8221; _builder_version=&#8221;3.25&#8243; custom_padding=&#8221;|||&#8221; parallax__hover=&#8221;off&#8221; parallax_method__hover=&#8221;on&#8221; module_class__hover=&#8221;sivupalkki&#8221; custom_padding__hover=&#8221;|||&#8221;][et_pb_sidebar area=&#8221;sidebar-1&#8243; module_class=&#8221;sivupalkki_sisalto&#8221; _builder_version=&#8221;3.4.1&#8243; locked=&#8221;on&#8221;][\/et_pb_sidebar][\/et_pb_column][\/et_pb_section]<\/p>\n","protected":false},"excerpt":{"rendered":"<p>Ilo esitell\u00e4 Ilo esitell\u00e4 Valkeakoskelainen Helena Inkinen oli Rotaryn nuorisovaihdossa Italiassa lukuvuonna 2018-2019 Cagliarissa Sardinian saarella. Helena kertoo seuraavassa vaikutelmiaan vaihto-oppilasajastaan: Vaihtoon l\u00e4hteminen oli minulta v\u00e4h\u00e4n niin kuin extempore-p\u00e4\u00e4t\u00f6s. Ajattelin, ett\u00e4 se olisi varmaankin hyv\u00e4 kokemus. Enk\u00e4 ollut kyll\u00e4 yht\u00e4\u00e4n v\u00e4\u00e4r\u00e4ss\u00e4! Gagliari on Sardinian p\u00e4\u00e4kaupunki, ja asukkaita kaupungissa on noin 150 000. Kaupunki on todella [&hellip;]<\/p>\n","protected":false},"author":1,"featured_media":0,"parent":129,"menu_order":0,"comment_status":"closed","ping_status":"closed","template":"","meta":{"_acf_changed":false,"_et_pb_use_builder":"on","_et_pb_old_content":"","_et_gb_content_width":"","footnotes":""},"class_list":["post-142","page","type-page","status-publish","hentry"],"acf":[],"yoast_head":"<!-- This site is optimized with the Yoast SEO plugin v27.0 - https:\/\/yoast.com\/product\/yoast-seo-wordpress\/ -->\n<title>Ilo esitell\u00e4 - Valkeakoski-Tohka<\/title>\n<meta name=\"robots\" content=\"index, follow, max-snippet:-1, max-image-preview:large, max-video-preview:-1\" \/>\n<link rel=\"canonical\" href=\"https:\/\/rotary.fi\/valkeakoskitohka\/mita-teemme\/keita-olemme\/ilo-esitella\/\" \/>\n<meta property=\"og:locale\" content=\"fi_FI\" \/>\n<meta property=\"og:type\" content=\"article\" \/>\n<meta property=\"og:title\" content=\"Ilo esitell\u00e4 - Valkeakoski-Tohka\" \/>\n<meta property=\"og:description\" content=\"Ilo esitell\u00e4 Ilo esitell\u00e4 Valkeakoskelainen Helena Inkinen oli Rotaryn nuorisovaihdossa Italiassa lukuvuonna 2018-2019 Cagliarissa Sardinian saarella. Helena kertoo seuraavassa vaikutelmiaan vaihto-oppilasajastaan: Vaihtoon l\u00e4hteminen oli minulta v\u00e4h\u00e4n niin kuin extempore-p\u00e4\u00e4t\u00f6s. Ajattelin, ett\u00e4 se olisi varmaankin hyv\u00e4 kokemus. Enk\u00e4 ollut kyll\u00e4 yht\u00e4\u00e4n v\u00e4\u00e4r\u00e4ss\u00e4! Gagliari on Sardinian p\u00e4\u00e4kaupunki, ja asukkaita kaupungissa on noin 150 000. Kaupunki on todella [&hellip;]\" \/>\n<meta property=\"og:url\" content=\"https:\/\/rotary.fi\/valkeakoskitohka\/mita-teemme\/keita-olemme\/ilo-esitella\/\" \/>\n<meta property=\"og:site_name\" content=\"Valkeakoski-Tohka\" \/>\n<meta property=\"article:modified_time\" content=\"2020-03-25T17:44:56+00:00\" \/>\n<meta property=\"og:image\" content=\"https:\/\/rotary.fi\/valkeakoskitohka\/wp-content\/uploads\/sites\/123\/2020\/03\/lainaus1-kopio.jpg\" \/>\n<meta name=\"twitter:card\" content=\"summary_large_image\" \/>\n<meta name=\"twitter:label1\" content=\"Arvioitu lukuaika\" \/>\n\t<meta name=\"twitter:data1\" content=\"3 minuuttia\" \/>\n<script type=\"application\/ld+json\" class=\"yoast-schema-graph\">{\"@context\":\"https:\/\/schema.org\",\"@graph\":[{\"@type\":\"WebPage\",\"@id\":\"https:\/\/rotary.fi\/valkeakoskitohka\/mita-teemme\/keita-olemme\/ilo-esitella\/\",\"url\":\"https:\/\/rotary.fi\/valkeakoskitohka\/mita-teemme\/keita-olemme\/ilo-esitella\/\",\"name\":\"Ilo esitell\u00e4 - Valkeakoski-Tohka\",\"isPartOf\":{\"@id\":\"https:\/\/rotary.fi\/valkeakoskitohka\/#website\"},\"primaryImageOfPage\":{\"@id\":\"https:\/\/rotary.fi\/valkeakoskitohka\/mita-teemme\/keita-olemme\/ilo-esitella\/#primaryimage\"},\"image\":{\"@id\":\"https:\/\/rotary.fi\/valkeakoskitohka\/mita-teemme\/keita-olemme\/ilo-esitella\/#primaryimage\"},\"thumbnailUrl\":\"https:\/\/rotary.fi\/valkeakoskitohka\/wp-content\/uploads\/sites\/123\/2020\/03\/lainaus1-kopio.jpg\",\"datePublished\":\"2018-08-10T11:04:45+00:00\",\"dateModified\":\"2020-03-25T17:44:56+00:00\",\"breadcrumb\":{\"@id\":\"https:\/\/rotary.fi\/valkeakoskitohka\/mita-teemme\/keita-olemme\/ilo-esitella\/#breadcrumb\"},\"inLanguage\":\"fi\",\"potentialAction\":[{\"@type\":\"ReadAction\",\"target\":[\"https:\/\/rotary.fi\/valkeakoskitohka\/mita-teemme\/keita-olemme\/ilo-esitella\/\"]}]},{\"@type\":\"ImageObject\",\"inLanguage\":\"fi\",\"@id\":\"https:\/\/rotary.fi\/valkeakoskitohka\/mita-teemme\/keita-olemme\/ilo-esitella\/#primaryimage\",\"url\":\"https:\/\/rotary.fi\/valkeakoskitohka\/wp-content\/uploads\/sites\/123\/2020\/03\/lainaus1-kopio.jpg\",\"contentUrl\":\"https:\/\/rotary.fi\/valkeakoskitohka\/wp-content\/uploads\/sites\/123\/2020\/03\/lainaus1-kopio.jpg\",\"width\":170,\"height\":139},{\"@type\":\"BreadcrumbList\",\"@id\":\"https:\/\/rotary.fi\/valkeakoskitohka\/mita-teemme\/keita-olemme\/ilo-esitella\/#breadcrumb\",\"itemListElement\":[{\"@type\":\"ListItem\",\"position\":1,\"name\":\"Home\",\"item\":\"https:\/\/rotary.fi\/valkeakoskitohka\/\"},{\"@type\":\"ListItem\",\"position\":2,\"name\":\"Mit\u00e4 teemme\",\"item\":\"https:\/\/rotary.fi\/valkeakoskitohka\/mita-teemme\/\"},{\"@type\":\"ListItem\",\"position\":3,\"name\":\"Keit\u00e4 me olemme\",\"item\":\"https:\/\/rotary.fi\/valkeakoskitohka\/mita-teemme\/keita-olemme\/\"},{\"@type\":\"ListItem\",\"position\":4,\"name\":\"Ilo esitell\u00e4\"}]},{\"@type\":\"WebSite\",\"@id\":\"https:\/\/rotary.fi\/valkeakoskitohka\/#website\",\"url\":\"https:\/\/rotary.fi\/valkeakoskitohka\/\",\"name\":\"Valkeakoski-Tohka\",\"description\":\"Uusi Rotary klubisivusto\",\"potentialAction\":[{\"@type\":\"SearchAction\",\"target\":{\"@type\":\"EntryPoint\",\"urlTemplate\":\"https:\/\/rotary.fi\/valkeakoskitohka\/?s={search_term_string}\"},\"query-input\":{\"@type\":\"PropertyValueSpecification\",\"valueRequired\":true,\"valueName\":\"search_term_string\"}}],\"inLanguage\":\"fi\"}]}<\/script>\n<!-- \/ Yoast SEO plugin. -->","yoast_head_json":{"title":"Ilo esitell\u00e4 - Valkeakoski-Tohka","robots":{"index":"index","follow":"follow","max-snippet":"max-snippet:-1","max-image-preview":"max-image-preview:large","max-video-preview":"max-video-preview:-1"},"canonical":"https:\/\/rotary.fi\/valkeakoskitohka\/mita-teemme\/keita-olemme\/ilo-esitella\/","og_locale":"fi_FI","og_type":"article","og_title":"Ilo esitell\u00e4 - Valkeakoski-Tohka","og_description":"Ilo esitell\u00e4 Ilo esitell\u00e4 Valkeakoskelainen Helena Inkinen oli Rotaryn nuorisovaihdossa Italiassa lukuvuonna 2018-2019 Cagliarissa Sardinian saarella. Helena kertoo seuraavassa vaikutelmiaan vaihto-oppilasajastaan: Vaihtoon l\u00e4hteminen oli minulta v\u00e4h\u00e4n niin kuin extempore-p\u00e4\u00e4t\u00f6s. Ajattelin, ett\u00e4 se olisi varmaankin hyv\u00e4 kokemus. Enk\u00e4 ollut kyll\u00e4 yht\u00e4\u00e4n v\u00e4\u00e4r\u00e4ss\u00e4! Gagliari on Sardinian p\u00e4\u00e4kaupunki, ja asukkaita kaupungissa on noin 150 000. Kaupunki on todella [&hellip;]","og_url":"https:\/\/rotary.fi\/valkeakoskitohka\/mita-teemme\/keita-olemme\/ilo-esitella\/","og_site_name":"Valkeakoski-Tohka","article_modified_time":"2020-03-25T17:44:56+00:00","og_image":[{"url":"https:\/\/rotary.fi\/valkeakoskitohka\/wp-content\/uploads\/sites\/123\/2020\/03\/lainaus1-kopio.jpg","type":"","width":"","height":""}],"twitter_card":"summary_large_image","twitter_misc":{"Arvioitu lukuaika":"3 minuuttia"},"schema":{"@context":"https:\/\/schema.org","@graph":[{"@type":"WebPage","@id":"https:\/\/rotary.fi\/valkeakoskitohka\/mita-teemme\/keita-olemme\/ilo-esitella\/","url":"https:\/\/rotary.fi\/valkeakoskitohka\/mita-teemme\/keita-olemme\/ilo-esitella\/","name":"Ilo esitell\u00e4 - Valkeakoski-Tohka","isPartOf":{"@id":"https:\/\/rotary.fi\/valkeakoskitohka\/#website"},"primaryImageOfPage":{"@id":"https:\/\/rotary.fi\/valkeakoskitohka\/mita-teemme\/keita-olemme\/ilo-esitella\/#primaryimage"},"image":{"@id":"https:\/\/rotary.fi\/valkeakoskitohka\/mita-teemme\/keita-olemme\/ilo-esitella\/#primaryimage"},"thumbnailUrl":"https:\/\/rotary.fi\/valkeakoskitohka\/wp-content\/uploads\/sites\/123\/2020\/03\/lainaus1-kopio.jpg","datePublished":"2018-08-10T11:04:45+00:00","dateModified":"2020-03-25T17:44:56+00:00","breadcrumb":{"@id":"https:\/\/rotary.fi\/valkeakoskitohka\/mita-teemme\/keita-olemme\/ilo-esitella\/#breadcrumb"},"inLanguage":"fi","potentialAction":[{"@type":"ReadAction","target":["https:\/\/rotary.fi\/valkeakoskitohka\/mita-teemme\/keita-olemme\/ilo-esitella\/"]}]},{"@type":"ImageObject","inLanguage":"fi","@id":"https:\/\/rotary.fi\/valkeakoskitohka\/mita-teemme\/keita-olemme\/ilo-esitella\/#primaryimage","url":"https:\/\/rotary.fi\/valkeakoskitohka\/wp-content\/uploads\/sites\/123\/2020\/03\/lainaus1-kopio.jpg","contentUrl":"https:\/\/rotary.fi\/valkeakoskitohka\/wp-content\/uploads\/sites\/123\/2020\/03\/lainaus1-kopio.jpg","width":170,"height":139},{"@type":"BreadcrumbList","@id":"https:\/\/rotary.fi\/valkeakoskitohka\/mita-teemme\/keita-olemme\/ilo-esitella\/#breadcrumb","itemListElement":[{"@type":"ListItem","position":1,"name":"Home","item":"https:\/\/rotary.fi\/valkeakoskitohka\/"},{"@type":"ListItem","position":2,"name":"Mit\u00e4 teemme","item":"https:\/\/rotary.fi\/valkeakoskitohka\/mita-teemme\/"},{"@type":"ListItem","position":3,"name":"Keit\u00e4 me olemme","item":"https:\/\/rotary.fi\/valkeakoskitohka\/mita-teemme\/keita-olemme\/"},{"@type":"ListItem","position":4,"name":"Ilo esitell\u00e4"}]},{"@type":"WebSite","@id":"https:\/\/rotary.fi\/valkeakoskitohka\/#website","url":"https:\/\/rotary.fi\/valkeakoskitohka\/","name":"Valkeakoski-Tohka","description":"Uusi Rotary klubisivusto","potentialAction":[{"@type":"SearchAction","target":{"@type":"EntryPoint","urlTemplate":"https:\/\/rotary.fi\/valkeakoskitohka\/?s={search_term_string}"},"query-input":{"@type":"PropertyValueSpecification","valueRequired":true,"valueName":"search_term_string"}}],"inLanguage":"fi"}]}},"lang":"fi","translations":{"fi":142,"en":1438},"pll_sync_post":[],"_links":{"self":[{"href":"https:\/\/rotary.fi\/valkeakoskitohka\/wp-json\/wp\/v2\/pages\/142","targetHints":{"allow":["GET"]}}],"collection":[{"href":"https:\/\/rotary.fi\/valkeakoskitohka\/wp-json\/wp\/v2\/pages"}],"about":[{"href":"https:\/\/rotary.fi\/valkeakoskitohka\/wp-json\/wp\/v2\/types\/page"}],"author":[{"embeddable":true,"href":"https:\/\/rotary.fi\/valkeakoskitohka\/wp-json\/wp\/v2\/users\/1"}],"replies":[{"embeddable":true,"href":"https:\/\/rotary.fi\/valkeakoskitohka\/wp-json\/wp\/v2\/comments?post=142"}],"version-history":[{"count":13,"href":"https:\/\/rotary.fi\/valkeakoskitohka\/wp-json\/wp\/v2\/pages\/142\/revisions"}],"predecessor-version":[{"id":1946,"href":"https:\/\/rotary.fi\/valkeakoskitohka\/wp-json\/wp\/v2\/pages\/142\/revisions\/1946"}],"up":[{"embeddable":true,"href":"https:\/\/rotary.fi\/valkeakoskitohka\/wp-json\/wp\/v2\/pages\/129"}],"wp:attachment":[{"href":"https:\/\/rotary.fi\/valkeakoskitohka\/wp-json\/wp\/v2\/media?parent=142"}],"curies":[{"name":"wp","href":"https:\/\/api.w.org\/{rel}","templated":true}]}}