{"id":132,"date":"2018-08-10T13:59:56","date_gmt":"2018-08-10T10:59:56","guid":{"rendered":"https:\/\/rotary.fi\/klubi2\/?page_id=132"},"modified":"2026-03-18T18:40:50","modified_gmt":"2026-03-18T16:40:50","slug":"hallitus-ja-toimihenkilot","status":"publish","type":"page","link":"https:\/\/rotary.fi\/valkeakoskitohka\/mita-teemme\/keita-olemme\/hallitus-ja-toimihenkilot\/","title":{"rendered":"Hallitus ja toimihenkil\u00f6t"},"content":{"rendered":"<p>[et_pb_section fb_built=&#8221;1&#8243; module_class=&#8221;jumbotron-page&#8221; _builder_version=&#8221;4.16&#8243; background_image=&#8221;https:\/\/rotary.fi\/valkeakoskitohka\/wp-content\/uploads\/sites\/123\/2019\/12\/eduskunnassa-kevyt.jpg&#8221; collapsed=&#8221;off&#8221; global_colors_info=&#8221;{}&#8221;][et_pb_row _builder_version=&#8221;4.16&#8243; background_size=&#8221;initial&#8221; background_position=&#8221;top_left&#8221; background_repeat=&#8221;repeat&#8221; global_colors_info=&#8221;{}&#8221;][et_pb_column type=&#8221;4_4&#8243; _builder_version=&#8221;4.16&#8243; custom_padding=&#8221;|||&#8221; global_colors_info=&#8221;{}&#8221; custom_padding__hover=&#8221;|||&#8221;][et_pb_text admin_label=&#8221;P\u00e4\u00e4otsikko&#8221; _builder_version=&#8221;4.16&#8243; text_orientation=&#8221;center&#8221; background_layout=&#8221;dark&#8221; global_colors_info=&#8221;{}&#8221;]<\/p>\n<h1>Hallitus ja toimihenkil\u00f6t<\/h1>\n<p>[\/et_pb_text][\/et_pb_column][\/et_pb_row][\/et_pb_section][et_pb_section fb_built=&#8221;1&#8243; specialty=&#8221;on&#8221; module_class_2=&#8221;sivupalkki&#8221; _builder_version=&#8221;4.16&#8243; inner_max_width=&#8221;none&#8221; global_colors_info=&#8221;{}&#8221;][et_pb_column type=&#8221;2_3&#8243; specialty_columns=&#8221;2&#8243; _builder_version=&#8221;4.16&#8243; custom_padding=&#8221;|||&#8221; global_colors_info=&#8221;{}&#8221; custom_padding__hover=&#8221;|||&#8221;][et_pb_row_inner admin_label=&#8221;Rivi&#8221; _builder_version=&#8221;4.16&#8243; global_colors_info=&#8221;{}&#8221;][et_pb_column_inner saved_specialty_column_type=&#8221;2_3&#8243; _builder_version=&#8221;4.16&#8243; custom_padding=&#8221;|||&#8221; global_colors_info=&#8221;{}&#8221; custom_padding__hover=&#8221;|||&#8221;][et_pb_text admin_label=&#8221;Otsikko&#8221; _builder_version=&#8221;4.16&#8243; text_orientation=&#8221;center&#8221; global_colors_info=&#8221;{}&#8221;]<\/p>\n<h1>Hallitus ja toimihenkil\u00f6t<\/h1>\n<p>[\/et_pb_text][\/et_pb_column_inner][\/et_pb_row_inner][et_pb_row_inner column_structure=&#8221;1_2,1_2&#8243; admin_label=&#8221;Rivi&#8221; _builder_version=&#8221;4.16&#8243; global_colors_info=&#8221;{}&#8221;][et_pb_column_inner type=&#8221;1_2&#8243; saved_specialty_column_type=&#8221;2_3&#8243; _builder_version=&#8221;4.16&#8243; custom_padding=&#8221;|||&#8221; global_colors_info=&#8221;{}&#8221; custom_padding__hover=&#8221;|||&#8221;][et_pb_team_member name=&#8221;Kari Immonen&#8221; position=&#8221;Presidentti&#8221; admin_label=&#8221;Presidentti&#8221; _builder_version=&#8221;4.27.0&#8243; z_index_tablet=&#8221;500&#8243; global_colors_info=&#8221;{}&#8221;]<\/p>\n<p>&nbsp;<\/p>\n<p>Klubi Valkeakoski-Tohka<br \/>p. <span class=\"s1\">0400-620896<\/span><\/p>\n<p>S\u00e4hk\u00f6posti: kari.immonen@clavis.fi<\/p>\n<p>[\/et_pb_team_member][\/et_pb_column_inner][et_pb_column_inner type=&#8221;1_2&#8243; saved_specialty_column_type=&#8221;2_3&#8243; _builder_version=&#8221;4.16&#8243; custom_padding=&#8221;|||&#8221; global_colors_info=&#8221;{}&#8221; custom_padding__hover=&#8221;|||&#8221;][et_pb_text _builder_version=&#8221;4.22.1&#8243; z_index_tablet=&#8221;500&#8243; global_colors_info=&#8221;{}&#8221;]<\/p>\n<h2>Hallitus<\/h2>\n<p><strong>Presidentti 2025-2026<\/strong><br \/>Kari Immonen<strong><br \/><\/strong><strong><\/strong><\/p>\n<p><strong>Tuleva presidentti <\/strong>Kari Horsmalahti\u00a0<br \/><strong>Varapresidentti <\/strong>Kari Horsmalahti<br \/><strong>Past presidentti<\/strong> Jussi Sarvikas<br \/><strong><\/strong><\/p>\n<p><strong>1. sihteeri <\/strong>Antti Heimola<br \/><strong>2. sihteeri<\/strong>\u00a0Mikael Rekola<br \/><strong>Klubimestarit<\/strong> Pertti Kokkonen ja Hannu Nieminen<\/p>\n<p><strong><\/strong><strong>Rahastonhoitaja<\/strong>\u00a0Kari R\u00e4ty<br \/><strong>Suhdetoiminta ja IT-vastaava<\/strong> Erkki Tanskanen<br \/><strong>S\u00e4\u00e4ti\u00f6asiamies<\/strong> Kalle Pinomaa<strong>\u00a0<\/strong><br \/><strong>Palveluprojektit<\/strong> Urpo Jokinen<\/p>\n<h2>J\u00e4senyyskomitea<\/h2>\n<p><strong>Puheenjohtaja<\/strong> Kari Immonen<\/p>\n<h2>Palveluprojektikomitea<\/h2>\n<p><strong>Puheenjohtaja<\/strong>\u00a0Urpo Jokinen<\/p>\n<h2>Rotarys\u00e4\u00e4ti\u00f6komitea<\/h2>\n<p><strong>Puheenjohtaja<\/strong> Kalle Pinomaa<\/p>\n<p>[\/et_pb_text][et_pb_image _builder_version=&#8221;4.16&#8243; global_colors_info=&#8221;{}&#8221;][\/et_pb_image][\/et_pb_column_inner][\/et_pb_row_inner][et_pb_row_inner _builder_version=&#8221;4.16&#8243; global_colors_info=&#8221;{}&#8221; custom_padding=&#8221;|||19px||&#8221;][et_pb_column_inner saved_specialty_column_type=&#8221;2_3&#8243; _builder_version=&#8221;4.16&#8243; global_colors_info=&#8221;{}&#8221;][et_pb_divider _builder_version=&#8221;4.16&#8243; global_colors_info=&#8221;{}&#8221;][\/et_pb_divider][et_pb_text _builder_version=&#8221;4.22.1&#8243; global_colors_info=&#8221;{}&#8221; width=&#8221;100%&#8221;]<\/p>\n<h5><strong>Kunniaj\u00e4senet:<\/strong><\/h5>\n<p>Pekka Koskinen ja\u00a0Kari Aro<\/p>\n<p>[\/et_pb_text][et_pb_divider _builder_version=&#8221;4.16&#8243; global_colors_info=&#8221;{}&#8221; custom_padding=&#8221;||9px|||&#8221;][\/et_pb_divider][et_pb_text _builder_version=&#8221;4.27.0&#8243; global_colors_info=&#8221;{}&#8221;]<\/p>\n<p><strong>Valkeakoski-Tohka entiset presidentit:<\/strong><br \/>1980-1981 Seppo Pietil\u00e4, 1981-1982 Ky\u00f6sti Karppinen, 1982-1983 Olli Parola, 1984-1985 Arvo Linna, 1985-1986 Toivo Nordberg, 1986-1987 Pertti Kataja, 1987-1988 Ermo Helpi\u00f6, 1988-1989 Juhani Pura, 1989-1990 Pekka Koskinen, 1990-1991 Erkki Selkee, 1991-1992 Yrj\u00f6 Halmari, 1992-1993 Eero Tamminen, 1993-1994 Antti Vuori, 1994-1995 Olli Nummelin, 1995-1996 Erkki Tanskanen, 1996-1997 Mauri H\u00f6yl\u00e4nen, 1997-1998 Markku Hinkka, 1998-1999 Eero Piipponen, 1999-2000 Mikko Sepp\u00e4l\u00e4, 2000-2001 Timo Nyk\u00e4nen, 2001-2002 Hannu Aaltonen, 2002-2003 Seppo Luoto, 2003-2004 Pekka Walden, 2004-2005 Kalle Pinomaa, 2005-2006 Mikael Rekola, 2006-2007 Antti Heimola, 2007-2008 Jorma Kirjavainen, 2008-2009 Juhani M\u00e4kinen, 2009-2010 Risto Valta, 2010-2011 Jouni Huuskonen, 2011-2012 Asser Laine, 2012-2013 Asko Aulanko, 2013-2014 Raimo Koskela, 2014-2015 Urpo Jokinen, 2015-2016 Timo Vuori, 2016-2017 Erkki Kuivaj\u00e4rvi, 2017-2018 Pentti Pirinen, 2018-2019 Arto Elo, 2019-2020 Marko Erola, 2020-2021 Pertti Kokkonen, 2021-2022 Hannu Nieminen, 2022-2023 Pekka Pollari, 2023-2024 Olli Nummelin, 2024-2025 Jussi Sarvikas<\/p>\n<p>[\/et_pb_text][\/et_pb_column_inner][\/et_pb_row_inner][\/et_pb_column][et_pb_column type=&#8221;1_3&#8243; _builder_version=&#8221;4.16&#8243; custom_padding=&#8221;|||&#8221; global_colors_info=&#8221;{}&#8221; custom_padding__hover=&#8221;|||&#8221;][et_pb_sidebar area=&#8221;sidebar-1&#8243; module_class=&#8221;sivupalkki_sisalto&#8221; _builder_version=&#8221;4.16&#8243; locked=&#8221;on&#8221; global_colors_info=&#8221;{}&#8221;]<br \/>\n[\/et_pb_sidebar][\/et_pb_column][\/et_pb_section]<\/p>\n","protected":false},"excerpt":{"rendered":"<p>Hallitus ja toimihenkil\u00f6t Hallitus ja toimihenkil\u00f6t &nbsp; Klubi Valkeakoski-Tohkap. 0400-620896 S\u00e4hk\u00f6posti: kari.immonen@clavis.fiHallitus Presidentti 2025-2026Kari Immonen Tuleva presidentti Kari Horsmalahti\u00a0Varapresidentti Kari HorsmalahtiPast presidentti Jussi Sarvikas 1. sihteeri Antti Heimola2. sihteeri\u00a0Mikael RekolaKlubimestarit Pertti Kokkonen ja Hannu Nieminen Rahastonhoitaja\u00a0Kari R\u00e4tySuhdetoiminta ja IT-vastaava Erkki TanskanenS\u00e4\u00e4ti\u00f6asiamies Kalle Pinomaa\u00a0Palveluprojektit Urpo Jokinen J\u00e4senyyskomitea Puheenjohtaja Kari Immonen Palveluprojektikomitea Puheenjohtaja\u00a0Urpo Jokinen Rotarys\u00e4\u00e4ti\u00f6komitea Puheenjohtaja Kalle [&hellip;]<\/p>\n","protected":false},"author":1,"featured_media":0,"parent":129,"menu_order":0,"comment_status":"closed","ping_status":"closed","template":"","meta":{"_acf_changed":false,"_et_pb_use_builder":"on","_et_pb_old_content":"","_et_gb_content_width":"","footnotes":""},"class_list":["post-132","page","type-page","status-publish","hentry"],"acf":[],"yoast_head":"<!-- This site is optimized with the Yoast SEO plugin v27.4 - https:\/\/yoast.com\/product\/yoast-seo-wordpress\/ -->\n<title>Hallitus ja toimihenkil\u00f6t - Valkeakoski-Tohka<\/title>\n<meta name=\"robots\" content=\"index, follow, max-snippet:-1, max-image-preview:large, max-video-preview:-1\" \/>\n<link rel=\"canonical\" href=\"https:\/\/rotary.fi\/valkeakoskitohka\/mita-teemme\/keita-olemme\/hallitus-ja-toimihenkilot\/\" \/>\n<meta property=\"og:locale\" content=\"fi_FI\" \/>\n<meta property=\"og:type\" content=\"article\" \/>\n<meta property=\"og:title\" content=\"Hallitus ja toimihenkil\u00f6t - Valkeakoski-Tohka\" \/>\n<meta property=\"og:description\" content=\"Hallitus ja toimihenkil\u00f6t Hallitus ja toimihenkil\u00f6t &nbsp; Klubi Valkeakoski-Tohkap. 0400-620896 S\u00e4hk\u00f6posti: kari.immonen@clavis.fiHallitus Presidentti 2025-2026Kari Immonen Tuleva presidentti Kari Horsmalahti\u00a0Varapresidentti Kari HorsmalahtiPast presidentti Jussi Sarvikas 1. sihteeri Antti Heimola2. sihteeri\u00a0Mikael RekolaKlubimestarit Pertti Kokkonen ja Hannu Nieminen Rahastonhoitaja\u00a0Kari R\u00e4tySuhdetoiminta ja IT-vastaava Erkki TanskanenS\u00e4\u00e4ti\u00f6asiamies Kalle Pinomaa\u00a0Palveluprojektit Urpo Jokinen J\u00e4senyyskomitea Puheenjohtaja Kari Immonen Palveluprojektikomitea Puheenjohtaja\u00a0Urpo Jokinen Rotarys\u00e4\u00e4ti\u00f6komitea Puheenjohtaja Kalle [&hellip;]\" \/>\n<meta property=\"og:url\" content=\"https:\/\/rotary.fi\/valkeakoskitohka\/mita-teemme\/keita-olemme\/hallitus-ja-toimihenkilot\/\" \/>\n<meta property=\"og:site_name\" content=\"Valkeakoski-Tohka\" \/>\n<meta property=\"article:modified_time\" content=\"2026-03-18T16:40:50+00:00\" \/>\n<meta name=\"twitter:card\" content=\"summary_large_image\" \/>\n<meta name=\"twitter:label1\" content=\"Arvioitu lukuaika\" \/>\n\t<meta name=\"twitter:data1\" content=\"2 minuuttia\" \/>\n<script type=\"application\/ld+json\" class=\"yoast-schema-graph\">{\"@context\":\"https:\\\/\\\/schema.org\",\"@graph\":[{\"@type\":\"WebPage\",\"@id\":\"https:\\\/\\\/rotary.fi\\\/valkeakoskitohka\\\/mita-teemme\\\/keita-olemme\\\/hallitus-ja-toimihenkilot\\\/\",\"url\":\"https:\\\/\\\/rotary.fi\\\/valkeakoskitohka\\\/mita-teemme\\\/keita-olemme\\\/hallitus-ja-toimihenkilot\\\/\",\"name\":\"Hallitus ja toimihenkil\u00f6t - Valkeakoski-Tohka\",\"isPartOf\":{\"@id\":\"https:\\\/\\\/rotary.fi\\\/valkeakoskitohka\\\/#website\"},\"datePublished\":\"2018-08-10T10:59:56+00:00\",\"dateModified\":\"2026-03-18T16:40:50+00:00\",\"breadcrumb\":{\"@id\":\"https:\\\/\\\/rotary.fi\\\/valkeakoskitohka\\\/mita-teemme\\\/keita-olemme\\\/hallitus-ja-toimihenkilot\\\/#breadcrumb\"},\"inLanguage\":\"fi\",\"potentialAction\":[{\"@type\":\"ReadAction\",\"target\":[\"https:\\\/\\\/rotary.fi\\\/valkeakoskitohka\\\/mita-teemme\\\/keita-olemme\\\/hallitus-ja-toimihenkilot\\\/\"]}]},{\"@type\":\"BreadcrumbList\",\"@id\":\"https:\\\/\\\/rotary.fi\\\/valkeakoskitohka\\\/mita-teemme\\\/keita-olemme\\\/hallitus-ja-toimihenkilot\\\/#breadcrumb\",\"itemListElement\":[{\"@type\":\"ListItem\",\"position\":1,\"name\":\"Home\",\"item\":\"https:\\\/\\\/rotary.fi\\\/valkeakoskitohka\\\/\"},{\"@type\":\"ListItem\",\"position\":2,\"name\":\"Mit\u00e4 teemme\",\"item\":\"https:\\\/\\\/rotary.fi\\\/valkeakoskitohka\\\/mita-teemme\\\/\"},{\"@type\":\"ListItem\",\"position\":3,\"name\":\"Keit\u00e4 me olemme\",\"item\":\"https:\\\/\\\/rotary.fi\\\/valkeakoskitohka\\\/mita-teemme\\\/keita-olemme\\\/\"},{\"@type\":\"ListItem\",\"position\":4,\"name\":\"Hallitus ja toimihenkil\u00f6t\"}]},{\"@type\":\"WebSite\",\"@id\":\"https:\\\/\\\/rotary.fi\\\/valkeakoskitohka\\\/#website\",\"url\":\"https:\\\/\\\/rotary.fi\\\/valkeakoskitohka\\\/\",\"name\":\"Valkeakoski-Tohka\",\"description\":\"Uusi Rotary klubisivusto\",\"potentialAction\":[{\"@type\":\"SearchAction\",\"target\":{\"@type\":\"EntryPoint\",\"urlTemplate\":\"https:\\\/\\\/rotary.fi\\\/valkeakoskitohka\\\/?s={search_term_string}\"},\"query-input\":{\"@type\":\"PropertyValueSpecification\",\"valueRequired\":true,\"valueName\":\"search_term_string\"}}],\"inLanguage\":\"fi\"}]}<\/script>\n<!-- \/ Yoast SEO plugin. -->","yoast_head_json":{"title":"Hallitus ja toimihenkil\u00f6t - Valkeakoski-Tohka","robots":{"index":"index","follow":"follow","max-snippet":"max-snippet:-1","max-image-preview":"max-image-preview:large","max-video-preview":"max-video-preview:-1"},"canonical":"https:\/\/rotary.fi\/valkeakoskitohka\/mita-teemme\/keita-olemme\/hallitus-ja-toimihenkilot\/","og_locale":"fi_FI","og_type":"article","og_title":"Hallitus ja toimihenkil\u00f6t - Valkeakoski-Tohka","og_description":"Hallitus ja toimihenkil\u00f6t Hallitus ja toimihenkil\u00f6t &nbsp; Klubi Valkeakoski-Tohkap. 0400-620896 S\u00e4hk\u00f6posti: kari.immonen@clavis.fiHallitus Presidentti 2025-2026Kari Immonen Tuleva presidentti Kari Horsmalahti\u00a0Varapresidentti Kari HorsmalahtiPast presidentti Jussi Sarvikas 1. sihteeri Antti Heimola2. sihteeri\u00a0Mikael RekolaKlubimestarit Pertti Kokkonen ja Hannu Nieminen Rahastonhoitaja\u00a0Kari R\u00e4tySuhdetoiminta ja IT-vastaava Erkki TanskanenS\u00e4\u00e4ti\u00f6asiamies Kalle Pinomaa\u00a0Palveluprojektit Urpo Jokinen J\u00e4senyyskomitea Puheenjohtaja Kari Immonen Palveluprojektikomitea Puheenjohtaja\u00a0Urpo Jokinen Rotarys\u00e4\u00e4ti\u00f6komitea Puheenjohtaja Kalle [&hellip;]","og_url":"https:\/\/rotary.fi\/valkeakoskitohka\/mita-teemme\/keita-olemme\/hallitus-ja-toimihenkilot\/","og_site_name":"Valkeakoski-Tohka","article_modified_time":"2026-03-18T16:40:50+00:00","twitter_card":"summary_large_image","twitter_misc":{"Arvioitu lukuaika":"2 minuuttia"},"schema":{"@context":"https:\/\/schema.org","@graph":[{"@type":"WebPage","@id":"https:\/\/rotary.fi\/valkeakoskitohka\/mita-teemme\/keita-olemme\/hallitus-ja-toimihenkilot\/","url":"https:\/\/rotary.fi\/valkeakoskitohka\/mita-teemme\/keita-olemme\/hallitus-ja-toimihenkilot\/","name":"Hallitus ja toimihenkil\u00f6t - Valkeakoski-Tohka","isPartOf":{"@id":"https:\/\/rotary.fi\/valkeakoskitohka\/#website"},"datePublished":"2018-08-10T10:59:56+00:00","dateModified":"2026-03-18T16:40:50+00:00","breadcrumb":{"@id":"https:\/\/rotary.fi\/valkeakoskitohka\/mita-teemme\/keita-olemme\/hallitus-ja-toimihenkilot\/#breadcrumb"},"inLanguage":"fi","potentialAction":[{"@type":"ReadAction","target":["https:\/\/rotary.fi\/valkeakoskitohka\/mita-teemme\/keita-olemme\/hallitus-ja-toimihenkilot\/"]}]},{"@type":"BreadcrumbList","@id":"https:\/\/rotary.fi\/valkeakoskitohka\/mita-teemme\/keita-olemme\/hallitus-ja-toimihenkilot\/#breadcrumb","itemListElement":[{"@type":"ListItem","position":1,"name":"Home","item":"https:\/\/rotary.fi\/valkeakoskitohka\/"},{"@type":"ListItem","position":2,"name":"Mit\u00e4 teemme","item":"https:\/\/rotary.fi\/valkeakoskitohka\/mita-teemme\/"},{"@type":"ListItem","position":3,"name":"Keit\u00e4 me olemme","item":"https:\/\/rotary.fi\/valkeakoskitohka\/mita-teemme\/keita-olemme\/"},{"@type":"ListItem","position":4,"name":"Hallitus ja toimihenkil\u00f6t"}]},{"@type":"WebSite","@id":"https:\/\/rotary.fi\/valkeakoskitohka\/#website","url":"https:\/\/rotary.fi\/valkeakoskitohka\/","name":"Valkeakoski-Tohka","description":"Uusi Rotary klubisivusto","potentialAction":[{"@type":"SearchAction","target":{"@type":"EntryPoint","urlTemplate":"https:\/\/rotary.fi\/valkeakoskitohka\/?s={search_term_string}"},"query-input":{"@type":"PropertyValueSpecification","valueRequired":true,"valueName":"search_term_string"}}],"inLanguage":"fi"}]}},"lang":"fi","translations":{"fi":132,"en":1428},"pll_sync_post":[],"_links":{"self":[{"href":"https:\/\/rotary.fi\/valkeakoskitohka\/wp-json\/wp\/v2\/pages\/132","targetHints":{"allow":["GET"]}}],"collection":[{"href":"https:\/\/rotary.fi\/valkeakoskitohka\/wp-json\/wp\/v2\/pages"}],"about":[{"href":"https:\/\/rotary.fi\/valkeakoskitohka\/wp-json\/wp\/v2\/types\/page"}],"author":[{"embeddable":true,"href":"https:\/\/rotary.fi\/valkeakoskitohka\/wp-json\/wp\/v2\/users\/1"}],"replies":[{"embeddable":true,"href":"https:\/\/rotary.fi\/valkeakoskitohka\/wp-json\/wp\/v2\/comments?post=132"}],"version-history":[{"count":11,"href":"https:\/\/rotary.fi\/valkeakoskitohka\/wp-json\/wp\/v2\/pages\/132\/revisions"}],"predecessor-version":[{"id":2388,"href":"https:\/\/rotary.fi\/valkeakoskitohka\/wp-json\/wp\/v2\/pages\/132\/revisions\/2388"}],"up":[{"embeddable":true,"href":"https:\/\/rotary.fi\/valkeakoskitohka\/wp-json\/wp\/v2\/pages\/129"}],"wp:attachment":[{"href":"https:\/\/rotary.fi\/valkeakoskitohka\/wp-json\/wp\/v2\/media?parent=132"}],"curies":[{"name":"wp","href":"https:\/\/api.w.org\/{rel}","templated":true}]}}