{"id":129,"date":"2018-08-10T13:41:39","date_gmt":"2018-08-10T10:41:39","guid":{"rendered":"https:\/\/rotary.fi\/klubi2\/?page_id=129"},"modified":"2019-12-30T16:39:58","modified_gmt":"2019-12-30T14:39:58","slug":"keita-olemme","status":"publish","type":"page","link":"https:\/\/rotary.fi\/valkeakoskitohka\/mita-teemme\/keita-olemme\/","title":{"rendered":"Keit\u00e4 me olemme"},"content":{"rendered":"<p>[et_pb_section fb_built=&#8221;1&#8243; module_class=&#8221;jumbotron-page&#8221; _builder_version=&#8221;4.0.8&#8243; background_image=&#8221;https:\/\/rotary.fi\/valkeakoskitohka\/wp-content\/uploads\/sites\/123\/2019\/12\/tohkan-talo-kopio.jpg&#8221;][et_pb_row _builder_version=&#8221;3.25&#8243; background_size=&#8221;initial&#8221; background_position=&#8221;top_left&#8221; background_repeat=&#8221;repeat&#8221;][et_pb_column type=&#8221;4_4&#8243; _builder_version=&#8221;3.25&#8243; custom_padding=&#8221;|||&#8221; custom_padding__hover=&#8221;|||&#8221;][et_pb_text admin_label=&#8221;P\u00e4\u00e4otsikko&#8221; _builder_version=&#8221;4.0.8&#8243; text_orientation=&#8221;center&#8221; background_layout=&#8221;dark&#8221;]<\/p>\n<h1>Keit\u00e4 me olemme<\/h1>\n<p>[\/et_pb_text][\/et_pb_column][\/et_pb_row][\/et_pb_section][et_pb_section fb_built=&#8221;1&#8243; specialty=&#8221;on&#8221; module_class_2=&#8221;sivupalkki&#8221; _builder_version=&#8221;3.22&#8243;][et_pb_column type=&#8221;2_3&#8243; specialty_columns=&#8221;2&#8243; _builder_version=&#8221;3.25&#8243; custom_padding=&#8221;|||&#8221; custom_padding__hover=&#8221;|||&#8221;][et_pb_row_inner admin_label=&#8221;Rivi&#8221; _builder_version=&#8221;3.25&#8243;][et_pb_column_inner saved_specialty_column_type=&#8221;2_3&#8243; _builder_version=&#8221;3.25&#8243; custom_padding=&#8221;|||&#8221; custom_padding__hover=&#8221;|||&#8221;][et_pb_text admin_label=&#8221;Otsikko&#8221; _builder_version=&#8221;4.0.8&#8243; text_orientation=&#8221;center&#8221;]<\/p>\n<h1 style=\"text-align: center\">Valkeakoski-Tohka RC<\/h1>\n<p>[\/et_pb_text][et_pb_text _builder_version=&#8221;4.0.8&#8243; background_enable_image=&#8221;off&#8221; background_position=&#8221;bottom_center&#8221; hover_enabled=&#8221;0&#8243;]<\/p>\n<p>Rotary-palveluj\u00e4rjest\u00f6 syntyi Chicagossa 1905. Suomeen j\u00e4rjest\u00f6 tuli 1926 ja Valkeakoskelle 1948. Paperiteollisuudesta ja jalkapallosta tunnetun kaupungin toisen klubin, Valkeakoski-Tohkan perustava kokous pidettiin ravintola Hopealinjassa 25.4.1980. Rotary Internationaliin klubi hyv\u00e4ksyttiin 25.9.1980 ja charter-kokous pidettiin Kirjasniemi 1:ss\u00e4 23.1.1981.<\/p>\n<p>Perustajista presidentin vitjat sai <strong>Seppo Pietil\u00e4<\/strong>, josta tuli pian my\u00f6s piirikuvern\u00f6\u00f6ri.<\/p>\n<p><strong>Mutta mist\u00e4 klubille nimeksi Tohka?<\/strong><\/p>\n<p>Tohka (kuvassa Heka Toivolan piirt\u00e4m\u00e4n\u00e4) oli tunnettu valkeakoskelainen talo, jonka p\u00e4\u00e4rakennus toimi vuosikymmenet kauppalantalona ja jonka paikalle nousi nykyinen kaupungintalo. Toisella puolella katua sijaitsi Valkeakoski-Tohkan ensimm\u00e4inen kokoontumispaikka ravintola Hopealinja.<\/p>\n<p>Tohka osoittautui erityisen osuvaksi nimeksi uudelle klubille. Tohkalaiset ovat nimitt\u00e4in usein tohkeissaan &#8211; virkeit\u00e4 ja aktiivisia, joskus yliaktiivisiakin. Tohkan henki ilmenee kokouksissa aktiivisina puheenvuoroina, sopivina tai sopimattomina v\u00e4lihuutoina ja ik\u00e4vuosiin katsomatta jopa poikamaisena k\u00e4yt\u00f6ksen\u00e4. Tohkan kokoontumisprosentti on aina ollut piirin parhaita.<\/p>\n<p>Tohkalaisuuteen kuuluvat retket l\u00e4helle ja kauemmas sek\u00e4 perinteit\u00e4 arvostavat juhlat. Vuosijuhlaa vietet\u00e4\u00e4n aina tammikuussa, ja presidentin vitjan vaihtavat omistajaa kes\u00e4kuussa. Syksyn kohokohta oli pitk\u00e4\u00e4n Lampaansy\u00f6j\u00e4iset, jonka paikan on viime vuosina ottanut Oktoberfest.<\/p>\n<div id=\"attachment_1688\" style=\"width: 1034px\" class=\"wp-caption aligncenter\"><img loading=\"lazy\" decoding=\"async\" aria-describedby=\"caption-attachment-1688\" class=\"wp-image-1688 size-large\" src=\"https:\/\/rotary.fi\/valkeakoskitohka\/wp-content\/uploads\/sites\/123\/2019\/12\/oktoberfest-kevyempi-1-1024x468.jpg\" alt=\"\" width=\"1024\" height=\"468\" srcset=\"https:\/\/rotary.fi\/valkeakoskitohka\/wp-content\/uploads\/sites\/123\/2019\/12\/oktoberfest-kevyempi-1-1024x468.jpg 1024w, https:\/\/rotary.fi\/valkeakoskitohka\/wp-content\/uploads\/sites\/123\/2019\/12\/oktoberfest-kevyempi-1-980x448.jpg 980w, https:\/\/rotary.fi\/valkeakoskitohka\/wp-content\/uploads\/sites\/123\/2019\/12\/oktoberfest-kevyempi-1-480x219.jpg 480w\" sizes=\"(min-width: 0px) and (max-width: 480px) 480px, (min-width: 481px) and (max-width: 980px) 980px, (min-width: 981px) 1024px, 100vw\" \/><p id=\"caption-attachment-1688\" class=\"wp-caption-text\">Oktoberfest syksyll\u00e4 2018.<\/p><\/div>\n<p>Valkeakoski-Tohkalla on ollut l\u00e4hes joka vuosi vaihto-oppilas, aikanaan parikin. Klubi tukee paikallisia v\u00e4h\u00e4varaisia perheit\u00e4 ja lahjoittaa hyviin tarkoituksiin. Varainhankinnan projekteja olemme tehneet laidasta laitaan, ja t\u00e4ll\u00e4 hetkell\u00e4 puuhaamme konfliktinratkaisun ty\u00f6pajaa seutukunnan nuorille yhdess\u00e4 presidentti Ahtisaaren perustaman CMI:n ja muiden alueen rotaryklubien kanssa.<\/p>\n<p>[\/et_pb_text][\/et_pb_column_inner][\/et_pb_row_inner][\/et_pb_column][et_pb_column type=&#8221;1_3&#8243; _builder_version=&#8221;3.25&#8243; custom_padding=&#8221;|||&#8221; custom_padding__hover=&#8221;|||&#8221;][et_pb_sidebar area=&#8221;sidebar-1&#8243; module_class=&#8221;sivupalkki_sisalto&#8221; _builder_version=&#8221;3.4.1&#8243;][\/et_pb_sidebar][\/et_pb_column][\/et_pb_section]<\/p>\n","protected":false},"excerpt":{"rendered":"<p>Keit\u00e4 me olemmeValkeakoski-Tohka RCRotary-palveluj\u00e4rjest\u00f6 syntyi Chicagossa 1905. Suomeen j\u00e4rjest\u00f6 tuli 1926 ja Valkeakoskelle 1948. Paperiteollisuudesta ja jalkapallosta tunnetun kaupungin toisen klubin, Valkeakoski-Tohkan perustava kokous pidettiin ravintola Hopealinjassa 25.4.1980. Rotary Internationaliin klubi hyv\u00e4ksyttiin 25.9.1980 ja charter-kokous pidettiin Kirjasniemi 1:ss\u00e4 23.1.1981. Perustajista presidentin vitjat sai Seppo Pietil\u00e4, josta tuli pian my\u00f6s piirikuvern\u00f6\u00f6ri. Mutta mist\u00e4 klubille nimeksi Tohka? [&hellip;]<\/p>\n","protected":false},"author":1,"featured_media":0,"parent":77,"menu_order":0,"comment_status":"closed","ping_status":"closed","template":"","meta":{"_acf_changed":false,"_et_pb_use_builder":"on","_et_pb_old_content":"<p><img class=\"size-medium wp-image-1622 aligncenter\" src=\"https:\/\/rotary.fi\/valkeakoskitohka\/wp-content\/uploads\/sites\/123\/2019\/12\/tohkan-talo-kopio-300x210.jpg\" alt=\"\" width=\"300\" height=\"210\" \/><\/p><p>Valkeakoski-Tohkan rotaryklubi aloitti toimintansa vuoden 1980 kev\u00e4\u00e4ll\u00e4, siis l\u00e4hes 40 vuotta sitten. Perustajista ensimm\u00e4isen\u00e4 presidentin vitjat otti Seppo Pietil\u00e4, josta tuli pian my\u00f6s piirikuvern\u00f6\u00f6ri. Mutta mist\u00e4 nimi Tohka?<\/p><p>Tohka (kuvassa Heka Toivolan piirt\u00e4m\u00e4n\u00e4) oli valkeakoskelainen talo, jonka p\u00e4\u00e4rakennus toimi vuosikymmeni\u00e4 kauppalantalona ja jonka paikalla on nykyinen kaupungintalo. Uuden rotaryklubin ensimm\u00e4inen kokoontumispaikka, ravintola Hopealinja, sijaitsi aivan Tohkan vieress\u00e4, nykyisen Valtakadun vastakkaisella puolella.<\/p><p>Tohka on erityisen osuva nimi t\u00e4lle rotaryklubille, koska tohkalaiset ovat usein tohkeissaan - toisin sanoen virkeit\u00e4 ja aktiivisia, joskus yliaktiivisiakin. Tohkan henki ilmenee kokouksissa aktiivisina puheenvuoroina, sopivina tai sopimattomina v\u00e4lihuutoina ja ik\u00e4vuosiin katsomatta nuorekkaana, jopa poikamaisena k\u00e4yt\u00f6ksen\u00e4. Klubin kokoontumisprosentti on aina ollut piirin parhaita.<\/p><p>Tohkalaisuuteen kuuluvat retket l\u00e4helle ja kauemmas sek\u00e4 perinteit\u00e4 arvostavat juhlat. Vuosijuhlaa vietet\u00e4\u00e4n tammikuussa. Kes\u00e4kuussa juhlitaan Vitjanvaihtajaisia, ja syksyn kohokohta oli pitk\u00e4\u00e4n Lampaansy\u00f6j\u00e4iset, joiden paikan on viime vuosina ottanut Oktoberfest.<\/p><p>Valkeakoski-Tohkalla on ollut l\u00e4hes joka vuosi vaihto-oppilas, aikanaan parikin. Klubi tukee v\u00e4h\u00e4varaisia perheit\u00e4 ja lahjoittaa hyviin paikallisiin tarkoituksiin. Projekteja olemme tehneet laidasta laitaan - t\u00e4ll\u00e4 hetkell\u00e4 puuhaamme yhdess\u00e4 Martti Ahtisaaren perustaman CMI:n kanssa konfliktinratkaisun ty\u00f6pajaa seutukunnan nuorille.<\/p>","_et_gb_content_width":"","footnotes":""},"class_list":["post-129","page","type-page","status-publish","hentry"],"acf":[],"yoast_head":"<!-- This site is optimized with the Yoast SEO plugin v27.0 - https:\/\/yoast.com\/product\/yoast-seo-wordpress\/ -->\n<title>Keit\u00e4 me olemme - Valkeakoski-Tohka<\/title>\n<meta name=\"robots\" content=\"index, follow, max-snippet:-1, max-image-preview:large, max-video-preview:-1\" \/>\n<link rel=\"canonical\" href=\"https:\/\/rotary.fi\/valkeakoskitohka\/mita-teemme\/keita-olemme\/\" \/>\n<meta property=\"og:locale\" content=\"fi_FI\" \/>\n<meta property=\"og:type\" content=\"article\" \/>\n<meta property=\"og:title\" content=\"Keit\u00e4 me olemme - Valkeakoski-Tohka\" \/>\n<meta property=\"og:description\" content=\"Keit\u00e4 me olemmeValkeakoski-Tohka RCRotary-palveluj\u00e4rjest\u00f6 syntyi Chicagossa 1905. Suomeen j\u00e4rjest\u00f6 tuli 1926 ja Valkeakoskelle 1948. Paperiteollisuudesta ja jalkapallosta tunnetun kaupungin toisen klubin, Valkeakoski-Tohkan perustava kokous pidettiin ravintola Hopealinjassa 25.4.1980. Rotary Internationaliin klubi hyv\u00e4ksyttiin 25.9.1980 ja charter-kokous pidettiin Kirjasniemi 1:ss\u00e4 23.1.1981. Perustajista presidentin vitjat sai Seppo Pietil\u00e4, josta tuli pian my\u00f6s piirikuvern\u00f6\u00f6ri. Mutta mist\u00e4 klubille nimeksi Tohka? [&hellip;]\" \/>\n<meta property=\"og:url\" content=\"https:\/\/rotary.fi\/valkeakoskitohka\/mita-teemme\/keita-olemme\/\" \/>\n<meta property=\"og:site_name\" content=\"Valkeakoski-Tohka\" \/>\n<meta property=\"article:modified_time\" content=\"2019-12-30T14:39:58+00:00\" \/>\n<meta property=\"og:image\" content=\"https:\/\/rotary.fi\/valkeakoskitohka\/wp-content\/uploads\/sites\/123\/2019\/12\/oktoberfest-kevyempi-1-1024x468.jpg\" \/>\n<meta name=\"twitter:card\" content=\"summary_large_image\" \/>\n<meta name=\"twitter:label1\" content=\"Arvioitu lukuaika\" \/>\n\t<meta name=\"twitter:data1\" content=\"2 minuuttia\" \/>\n<script type=\"application\/ld+json\" class=\"yoast-schema-graph\">{\"@context\":\"https:\/\/schema.org\",\"@graph\":[{\"@type\":\"WebPage\",\"@id\":\"https:\/\/rotary.fi\/valkeakoskitohka\/mita-teemme\/keita-olemme\/\",\"url\":\"https:\/\/rotary.fi\/valkeakoskitohka\/mita-teemme\/keita-olemme\/\",\"name\":\"Keit\u00e4 me olemme - Valkeakoski-Tohka\",\"isPartOf\":{\"@id\":\"https:\/\/rotary.fi\/valkeakoskitohka\/#website\"},\"primaryImageOfPage\":{\"@id\":\"https:\/\/rotary.fi\/valkeakoskitohka\/mita-teemme\/keita-olemme\/#primaryimage\"},\"image\":{\"@id\":\"https:\/\/rotary.fi\/valkeakoskitohka\/mita-teemme\/keita-olemme\/#primaryimage\"},\"thumbnailUrl\":\"https:\/\/rotary.fi\/valkeakoskitohka\/wp-content\/uploads\/sites\/123\/2019\/12\/oktoberfest-kevyempi-1-1024x468.jpg\",\"datePublished\":\"2018-08-10T10:41:39+00:00\",\"dateModified\":\"2019-12-30T14:39:58+00:00\",\"breadcrumb\":{\"@id\":\"https:\/\/rotary.fi\/valkeakoskitohka\/mita-teemme\/keita-olemme\/#breadcrumb\"},\"inLanguage\":\"fi\",\"potentialAction\":[{\"@type\":\"ReadAction\",\"target\":[\"https:\/\/rotary.fi\/valkeakoskitohka\/mita-teemme\/keita-olemme\/\"]}]},{\"@type\":\"ImageObject\",\"inLanguage\":\"fi\",\"@id\":\"https:\/\/rotary.fi\/valkeakoskitohka\/mita-teemme\/keita-olemme\/#primaryimage\",\"url\":\"https:\/\/rotary.fi\/valkeakoskitohka\/wp-content\/uploads\/sites\/123\/2019\/12\/oktoberfest-kevyempi-1.jpg\",\"contentUrl\":\"https:\/\/rotary.fi\/valkeakoskitohka\/wp-content\/uploads\/sites\/123\/2019\/12\/oktoberfest-kevyempi-1.jpg\",\"width\":1075,\"height\":491},{\"@type\":\"BreadcrumbList\",\"@id\":\"https:\/\/rotary.fi\/valkeakoskitohka\/mita-teemme\/keita-olemme\/#breadcrumb\",\"itemListElement\":[{\"@type\":\"ListItem\",\"position\":1,\"name\":\"Home\",\"item\":\"https:\/\/rotary.fi\/valkeakoskitohka\/\"},{\"@type\":\"ListItem\",\"position\":2,\"name\":\"Mit\u00e4 teemme\",\"item\":\"https:\/\/rotary.fi\/valkeakoskitohka\/mita-teemme\/\"},{\"@type\":\"ListItem\",\"position\":3,\"name\":\"Keit\u00e4 me olemme\"}]},{\"@type\":\"WebSite\",\"@id\":\"https:\/\/rotary.fi\/valkeakoskitohka\/#website\",\"url\":\"https:\/\/rotary.fi\/valkeakoskitohka\/\",\"name\":\"Valkeakoski-Tohka\",\"description\":\"Uusi Rotary klubisivusto\",\"potentialAction\":[{\"@type\":\"SearchAction\",\"target\":{\"@type\":\"EntryPoint\",\"urlTemplate\":\"https:\/\/rotary.fi\/valkeakoskitohka\/?s={search_term_string}\"},\"query-input\":{\"@type\":\"PropertyValueSpecification\",\"valueRequired\":true,\"valueName\":\"search_term_string\"}}],\"inLanguage\":\"fi\"}]}<\/script>\n<!-- \/ Yoast SEO plugin. -->","yoast_head_json":{"title":"Keit\u00e4 me olemme - Valkeakoski-Tohka","robots":{"index":"index","follow":"follow","max-snippet":"max-snippet:-1","max-image-preview":"max-image-preview:large","max-video-preview":"max-video-preview:-1"},"canonical":"https:\/\/rotary.fi\/valkeakoskitohka\/mita-teemme\/keita-olemme\/","og_locale":"fi_FI","og_type":"article","og_title":"Keit\u00e4 me olemme - Valkeakoski-Tohka","og_description":"Keit\u00e4 me olemmeValkeakoski-Tohka RCRotary-palveluj\u00e4rjest\u00f6 syntyi Chicagossa 1905. Suomeen j\u00e4rjest\u00f6 tuli 1926 ja Valkeakoskelle 1948. Paperiteollisuudesta ja jalkapallosta tunnetun kaupungin toisen klubin, Valkeakoski-Tohkan perustava kokous pidettiin ravintola Hopealinjassa 25.4.1980. Rotary Internationaliin klubi hyv\u00e4ksyttiin 25.9.1980 ja charter-kokous pidettiin Kirjasniemi 1:ss\u00e4 23.1.1981. Perustajista presidentin vitjat sai Seppo Pietil\u00e4, josta tuli pian my\u00f6s piirikuvern\u00f6\u00f6ri. Mutta mist\u00e4 klubille nimeksi Tohka? [&hellip;]","og_url":"https:\/\/rotary.fi\/valkeakoskitohka\/mita-teemme\/keita-olemme\/","og_site_name":"Valkeakoski-Tohka","article_modified_time":"2019-12-30T14:39:58+00:00","og_image":[{"url":"https:\/\/rotary.fi\/valkeakoskitohka\/wp-content\/uploads\/sites\/123\/2019\/12\/oktoberfest-kevyempi-1-1024x468.jpg","type":"","width":"","height":""}],"twitter_card":"summary_large_image","twitter_misc":{"Arvioitu lukuaika":"2 minuuttia"},"schema":{"@context":"https:\/\/schema.org","@graph":[{"@type":"WebPage","@id":"https:\/\/rotary.fi\/valkeakoskitohka\/mita-teemme\/keita-olemme\/","url":"https:\/\/rotary.fi\/valkeakoskitohka\/mita-teemme\/keita-olemme\/","name":"Keit\u00e4 me olemme - Valkeakoski-Tohka","isPartOf":{"@id":"https:\/\/rotary.fi\/valkeakoskitohka\/#website"},"primaryImageOfPage":{"@id":"https:\/\/rotary.fi\/valkeakoskitohka\/mita-teemme\/keita-olemme\/#primaryimage"},"image":{"@id":"https:\/\/rotary.fi\/valkeakoskitohka\/mita-teemme\/keita-olemme\/#primaryimage"},"thumbnailUrl":"https:\/\/rotary.fi\/valkeakoskitohka\/wp-content\/uploads\/sites\/123\/2019\/12\/oktoberfest-kevyempi-1-1024x468.jpg","datePublished":"2018-08-10T10:41:39+00:00","dateModified":"2019-12-30T14:39:58+00:00","breadcrumb":{"@id":"https:\/\/rotary.fi\/valkeakoskitohka\/mita-teemme\/keita-olemme\/#breadcrumb"},"inLanguage":"fi","potentialAction":[{"@type":"ReadAction","target":["https:\/\/rotary.fi\/valkeakoskitohka\/mita-teemme\/keita-olemme\/"]}]},{"@type":"ImageObject","inLanguage":"fi","@id":"https:\/\/rotary.fi\/valkeakoskitohka\/mita-teemme\/keita-olemme\/#primaryimage","url":"https:\/\/rotary.fi\/valkeakoskitohka\/wp-content\/uploads\/sites\/123\/2019\/12\/oktoberfest-kevyempi-1.jpg","contentUrl":"https:\/\/rotary.fi\/valkeakoskitohka\/wp-content\/uploads\/sites\/123\/2019\/12\/oktoberfest-kevyempi-1.jpg","width":1075,"height":491},{"@type":"BreadcrumbList","@id":"https:\/\/rotary.fi\/valkeakoskitohka\/mita-teemme\/keita-olemme\/#breadcrumb","itemListElement":[{"@type":"ListItem","position":1,"name":"Home","item":"https:\/\/rotary.fi\/valkeakoskitohka\/"},{"@type":"ListItem","position":2,"name":"Mit\u00e4 teemme","item":"https:\/\/rotary.fi\/valkeakoskitohka\/mita-teemme\/"},{"@type":"ListItem","position":3,"name":"Keit\u00e4 me olemme"}]},{"@type":"WebSite","@id":"https:\/\/rotary.fi\/valkeakoskitohka\/#website","url":"https:\/\/rotary.fi\/valkeakoskitohka\/","name":"Valkeakoski-Tohka","description":"Uusi Rotary klubisivusto","potentialAction":[{"@type":"SearchAction","target":{"@type":"EntryPoint","urlTemplate":"https:\/\/rotary.fi\/valkeakoskitohka\/?s={search_term_string}"},"query-input":{"@type":"PropertyValueSpecification","valueRequired":true,"valueName":"search_term_string"}}],"inLanguage":"fi"}]}},"lang":"fi","translations":{"fi":129,"en":1424},"pll_sync_post":[],"_links":{"self":[{"href":"https:\/\/rotary.fi\/valkeakoskitohka\/wp-json\/wp\/v2\/pages\/129","targetHints":{"allow":["GET"]}}],"collection":[{"href":"https:\/\/rotary.fi\/valkeakoskitohka\/wp-json\/wp\/v2\/pages"}],"about":[{"href":"https:\/\/rotary.fi\/valkeakoskitohka\/wp-json\/wp\/v2\/types\/page"}],"author":[{"embeddable":true,"href":"https:\/\/rotary.fi\/valkeakoskitohka\/wp-json\/wp\/v2\/users\/1"}],"replies":[{"embeddable":true,"href":"https:\/\/rotary.fi\/valkeakoskitohka\/wp-json\/wp\/v2\/comments?post=129"}],"version-history":[{"count":35,"href":"https:\/\/rotary.fi\/valkeakoskitohka\/wp-json\/wp\/v2\/pages\/129\/revisions"}],"predecessor-version":[{"id":1812,"href":"https:\/\/rotary.fi\/valkeakoskitohka\/wp-json\/wp\/v2\/pages\/129\/revisions\/1812"}],"up":[{"embeddable":true,"href":"https:\/\/rotary.fi\/valkeakoskitohka\/wp-json\/wp\/v2\/pages\/77"}],"wp:attachment":[{"href":"https:\/\/rotary.fi\/valkeakoskitohka\/wp-json\/wp\/v2\/media?parent=129"}],"curies":[{"name":"wp","href":"https:\/\/api.w.org\/{rel}","templated":true}]}}