{"id":273,"date":"2018-10-24T11:32:22","date_gmt":"2018-10-24T08:32:22","guid":{"rendered":"https:\/\/rotary.fi\/uusikaupunki\/?page_id=273"},"modified":"2025-07-04T12:45:54","modified_gmt":"2025-07-04T09:45:54","slug":"olemme-osa-piiria-1410","status":"publish","type":"page","link":"https:\/\/rotary.fi\/uusikaupunki\/keita-olemme\/olemme-osa-piiria-1410\/","title":{"rendered":"Olemme osa piiri\u00e4 1410"},"content":{"rendered":"<p>[et_pb_section fb_built=&#8221;1&#8243; module_class=&#8221;jumbotron-page&#8221; _builder_version=&#8221;4.16&#8243; background_image=&#8221;https:\/\/rotary.fi\/uusikaupunki\/wp-content\/uploads\/sites\/84\/2018\/08\/rotary_klubit_alasivu_paakuva_4.jpg&#8221; global_colors_info=&#8221;{}&#8221;][et_pb_row _builder_version=&#8221;4.16&#8243; background_size=&#8221;initial&#8221; background_position=&#8221;top_left&#8221; background_repeat=&#8221;repeat&#8221; global_colors_info=&#8221;{}&#8221;][et_pb_column type=&#8221;4_4&#8243; _builder_version=&#8221;4.16&#8243; custom_padding=&#8221;|||&#8221; global_colors_info=&#8221;{}&#8221; custom_padding__hover=&#8221;|||&#8221;][et_pb_text admin_label=&#8221;P\u00e4\u00e4otsikko: Olemme osa piiri\u00e4 1410&#8243; _builder_version=&#8221;4.17.4&#8243; text_orientation=&#8221;center&#8221; background_layout=&#8221;dark&#8221; global_colors_info=&#8221;{}&#8221;]<\/p>\n<h1>Olemme osa piiri\u00e4 1410<\/h1>\n<p>[\/et_pb_text][\/et_pb_column][\/et_pb_row][\/et_pb_section][et_pb_section fb_built=&#8221;1&#8243; specialty=&#8221;on&#8221; module_class_2=&#8221;sivupalkki&#8221; _builder_version=&#8221;4.16&#8243; global_colors_info=&#8221;{}&#8221;][et_pb_column type=&#8221;2_3&#8243; specialty_columns=&#8221;2&#8243; _builder_version=&#8221;4.16&#8243; custom_padding=&#8221;|||&#8221; global_colors_info=&#8221;{}&#8221; custom_padding__hover=&#8221;|||&#8221;][et_pb_row_inner admin_label=&#8221;Rivi&#8221; _builder_version=&#8221;4.16&#8243; global_colors_info=&#8221;{}&#8221;][et_pb_column_inner saved_specialty_column_type=&#8221;2_3&#8243; _builder_version=&#8221;4.16&#8243; custom_padding=&#8221;|||&#8221; global_colors_info=&#8221;{}&#8221; custom_padding__hover=&#8221;|||&#8221;][et_pb_text admin_label=&#8221;Rotarypiirit &#8211; Otsikko&#8221; _builder_version=&#8221;4.17.4&#8243; text_orientation=&#8221;center&#8221; global_colors_info=&#8221;{}&#8221;]<\/p>\n<h1>Rotarypiirit<\/h1>\n<p>[\/et_pb_text][et_pb_text _builder_version=&#8221;4.27.4&#8243; hover_enabled=&#8221;0&#8243; z_index_tablet=&#8221;500&#8243; text_text_shadow_horizontal_length_tablet=&#8221;0px&#8221; text_text_shadow_vertical_length_tablet=&#8221;0px&#8221; text_text_shadow_blur_strength_tablet=&#8221;1px&#8221; link_text_shadow_horizontal_length_tablet=&#8221;0px&#8221; link_text_shadow_vertical_length_tablet=&#8221;0px&#8221; link_text_shadow_blur_strength_tablet=&#8221;1px&#8221; ul_text_shadow_horizontal_length_tablet=&#8221;0px&#8221; ul_text_shadow_vertical_length_tablet=&#8221;0px&#8221; ul_text_shadow_blur_strength_tablet=&#8221;1px&#8221; ol_text_shadow_horizontal_length_tablet=&#8221;0px&#8221; ol_text_shadow_vertical_length_tablet=&#8221;0px&#8221; ol_text_shadow_blur_strength_tablet=&#8221;1px&#8221; quote_text_shadow_horizontal_length_tablet=&#8221;0px&#8221; quote_text_shadow_vertical_length_tablet=&#8221;0px&#8221; quote_text_shadow_blur_strength_tablet=&#8221;1px&#8221; header_text_shadow_horizontal_length_tablet=&#8221;0px&#8221; header_text_shadow_vertical_length_tablet=&#8221;0px&#8221; header_text_shadow_blur_strength_tablet=&#8221;1px&#8221; header_2_text_shadow_horizontal_length_tablet=&#8221;0px&#8221; header_2_text_shadow_vertical_length_tablet=&#8221;0px&#8221; header_2_text_shadow_blur_strength_tablet=&#8221;1px&#8221; header_3_text_shadow_horizontal_length_tablet=&#8221;0px&#8221; header_3_text_shadow_vertical_length_tablet=&#8221;0px&#8221; header_3_text_shadow_blur_strength_tablet=&#8221;1px&#8221; header_4_text_shadow_horizontal_length_tablet=&#8221;0px&#8221; header_4_text_shadow_vertical_length_tablet=&#8221;0px&#8221; header_4_text_shadow_blur_strength_tablet=&#8221;1px&#8221; header_5_text_shadow_horizontal_length_tablet=&#8221;0px&#8221; header_5_text_shadow_vertical_length_tablet=&#8221;0px&#8221; header_5_text_shadow_blur_strength_tablet=&#8221;1px&#8221; header_6_text_shadow_horizontal_length_tablet=&#8221;0px&#8221; header_6_text_shadow_vertical_length_tablet=&#8221;0px&#8221; header_6_text_shadow_blur_strength_tablet=&#8221;1px&#8221; box_shadow_horizontal_tablet=&#8221;0px&#8221; box_shadow_vertical_tablet=&#8221;0px&#8221; box_shadow_blur_tablet=&#8221;40px&#8221; box_shadow_spread_tablet=&#8221;0px&#8221; global_colors_info=&#8221;{}&#8221; sticky_enabled=&#8221;0&#8243;]<\/p>\n<p>Suomessa on viisi rotarypiiri\u00e4, joihin kuuluu Suomen lis\u00e4ksi Viro. Jokaista piiri\u00e4 johtaa piirikuvern\u00f6\u00f6ri.<\/p>\n<p>Oman piirimme D1410 kuvern\u00f6\u00f6ri toimintavuotena 2025\u20132026 on<strong> DG Matti Hakoila <\/strong>Turun Aboa Nova Rotaryklubista. Kaksikielinen rotarypiirimme kattaa Ahvenanmaan ja Varsinais-Suomen sek\u00e4 osia Satakunnasta ja Etel\u00e4-H\u00e4meest\u00e4. Se jakautuu kymmeneen alueeseen, joiden l\u00e4hes 60 klubilla on noin 1800 j\u00e4sent\u00e4.. Katso alueemme klubeja \u00a0 <a href=\"http:\/\/www.rotary1410.fi\/klubit\/\">http:\/\/www.rotary1410.fi\/klubit\/<\/a><\/p>\n<p>Kuvern\u00f6\u00f6rin tukena toimivat piirineuvosto, komiteat ja toimikunnat sek\u00e4 piirin eri alueiden apulaiskuvern\u00f6\u00f6rit. Kuulumme piirimme D1410 alueeseen 6, jonka apulaiskuvern\u00f6\u00f6rin\u00e4 on <strong>Pasi Heino<\/strong> Myn\u00e4m\u00e4en Rotaryklubista.<\/p>\n<p>Klubit tekev\u00e4t ehdotukset kuvern\u00f6\u00f6reist\u00e4, ja piirin nime\u00e4miskomitea valitsee ehdokkaista sopivimmaksi katsomansa kuvern\u00f6\u00f6rin. Tuleva kuvern\u00f6\u00f6ri nimitet\u00e4\u00e4n Rotary Internationalin maailmankonferenssissa.<\/p>\n<p>Piiri j\u00e4rjest\u00e4\u00e4 klubeille useita tapahtumia vuoden aikana. Niist\u00e4 t\u00e4rkein on tulevien klubipresidenttien ja klubivirkailijoiden koulutusseminaari (PETS).<\/p>\n<p>Piirikokous j\u00e4rjestet\u00e4\u00e4n yleens\u00e4 syksyisin ja juhlava piirikonferenssi kev\u00e4isin.<\/p>\n<p>Piirikuvern\u00f6\u00f6ri vierailee kaikissa piirins\u00e4 klubeissa toimivuotensa aikana. Apulaiskuvern\u00f6\u00f6rit vierailevat oman alueensa klubeissa.<\/p>\n<p>&nbsp;<\/p>\n<h5><img loading=\"lazy\" decoding=\"async\" class=\"wp-image-2386  alignleft\" src=\"https:\/\/rotary.fi\/uusikaupunki\/wp-content\/uploads\/sites\/84\/2025\/07\/matti-hakoila-rotated-1-225x300.jpg\" alt=\"\" width=\"189\" height=\"252\" \/><\/h5>\n<h5><strong>Kuvern\u00f6\u00f6ri, DG<\/strong><\/h5>\n<p><strong>Matti Hakoila<\/strong> RC Turku Aboa Nova<br \/>0400 536 594<br \/>matti.hakoila@gmail.com<\/p>\n<p>&nbsp;<\/p>\n<p>&nbsp;<\/p>\n<p>&nbsp;<\/p>\n<p>&nbsp;<\/p>\n<h5><strong><img loading=\"lazy\" decoding=\"async\" class=\"wp-image-2387 size-medium alignleft\" src=\"https:\/\/rotary.fi\/uusikaupunki\/wp-content\/uploads\/sites\/84\/2025\/07\/sakari-alaranta-300x241.jpg\" alt=\"\" width=\"300\" height=\"241\" \/><\/strong><\/h5>\n<h5><strong>Tuleva kuvern\u00f6\u00f6ri, DGE<\/strong><\/h5>\n<p><strong>Sakari Alaranta<\/strong>, RC Lieto Vanhalinna<br \/>040 5514 251<br \/>sakari.alaranta@elisanet.fi<\/p>\n<p>&nbsp;<\/p>\n<p>&nbsp;<\/p>\n<p>&nbsp;<\/p>\n<p>&nbsp;<\/p>\n<h5>\u00a0<\/h5>\n<h5><strong><img loading=\"lazy\" decoding=\"async\" class=\"wp-image-2388 size-medium alignleft\" src=\"https:\/\/rotary.fi\/uusikaupunki\/wp-content\/uploads\/sites\/84\/2025\/07\/tiina-sjolund-300x215.jpg\" alt=\"\" width=\"300\" height=\"215\" \/><\/strong><\/h5>\n<h5><strong>Kuvern\u00f6\u00f6riehdokas, DGN<\/strong><\/h5>\n<p><strong>Tiina Sj\u00f6lund<\/strong>, RC Laitila<br \/>044 085 4611<br \/>tiina@pulmaton.fi<\/p>\n<p>&nbsp;<\/p>\n<p>&nbsp;<\/p>\n<p>&nbsp;<\/p>\n<p>&nbsp;<\/p>\n<p><a href=\"https:\/\/rotary.fi\/d1410\/en\/rotary-district-1410\/governor\/\">https:\/\/rotary.fi\/d1410\/en\/rotary-district-1410\/governor\/<\/a><\/p>\n<h5>\u00a0<\/h5>\n<p>&nbsp;<\/p>\n<p>[\/et_pb_text][\/et_pb_column_inner][\/et_pb_row_inner][\/et_pb_column][et_pb_column type=&#8221;1_3&#8243; _builder_version=&#8221;4.16&#8243; custom_padding=&#8221;|||&#8221; global_colors_info=&#8221;{}&#8221; custom_padding__hover=&#8221;|||&#8221;][et_pb_sidebar area=&#8221;sidebar-1&#8243; module_class=&#8221;sivupalkki_sisalto&#8221; _builder_version=&#8221;4.16&#8243; locked=&#8221;on&#8221; global_colors_info=&#8221;{}&#8221;]<br \/>\n[\/et_pb_sidebar][\/et_pb_column][\/et_pb_section]<\/p>\n","protected":false},"excerpt":{"rendered":"<p>Olemme osa piiri\u00e4 1410RotarypiiritSuomessa on viisi rotarypiiri\u00e4, joihin kuuluu Suomen lis\u00e4ksi Viro. Jokaista piiri\u00e4 johtaa piirikuvern\u00f6\u00f6ri. Oman piirimme D1410 kuvern\u00f6\u00f6ri toimintavuotena 2025\u20132026 on DG Matti Hakoila Turun Aboa Nova Rotaryklubista. Kaksikielinen rotarypiirimme kattaa Ahvenanmaan ja Varsinais-Suomen sek\u00e4 osia Satakunnasta ja Etel\u00e4-H\u00e4meest\u00e4. Se jakautuu kymmeneen alueeseen, joiden l\u00e4hes 60 klubilla on noin 1800 j\u00e4sent\u00e4.. Katso alueemme [&hellip;]<\/p>\n","protected":false},"author":1,"featured_media":0,"parent":129,"menu_order":0,"comment_status":"closed","ping_status":"closed","template":"","meta":{"_acf_changed":false,"_et_pb_use_builder":"on","_et_pb_old_content":"","_et_gb_content_width":"","footnotes":""},"class_list":["post-273","page","type-page","status-publish","hentry"],"acf":[],"yoast_head":"<!-- This site is optimized with the Yoast SEO plugin v27.0 - https:\/\/yoast.com\/product\/yoast-seo-wordpress\/ -->\n<title>Olemme osa piiri\u00e4 1410 - Uudenkaupungin Rotaryklubi<\/title>\n<meta name=\"robots\" content=\"index, follow, max-snippet:-1, max-image-preview:large, max-video-preview:-1\" \/>\n<link rel=\"canonical\" href=\"https:\/\/rotary.fi\/uusikaupunki\/keita-olemme\/olemme-osa-piiria-1410\/\" \/>\n<meta property=\"og:locale\" content=\"fi_FI\" \/>\n<meta property=\"og:type\" content=\"article\" \/>\n<meta property=\"og:title\" content=\"Olemme osa piiri\u00e4 1410 - Uudenkaupungin Rotaryklubi\" \/>\n<meta property=\"og:description\" content=\"Olemme osa piiri\u00e4 1410RotarypiiritSuomessa on viisi rotarypiiri\u00e4, joihin kuuluu Suomen lis\u00e4ksi Viro. Jokaista piiri\u00e4 johtaa piirikuvern\u00f6\u00f6ri. Oman piirimme D1410 kuvern\u00f6\u00f6ri toimintavuotena 2025\u20132026 on DG Matti Hakoila Turun Aboa Nova Rotaryklubista. Kaksikielinen rotarypiirimme kattaa Ahvenanmaan ja Varsinais-Suomen sek\u00e4 osia Satakunnasta ja Etel\u00e4-H\u00e4meest\u00e4. Se jakautuu kymmeneen alueeseen, joiden l\u00e4hes 60 klubilla on noin 1800 j\u00e4sent\u00e4.. Katso alueemme [&hellip;]\" \/>\n<meta property=\"og:url\" content=\"https:\/\/rotary.fi\/uusikaupunki\/keita-olemme\/olemme-osa-piiria-1410\/\" \/>\n<meta property=\"og:site_name\" content=\"Uudenkaupungin Rotaryklubi\" \/>\n<meta property=\"article:modified_time\" content=\"2025-07-04T09:45:54+00:00\" \/>\n<meta property=\"og:image\" content=\"https:\/\/rotary.fi\/uusikaupunki\/wp-content\/uploads\/sites\/84\/2025\/07\/matti-hakoila-rotated-1.jpg\" \/>\n\t<meta property=\"og:image:width\" content=\"1500\" \/>\n\t<meta property=\"og:image:height\" content=\"1998\" \/>\n\t<meta property=\"og:image:type\" content=\"image\/jpeg\" \/>\n<meta name=\"twitter:card\" content=\"summary_large_image\" \/>\n<meta name=\"twitter:label1\" content=\"Arvioitu lukuaika\" \/>\n\t<meta name=\"twitter:data1\" content=\"3 minuuttia\" \/>\n<script type=\"application\/ld+json\" class=\"yoast-schema-graph\">{\"@context\":\"https:\/\/schema.org\",\"@graph\":[{\"@type\":\"WebPage\",\"@id\":\"https:\/\/rotary.fi\/uusikaupunki\/keita-olemme\/olemme-osa-piiria-1410\/\",\"url\":\"https:\/\/rotary.fi\/uusikaupunki\/keita-olemme\/olemme-osa-piiria-1410\/\",\"name\":\"Olemme osa piiri\u00e4 1410 - Uudenkaupungin Rotaryklubi\",\"isPartOf\":{\"@id\":\"https:\/\/rotary.fi\/uusikaupunki\/#website\"},\"primaryImageOfPage\":{\"@id\":\"https:\/\/rotary.fi\/uusikaupunki\/keita-olemme\/olemme-osa-piiria-1410\/#primaryimage\"},\"image\":{\"@id\":\"https:\/\/rotary.fi\/uusikaupunki\/keita-olemme\/olemme-osa-piiria-1410\/#primaryimage\"},\"thumbnailUrl\":\"https:\/\/rotary.fi\/uusikaupunki\/wp-content\/uploads\/sites\/84\/2025\/07\/matti-hakoila-rotated-1-225x300.jpg\",\"datePublished\":\"2018-10-24T08:32:22+00:00\",\"dateModified\":\"2025-07-04T09:45:54+00:00\",\"breadcrumb\":{\"@id\":\"https:\/\/rotary.fi\/uusikaupunki\/keita-olemme\/olemme-osa-piiria-1410\/#breadcrumb\"},\"inLanguage\":\"fi\",\"potentialAction\":[{\"@type\":\"ReadAction\",\"target\":[\"https:\/\/rotary.fi\/uusikaupunki\/keita-olemme\/olemme-osa-piiria-1410\/\"]}]},{\"@type\":\"ImageObject\",\"inLanguage\":\"fi\",\"@id\":\"https:\/\/rotary.fi\/uusikaupunki\/keita-olemme\/olemme-osa-piiria-1410\/#primaryimage\",\"url\":\"https:\/\/rotary.fi\/uusikaupunki\/wp-content\/uploads\/sites\/84\/2025\/07\/matti-hakoila-rotated-1.jpg\",\"contentUrl\":\"https:\/\/rotary.fi\/uusikaupunki\/wp-content\/uploads\/sites\/84\/2025\/07\/matti-hakoila-rotated-1.jpg\",\"width\":1500,\"height\":1998},{\"@type\":\"BreadcrumbList\",\"@id\":\"https:\/\/rotary.fi\/uusikaupunki\/keita-olemme\/olemme-osa-piiria-1410\/#breadcrumb\",\"itemListElement\":[{\"@type\":\"ListItem\",\"position\":1,\"name\":\"Home\",\"item\":\"https:\/\/rotary.fi\/uusikaupunki\/\"},{\"@type\":\"ListItem\",\"position\":2,\"name\":\"Keit\u00e4 olemme\",\"item\":\"https:\/\/rotary.fi\/uusikaupunki\/keita-olemme\/\"},{\"@type\":\"ListItem\",\"position\":3,\"name\":\"Olemme osa piiri\u00e4 1410\"}]},{\"@type\":\"WebSite\",\"@id\":\"https:\/\/rotary.fi\/uusikaupunki\/#website\",\"url\":\"https:\/\/rotary.fi\/uusikaupunki\/\",\"name\":\"Uudenkaupungin Rotaryklubi\",\"description\":\"Uusi Rotary klubisivusto\",\"potentialAction\":[{\"@type\":\"SearchAction\",\"target\":{\"@type\":\"EntryPoint\",\"urlTemplate\":\"https:\/\/rotary.fi\/uusikaupunki\/?s={search_term_string}\"},\"query-input\":{\"@type\":\"PropertyValueSpecification\",\"valueRequired\":true,\"valueName\":\"search_term_string\"}}],\"inLanguage\":\"fi\"}]}<\/script>\n<!-- \/ Yoast SEO plugin. -->","yoast_head_json":{"title":"Olemme osa piiri\u00e4 1410 - Uudenkaupungin Rotaryklubi","robots":{"index":"index","follow":"follow","max-snippet":"max-snippet:-1","max-image-preview":"max-image-preview:large","max-video-preview":"max-video-preview:-1"},"canonical":"https:\/\/rotary.fi\/uusikaupunki\/keita-olemme\/olemme-osa-piiria-1410\/","og_locale":"fi_FI","og_type":"article","og_title":"Olemme osa piiri\u00e4 1410 - Uudenkaupungin Rotaryklubi","og_description":"Olemme osa piiri\u00e4 1410RotarypiiritSuomessa on viisi rotarypiiri\u00e4, joihin kuuluu Suomen lis\u00e4ksi Viro. Jokaista piiri\u00e4 johtaa piirikuvern\u00f6\u00f6ri. Oman piirimme D1410 kuvern\u00f6\u00f6ri toimintavuotena 2025\u20132026 on DG Matti Hakoila Turun Aboa Nova Rotaryklubista. Kaksikielinen rotarypiirimme kattaa Ahvenanmaan ja Varsinais-Suomen sek\u00e4 osia Satakunnasta ja Etel\u00e4-H\u00e4meest\u00e4. Se jakautuu kymmeneen alueeseen, joiden l\u00e4hes 60 klubilla on noin 1800 j\u00e4sent\u00e4.. Katso alueemme [&hellip;]","og_url":"https:\/\/rotary.fi\/uusikaupunki\/keita-olemme\/olemme-osa-piiria-1410\/","og_site_name":"Uudenkaupungin Rotaryklubi","article_modified_time":"2025-07-04T09:45:54+00:00","og_image":[{"width":1500,"height":1998,"url":"https:\/\/rotary.fi\/uusikaupunki\/wp-content\/uploads\/sites\/84\/2025\/07\/matti-hakoila-rotated-1.jpg","type":"image\/jpeg"}],"twitter_card":"summary_large_image","twitter_misc":{"Arvioitu lukuaika":"3 minuuttia"},"schema":{"@context":"https:\/\/schema.org","@graph":[{"@type":"WebPage","@id":"https:\/\/rotary.fi\/uusikaupunki\/keita-olemme\/olemme-osa-piiria-1410\/","url":"https:\/\/rotary.fi\/uusikaupunki\/keita-olemme\/olemme-osa-piiria-1410\/","name":"Olemme osa piiri\u00e4 1410 - Uudenkaupungin Rotaryklubi","isPartOf":{"@id":"https:\/\/rotary.fi\/uusikaupunki\/#website"},"primaryImageOfPage":{"@id":"https:\/\/rotary.fi\/uusikaupunki\/keita-olemme\/olemme-osa-piiria-1410\/#primaryimage"},"image":{"@id":"https:\/\/rotary.fi\/uusikaupunki\/keita-olemme\/olemme-osa-piiria-1410\/#primaryimage"},"thumbnailUrl":"https:\/\/rotary.fi\/uusikaupunki\/wp-content\/uploads\/sites\/84\/2025\/07\/matti-hakoila-rotated-1-225x300.jpg","datePublished":"2018-10-24T08:32:22+00:00","dateModified":"2025-07-04T09:45:54+00:00","breadcrumb":{"@id":"https:\/\/rotary.fi\/uusikaupunki\/keita-olemme\/olemme-osa-piiria-1410\/#breadcrumb"},"inLanguage":"fi","potentialAction":[{"@type":"ReadAction","target":["https:\/\/rotary.fi\/uusikaupunki\/keita-olemme\/olemme-osa-piiria-1410\/"]}]},{"@type":"ImageObject","inLanguage":"fi","@id":"https:\/\/rotary.fi\/uusikaupunki\/keita-olemme\/olemme-osa-piiria-1410\/#primaryimage","url":"https:\/\/rotary.fi\/uusikaupunki\/wp-content\/uploads\/sites\/84\/2025\/07\/matti-hakoila-rotated-1.jpg","contentUrl":"https:\/\/rotary.fi\/uusikaupunki\/wp-content\/uploads\/sites\/84\/2025\/07\/matti-hakoila-rotated-1.jpg","width":1500,"height":1998},{"@type":"BreadcrumbList","@id":"https:\/\/rotary.fi\/uusikaupunki\/keita-olemme\/olemme-osa-piiria-1410\/#breadcrumb","itemListElement":[{"@type":"ListItem","position":1,"name":"Home","item":"https:\/\/rotary.fi\/uusikaupunki\/"},{"@type":"ListItem","position":2,"name":"Keit\u00e4 olemme","item":"https:\/\/rotary.fi\/uusikaupunki\/keita-olemme\/"},{"@type":"ListItem","position":3,"name":"Olemme osa piiri\u00e4 1410"}]},{"@type":"WebSite","@id":"https:\/\/rotary.fi\/uusikaupunki\/#website","url":"https:\/\/rotary.fi\/uusikaupunki\/","name":"Uudenkaupungin Rotaryklubi","description":"Uusi Rotary klubisivusto","potentialAction":[{"@type":"SearchAction","target":{"@type":"EntryPoint","urlTemplate":"https:\/\/rotary.fi\/uusikaupunki\/?s={search_term_string}"},"query-input":{"@type":"PropertyValueSpecification","valueRequired":true,"valueName":"search_term_string"}}],"inLanguage":"fi"}]}},"lang":"fi","translations":{"fi":273},"pll_sync_post":[],"_links":{"self":[{"href":"https:\/\/rotary.fi\/uusikaupunki\/wp-json\/wp\/v2\/pages\/273","targetHints":{"allow":["GET"]}}],"collection":[{"href":"https:\/\/rotary.fi\/uusikaupunki\/wp-json\/wp\/v2\/pages"}],"about":[{"href":"https:\/\/rotary.fi\/uusikaupunki\/wp-json\/wp\/v2\/types\/page"}],"author":[{"embeddable":true,"href":"https:\/\/rotary.fi\/uusikaupunki\/wp-json\/wp\/v2\/users\/1"}],"replies":[{"embeddable":true,"href":"https:\/\/rotary.fi\/uusikaupunki\/wp-json\/wp\/v2\/comments?post=273"}],"version-history":[{"count":9,"href":"https:\/\/rotary.fi\/uusikaupunki\/wp-json\/wp\/v2\/pages\/273\/revisions"}],"predecessor-version":[{"id":2391,"href":"https:\/\/rotary.fi\/uusikaupunki\/wp-json\/wp\/v2\/pages\/273\/revisions\/2391"}],"up":[{"embeddable":true,"href":"https:\/\/rotary.fi\/uusikaupunki\/wp-json\/wp\/v2\/pages\/129"}],"wp:attachment":[{"href":"https:\/\/rotary.fi\/uusikaupunki\/wp-json\/wp\/v2\/media?parent=273"}],"curies":[{"name":"wp","href":"https:\/\/api.w.org\/{rel}","templated":true}]}}