{"id":165,"date":"2018-08-13T09:52:52","date_gmt":"2018-08-13T06:52:52","guid":{"rendered":"https:\/\/rotary.fi\/uusikaupunki\/?page_id=165"},"modified":"2025-07-23T16:20:34","modified_gmt":"2025-07-23T13:20:34","slug":"yhteistyo","status":"publish","type":"page","link":"https:\/\/rotary.fi\/uusikaupunki\/mita-teemme\/yhteistyo\/","title":{"rendered":"Yhteisty\u00f6"},"content":{"rendered":"<p>[et_pb_section fb_built=&#8221;1&#8243; module_class=&#8221;jumbotron-page&#8221; _builder_version=&#8221;4.16&#8243; background_image=&#8221;https:\/\/rotary.fi\/uusikaupunki\/wp-content\/uploads\/sites\/84\/2019\/02\/paakuva-sisasivu1.jpg&#8221; global_colors_info=&#8221;{}&#8221;][et_pb_row _builder_version=&#8221;4.16&#8243; background_size=&#8221;initial&#8221; background_position=&#8221;top_left&#8221; background_repeat=&#8221;repeat&#8221; global_colors_info=&#8221;{}&#8221;][et_pb_column type=&#8221;4_4&#8243; _builder_version=&#8221;4.16&#8243; custom_padding=&#8221;|||&#8221; global_colors_info=&#8221;{}&#8221; custom_padding__hover=&#8221;|||&#8221;][et_pb_text admin_label=&#8221;P\u00e4\u00e4otsikko&#8221; _builder_version=&#8221;4.16&#8243; text_orientation=&#8221;center&#8221; background_layout=&#8221;dark&#8221; global_colors_info=&#8221;{}&#8221;]<\/p>\n<h1>Yhteisty\u00f6<\/h1>\n<p>[\/et_pb_text][\/et_pb_column][\/et_pb_row][\/et_pb_section][et_pb_section fb_built=&#8221;1&#8243; specialty=&#8221;on&#8221; module_class_2=&#8221;sivupalkki&#8221; _builder_version=&#8221;4.16&#8243; global_colors_info=&#8221;{}&#8221;][et_pb_column type=&#8221;2_3&#8243; specialty_columns=&#8221;2&#8243; _builder_version=&#8221;4.16&#8243; custom_padding=&#8221;|||&#8221; global_colors_info=&#8221;{}&#8221; custom_padding__hover=&#8221;|||&#8221;][et_pb_row_inner admin_label=&#8221;Rivi&#8221; _builder_version=&#8221;4.16&#8243; global_colors_info=&#8221;{}&#8221;][et_pb_column_inner saved_specialty_column_type=&#8221;2_3&#8243; _builder_version=&#8221;4.16&#8243; custom_padding=&#8221;|||&#8221; global_colors_info=&#8221;{}&#8221; custom_padding__hover=&#8221;|||&#8221;][et_pb_text admin_label=&#8221;Otsikko&#8221; _builder_version=&#8221;4.16&#8243; text_orientation=&#8221;center&#8221; global_colors_info=&#8221;{}&#8221;]<\/p>\n<h1>Yhteisty\u00f6<\/h1>\n<p>[\/et_pb_text][et_pb_text admin_label=&#8221;Teksti&#8221; _builder_version=&#8221;4.27.4&#8243; hover_enabled=&#8221;0&#8243; z_index_tablet=&#8221;500&#8243; text_text_shadow_horizontal_length_tablet=&#8221;0px&#8221; text_text_shadow_vertical_length_tablet=&#8221;0px&#8221; text_text_shadow_blur_strength_tablet=&#8221;1px&#8221; link_text_shadow_horizontal_length_tablet=&#8221;0px&#8221; link_text_shadow_vertical_length_tablet=&#8221;0px&#8221; link_text_shadow_blur_strength_tablet=&#8221;1px&#8221; ul_text_shadow_horizontal_length_tablet=&#8221;0px&#8221; ul_text_shadow_vertical_length_tablet=&#8221;0px&#8221; ul_text_shadow_blur_strength_tablet=&#8221;1px&#8221; ol_text_shadow_horizontal_length_tablet=&#8221;0px&#8221; ol_text_shadow_vertical_length_tablet=&#8221;0px&#8221; ol_text_shadow_blur_strength_tablet=&#8221;1px&#8221; quote_text_shadow_horizontal_length_tablet=&#8221;0px&#8221; quote_text_shadow_vertical_length_tablet=&#8221;0px&#8221; quote_text_shadow_blur_strength_tablet=&#8221;1px&#8221; header_text_shadow_horizontal_length_tablet=&#8221;0px&#8221; header_text_shadow_vertical_length_tablet=&#8221;0px&#8221; header_text_shadow_blur_strength_tablet=&#8221;1px&#8221; header_2_text_shadow_horizontal_length_tablet=&#8221;0px&#8221; header_2_text_shadow_vertical_length_tablet=&#8221;0px&#8221; header_2_text_shadow_blur_strength_tablet=&#8221;1px&#8221; header_3_text_shadow_horizontal_length_tablet=&#8221;0px&#8221; header_3_text_shadow_vertical_length_tablet=&#8221;0px&#8221; header_3_text_shadow_blur_strength_tablet=&#8221;1px&#8221; header_4_text_shadow_horizontal_length_tablet=&#8221;0px&#8221; header_4_text_shadow_vertical_length_tablet=&#8221;0px&#8221; header_4_text_shadow_blur_strength_tablet=&#8221;1px&#8221; header_5_text_shadow_horizontal_length_tablet=&#8221;0px&#8221; header_5_text_shadow_vertical_length_tablet=&#8221;0px&#8221; header_5_text_shadow_blur_strength_tablet=&#8221;1px&#8221; header_6_text_shadow_horizontal_length_tablet=&#8221;0px&#8221; header_6_text_shadow_vertical_length_tablet=&#8221;0px&#8221; header_6_text_shadow_blur_strength_tablet=&#8221;1px&#8221; box_shadow_horizontal_tablet=&#8221;0px&#8221; box_shadow_vertical_tablet=&#8221;0px&#8221; box_shadow_blur_tablet=&#8221;40px&#8221; box_shadow_spread_tablet=&#8221;0px&#8221; global_colors_info=&#8221;{}&#8221; sticky_enabled=&#8221;0&#8243;]<\/p>\n<p>Klubimme toimii aktiivisesti nuorisovaihdossa sek\u00e4 palvelu- ja hyv\u00e4ntekev\u00e4isyysprojekteissa. Ty\u00f6t\u00e4mme ovat tukeneet monet yhteisty\u00f6kumppanit.<\/p>\n<h5><strong>Klubimme nuorisovaihtotoimintaa\u00a0<\/strong><strong> ovat tukeneet:<\/strong><\/h5>\n<p>Kaikki palvelutaulussa mukana olevat yritykset, kts. <a href=\"https:\/\/rotary.fi\/uusikaupunki\/mita-teemme\/varainhankinta-ja-lahjoitukset\/palvelutaulu\/\">Palvelutaulu<\/a><\/p>\n<p><img loading=\"lazy\" decoding=\"async\" class=\"size-full wp-image-1548 alignleft\" src=\"https:\/\/rotary.fi\/uusikaupunki\/wp-content\/uploads\/sites\/84\/2019\/02\/kuva063.jpg\" alt=\"\" width=\"656\" height=\"311\" srcset=\"https:\/\/rotary.fi\/uusikaupunki\/wp-content\/uploads\/sites\/84\/2019\/02\/kuva063.jpg 656w, https:\/\/rotary.fi\/uusikaupunki\/wp-content\/uploads\/sites\/84\/2019\/02\/kuva063-300x142.jpg 300w\" sizes=\"(max-width: 656px) 100vw, 656px\" \/><\/p>\n<p>&nbsp;<\/p>\n<p>&nbsp;<\/p>\n<p>&nbsp;<\/p>\n<p>&nbsp;<\/p>\n<p>&nbsp;<\/p>\n<p>&nbsp;<\/p>\n<p>&nbsp;<\/p>\n<p>&nbsp;<\/p>\n<p>&nbsp;<\/p>\n<h5>\u00a0<\/h5>\n<h5><strong>Klubimme nuorisopalvelutoimintaa (leikkim\u00f6kki -projekti) vuonna 2024 ja 2025 ovat tukeneet<\/strong><\/h5>\n<p>&nbsp;<\/p>\n<ul>\n<li><strong>Lounaisrannikon Osuuspankin s\u00e4\u00e4ti\u00f6<\/strong>\u00a0 <a href=\"https:\/\/www.op.fi\/op-lounaisrannikko\/\">https:\/\/www.op.fi\/op-lounaisrannikko\/<\/a><\/li>\n<li><strong>Hotelli Aquarius<\/strong>\u00a0 <a href=\"https:\/\/hotelliaquarius.fi\">https:\/\/hotelliaquarius.fi<\/a><\/li>\n<li><strong>Konety\u00f6 Nivola<\/strong><\/li>\n<li><strong>Laitilan IP-ty\u00f6 Oy<\/strong>\u00a0 <a href=\"https:\/\/www.laitilaniptyo.fi\">https:\/\/www.laitilaniptyo.fi<\/a><\/li>\n<li><strong>L\u00e4nnen Talotekniikka Oy<\/strong>\u00a0 <a href=\"https:\/\/www.lannentalotekniikka.fi\">https:\/\/www.lannentalotekniikka.fi<\/a><\/li>\n<li><strong>Maisemarakennus Viitanen Oy<\/strong>\u00a0 <a href=\"https:\/\/www.maisemarakennus.com\">https:\/\/www.maisemarakennus.com<\/a><\/li>\n<li><strong>PK-Puu Oy<\/strong>\u00a0 <a href=\"https:\/\/www.pk-puu.fi\">https:\/\/www.pk-puu.fi<\/a><\/li>\n<li><strong>Rakennus Lehtonen Oy<\/strong>\u00a0 <a href=\"http:\/\/www.rakennuslehtonen.fi\">http:\/\/www.rakennuslehtonen.fi<\/a><\/li>\n<li><strong>Uudenkaupungin Rautavalimo Oy<\/strong>\u00a0 <a href=\"https:\/\/www.urv.fi\">https:\/\/www.urv.fi<\/a><\/li>\n<li><strong>Telener<\/strong><\/li>\n<li><strong>Telmarin Oy<\/strong>\u00a0 <a href=\"https:\/\/telmarin.fi\">https:\/\/telmarin.fi<\/a><\/li>\n<li><strong>Vakka-Is\u00e4nn\u00f6inti<\/strong>\u00a0 <a href=\"https:\/\/www.vakkaisannointi.fi\">https:\/\/www.vakkaisannointi.fi<\/a><\/li>\n<li><strong>V-S-Metalli Oy \u00a0<\/strong><a href=\"http:\/\/vsmoy.fi\">http:\/\/vsmoy.fi<\/a><strong><br \/><\/strong><\/li>\n<li>\u00a0<strong>Puuty\u00f6liike Heikkil\u00e4 Oy<\/strong> <a href=\"https:\/\/www.heikkilatimber.com\/\">https:\/\/www.heikkilatimber.com\/<\/a> leikkim\u00f6kkien toimitus kappaletavarana<\/li>\n<li><strong>Novida, Ammattiopisto ja lukio Uusikaupunki<\/strong>\u00a0 <a href=\"https:\/\/www.novida.fi\/\">https:\/\/www.novida.fi\/<\/a>, leikkim\u00f6kkien kokoaminen ja kuljetus<\/li>\n<\/ul>\n<p>&nbsp;<\/p>\n<p>&nbsp;<\/p>\n<h5><strong>Klubimme nuorisopalvelutoimintaa (siirrett\u00e4v\u00e4n skeittirampin laajennusosa) vuonna 2019 ja 2020 ovat tukeneet<\/strong><\/h5>\n<p>&nbsp;<\/p>\n<ul>\n<li>Kesport Uusikaupunki, <a href=\"https:\/\/visituusikaupunki.fi\/fi\/ostokset\/kesport-uusikaupunki\">https:\/\/visituusikaupunki.fi\/fi\/ostokset\/kesport-uusikaupunki<\/a><\/li>\n<li>Kurjenpolun Taimipalvelu, <a href=\"http:\/\/www.kurjenpoluntaimipalvelu.com\/\">http:\/\/www.kurjenpoluntaimipalvelu.com\/<\/a><\/li>\n<li>Maisemarakennus Viitanen Oy, <a href=\"https:\/\/www.maisemarakennus.com\/\">https:\/\/www.maisemarakennus.com\/<\/a><\/li>\n<li>PK-Puu Oy, <a href=\"https:\/\/www.pk-puu.fi\/\">https:\/\/www.pk-puu.fi\/<\/a><\/li>\n<li>Rakennusarkkitehti Marko Arvonen Oy, <a href=\"http:\/\/rakennusarkkitehti-marko-arvonen-oy.rakentajalle.fi\/\">http:\/\/rakennusarkkitehti-marko-arvonen-oy.rakentajalle.fi\/<\/a><\/li>\n<li>Rakennus Lehtonen Oy, <a href=\"http:\/\/www.rakennuslehtonen.fi\/\">http:\/\/www.rakennuslehtonen.fi\/<\/a><\/li>\n<li>Rautarakenne S Lipponen Oy,\u00a0<a href=\"https:\/\/www.rautarakenne.fi\/\">https:\/\/www.rautarakenne.fi\/<\/a><\/li>\n<li>Vahterus Oy, <a href=\"https:\/\/vahterus.com\/fi\/\">https:\/\/vahterus.com\/fi\/<\/a><\/li>\n<li>Vakka-Service Oy, <a href=\"http:\/\/www.vakkaservice.fi\/\">http:\/\/www.vakkaservice.fi\/<\/a><\/li>\n<li>Vertek Oy, <a href=\"https:\/\/vertek.fi\/\">https:\/\/vertek.fi\/<\/a><\/li>\n<li>V-S Metalli Oy, <a href=\"http:\/\/www.vsmoy.fi\/\">http:\/\/www.vsmoy.fi\/<\/a><\/li>\n<li>Yara Suomi, <a href=\"https:\/\/www.yara.fi\/\">https:\/\/www.yara.fi\/<\/a><\/li>\n<\/ul>\n<p>&nbsp;<\/p>\n<p>&nbsp;<\/p>\n<h5><strong>Klubimme vanhuspalvelutoimintaa (crosstrainer-laite vanhuksille) vuonna 2018 ja 2019 ovat tukeneet<\/strong><\/h5>\n<p>&nbsp;<\/p>\n<ul>\n<li>Ajado Oy, <a href=\"http:\/\/ajado.fi\">http:\/\/ajado.fi<\/a><\/li>\n<li>Elektro-Valo Oy,\u00a0 <a href=\"http:\/\/elektro-valo.com\">http:\/\/elektro-valo.com<\/a><\/li>\n<li>Elhav Oy,\u00a0 <a href=\"http:\/\/elhav.fi\">http:\/\/elhav.fi<\/a><\/li>\n<li>Huolto-Rengas Laiho Oy,\u00a0 <a href=\"http:\/\/nesteuki.fi\">http:\/\/nesteuki.fi<\/a><\/li>\n<li>Lakiasiaintoimisto Simo Raitio Oy,<\/li>\n<li>Suunnittelutoimisto Enertel Oy,\u00a0 <a href=\"http:\/\/enertel.fi\">http:\/\/enertel.fi<\/a><\/li>\n<li>Vakka-Suomen Panimo Oy,\u00a0 <a href=\"http:\/\/vasp.fi\">http:\/\/vasp.fi<\/a><\/li>\n<li>Vihannes-Laitila Oy,\u00a0 <a href=\"http:\/\/vihanneslaitila.fi\">http:\/\/vihanneslaitila.fi<\/a><\/li>\n<\/ul>\n<p>&nbsp;<\/p>\n<h5><strong>Kiit\u00e4mme l\u00e4mpim\u00e4sti kaikkia toimintamme tukijoita!<\/strong><\/h5>\n<p>Kun haluat osallistua rotareiden ty\u00f6h\u00f6n lahjoittamalla aikaasi tai varoja, ota yst\u00e4v\u00e4llisesti yhteytt\u00e4 klubimme presidenttiin<\/p>\n<p><strong>Ari Nivola<\/strong>, ari@nivola.fi<\/p>\n<p>[\/et_pb_text][\/et_pb_column_inner][\/et_pb_row_inner][\/et_pb_column][et_pb_column type=&#8221;1_3&#8243; _builder_version=&#8221;4.16&#8243; custom_padding=&#8221;|||&#8221; global_colors_info=&#8221;{}&#8221; custom_padding__hover=&#8221;|||&#8221;][et_pb_sidebar area=&#8221;sidebar-1&#8243; module_class=&#8221;sivupalkki_sisalto&#8221; _builder_version=&#8221;4.16&#8243; locked=&#8221;off&#8221; global_colors_info=&#8221;{}&#8221;]<br \/>\n[\/et_pb_sidebar][\/et_pb_column][\/et_pb_section]<\/p>\n","protected":false},"excerpt":{"rendered":"<p>Yhteisty\u00f6 Yhteisty\u00f6 Klubimme toimii aktiivisesti nuorisovaihdossa sek\u00e4 palvelu- ja hyv\u00e4ntekev\u00e4isyysprojekteissa. Ty\u00f6t\u00e4mme ovat tukeneet monet yhteisty\u00f6kumppanit. Klubimme nuorisovaihtotoimintaa\u00a0 ovat tukeneet: Kaikki palvelutaulussa mukana olevat yritykset, kts. Palvelutaulu &nbsp; &nbsp; &nbsp; &nbsp; &nbsp; &nbsp; &nbsp; &nbsp; &nbsp; \u00a0 Klubimme nuorisopalvelutoimintaa (leikkim\u00f6kki -projekti) vuonna 2024 ja 2025 ovat tukeneet &nbsp; Lounaisrannikon Osuuspankin s\u00e4\u00e4ti\u00f6\u00a0 https:\/\/www.op.fi\/op-lounaisrannikko\/ Hotelli Aquarius\u00a0 https:\/\/hotelliaquarius.fi Konety\u00f6 [&hellip;]<\/p>\n","protected":false},"author":1,"featured_media":0,"parent":77,"menu_order":0,"comment_status":"closed","ping_status":"closed","template":"","meta":{"_acf_changed":false,"_et_pb_use_builder":"on","_et_pb_old_content":"","_et_gb_content_width":"","footnotes":""},"class_list":["post-165","page","type-page","status-publish","hentry"],"acf":[],"yoast_head":"<!-- This site is optimized with the Yoast SEO plugin v27.0 - https:\/\/yoast.com\/product\/yoast-seo-wordpress\/ -->\n<title>Yhteisty\u00f6 - Uudenkaupungin Rotaryklubi<\/title>\n<meta name=\"robots\" content=\"index, follow, max-snippet:-1, max-image-preview:large, max-video-preview:-1\" \/>\n<link rel=\"canonical\" href=\"https:\/\/rotary.fi\/uusikaupunki\/mita-teemme\/yhteistyo\/\" \/>\n<meta property=\"og:locale\" content=\"fi_FI\" \/>\n<meta property=\"og:type\" content=\"article\" \/>\n<meta property=\"og:title\" content=\"Yhteisty\u00f6 - Uudenkaupungin Rotaryklubi\" \/>\n<meta property=\"og:description\" content=\"Yhteisty\u00f6 Yhteisty\u00f6 Klubimme toimii aktiivisesti nuorisovaihdossa sek\u00e4 palvelu- ja hyv\u00e4ntekev\u00e4isyysprojekteissa. Ty\u00f6t\u00e4mme ovat tukeneet monet yhteisty\u00f6kumppanit. Klubimme nuorisovaihtotoimintaa\u00a0 ovat tukeneet: Kaikki palvelutaulussa mukana olevat yritykset, kts. Palvelutaulu &nbsp; &nbsp; &nbsp; &nbsp; &nbsp; &nbsp; &nbsp; &nbsp; &nbsp; \u00a0 Klubimme nuorisopalvelutoimintaa (leikkim\u00f6kki -projekti) vuonna 2024 ja 2025 ovat tukeneet &nbsp; Lounaisrannikon Osuuspankin s\u00e4\u00e4ti\u00f6\u00a0 https:\/\/www.op.fi\/op-lounaisrannikko\/ Hotelli Aquarius\u00a0 https:\/\/hotelliaquarius.fi Konety\u00f6 [&hellip;]\" \/>\n<meta property=\"og:url\" content=\"https:\/\/rotary.fi\/uusikaupunki\/mita-teemme\/yhteistyo\/\" \/>\n<meta property=\"og:site_name\" content=\"Uudenkaupungin Rotaryklubi\" \/>\n<meta property=\"article:modified_time\" content=\"2025-07-23T13:20:34+00:00\" \/>\n<meta property=\"og:image\" content=\"https:\/\/rotary.fi\/uusikaupunki\/wp-content\/uploads\/sites\/84\/2019\/02\/kuva063.jpg\" \/>\n\t<meta property=\"og:image:width\" content=\"656\" \/>\n\t<meta property=\"og:image:height\" content=\"311\" \/>\n\t<meta property=\"og:image:type\" content=\"image\/jpeg\" \/>\n<meta name=\"twitter:card\" content=\"summary_large_image\" \/>\n<meta name=\"twitter:label1\" content=\"Arvioitu lukuaika\" \/>\n\t<meta name=\"twitter:data1\" content=\"2 minuuttia\" \/>\n<script type=\"application\/ld+json\" class=\"yoast-schema-graph\">{\"@context\":\"https:\/\/schema.org\",\"@graph\":[{\"@type\":\"WebPage\",\"@id\":\"https:\/\/rotary.fi\/uusikaupunki\/mita-teemme\/yhteistyo\/\",\"url\":\"https:\/\/rotary.fi\/uusikaupunki\/mita-teemme\/yhteistyo\/\",\"name\":\"Yhteisty\u00f6 - Uudenkaupungin Rotaryklubi\",\"isPartOf\":{\"@id\":\"https:\/\/rotary.fi\/uusikaupunki\/#website\"},\"primaryImageOfPage\":{\"@id\":\"https:\/\/rotary.fi\/uusikaupunki\/mita-teemme\/yhteistyo\/#primaryimage\"},\"image\":{\"@id\":\"https:\/\/rotary.fi\/uusikaupunki\/mita-teemme\/yhteistyo\/#primaryimage\"},\"thumbnailUrl\":\"https:\/\/rotary.fi\/uusikaupunki\/wp-content\/uploads\/sites\/84\/2019\/02\/kuva063.jpg\",\"datePublished\":\"2018-08-13T06:52:52+00:00\",\"dateModified\":\"2025-07-23T13:20:34+00:00\",\"breadcrumb\":{\"@id\":\"https:\/\/rotary.fi\/uusikaupunki\/mita-teemme\/yhteistyo\/#breadcrumb\"},\"inLanguage\":\"fi\",\"potentialAction\":[{\"@type\":\"ReadAction\",\"target\":[\"https:\/\/rotary.fi\/uusikaupunki\/mita-teemme\/yhteistyo\/\"]}]},{\"@type\":\"ImageObject\",\"inLanguage\":\"fi\",\"@id\":\"https:\/\/rotary.fi\/uusikaupunki\/mita-teemme\/yhteistyo\/#primaryimage\",\"url\":\"https:\/\/rotary.fi\/uusikaupunki\/wp-content\/uploads\/sites\/84\/2019\/02\/kuva063.jpg\",\"contentUrl\":\"https:\/\/rotary.fi\/uusikaupunki\/wp-content\/uploads\/sites\/84\/2019\/02\/kuva063.jpg\",\"width\":656,\"height\":311},{\"@type\":\"BreadcrumbList\",\"@id\":\"https:\/\/rotary.fi\/uusikaupunki\/mita-teemme\/yhteistyo\/#breadcrumb\",\"itemListElement\":[{\"@type\":\"ListItem\",\"position\":1,\"name\":\"Home\",\"item\":\"https:\/\/rotary.fi\/uusikaupunki\/\"},{\"@type\":\"ListItem\",\"position\":2,\"name\":\"Mit\u00e4 teemme\",\"item\":\"https:\/\/rotary.fi\/uusikaupunki\/mita-teemme\/\"},{\"@type\":\"ListItem\",\"position\":3,\"name\":\"Yhteisty\u00f6\"}]},{\"@type\":\"WebSite\",\"@id\":\"https:\/\/rotary.fi\/uusikaupunki\/#website\",\"url\":\"https:\/\/rotary.fi\/uusikaupunki\/\",\"name\":\"Uudenkaupungin Rotaryklubi\",\"description\":\"Uusi Rotary klubisivusto\",\"potentialAction\":[{\"@type\":\"SearchAction\",\"target\":{\"@type\":\"EntryPoint\",\"urlTemplate\":\"https:\/\/rotary.fi\/uusikaupunki\/?s={search_term_string}\"},\"query-input\":{\"@type\":\"PropertyValueSpecification\",\"valueRequired\":true,\"valueName\":\"search_term_string\"}}],\"inLanguage\":\"fi\"}]}<\/script>\n<!-- \/ Yoast SEO plugin. -->","yoast_head_json":{"title":"Yhteisty\u00f6 - Uudenkaupungin Rotaryklubi","robots":{"index":"index","follow":"follow","max-snippet":"max-snippet:-1","max-image-preview":"max-image-preview:large","max-video-preview":"max-video-preview:-1"},"canonical":"https:\/\/rotary.fi\/uusikaupunki\/mita-teemme\/yhteistyo\/","og_locale":"fi_FI","og_type":"article","og_title":"Yhteisty\u00f6 - Uudenkaupungin Rotaryklubi","og_description":"Yhteisty\u00f6 Yhteisty\u00f6 Klubimme toimii aktiivisesti nuorisovaihdossa sek\u00e4 palvelu- ja hyv\u00e4ntekev\u00e4isyysprojekteissa. Ty\u00f6t\u00e4mme ovat tukeneet monet yhteisty\u00f6kumppanit. Klubimme nuorisovaihtotoimintaa\u00a0 ovat tukeneet: Kaikki palvelutaulussa mukana olevat yritykset, kts. Palvelutaulu &nbsp; &nbsp; &nbsp; &nbsp; &nbsp; &nbsp; &nbsp; &nbsp; &nbsp; \u00a0 Klubimme nuorisopalvelutoimintaa (leikkim\u00f6kki -projekti) vuonna 2024 ja 2025 ovat tukeneet &nbsp; Lounaisrannikon Osuuspankin s\u00e4\u00e4ti\u00f6\u00a0 https:\/\/www.op.fi\/op-lounaisrannikko\/ Hotelli Aquarius\u00a0 https:\/\/hotelliaquarius.fi Konety\u00f6 [&hellip;]","og_url":"https:\/\/rotary.fi\/uusikaupunki\/mita-teemme\/yhteistyo\/","og_site_name":"Uudenkaupungin Rotaryklubi","article_modified_time":"2025-07-23T13:20:34+00:00","og_image":[{"width":656,"height":311,"url":"https:\/\/rotary.fi\/uusikaupunki\/wp-content\/uploads\/sites\/84\/2019\/02\/kuva063.jpg","type":"image\/jpeg"}],"twitter_card":"summary_large_image","twitter_misc":{"Arvioitu lukuaika":"2 minuuttia"},"schema":{"@context":"https:\/\/schema.org","@graph":[{"@type":"WebPage","@id":"https:\/\/rotary.fi\/uusikaupunki\/mita-teemme\/yhteistyo\/","url":"https:\/\/rotary.fi\/uusikaupunki\/mita-teemme\/yhteistyo\/","name":"Yhteisty\u00f6 - Uudenkaupungin Rotaryklubi","isPartOf":{"@id":"https:\/\/rotary.fi\/uusikaupunki\/#website"},"primaryImageOfPage":{"@id":"https:\/\/rotary.fi\/uusikaupunki\/mita-teemme\/yhteistyo\/#primaryimage"},"image":{"@id":"https:\/\/rotary.fi\/uusikaupunki\/mita-teemme\/yhteistyo\/#primaryimage"},"thumbnailUrl":"https:\/\/rotary.fi\/uusikaupunki\/wp-content\/uploads\/sites\/84\/2019\/02\/kuva063.jpg","datePublished":"2018-08-13T06:52:52+00:00","dateModified":"2025-07-23T13:20:34+00:00","breadcrumb":{"@id":"https:\/\/rotary.fi\/uusikaupunki\/mita-teemme\/yhteistyo\/#breadcrumb"},"inLanguage":"fi","potentialAction":[{"@type":"ReadAction","target":["https:\/\/rotary.fi\/uusikaupunki\/mita-teemme\/yhteistyo\/"]}]},{"@type":"ImageObject","inLanguage":"fi","@id":"https:\/\/rotary.fi\/uusikaupunki\/mita-teemme\/yhteistyo\/#primaryimage","url":"https:\/\/rotary.fi\/uusikaupunki\/wp-content\/uploads\/sites\/84\/2019\/02\/kuva063.jpg","contentUrl":"https:\/\/rotary.fi\/uusikaupunki\/wp-content\/uploads\/sites\/84\/2019\/02\/kuva063.jpg","width":656,"height":311},{"@type":"BreadcrumbList","@id":"https:\/\/rotary.fi\/uusikaupunki\/mita-teemme\/yhteistyo\/#breadcrumb","itemListElement":[{"@type":"ListItem","position":1,"name":"Home","item":"https:\/\/rotary.fi\/uusikaupunki\/"},{"@type":"ListItem","position":2,"name":"Mit\u00e4 teemme","item":"https:\/\/rotary.fi\/uusikaupunki\/mita-teemme\/"},{"@type":"ListItem","position":3,"name":"Yhteisty\u00f6"}]},{"@type":"WebSite","@id":"https:\/\/rotary.fi\/uusikaupunki\/#website","url":"https:\/\/rotary.fi\/uusikaupunki\/","name":"Uudenkaupungin Rotaryklubi","description":"Uusi Rotary klubisivusto","potentialAction":[{"@type":"SearchAction","target":{"@type":"EntryPoint","urlTemplate":"https:\/\/rotary.fi\/uusikaupunki\/?s={search_term_string}"},"query-input":{"@type":"PropertyValueSpecification","valueRequired":true,"valueName":"search_term_string"}}],"inLanguage":"fi"}]}},"lang":"fi","translations":{"fi":165},"pll_sync_post":[],"_links":{"self":[{"href":"https:\/\/rotary.fi\/uusikaupunki\/wp-json\/wp\/v2\/pages\/165","targetHints":{"allow":["GET"]}}],"collection":[{"href":"https:\/\/rotary.fi\/uusikaupunki\/wp-json\/wp\/v2\/pages"}],"about":[{"href":"https:\/\/rotary.fi\/uusikaupunki\/wp-json\/wp\/v2\/types\/page"}],"author":[{"embeddable":true,"href":"https:\/\/rotary.fi\/uusikaupunki\/wp-json\/wp\/v2\/users\/1"}],"replies":[{"embeddable":true,"href":"https:\/\/rotary.fi\/uusikaupunki\/wp-json\/wp\/v2\/comments?post=165"}],"version-history":[{"count":10,"href":"https:\/\/rotary.fi\/uusikaupunki\/wp-json\/wp\/v2\/pages\/165\/revisions"}],"predecessor-version":[{"id":2474,"href":"https:\/\/rotary.fi\/uusikaupunki\/wp-json\/wp\/v2\/pages\/165\/revisions\/2474"}],"up":[{"embeddable":true,"href":"https:\/\/rotary.fi\/uusikaupunki\/wp-json\/wp\/v2\/pages\/77"}],"wp:attachment":[{"href":"https:\/\/rotary.fi\/uusikaupunki\/wp-json\/wp\/v2\/media?parent=165"}],"curies":[{"name":"wp","href":"https:\/\/api.w.org\/{rel}","templated":true}]}}