{"id":158,"date":"2018-08-13T09:47:58","date_gmt":"2018-08-13T06:47:58","guid":{"rendered":"https:\/\/rotary.fi\/uusikaupunki\/?page_id=158"},"modified":"2025-07-24T11:58:55","modified_gmt":"2025-07-24T08:58:55","slug":"varainhankinta-ja-lahjoitukset","status":"publish","type":"page","link":"https:\/\/rotary.fi\/uusikaupunki\/mita-teemme\/varainhankinta-ja-lahjoitukset\/","title":{"rendered":"Varainhankinta ja lahjoitukset"},"content":{"rendered":"<p>[et_pb_section fb_built=&#8221;1&#8243; module_class=&#8221;jumbotron-page&#8221; _builder_version=&#8221;4.27.4&#8243; background_image=&#8221;https:\/\/rotary.fi\/uusikaupunki\/wp-content\/uploads\/sites\/84\/2025\/07\/whatsapp-kuva-2025-06-01-klo-113424-686a0317.jpg&#8221; background_position=&#8221;top_center&#8221; global_colors_info=&#8221;{}&#8221;][et_pb_row _builder_version=&#8221;4.16&#8243; background_size=&#8221;initial&#8221; background_position=&#8221;top_left&#8221; background_repeat=&#8221;repeat&#8221; global_colors_info=&#8221;{}&#8221;][et_pb_column type=&#8221;4_4&#8243; _builder_version=&#8221;4.16&#8243; custom_padding=&#8221;|||&#8221; global_colors_info=&#8221;{}&#8221; custom_padding__hover=&#8221;|||&#8221;][et_pb_text admin_label=&#8221;P\u00e4\u00e4otsikko&#8221; _builder_version=&#8221;4.27.4&#8243; text_orientation=&#8221;center&#8221; background_layout=&#8221;dark&#8221; global_colors_info=&#8221;{}&#8221;]<\/p>\n<h1>\u00a0<\/h1>\n<h1>\u00a0<\/h1>\n<h1>\u00a0<\/h1>\n<p>[\/et_pb_text][\/et_pb_column][\/et_pb_row][\/et_pb_section][et_pb_section fb_built=&#8221;1&#8243; specialty=&#8221;on&#8221; module_class_2=&#8221;sivupalkki&#8221; _builder_version=&#8221;4.16&#8243; global_colors_info=&#8221;{}&#8221;][et_pb_column type=&#8221;2_3&#8243; specialty_columns=&#8221;2&#8243; _builder_version=&#8221;4.16&#8243; custom_padding=&#8221;|||&#8221; global_colors_info=&#8221;{}&#8221; custom_padding__hover=&#8221;|||&#8221;][et_pb_row_inner admin_label=&#8221;Rivi&#8221; _builder_version=&#8221;4.16&#8243; global_colors_info=&#8221;{}&#8221;][et_pb_column_inner saved_specialty_column_type=&#8221;2_3&#8243; _builder_version=&#8221;4.16&#8243; custom_padding=&#8221;|||&#8221; global_colors_info=&#8221;{}&#8221; custom_padding__hover=&#8221;|||&#8221;][et_pb_text admin_label=&#8221;Varainhankinta ja lahjoitukset &#8211; Otsikko&#8221; _builder_version=&#8221;4.27.4&#8243; text_orientation=&#8221;center&#8221; hover_enabled=&#8221;0&#8243; global_colors_info=&#8221;{}&#8221; sticky_enabled=&#8221;0&#8243;]<\/p>\n<h1 style=\"text-align: center\">Varainhankinta ja<\/h1>\n<h1 style=\"text-align: center\">lahjoitukset<\/h1>\n<p>[\/et_pb_text][et_pb_text admin_label=&#8221;Teksti&#8221; _builder_version=&#8221;4.27.4&#8243; global_colors_info=&#8221;{}&#8221;]<\/p>\n<p>Rotaryklubimme on mukana sek\u00e4 paikallisessa ett\u00e4 maailmanlaajuisessa palveluty\u00f6ss\u00e4 monin eri tavoin. Otamme osaa rotareiden nuorisovaihtoty\u00f6h\u00f6n ja t\u00e4m\u00e4n rahoittamiseksi ker\u00e4\u00e4mme varoja.<\/p>\n<p>Lahjoitamme varoja humanit\u00e4\u00e4risiin projekteihin Rotarys\u00e4\u00e4ti\u00f6n kautta. Rotarys\u00e4\u00e4ti\u00f6 tukee lukuisten projektien avulla \u00e4itien ja lasten terveyden kohentamista ja sairauksien ehk\u00e4isy\u00e4 ja hoitoa. S\u00e4\u00e4ti\u00f6 edist\u00e4\u00e4 koulutusta ja lukutaitoa, vahvistaa rauhanty\u00f6t\u00e4 sek\u00e4 kasvattaa paikallistalouksia ja yhteis\u00f6j\u00e4. Rotarys\u00e4\u00e4ti\u00f6 edist\u00e4\u00e4 puhtaan veden saantia ja hygieniaosaamista siell\u00e4 miss\u00e4 t\u00e4lle on tarvetta.<\/p>\n<p>Klubimme osallistuu my\u00f6s rotareiden aloitteesta k\u00e4ynnistyneeseen ty\u00f6h\u00f6n polion poistamiseksi maailmasta henkil\u00f6kohtaisin lahjoituksin ja projektien avulla. Rotarit ovat tehneet ty\u00f6t\u00e4 villin polioviruksen poistamiseksi jo kolmenkymmenen vuoden ajan. Nyky\u00e4\u00e4n villin polioviruksen vuoksi sairastuu vuosittain en\u00e4\u00e4 muutamia kymmeni\u00e4 lapsia, kun projektin alkuvaiheessa luvut olivat jopa 350 000 lasta vuodessa. T\u00e4n\u00e4 p\u00e4iv\u00e4n\u00e4 t\u00e4h\u00e4n kotoper\u00e4iseen polioon sairastuneet lapset asuvat yleens\u00e4 vaikeakulkuisilla seuduilla mm. Afganistanissa. Rotarit ovat antaneet lupauksensa saattaa projekti p\u00e4\u00e4t\u00f6kseen, joten my\u00f6s meid\u00e4n klubimme osallistuu omalla panoksellamme t\u00e4h\u00e4n ty\u00f6h\u00f6n niin kauan, kun t\u00e4m\u00e4 rotareiden antama lupaus on t\u00e4ytetty.<\/p>\n<p>N\u00e4ihin tarvittavia varoja ker\u00e4\u00e4mme luonnollisesti suurelta osin klubimme j\u00e4senilt\u00e4, mutta toteutamme my\u00f6s erilaisia tempauksia varojen ker\u00e4\u00e4miseksi.<\/p>\n<div><strong>\u201dRotary tekee hyv\u00e4\u00e4\u201d<\/strong> on yhteisen harrastuksemme perimm\u00e4inen tarkoitus.<\/div>\n<p>&nbsp;<\/p>\n<h1>\u00a0<\/h1>\n<h4><strong>Yhteenveto kauden 2024-2025 lahjoituskohteista<\/strong><\/h4>\n<div>\n<p>&nbsp;<\/p>\n<ul>\n<li>Leikkim\u00f6kkien lahjoitus Kalannin, Lokalahden ja Uudenkaupungin Hakamets\u00e4n p\u00e4iv\u00e4koteihin<\/li>\n<li style=\"text-align: left\">Stipendit Uudenkaupungin lukiolle, Uudenkaupungin Yhten\u00e4iskoululle, Kalannin yl\u00e4asteelle ja Novida Uudenkaupungin Ammattiopisto ja lukiolle<\/li>\n<li>Lahjoitus Vahterusringin kuntoputkelle mahdollistaen ik\u00e4rikkaiden kuntok\u00e4velyt<\/li>\n<li style=\"text-align: left\">Lahjoitus MLL Uudenkaupungin paikallisosastolle v\u00e4h\u00e4varaisten perheiden ruokakasseihin ja joululahjoihin<\/li>\n<li>Lahjoitukset Rotarys\u00e4\u00e4ti\u00f6n vuosirahastoon<\/li>\n<li>Poliop\u00e4iv\u00e4n tuotto Rotarys\u00e4\u00e4ti\u00f6n Polio+ rahastoon<\/li>\n<\/ul>\n<\/div>\n<h4>\u00a0<\/h4>\n<h4><strong>Yhteenveto kauden 2023-2024 lahjoituskohteista<\/strong><\/h4>\n<div>\n<p>&nbsp;<\/p>\n<ul>\n<li>Stipendit Uudenkaupungin lukiolle, Uudenkaupungin Yhten\u00e4iskoululle, Kalannin yl\u00e4asteelle ja Novida Uudenkaupungin Ammattiopisto ja lukiolle<\/li>\n<li>Lahjoitus Vahterusringin kuntoputkelle mahdollistaen ik\u00e4rikkaiden kuntok\u00e4velyt<\/li>\n<li>Lahjoitus MLL Uudenkaupungin paikallisosastolle v\u00e4h\u00e4varaisten perheiden ruokakasseihin ja joululahjoihin<\/li>\n<li>Lahjoitukset Rotarys\u00e4\u00e4ti\u00f6n vuosirahastoon<\/li>\n<li>Poliop\u00e4iv\u00e4n tuotto Rotarys\u00e4\u00e4ti\u00f6n Polio+ rahastoon<\/li>\n<\/ul>\n<h4>\u00a0<\/h4>\n<h4><strong>Yhteenveto kauden 2022-2023 lahjoituskohteista<\/strong><\/h4>\n<div>\n<p>&nbsp;<\/p>\n<ul>\n<li>Stipendit Uudenkaupungin lukiolle, Uudenkaupungin Yhten\u00e4iskoululle, Kalannin yl\u00e4asteelle ja Novida Uudenkaupungin Ammattiopisto ja lukiolle<\/li>\n<li>Lahjoitus Vahterusringin kuntoputkelle mahdollistaen ik\u00e4rikkaiden kuntok\u00e4velyt<\/li>\n<li>Lahjoitus Gambian lasten \/ nuorten jalkapallovalmennukseen<\/li>\n<li>Lahjoitimme vesireppuja 3 kpl \u00a0Uudenkaupungin yhten\u00e4iskouluun ja 1 kpl Kalannin kouluun<\/li>\n<li>Lahjoitukset Rotarys\u00e4\u00e4ti\u00f6n vuosirahastoon<\/li>\n<li>Poliop\u00e4iv\u00e4n tuotto Rotarys\u00e4\u00e4ti\u00f6n Polio+ rahastoon<\/li>\n<\/ul>\n<\/div>\n<\/div>\n<p>[\/et_pb_text][\/et_pb_column_inner][\/et_pb_row_inner][\/et_pb_column][et_pb_column type=&#8221;1_3&#8243; _builder_version=&#8221;4.16&#8243; custom_padding=&#8221;|||&#8221; global_colors_info=&#8221;{}&#8221; custom_padding__hover=&#8221;|||&#8221;][et_pb_sidebar area=&#8221;sidebar-1&#8243; module_class=&#8221;sivupalkki_sisalto&#8221; _builder_version=&#8221;4.16&#8243; locked=&#8221;on&#8221; global_colors_info=&#8221;{}&#8221;]<br \/>\n[\/et_pb_sidebar][\/et_pb_column][\/et_pb_section]<\/p>\n","protected":false},"excerpt":{"rendered":"<p>\u00a0 \u00a0 \u00a0Varainhankinta ja lahjoituksetRotaryklubimme on mukana sek\u00e4 paikallisessa ett\u00e4 maailmanlaajuisessa palveluty\u00f6ss\u00e4 monin eri tavoin. Otamme osaa rotareiden nuorisovaihtoty\u00f6h\u00f6n ja t\u00e4m\u00e4n rahoittamiseksi ker\u00e4\u00e4mme varoja. Lahjoitamme varoja humanit\u00e4\u00e4risiin projekteihin Rotarys\u00e4\u00e4ti\u00f6n kautta. Rotarys\u00e4\u00e4ti\u00f6 tukee lukuisten projektien avulla \u00e4itien ja lasten terveyden kohentamista ja sairauksien ehk\u00e4isy\u00e4 ja hoitoa. S\u00e4\u00e4ti\u00f6 edist\u00e4\u00e4 koulutusta ja lukutaitoa, vahvistaa rauhanty\u00f6t\u00e4 sek\u00e4 kasvattaa paikallistalouksia [&hellip;]<\/p>\n","protected":false},"author":1,"featured_media":0,"parent":77,"menu_order":0,"comment_status":"closed","ping_status":"closed","template":"","meta":{"_acf_changed":false,"_et_pb_use_builder":"on","_et_pb_old_content":"","_et_gb_content_width":"","footnotes":""},"class_list":["post-158","page","type-page","status-publish","hentry"],"acf":[],"yoast_head":"<!-- This site is optimized with the Yoast SEO plugin v27.0 - https:\/\/yoast.com\/product\/yoast-seo-wordpress\/ -->\n<title>Varainhankinta ja lahjoitukset - Uudenkaupungin Rotaryklubi<\/title>\n<meta name=\"robots\" content=\"index, follow, max-snippet:-1, max-image-preview:large, max-video-preview:-1\" \/>\n<link rel=\"canonical\" href=\"https:\/\/rotary.fi\/uusikaupunki\/mita-teemme\/varainhankinta-ja-lahjoitukset\/\" \/>\n<meta property=\"og:locale\" content=\"fi_FI\" \/>\n<meta property=\"og:type\" content=\"article\" \/>\n<meta property=\"og:title\" content=\"Varainhankinta ja lahjoitukset - Uudenkaupungin Rotaryklubi\" \/>\n<meta property=\"og:description\" content=\"\u00a0 \u00a0 \u00a0Varainhankinta ja lahjoituksetRotaryklubimme on mukana sek\u00e4 paikallisessa ett\u00e4 maailmanlaajuisessa palveluty\u00f6ss\u00e4 monin eri tavoin. Otamme osaa rotareiden nuorisovaihtoty\u00f6h\u00f6n ja t\u00e4m\u00e4n rahoittamiseksi ker\u00e4\u00e4mme varoja. Lahjoitamme varoja humanit\u00e4\u00e4risiin projekteihin Rotarys\u00e4\u00e4ti\u00f6n kautta. Rotarys\u00e4\u00e4ti\u00f6 tukee lukuisten projektien avulla \u00e4itien ja lasten terveyden kohentamista ja sairauksien ehk\u00e4isy\u00e4 ja hoitoa. S\u00e4\u00e4ti\u00f6 edist\u00e4\u00e4 koulutusta ja lukutaitoa, vahvistaa rauhanty\u00f6t\u00e4 sek\u00e4 kasvattaa paikallistalouksia [&hellip;]\" \/>\n<meta property=\"og:url\" content=\"https:\/\/rotary.fi\/uusikaupunki\/mita-teemme\/varainhankinta-ja-lahjoitukset\/\" \/>\n<meta property=\"og:site_name\" content=\"Uudenkaupungin Rotaryklubi\" \/>\n<meta property=\"article:modified_time\" content=\"2025-07-24T08:58:55+00:00\" \/>\n<meta name=\"twitter:card\" content=\"summary_large_image\" \/>\n<meta name=\"twitter:label1\" content=\"Arvioitu lukuaika\" \/>\n\t<meta name=\"twitter:data1\" content=\"3 minuuttia\" \/>\n<script type=\"application\/ld+json\" class=\"yoast-schema-graph\">{\"@context\":\"https:\/\/schema.org\",\"@graph\":[{\"@type\":\"WebPage\",\"@id\":\"https:\/\/rotary.fi\/uusikaupunki\/mita-teemme\/varainhankinta-ja-lahjoitukset\/\",\"url\":\"https:\/\/rotary.fi\/uusikaupunki\/mita-teemme\/varainhankinta-ja-lahjoitukset\/\",\"name\":\"Varainhankinta ja lahjoitukset - Uudenkaupungin Rotaryklubi\",\"isPartOf\":{\"@id\":\"https:\/\/rotary.fi\/uusikaupunki\/#website\"},\"datePublished\":\"2018-08-13T06:47:58+00:00\",\"dateModified\":\"2025-07-24T08:58:55+00:00\",\"breadcrumb\":{\"@id\":\"https:\/\/rotary.fi\/uusikaupunki\/mita-teemme\/varainhankinta-ja-lahjoitukset\/#breadcrumb\"},\"inLanguage\":\"fi\",\"potentialAction\":[{\"@type\":\"ReadAction\",\"target\":[\"https:\/\/rotary.fi\/uusikaupunki\/mita-teemme\/varainhankinta-ja-lahjoitukset\/\"]}]},{\"@type\":\"BreadcrumbList\",\"@id\":\"https:\/\/rotary.fi\/uusikaupunki\/mita-teemme\/varainhankinta-ja-lahjoitukset\/#breadcrumb\",\"itemListElement\":[{\"@type\":\"ListItem\",\"position\":1,\"name\":\"Home\",\"item\":\"https:\/\/rotary.fi\/uusikaupunki\/\"},{\"@type\":\"ListItem\",\"position\":2,\"name\":\"Mit\u00e4 teemme\",\"item\":\"https:\/\/rotary.fi\/uusikaupunki\/mita-teemme\/\"},{\"@type\":\"ListItem\",\"position\":3,\"name\":\"Varainhankinta ja lahjoitukset\"}]},{\"@type\":\"WebSite\",\"@id\":\"https:\/\/rotary.fi\/uusikaupunki\/#website\",\"url\":\"https:\/\/rotary.fi\/uusikaupunki\/\",\"name\":\"Uudenkaupungin Rotaryklubi\",\"description\":\"Uusi Rotary klubisivusto\",\"potentialAction\":[{\"@type\":\"SearchAction\",\"target\":{\"@type\":\"EntryPoint\",\"urlTemplate\":\"https:\/\/rotary.fi\/uusikaupunki\/?s={search_term_string}\"},\"query-input\":{\"@type\":\"PropertyValueSpecification\",\"valueRequired\":true,\"valueName\":\"search_term_string\"}}],\"inLanguage\":\"fi\"}]}<\/script>\n<!-- \/ Yoast SEO plugin. -->","yoast_head_json":{"title":"Varainhankinta ja lahjoitukset - Uudenkaupungin Rotaryklubi","robots":{"index":"index","follow":"follow","max-snippet":"max-snippet:-1","max-image-preview":"max-image-preview:large","max-video-preview":"max-video-preview:-1"},"canonical":"https:\/\/rotary.fi\/uusikaupunki\/mita-teemme\/varainhankinta-ja-lahjoitukset\/","og_locale":"fi_FI","og_type":"article","og_title":"Varainhankinta ja lahjoitukset - Uudenkaupungin Rotaryklubi","og_description":"\u00a0 \u00a0 \u00a0Varainhankinta ja lahjoituksetRotaryklubimme on mukana sek\u00e4 paikallisessa ett\u00e4 maailmanlaajuisessa palveluty\u00f6ss\u00e4 monin eri tavoin. Otamme osaa rotareiden nuorisovaihtoty\u00f6h\u00f6n ja t\u00e4m\u00e4n rahoittamiseksi ker\u00e4\u00e4mme varoja. Lahjoitamme varoja humanit\u00e4\u00e4risiin projekteihin Rotarys\u00e4\u00e4ti\u00f6n kautta. Rotarys\u00e4\u00e4ti\u00f6 tukee lukuisten projektien avulla \u00e4itien ja lasten terveyden kohentamista ja sairauksien ehk\u00e4isy\u00e4 ja hoitoa. S\u00e4\u00e4ti\u00f6 edist\u00e4\u00e4 koulutusta ja lukutaitoa, vahvistaa rauhanty\u00f6t\u00e4 sek\u00e4 kasvattaa paikallistalouksia [&hellip;]","og_url":"https:\/\/rotary.fi\/uusikaupunki\/mita-teemme\/varainhankinta-ja-lahjoitukset\/","og_site_name":"Uudenkaupungin Rotaryklubi","article_modified_time":"2025-07-24T08:58:55+00:00","twitter_card":"summary_large_image","twitter_misc":{"Arvioitu lukuaika":"3 minuuttia"},"schema":{"@context":"https:\/\/schema.org","@graph":[{"@type":"WebPage","@id":"https:\/\/rotary.fi\/uusikaupunki\/mita-teemme\/varainhankinta-ja-lahjoitukset\/","url":"https:\/\/rotary.fi\/uusikaupunki\/mita-teemme\/varainhankinta-ja-lahjoitukset\/","name":"Varainhankinta ja lahjoitukset - Uudenkaupungin Rotaryklubi","isPartOf":{"@id":"https:\/\/rotary.fi\/uusikaupunki\/#website"},"datePublished":"2018-08-13T06:47:58+00:00","dateModified":"2025-07-24T08:58:55+00:00","breadcrumb":{"@id":"https:\/\/rotary.fi\/uusikaupunki\/mita-teemme\/varainhankinta-ja-lahjoitukset\/#breadcrumb"},"inLanguage":"fi","potentialAction":[{"@type":"ReadAction","target":["https:\/\/rotary.fi\/uusikaupunki\/mita-teemme\/varainhankinta-ja-lahjoitukset\/"]}]},{"@type":"BreadcrumbList","@id":"https:\/\/rotary.fi\/uusikaupunki\/mita-teemme\/varainhankinta-ja-lahjoitukset\/#breadcrumb","itemListElement":[{"@type":"ListItem","position":1,"name":"Home","item":"https:\/\/rotary.fi\/uusikaupunki\/"},{"@type":"ListItem","position":2,"name":"Mit\u00e4 teemme","item":"https:\/\/rotary.fi\/uusikaupunki\/mita-teemme\/"},{"@type":"ListItem","position":3,"name":"Varainhankinta ja lahjoitukset"}]},{"@type":"WebSite","@id":"https:\/\/rotary.fi\/uusikaupunki\/#website","url":"https:\/\/rotary.fi\/uusikaupunki\/","name":"Uudenkaupungin Rotaryklubi","description":"Uusi Rotary klubisivusto","potentialAction":[{"@type":"SearchAction","target":{"@type":"EntryPoint","urlTemplate":"https:\/\/rotary.fi\/uusikaupunki\/?s={search_term_string}"},"query-input":{"@type":"PropertyValueSpecification","valueRequired":true,"valueName":"search_term_string"}}],"inLanguage":"fi"}]}},"lang":"fi","translations":{"fi":158},"pll_sync_post":[],"_links":{"self":[{"href":"https:\/\/rotary.fi\/uusikaupunki\/wp-json\/wp\/v2\/pages\/158","targetHints":{"allow":["GET"]}}],"collection":[{"href":"https:\/\/rotary.fi\/uusikaupunki\/wp-json\/wp\/v2\/pages"}],"about":[{"href":"https:\/\/rotary.fi\/uusikaupunki\/wp-json\/wp\/v2\/types\/page"}],"author":[{"embeddable":true,"href":"https:\/\/rotary.fi\/uusikaupunki\/wp-json\/wp\/v2\/users\/1"}],"replies":[{"embeddable":true,"href":"https:\/\/rotary.fi\/uusikaupunki\/wp-json\/wp\/v2\/comments?post=158"}],"version-history":[{"count":10,"href":"https:\/\/rotary.fi\/uusikaupunki\/wp-json\/wp\/v2\/pages\/158\/revisions"}],"predecessor-version":[{"id":2508,"href":"https:\/\/rotary.fi\/uusikaupunki\/wp-json\/wp\/v2\/pages\/158\/revisions\/2508"}],"up":[{"embeddable":true,"href":"https:\/\/rotary.fi\/uusikaupunki\/wp-json\/wp\/v2\/pages\/77"}],"wp:attachment":[{"href":"https:\/\/rotary.fi\/uusikaupunki\/wp-json\/wp\/v2\/media?parent=158"}],"curies":[{"name":"wp","href":"https:\/\/api.w.org\/{rel}","templated":true}]}}