{"id":1531,"date":"2019-02-06T19:27:22","date_gmt":"2019-02-06T17:27:22","guid":{"rendered":"https:\/\/rotary.fi\/uusikaupunki\/?page_id=1531"},"modified":"2019-02-19T13:13:46","modified_gmt":"2019-02-19T11:13:46","slug":"vuodesta-1946-alkaen","status":"publish","type":"page","link":"https:\/\/rotary.fi\/uusikaupunki\/keita-olemme\/vuodesta-1946-alkaen\/","title":{"rendered":"Vuodesta 1946 alkaen"},"content":{"rendered":"<p>[et_pb_section bb_built=&#8221;1&#8243; module_class=&#8221;jumbotron-page&#8221; _builder_version=&#8221;3.17.2&#8243; background_image=&#8221;https:\/\/rotary.fi\/uusikaupunki\/wp-content\/uploads\/sites\/84\/2018\/10\/rotary_klubit_alasivu_paakuva_14.jpg&#8221; next_background_color=&#8221;#ffffff&#8221;][et_pb_row _builder_version=&#8221;3.0.48&#8243; background_size=&#8221;initial&#8221; background_position=&#8221;top_left&#8221; background_repeat=&#8221;repeat&#8221;][et_pb_column type=&#8221;4_4&#8243;][et_pb_text admin_label=&#8221;P\u00e4\u00e4otsikko&#8221; _builder_version=&#8221;3.19.5&#8243; text_orientation=&#8221;center&#8221; background_layout=&#8221;dark&#8221;]<\/p>\n<h1>Vuodesta 1946 alkaen<\/h1>\n<p>[\/et_pb_text][\/et_pb_column][\/et_pb_row][\/et_pb_section][et_pb_section bb_built=&#8221;1&#8243; specialty=&#8221;on&#8221; module_class_2=&#8221;sivupalkki&#8221; _builder_version=&#8221;3.4.1&#8243; prev_background_color=&#8221;#000000&#8243;][et_pb_column type=&#8221;2_3&#8243; specialty_columns=&#8221;2&#8243;][et_pb_row_inner admin_label=&#8221;Rivi&#8221; _builder_version=&#8221;3.0.47&#8243;][et_pb_column_inner type=&#8221;4_4&#8243; saved_specialty_column_type=&#8221;2_3&#8243;][et_pb_text admin_label=&#8221;Vuodesta 1946 alkaen &#8211; Otsikko&#8221; _builder_version=&#8221;3.19.5&#8243; text_orientation=&#8221;center&#8221;]<\/p>\n<h1>Uudenkaupungin Rotary-<\/h1>\n<h1>klubin perustaminen<\/h1>\n<p>[\/et_pb_text][et_pb_text _builder_version=&#8221;3.19.5&#8243;]<\/p>\n<p>Asianajaja Paul Harrisin perustama rotaryliike levisi Suomeen v. 1926, jolloin ins. Paul Thorvall perusti Helsingin klubin. Sama mies kirjoitti 7.10.1946 dipl.ins. Sven Hultinille Uuteenkaupunkiin mm. seuraavaa: \u201dTeillle l\u00e4hett\u00e4mist\u00e4ni Rotary-kuukausikirjeist\u00e4 olette luultavasti huomanneet, ett\u00e4 Suomen Rotarypiiri kokoontuu piirineuvotteluun Jyv\u00e4skyl\u00e4\u00e4n lokakuun 12.-13. p\u00e4ivin\u00e4. Pyyd\u00e4n saada lausua Teid\u00e4t\u00a0\u00a0taikka jonkun muun paikkakunnallanne asuvan, Rotaryklubin perustamisesta paikkakunnallenne kiinnostuneen ja arvovaltaisen henkil\u00f6n syd\u00e4mellisesti tervetulleeksi ottamaan osaa piirineuvotteluumme. Olen vakuuttunut siit\u00e4, ett\u00e4 silloin ei kest\u00e4 kauan ennenkuin Rotaryklubinne perustetaan, sill\u00e4 n\u00e4in on jo k\u00e4ynyt monen monta kertaa toisillakin paikkakunnilla.\u201d<\/p>\n<p>Ja edelleenkin ins. Thorvall jatkaa: \u201dJo Suomen arvovalta vaatii, ett\u00e4 meill\u00e4kin on mahdollisimman monta Rotaryklubia\u2026\u201d<\/p>\n<p>\u201dPiirineuvottelu on Rotarypiirin \u201dkorkeakoulu\u201d ja samalla eritt\u00e4in t\u00e4rke\u00e4 neuvottelutilaisuus,jossa on tilaisuus perehty\u00e4 Rotaryn p\u00e4\u00e4m\u00e4\u00e4riin ja siihen, miten t\u00e4\u00e4ll\u00e4 pyrimme niit\u00e4 k\u00e4yt\u00e4nn\u00f6ss\u00e4 toteuttamaan.\u201d<\/p>\n<p><img loading=\"lazy\" decoding=\"async\" class=\"alignleft  wp-image-1595\" src=\"https:\/\/rotary.fi\/uusikaupunki\/wp-content\/uploads\/sites\/84\/2019\/02\/image006.jpg\" alt=\"\" width=\"170\" height=\"261\" \/>Dipl.ins. Hultin, joka yhdess\u00e4 toimitusjohtaja, kauppaneuvos Reino Olkkun kanssa oli ollut Turun rotarien kanssa neuvotteluissa klubin perustamisesta Uuteenkaupunkiin, sai my\u00f6s Jyv\u00e4skyl\u00e4n piirineuvottelun majoitusmestarilta kutsun saapua Jyv\u00e4skyl\u00e4\u00e4n. H\u00e4n noudattikin mainittuja kutsuja ja lokakuun 23 pn\u00e4 1946 kokoontui seitsem\u00e4n uuskaupunkilaista asiasta innostunutta henkil\u00f6\u00e4 neuvottelemaan, jolloin p\u00e4\u00e4tettiin ryhty\u00e4 toimenpiteisiin Rotaryklubin perustamiseksi paikkakunnalle ja annettiin ins. Hultinin teht\u00e4v\u00e4ksi esitt\u00e4\u00e4 Uudenkaupungin klubin kummiksi lupautuneelle Turun Rotaryklubille 16 henkil\u00f6n nimet, 3 varalle valitun sek\u00e4 t\u00e4ydennysmiehist\u00f6ksi 17 henkil\u00f6n nimet.<\/p>\n<p>Marraskuun 20 pn\u00e4 kokoontuivat seuraavat tulevat rotarit: Arvid Bj\u00f6rkman, Hugo Ekerodde, Niilo Hakala, Erkki v. Hellens, Sven Hultin, Tauno Karttunen, Ilmari Komonen, Olavi Konttinen, Edvin Luotonen, Ilmari Olkku, Atso Sarvilinna, Helge Sj\u00f6berg ja G.A. Wall\u00e9n. Kokouksen puheenjohtajana toimi ins. Hultin ja sihteerin\u00e4 Olavi Konttinen.<\/p>\n<p>K\u00e4ydyn keskustelun perusteella todettiin kaikkien l\u00e4sn\u00e4olleiden kannattavan ajatusta Rotaryklubin perustamisesta Uuteenkaupunkiin ja p\u00e4\u00e4tettiin ryhty\u00e4 toimenpiteisiin perustavan kokouksen koollekutsumiseksi. L\u00e4sn\u00e4olleiden lis\u00e4ksi p\u00e4\u00e4tettiin perustavaan kokoukseen kutsua seuraavat henkil\u00f6t: Johtaja S. Lauri Nila, johtaja Nils Eriksson, p\u00e4\u00e4toimittaja Ilmari Kallio ja pankinjohtaja Amos Er\u00e4kivi, jotka matkan takia olivat estyneet nyt pidettyyn kokoukseen saapumasta.<\/p>\n<p>Marraskuun 22 pn\u00e4 l\u00e4hetti pastgovernor Jon Hartman dipl.ins. Hultinille kirjeen, joka alkaa:<\/p>\n<p>\u201dBroder. Jag s\u00e4nder h\u00e4rj\u00e4mte de formul\u00e4r, vilka skola ifyllas och s\u00e4ndes till R.I. for Nystads klubbens upptagande i f\u00f6rbundet\u2026\u201d<\/p>\n<p>Marraskuun 26 pn\u00e4 piti aikaisemmin asetettu j\u00e4rjestelytoimikunta, mihin kuuluivat Bj\u00f6rkman, Ekerodde, Niilo Hakala, Hultin ja Konttinen, kokouksen, mink\u00e4 p\u00f6yt\u00e4kirjat puhuvat mm. seuraavaa:<\/p>\n<p>Ins. Hultin lupasi lainata klubille Rotary Intenationalelle menev\u00e4\u00e4n liittymismaksuun $ 100,- tarvittavan summan siksi aikaa, kunnes sis\u00e4\u00e4nkirjoitus- ja j\u00e4senmaksuista on saatu tarvittava raham\u00e4\u00e4r\u00e4.<\/p>\n<p>Perustava kokous p\u00e4\u00e4tettiin pit\u00e4\u00e4 ravintola Kirstan kabinetissa 7.12.1946. Kelloaika p\u00e4\u00e4tet\u00e4\u00e4n sitten, kun kummiklubin edustajilta saadaan tiet\u00e4\u00e4, mihin aikaan he saapuvat.<\/p>\n<p>Lis\u00e4ksi p\u00e4\u00e4tettiin esitt\u00e4\u00e4 perustavalle kokoukselle, ett\u00e4 hyv\u00e4ksytt\u00e4isiin talousarvioehdotus,mik\u00e4 p\u00e4\u00e4ttyy 22.200,- markkaan.<\/p>\n<p>Charterjuhlaa varten laaditaan eri budjetti.<\/p>\n<p>Marraskuun 27 pn\u00e4 saattoi dipl.ins. Hultin l\u00e4hett\u00e4\u00e4 kutsun perustajaj\u00e4senille, miss\u00e4 h\u00e4n ilmoittaa, ett\u00e4 perustava kokous pidet\u00e4\u00e4n joulukuun 7 pn\u00e4 1946 klo 19.15. Kutsua seurasivat my\u00f6s Turun Rotaryklubin s\u00e4\u00e4nn\u00f6t ja kehoitus niihin tutustumiseen. Viel\u00e4 oli perustavassa kokouksessa vahvistettava Rotaryklubien asetukset, joiden hyv\u00e4ksyminen on ehtona Rotary Internationaleen liittymiselle. Kun n\u00e4m\u00e4 olivat englanninkieliset, j\u00e4rjestettiin keskiviikkona joulukuun 4 pn\u00e4 klo 20 Kirstan kabinetissa asetusten esittelytilaisuus.<\/p>\n<p><strong>Perustava kokous<\/strong><\/p>\n<p>pidettiin joulukuun 7 pn\u00e4 ravintola Kirstassa. L\u00e4sn\u00e4 olivat kaikki 17 perustajaj\u00e4sent\u00e4 sek\u00e4 vieraina: pastgovernor Jon Hartman, varapresedentti Urho Sorsimo, rotarit Birger Marnila, Johannes Sundvall, T.S. J. J\u00e4\u00e4skel\u00e4inen Turun Rotaryklubista sek\u00e4 presidentti G.W. Lounasmeri, rot. T.A. Aalto-Set\u00e4l\u00e4, Birger Schauman ja V.Nurminen Rauman Rotaryklubista.<\/p>\n<p>Kokouksen 3 \u00a7 kuuluu: P\u00e4\u00e4tettiin perustaa Rotaryklubi toimialueenaan Uusikaupunki ja sen ymp\u00e4rist\u00f6\u2026 Klubin nimeksi otetaan Uudenkaupungin Rotaryklubi\u2026<\/p>\n<p>Klubin ensimm\u00e4iseen johtokuntaan valittiin: presidentti Sven Hultin, varapresidentti Hugo Ekerodde, I sihteeri Arvid Bj\u00f6rkman, II sihteeri Olavi Konttinen, rahastonhoitaja Ilmari Komonen ja klubimestari Niilo Hakala.<\/p>\n<p>Pastgovernor Hartman totesi governor Thorwallin valtuuttamana Uudenkaupungin Rotaryklubin perustetuksi ja esitti governorin sek\u00e4 omat onnittelunsa perustetulle klubille.<\/p>\n<p>Presidentti Hultin kiitti pastgovernor Hartmania onnitteluista ja lausui toivomuksen, ett\u00e4 Uudenkaupungin Rotaryklubi tulisi osoittautumaan saamansa luottamuksen arvoiseksi.<\/p>\n<p>Kokouksen j\u00e4lkeen nautittiin ensimm\u00e4inen \u201drotarylounas\u201d ja klubin perustaminen sek\u00e4 yst\u00e4vyyden ja veljeyden yll\u00e4pit\u00e4minen kahden naapuriklubin edustajain kanssa vahvistettiin varapresidentin tunnettujen \u201dsalvapurkkien\u201d v\u00e4lityksell\u00e4 viel\u00e4 enemm\u00e4n tunnetussa \u201dv\u00e4lik\u00f6ss\u00e4\u201d.<\/p>\n<p><strong>Vahvistu<\/strong><strong><em>s<\/em><\/strong>\u00a0<\/p>\n<p>Vahvistus klubin ottamiseen Rotary Internationaleen oli p\u00e4iv\u00e4tty 14.1.1947 ja sen l\u00e4hetti p\u00e4\u00e4sihteeri Philip Lovejoy.<\/p>\n<p>[\/et_pb_text][\/et_pb_column_inner][\/et_pb_row_inner][\/et_pb_column][et_pb_column type=&#8221;1_3&#8243;][et_pb_sidebar area=&#8221;sidebar-1&#8243; module_class=&#8221;sivupalkki_sisalto&#8221; _builder_version=&#8221;3.4.1&#8243; locked=&#8221;on&#8221;]<\/p>\n<p>[\/et_pb_sidebar][\/et_pb_column][\/et_pb_section]<\/p>\n","protected":false},"excerpt":{"rendered":"<p>Vuodesta 1946 alkaen Uudenkaupungin Rotary- klubin perustaminen Asianajaja Paul Harrisin perustama rotaryliike levisi Suomeen v. 1926, jolloin ins. Paul Thorvall perusti Helsingin klubin. Sama mies kirjoitti 7.10.1946 dipl.ins. Sven Hultinille Uuteenkaupunkiin mm. seuraavaa: \u201dTeillle l\u00e4hett\u00e4mist\u00e4ni Rotary-kuukausikirjeist\u00e4 olette luultavasti huomanneet, ett\u00e4 Suomen Rotarypiiri kokoontuu piirineuvotteluun Jyv\u00e4skyl\u00e4\u00e4n lokakuun 12.-13. p\u00e4ivin\u00e4. Pyyd\u00e4n saada lausua Teid\u00e4t\u00a0\u00a0taikka jonkun muun paikkakunnallanne [&hellip;]<\/p>\n","protected":false},"author":96,"featured_media":0,"parent":129,"menu_order":0,"comment_status":"closed","ping_status":"closed","template":"","meta":{"_acf_changed":false,"_et_pb_use_builder":"on","_et_pb_old_content":"","_et_gb_content_width":"","footnotes":""},"class_list":["post-1531","page","type-page","status-publish","hentry"],"acf":[],"yoast_head":"<!-- This site is optimized with the Yoast SEO plugin v27.0 - https:\/\/yoast.com\/product\/yoast-seo-wordpress\/ -->\n<title>Vuodesta 1946 alkaen - Uudenkaupungin Rotaryklubi<\/title>\n<meta name=\"robots\" content=\"index, follow, max-snippet:-1, max-image-preview:large, max-video-preview:-1\" \/>\n<link rel=\"canonical\" href=\"https:\/\/rotary.fi\/uusikaupunki\/keita-olemme\/vuodesta-1946-alkaen\/\" \/>\n<meta property=\"og:locale\" content=\"fi_FI\" \/>\n<meta property=\"og:type\" content=\"article\" \/>\n<meta property=\"og:title\" content=\"Vuodesta 1946 alkaen - Uudenkaupungin Rotaryklubi\" \/>\n<meta property=\"og:description\" content=\"Vuodesta 1946 alkaen Uudenkaupungin Rotary- klubin perustaminen Asianajaja Paul Harrisin perustama rotaryliike levisi Suomeen v. 1926, jolloin ins. Paul Thorvall perusti Helsingin klubin. Sama mies kirjoitti 7.10.1946 dipl.ins. Sven Hultinille Uuteenkaupunkiin mm. seuraavaa: \u201dTeillle l\u00e4hett\u00e4mist\u00e4ni Rotary-kuukausikirjeist\u00e4 olette luultavasti huomanneet, ett\u00e4 Suomen Rotarypiiri kokoontuu piirineuvotteluun Jyv\u00e4skyl\u00e4\u00e4n lokakuun 12.-13. p\u00e4ivin\u00e4. Pyyd\u00e4n saada lausua Teid\u00e4t\u00a0\u00a0taikka jonkun muun paikkakunnallanne [&hellip;]\" \/>\n<meta property=\"og:url\" content=\"https:\/\/rotary.fi\/uusikaupunki\/keita-olemme\/vuodesta-1946-alkaen\/\" \/>\n<meta property=\"og:site_name\" content=\"Uudenkaupungin Rotaryklubi\" \/>\n<meta property=\"article:modified_time\" content=\"2019-02-19T11:13:46+00:00\" \/>\n<meta property=\"og:image\" content=\"https:\/\/rotary.fi\/uusikaupunki\/wp-content\/uploads\/sites\/84\/2019\/02\/image006.jpg\" \/>\n<meta name=\"twitter:card\" content=\"summary_large_image\" \/>\n<meta name=\"twitter:label1\" content=\"Arvioitu lukuaika\" \/>\n\t<meta name=\"twitter:data1\" content=\"4 minuuttia\" \/>\n<script type=\"application\/ld+json\" class=\"yoast-schema-graph\">{\"@context\":\"https:\/\/schema.org\",\"@graph\":[{\"@type\":\"WebPage\",\"@id\":\"https:\/\/rotary.fi\/uusikaupunki\/keita-olemme\/vuodesta-1946-alkaen\/\",\"url\":\"https:\/\/rotary.fi\/uusikaupunki\/keita-olemme\/vuodesta-1946-alkaen\/\",\"name\":\"Vuodesta 1946 alkaen - Uudenkaupungin Rotaryklubi\",\"isPartOf\":{\"@id\":\"https:\/\/rotary.fi\/uusikaupunki\/#website\"},\"primaryImageOfPage\":{\"@id\":\"https:\/\/rotary.fi\/uusikaupunki\/keita-olemme\/vuodesta-1946-alkaen\/#primaryimage\"},\"image\":{\"@id\":\"https:\/\/rotary.fi\/uusikaupunki\/keita-olemme\/vuodesta-1946-alkaen\/#primaryimage\"},\"thumbnailUrl\":\"https:\/\/rotary.fi\/uusikaupunki\/wp-content\/uploads\/sites\/84\/2019\/02\/image006.jpg\",\"datePublished\":\"2019-02-06T17:27:22+00:00\",\"dateModified\":\"2019-02-19T11:13:46+00:00\",\"breadcrumb\":{\"@id\":\"https:\/\/rotary.fi\/uusikaupunki\/keita-olemme\/vuodesta-1946-alkaen\/#breadcrumb\"},\"inLanguage\":\"fi\",\"potentialAction\":[{\"@type\":\"ReadAction\",\"target\":[\"https:\/\/rotary.fi\/uusikaupunki\/keita-olemme\/vuodesta-1946-alkaen\/\"]}]},{\"@type\":\"ImageObject\",\"inLanguage\":\"fi\",\"@id\":\"https:\/\/rotary.fi\/uusikaupunki\/keita-olemme\/vuodesta-1946-alkaen\/#primaryimage\",\"url\":\"https:\/\/rotary.fi\/uusikaupunki\/wp-content\/uploads\/sites\/84\/2019\/02\/image006.jpg\",\"contentUrl\":\"https:\/\/rotary.fi\/uusikaupunki\/wp-content\/uploads\/sites\/84\/2019\/02\/image006.jpg\",\"width\":159,\"height\":244},{\"@type\":\"BreadcrumbList\",\"@id\":\"https:\/\/rotary.fi\/uusikaupunki\/keita-olemme\/vuodesta-1946-alkaen\/#breadcrumb\",\"itemListElement\":[{\"@type\":\"ListItem\",\"position\":1,\"name\":\"Home\",\"item\":\"https:\/\/rotary.fi\/uusikaupunki\/\"},{\"@type\":\"ListItem\",\"position\":2,\"name\":\"Keit\u00e4 olemme\",\"item\":\"https:\/\/rotary.fi\/uusikaupunki\/keita-olemme\/\"},{\"@type\":\"ListItem\",\"position\":3,\"name\":\"Vuodesta 1946 alkaen\"}]},{\"@type\":\"WebSite\",\"@id\":\"https:\/\/rotary.fi\/uusikaupunki\/#website\",\"url\":\"https:\/\/rotary.fi\/uusikaupunki\/\",\"name\":\"Uudenkaupungin Rotaryklubi\",\"description\":\"Uusi Rotary klubisivusto\",\"potentialAction\":[{\"@type\":\"SearchAction\",\"target\":{\"@type\":\"EntryPoint\",\"urlTemplate\":\"https:\/\/rotary.fi\/uusikaupunki\/?s={search_term_string}\"},\"query-input\":{\"@type\":\"PropertyValueSpecification\",\"valueRequired\":true,\"valueName\":\"search_term_string\"}}],\"inLanguage\":\"fi\"}]}<\/script>\n<!-- \/ Yoast SEO plugin. -->","yoast_head_json":{"title":"Vuodesta 1946 alkaen - Uudenkaupungin Rotaryklubi","robots":{"index":"index","follow":"follow","max-snippet":"max-snippet:-1","max-image-preview":"max-image-preview:large","max-video-preview":"max-video-preview:-1"},"canonical":"https:\/\/rotary.fi\/uusikaupunki\/keita-olemme\/vuodesta-1946-alkaen\/","og_locale":"fi_FI","og_type":"article","og_title":"Vuodesta 1946 alkaen - Uudenkaupungin Rotaryklubi","og_description":"Vuodesta 1946 alkaen Uudenkaupungin Rotary- klubin perustaminen Asianajaja Paul Harrisin perustama rotaryliike levisi Suomeen v. 1926, jolloin ins. Paul Thorvall perusti Helsingin klubin. Sama mies kirjoitti 7.10.1946 dipl.ins. Sven Hultinille Uuteenkaupunkiin mm. seuraavaa: \u201dTeillle l\u00e4hett\u00e4mist\u00e4ni Rotary-kuukausikirjeist\u00e4 olette luultavasti huomanneet, ett\u00e4 Suomen Rotarypiiri kokoontuu piirineuvotteluun Jyv\u00e4skyl\u00e4\u00e4n lokakuun 12.-13. p\u00e4ivin\u00e4. Pyyd\u00e4n saada lausua Teid\u00e4t\u00a0\u00a0taikka jonkun muun paikkakunnallanne [&hellip;]","og_url":"https:\/\/rotary.fi\/uusikaupunki\/keita-olemme\/vuodesta-1946-alkaen\/","og_site_name":"Uudenkaupungin Rotaryklubi","article_modified_time":"2019-02-19T11:13:46+00:00","og_image":[{"url":"https:\/\/rotary.fi\/uusikaupunki\/wp-content\/uploads\/sites\/84\/2019\/02\/image006.jpg","type":"","width":"","height":""}],"twitter_card":"summary_large_image","twitter_misc":{"Arvioitu lukuaika":"4 minuuttia"},"schema":{"@context":"https:\/\/schema.org","@graph":[{"@type":"WebPage","@id":"https:\/\/rotary.fi\/uusikaupunki\/keita-olemme\/vuodesta-1946-alkaen\/","url":"https:\/\/rotary.fi\/uusikaupunki\/keita-olemme\/vuodesta-1946-alkaen\/","name":"Vuodesta 1946 alkaen - Uudenkaupungin Rotaryklubi","isPartOf":{"@id":"https:\/\/rotary.fi\/uusikaupunki\/#website"},"primaryImageOfPage":{"@id":"https:\/\/rotary.fi\/uusikaupunki\/keita-olemme\/vuodesta-1946-alkaen\/#primaryimage"},"image":{"@id":"https:\/\/rotary.fi\/uusikaupunki\/keita-olemme\/vuodesta-1946-alkaen\/#primaryimage"},"thumbnailUrl":"https:\/\/rotary.fi\/uusikaupunki\/wp-content\/uploads\/sites\/84\/2019\/02\/image006.jpg","datePublished":"2019-02-06T17:27:22+00:00","dateModified":"2019-02-19T11:13:46+00:00","breadcrumb":{"@id":"https:\/\/rotary.fi\/uusikaupunki\/keita-olemme\/vuodesta-1946-alkaen\/#breadcrumb"},"inLanguage":"fi","potentialAction":[{"@type":"ReadAction","target":["https:\/\/rotary.fi\/uusikaupunki\/keita-olemme\/vuodesta-1946-alkaen\/"]}]},{"@type":"ImageObject","inLanguage":"fi","@id":"https:\/\/rotary.fi\/uusikaupunki\/keita-olemme\/vuodesta-1946-alkaen\/#primaryimage","url":"https:\/\/rotary.fi\/uusikaupunki\/wp-content\/uploads\/sites\/84\/2019\/02\/image006.jpg","contentUrl":"https:\/\/rotary.fi\/uusikaupunki\/wp-content\/uploads\/sites\/84\/2019\/02\/image006.jpg","width":159,"height":244},{"@type":"BreadcrumbList","@id":"https:\/\/rotary.fi\/uusikaupunki\/keita-olemme\/vuodesta-1946-alkaen\/#breadcrumb","itemListElement":[{"@type":"ListItem","position":1,"name":"Home","item":"https:\/\/rotary.fi\/uusikaupunki\/"},{"@type":"ListItem","position":2,"name":"Keit\u00e4 olemme","item":"https:\/\/rotary.fi\/uusikaupunki\/keita-olemme\/"},{"@type":"ListItem","position":3,"name":"Vuodesta 1946 alkaen"}]},{"@type":"WebSite","@id":"https:\/\/rotary.fi\/uusikaupunki\/#website","url":"https:\/\/rotary.fi\/uusikaupunki\/","name":"Uudenkaupungin Rotaryklubi","description":"Uusi Rotary klubisivusto","potentialAction":[{"@type":"SearchAction","target":{"@type":"EntryPoint","urlTemplate":"https:\/\/rotary.fi\/uusikaupunki\/?s={search_term_string}"},"query-input":{"@type":"PropertyValueSpecification","valueRequired":true,"valueName":"search_term_string"}}],"inLanguage":"fi"}]}},"lang":"fi","translations":{"fi":1531},"pll_sync_post":[],"_links":{"self":[{"href":"https:\/\/rotary.fi\/uusikaupunki\/wp-json\/wp\/v2\/pages\/1531","targetHints":{"allow":["GET"]}}],"collection":[{"href":"https:\/\/rotary.fi\/uusikaupunki\/wp-json\/wp\/v2\/pages"}],"about":[{"href":"https:\/\/rotary.fi\/uusikaupunki\/wp-json\/wp\/v2\/types\/page"}],"author":[{"embeddable":true,"href":"https:\/\/rotary.fi\/uusikaupunki\/wp-json\/wp\/v2\/users\/96"}],"replies":[{"embeddable":true,"href":"https:\/\/rotary.fi\/uusikaupunki\/wp-json\/wp\/v2\/comments?post=1531"}],"version-history":[{"count":6,"href":"https:\/\/rotary.fi\/uusikaupunki\/wp-json\/wp\/v2\/pages\/1531\/revisions"}],"predecessor-version":[{"id":1596,"href":"https:\/\/rotary.fi\/uusikaupunki\/wp-json\/wp\/v2\/pages\/1531\/revisions\/1596"}],"up":[{"embeddable":true,"href":"https:\/\/rotary.fi\/uusikaupunki\/wp-json\/wp\/v2\/pages\/129"}],"wp:attachment":[{"href":"https:\/\/rotary.fi\/uusikaupunki\/wp-json\/wp\/v2\/media?parent=1531"}],"curies":[{"name":"wp","href":"https:\/\/api.w.org\/{rel}","templated":true}]}}