{"id":1496,"date":"2019-02-06T17:26:00","date_gmt":"2019-02-06T15:26:00","guid":{"rendered":"https:\/\/rotary.fi\/uusikaupunki\/?page_id=1496"},"modified":"2021-08-24T20:41:44","modified_gmt":"2021-08-24T17:41:44","slug":"palvelutaulu","status":"publish","type":"page","link":"https:\/\/rotary.fi\/uusikaupunki\/mita-teemme\/varainhankinta-ja-lahjoitukset\/palvelutaulu\/","title":{"rendered":"Pakkahuoneen rannan palvelutaulu"},"content":{"rendered":"<p>[et_pb_section fb_built=&#8221;1&#8243; module_class=&#8221;jumbotron-page&#8221; _builder_version=&#8221;3.22&#8243; background_image=&#8221;https:\/\/rotary.fi\/uusikaupunki\/wp-content\/uploads\/sites\/84\/2018\/10\/rotary_klubit_alasivu_paakuva_11.jpg&#8221;][et_pb_row _builder_version=&#8221;3.25&#8243; background_size=&#8221;initial&#8221; background_position=&#8221;top_left&#8221; background_repeat=&#8221;repeat&#8221;][et_pb_column type=&#8221;4_4&#8243; _builder_version=&#8221;3.25&#8243; custom_padding=&#8221;|||&#8221; custom_padding__hover=&#8221;|||&#8221;][et_pb_text admin_label=&#8221;P\u00e4\u00e4otsikko&#8221; _builder_version=&#8221;3.27.4&#8243; text_orientation=&#8221;center&#8221; background_layout=&#8221;dark&#8221;]<\/p>\n<h1>Varainhankinta ja lahjoitukset<\/h1>\n<p>[\/et_pb_text][\/et_pb_column][\/et_pb_row][\/et_pb_section][et_pb_section fb_built=&#8221;1&#8243; specialty=&#8221;on&#8221; module_class_2=&#8221;sivupalkki&#8221; _builder_version=&#8221;3.22&#8243;][et_pb_column type=&#8221;2_3&#8243; specialty_columns=&#8221;2&#8243; _builder_version=&#8221;3.25&#8243; custom_padding=&#8221;|||&#8221; custom_padding__hover=&#8221;|||&#8221;][et_pb_row_inner admin_label=&#8221;Rivi&#8221; _builder_version=&#8221;3.25&#8243;][et_pb_column_inner saved_specialty_column_type=&#8221;2_3&#8243; _builder_version=&#8221;3.25&#8243; custom_padding=&#8221;|||&#8221; custom_padding__hover=&#8221;|||&#8221;][et_pb_text admin_label=&#8221;Varainhankinta ja lahjoitukset &#8211; Otsikko&#8221; _builder_version=&#8221;3.27.4&#8243; text_orientation=&#8221;center&#8221;]<\/p>\n<h1>Palvelutaulu<\/h1>\n<p>[\/et_pb_text][et_pb_text _builder_version=&#8221;4.9.10&#8243; hover_enabled=&#8221;0&#8243; sticky_enabled=&#8221;0&#8243;]<\/p>\n<h6><strong>Pakkahuoneen rannan palvelutaulu<\/strong><\/h6>\n<p>Yll\u00e4pid\u00e4mme Pakkahuoneen rannassa palvelutaulua, joka on tarkoitettu keskusta-alueen liikeyrityksille. Palvelutaulun tarkoituksena on karttapohjan avulla ohjata Pakkahuoneen rantaan saapuvat veneilij\u00e4t l\u00f6yt\u00e4m\u00e4\u00e4n kartalta ja vierailemaan keskustan yrityksiss\u00e4. Palvelutaulun idean is\u00e4n\u00e4 on entinen autotehtaan johtaja Juhani Linnoinen.<\/p>\n<p>Palvelutaulusta saatavien tuottojen avulla pystymme hoitamaan nuorisovaihdosta aiheutuvat kulut l\u00e4hes kokonaisuudessaan.<\/p>\n<p>Palvelutaulu siirrettiin kev\u00e4\u00e4ll\u00e4 2021 uuteen paikkaan Pakkahuoneen torin viereen. Taulu saneerattiin kokonaan uuteen kuosiin. Palvelutaulun saneerauksen mahdollistivat seuraavat yritykset:<\/p>\n<ul>\n<li><strong>V-S Metalli Oy, <\/strong>taulun jalkojen uusiminen<\/li>\n<li><strong>Vertek Oy,<\/strong> taulun jalustat<\/li>\n<li><strong>Silkkipaino A. H\u00e4llfors, <\/strong>taulun yleissuunnittelu ja painoty\u00f6t<\/li>\n<\/ul>\n<p>Suuret kiitokset yhteisty\u00f6kumppaneille projektin onnistuneesta toteutuksesta!<\/p>\n<p>&nbsp;<\/p>\n<p><img loading=\"lazy\" decoding=\"async\" class=\"wp-image-1891  aligncenter\" src=\"https:\/\/rotary.fi\/uusikaupunki\/wp-content\/uploads\/sites\/84\/2021\/08\/img-20210608-214416-resized-20210608-094722692-225x300.jpg\" alt=\"\" width=\"264\" height=\"352\" \/><\/p>\n<p>&nbsp;<\/p>\n<p><img loading=\"lazy\" decoding=\"async\" class=\"wp-image-1892 size-medium aligncenter\" src=\"https:\/\/rotary.fi\/uusikaupunki\/wp-content\/uploads\/sites\/84\/2021\/08\/img-20210608-214525-resized-20210608-094722133-300x225.jpg\" alt=\"\" width=\"300\" height=\"225\" \/><\/p>\n<p>&nbsp;<\/p>\n<p>&nbsp;<\/p>\n<p>&nbsp;<\/p>\n<p>[\/et_pb_text][\/et_pb_column_inner][\/et_pb_row_inner][\/et_pb_column][et_pb_column type=&#8221;1_3&#8243; _builder_version=&#8221;3.25&#8243; custom_padding=&#8221;|||&#8221; custom_padding__hover=&#8221;|||&#8221;][et_pb_sidebar area=&#8221;sidebar-1&#8243; module_class=&#8221;sivupalkki_sisalto&#8221; _builder_version=&#8221;3.4.1&#8243; locked=&#8221;on&#8221;]<br \/>\n[\/et_pb_sidebar][\/et_pb_column][\/et_pb_section]<\/p>\n","protected":false},"excerpt":{"rendered":"<p>Varainhankinta ja lahjoitukset Palvelutaulu Pakkahuoneen rannan palvelutaulu Yll\u00e4pid\u00e4mme Pakkahuoneen rannassa palvelutaulua, joka on tarkoitettu keskusta-alueen liikeyrityksille. Palvelutaulun tarkoituksena on karttapohjan avulla ohjata Pakkahuoneen rantaan saapuvat veneilij\u00e4t l\u00f6yt\u00e4m\u00e4\u00e4n kartalta ja vierailemaan keskustan yrityksiss\u00e4. Palvelutaulun idean is\u00e4n\u00e4 on entinen autotehtaan johtaja Juhani Linnoinen. Palvelutaulusta saatavien tuottojen avulla pystymme hoitamaan nuorisovaihdosta aiheutuvat kulut l\u00e4hes kokonaisuudessaan. Palvelutaulu siirrettiin kev\u00e4\u00e4ll\u00e4 [&hellip;]<\/p>\n","protected":false},"author":96,"featured_media":0,"parent":158,"menu_order":0,"comment_status":"closed","ping_status":"closed","template":"","meta":{"_acf_changed":false,"_et_pb_use_builder":"on","_et_pb_old_content":"","_et_gb_content_width":"","footnotes":""},"class_list":["post-1496","page","type-page","status-publish","hentry"],"acf":[],"yoast_head":"<!-- This site is optimized with the Yoast SEO plugin v27.0 - https:\/\/yoast.com\/product\/yoast-seo-wordpress\/ -->\n<title>Pakkahuoneen rannan palvelutaulu - Uudenkaupungin Rotaryklubi<\/title>\n<meta name=\"robots\" content=\"index, follow, max-snippet:-1, max-image-preview:large, max-video-preview:-1\" \/>\n<link rel=\"canonical\" href=\"https:\/\/rotary.fi\/uusikaupunki\/mita-teemme\/varainhankinta-ja-lahjoitukset\/palvelutaulu\/\" \/>\n<meta property=\"og:locale\" content=\"fi_FI\" \/>\n<meta property=\"og:type\" content=\"article\" \/>\n<meta property=\"og:title\" content=\"Pakkahuoneen rannan palvelutaulu - Uudenkaupungin Rotaryklubi\" \/>\n<meta property=\"og:description\" content=\"Varainhankinta ja lahjoitukset Palvelutaulu Pakkahuoneen rannan palvelutaulu Yll\u00e4pid\u00e4mme Pakkahuoneen rannassa palvelutaulua, joka on tarkoitettu keskusta-alueen liikeyrityksille. Palvelutaulun tarkoituksena on karttapohjan avulla ohjata Pakkahuoneen rantaan saapuvat veneilij\u00e4t l\u00f6yt\u00e4m\u00e4\u00e4n kartalta ja vierailemaan keskustan yrityksiss\u00e4. Palvelutaulun idean is\u00e4n\u00e4 on entinen autotehtaan johtaja Juhani Linnoinen. Palvelutaulusta saatavien tuottojen avulla pystymme hoitamaan nuorisovaihdosta aiheutuvat kulut l\u00e4hes kokonaisuudessaan. Palvelutaulu siirrettiin kev\u00e4\u00e4ll\u00e4 [&hellip;]\" \/>\n<meta property=\"og:url\" content=\"https:\/\/rotary.fi\/uusikaupunki\/mita-teemme\/varainhankinta-ja-lahjoitukset\/palvelutaulu\/\" \/>\n<meta property=\"og:site_name\" content=\"Uudenkaupungin Rotaryklubi\" \/>\n<meta property=\"article:modified_time\" content=\"2021-08-24T17:41:44+00:00\" \/>\n<meta property=\"og:image\" content=\"https:\/\/rotary.fi\/uusikaupunki\/wp-content\/uploads\/sites\/84\/2021\/08\/img-20210608-214416-resized-20210608-094722692-225x300.jpg\" \/>\n<meta name=\"twitter:card\" content=\"summary_large_image\" \/>\n<script type=\"application\/ld+json\" class=\"yoast-schema-graph\">{\"@context\":\"https:\/\/schema.org\",\"@graph\":[{\"@type\":\"WebPage\",\"@id\":\"https:\/\/rotary.fi\/uusikaupunki\/mita-teemme\/varainhankinta-ja-lahjoitukset\/palvelutaulu\/\",\"url\":\"https:\/\/rotary.fi\/uusikaupunki\/mita-teemme\/varainhankinta-ja-lahjoitukset\/palvelutaulu\/\",\"name\":\"Pakkahuoneen rannan palvelutaulu - Uudenkaupungin Rotaryklubi\",\"isPartOf\":{\"@id\":\"https:\/\/rotary.fi\/uusikaupunki\/#website\"},\"primaryImageOfPage\":{\"@id\":\"https:\/\/rotary.fi\/uusikaupunki\/mita-teemme\/varainhankinta-ja-lahjoitukset\/palvelutaulu\/#primaryimage\"},\"image\":{\"@id\":\"https:\/\/rotary.fi\/uusikaupunki\/mita-teemme\/varainhankinta-ja-lahjoitukset\/palvelutaulu\/#primaryimage\"},\"thumbnailUrl\":\"https:\/\/rotary.fi\/uusikaupunki\/wp-content\/uploads\/sites\/84\/2021\/08\/img-20210608-214416-resized-20210608-094722692-225x300.jpg\",\"datePublished\":\"2019-02-06T15:26:00+00:00\",\"dateModified\":\"2021-08-24T17:41:44+00:00\",\"breadcrumb\":{\"@id\":\"https:\/\/rotary.fi\/uusikaupunki\/mita-teemme\/varainhankinta-ja-lahjoitukset\/palvelutaulu\/#breadcrumb\"},\"inLanguage\":\"fi\",\"potentialAction\":[{\"@type\":\"ReadAction\",\"target\":[\"https:\/\/rotary.fi\/uusikaupunki\/mita-teemme\/varainhankinta-ja-lahjoitukset\/palvelutaulu\/\"]}]},{\"@type\":\"ImageObject\",\"inLanguage\":\"fi\",\"@id\":\"https:\/\/rotary.fi\/uusikaupunki\/mita-teemme\/varainhankinta-ja-lahjoitukset\/palvelutaulu\/#primaryimage\",\"url\":\"https:\/\/rotary.fi\/uusikaupunki\/wp-content\/uploads\/sites\/84\/2021\/08\/img-20210608-214416-resized-20210608-094722692.jpg\",\"contentUrl\":\"https:\/\/rotary.fi\/uusikaupunki\/wp-content\/uploads\/sites\/84\/2021\/08\/img-20210608-214416-resized-20210608-094722692.jpg\",\"width\":1500,\"height\":2000},{\"@type\":\"BreadcrumbList\",\"@id\":\"https:\/\/rotary.fi\/uusikaupunki\/mita-teemme\/varainhankinta-ja-lahjoitukset\/palvelutaulu\/#breadcrumb\",\"itemListElement\":[{\"@type\":\"ListItem\",\"position\":1,\"name\":\"Home\",\"item\":\"https:\/\/rotary.fi\/uusikaupunki\/\"},{\"@type\":\"ListItem\",\"position\":2,\"name\":\"Mit\u00e4 teemme\",\"item\":\"https:\/\/rotary.fi\/uusikaupunki\/mita-teemme\/\"},{\"@type\":\"ListItem\",\"position\":3,\"name\":\"Varainhankinta ja lahjoitukset\",\"item\":\"https:\/\/rotary.fi\/uusikaupunki\/mita-teemme\/varainhankinta-ja-lahjoitukset\/\"},{\"@type\":\"ListItem\",\"position\":4,\"name\":\"Pakkahuoneen rannan palvelutaulu\"}]},{\"@type\":\"WebSite\",\"@id\":\"https:\/\/rotary.fi\/uusikaupunki\/#website\",\"url\":\"https:\/\/rotary.fi\/uusikaupunki\/\",\"name\":\"Uudenkaupungin Rotaryklubi\",\"description\":\"Uusi Rotary klubisivusto\",\"potentialAction\":[{\"@type\":\"SearchAction\",\"target\":{\"@type\":\"EntryPoint\",\"urlTemplate\":\"https:\/\/rotary.fi\/uusikaupunki\/?s={search_term_string}\"},\"query-input\":{\"@type\":\"PropertyValueSpecification\",\"valueRequired\":true,\"valueName\":\"search_term_string\"}}],\"inLanguage\":\"fi\"}]}<\/script>\n<!-- \/ Yoast SEO plugin. -->","yoast_head_json":{"title":"Pakkahuoneen rannan palvelutaulu - Uudenkaupungin Rotaryklubi","robots":{"index":"index","follow":"follow","max-snippet":"max-snippet:-1","max-image-preview":"max-image-preview:large","max-video-preview":"max-video-preview:-1"},"canonical":"https:\/\/rotary.fi\/uusikaupunki\/mita-teemme\/varainhankinta-ja-lahjoitukset\/palvelutaulu\/","og_locale":"fi_FI","og_type":"article","og_title":"Pakkahuoneen rannan palvelutaulu - Uudenkaupungin Rotaryklubi","og_description":"Varainhankinta ja lahjoitukset Palvelutaulu Pakkahuoneen rannan palvelutaulu Yll\u00e4pid\u00e4mme Pakkahuoneen rannassa palvelutaulua, joka on tarkoitettu keskusta-alueen liikeyrityksille. Palvelutaulun tarkoituksena on karttapohjan avulla ohjata Pakkahuoneen rantaan saapuvat veneilij\u00e4t l\u00f6yt\u00e4m\u00e4\u00e4n kartalta ja vierailemaan keskustan yrityksiss\u00e4. Palvelutaulun idean is\u00e4n\u00e4 on entinen autotehtaan johtaja Juhani Linnoinen. Palvelutaulusta saatavien tuottojen avulla pystymme hoitamaan nuorisovaihdosta aiheutuvat kulut l\u00e4hes kokonaisuudessaan. Palvelutaulu siirrettiin kev\u00e4\u00e4ll\u00e4 [&hellip;]","og_url":"https:\/\/rotary.fi\/uusikaupunki\/mita-teemme\/varainhankinta-ja-lahjoitukset\/palvelutaulu\/","og_site_name":"Uudenkaupungin Rotaryklubi","article_modified_time":"2021-08-24T17:41:44+00:00","og_image":[{"url":"https:\/\/rotary.fi\/uusikaupunki\/wp-content\/uploads\/sites\/84\/2021\/08\/img-20210608-214416-resized-20210608-094722692-225x300.jpg","type":"","width":"","height":""}],"twitter_card":"summary_large_image","schema":{"@context":"https:\/\/schema.org","@graph":[{"@type":"WebPage","@id":"https:\/\/rotary.fi\/uusikaupunki\/mita-teemme\/varainhankinta-ja-lahjoitukset\/palvelutaulu\/","url":"https:\/\/rotary.fi\/uusikaupunki\/mita-teemme\/varainhankinta-ja-lahjoitukset\/palvelutaulu\/","name":"Pakkahuoneen rannan palvelutaulu - Uudenkaupungin Rotaryklubi","isPartOf":{"@id":"https:\/\/rotary.fi\/uusikaupunki\/#website"},"primaryImageOfPage":{"@id":"https:\/\/rotary.fi\/uusikaupunki\/mita-teemme\/varainhankinta-ja-lahjoitukset\/palvelutaulu\/#primaryimage"},"image":{"@id":"https:\/\/rotary.fi\/uusikaupunki\/mita-teemme\/varainhankinta-ja-lahjoitukset\/palvelutaulu\/#primaryimage"},"thumbnailUrl":"https:\/\/rotary.fi\/uusikaupunki\/wp-content\/uploads\/sites\/84\/2021\/08\/img-20210608-214416-resized-20210608-094722692-225x300.jpg","datePublished":"2019-02-06T15:26:00+00:00","dateModified":"2021-08-24T17:41:44+00:00","breadcrumb":{"@id":"https:\/\/rotary.fi\/uusikaupunki\/mita-teemme\/varainhankinta-ja-lahjoitukset\/palvelutaulu\/#breadcrumb"},"inLanguage":"fi","potentialAction":[{"@type":"ReadAction","target":["https:\/\/rotary.fi\/uusikaupunki\/mita-teemme\/varainhankinta-ja-lahjoitukset\/palvelutaulu\/"]}]},{"@type":"ImageObject","inLanguage":"fi","@id":"https:\/\/rotary.fi\/uusikaupunki\/mita-teemme\/varainhankinta-ja-lahjoitukset\/palvelutaulu\/#primaryimage","url":"https:\/\/rotary.fi\/uusikaupunki\/wp-content\/uploads\/sites\/84\/2021\/08\/img-20210608-214416-resized-20210608-094722692.jpg","contentUrl":"https:\/\/rotary.fi\/uusikaupunki\/wp-content\/uploads\/sites\/84\/2021\/08\/img-20210608-214416-resized-20210608-094722692.jpg","width":1500,"height":2000},{"@type":"BreadcrumbList","@id":"https:\/\/rotary.fi\/uusikaupunki\/mita-teemme\/varainhankinta-ja-lahjoitukset\/palvelutaulu\/#breadcrumb","itemListElement":[{"@type":"ListItem","position":1,"name":"Home","item":"https:\/\/rotary.fi\/uusikaupunki\/"},{"@type":"ListItem","position":2,"name":"Mit\u00e4 teemme","item":"https:\/\/rotary.fi\/uusikaupunki\/mita-teemme\/"},{"@type":"ListItem","position":3,"name":"Varainhankinta ja lahjoitukset","item":"https:\/\/rotary.fi\/uusikaupunki\/mita-teemme\/varainhankinta-ja-lahjoitukset\/"},{"@type":"ListItem","position":4,"name":"Pakkahuoneen rannan palvelutaulu"}]},{"@type":"WebSite","@id":"https:\/\/rotary.fi\/uusikaupunki\/#website","url":"https:\/\/rotary.fi\/uusikaupunki\/","name":"Uudenkaupungin Rotaryklubi","description":"Uusi Rotary klubisivusto","potentialAction":[{"@type":"SearchAction","target":{"@type":"EntryPoint","urlTemplate":"https:\/\/rotary.fi\/uusikaupunki\/?s={search_term_string}"},"query-input":{"@type":"PropertyValueSpecification","valueRequired":true,"valueName":"search_term_string"}}],"inLanguage":"fi"}]}},"lang":"fi","translations":{"fi":1496},"pll_sync_post":[],"_links":{"self":[{"href":"https:\/\/rotary.fi\/uusikaupunki\/wp-json\/wp\/v2\/pages\/1496","targetHints":{"allow":["GET"]}}],"collection":[{"href":"https:\/\/rotary.fi\/uusikaupunki\/wp-json\/wp\/v2\/pages"}],"about":[{"href":"https:\/\/rotary.fi\/uusikaupunki\/wp-json\/wp\/v2\/types\/page"}],"author":[{"embeddable":true,"href":"https:\/\/rotary.fi\/uusikaupunki\/wp-json\/wp\/v2\/users\/96"}],"replies":[{"embeddable":true,"href":"https:\/\/rotary.fi\/uusikaupunki\/wp-json\/wp\/v2\/comments?post=1496"}],"version-history":[{"count":5,"href":"https:\/\/rotary.fi\/uusikaupunki\/wp-json\/wp\/v2\/pages\/1496\/revisions"}],"predecessor-version":[{"id":1895,"href":"https:\/\/rotary.fi\/uusikaupunki\/wp-json\/wp\/v2\/pages\/1496\/revisions\/1895"}],"up":[{"embeddable":true,"href":"https:\/\/rotary.fi\/uusikaupunki\/wp-json\/wp\/v2\/pages\/158"}],"wp:attachment":[{"href":"https:\/\/rotary.fi\/uusikaupunki\/wp-json\/wp\/v2\/media?parent=1496"}],"curies":[{"name":"wp","href":"https:\/\/api.w.org\/{rel}","templated":true}]}}