{"id":1454,"date":"2019-02-04T14:06:09","date_gmt":"2019-02-04T12:06:09","guid":{"rendered":"https:\/\/rotary.fi\/uusikaupunki\/?page_id=1454"},"modified":"2019-08-13T11:17:12","modified_gmt":"2019-08-13T08:17:12","slug":"nuorisokummi","status":"publish","type":"page","link":"https:\/\/rotary.fi\/uusikaupunki\/mita-teemme\/varainhankinta-ja-lahjoitukset\/nuorisokummi\/","title":{"rendered":"Nuorisokummi"},"content":{"rendered":"<p>[et_pb_section bb_built=&#8221;1&#8243; module_class=&#8221;jumbotron-page&#8221; _builder_version=&#8221;3.17.2&#8243; background_image=&#8221;https:\/\/rotary.fi\/uusikaupunki\/wp-content\/uploads\/sites\/84\/2018\/10\/rotary_klubit_alasivu_paakuva_11.jpg&#8221; next_background_color=&#8221;#ffffff&#8221; inner_width=&#8221;auto&#8221; inner_max_width=&#8221;1080px&#8221;][et_pb_row _builder_version=&#8221;3.0.48&#8243; background_size=&#8221;initial&#8221; background_position=&#8221;top_left&#8221; background_repeat=&#8221;repeat&#8221; width=&#8221;80%&#8221; max_width=&#8221;1080px&#8221;][et_pb_column type=&#8221;4_4&#8243; custom_padding__hover=&#8221;|||&#8221; custom_padding=&#8221;|||&#8221;][et_pb_text admin_label=&#8221;P\u00e4\u00e4otsikko&#8221; _builder_version=&#8221;3.19.5&#8243; text_orientation=&#8221;center&#8221; background_layout=&#8221;dark&#8221;]<\/p>\n<h1>Varainhankinta ja lahjoitukset<\/h1>\n<p>[\/et_pb_text][\/et_pb_column][\/et_pb_row][\/et_pb_section][et_pb_section bb_built=&#8221;1&#8243; specialty=&#8221;on&#8221; module_class_2=&#8221;sivupalkki&#8221; _builder_version=&#8221;3.4.1&#8243; prev_background_color=&#8221;#000000&#8243; inner_width=&#8221;auto&#8221; inner_max_width=&#8221;1080px&#8221;][et_pb_column type=&#8221;2_3&#8243; specialty_columns=&#8221;2&#8243;][et_pb_row_inner admin_label=&#8221;Rivi&#8221; _builder_version=&#8221;3.0.47&#8243;][et_pb_column_inner type=&#8221;4_4&#8243; saved_specialty_column_type=&#8221;2_3&#8243; custom_padding__hover=&#8221;|||&#8221; custom_padding=&#8221;|||&#8221; saved_specialty_column_type=&#8221;2_3&#8243;][et_pb_text admin_label=&#8221;Varainhankinta ja lahjoitukset &#8211; Otsikko&#8221; _builder_version=&#8221;3.19.5&#8243; text_orientation=&#8221;center&#8221;]<\/p>\n<h1>Nuorisokummi<\/h1>\n<p>[\/et_pb_text][et_pb_text _builder_version=&#8221;3.25.3&#8243; text_text_shadow_horizontal_length=&#8221;text_text_shadow_style,%91object Object%93&#8243; text_text_shadow_horizontal_length_tablet=&#8221;0px&#8221; text_text_shadow_vertical_length=&#8221;text_text_shadow_style,%91object Object%93&#8243; text_text_shadow_vertical_length_tablet=&#8221;0px&#8221; text_text_shadow_blur_strength=&#8221;text_text_shadow_style,%91object Object%93&#8243; text_text_shadow_blur_strength_tablet=&#8221;1px&#8221; link_text_shadow_horizontal_length=&#8221;link_text_shadow_style,%91object Object%93&#8243; link_text_shadow_horizontal_length_tablet=&#8221;0px&#8221; link_text_shadow_vertical_length=&#8221;link_text_shadow_style,%91object Object%93&#8243; link_text_shadow_vertical_length_tablet=&#8221;0px&#8221; link_text_shadow_blur_strength=&#8221;link_text_shadow_style,%91object Object%93&#8243; link_text_shadow_blur_strength_tablet=&#8221;1px&#8221; ul_text_shadow_horizontal_length=&#8221;ul_text_shadow_style,%91object Object%93&#8243; ul_text_shadow_horizontal_length_tablet=&#8221;0px&#8221; ul_text_shadow_vertical_length=&#8221;ul_text_shadow_style,%91object Object%93&#8243; ul_text_shadow_vertical_length_tablet=&#8221;0px&#8221; ul_text_shadow_blur_strength=&#8221;ul_text_shadow_style,%91object Object%93&#8243; ul_text_shadow_blur_strength_tablet=&#8221;1px&#8221; ol_text_shadow_horizontal_length=&#8221;ol_text_shadow_style,%91object Object%93&#8243; ol_text_shadow_horizontal_length_tablet=&#8221;0px&#8221; ol_text_shadow_vertical_length=&#8221;ol_text_shadow_style,%91object Object%93&#8243; ol_text_shadow_vertical_length_tablet=&#8221;0px&#8221; ol_text_shadow_blur_strength=&#8221;ol_text_shadow_style,%91object Object%93&#8243; ol_text_shadow_blur_strength_tablet=&#8221;1px&#8221; quote_text_shadow_horizontal_length=&#8221;quote_text_shadow_style,%91object Object%93&#8243; quote_text_shadow_horizontal_length_tablet=&#8221;0px&#8221; quote_text_shadow_vertical_length=&#8221;quote_text_shadow_style,%91object Object%93&#8243; quote_text_shadow_vertical_length_tablet=&#8221;0px&#8221; quote_text_shadow_blur_strength=&#8221;quote_text_shadow_style,%91object Object%93&#8243; quote_text_shadow_blur_strength_tablet=&#8221;1px&#8221; header_text_shadow_horizontal_length=&#8221;header_text_shadow_style,%91object Object%93&#8243; header_text_shadow_horizontal_length_tablet=&#8221;0px&#8221; header_text_shadow_vertical_length=&#8221;header_text_shadow_style,%91object Object%93&#8243; header_text_shadow_vertical_length_tablet=&#8221;0px&#8221; header_text_shadow_blur_strength=&#8221;header_text_shadow_style,%91object Object%93&#8243; header_text_shadow_blur_strength_tablet=&#8221;1px&#8221; header_2_text_shadow_horizontal_length=&#8221;header_2_text_shadow_style,%91object Object%93&#8243; header_2_text_shadow_horizontal_length_tablet=&#8221;0px&#8221; header_2_text_shadow_vertical_length=&#8221;header_2_text_shadow_style,%91object Object%93&#8243; header_2_text_shadow_vertical_length_tablet=&#8221;0px&#8221; header_2_text_shadow_blur_strength=&#8221;header_2_text_shadow_style,%91object Object%93&#8243; header_2_text_shadow_blur_strength_tablet=&#8221;1px&#8221; header_3_text_shadow_horizontal_length=&#8221;header_3_text_shadow_style,%91object Object%93&#8243; header_3_text_shadow_horizontal_length_tablet=&#8221;0px&#8221; header_3_text_shadow_vertical_length=&#8221;header_3_text_shadow_style,%91object Object%93&#8243; header_3_text_shadow_vertical_length_tablet=&#8221;0px&#8221; header_3_text_shadow_blur_strength=&#8221;header_3_text_shadow_style,%91object Object%93&#8243; header_3_text_shadow_blur_strength_tablet=&#8221;1px&#8221; header_4_text_shadow_horizontal_length=&#8221;header_4_text_shadow_style,%91object Object%93&#8243; header_4_text_shadow_horizontal_length_tablet=&#8221;0px&#8221; header_4_text_shadow_vertical_length=&#8221;header_4_text_shadow_style,%91object Object%93&#8243; header_4_text_shadow_vertical_length_tablet=&#8221;0px&#8221; header_4_text_shadow_blur_strength=&#8221;header_4_text_shadow_style,%91object Object%93&#8243; header_4_text_shadow_blur_strength_tablet=&#8221;1px&#8221; header_5_text_shadow_horizontal_length=&#8221;header_5_text_shadow_style,%91object Object%93&#8243; header_5_text_shadow_horizontal_length_tablet=&#8221;0px&#8221; header_5_text_shadow_vertical_length=&#8221;header_5_text_shadow_style,%91object Object%93&#8243; header_5_text_shadow_vertical_length_tablet=&#8221;0px&#8221; header_5_text_shadow_blur_strength=&#8221;header_5_text_shadow_style,%91object Object%93&#8243; header_5_text_shadow_blur_strength_tablet=&#8221;1px&#8221; header_6_text_shadow_horizontal_length=&#8221;header_6_text_shadow_style,%91object Object%93&#8243; header_6_text_shadow_horizontal_length_tablet=&#8221;0px&#8221; header_6_text_shadow_vertical_length=&#8221;header_6_text_shadow_style,%91object Object%93&#8243; header_6_text_shadow_vertical_length_tablet=&#8221;0px&#8221; header_6_text_shadow_blur_strength=&#8221;header_6_text_shadow_style,%91object Object%93&#8243; header_6_text_shadow_blur_strength_tablet=&#8221;1px&#8221; box_shadow_horizontal_tablet=&#8221;0px&#8221; box_shadow_vertical_tablet=&#8221;0px&#8221; box_shadow_blur_tablet=&#8221;40px&#8221; box_shadow_spread_tablet=&#8221;0px&#8221; z_index_tablet=&#8221;500&#8243;]<\/p>\n<p><strong>Rotareilta skeittiramppilahjoitus Uudenkaupungin nuorisopalvelulle <\/strong><\/p>\n<p>Uudenkaupungin Rotaryklubin kauden 2018-2019 teemana on nuorisopalvelut. P\u00e4\u00e4timme yhdess\u00e4 Uudenkaupungin nuoriso- ja liikuntapalvelujen \/ liikuntapalveluista vastaavan erityis- ja terveysliikuntaohjaaja Heidi Vuoren kanssa hankkia nuorille uuden, liikuteltavan skeittirampin.<\/p>\n<p>Aiheesta uutisoidaan my\u00f6hemmin kev\u00e4\u00e4ll\u00e4, kun skeittiramppi on asennettavissa.<\/p>\n<p>Nuorisokummihenkkeeseen ovat osallistuneet (lista p\u00e4ivittyy helmikuun aikana):<\/p>\n<p>\u00a0<\/p>\n<ul>\n<li><strong>Kesport Uusikaupunki<\/strong>, <a href=\"https:\/\/visituusikaupunki.fi\/fi\/ostokset\/kesport-uusikaupunki\">https:\/\/visituusikaupunki.fi\/fi\/ostokset\/kesport-uusikaupunki<\/a><\/li>\n<li><strong>Kurjenpolun Taimipalvelu<\/strong>, <a href=\"http:\/\/www.kurjenpoluntaimipalvelu.com\/\">http:\/\/www.kurjenpoluntaimipalvelu.com\/<\/a><\/li>\n<li><strong>Maisemarakennus Viitanen Oy<\/strong>, <a href=\"https:\/\/www.maisemarakennus.com\/\">https:\/\/www.maisemarakennus.com\/<\/a><\/li>\n<li><strong>PK-Puu Oy<\/strong>, <a href=\"https:\/\/www.pk-puu.fi\/\">https:\/\/www.pk-puu.fi\/<\/a><\/li>\n<li><strong>Rakennusarkkitehti Marko Arvonen Oy<\/strong>, <a href=\"http:\/\/rakennusarkkitehti-marko-arvonen-oy.rakentajalle.fi\/\">http:\/\/rakennusarkkitehti-marko-arvonen-oy.rakentajalle.fi\/<\/a><\/li>\n<li><strong>Rakennus Lehtonen Oy<\/strong>, <a href=\"http:\/\/www.rakennuslehtonen.fi\/\">http:\/\/www.rakennuslehtonen.fi\/<\/a><\/li>\n<li><strong>Rautarakenne S Lipponen Oy<\/strong>,\u00a0<a href=\"https:\/\/www.rautarakenne.fi\/\">https:\/\/www.rautarakenne.fi\/<\/a><\/li>\n<li><strong>Vahterus Oy<\/strong>, <a href=\"https:\/\/vahterus.com\/fi\/\">https:\/\/vahterus.com\/fi\/<\/a><\/li>\n<li><strong>Vakka-Service Oy<\/strong>, <a href=\"http:\/\/www.vakkaservice.fi\/\">http:\/\/www.vakkaservice.fi\/<\/a><\/li>\n<li><strong>Vertek Oy<\/strong>, <a href=\"https:\/\/vertek.fi\/\">https:\/\/vertek.fi\/<\/a><\/li>\n<li><strong>V-S Metalli Oy<\/strong>, <a href=\"http:\/\/www.vsmoy.fi\/\">http:\/\/www.vsmoy.fi\/<\/a><\/li>\n<li><strong>Yara Suomi<\/strong>, <a href=\"https:\/\/www.yara.fi\/\">https:\/\/www.yara.fi\/<\/a><\/li>\n<\/ul>\n<p>[\/et_pb_text][\/et_pb_column_inner][\/et_pb_row_inner][\/et_pb_column][et_pb_column type=&#8221;1_3&#8243;][et_pb_sidebar area=&#8221;sidebar-1&#8243; module_class=&#8221;sivupalkki_sisalto&#8221; _builder_version=&#8221;3.4.1&#8243; locked=&#8221;on&#8221;]<\/p>\n<p>[\/et_pb_sidebar][\/et_pb_column][\/et_pb_section]<\/p>\n","protected":false},"excerpt":{"rendered":"<p>Varainhankinta ja lahjoitukset Nuorisokummi Rotareilta skeittiramppilahjoitus Uudenkaupungin nuorisopalvelulle Uudenkaupungin Rotaryklubin kauden 2018-2019 teemana on nuorisopalvelut. P\u00e4\u00e4timme yhdess\u00e4 Uudenkaupungin nuoriso- ja liikuntapalvelujen \/ liikuntapalveluista vastaavan erityis- ja terveysliikuntaohjaaja Heidi Vuoren kanssa hankkia nuorille uuden, liikuteltavan skeittirampin.Aiheesta uutisoidaan my\u00f6hemmin kev\u00e4\u00e4ll\u00e4, kun skeittiramppi on asennettavissa.Nuorisokummihenkkeeseen ovat osallistuneet (lista p\u00e4ivittyy helmikuun aikana):\u00a0Kesport Uusikaupunki, https:\/\/visituusikaupunki.fi\/fi\/ostokset\/kesport-uusikaupunkiKurjenpolun Taimipalvelu, http:\/\/www.kurjenpoluntaimipalvelu.com\/Maisemarakennus Viitanen Oy, https:\/\/www.maisemarakennus.com\/PK-Puu [&hellip;]<\/p>\n","protected":false},"author":96,"featured_media":0,"parent":158,"menu_order":0,"comment_status":"closed","ping_status":"closed","template":"","meta":{"_acf_changed":false,"_et_pb_use_builder":"on","_et_pb_old_content":"","_et_gb_content_width":"","footnotes":""},"class_list":["post-1454","page","type-page","status-publish","hentry"],"acf":[],"yoast_head":"<!-- This site is optimized with the Yoast SEO plugin v27.4 - https:\/\/yoast.com\/product\/yoast-seo-wordpress\/ -->\n<title>Nuorisokummi - Uudenkaupungin Rotaryklubi<\/title>\n<meta name=\"robots\" content=\"index, follow, max-snippet:-1, max-image-preview:large, max-video-preview:-1\" \/>\n<link rel=\"canonical\" href=\"https:\/\/rotary.fi\/uusikaupunki\/mita-teemme\/varainhankinta-ja-lahjoitukset\/nuorisokummi\/\" \/>\n<meta property=\"og:locale\" content=\"fi_FI\" \/>\n<meta property=\"og:type\" content=\"article\" \/>\n<meta property=\"og:title\" content=\"Nuorisokummi - Uudenkaupungin Rotaryklubi\" \/>\n<meta property=\"og:description\" content=\"Varainhankinta ja lahjoitukset Nuorisokummi Rotareilta skeittiramppilahjoitus Uudenkaupungin nuorisopalvelulle Uudenkaupungin Rotaryklubin kauden 2018-2019 teemana on nuorisopalvelut. P\u00e4\u00e4timme yhdess\u00e4 Uudenkaupungin nuoriso- ja liikuntapalvelujen \/ liikuntapalveluista vastaavan erityis- ja terveysliikuntaohjaaja Heidi Vuoren kanssa hankkia nuorille uuden, liikuteltavan skeittirampin.Aiheesta uutisoidaan my\u00f6hemmin kev\u00e4\u00e4ll\u00e4, kun skeittiramppi on asennettavissa.Nuorisokummihenkkeeseen ovat osallistuneet (lista p\u00e4ivittyy helmikuun aikana):\u00a0Kesport Uusikaupunki, https:\/\/visituusikaupunki.fi\/fi\/ostokset\/kesport-uusikaupunkiKurjenpolun Taimipalvelu, http:\/\/www.kurjenpoluntaimipalvelu.com\/Maisemarakennus Viitanen Oy, https:\/\/www.maisemarakennus.com\/PK-Puu [&hellip;]\" \/>\n<meta property=\"og:url\" content=\"https:\/\/rotary.fi\/uusikaupunki\/mita-teemme\/varainhankinta-ja-lahjoitukset\/nuorisokummi\/\" \/>\n<meta property=\"og:site_name\" content=\"Uudenkaupungin Rotaryklubi\" \/>\n<meta property=\"article:modified_time\" content=\"2019-08-13T08:17:12+00:00\" \/>\n<meta name=\"twitter:card\" content=\"summary_large_image\" \/>\n<meta name=\"twitter:label1\" content=\"Arvioitu lukuaika\" \/>\n\t<meta name=\"twitter:data1\" content=\"5 minuuttia\" \/>\n<script type=\"application\/ld+json\" class=\"yoast-schema-graph\">{\"@context\":\"https:\\\/\\\/schema.org\",\"@graph\":[{\"@type\":\"WebPage\",\"@id\":\"https:\\\/\\\/rotary.fi\\\/uusikaupunki\\\/mita-teemme\\\/varainhankinta-ja-lahjoitukset\\\/nuorisokummi\\\/\",\"url\":\"https:\\\/\\\/rotary.fi\\\/uusikaupunki\\\/mita-teemme\\\/varainhankinta-ja-lahjoitukset\\\/nuorisokummi\\\/\",\"name\":\"Nuorisokummi - Uudenkaupungin Rotaryklubi\",\"isPartOf\":{\"@id\":\"https:\\\/\\\/rotary.fi\\\/uusikaupunki\\\/#website\"},\"datePublished\":\"2019-02-04T12:06:09+00:00\",\"dateModified\":\"2019-08-13T08:17:12+00:00\",\"breadcrumb\":{\"@id\":\"https:\\\/\\\/rotary.fi\\\/uusikaupunki\\\/mita-teemme\\\/varainhankinta-ja-lahjoitukset\\\/nuorisokummi\\\/#breadcrumb\"},\"inLanguage\":\"fi\",\"potentialAction\":[{\"@type\":\"ReadAction\",\"target\":[\"https:\\\/\\\/rotary.fi\\\/uusikaupunki\\\/mita-teemme\\\/varainhankinta-ja-lahjoitukset\\\/nuorisokummi\\\/\"]}]},{\"@type\":\"BreadcrumbList\",\"@id\":\"https:\\\/\\\/rotary.fi\\\/uusikaupunki\\\/mita-teemme\\\/varainhankinta-ja-lahjoitukset\\\/nuorisokummi\\\/#breadcrumb\",\"itemListElement\":[{\"@type\":\"ListItem\",\"position\":1,\"name\":\"Home\",\"item\":\"https:\\\/\\\/rotary.fi\\\/uusikaupunki\\\/\"},{\"@type\":\"ListItem\",\"position\":2,\"name\":\"Mit\u00e4 teemme\",\"item\":\"https:\\\/\\\/rotary.fi\\\/uusikaupunki\\\/mita-teemme\\\/\"},{\"@type\":\"ListItem\",\"position\":3,\"name\":\"Varainhankinta ja lahjoitukset\",\"item\":\"https:\\\/\\\/rotary.fi\\\/uusikaupunki\\\/mita-teemme\\\/varainhankinta-ja-lahjoitukset\\\/\"},{\"@type\":\"ListItem\",\"position\":4,\"name\":\"Nuorisokummi\"}]},{\"@type\":\"WebSite\",\"@id\":\"https:\\\/\\\/rotary.fi\\\/uusikaupunki\\\/#website\",\"url\":\"https:\\\/\\\/rotary.fi\\\/uusikaupunki\\\/\",\"name\":\"Uudenkaupungin Rotaryklubi\",\"description\":\"Uusi Rotary klubisivusto\",\"potentialAction\":[{\"@type\":\"SearchAction\",\"target\":{\"@type\":\"EntryPoint\",\"urlTemplate\":\"https:\\\/\\\/rotary.fi\\\/uusikaupunki\\\/?s={search_term_string}\"},\"query-input\":{\"@type\":\"PropertyValueSpecification\",\"valueRequired\":true,\"valueName\":\"search_term_string\"}}],\"inLanguage\":\"fi\"}]}<\/script>\n<!-- \/ Yoast SEO plugin. -->","yoast_head_json":{"title":"Nuorisokummi - Uudenkaupungin Rotaryklubi","robots":{"index":"index","follow":"follow","max-snippet":"max-snippet:-1","max-image-preview":"max-image-preview:large","max-video-preview":"max-video-preview:-1"},"canonical":"https:\/\/rotary.fi\/uusikaupunki\/mita-teemme\/varainhankinta-ja-lahjoitukset\/nuorisokummi\/","og_locale":"fi_FI","og_type":"article","og_title":"Nuorisokummi - Uudenkaupungin Rotaryklubi","og_description":"Varainhankinta ja lahjoitukset Nuorisokummi Rotareilta skeittiramppilahjoitus Uudenkaupungin nuorisopalvelulle Uudenkaupungin Rotaryklubin kauden 2018-2019 teemana on nuorisopalvelut. P\u00e4\u00e4timme yhdess\u00e4 Uudenkaupungin nuoriso- ja liikuntapalvelujen \/ liikuntapalveluista vastaavan erityis- ja terveysliikuntaohjaaja Heidi Vuoren kanssa hankkia nuorille uuden, liikuteltavan skeittirampin.Aiheesta uutisoidaan my\u00f6hemmin kev\u00e4\u00e4ll\u00e4, kun skeittiramppi on asennettavissa.Nuorisokummihenkkeeseen ovat osallistuneet (lista p\u00e4ivittyy helmikuun aikana):\u00a0Kesport Uusikaupunki, https:\/\/visituusikaupunki.fi\/fi\/ostokset\/kesport-uusikaupunkiKurjenpolun Taimipalvelu, http:\/\/www.kurjenpoluntaimipalvelu.com\/Maisemarakennus Viitanen Oy, https:\/\/www.maisemarakennus.com\/PK-Puu [&hellip;]","og_url":"https:\/\/rotary.fi\/uusikaupunki\/mita-teemme\/varainhankinta-ja-lahjoitukset\/nuorisokummi\/","og_site_name":"Uudenkaupungin Rotaryklubi","article_modified_time":"2019-08-13T08:17:12+00:00","twitter_card":"summary_large_image","twitter_misc":{"Arvioitu lukuaika":"5 minuuttia"},"schema":{"@context":"https:\/\/schema.org","@graph":[{"@type":"WebPage","@id":"https:\/\/rotary.fi\/uusikaupunki\/mita-teemme\/varainhankinta-ja-lahjoitukset\/nuorisokummi\/","url":"https:\/\/rotary.fi\/uusikaupunki\/mita-teemme\/varainhankinta-ja-lahjoitukset\/nuorisokummi\/","name":"Nuorisokummi - Uudenkaupungin Rotaryklubi","isPartOf":{"@id":"https:\/\/rotary.fi\/uusikaupunki\/#website"},"datePublished":"2019-02-04T12:06:09+00:00","dateModified":"2019-08-13T08:17:12+00:00","breadcrumb":{"@id":"https:\/\/rotary.fi\/uusikaupunki\/mita-teemme\/varainhankinta-ja-lahjoitukset\/nuorisokummi\/#breadcrumb"},"inLanguage":"fi","potentialAction":[{"@type":"ReadAction","target":["https:\/\/rotary.fi\/uusikaupunki\/mita-teemme\/varainhankinta-ja-lahjoitukset\/nuorisokummi\/"]}]},{"@type":"BreadcrumbList","@id":"https:\/\/rotary.fi\/uusikaupunki\/mita-teemme\/varainhankinta-ja-lahjoitukset\/nuorisokummi\/#breadcrumb","itemListElement":[{"@type":"ListItem","position":1,"name":"Home","item":"https:\/\/rotary.fi\/uusikaupunki\/"},{"@type":"ListItem","position":2,"name":"Mit\u00e4 teemme","item":"https:\/\/rotary.fi\/uusikaupunki\/mita-teemme\/"},{"@type":"ListItem","position":3,"name":"Varainhankinta ja lahjoitukset","item":"https:\/\/rotary.fi\/uusikaupunki\/mita-teemme\/varainhankinta-ja-lahjoitukset\/"},{"@type":"ListItem","position":4,"name":"Nuorisokummi"}]},{"@type":"WebSite","@id":"https:\/\/rotary.fi\/uusikaupunki\/#website","url":"https:\/\/rotary.fi\/uusikaupunki\/","name":"Uudenkaupungin Rotaryklubi","description":"Uusi Rotary klubisivusto","potentialAction":[{"@type":"SearchAction","target":{"@type":"EntryPoint","urlTemplate":"https:\/\/rotary.fi\/uusikaupunki\/?s={search_term_string}"},"query-input":{"@type":"PropertyValueSpecification","valueRequired":true,"valueName":"search_term_string"}}],"inLanguage":"fi"}]}},"lang":"fi","translations":{"fi":1454},"pll_sync_post":[],"_links":{"self":[{"href":"https:\/\/rotary.fi\/uusikaupunki\/wp-json\/wp\/v2\/pages\/1454","targetHints":{"allow":["GET"]}}],"collection":[{"href":"https:\/\/rotary.fi\/uusikaupunki\/wp-json\/wp\/v2\/pages"}],"about":[{"href":"https:\/\/rotary.fi\/uusikaupunki\/wp-json\/wp\/v2\/types\/page"}],"author":[{"embeddable":true,"href":"https:\/\/rotary.fi\/uusikaupunki\/wp-json\/wp\/v2\/users\/96"}],"replies":[{"embeddable":true,"href":"https:\/\/rotary.fi\/uusikaupunki\/wp-json\/wp\/v2\/comments?post=1454"}],"version-history":[{"count":7,"href":"https:\/\/rotary.fi\/uusikaupunki\/wp-json\/wp\/v2\/pages\/1454\/revisions"}],"predecessor-version":[{"id":1665,"href":"https:\/\/rotary.fi\/uusikaupunki\/wp-json\/wp\/v2\/pages\/1454\/revisions\/1665"}],"up":[{"embeddable":true,"href":"https:\/\/rotary.fi\/uusikaupunki\/wp-json\/wp\/v2\/pages\/158"}],"wp:attachment":[{"href":"https:\/\/rotary.fi\/uusikaupunki\/wp-json\/wp\/v2\/media?parent=1454"}],"curies":[{"name":"wp","href":"https:\/\/api.w.org\/{rel}","templated":true}]}}