{"id":1302,"date":"2018-11-27T08:54:09","date_gmt":"2018-11-27T06:54:09","guid":{"rendered":"https:\/\/rotary.fi\/uusikaupunki\/?page_id=1302"},"modified":"2019-02-21T19:05:51","modified_gmt":"2019-02-21T17:05:51","slug":"yrityskummi","status":"publish","type":"page","link":"https:\/\/rotary.fi\/uusikaupunki\/mita-teemme\/varainhankinta-ja-lahjoitukset\/yrityskummi\/","title":{"rendered":"Yrityskummi"},"content":{"rendered":"<p>[et_pb_section bb_built=&#8221;1&#8243; module_class=&#8221;jumbotron-page&#8221; _builder_version=&#8221;3.17.2&#8243; background_image=&#8221;https:\/\/rotary.fi\/uusikaupunki\/wp-content\/uploads\/sites\/84\/2018\/10\/rotary_klubit_alasivu_paakuva_11.jpg&#8221; next_background_color=&#8221;#ffffff&#8221;][et_pb_row _builder_version=&#8221;3.0.48&#8243; background_size=&#8221;initial&#8221; background_position=&#8221;top_left&#8221; background_repeat=&#8221;repeat&#8221;][et_pb_column type=&#8221;4_4&#8243;][et_pb_text admin_label=&#8221;P\u00e4\u00e4otsikko&#8221; _builder_version=&#8221;3.19.5&#8243; text_orientation=&#8221;center&#8221; background_layout=&#8221;dark&#8221;]<\/p>\n<h1>Varainhankinta ja lahjoitukset<\/h1>\n<p>[\/et_pb_text][\/et_pb_column][\/et_pb_row][\/et_pb_section][et_pb_section bb_built=&#8221;1&#8243; specialty=&#8221;on&#8221; module_class_2=&#8221;sivupalkki&#8221; _builder_version=&#8221;3.4.1&#8243; prev_background_color=&#8221;#000000&#8243;][et_pb_column type=&#8221;2_3&#8243; specialty_columns=&#8221;2&#8243;][et_pb_row_inner admin_label=&#8221;Rivi&#8221; _builder_version=&#8221;3.0.47&#8243;][et_pb_column_inner type=&#8221;4_4&#8243; saved_specialty_column_type=&#8221;2_3&#8243;][et_pb_text admin_label=&#8221;Varainhankinta ja lahjoitukset &#8211; Otsikko&#8221; _builder_version=&#8221;3.19.5&#8243; text_orientation=&#8221;center&#8221;]<\/p>\n<h1>Yrityskummi<\/h1>\n<p>[\/et_pb_text][et_pb_text _builder_version=&#8221;3.19.5&#8243;]<\/p>\n<p><strong>Rotareilta kuntolaitelahjoitus Kuunarille <\/strong><\/p>\n<p><a href=\"http:\/\/ukinyt.fi\/wordpress\/arkistot\/6368\">28.3.2018<\/a><\/p>\n<p>Uudenkaupungin Rotaryklubin syksyn 2018 teemana oli vanhuspalvelut. Yhdistyksen viikkokokouksissa kaupungin vanhuspalvelujen ty\u00f6ntekij\u00e4t ovat k\u00e4yneet esittelem\u00e4ss\u00e4 toimintaansa ja vastavuoroisesti klubi on hankkinut kuntoutus- ja arviointiosasto Kuunarille monipuolisen harjoituslaitteen.<\/p>\n<p>\u2013 Nuorisovaihto on t\u00e4rke\u00e4 osa toimintaamme, mutta t\u00e4ll\u00e4 kertaa halusimme tukea my\u00f6s ik\u00e4ihmisi\u00e4. Kyselimme Kuunarin osastonhoitaja Elina Harikkalalta toiveita ja h\u00e4nell\u00e4 oli heti esitt\u00e4\u00e4 konkreettinen laite, josta osastolla olisi paljon hy\u00f6ty\u00e4, kertoo yhdistyksen presidentti Ari Nivola.<\/p>\n<p>Ihan mit\u00e4\u00e4n peruslaitetta ei kuitenkaan haluttu vanhuksille tarjota, vaan nykyaikainen ja nimenomaan ik\u00e4ihmisi\u00e4 varten suunniteltu kuntolaite.<\/p>\n<p>\u2013 Hinta oli sen verran korkea, ett\u00e4 emme sellaista yksin pystyneet hankkimaan, vaan haimme yhteisty\u00f6kumppaneita mukaan. Asia oli niin hyv\u00e4, ett\u00e4 kaikki l\u00e4htiv\u00e4t heti mukaan.<\/p>\n<p>Hankkeen yrityskummit olivat<\/p>\n<ul>\n<li>\n<p><strong>Ajado Oy, <a href=\"http:\/\/www.ajado.fi\/\">http:\/\/www.ajado.fi\/<\/a><br \/><\/strong><\/p>\n<\/li>\n<li>\n<p><strong>Elektro-Valo Oy, <a href=\"http:\/\/www.elektro-valo.com\/\">http:\/\/www.elektro-valo.com\/<\/a><br \/><\/strong><\/p>\n<\/li>\n<li>\n<p><strong>Elhav Oy, <a href=\"http:\/\/www.elhav.fi\/\">http:\/\/www.elhav.fi\/<\/a><br \/><\/strong><\/p>\n<\/li>\n<li>\n<p><strong>Huolto-Rengas Laiho Oy, <a href=\"https:\/\/www.nesteuki.fi\/\">https:\/\/www.nesteuki.fi\/<\/a><br \/><\/strong><\/p>\n<\/li>\n<li>\n<p><strong>Lakiasiaintoimisto Simo Raitio Oy<\/strong><\/p>\n<\/li>\n<li>\n<p><strong>Suunnittelutoimisto Enertel Oy, <a href=\"http:\/\/www.enertel.fi\/\">http:\/\/www.enertel.fi\/<\/a><br \/><\/strong><\/p>\n<\/li>\n<li>\n<p><strong>Vakka-Suomen Panimo Oy, <a href=\"http:\/\/www.vasp.fi\/fi\/\">http:\/\/www.vasp.fi\/fi\/<\/a><br \/><\/strong><\/p>\n<\/li>\n<li>\n<p><strong>Vihannes-Laitila Oy, <a href=\"http:\/\/www.vihanneslaitila.fi\/\">http:\/\/www.vihanneslaitila.fi\/<\/a><br \/><\/strong><\/p>\n<\/li>\n<\/ul>\n<p>\u00a0<\/p>\n<p>Hankittu laite on crosstrainer-laite, joka tarjoaa \u00e4rsykkeit\u00e4 koko keholle. Sit\u00e4 poljetaan ja samalla k\u00e4sill\u00e4 \u201dhiihdet\u00e4\u00e4n.\u201d Kuormituksen voi s\u00e4\u00e4t\u00e4\u00e4 ja laite n\u00e4ytt\u00e4\u00e4 monenlaisia arvoja askelten m\u00e4\u00e4r\u00e4st\u00e4 ja energiankulutuksesta l\u00e4htien.<\/p>\n<p>\u2013 Laitetta voidaan my\u00f6hemmin t\u00e4ydent\u00e4\u00e4, jolloin siihen saadaan lis\u00e4\u00e4 seurantaominaisuuksia. Nytkin jo esimerkiksi sykemittaus onnistuisi sykevy\u00f6n avulla, kertoo Elina Harikkala. Sen k\u00e4ytt\u00f6 on t\u00e4ysin \u00e4\u00e4net\u00f6nt\u00e4 ja aktiivien esimerkin toivotaan innostavan muitakin asukkaita kokeilemaan.<\/p>\n<p>\u2013 Mit\u00e4\u00e4n harjoitusohjelmia ja tavoitteellisia treenej\u00e4 ei ole tarkoitus tehd\u00e4, mutta asukkaita kuntoutettaessa sill\u00e4 voidaan tehd\u00e4 sopivan pituisia yksil\u00f6llisesti treenej\u00e4 lihaskunnon yll\u00e4pit\u00e4miseksi ja palauttamiseksi esimerkiksi sairauden tai leikkauksen j\u00e4lkeen.<\/p>\n<p><img loading=\"lazy\" decoding=\"async\" class=\"size-medium wp-image-1476 alignleft\" src=\"https:\/\/rotary.fi\/uusikaupunki\/wp-content\/uploads\/sites\/84\/2019\/02\/kuunarilahjoitus-300x193.jpg\" alt=\"\" width=\"300\" height=\"193\" srcset=\"https:\/\/rotary.fi\/uusikaupunki\/wp-content\/uploads\/sites\/84\/2019\/02\/kuunarilahjoitus-300x193.jpg 300w, https:\/\/rotary.fi\/uusikaupunki\/wp-content\/uploads\/sites\/84\/2019\/02\/kuunarilahjoitus-768x494.jpg 768w, https:\/\/rotary.fi\/uusikaupunki\/wp-content\/uploads\/sites\/84\/2019\/02\/kuunarilahjoitus.jpg 1000w\" sizes=\"(max-width: 300px) 100vw, 300px\" \/>Vanhusten k\u00e4ytt\u00f6\u00f6n tulevien laitteiden tulee olla \u00e4\u00e4rimm\u00e4isen turvallisia, mutta toisaalta helppok\u00e4ytt\u00f6isi\u00e4. Rotarien lahjoittamssa crosstrai<\/p>\n<p>nerissa on esimerkiksi k\u00e4\u00e4ntyv\u00e4 istuin, jolloin siihen p\u00e4\u00e4see helpommin ja toisaalta k\u00e4silaitetta voidaan k\u00e4ytt\u00e4\u00e4 hihnojen avulla, jos puristusvoima ei riit\u00e4 normaalikahvojen k\u00e4ytt\u00e4miseen.<\/p>\n<p>Uusi laite on ollut Kuunarin k\u00e4yt\u00f6ss\u00e4 ja parisen viikkoa ja se aktiivisessa k\u00e4yt\u00f6ss\u00e4. Elina Harikkala esittikin l\u00e4mpim\u00e4t kiitokset rotareille ja mukana olleille yrityksille.<\/p>\n<p>\u2013 Laite on kallis emmek\u00e4 olisi pystyneet sellaista itse hankkimaan. T\u00e4st\u00e4 on meille paljon hy\u00f6ty\u00e4 tulevinakin vuosina.<\/p>\n<p>[\/et_pb_text][\/et_pb_column_inner][\/et_pb_row_inner][\/et_pb_column][et_pb_column type=&#8221;1_3&#8243;][et_pb_sidebar area=&#8221;sidebar-1&#8243; module_class=&#8221;sivupalkki_sisalto&#8221; _builder_version=&#8221;3.4.1&#8243; locked=&#8221;on&#8221;]<\/p>\n<p>[\/et_pb_sidebar][\/et_pb_column][\/et_pb_section]<\/p>\n","protected":false},"excerpt":{"rendered":"<p>Varainhankinta ja lahjoitukset Yrityskummi Rotareilta kuntolaitelahjoitus Kuunarille 28.3.2018Uudenkaupungin Rotaryklubin syksyn 2018 teemana oli vanhuspalvelut. Yhdistyksen viikkokokouksissa kaupungin vanhuspalvelujen ty\u00f6ntekij\u00e4t ovat k\u00e4yneet esittelem\u00e4ss\u00e4 toimintaansa ja vastavuoroisesti klubi on hankkinut kuntoutus- ja arviointiosasto Kuunarille monipuolisen harjoituslaitteen.\u2013 Nuorisovaihto on t\u00e4rke\u00e4 osa toimintaamme, mutta t\u00e4ll\u00e4 kertaa halusimme tukea my\u00f6s ik\u00e4ihmisi\u00e4. Kyselimme Kuunarin osastonhoitaja Elina Harikkalalta toiveita ja h\u00e4nell\u00e4 oli [&hellip;]<\/p>\n","protected":false},"author":1,"featured_media":0,"parent":158,"menu_order":0,"comment_status":"closed","ping_status":"closed","template":"","meta":{"_acf_changed":false,"_et_pb_use_builder":"on","_et_pb_old_content":"","_et_gb_content_width":"","footnotes":""},"class_list":["post-1302","page","type-page","status-publish","hentry"],"acf":[],"yoast_head":"<!-- This site is optimized with the Yoast SEO plugin v27.4 - https:\/\/yoast.com\/product\/yoast-seo-wordpress\/ -->\n<title>Yrityskummi - Uudenkaupungin Rotaryklubi<\/title>\n<meta name=\"robots\" content=\"index, follow, max-snippet:-1, max-image-preview:large, max-video-preview:-1\" \/>\n<link rel=\"canonical\" href=\"https:\/\/rotary.fi\/uusikaupunki\/mita-teemme\/varainhankinta-ja-lahjoitukset\/yrityskummi\/\" \/>\n<meta property=\"og:locale\" content=\"fi_FI\" \/>\n<meta property=\"og:type\" content=\"article\" \/>\n<meta property=\"og:title\" content=\"Yrityskummi - Uudenkaupungin Rotaryklubi\" \/>\n<meta property=\"og:description\" content=\"Varainhankinta ja lahjoitukset Yrityskummi Rotareilta kuntolaitelahjoitus Kuunarille 28.3.2018Uudenkaupungin Rotaryklubin syksyn 2018 teemana oli vanhuspalvelut. Yhdistyksen viikkokokouksissa kaupungin vanhuspalvelujen ty\u00f6ntekij\u00e4t ovat k\u00e4yneet esittelem\u00e4ss\u00e4 toimintaansa ja vastavuoroisesti klubi on hankkinut kuntoutus- ja arviointiosasto Kuunarille monipuolisen harjoituslaitteen.\u2013 Nuorisovaihto on t\u00e4rke\u00e4 osa toimintaamme, mutta t\u00e4ll\u00e4 kertaa halusimme tukea my\u00f6s ik\u00e4ihmisi\u00e4. Kyselimme Kuunarin osastonhoitaja Elina Harikkalalta toiveita ja h\u00e4nell\u00e4 oli [&hellip;]\" \/>\n<meta property=\"og:url\" content=\"https:\/\/rotary.fi\/uusikaupunki\/mita-teemme\/varainhankinta-ja-lahjoitukset\/yrityskummi\/\" \/>\n<meta property=\"og:site_name\" content=\"Uudenkaupungin Rotaryklubi\" \/>\n<meta property=\"article:modified_time\" content=\"2019-02-21T17:05:51+00:00\" \/>\n<meta property=\"og:image\" content=\"https:\/\/rotary.fi\/uusikaupunki\/wp-content\/uploads\/sites\/84\/2019\/02\/kuunarilahjoitus-300x193.jpg\" \/>\n<meta name=\"twitter:card\" content=\"summary_large_image\" \/>\n<meta name=\"twitter:label1\" content=\"Arvioitu lukuaika\" \/>\n\t<meta name=\"twitter:data1\" content=\"3 minuuttia\" \/>\n<script type=\"application\/ld+json\" class=\"yoast-schema-graph\">{\"@context\":\"https:\\\/\\\/schema.org\",\"@graph\":[{\"@type\":\"WebPage\",\"@id\":\"https:\\\/\\\/rotary.fi\\\/uusikaupunki\\\/mita-teemme\\\/varainhankinta-ja-lahjoitukset\\\/yrityskummi\\\/\",\"url\":\"https:\\\/\\\/rotary.fi\\\/uusikaupunki\\\/mita-teemme\\\/varainhankinta-ja-lahjoitukset\\\/yrityskummi\\\/\",\"name\":\"Yrityskummi - Uudenkaupungin Rotaryklubi\",\"isPartOf\":{\"@id\":\"https:\\\/\\\/rotary.fi\\\/uusikaupunki\\\/#website\"},\"primaryImageOfPage\":{\"@id\":\"https:\\\/\\\/rotary.fi\\\/uusikaupunki\\\/mita-teemme\\\/varainhankinta-ja-lahjoitukset\\\/yrityskummi\\\/#primaryimage\"},\"image\":{\"@id\":\"https:\\\/\\\/rotary.fi\\\/uusikaupunki\\\/mita-teemme\\\/varainhankinta-ja-lahjoitukset\\\/yrityskummi\\\/#primaryimage\"},\"thumbnailUrl\":\"https:\\\/\\\/rotary.fi\\\/uusikaupunki\\\/wp-content\\\/uploads\\\/sites\\\/84\\\/2019\\\/02\\\/kuunarilahjoitus-300x193.jpg\",\"datePublished\":\"2018-11-27T06:54:09+00:00\",\"dateModified\":\"2019-02-21T17:05:51+00:00\",\"breadcrumb\":{\"@id\":\"https:\\\/\\\/rotary.fi\\\/uusikaupunki\\\/mita-teemme\\\/varainhankinta-ja-lahjoitukset\\\/yrityskummi\\\/#breadcrumb\"},\"inLanguage\":\"fi\",\"potentialAction\":[{\"@type\":\"ReadAction\",\"target\":[\"https:\\\/\\\/rotary.fi\\\/uusikaupunki\\\/mita-teemme\\\/varainhankinta-ja-lahjoitukset\\\/yrityskummi\\\/\"]}]},{\"@type\":\"ImageObject\",\"inLanguage\":\"fi\",\"@id\":\"https:\\\/\\\/rotary.fi\\\/uusikaupunki\\\/mita-teemme\\\/varainhankinta-ja-lahjoitukset\\\/yrityskummi\\\/#primaryimage\",\"url\":\"https:\\\/\\\/rotary.fi\\\/uusikaupunki\\\/wp-content\\\/uploads\\\/sites\\\/84\\\/2019\\\/02\\\/kuunarilahjoitus.jpg\",\"contentUrl\":\"https:\\\/\\\/rotary.fi\\\/uusikaupunki\\\/wp-content\\\/uploads\\\/sites\\\/84\\\/2019\\\/02\\\/kuunarilahjoitus.jpg\",\"width\":1000,\"height\":643},{\"@type\":\"BreadcrumbList\",\"@id\":\"https:\\\/\\\/rotary.fi\\\/uusikaupunki\\\/mita-teemme\\\/varainhankinta-ja-lahjoitukset\\\/yrityskummi\\\/#breadcrumb\",\"itemListElement\":[{\"@type\":\"ListItem\",\"position\":1,\"name\":\"Home\",\"item\":\"https:\\\/\\\/rotary.fi\\\/uusikaupunki\\\/\"},{\"@type\":\"ListItem\",\"position\":2,\"name\":\"Mit\u00e4 teemme\",\"item\":\"https:\\\/\\\/rotary.fi\\\/uusikaupunki\\\/mita-teemme\\\/\"},{\"@type\":\"ListItem\",\"position\":3,\"name\":\"Varainhankinta ja lahjoitukset\",\"item\":\"https:\\\/\\\/rotary.fi\\\/uusikaupunki\\\/mita-teemme\\\/varainhankinta-ja-lahjoitukset\\\/\"},{\"@type\":\"ListItem\",\"position\":4,\"name\":\"Yrityskummi\"}]},{\"@type\":\"WebSite\",\"@id\":\"https:\\\/\\\/rotary.fi\\\/uusikaupunki\\\/#website\",\"url\":\"https:\\\/\\\/rotary.fi\\\/uusikaupunki\\\/\",\"name\":\"Uudenkaupungin Rotaryklubi\",\"description\":\"Uusi Rotary klubisivusto\",\"potentialAction\":[{\"@type\":\"SearchAction\",\"target\":{\"@type\":\"EntryPoint\",\"urlTemplate\":\"https:\\\/\\\/rotary.fi\\\/uusikaupunki\\\/?s={search_term_string}\"},\"query-input\":{\"@type\":\"PropertyValueSpecification\",\"valueRequired\":true,\"valueName\":\"search_term_string\"}}],\"inLanguage\":\"fi\"}]}<\/script>\n<!-- \/ Yoast SEO plugin. -->","yoast_head_json":{"title":"Yrityskummi - Uudenkaupungin Rotaryklubi","robots":{"index":"index","follow":"follow","max-snippet":"max-snippet:-1","max-image-preview":"max-image-preview:large","max-video-preview":"max-video-preview:-1"},"canonical":"https:\/\/rotary.fi\/uusikaupunki\/mita-teemme\/varainhankinta-ja-lahjoitukset\/yrityskummi\/","og_locale":"fi_FI","og_type":"article","og_title":"Yrityskummi - Uudenkaupungin Rotaryklubi","og_description":"Varainhankinta ja lahjoitukset Yrityskummi Rotareilta kuntolaitelahjoitus Kuunarille 28.3.2018Uudenkaupungin Rotaryklubin syksyn 2018 teemana oli vanhuspalvelut. Yhdistyksen viikkokokouksissa kaupungin vanhuspalvelujen ty\u00f6ntekij\u00e4t ovat k\u00e4yneet esittelem\u00e4ss\u00e4 toimintaansa ja vastavuoroisesti klubi on hankkinut kuntoutus- ja arviointiosasto Kuunarille monipuolisen harjoituslaitteen.\u2013 Nuorisovaihto on t\u00e4rke\u00e4 osa toimintaamme, mutta t\u00e4ll\u00e4 kertaa halusimme tukea my\u00f6s ik\u00e4ihmisi\u00e4. Kyselimme Kuunarin osastonhoitaja Elina Harikkalalta toiveita ja h\u00e4nell\u00e4 oli [&hellip;]","og_url":"https:\/\/rotary.fi\/uusikaupunki\/mita-teemme\/varainhankinta-ja-lahjoitukset\/yrityskummi\/","og_site_name":"Uudenkaupungin Rotaryklubi","article_modified_time":"2019-02-21T17:05:51+00:00","og_image":[{"url":"https:\/\/rotary.fi\/uusikaupunki\/wp-content\/uploads\/sites\/84\/2019\/02\/kuunarilahjoitus-300x193.jpg","type":"","width":"","height":""}],"twitter_card":"summary_large_image","twitter_misc":{"Arvioitu lukuaika":"3 minuuttia"},"schema":{"@context":"https:\/\/schema.org","@graph":[{"@type":"WebPage","@id":"https:\/\/rotary.fi\/uusikaupunki\/mita-teemme\/varainhankinta-ja-lahjoitukset\/yrityskummi\/","url":"https:\/\/rotary.fi\/uusikaupunki\/mita-teemme\/varainhankinta-ja-lahjoitukset\/yrityskummi\/","name":"Yrityskummi - Uudenkaupungin Rotaryklubi","isPartOf":{"@id":"https:\/\/rotary.fi\/uusikaupunki\/#website"},"primaryImageOfPage":{"@id":"https:\/\/rotary.fi\/uusikaupunki\/mita-teemme\/varainhankinta-ja-lahjoitukset\/yrityskummi\/#primaryimage"},"image":{"@id":"https:\/\/rotary.fi\/uusikaupunki\/mita-teemme\/varainhankinta-ja-lahjoitukset\/yrityskummi\/#primaryimage"},"thumbnailUrl":"https:\/\/rotary.fi\/uusikaupunki\/wp-content\/uploads\/sites\/84\/2019\/02\/kuunarilahjoitus-300x193.jpg","datePublished":"2018-11-27T06:54:09+00:00","dateModified":"2019-02-21T17:05:51+00:00","breadcrumb":{"@id":"https:\/\/rotary.fi\/uusikaupunki\/mita-teemme\/varainhankinta-ja-lahjoitukset\/yrityskummi\/#breadcrumb"},"inLanguage":"fi","potentialAction":[{"@type":"ReadAction","target":["https:\/\/rotary.fi\/uusikaupunki\/mita-teemme\/varainhankinta-ja-lahjoitukset\/yrityskummi\/"]}]},{"@type":"ImageObject","inLanguage":"fi","@id":"https:\/\/rotary.fi\/uusikaupunki\/mita-teemme\/varainhankinta-ja-lahjoitukset\/yrityskummi\/#primaryimage","url":"https:\/\/rotary.fi\/uusikaupunki\/wp-content\/uploads\/sites\/84\/2019\/02\/kuunarilahjoitus.jpg","contentUrl":"https:\/\/rotary.fi\/uusikaupunki\/wp-content\/uploads\/sites\/84\/2019\/02\/kuunarilahjoitus.jpg","width":1000,"height":643},{"@type":"BreadcrumbList","@id":"https:\/\/rotary.fi\/uusikaupunki\/mita-teemme\/varainhankinta-ja-lahjoitukset\/yrityskummi\/#breadcrumb","itemListElement":[{"@type":"ListItem","position":1,"name":"Home","item":"https:\/\/rotary.fi\/uusikaupunki\/"},{"@type":"ListItem","position":2,"name":"Mit\u00e4 teemme","item":"https:\/\/rotary.fi\/uusikaupunki\/mita-teemme\/"},{"@type":"ListItem","position":3,"name":"Varainhankinta ja lahjoitukset","item":"https:\/\/rotary.fi\/uusikaupunki\/mita-teemme\/varainhankinta-ja-lahjoitukset\/"},{"@type":"ListItem","position":4,"name":"Yrityskummi"}]},{"@type":"WebSite","@id":"https:\/\/rotary.fi\/uusikaupunki\/#website","url":"https:\/\/rotary.fi\/uusikaupunki\/","name":"Uudenkaupungin Rotaryklubi","description":"Uusi Rotary klubisivusto","potentialAction":[{"@type":"SearchAction","target":{"@type":"EntryPoint","urlTemplate":"https:\/\/rotary.fi\/uusikaupunki\/?s={search_term_string}"},"query-input":{"@type":"PropertyValueSpecification","valueRequired":true,"valueName":"search_term_string"}}],"inLanguage":"fi"}]}},"lang":"fi","translations":{"fi":1302},"pll_sync_post":[],"_links":{"self":[{"href":"https:\/\/rotary.fi\/uusikaupunki\/wp-json\/wp\/v2\/pages\/1302","targetHints":{"allow":["GET"]}}],"collection":[{"href":"https:\/\/rotary.fi\/uusikaupunki\/wp-json\/wp\/v2\/pages"}],"about":[{"href":"https:\/\/rotary.fi\/uusikaupunki\/wp-json\/wp\/v2\/types\/page"}],"author":[{"embeddable":true,"href":"https:\/\/rotary.fi\/uusikaupunki\/wp-json\/wp\/v2\/users\/1"}],"replies":[{"embeddable":true,"href":"https:\/\/rotary.fi\/uusikaupunki\/wp-json\/wp\/v2\/comments?post=1302"}],"version-history":[{"count":5,"href":"https:\/\/rotary.fi\/uusikaupunki\/wp-json\/wp\/v2\/pages\/1302\/revisions"}],"predecessor-version":[{"id":1601,"href":"https:\/\/rotary.fi\/uusikaupunki\/wp-json\/wp\/v2\/pages\/1302\/revisions\/1601"}],"up":[{"embeddable":true,"href":"https:\/\/rotary.fi\/uusikaupunki\/wp-json\/wp\/v2\/pages\/158"}],"wp:attachment":[{"href":"https:\/\/rotary.fi\/uusikaupunki\/wp-json\/wp\/v2\/media?parent=1302"}],"curies":[{"name":"wp","href":"https:\/\/api.w.org\/{rel}","templated":true}]}}