{"id":156,"date":"2018-08-13T09:46:59","date_gmt":"2018-08-13T06:46:59","guid":{"rendered":"https:\/\/rotary.fi\/uskela\/?page_id=156"},"modified":"2025-02-04T09:54:14","modified_gmt":"2025-02-04T07:54:14","slug":"projektit","status":"publish","type":"page","link":"https:\/\/rotary.fi\/uskela\/mita-teemme\/projektit\/","title":{"rendered":"Projektit ja toiminta"},"content":{"rendered":"<p>[et_pb_section fb_built=&#8221;1&#8243; module_class=&#8221;jumbotron-page&#8221; _builder_version=&#8221;4.27.0&#8243; background_image=&#8221;https:\/\/rotary.fi\/uskela\/wp-content\/uploads\/sites\/261\/2025\/01\/uskelan-jasenia-torilla-02-1900&#215;350-1.jpg&#8221; global_colors_info=&#8221;{}&#8221;][et_pb_row _builder_version=&#8221;4.16&#8243; background_size=&#8221;initial&#8221; background_position=&#8221;top_left&#8221; background_repeat=&#8221;repeat&#8221; global_colors_info=&#8221;{}&#8221;][et_pb_column type=&#8221;4_4&#8243; _builder_version=&#8221;4.16&#8243; custom_padding=&#8221;|||&#8221; global_colors_info=&#8221;{}&#8221; custom_padding__hover=&#8221;|||&#8221;][et_pb_text admin_label=&#8221;P\u00e4\u00e4otsikko&#8221; _builder_version=&#8221;4.27.0&#8243; text_orientation=&#8221;center&#8221; background_layout=&#8221;dark&#8221; global_colors_info=&#8221;{}&#8221;]<\/p>\n<h1>Projektit ja toiminta<\/h1>\n<p>[\/et_pb_text][\/et_pb_column][\/et_pb_row][\/et_pb_section][et_pb_section fb_built=&#8221;1&#8243; specialty=&#8221;on&#8221; module_class_2=&#8221;sivupalkki&#8221; _builder_version=&#8221;4.16&#8243; global_colors_info=&#8221;{}&#8221;][et_pb_column type=&#8221;2_3&#8243; specialty_columns=&#8221;2&#8243; _builder_version=&#8221;4.16&#8243; custom_padding=&#8221;|||&#8221; global_colors_info=&#8221;{}&#8221; parallax__hover=&#8221;off&#8221; parallax_method__hover=&#8221;on&#8221; custom_padding__hover=&#8221;|||&#8221;][et_pb_row_inner admin_label=&#8221;Rivi&#8221; _builder_version=&#8221;4.16&#8243; global_colors_info=&#8221;{}&#8221;][et_pb_column_inner saved_specialty_column_type=&#8221;2_3&#8243; _builder_version=&#8221;4.16&#8243; custom_padding=&#8221;|||&#8221; global_colors_info=&#8221;{}&#8221; parallax__hover=&#8221;off&#8221; parallax_method__hover=&#8221;on&#8221; custom_padding__hover=&#8221;|||&#8221;][et_pb_text admin_label=&#8221;Projektit &#8211; Otsikko&#8221; _builder_version=&#8221;4.27.0&#8243; text_orientation=&#8221;center&#8221; global_colors_info=&#8221;{}&#8221;]<\/p>\n<h1>Projektit ja toiminta<\/h1>\n<p>[\/et_pb_text][et_pb_text _builder_version=&#8221;4.27.0&#8243; hover_enabled=&#8221;0&#8243; global_colors_info=&#8221;{}&#8221; sticky_enabled=&#8221;0&#8243;]<\/p>\n<p>Rotary on palveluj\u00e4rjest\u00f6. Toimimme tunnuslauseemme Palvelu itsekkyyden edelle (Service above self) mukaisesti paikallisesti ja maailmanlaajuisesti. Kansainv\u00e4linen humanit\u00e4\u00e4rinen palvelumme toteutuu Rotarys\u00e4\u00e4ti\u00f6mme koordinoimana ja hyv\u00e4ksyttyjen kumppaneiden kanssa.<\/p>\n<p>Alla on kuvattu Uskelan Rotaryklubin projekteja ja toimintaa paikallisesti.<\/p>\n<p>&nbsp;<\/p>\n<h4><strong>Talvitapahtuma kehitysvammaisille:<\/strong><\/h4>\n<p>Uskelan rotaryklubin j\u00e4senet Pekka Vuori ja Heikki Nieminen olivat my\u00f6s Salon Ratsastusseura ry:n puuhamiehi\u00e4. He halusivat auttaa vammaisia ratsastamaan. Vuonna 1980 toteutettiin ensimm\u00e4inen vammaistapahtuma Anisten ratsastustalleilla. Aluksi herrat toimivat kahdestaan yhdess\u00e4 ratsastusseuran kanssa. V\u00e4hitellen yh\u00e4 useampi vammainen uskalsi tulla ratsastamaan ja samalla muu rotaryklubin j\u00e4senist\u00f6 l\u00e4hti auttamaan. Alkuvuosina homma oli raskasta, kun vieraat nostettiin kahden hevosen selk\u00e4\u00e4n ja sielt\u00e4 alas. My\u00f6hemmin Salon Seudun koulutuskuntayhtym\u00e4 rakensi kahdet portaat ja t\u00e4m\u00e4n j\u00e4lkeen vieraat talutettiin portailta ratsaille ja sielt\u00e4 pois. Pikku hiljaa vieraiden m\u00e4\u00e4r\u00e4 kasvoi ja melko pian heit\u00e4 oli jo noin 50. My\u00f6hemmin 2000-luvulla vammaisten tukij\u00e4rjest\u00f6t alkoivat markkinoida tapahtumaa. He j\u00e4rjestiv\u00e4t yhteiskuljetuksia ja samalla kokonaism\u00e4\u00e4r\u00e4 kasvoi jo yli 100 vieraan.<\/p>\n<p>Osa vieraista oli liikuntarajoitteisia ja heit\u00e4 ruvettiin ajeluttamaan\u00a0hevosreell\u00e4. 1990-luvulla Anisiin rakennettiin maneesi ja ratsastus siirtyi \u201dsis\u00e4tiloihin\u201d tuulelta suojaan. Perim\u00e4tiedon mukaan 1980-luvulla tilaisuus jouduttiin kaksi kertaa\u00a0peruuttamaan kovien pakkasten takia. 2000-luvulla pakkanen ei ole ollut ongelma varsinkaan maneesissa ratsastettaessa. Leuto s\u00e4\u00e4 ja lumenpuute ovat est\u00e4neet rekiajelut joinakin vuosina.<\/p>\n<p>Uskelan \u201dmets\u00e4miehet\u201d Reinhold Jensenin johdolla ovat tuoneet puita isoon halkonuotioon, jotta vieraat\u00a0p\u00e4\u00e4sev\u00e4t k\u00e4rist\u00e4m\u00e4\u00e4n makkaraa. V\u00e4kim\u00e4\u00e4r\u00e4n kasvaessa Simolan Jussi vanhana palop\u00e4\u00e4llikk\u00f6n\u00e4 Tuulensuun Simon kanssa j\u00e4rjesti\u00a0Salon VPK:n nuorisojaoston kaasugrillin. N\u00e4in saatiin riitt\u00e4v\u00e4sti makkaraa nopeasti kuumaksi. Takatalo on j\u00e4rjest\u00e4nyt kaasut grilliin. Reipas ratsastus ja innokas ulkoilu tekiv\u00e4t vieraista n\u00e4lk\u00e4isi\u00e4, joten SSO:n tarjoamaa kuumaa mehua ja grillattuja makkaroita tarvittiin sek\u00e4 l\u00e4mmitt\u00e4m\u00e4\u00e4n ett\u00e4 ruokkimaan vieraita.<\/p>\n<p>Tapahtuman kasvaessa tarvittiin organisaattoria, joten Simolan Jussi\u00a0\u201dbruuttaporukan nokkamiehen\u00e4\u201d l\u00e4hti vet\u00e4m\u00e4\u00e4n tapahtumaa ja samalla koko klubi alkoi osallistua hyv\u00e4ntekev\u00e4isyyspalveluun Rotary-hengen mukaisesti. V\u00e4hitellen tapahtuman toiminnallinen luonne kirkastui ja ohjelman sis\u00e4lt\u00f6 on saanut vakiintuneet muodot.<\/p>\n<p>Salon Anisten talliremontin takia 2014 tapahtuma siirtyi Muurlan Merlitzin tiloihin vuosiksi 2014-2018. Vuonna 2019 tapahtuma, edelleen hevosurheilupainotteisena siirtyi SJ-Tallin tiloihin Salon Halikkoon. Ohjelmassa oli mm. valjakkoajelua, hevosten harjaamista ja halailua, pihapelej\u00e4, makkaraa ja kuumaa mehua.<\/p>\n<p>Nyky\u00e4\u00e4n tapahtumaan tulee runsas 100 vierasta. Kutsutut tulevat l\u00e4hinn\u00e4 kolmesta kohteesta:\u00a0<a href=\"https:\/\/salo.fi\/varhaiskasvatus-ja-koulutus\/perusopetus\/koulut\/hakastaron-koulu\/\" target=\"_blank\" rel=\"noopener\">Hakastaron koulusta<\/a> (erityiskoulu \/ peruskoulu), Salon ammattioppilaitoksen erityislinjoilta ja Salon Ty\u00f6- ja Toimintakeskuksesta (<a href=\"https:\/\/www.varha.fi\/fi\/asiointikanavat\/salon-tyo-ja-toimintakeskus-hillerinkuja\" target=\"_blank\" rel=\"noopener\">linkki<\/a>).<\/p>\n<p>&nbsp;<\/p>\n<h4><strong>Vuoden Nuorisovaikuttaja -tunnustus:<\/strong><\/h4>\n<p>Uskelan Rotaryklubin Vuoden Nuorisovaikuttaja -tunnustuksella\u00a0haluamme nostaa esiin henkil\u00f6n tai tahon, joka on nuoren tukena kasvumatkalla\u00a0aikuisuuteen.<\/p>\n<p>Tunnustuksen tarkoituksena on saada huomiota tulevaisuuden merkitt\u00e4vimm\u00e4n resurssin eli nuorison aktivointiin.<\/p>\n<p>Valittava henkil\u00f6 tai taho voi olla mukana harrastustoiminnassa, koulussa, opiskelussa,\u00a0ensimm\u00e4isin\u00e4 ty\u00f6vuosina tai muuten vaan arjessa tukena.<\/p>\n<p>Vuoden Nuorisovaikuttaja julkistetaan vuosittain joulukuussa.<\/p>\n<p>Tunnustuksen saanut palkitaan kukin, kunniakirjalla sek\u00e4 tiedotetaan medioiden kautta Salon talousalueen v\u00e4est\u00f6lle ja n\u00e4in pitk\u00e4 ansiokas toiminta huomioidaan laajemmallakin. Tunnustuksen ovat mennein\u00e4 vuosina saaneet alla esitetyt henkil\u00f6t tai tahot. Rivin lopussa mainittu tunnustusta esitt\u00e4nyt Uskelan rotaryklubin j\u00e4sen.<\/p>\n<p>2024: Janne Martama ja Pauli Kettunen, MLL:n is\u00e4-lapsikerho \/ Kalle R\u00e4ike<br \/>2023: Iina Haapaniemi, juniority\u00f6 tenniksen parissa \/ Juha Talviniemi<br \/>2022: Saara Kemppainen, Leticia-kuoro \/ P\u00e4ivi R\u00e4ike<br \/>2021: Janne Harju, LP Viesti ja LP Viesti Akatemia \/ Matti Sirva<br \/>2020: Marko Vihiniemi, Salon Vilpas koripallo ry \/ Jouni Niemi<br \/>2019: Berndt Ahlfors SalPa jalkapallo \/ Mikko H\u00e4gerstr\u00f6m<br \/>2018: Tomi Paju &amp; Vesa Kujanp\u00e4\u00e4, #24hGolf Salogolf ry \/ Jari Laakkio<br \/>2017: Pertti Falkstedt, Salo Lasten laulukaupunki ry \/ Anne Juntti<br \/>2016: Riikka Juntunen, Salon Vilpas \/ Jouni Niemi<br \/>2015: Marko Heikura, Salon lukio \/ Hannu M\u00e4\u00e4tt\u00e4nen<br \/>2014: Ilkka Ratamo, Salon Seudun Ampujat, Halikon Hakoniskat \/ Simo Tuulensuu<br \/>2013: Kaisa Suutela-Kuisma, Salo seurakunta \/ Mikko Ruohonen<br \/>2012: Toni Elo, poliisi \/ Kalervo Friberg<br \/>2011: Merja Stenholm, FC Halikko \/ Pirjo Nurminen<br \/>2010: Pertti Kiiskinen, Salo Golf \/ Terjo Ek<br \/>2009: Riitta Laakko, Salon Uimarit \/ Antero Nurmi<br \/>2008: Liisa Pet\u00e4inen, Salon Mielenterveysseura \/ Kari Reivonen<br \/>2007: Elina Kivel\u00e4, Angelniemen Ankkuri \/ Kari Heinonen<br \/>2006: Seija M\u00e4yr\u00e4, Salon Viesti \/ Pekka M\u00e4enp\u00e4\u00e4<br \/>2005: Kirsi Peltonen, Salon VPK:n nuoriso-osaston johtaja \/ Hannu Salminen<br \/>2004: Ilpo Vesterinen, Salon palloilijat \/ Mikko Ruohonen<br \/>2003: Pasi J\u00e4rvinen, Salon Vilpas koripallo \/ Esa Jyrkki\u00f6<br \/>2002: Ulla Topi, Kehitysvammaisten tukiliitto \/ Timo R\u00e4ike<br \/>2001: Helin\u00e4 Rinne, Halikon musiikkiyhdistys \/ Seppo Saloranta<br \/>2000: Mika K\u00e4nk\u00e4nen, Salo-Uskela srk vapaaehtoisty\u00f6ntekij\u00e4 \/ Eino Nygren<br \/>1999: Juhani Ivanoff, Is\u00e4-poikakerho Pertteli \/ Hannu M\u00e4\u00e4tt\u00e4nen<br \/>1998: Marjo Korpilahti, erityisnuorisoty\u00f6tekij\u00e4 \/ Markku S\u00e4il\u00e4<br \/>1997: Inkeri Nurminen, Salon leiriveikot \/ Pertti Syv\u00e4per\u00e4<\/p>\n<p>&nbsp;<\/p>\n<h4><strong>Lika Olika -projekti:<\/strong><\/h4>\n<p>Lika Olika -projekti k\u00e4ynnistyi toden teolla syyskuussa 2022 Salossa Hermannin koulussa. Lika Olika -projektin tavoitteena on suvaitsevaisuuden lis\u00e4\u00e4minen, koko kouluyhteis\u00f6n jaksamisen parantaminen ja itsetunnon vahvistaminen.<\/p>\n<p>Projekti sis\u00e4lt\u00e4\u00e4 haastatteluja, luentoja ja ty\u00f6pajoja niin henkil\u00f6kunnalle kuin oppilaille, joiden avulla koulu saa uusia ty\u00f6kaluja ty\u00f6n kehitt\u00e4miseen.<\/p>\n<p>Lika Olika on toteutettu jo yli 150 koulussa Ruotsissa. Uskelan Rotaryklubin hanke on pilottihanke Suomessa, ja se tehd\u00e4\u00e4n yhteisty\u00f6ss\u00e4 Forssan Sep\u00e4nhaan Rotaryklubin kanssa.<\/p>\n<p>&nbsp;<\/p>\n<h4><strong>Vesireppu-projekti:<\/strong><\/h4>\n<p>Uskelan rotaryklubi lahjoitti kev\u00e4\u00e4ll\u00e4 2024 Halikon lukiolle vesirepun. Ensimm\u00e4isin\u00e4 sen testej\u00e4 p\u00e4\u00e4siv\u00e4t tekem\u00e4\u00e4n biologian kertauskurssilaiset Leirisalon opintoretkell\u00e4. J\u00e4rven vesi vaikutti varsin hyv\u00e4laatuiselta!<\/p>\n<p>Vesireppu sis\u00e4lt\u00e4\u00e4 v\u00e4lineet ja ohjeet, joiden avulla l\u00e4hivesist\u00f6n tutkiminen on helppoa ja hauskaa. Mit\u00e4 n\u00e4k\u00f6syvyys kertoo vesist\u00f6n tilasta? L\u00f6ytyyk\u00f6 vedest\u00e4 sinilev\u00e4\u00e4 ja olisiko siell\u00e4 turvallista uida? Ent\u00e4 milt\u00e4 n\u00e4ytt\u00e4\u00e4 veden happitilanne?<\/p>\n<p>Vesirepun avulla voidaan tutkia seuraavia asioita:<\/p>\n<ul>\n<li>l\u00e4mp\u00f6tilaa (vesil\u00e4mp\u00f6mittari)<\/li>\n<li>n\u00e4k\u00f6syvyytt\u00e4 (Secchi-levy)<\/li>\n<li>sinilev\u00e4tilannetta<\/li>\n<li>sameutta (World Water Monitoring Challenge -purkki, tarra ja sameusasteikko)<\/li>\n<li>happipitoisuutta (testiputki,DO-tabletti, v\u00e4riasteikko)<\/li>\n<li>fosfori- ja typpipitoisuutta vedess\u00e4<\/li>\n<\/ul>\n<p>Vesireppua on tarkoitus k\u00e4ytt\u00e4\u00e4 l\u00e4hiymp\u00e4rist\u00f6n tutkimiseen osana Ihan Pihalla-hankkeessa<br \/>tuotettavia oppimiskokonaisuuksia. Kouluissa voi oppilaiden kanssa koota \u201dOman l\u00e4hiveden tarinan\u201d, joka alkaa oppilaiden ennakkok\u00e4sitysten kartoittamisella esimerkiksi ajatuskartan avulla. Seuraavaksi tutustutaan yhdess\u00e4 tutkimusv\u00e4lineisiin ja matkataan n\u00e4ytteenottoon l\u00e4hivesist\u00f6n rantaan Vesirepun ohjeita ja v\u00e4lineit\u00e4 hy\u00f6dynt\u00e4en. Maastossa otetaan kuvia ja luokassa havainnot voidaan kirjata yhdess\u00e4 yl\u00f6s vaikkapa J\u00e4rvi&amp;MeriWiki-palveluun. Vaikka Vesireppu on kehitetty ensisijaisesti kouluille, se soveltuu mainiosti my\u00f6s kaikille veden tilan seurannasta kiinnostuneille kansalaisille.<\/p>\n<p>[\/et_pb_text][\/et_pb_column_inner][\/et_pb_row_inner][\/et_pb_column][et_pb_column type=&#8221;1_3&#8243; module_class=&#8221;sivupalkki&#8221; _builder_version=&#8221;4.16&#8243; custom_padding=&#8221;|||&#8221; global_colors_info=&#8221;{}&#8221; parallax__hover=&#8221;off&#8221; parallax_method__hover=&#8221;on&#8221; module_class__hover=&#8221;sivupalkki&#8221; custom_padding__hover=&#8221;|||&#8221;][et_pb_sidebar area=&#8221;sidebar-1&#8243; module_class=&#8221;sivupalkki_sisalto&#8221; _builder_version=&#8221;4.16&#8243; locked=&#8221;on&#8221; global_colors_info=&#8221;{}&#8221;][\/et_pb_sidebar][\/et_pb_column][\/et_pb_section]<\/p>\n","protected":false},"excerpt":{"rendered":"<p>Projektit ja toimintaProjektit ja toimintaRotary on palveluj\u00e4rjest\u00f6. Toimimme tunnuslauseemme Palvelu itsekkyyden edelle (Service above self) mukaisesti paikallisesti ja maailmanlaajuisesti. Kansainv\u00e4linen humanit\u00e4\u00e4rinen palvelumme toteutuu Rotarys\u00e4\u00e4ti\u00f6mme koordinoimana ja hyv\u00e4ksyttyjen kumppaneiden kanssa. Alla on kuvattu Uskelan Rotaryklubin projekteja ja toimintaa paikallisesti. &nbsp; Talvitapahtuma kehitysvammaisille: Uskelan rotaryklubin j\u00e4senet Pekka Vuori ja Heikki Nieminen olivat my\u00f6s Salon Ratsastusseura ry:n puuhamiehi\u00e4. [&hellip;]<\/p>\n","protected":false},"author":1,"featured_media":0,"parent":77,"menu_order":0,"comment_status":"closed","ping_status":"closed","template":"","meta":{"_acf_changed":false,"_et_pb_use_builder":"on","_et_pb_old_content":"","_et_gb_content_width":"","footnotes":""},"class_list":["post-156","page","type-page","status-publish","hentry"],"acf":[],"yoast_head":"<!-- This site is optimized with the Yoast SEO plugin v27.4 - https:\/\/yoast.com\/product\/yoast-seo-wordpress\/ -->\n<title>Projektit ja toiminta - Uskelan Rotaryklubi<\/title>\n<meta name=\"robots\" content=\"index, follow, max-snippet:-1, max-image-preview:large, max-video-preview:-1\" \/>\n<link rel=\"canonical\" href=\"https:\/\/rotary.fi\/uskela\/mita-teemme\/projektit\/\" \/>\n<meta property=\"og:locale\" content=\"fi_FI\" \/>\n<meta property=\"og:type\" content=\"article\" \/>\n<meta property=\"og:title\" content=\"Projektit ja toiminta - Uskelan Rotaryklubi\" \/>\n<meta property=\"og:description\" content=\"Projektit ja toimintaProjektit ja toimintaRotary on palveluj\u00e4rjest\u00f6. Toimimme tunnuslauseemme Palvelu itsekkyyden edelle (Service above self) mukaisesti paikallisesti ja maailmanlaajuisesti. Kansainv\u00e4linen humanit\u00e4\u00e4rinen palvelumme toteutuu Rotarys\u00e4\u00e4ti\u00f6mme koordinoimana ja hyv\u00e4ksyttyjen kumppaneiden kanssa. Alla on kuvattu Uskelan Rotaryklubin projekteja ja toimintaa paikallisesti. &nbsp; Talvitapahtuma kehitysvammaisille: Uskelan rotaryklubin j\u00e4senet Pekka Vuori ja Heikki Nieminen olivat my\u00f6s Salon Ratsastusseura ry:n puuhamiehi\u00e4. [&hellip;]\" \/>\n<meta property=\"og:url\" content=\"https:\/\/rotary.fi\/uskela\/mita-teemme\/projektit\/\" \/>\n<meta property=\"og:site_name\" content=\"Uskelan Rotaryklubi\" \/>\n<meta property=\"article:modified_time\" content=\"2025-02-04T07:54:14+00:00\" \/>\n<meta name=\"twitter:card\" content=\"summary_large_image\" \/>\n<meta name=\"twitter:label1\" content=\"Arvioitu lukuaika\" \/>\n\t<meta name=\"twitter:data1\" content=\"6 minuuttia\" \/>\n<script type=\"application\/ld+json\" class=\"yoast-schema-graph\">{\"@context\":\"https:\\\/\\\/schema.org\",\"@graph\":[{\"@type\":\"WebPage\",\"@id\":\"https:\\\/\\\/rotary.fi\\\/uskela\\\/mita-teemme\\\/projektit\\\/\",\"url\":\"https:\\\/\\\/rotary.fi\\\/uskela\\\/mita-teemme\\\/projektit\\\/\",\"name\":\"Projektit ja toiminta - Uskelan Rotaryklubi\",\"isPartOf\":{\"@id\":\"https:\\\/\\\/rotary.fi\\\/uskela\\\/#website\"},\"datePublished\":\"2018-08-13T06:46:59+00:00\",\"dateModified\":\"2025-02-04T07:54:14+00:00\",\"breadcrumb\":{\"@id\":\"https:\\\/\\\/rotary.fi\\\/uskela\\\/mita-teemme\\\/projektit\\\/#breadcrumb\"},\"inLanguage\":\"fi\",\"potentialAction\":[{\"@type\":\"ReadAction\",\"target\":[\"https:\\\/\\\/rotary.fi\\\/uskela\\\/mita-teemme\\\/projektit\\\/\"]}]},{\"@type\":\"BreadcrumbList\",\"@id\":\"https:\\\/\\\/rotary.fi\\\/uskela\\\/mita-teemme\\\/projektit\\\/#breadcrumb\",\"itemListElement\":[{\"@type\":\"ListItem\",\"position\":1,\"name\":\"Home\",\"item\":\"https:\\\/\\\/rotary.fi\\\/uskela\\\/\"},{\"@type\":\"ListItem\",\"position\":2,\"name\":\"Mit\u00e4 teemme\",\"item\":\"https:\\\/\\\/rotary.fi\\\/uskela\\\/mita-teemme\\\/\"},{\"@type\":\"ListItem\",\"position\":3,\"name\":\"Projektit ja toiminta\"}]},{\"@type\":\"WebSite\",\"@id\":\"https:\\\/\\\/rotary.fi\\\/uskela\\\/#website\",\"url\":\"https:\\\/\\\/rotary.fi\\\/uskela\\\/\",\"name\":\"Uskelan Rotaryklubi\",\"description\":\"Salossa toimivan Uskelan Rotaryklubin sivusto\",\"potentialAction\":[{\"@type\":\"SearchAction\",\"target\":{\"@type\":\"EntryPoint\",\"urlTemplate\":\"https:\\\/\\\/rotary.fi\\\/uskela\\\/?s={search_term_string}\"},\"query-input\":{\"@type\":\"PropertyValueSpecification\",\"valueRequired\":true,\"valueName\":\"search_term_string\"}}],\"inLanguage\":\"fi\"}]}<\/script>\n<!-- \/ Yoast SEO plugin. -->","yoast_head_json":{"title":"Projektit ja toiminta - Uskelan Rotaryklubi","robots":{"index":"index","follow":"follow","max-snippet":"max-snippet:-1","max-image-preview":"max-image-preview:large","max-video-preview":"max-video-preview:-1"},"canonical":"https:\/\/rotary.fi\/uskela\/mita-teemme\/projektit\/","og_locale":"fi_FI","og_type":"article","og_title":"Projektit ja toiminta - Uskelan Rotaryklubi","og_description":"Projektit ja toimintaProjektit ja toimintaRotary on palveluj\u00e4rjest\u00f6. Toimimme tunnuslauseemme Palvelu itsekkyyden edelle (Service above self) mukaisesti paikallisesti ja maailmanlaajuisesti. Kansainv\u00e4linen humanit\u00e4\u00e4rinen palvelumme toteutuu Rotarys\u00e4\u00e4ti\u00f6mme koordinoimana ja hyv\u00e4ksyttyjen kumppaneiden kanssa. Alla on kuvattu Uskelan Rotaryklubin projekteja ja toimintaa paikallisesti. &nbsp; Talvitapahtuma kehitysvammaisille: Uskelan rotaryklubin j\u00e4senet Pekka Vuori ja Heikki Nieminen olivat my\u00f6s Salon Ratsastusseura ry:n puuhamiehi\u00e4. [&hellip;]","og_url":"https:\/\/rotary.fi\/uskela\/mita-teemme\/projektit\/","og_site_name":"Uskelan Rotaryklubi","article_modified_time":"2025-02-04T07:54:14+00:00","twitter_card":"summary_large_image","twitter_misc":{"Arvioitu lukuaika":"6 minuuttia"},"schema":{"@context":"https:\/\/schema.org","@graph":[{"@type":"WebPage","@id":"https:\/\/rotary.fi\/uskela\/mita-teemme\/projektit\/","url":"https:\/\/rotary.fi\/uskela\/mita-teemme\/projektit\/","name":"Projektit ja toiminta - Uskelan Rotaryklubi","isPartOf":{"@id":"https:\/\/rotary.fi\/uskela\/#website"},"datePublished":"2018-08-13T06:46:59+00:00","dateModified":"2025-02-04T07:54:14+00:00","breadcrumb":{"@id":"https:\/\/rotary.fi\/uskela\/mita-teemme\/projektit\/#breadcrumb"},"inLanguage":"fi","potentialAction":[{"@type":"ReadAction","target":["https:\/\/rotary.fi\/uskela\/mita-teemme\/projektit\/"]}]},{"@type":"BreadcrumbList","@id":"https:\/\/rotary.fi\/uskela\/mita-teemme\/projektit\/#breadcrumb","itemListElement":[{"@type":"ListItem","position":1,"name":"Home","item":"https:\/\/rotary.fi\/uskela\/"},{"@type":"ListItem","position":2,"name":"Mit\u00e4 teemme","item":"https:\/\/rotary.fi\/uskela\/mita-teemme\/"},{"@type":"ListItem","position":3,"name":"Projektit ja toiminta"}]},{"@type":"WebSite","@id":"https:\/\/rotary.fi\/uskela\/#website","url":"https:\/\/rotary.fi\/uskela\/","name":"Uskelan Rotaryklubi","description":"Salossa toimivan Uskelan Rotaryklubin sivusto","potentialAction":[{"@type":"SearchAction","target":{"@type":"EntryPoint","urlTemplate":"https:\/\/rotary.fi\/uskela\/?s={search_term_string}"},"query-input":{"@type":"PropertyValueSpecification","valueRequired":true,"valueName":"search_term_string"}}],"inLanguage":"fi"}]}},"lang":"fi","translations":{"fi":156},"pll_sync_post":[],"_links":{"self":[{"href":"https:\/\/rotary.fi\/uskela\/wp-json\/wp\/v2\/pages\/156","targetHints":{"allow":["GET"]}}],"collection":[{"href":"https:\/\/rotary.fi\/uskela\/wp-json\/wp\/v2\/pages"}],"about":[{"href":"https:\/\/rotary.fi\/uskela\/wp-json\/wp\/v2\/types\/page"}],"author":[{"embeddable":true,"href":"https:\/\/rotary.fi\/uskela\/wp-json\/wp\/v2\/users\/1"}],"replies":[{"embeddable":true,"href":"https:\/\/rotary.fi\/uskela\/wp-json\/wp\/v2\/comments?post=156"}],"version-history":[{"count":9,"href":"https:\/\/rotary.fi\/uskela\/wp-json\/wp\/v2\/pages\/156\/revisions"}],"predecessor-version":[{"id":1755,"href":"https:\/\/rotary.fi\/uskela\/wp-json\/wp\/v2\/pages\/156\/revisions\/1755"}],"up":[{"embeddable":true,"href":"https:\/\/rotary.fi\/uskela\/wp-json\/wp\/v2\/pages\/77"}],"wp:attachment":[{"href":"https:\/\/rotary.fi\/uskela\/wp-json\/wp\/v2\/media?parent=156"}],"curies":[{"name":"wp","href":"https:\/\/api.w.org\/{rel}","templated":true}]}}