{"id":132,"date":"2018-08-10T13:59:56","date_gmt":"2018-08-10T10:59:56","guid":{"rendered":"https:\/\/rotary.fi\/klubi2\/?page_id=132"},"modified":"2025-08-04T09:18:39","modified_gmt":"2025-08-04T06:18:39","slug":"hallitus-ja-toimihenkilot","status":"publish","type":"page","link":"https:\/\/rotary.fi\/uskela\/keita-olemme\/hallitus-ja-toimihenkilot\/","title":{"rendered":"Hallitus ja toimihenkil\u00f6t"},"content":{"rendered":"<p>[et_pb_section fb_built=&#8221;1&#8243; module_class=&#8221;jumbotron-page&#8221; _builder_version=&#8221;4.16&#8243; background_image=&#8221;https:\/\/rotary.fi\/uskela\/wp-content\/uploads\/sites\/261\/2018\/10\/rotary_klubit_alasivu_paakuva_12.jpg&#8221; global_colors_info=&#8221;{}&#8221;][et_pb_row _builder_version=&#8221;4.16&#8243; background_size=&#8221;initial&#8221; background_position=&#8221;top_left&#8221; background_repeat=&#8221;repeat&#8221; global_colors_info=&#8221;{}&#8221;][et_pb_column type=&#8221;4_4&#8243; _builder_version=&#8221;4.16&#8243; custom_padding=&#8221;|||&#8221; global_colors_info=&#8221;{}&#8221; custom_padding__hover=&#8221;|||&#8221;][et_pb_text admin_label=&#8221;P\u00e4\u00e4otsikko&#8221; _builder_version=&#8221;4.16&#8243; text_orientation=&#8221;center&#8221; background_layout=&#8221;dark&#8221; global_colors_info=&#8221;{}&#8221;]<\/p>\n<h1>Hallitus ja toimihenkil\u00f6t<\/h1>\n<p>[\/et_pb_text][\/et_pb_column][\/et_pb_row][\/et_pb_section][et_pb_section fb_built=&#8221;1&#8243; specialty=&#8221;on&#8221; module_class_2=&#8221;sivupalkki&#8221; _builder_version=&#8221;4.16&#8243; global_colors_info=&#8221;{}&#8221;][et_pb_column type=&#8221;2_3&#8243; specialty_columns=&#8221;2&#8243; _builder_version=&#8221;4.16&#8243; custom_padding=&#8221;|||&#8221; global_colors_info=&#8221;{}&#8221; parallax__hover=&#8221;off&#8221; parallax_method__hover=&#8221;on&#8221; custom_padding__hover=&#8221;|||&#8221;][et_pb_row_inner admin_label=&#8221;Rivi&#8221; _builder_version=&#8221;4.16&#8243; global_colors_info=&#8221;{}&#8221;][et_pb_column_inner saved_specialty_column_type=&#8221;2_3&#8243; _builder_version=&#8221;4.16&#8243; custom_padding=&#8221;|||&#8221; global_colors_info=&#8221;{}&#8221; parallax__hover=&#8221;off&#8221; parallax_method__hover=&#8221;on&#8221; custom_padding__hover=&#8221;|||&#8221;][et_pb_text admin_label=&#8221;Otsikko&#8221; _builder_version=&#8221;4.16&#8243; text_orientation=&#8221;center&#8221; global_colors_info=&#8221;{}&#8221;]<\/p>\n<h1>Hallitus ja toimihenkil\u00f6t<\/h1>\n<p>[\/et_pb_text][\/et_pb_column_inner][\/et_pb_row_inner][et_pb_row_inner column_structure=&#8221;1_2,1_2&#8243; admin_label=&#8221;Rivi&#8221; _builder_version=&#8221;4.16&#8243; global_colors_info=&#8221;{}&#8221;][et_pb_column_inner type=&#8221;1_2&#8243; saved_specialty_column_type=&#8221;2_3&#8243; _builder_version=&#8221;4.16&#8243; custom_padding=&#8221;|||&#8221; global_colors_info=&#8221;{}&#8221; parallax__hover=&#8221;off&#8221; parallax_method__hover=&#8221;on&#8221; custom_padding__hover=&#8221;|||&#8221;][et_pb_team_member name=&#8221;Rauno Aavasalo&#8221; position=&#8221;Presidentti&#8221; admin_label=&#8221;Presidentti&#8221; _builder_version=&#8221;4.27.4&#8243; global_colors_info=&#8221;{}&#8221;]<\/p>\n<p>Uskelan rotaryklubin presidentti<br \/>p. 044 331 8238<br \/>S\u00e4hk\u00f6posti: <a href=\"mailto:salorane@hotmail.com\">salorane@hotmail.com<\/a><\/p>\n<p>[\/et_pb_team_member][\/et_pb_column_inner][et_pb_column_inner type=&#8221;1_2&#8243; saved_specialty_column_type=&#8221;2_3&#8243; _builder_version=&#8221;4.16&#8243; custom_padding=&#8221;|||&#8221; global_colors_info=&#8221;{}&#8221; parallax__hover=&#8221;off&#8221; parallax_method__hover=&#8221;on&#8221; custom_padding__hover=&#8221;|||&#8221;][et_pb_text _builder_version=&#8221;4.27.4&#8243; hover_enabled=&#8221;0&#8243; global_colors_info=&#8221;{}&#8221; sticky_enabled=&#8221;0&#8243;]<\/p>\n<h2>Hallitus<\/h2>\n<p><strong>Presidentti 2025-2026 <\/strong>Rauno Aavasalo<br \/><strong>Varapresidentti<\/strong> n.n.<br \/><strong>Past presidentti<\/strong> Kalle R\u00e4ike<br \/><strong>1. sihteeri<\/strong> Marjatta Hyttinen<br \/><strong>2. sihteeri<\/strong> Vesa Leino<br \/><strong>Klubimestari ja tiedotus<\/strong>\u00a0Tarja Hiltunen<br \/><strong>Rahastonhoitaja<\/strong> Jyrki Moilanen<br \/><strong>Nuorisovaihtovastaava<\/strong>\u00a0Pia Simola<\/p>\n<h2>Nuorisovaihtotoimikunta<\/h2>\n<p><strong>Puheenjohtaja<\/strong> Pia Simola<\/p>\n<h2>Yhteiskuntapalvelutoimikunta<\/h2>\n<p><strong>Puheenjohtaja<\/strong> Arto Mustonen<\/p>\n<h2>Julkisuuskuvatoimikunta<\/h2>\n<p><strong>Puheenjohtaja<\/strong> Tarja Hiltunen<\/p>\n<h2>Rotarys\u00e4\u00e4ti\u00f6toimikunta<\/h2>\n<p><strong>Puheenjohtaja<\/strong> Kirsti Kirjonen<\/p>\n<h2>Luokitevastaava<\/h2>\n<p>Kari Heinonen<\/p>\n<p>[\/et_pb_text][\/et_pb_column_inner][\/et_pb_row_inner][\/et_pb_column][et_pb_column type=&#8221;1_3&#8243; module_class=&#8221;sivupalkki&#8221; _builder_version=&#8221;4.16&#8243; custom_padding=&#8221;|||&#8221; global_colors_info=&#8221;{}&#8221; parallax__hover=&#8221;off&#8221; parallax_method__hover=&#8221;on&#8221; module_class__hover=&#8221;sivupalkki&#8221; custom_padding__hover=&#8221;|||&#8221;][et_pb_sidebar area=&#8221;sidebar-1&#8243; module_class=&#8221;sivupalkki_sisalto&#8221; _builder_version=&#8221;4.16&#8243; locked=&#8221;on&#8221; global_colors_info=&#8221;{}&#8221;]<\/p>\n<p>[\/et_pb_sidebar][\/et_pb_column][\/et_pb_section]<\/p>\n","protected":false},"excerpt":{"rendered":"<p>Hallitus ja toimihenkil\u00f6t Hallitus ja toimihenkil\u00f6t Uskelan rotaryklubin presidenttip. 044 331 8238S\u00e4hk\u00f6posti: salorane@hotmail.comHallitus Presidentti 2025-2026 Rauno AavasaloVarapresidentti n.n.Past presidentti Kalle R\u00e4ike1. sihteeri Marjatta Hyttinen2. sihteeri Vesa LeinoKlubimestari ja tiedotus\u00a0Tarja HiltunenRahastonhoitaja Jyrki MoilanenNuorisovaihtovastaava\u00a0Pia Simola Nuorisovaihtotoimikunta Puheenjohtaja Pia Simola Yhteiskuntapalvelutoimikunta Puheenjohtaja Arto Mustonen Julkisuuskuvatoimikunta Puheenjohtaja Tarja Hiltunen Rotarys\u00e4\u00e4ti\u00f6toimikunta Puheenjohtaja Kirsti Kirjonen Luokitevastaava Kari Heinonen<\/p>\n","protected":false},"author":1,"featured_media":0,"parent":129,"menu_order":0,"comment_status":"closed","ping_status":"closed","template":"","meta":{"_acf_changed":false,"_et_pb_use_builder":"on","_et_pb_old_content":"","_et_gb_content_width":"","footnotes":""},"class_list":["post-132","page","type-page","status-publish","hentry"],"acf":[],"yoast_head":"<!-- This site is optimized with the Yoast SEO plugin v27.4 - https:\/\/yoast.com\/product\/yoast-seo-wordpress\/ -->\n<title>Hallitus ja toimihenkil\u00f6t - Uskelan Rotaryklubi<\/title>\n<meta name=\"robots\" content=\"index, follow, max-snippet:-1, max-image-preview:large, max-video-preview:-1\" \/>\n<link rel=\"canonical\" href=\"https:\/\/rotary.fi\/uskela\/keita-olemme\/hallitus-ja-toimihenkilot\/\" \/>\n<meta property=\"og:locale\" content=\"fi_FI\" \/>\n<meta property=\"og:type\" content=\"article\" \/>\n<meta property=\"og:title\" content=\"Hallitus ja toimihenkil\u00f6t - Uskelan Rotaryklubi\" \/>\n<meta property=\"og:description\" content=\"Hallitus ja toimihenkil\u00f6t Hallitus ja toimihenkil\u00f6t Uskelan rotaryklubin presidenttip. 044 331 8238S\u00e4hk\u00f6posti: salorane@hotmail.comHallitus Presidentti 2025-2026 Rauno AavasaloVarapresidentti n.n.Past presidentti Kalle R\u00e4ike1. sihteeri Marjatta Hyttinen2. sihteeri Vesa LeinoKlubimestari ja tiedotus\u00a0Tarja HiltunenRahastonhoitaja Jyrki MoilanenNuorisovaihtovastaava\u00a0Pia Simola Nuorisovaihtotoimikunta Puheenjohtaja Pia Simola Yhteiskuntapalvelutoimikunta Puheenjohtaja Arto Mustonen Julkisuuskuvatoimikunta Puheenjohtaja Tarja Hiltunen Rotarys\u00e4\u00e4ti\u00f6toimikunta Puheenjohtaja Kirsti Kirjonen Luokitevastaava Kari Heinonen\" \/>\n<meta property=\"og:url\" content=\"https:\/\/rotary.fi\/uskela\/keita-olemme\/hallitus-ja-toimihenkilot\/\" \/>\n<meta property=\"og:site_name\" content=\"Uskelan Rotaryklubi\" \/>\n<meta property=\"article:modified_time\" content=\"2025-08-04T06:18:39+00:00\" \/>\n<meta name=\"twitter:card\" content=\"summary_large_image\" \/>\n<meta name=\"twitter:label1\" content=\"Arvioitu lukuaika\" \/>\n\t<meta name=\"twitter:data1\" content=\"1 minuutti\" \/>\n<script type=\"application\/ld+json\" class=\"yoast-schema-graph\">{\"@context\":\"https:\\\/\\\/schema.org\",\"@graph\":[{\"@type\":\"WebPage\",\"@id\":\"https:\\\/\\\/rotary.fi\\\/uskela\\\/keita-olemme\\\/hallitus-ja-toimihenkilot\\\/\",\"url\":\"https:\\\/\\\/rotary.fi\\\/uskela\\\/keita-olemme\\\/hallitus-ja-toimihenkilot\\\/\",\"name\":\"Hallitus ja toimihenkil\u00f6t - Uskelan Rotaryklubi\",\"isPartOf\":{\"@id\":\"https:\\\/\\\/rotary.fi\\\/uskela\\\/#website\"},\"datePublished\":\"2018-08-10T10:59:56+00:00\",\"dateModified\":\"2025-08-04T06:18:39+00:00\",\"breadcrumb\":{\"@id\":\"https:\\\/\\\/rotary.fi\\\/uskela\\\/keita-olemme\\\/hallitus-ja-toimihenkilot\\\/#breadcrumb\"},\"inLanguage\":\"fi\",\"potentialAction\":[{\"@type\":\"ReadAction\",\"target\":[\"https:\\\/\\\/rotary.fi\\\/uskela\\\/keita-olemme\\\/hallitus-ja-toimihenkilot\\\/\"]}]},{\"@type\":\"BreadcrumbList\",\"@id\":\"https:\\\/\\\/rotary.fi\\\/uskela\\\/keita-olemme\\\/hallitus-ja-toimihenkilot\\\/#breadcrumb\",\"itemListElement\":[{\"@type\":\"ListItem\",\"position\":1,\"name\":\"Home\",\"item\":\"https:\\\/\\\/rotary.fi\\\/uskela\\\/\"},{\"@type\":\"ListItem\",\"position\":2,\"name\":\"Keit\u00e4 olemme\",\"item\":\"https:\\\/\\\/rotary.fi\\\/uskela\\\/keita-olemme\\\/\"},{\"@type\":\"ListItem\",\"position\":3,\"name\":\"Hallitus ja toimihenkil\u00f6t\"}]},{\"@type\":\"WebSite\",\"@id\":\"https:\\\/\\\/rotary.fi\\\/uskela\\\/#website\",\"url\":\"https:\\\/\\\/rotary.fi\\\/uskela\\\/\",\"name\":\"Uskelan Rotaryklubi\",\"description\":\"Salossa toimivan Uskelan Rotaryklubin sivusto\",\"potentialAction\":[{\"@type\":\"SearchAction\",\"target\":{\"@type\":\"EntryPoint\",\"urlTemplate\":\"https:\\\/\\\/rotary.fi\\\/uskela\\\/?s={search_term_string}\"},\"query-input\":{\"@type\":\"PropertyValueSpecification\",\"valueRequired\":true,\"valueName\":\"search_term_string\"}}],\"inLanguage\":\"fi\"}]}<\/script>\n<!-- \/ Yoast SEO plugin. -->","yoast_head_json":{"title":"Hallitus ja toimihenkil\u00f6t - Uskelan Rotaryklubi","robots":{"index":"index","follow":"follow","max-snippet":"max-snippet:-1","max-image-preview":"max-image-preview:large","max-video-preview":"max-video-preview:-1"},"canonical":"https:\/\/rotary.fi\/uskela\/keita-olemme\/hallitus-ja-toimihenkilot\/","og_locale":"fi_FI","og_type":"article","og_title":"Hallitus ja toimihenkil\u00f6t - Uskelan Rotaryklubi","og_description":"Hallitus ja toimihenkil\u00f6t Hallitus ja toimihenkil\u00f6t Uskelan rotaryklubin presidenttip. 044 331 8238S\u00e4hk\u00f6posti: salorane@hotmail.comHallitus Presidentti 2025-2026 Rauno AavasaloVarapresidentti n.n.Past presidentti Kalle R\u00e4ike1. sihteeri Marjatta Hyttinen2. sihteeri Vesa LeinoKlubimestari ja tiedotus\u00a0Tarja HiltunenRahastonhoitaja Jyrki MoilanenNuorisovaihtovastaava\u00a0Pia Simola Nuorisovaihtotoimikunta Puheenjohtaja Pia Simola Yhteiskuntapalvelutoimikunta Puheenjohtaja Arto Mustonen Julkisuuskuvatoimikunta Puheenjohtaja Tarja Hiltunen Rotarys\u00e4\u00e4ti\u00f6toimikunta Puheenjohtaja Kirsti Kirjonen Luokitevastaava Kari Heinonen","og_url":"https:\/\/rotary.fi\/uskela\/keita-olemme\/hallitus-ja-toimihenkilot\/","og_site_name":"Uskelan Rotaryklubi","article_modified_time":"2025-08-04T06:18:39+00:00","twitter_card":"summary_large_image","twitter_misc":{"Arvioitu lukuaika":"1 minuutti"},"schema":{"@context":"https:\/\/schema.org","@graph":[{"@type":"WebPage","@id":"https:\/\/rotary.fi\/uskela\/keita-olemme\/hallitus-ja-toimihenkilot\/","url":"https:\/\/rotary.fi\/uskela\/keita-olemme\/hallitus-ja-toimihenkilot\/","name":"Hallitus ja toimihenkil\u00f6t - Uskelan Rotaryklubi","isPartOf":{"@id":"https:\/\/rotary.fi\/uskela\/#website"},"datePublished":"2018-08-10T10:59:56+00:00","dateModified":"2025-08-04T06:18:39+00:00","breadcrumb":{"@id":"https:\/\/rotary.fi\/uskela\/keita-olemme\/hallitus-ja-toimihenkilot\/#breadcrumb"},"inLanguage":"fi","potentialAction":[{"@type":"ReadAction","target":["https:\/\/rotary.fi\/uskela\/keita-olemme\/hallitus-ja-toimihenkilot\/"]}]},{"@type":"BreadcrumbList","@id":"https:\/\/rotary.fi\/uskela\/keita-olemme\/hallitus-ja-toimihenkilot\/#breadcrumb","itemListElement":[{"@type":"ListItem","position":1,"name":"Home","item":"https:\/\/rotary.fi\/uskela\/"},{"@type":"ListItem","position":2,"name":"Keit\u00e4 olemme","item":"https:\/\/rotary.fi\/uskela\/keita-olemme\/"},{"@type":"ListItem","position":3,"name":"Hallitus ja toimihenkil\u00f6t"}]},{"@type":"WebSite","@id":"https:\/\/rotary.fi\/uskela\/#website","url":"https:\/\/rotary.fi\/uskela\/","name":"Uskelan Rotaryklubi","description":"Salossa toimivan Uskelan Rotaryklubin sivusto","potentialAction":[{"@type":"SearchAction","target":{"@type":"EntryPoint","urlTemplate":"https:\/\/rotary.fi\/uskela\/?s={search_term_string}"},"query-input":{"@type":"PropertyValueSpecification","valueRequired":true,"valueName":"search_term_string"}}],"inLanguage":"fi"}]}},"lang":"fi","translations":{"fi":132},"pll_sync_post":[],"_links":{"self":[{"href":"https:\/\/rotary.fi\/uskela\/wp-json\/wp\/v2\/pages\/132","targetHints":{"allow":["GET"]}}],"collection":[{"href":"https:\/\/rotary.fi\/uskela\/wp-json\/wp\/v2\/pages"}],"about":[{"href":"https:\/\/rotary.fi\/uskela\/wp-json\/wp\/v2\/types\/page"}],"author":[{"embeddable":true,"href":"https:\/\/rotary.fi\/uskela\/wp-json\/wp\/v2\/users\/1"}],"replies":[{"embeddable":true,"href":"https:\/\/rotary.fi\/uskela\/wp-json\/wp\/v2\/comments?post=132"}],"version-history":[{"count":9,"href":"https:\/\/rotary.fi\/uskela\/wp-json\/wp\/v2\/pages\/132\/revisions"}],"predecessor-version":[{"id":1862,"href":"https:\/\/rotary.fi\/uskela\/wp-json\/wp\/v2\/pages\/132\/revisions\/1862"}],"up":[{"embeddable":true,"href":"https:\/\/rotary.fi\/uskela\/wp-json\/wp\/v2\/pages\/129"}],"wp:attachment":[{"href":"https:\/\/rotary.fi\/uskela\/wp-json\/wp\/v2\/media?parent=132"}],"curies":[{"name":"wp","href":"https:\/\/api.w.org\/{rel}","templated":true}]}}