{"id":94,"date":"2018-08-09T15:14:30","date_gmt":"2018-08-09T12:14:30","guid":{"rendered":"https:\/\/rotary.fi\/klubi2\/?page_id=94"},"modified":"2018-11-27T10:46:12","modified_gmt":"2018-11-27T08:46:12","slug":"ajankohtaista","status":"publish","type":"page","link":"https:\/\/rotary.fi\/turunlinna\/ajankohtaista\/","title":{"rendered":"Ajankohtaista"},"content":{"rendered":"<p>[et_pb_section bb_built=&#8221;1&#8243; _builder_version=&#8221;3.4.1&#8243; background_image=&#8221;https:\/\/rotary.fi\/wp-content\/uploads\/2018\/02\/paakuva-sisasivu1.jpg&#8221; next_background_color=&#8221;#ffffff&#8221; module_class=&#8221;jumbotron-page&#8221;][et_pb_row][et_pb_column type=&#8221;4_4&#8243;][et_pb_text admin_label=&#8221;P\u00e4\u00e4otsikko&#8221; _builder_version=&#8221;3.4.1&#8243; text_orientation=&#8221;center&#8221; background_layout=&#8221;dark&#8221;]<\/p>\n<h1>Ajankohtaista<\/h1>\n<p>[\/et_pb_text][\/et_pb_column][\/et_pb_row][\/et_pb_section][et_pb_section bb_built=&#8221;1&#8243; specialty=&#8221;on&#8221; prev_background_color=&#8221;#000000&#8243; _builder_version=&#8221;3.4.1&#8243; module_class_2=&#8221;sivupalkki&#8221; locked=&#8221;on&#8221;][et_pb_column type=&#8221;2_3&#8243; specialty_columns=&#8221;2&#8243;][et_pb_row_inner admin_label=&#8221;Rivi&#8221; locked=&#8221;on&#8221; parent_locked=&#8221;on&#8221;][et_pb_column_inner type=&#8221;4_4&#8243; saved_specialty_column_type=&#8221;2_3&#8243;][et_pb_text admin_label=&#8221;Otsikko&#8221; _builder_version=&#8221;3.4.1&#8243; text_orientation=&#8221;center&#8221; parent_locked=&#8221;on&#8221;]<\/p>\n<h1>Ajankohtaista<\/h1>\n<p>[\/et_pb_text][et_pb_code admin_label=&#8221;Ajankohtaisten listaus&#8221; _builder_version=&#8221;3.17.6&#8243; module_class=&#8221;kaikki_ajankohtaiset&#8221; parent_locked=&#8221;on&#8221;]<ul class=\"display-posts-listing\"><li class=\"listing-item\"><a class=\"title\" href=\"https:\/\/rotary.fi\/turunlinna\/ajankohtaiset\/kevatkausi-2026-alkaa-torstaina-15-1-tervetuloa\/\">Kev\u00e4tkausi 2026  alkaa torstaina 15.1. -tervetuloa!<\/a> <span class=\"date\">8.1. 2026<\/span><\/li><li class=\"listing-item\"><a class=\"title\" href=\"https:\/\/rotary.fi\/turunlinna\/ajankohtaiset\/turun-linnan-rotaryklubin-syyskausi-alkaa-28-8-2025\/\">Turun Linnan Rotaryklubin syyskausi alkaa 28.8.2025<\/a> <span class=\"date\">20.8. 2025<\/span><\/li><li class=\"listing-item\"><a class=\"title\" href=\"https:\/\/rotary.fi\/turunlinna\/ajankohtaiset\/turun-linnan-rotareiden-syyskausi-alkaa-29-8-2024\/\">Turun Linnan Rotareiden syyskausi alkaa 29.8. 2024<\/a> <span class=\"date\">19.8. 2024<\/span><\/li><li class=\"listing-item\"><a class=\"title\" href=\"https:\/\/rotary.fi\/turunlinna\/ajankohtaiset\/kevatkausi-2024-alkaa-11-1-tervetuloa\/\">Kev\u00e4tkausi 2024 alkaa 11.1.- tervetuloa!<\/a> <span class=\"date\">2.1. 2024<\/span><\/li><li class=\"listing-item\"><a class=\"title\" href=\"https:\/\/rotary.fi\/turunlinna\/ajankohtaiset\/haku-ryla-koulutukseen-viimeistaan-20-9\/\">Haku RYLA-koulutukseen viimeist\u00e4\u00e4n 20.9.<\/a> <span class=\"date\">13.9. 2023<\/span><\/li><li class=\"listing-item\"><a class=\"title\" href=\"https:\/\/rotary.fi\/turunlinna\/ajankohtaiset\/haku-nuorisovaihtoon-30-9-2023-mennessa\/\">Haku nuorisovaihtoon 30.9.2023 menness\u00e4<\/a> <span class=\"date\">2.9. 2023<\/span><\/li><li class=\"listing-item\"><a class=\"title\" href=\"https:\/\/rotary.fi\/turunlinna\/ajankohtaiset\/uusi-rotarykausi-on-alkanut-syksyn-ohjelma-julkaistu\/\">Uusi rotarykausi on alkanut, syksyn ohjelma julkaistu!<\/a> <span class=\"date\">21.8. 2023<\/span><\/li><li class=\"listing-item\"><a class=\"title\" href=\"https:\/\/rotary.fi\/turunlinna\/ajankohtaiset\/turun-linnan-rotaryklubi-kesaretkeili-tuorlaan\/\">Turun Linnan Rotaryklubi kes\u00e4retkeili Tuorlaan<\/a> <span class=\"date\">12.7. 2023<\/span><\/li><li class=\"listing-item\"><a class=\"title\" href=\"https:\/\/rotary.fi\/turunlinna\/ajankohtaiset\/turun-linnan-rotaryt-70-vuotta-juhlajulkaisu-on-ilmestynyt\/\">Turun Linnan Rotaryt 70- vuotta juhlajulkaisu on ilmestynyt<\/a> <span class=\"date\">16.1. 2023<\/span><\/li><li class=\"listing-item\"><a class=\"title\" href=\"https:\/\/rotary.fi\/turunlinna\/ajankohtaiset\/viikkokousohjelma-kevaalle-on-julkaistu-tervetuloa\/\">Kev\u00e4\u00e4n viikkokousohjelma  on julkaistu, tervetuloa!<\/a> <span class=\"date\">16.1. 2023<\/span><\/li><li class=\"listing-item\"><a class=\"title\" href=\"https:\/\/rotary.fi\/turunlinna\/ajankohtaiset\/kakolan-kirkkosalissa-juhlittiin-ja-nautittiin\/\">Juhlavaa tunnelmaa Turun Linnan Rotaryt 70- vuotta illallisella<\/a> <span class=\"date\">21.9. 2022<\/span><\/li><li class=\"listing-item\"><a class=\"title\" href=\"https:\/\/rotary.fi\/turunlinna\/ajankohtaiset\/rotarykausi-alkaa-18-8-syksyn-ohjelman-esittelylla\/\">Rotarykausi alkaa 18.8. syksyn ohjelman esittelyll\u00e4<\/a> <span class=\"date\">2.8. 2022<\/span><\/li><li class=\"listing-item\"><a class=\"title\" href=\"https:\/\/rotary.fi\/turunlinna\/ajankohtaiset\/upea-rotaryvuosi-paatettiin-taiteen-ja-musiikin-tunnelmiin\/\">Upea rotaryvuosi  p\u00e4\u00e4tettiin taiteen ja musiikin tunnelmiin<\/a> <span class=\"date\">20.6. 2022<\/span><\/li><li class=\"listing-item\"><a class=\"title\" href=\"https:\/\/rotary.fi\/turunlinna\/ajankohtaiset\/seija-grenmanille-toinen-phf-tunnustus\/\">Seija Gr\u00e9nmanille toinen PHF-tunnustus<\/a> <span class=\"date\">2.5. 2022<\/span><\/li><li class=\"listing-item\"><a class=\"title\" href=\"https:\/\/rotary.fi\/turunlinna\/ajankohtaiset\/sakari-alhopurosta-kunniajasen\/\">Sakari Alhopurosta kunniaj\u00e4sen<\/a> <span class=\"date\">21.2. 2022<\/span><\/li><li class=\"listing-item\"><a class=\"title\" href=\"https:\/\/rotary.fi\/turunlinna\/ajankohtaiset\/vuosi-2022-on-kaynnistynyt-hienolla-ohjelmalla\/\">Vuosi 2022 on k\u00e4ynnistynyt hienolla ohjelmalla<\/a> <span class=\"date\">21.2. 2022<\/span><\/li><li class=\"listing-item\"><a class=\"title\" href=\"https:\/\/rotary.fi\/turunlinna\/ajankohtaiset\/majakkasairaala-vastaanotti-taidelahjoituksen\/\">Majakkasairaala vastaanotti taideteoksen<\/a> <span class=\"date\">24.1. 2022<\/span><\/li><li class=\"listing-item\"><a class=\"title\" href=\"https:\/\/rotary.fi\/turunlinna\/ajankohtaiset\/majakkasairaalaan-taideteos-alueen-rotaryklubien-lahjoituksena\/\">Majakkasairaalaan taideteos alueen Rotaryklubien lahjoituksena<\/a> <span class=\"date\">14.1. 2022<\/span><\/li><li class=\"listing-item\"><a class=\"title\" href=\"https:\/\/rotary.fi\/turunlinna\/ajankohtaiset\/taideteos-majakkasairaalalle-seminaari-20-1-2022-tervetuloa-linjoille\/\">Taideteos Majakkasairaalalle &#8211; seminaari 20.1.2022 -tervetuloa linjoille<\/a> <span class=\"date\">13.1. 2022<\/span><\/li><li class=\"listing-item\"><a class=\"title\" href=\"https:\/\/rotary.fi\/turunlinna\/ajankohtaiset\/muutoksia-kevaan-ohjelmaan\/\">Muutoksia kev\u00e4\u00e4n ohjelmaan<\/a> <span class=\"date\">10.1. 2022<\/span><\/li><li class=\"listing-item\"><a class=\"title\" href=\"https:\/\/rotary.fi\/turunlinna\/ajankohtaiset\/metsansiimes-teos-ripustettiin-majakkasairaalan-aulaan\/\">Mets\u00e4nsiimes- teos ripustettiin Majakkasairaalan aulaan<\/a> <span class=\"date\">12.11. 2021<\/span><\/li><li class=\"listing-item\"><a class=\"title\" href=\"https:\/\/rotary.fi\/turunlinna\/ajankohtaiset\/syyskokous-ja-pitka-lounas-21-10-klo-15-00\/\">Muista ilmoittautua! Syyskokous ja pitk\u00e4 lounas 21.10. klo 15.00<\/a> <span class=\"date\">12.10. 2021<\/span><\/li><li class=\"listing-item\"><a class=\"title\" href=\"https:\/\/rotary.fi\/turunlinna\/ajankohtaiset\/tanaan-7-10-klubikokous\/\">T\u00e4n\u00e4\u00e4n 7.10. Klubikokous<\/a> <span class=\"date\">7.10. 2021<\/span><\/li><li class=\"listing-item\"><a class=\"title\" href=\"https:\/\/rotary.fi\/turunlinna\/ajankohtaiset\/majakkasairaala-odottaa-jo-tauluja\/\">Majakkasairaala odottaa jo tauluja<\/a> <span class=\"date\">1.10. 2021<\/span><\/li><li class=\"listing-item\"><a class=\"title\" href=\"https:\/\/rotary.fi\/turunlinna\/ajankohtaiset\/syksyn-2021-kokoukset-ovat-alkaneet\/\">Syksyn 2021 kokoukset ovat alkaneet<\/a> <span class=\"date\">25.8. 2021<\/span><\/li><li class=\"listing-item\"><a class=\"title\" href=\"https:\/\/rotary.fi\/turunlinna\/ajankohtaiset\/nuorisovaihto-keskeytetty-kaudelle-2021-2022\/\">Nuorisovaihto jatkuu syksyll\u00e4 2022<\/a> <span class=\"date\">22.4. 2021<\/span><\/li><li class=\"listing-item\"><a class=\"title\" href=\"https:\/\/rotary.fi\/turunlinna\/ajankohtaiset\/majakkasairaalan-taideprojekti-etenee\/\">Majakkasairaalan taideprojekti etenee<\/a> <span class=\"date\">22.4. 2021<\/span><\/li><li class=\"listing-item\"><a class=\"title\" href=\"https:\/\/rotary.fi\/turunlinna\/ajankohtaiset\/kevaan-2019-viikko-ohjelma\/\">Kev\u00e4\u00e4n 2021 kokoukset verkossa koronarajoitusten takia<\/a> <span class=\"date\">6.4. 2021<\/span><\/li><\/ul>[\/et_pb_code][\/et_pb_column_inner][\/et_pb_row_inner][\/et_pb_column][et_pb_column type=&#8221;1_3&#8243;][et_pb_sidebar _builder_version=&#8221;3.4.1&#8243; area=&#8221;sidebar-1&#8243; module_class=&#8221;sivupalkki_sisalto&#8221; parent_locked=&#8221;on&#8221; \/][\/et_pb_column][\/et_pb_section]<\/p>\n","protected":false},"excerpt":{"rendered":"<p>[et_pb_section bb_built=&#8221;1&#8243; _builder_version=&#8221;3.4.1&#8243; background_image=&#8221;https:\/\/rotary.fi\/wp-content\/uploads\/2018\/02\/paakuva-sisasivu1.jpg&#8221; next_background_color=&#8221;#ffffff&#8221; module_class=&#8221;jumbotron-page&#8221;][et_pb_row][et_pb_column type=&#8221;4_4&#8243;][et_pb_text admin_label=&#8221;P\u00e4\u00e4otsikko&#8221; _builder_version=&#8221;3.4.1&#8243; text_orientation=&#8221;center&#8221; background_layout=&#8221;dark&#8221;] Ajankohtaista [\/et_pb_text][\/et_pb_column][\/et_pb_row][\/et_pb_section][et_pb_section bb_built=&#8221;1&#8243; specialty=&#8221;on&#8221; prev_background_color=&#8221;#000000&#8243; _builder_version=&#8221;3.4.1&#8243; module_class_2=&#8221;sivupalkki&#8221; locked=&#8221;on&#8221;][et_pb_column type=&#8221;2_3&#8243; specialty_columns=&#8221;2&#8243;][et_pb_row_inner admin_label=&#8221;Rivi&#8221; locked=&#8221;on&#8221; parent_locked=&#8221;on&#8221;][et_pb_column_inner type=&#8221;4_4&#8243; saved_specialty_column_type=&#8221;2_3&#8243;][et_pb_text admin_label=&#8221;Otsikko&#8221; _builder_version=&#8221;3.4.1&#8243; text_orientation=&#8221;center&#8221; parent_locked=&#8221;on&#8221;] Ajankohtaista [\/et_pb_text][et_pb_code admin_label=&#8221;Ajankohtaisten listaus&#8221; _builder_version=&#8221;3.17.6&#8243; module_class=&#8221;kaikki_ajankohtaiset&#8221; parent_locked=&#8221;on&#8221;][\/et_pb_code][\/et_pb_column_inner][\/et_pb_row_inner][\/et_pb_column][et_pb_column type=&#8221;1_3&#8243;][et_pb_sidebar _builder_version=&#8221;3.4.1&#8243; area=&#8221;sidebar-1&#8243; module_class=&#8221;sivupalkki_sisalto&#8221; parent_locked=&#8221;on&#8221; \/][\/et_pb_column][\/et_pb_section]<\/p>\n","protected":false},"author":1,"featured_media":0,"parent":0,"menu_order":0,"comment_status":"closed","ping_status":"closed","template":"","meta":{"_acf_changed":false,"_et_pb_use_builder":"on","_et_pb_old_content":"","_et_gb_content_width":"","footnotes":""},"class_list":["post-94","page","type-page","status-publish","hentry"],"acf":[],"yoast_head":"<!-- This site is optimized with the Yoast SEO plugin v27.4 - https:\/\/yoast.com\/product\/yoast-seo-wordpress\/ -->\n<title>Ajankohtaista - Turun Linnan Rotaryklubi<\/title>\n<meta name=\"robots\" content=\"index, follow, max-snippet:-1, max-image-preview:large, max-video-preview:-1\" \/>\n<link rel=\"canonical\" href=\"https:\/\/rotary.fi\/turunlinna\/ajankohtaista\/\" \/>\n<meta property=\"og:locale\" content=\"fi_FI\" \/>\n<meta property=\"og:type\" content=\"article\" \/>\n<meta property=\"og:title\" content=\"Ajankohtaista - Turun Linnan Rotaryklubi\" \/>\n<meta property=\"og:description\" content=\"[et_pb_section bb_built=&#8221;1&#8243; _builder_version=&#8221;3.4.1&#8243; background_image=&#8221;https:\/\/rotary.fi\/wp-content\/uploads\/2018\/02\/paakuva-sisasivu1.jpg&#8221; next_background_color=&#8221;#ffffff&#8221; module_class=&#8221;jumbotron-page&#8221;][et_pb_row][et_pb_column type=&#8221;4_4&#8243;][et_pb_text admin_label=&#8221;P\u00e4\u00e4otsikko&#8221; _builder_version=&#8221;3.4.1&#8243; text_orientation=&#8221;center&#8221; background_layout=&#8221;dark&#8221;] Ajankohtaista [\/et_pb_text][\/et_pb_column][\/et_pb_row][\/et_pb_section][et_pb_section bb_built=&#8221;1&#8243; specialty=&#8221;on&#8221; prev_background_color=&#8221;#000000&#8243; _builder_version=&#8221;3.4.1&#8243; module_class_2=&#8221;sivupalkki&#8221; locked=&#8221;on&#8221;][et_pb_column type=&#8221;2_3&#8243; specialty_columns=&#8221;2&#8243;][et_pb_row_inner admin_label=&#8221;Rivi&#8221; locked=&#8221;on&#8221; parent_locked=&#8221;on&#8221;][et_pb_column_inner type=&#8221;4_4&#8243; saved_specialty_column_type=&#8221;2_3&#8243;][et_pb_text admin_label=&#8221;Otsikko&#8221; _builder_version=&#8221;3.4.1&#8243; text_orientation=&#8221;center&#8221; parent_locked=&#8221;on&#8221;] Ajankohtaista [\/et_pb_text][et_pb_code admin_label=&#8221;Ajankohtaisten listaus&#8221; _builder_version=&#8221;3.17.6&#8243; module_class=&#8221;kaikki_ajankohtaiset&#8221; parent_locked=&#8221;on&#8221;][\/et_pb_code][\/et_pb_column_inner][\/et_pb_row_inner][\/et_pb_column][et_pb_column type=&#8221;1_3&#8243;][et_pb_sidebar _builder_version=&#8221;3.4.1&#8243; area=&#8221;sidebar-1&#8243; module_class=&#8221;sivupalkki_sisalto&#8221; parent_locked=&#8221;on&#8221; \/][\/et_pb_column][\/et_pb_section]\" \/>\n<meta property=\"og:url\" content=\"https:\/\/rotary.fi\/turunlinna\/ajankohtaista\/\" \/>\n<meta property=\"og:site_name\" content=\"Turun Linnan Rotaryklubi\" \/>\n<meta property=\"article:modified_time\" content=\"2018-11-27T08:46:12+00:00\" \/>\n<meta name=\"twitter:card\" content=\"summary_large_image\" \/>\n<meta name=\"twitter:label1\" content=\"Arvioitu lukuaika\" \/>\n\t<meta name=\"twitter:data1\" content=\"1 minuutti\" \/>\n<script type=\"application\/ld+json\" class=\"yoast-schema-graph\">{\"@context\":\"https:\\\/\\\/schema.org\",\"@graph\":[{\"@type\":\"WebPage\",\"@id\":\"https:\\\/\\\/rotary.fi\\\/turunlinna\\\/ajankohtaista\\\/\",\"url\":\"https:\\\/\\\/rotary.fi\\\/turunlinna\\\/ajankohtaista\\\/\",\"name\":\"Ajankohtaista - Turun Linnan Rotaryklubi\",\"isPartOf\":{\"@id\":\"https:\\\/\\\/rotary.fi\\\/turunlinna\\\/#website\"},\"datePublished\":\"2018-08-09T12:14:30+00:00\",\"dateModified\":\"2018-11-27T08:46:12+00:00\",\"breadcrumb\":{\"@id\":\"https:\\\/\\\/rotary.fi\\\/turunlinna\\\/ajankohtaista\\\/#breadcrumb\"},\"inLanguage\":\"fi\",\"potentialAction\":[{\"@type\":\"ReadAction\",\"target\":[\"https:\\\/\\\/rotary.fi\\\/turunlinna\\\/ajankohtaista\\\/\"]}]},{\"@type\":\"BreadcrumbList\",\"@id\":\"https:\\\/\\\/rotary.fi\\\/turunlinna\\\/ajankohtaista\\\/#breadcrumb\",\"itemListElement\":[{\"@type\":\"ListItem\",\"position\":1,\"name\":\"Home\",\"item\":\"https:\\\/\\\/rotary.fi\\\/turunlinna\\\/\"},{\"@type\":\"ListItem\",\"position\":2,\"name\":\"Ajankohtaista\"}]},{\"@type\":\"WebSite\",\"@id\":\"https:\\\/\\\/rotary.fi\\\/turunlinna\\\/#website\",\"url\":\"https:\\\/\\\/rotary.fi\\\/turunlinna\\\/\",\"name\":\"Turun Linnan Rotaryklubi\",\"description\":\"Uusi Rotary klubisivusto\",\"potentialAction\":[{\"@type\":\"SearchAction\",\"target\":{\"@type\":\"EntryPoint\",\"urlTemplate\":\"https:\\\/\\\/rotary.fi\\\/turunlinna\\\/?s={search_term_string}\"},\"query-input\":{\"@type\":\"PropertyValueSpecification\",\"valueRequired\":true,\"valueName\":\"search_term_string\"}}],\"inLanguage\":\"fi\"}]}<\/script>\n<!-- \/ Yoast SEO plugin. -->","yoast_head_json":{"title":"Ajankohtaista - Turun Linnan Rotaryklubi","robots":{"index":"index","follow":"follow","max-snippet":"max-snippet:-1","max-image-preview":"max-image-preview:large","max-video-preview":"max-video-preview:-1"},"canonical":"https:\/\/rotary.fi\/turunlinna\/ajankohtaista\/","og_locale":"fi_FI","og_type":"article","og_title":"Ajankohtaista - Turun Linnan Rotaryklubi","og_description":"[et_pb_section bb_built=&#8221;1&#8243; _builder_version=&#8221;3.4.1&#8243; background_image=&#8221;https:\/\/rotary.fi\/wp-content\/uploads\/2018\/02\/paakuva-sisasivu1.jpg&#8221; next_background_color=&#8221;#ffffff&#8221; module_class=&#8221;jumbotron-page&#8221;][et_pb_row][et_pb_column type=&#8221;4_4&#8243;][et_pb_text admin_label=&#8221;P\u00e4\u00e4otsikko&#8221; _builder_version=&#8221;3.4.1&#8243; text_orientation=&#8221;center&#8221; background_layout=&#8221;dark&#8221;] Ajankohtaista [\/et_pb_text][\/et_pb_column][\/et_pb_row][\/et_pb_section][et_pb_section bb_built=&#8221;1&#8243; specialty=&#8221;on&#8221; prev_background_color=&#8221;#000000&#8243; _builder_version=&#8221;3.4.1&#8243; module_class_2=&#8221;sivupalkki&#8221; locked=&#8221;on&#8221;][et_pb_column type=&#8221;2_3&#8243; specialty_columns=&#8221;2&#8243;][et_pb_row_inner admin_label=&#8221;Rivi&#8221; locked=&#8221;on&#8221; parent_locked=&#8221;on&#8221;][et_pb_column_inner type=&#8221;4_4&#8243; saved_specialty_column_type=&#8221;2_3&#8243;][et_pb_text admin_label=&#8221;Otsikko&#8221; _builder_version=&#8221;3.4.1&#8243; text_orientation=&#8221;center&#8221; parent_locked=&#8221;on&#8221;] Ajankohtaista [\/et_pb_text][et_pb_code admin_label=&#8221;Ajankohtaisten listaus&#8221; _builder_version=&#8221;3.17.6&#8243; module_class=&#8221;kaikki_ajankohtaiset&#8221; parent_locked=&#8221;on&#8221;][\/et_pb_code][\/et_pb_column_inner][\/et_pb_row_inner][\/et_pb_column][et_pb_column type=&#8221;1_3&#8243;][et_pb_sidebar _builder_version=&#8221;3.4.1&#8243; area=&#8221;sidebar-1&#8243; module_class=&#8221;sivupalkki_sisalto&#8221; parent_locked=&#8221;on&#8221; \/][\/et_pb_column][\/et_pb_section]","og_url":"https:\/\/rotary.fi\/turunlinna\/ajankohtaista\/","og_site_name":"Turun Linnan Rotaryklubi","article_modified_time":"2018-11-27T08:46:12+00:00","twitter_card":"summary_large_image","twitter_misc":{"Arvioitu lukuaika":"1 minuutti"},"schema":{"@context":"https:\/\/schema.org","@graph":[{"@type":"WebPage","@id":"https:\/\/rotary.fi\/turunlinna\/ajankohtaista\/","url":"https:\/\/rotary.fi\/turunlinna\/ajankohtaista\/","name":"Ajankohtaista - Turun Linnan Rotaryklubi","isPartOf":{"@id":"https:\/\/rotary.fi\/turunlinna\/#website"},"datePublished":"2018-08-09T12:14:30+00:00","dateModified":"2018-11-27T08:46:12+00:00","breadcrumb":{"@id":"https:\/\/rotary.fi\/turunlinna\/ajankohtaista\/#breadcrumb"},"inLanguage":"fi","potentialAction":[{"@type":"ReadAction","target":["https:\/\/rotary.fi\/turunlinna\/ajankohtaista\/"]}]},{"@type":"BreadcrumbList","@id":"https:\/\/rotary.fi\/turunlinna\/ajankohtaista\/#breadcrumb","itemListElement":[{"@type":"ListItem","position":1,"name":"Home","item":"https:\/\/rotary.fi\/turunlinna\/"},{"@type":"ListItem","position":2,"name":"Ajankohtaista"}]},{"@type":"WebSite","@id":"https:\/\/rotary.fi\/turunlinna\/#website","url":"https:\/\/rotary.fi\/turunlinna\/","name":"Turun Linnan Rotaryklubi","description":"Uusi Rotary klubisivusto","potentialAction":[{"@type":"SearchAction","target":{"@type":"EntryPoint","urlTemplate":"https:\/\/rotary.fi\/turunlinna\/?s={search_term_string}"},"query-input":{"@type":"PropertyValueSpecification","valueRequired":true,"valueName":"search_term_string"}}],"inLanguage":"fi"}]}},"lang":"fi","translations":{"fi":94},"pll_sync_post":[],"_links":{"self":[{"href":"https:\/\/rotary.fi\/turunlinna\/wp-json\/wp\/v2\/pages\/94","targetHints":{"allow":["GET"]}}],"collection":[{"href":"https:\/\/rotary.fi\/turunlinna\/wp-json\/wp\/v2\/pages"}],"about":[{"href":"https:\/\/rotary.fi\/turunlinna\/wp-json\/wp\/v2\/types\/page"}],"author":[{"embeddable":true,"href":"https:\/\/rotary.fi\/turunlinna\/wp-json\/wp\/v2\/users\/1"}],"replies":[{"embeddable":true,"href":"https:\/\/rotary.fi\/turunlinna\/wp-json\/wp\/v2\/comments?post=94"}],"version-history":[{"count":6,"href":"https:\/\/rotary.fi\/turunlinna\/wp-json\/wp\/v2\/pages\/94\/revisions"}],"predecessor-version":[{"id":1332,"href":"https:\/\/rotary.fi\/turunlinna\/wp-json\/wp\/v2\/pages\/94\/revisions\/1332"}],"wp:attachment":[{"href":"https:\/\/rotary.fi\/turunlinna\/wp-json\/wp\/v2\/media?parent=94"}],"curies":[{"name":"wp","href":"https:\/\/api.w.org\/{rel}","templated":true}]}}