{"id":188,"date":"2018-08-13T13:26:12","date_gmt":"2018-08-13T10:26:12","guid":{"rendered":"https:\/\/rotary.fi\/turunlinna\/?page_id=188"},"modified":"2026-01-15T17:25:49","modified_gmt":"2026-01-15T15:25:49","slug":"viikko-ohjelma-syksy-2025","status":"publish","type":"page","link":"https:\/\/rotary.fi\/turunlinna\/ajankohtaista\/viikko-ohjelma-syksy-2025\/","title":{"rendered":"Viikko-ohjelma kev\u00e4t 2026"},"content":{"rendered":"<table width=\"816\">\n<tbody>\n<tr>\n<td width=\"64\"><\/td>\n<td width=\"50\"><\/td>\n<td width=\"315\">otsikko<\/td>\n<td width=\"387\">esiintyj\u00e4<\/td>\n<\/tr>\n<tr>\n<td>tammikuu<\/td>\n<td><\/td>\n<td><\/td>\n<td><\/td>\n<\/tr>\n<tr>\n<td><\/td>\n<td>15.1.<\/td>\n<td>Kev\u00e4\u00e4n ohjelman esittely<\/td>\n<td><\/td>\n<\/tr>\n<tr>\n<td><\/td>\n<td>22.1.<\/td>\n<td>Kouluakustiikka ja melu<\/td>\n<td>Fyysikko Vesa Viljanen<\/td>\n<\/tr>\n<tr>\n<td><\/td>\n<td>29.1.<\/td>\n<td>Miten toimii Rotarys\u00e4\u00e4ti\u00f6<\/td>\n<td>S\u00e4\u00e4ti\u00f6asiamies Timo Lahtinen, Rotarys\u00e4\u00e4ti\u00f6<\/td>\n<\/tr>\n<tr>\n<td><\/td>\n<td><\/td>\n<td><\/td>\n<td><\/td>\n<\/tr>\n<tr>\n<td>helmikuu<\/td>\n<td>5.2.<\/td>\n<td width=\"315\">Uudet sy\u00f6p\u00e4hoidot -miten aktivoimme kehon oman puolustuksen<\/td>\n<td>Sy\u00f6p\u00e4immunologian dosentti Maija Hollmen, Turun Yliopisto<\/td>\n<\/tr>\n<tr>\n<td><\/td>\n<td>12.2.<\/td>\n<td>Turun Dubai<\/td>\n<td>Arkkitehti Janne Helin<\/td>\n<\/tr>\n<tr>\n<td width=\"64\"><\/td>\n<td>19.2.<\/td>\n<td>Katsaus SPR:n toimintaan<\/td>\n<td>Terveys- ja hyvinvointitoiminnan pj Tuula Paakkola, SPR Turku<\/td>\n<\/tr>\n<tr>\n<td><\/td>\n<td>26.2.<\/td>\n<td>Ego-esitelm\u00e4<\/td>\n<td>Maria Arjonen<\/td>\n<\/tr>\n<tr>\n<td><\/td>\n<td><\/td>\n<td><\/td>\n<td><\/td>\n<\/tr>\n<tr>\n<td><\/td>\n<td><\/td>\n<td><\/td>\n<td><\/td>\n<\/tr>\n<tr>\n<td>maaliskuu<\/td>\n<td>5.3.<\/td>\n<td width=\"315\">Asiakaspalvelu 2.0. &#8211; ihmisen ja teknologia liitto<\/td>\n<td>Liiketoimintajajohtaja Irina Tavio, VSP<\/td>\n<\/tr>\n<tr>\n<td><\/td>\n<td>12.3.<\/td>\n<td>Pitk\u00e4 lounas &#8211; Pasta!<\/td>\n<td>Ravintola Sergios<\/td>\n<\/tr>\n<tr>\n<td><\/td>\n<td>19.3.<\/td>\n<td>Ajankohtaista raitiotiest\u00e4<\/td>\n<td>tj Juha Saarikoski, Turun Raitiotie Oy<\/td>\n<\/tr>\n<tr>\n<td><\/td>\n<td>26.3.<\/td>\n<td>Business Turku<\/td>\n<td>tj Minna Arve<\/td>\n<\/tr>\n<tr>\n<td><\/td>\n<td><\/td>\n<td><\/td>\n<td><\/td>\n<\/tr>\n<tr>\n<td><\/td>\n<td><\/td>\n<td><\/td>\n<td><\/td>\n<\/tr>\n<tr>\n<td>huhtikuu<\/td>\n<td>2.4.<\/td>\n<td>Kiirastorstai; P\u00e4\u00e4si\u00e4iskirkko<\/td>\n<td><\/td>\n<\/tr>\n<tr>\n<td><\/td>\n<td>9.4.<\/td>\n<td>S\u00e4hk\u00f6j\u00e4rjestelm\u00e4n tasapainotus reserveill\u00e4<\/td>\n<td width=\"387\">Asiantuntija Vincent Eurasto, Fingrid Oyj.<\/td>\n<\/tr>\n<tr>\n<td><\/td>\n<td>16.4.<\/td>\n<td>Ajankohtainen aihe<\/td>\n<td width=\"387\"><\/td>\n<\/tr>\n<tr>\n<td><\/td>\n<td>23.4.<\/td>\n<td width=\"315\">Kasvu ei odota \u2013 Mik\u00e4 suomalaisia oikein markkinoinnissa pelottaa?<\/td>\n<td>V\u00e4it\u00f6skirjatutkija Anna Lunden, TKKK<\/td>\n<\/tr>\n<tr>\n<td><\/td>\n<td>30.4.<\/td>\n<td>Vapunaatto &#8211; SK\u00c5L!<\/td>\n<td><\/td>\n<\/tr>\n<tr>\n<td><\/td>\n<td><\/td>\n<td><\/td>\n<td><\/td>\n<\/tr>\n<tr>\n<td><\/td>\n<td><\/td>\n<td><\/td>\n<td><\/td>\n<\/tr>\n<tr>\n<td>toukokuu<\/td>\n<td>7.5.<\/td>\n<td>Kev\u00e4tkokous<\/td>\n<td><\/td>\n<\/tr>\n<tr>\n<td><\/td>\n<td>14.5.<\/td>\n<td>Helatorstai- ei kokousta<\/td>\n<td><\/td>\n<\/tr>\n<tr>\n<td><\/td>\n<td>21.5.<\/td>\n<td>EU:n rahank\u00e4yt\u00f6n ongelmat<\/td>\n<td>Ex p\u00e4\u00e4johtaja Ville It\u00e4l\u00e4<\/td>\n<\/tr>\n<tr>\n<td width=\"64\"><\/td>\n<td width=\"50\">28.5.<\/td>\n<td width=\"315\">V\u00e4symyksen aika &#8211; Havaintoja v\u00e4symysilmi\u00f6iden l\u00e4hihistoriasta<\/td>\n<td width=\"387\">Dosentti, FT\u00a0 Mona Mannavuo, Helsingin Yliopisto<\/td>\n<\/tr>\n<tr>\n<td><\/td>\n<td><\/td>\n<td><\/td>\n<td><\/td>\n<\/tr>\n<tr>\n<td><\/td>\n<td><\/td>\n<td><\/td>\n<td><\/td>\n<\/tr>\n<tr>\n<td>kes\u00e4kuu<\/td>\n<td>4.6.<\/td>\n<td>Vaihto-oppilaan esitelm\u00e4<\/td>\n<td>Lorenzo Bugiotti<\/td>\n<\/tr>\n<tr>\n<td><\/td>\n<td>11.6.<\/td>\n<td>Kes\u00e4retki<\/td>\n<td><\/td>\n<\/tr>\n<tr>\n<td><\/td>\n<td><\/td>\n<td><\/td>\n<td><\/td>\n<\/tr>\n<\/tbody>\n<\/table>\n","protected":false},"excerpt":{"rendered":"<p>otsikko esiintyj\u00e4 tammikuu 15.1. Kev\u00e4\u00e4n ohjelman esittely 22.1. Kouluakustiikka ja melu Fyysikko Vesa Viljanen 29.1. Miten toimii Rotarys\u00e4\u00e4ti\u00f6 S\u00e4\u00e4ti\u00f6asiamies Timo Lahtinen, Rotarys\u00e4\u00e4ti\u00f6 helmikuu 5.2. Uudet sy\u00f6p\u00e4hoidot -miten aktivoimme kehon oman puolustuksen Sy\u00f6p\u00e4immunologian dosentti Maija Hollmen, Turun Yliopisto 12.2. Turun Dubai Arkkitehti Janne Helin 19.2. Katsaus SPR:n toimintaan Terveys- ja hyvinvointitoiminnan pj Tuula Paakkola, SPR Turku [&hellip;]<\/p>\n","protected":false},"author":1,"featured_media":0,"parent":94,"menu_order":0,"comment_status":"closed","ping_status":"closed","template":"","meta":{"_acf_changed":false,"_et_pb_use_builder":"off","_et_pb_old_content":"","_et_gb_content_width":"","footnotes":""},"class_list":["post-188","page","type-page","status-publish","hentry"],"acf":[],"yoast_head":"<!-- This site is optimized with the Yoast SEO plugin v27.0 - https:\/\/yoast.com\/product\/yoast-seo-wordpress\/ -->\n<title>Viikko-ohjelma kev\u00e4t 2026 - Turun Linnan Rotaryklubi<\/title>\n<meta name=\"robots\" content=\"index, follow, max-snippet:-1, max-image-preview:large, max-video-preview:-1\" \/>\n<link rel=\"canonical\" href=\"https:\/\/rotary.fi\/turunlinna\/ajankohtaista\/viikko-ohjelma-syksy-2025\/\" \/>\n<meta property=\"og:locale\" content=\"fi_FI\" \/>\n<meta property=\"og:type\" content=\"article\" \/>\n<meta property=\"og:title\" content=\"Viikko-ohjelma kev\u00e4t 2026 - Turun Linnan Rotaryklubi\" \/>\n<meta property=\"og:description\" content=\"otsikko esiintyj\u00e4 tammikuu 15.1. Kev\u00e4\u00e4n ohjelman esittely 22.1. Kouluakustiikka ja melu Fyysikko Vesa Viljanen 29.1. Miten toimii Rotarys\u00e4\u00e4ti\u00f6 S\u00e4\u00e4ti\u00f6asiamies Timo Lahtinen, Rotarys\u00e4\u00e4ti\u00f6 helmikuu 5.2. Uudet sy\u00f6p\u00e4hoidot -miten aktivoimme kehon oman puolustuksen Sy\u00f6p\u00e4immunologian dosentti Maija Hollmen, Turun Yliopisto 12.2. Turun Dubai Arkkitehti Janne Helin 19.2. Katsaus SPR:n toimintaan Terveys- ja hyvinvointitoiminnan pj Tuula Paakkola, SPR Turku [&hellip;]\" \/>\n<meta property=\"og:url\" content=\"https:\/\/rotary.fi\/turunlinna\/ajankohtaista\/viikko-ohjelma-syksy-2025\/\" \/>\n<meta property=\"og:site_name\" content=\"Turun Linnan Rotaryklubi\" \/>\n<meta property=\"article:modified_time\" content=\"2026-01-15T15:25:49+00:00\" \/>\n<meta name=\"twitter:card\" content=\"summary_large_image\" \/>\n<meta name=\"twitter:label1\" content=\"Arvioitu lukuaika\" \/>\n\t<meta name=\"twitter:data1\" content=\"1 minuutti\" \/>\n<script type=\"application\/ld+json\" class=\"yoast-schema-graph\">{\"@context\":\"https:\/\/schema.org\",\"@graph\":[{\"@type\":\"WebPage\",\"@id\":\"https:\/\/rotary.fi\/turunlinna\/ajankohtaista\/viikko-ohjelma-syksy-2025\/\",\"url\":\"https:\/\/rotary.fi\/turunlinna\/ajankohtaista\/viikko-ohjelma-syksy-2025\/\",\"name\":\"Viikko-ohjelma kev\u00e4t 2026 - Turun Linnan Rotaryklubi\",\"isPartOf\":{\"@id\":\"https:\/\/rotary.fi\/turunlinna\/#website\"},\"datePublished\":\"2018-08-13T10:26:12+00:00\",\"dateModified\":\"2026-01-15T15:25:49+00:00\",\"breadcrumb\":{\"@id\":\"https:\/\/rotary.fi\/turunlinna\/ajankohtaista\/viikko-ohjelma-syksy-2025\/#breadcrumb\"},\"inLanguage\":\"fi\",\"potentialAction\":[{\"@type\":\"ReadAction\",\"target\":[\"https:\/\/rotary.fi\/turunlinna\/ajankohtaista\/viikko-ohjelma-syksy-2025\/\"]}]},{\"@type\":\"BreadcrumbList\",\"@id\":\"https:\/\/rotary.fi\/turunlinna\/ajankohtaista\/viikko-ohjelma-syksy-2025\/#breadcrumb\",\"itemListElement\":[{\"@type\":\"ListItem\",\"position\":1,\"name\":\"Home\",\"item\":\"https:\/\/rotary.fi\/turunlinna\/\"},{\"@type\":\"ListItem\",\"position\":2,\"name\":\"Ajankohtaista\",\"item\":\"https:\/\/rotary.fi\/turunlinna\/ajankohtaista\/\"},{\"@type\":\"ListItem\",\"position\":3,\"name\":\"Viikko-ohjelma kev\u00e4t 2026\"}]},{\"@type\":\"WebSite\",\"@id\":\"https:\/\/rotary.fi\/turunlinna\/#website\",\"url\":\"https:\/\/rotary.fi\/turunlinna\/\",\"name\":\"Turun Linnan Rotaryklubi\",\"description\":\"Uusi Rotary klubisivusto\",\"potentialAction\":[{\"@type\":\"SearchAction\",\"target\":{\"@type\":\"EntryPoint\",\"urlTemplate\":\"https:\/\/rotary.fi\/turunlinna\/?s={search_term_string}\"},\"query-input\":{\"@type\":\"PropertyValueSpecification\",\"valueRequired\":true,\"valueName\":\"search_term_string\"}}],\"inLanguage\":\"fi\"}]}<\/script>\n<!-- \/ Yoast SEO plugin. -->","yoast_head_json":{"title":"Viikko-ohjelma kev\u00e4t 2026 - Turun Linnan Rotaryklubi","robots":{"index":"index","follow":"follow","max-snippet":"max-snippet:-1","max-image-preview":"max-image-preview:large","max-video-preview":"max-video-preview:-1"},"canonical":"https:\/\/rotary.fi\/turunlinna\/ajankohtaista\/viikko-ohjelma-syksy-2025\/","og_locale":"fi_FI","og_type":"article","og_title":"Viikko-ohjelma kev\u00e4t 2026 - Turun Linnan Rotaryklubi","og_description":"otsikko esiintyj\u00e4 tammikuu 15.1. Kev\u00e4\u00e4n ohjelman esittely 22.1. Kouluakustiikka ja melu Fyysikko Vesa Viljanen 29.1. Miten toimii Rotarys\u00e4\u00e4ti\u00f6 S\u00e4\u00e4ti\u00f6asiamies Timo Lahtinen, Rotarys\u00e4\u00e4ti\u00f6 helmikuu 5.2. Uudet sy\u00f6p\u00e4hoidot -miten aktivoimme kehon oman puolustuksen Sy\u00f6p\u00e4immunologian dosentti Maija Hollmen, Turun Yliopisto 12.2. Turun Dubai Arkkitehti Janne Helin 19.2. Katsaus SPR:n toimintaan Terveys- ja hyvinvointitoiminnan pj Tuula Paakkola, SPR Turku [&hellip;]","og_url":"https:\/\/rotary.fi\/turunlinna\/ajankohtaista\/viikko-ohjelma-syksy-2025\/","og_site_name":"Turun Linnan Rotaryklubi","article_modified_time":"2026-01-15T15:25:49+00:00","twitter_card":"summary_large_image","twitter_misc":{"Arvioitu lukuaika":"1 minuutti"},"schema":{"@context":"https:\/\/schema.org","@graph":[{"@type":"WebPage","@id":"https:\/\/rotary.fi\/turunlinna\/ajankohtaista\/viikko-ohjelma-syksy-2025\/","url":"https:\/\/rotary.fi\/turunlinna\/ajankohtaista\/viikko-ohjelma-syksy-2025\/","name":"Viikko-ohjelma kev\u00e4t 2026 - Turun Linnan Rotaryklubi","isPartOf":{"@id":"https:\/\/rotary.fi\/turunlinna\/#website"},"datePublished":"2018-08-13T10:26:12+00:00","dateModified":"2026-01-15T15:25:49+00:00","breadcrumb":{"@id":"https:\/\/rotary.fi\/turunlinna\/ajankohtaista\/viikko-ohjelma-syksy-2025\/#breadcrumb"},"inLanguage":"fi","potentialAction":[{"@type":"ReadAction","target":["https:\/\/rotary.fi\/turunlinna\/ajankohtaista\/viikko-ohjelma-syksy-2025\/"]}]},{"@type":"BreadcrumbList","@id":"https:\/\/rotary.fi\/turunlinna\/ajankohtaista\/viikko-ohjelma-syksy-2025\/#breadcrumb","itemListElement":[{"@type":"ListItem","position":1,"name":"Home","item":"https:\/\/rotary.fi\/turunlinna\/"},{"@type":"ListItem","position":2,"name":"Ajankohtaista","item":"https:\/\/rotary.fi\/turunlinna\/ajankohtaista\/"},{"@type":"ListItem","position":3,"name":"Viikko-ohjelma kev\u00e4t 2026"}]},{"@type":"WebSite","@id":"https:\/\/rotary.fi\/turunlinna\/#website","url":"https:\/\/rotary.fi\/turunlinna\/","name":"Turun Linnan Rotaryklubi","description":"Uusi Rotary klubisivusto","potentialAction":[{"@type":"SearchAction","target":{"@type":"EntryPoint","urlTemplate":"https:\/\/rotary.fi\/turunlinna\/?s={search_term_string}"},"query-input":{"@type":"PropertyValueSpecification","valueRequired":true,"valueName":"search_term_string"}}],"inLanguage":"fi"}]}},"lang":"fi","translations":{"fi":188},"pll_sync_post":[],"_links":{"self":[{"href":"https:\/\/rotary.fi\/turunlinna\/wp-json\/wp\/v2\/pages\/188","targetHints":{"allow":["GET"]}}],"collection":[{"href":"https:\/\/rotary.fi\/turunlinna\/wp-json\/wp\/v2\/pages"}],"about":[{"href":"https:\/\/rotary.fi\/turunlinna\/wp-json\/wp\/v2\/types\/page"}],"author":[{"embeddable":true,"href":"https:\/\/rotary.fi\/turunlinna\/wp-json\/wp\/v2\/users\/1"}],"replies":[{"embeddable":true,"href":"https:\/\/rotary.fi\/turunlinna\/wp-json\/wp\/v2\/comments?post=188"}],"version-history":[{"count":10,"href":"https:\/\/rotary.fi\/turunlinna\/wp-json\/wp\/v2\/pages\/188\/revisions"}],"predecessor-version":[{"id":2477,"href":"https:\/\/rotary.fi\/turunlinna\/wp-json\/wp\/v2\/pages\/188\/revisions\/2477"}],"up":[{"embeddable":true,"href":"https:\/\/rotary.fi\/turunlinna\/wp-json\/wp\/v2\/pages\/94"}],"wp:attachment":[{"href":"https:\/\/rotary.fi\/turunlinna\/wp-json\/wp\/v2\/media?parent=188"}],"curies":[{"name":"wp","href":"https:\/\/api.w.org\/{rel}","templated":true}]}}