{"id":179,"date":"2018-08-13T10:43:11","date_gmt":"2018-08-13T07:43:11","guid":{"rendered":"https:\/\/rotary.fi\/turunlinna\/?page_id=179"},"modified":"2021-09-02T12:51:17","modified_gmt":"2021-09-02T09:51:17","slug":"ryla-johtajuuskoulutus-nuorille","status":"publish","type":"page","link":"https:\/\/rotary.fi\/turunlinna\/tule-mukaan\/ryla-johtajuuskoulutus-nuorille\/","title":{"rendered":"RYLA &#8211; Johtajuuskoulutus nuorille"},"content":{"rendered":"<p>[et_pb_section fb_built=&#8221;1&#8243; module_class=&#8221;jumbotron-page&#8221; _builder_version=&#8221;4.9.10&#8243; background_image=&#8221;https:\/\/rotary.fi\/turunlinna\/wp-content\/uploads\/sites\/75\/2021\/09\/1-ryla.jpg&#8221; background_size=&#8221;contain&#8221;][et_pb_row _builder_version=&#8221;3.25&#8243; background_size=&#8221;initial&#8221; background_position=&#8221;top_left&#8221; background_repeat=&#8221;repeat&#8221;][et_pb_column type=&#8221;4_4&#8243; _builder_version=&#8221;3.25&#8243; custom_padding=&#8221;|||&#8221; custom_padding__hover=&#8221;|||&#8221;][\/et_pb_column][\/et_pb_row][\/et_pb_section][et_pb_section fb_built=&#8221;1&#8243; specialty=&#8221;on&#8221; module_class_2=&#8221;sivupalkki&#8221; _builder_version=&#8221;3.22&#8243;][et_pb_column type=&#8221;2_3&#8243; specialty_columns=&#8221;2&#8243; _builder_version=&#8221;3.25&#8243; custom_padding=&#8221;|||&#8221; parallax__hover=&#8221;off&#8221; parallax_method__hover=&#8221;on&#8221; custom_padding__hover=&#8221;|||&#8221;][et_pb_row_inner admin_label=&#8221;Rivi&#8221; _builder_version=&#8221;3.25&#8243;][et_pb_column_inner saved_specialty_column_type=&#8221;2_3&#8243; _builder_version=&#8221;3.25&#8243; custom_padding=&#8221;|||&#8221; parallax__hover=&#8221;off&#8221; parallax_method__hover=&#8221;on&#8221; custom_padding__hover=&#8221;|||&#8221;][et_pb_text admin_label=&#8221;Otsikko ennen teksti\u00e4&#8221; _builder_version=&#8221;3.27.4&#8243; text_orientation=&#8221;center&#8221;]<\/p>\n<h1>RYLA &#8211;<br \/>\nJohtajuuskoulutusta nuorille<\/h1>\n<p>[\/et_pb_text][et_pb_text _builder_version=&#8221;3.27.4&#8243;]<\/p>\n<p><strong>\u00a0RYLA (Rotary Youth Leadership Awards)<\/strong><\/p>\n<p class=\"p1\"><span class=\"s1\">RYLA on Rotaryn nuorisotoimintamuoto, jolla koulutamme 14<\/span><span class=\"s2\">\u2500<\/span><span class=\"s1\">30-vuotiaita aloitekykyisi\u00e4 ja aktiivisia nuoria omatoimisuuteen ja johtajuuteen. T\u00e4m\u00e4 tapahtuu Rotaryn j\u00e4rjest\u00e4miss\u00e4 RYLA-seminaareissa, joissa kehitet\u00e4\u00e4n mm. nuorten harkintakyky\u00e4, p\u00e4\u00e4t\u00f6ksentekokyky\u00e4 sek\u00e4 esiintymistaitoa. Kouluttajina toimivat paikallisen rotaryklubin j\u00e4senet tai muut eri alojen asiantuntijat, jotka kertovat ammattiinsa ja johtajuuteen liittyvist\u00e4 omista kokemuksistaan. <\/span><\/p>\n<p class=\"p1\"><span class=\"s1\">Turun Linnan Rotaryklubi j\u00e4rjesti syksyll\u00e4 2020 RYLA-koulutuksen.<\/span>Tapahtuman teemaksi valittiin <em>vastuullisuus<\/em>. Viikonlopun aikana k\u00e4siteltiin kest\u00e4v\u00e4n kehityksen periaatteiden ja p\u00e4\u00e4m\u00e4\u00e4rien huomioimista ja toteuttamista yritystoiminnassa ja johtajuudessa. Aihetta k\u00e4siteltiin eri n\u00e4k\u00f6kulmista &#8211; taloudellisesta, ekologisesta ja sosiaalisen ulottuvuuden kannalta. T\u00e4rke\u00e4\u00e4 oli my\u00f6s osoittaa mit\u00e4 vastuullisuus merkitsee k\u00e4yt\u00e4nn\u00f6ss\u00e4.<\/p>\n<p>Puolentoista p\u00e4iv\u00e4n koulutus sis\u00e4lsi korkeatasoisten puhujien esityksi\u00e4, hyvi\u00e4 keskusteluja, vapaamuotoista ryhm\u00e4ty\u00f6t\u00e4 sek\u00e4 verkostoitumista.<\/p>\n<p class=\"p1\"><span class=\"s1\"><\/span><span style=\"color: #8300e9\"><strong><span class=\"s1\"><br \/><\/span><\/strong><\/span><\/p>\n<p>[\/et_pb_text][\/et_pb_column_inner][\/et_pb_row_inner][\/et_pb_column][et_pb_column type=&#8221;1_3&#8243; module_class=&#8221;sivupalkki&#8221; _builder_version=&#8221;3.25&#8243; custom_padding=&#8221;|||&#8221; parallax__hover=&#8221;off&#8221; parallax_method__hover=&#8221;on&#8221; module_class__hover=&#8221;sivupalkki&#8221; custom_padding__hover=&#8221;|||&#8221;][et_pb_sidebar area=&#8221;sidebar-1&#8243; module_class=&#8221;sivupalkki_sisalto&#8221; _builder_version=&#8221;3.4.1&#8243; locked=&#8221;on&#8221;][\/et_pb_sidebar][\/et_pb_column][\/et_pb_section]<\/p>\n","protected":false},"excerpt":{"rendered":"<p>RYLA &#8211; Johtajuuskoulutusta nuorille \u00a0RYLA (Rotary Youth Leadership Awards) RYLA on Rotaryn nuorisotoimintamuoto, jolla koulutamme 14\u250030-vuotiaita aloitekykyisi\u00e4 ja aktiivisia nuoria omatoimisuuteen ja johtajuuteen. T\u00e4m\u00e4 tapahtuu Rotaryn j\u00e4rjest\u00e4miss\u00e4 RYLA-seminaareissa, joissa kehitet\u00e4\u00e4n mm. nuorten harkintakyky\u00e4, p\u00e4\u00e4t\u00f6ksentekokyky\u00e4 sek\u00e4 esiintymistaitoa. Kouluttajina toimivat paikallisen rotaryklubin j\u00e4senet tai muut eri alojen asiantuntijat, jotka kertovat ammattiinsa ja johtajuuteen liittyvist\u00e4 omista kokemuksistaan. Turun [&hellip;]<\/p>\n","protected":false},"author":1,"featured_media":1574,"parent":89,"menu_order":0,"comment_status":"closed","ping_status":"closed","template":"","meta":{"_acf_changed":false,"_et_pb_use_builder":"on","_et_pb_old_content":"","_et_gb_content_width":"","footnotes":""},"class_list":["post-179","page","type-page","status-publish","has-post-thumbnail","hentry"],"acf":[],"yoast_head":"<!-- This site is optimized with the Yoast SEO plugin v27.4 - https:\/\/yoast.com\/product\/yoast-seo-wordpress\/ -->\n<title>RYLA - Johtajuuskoulutus nuorille - Turun Linnan Rotaryklubi<\/title>\n<meta name=\"robots\" content=\"index, follow, max-snippet:-1, max-image-preview:large, max-video-preview:-1\" \/>\n<link rel=\"canonical\" href=\"https:\/\/rotary.fi\/turunlinna\/tule-mukaan\/ryla-johtajuuskoulutus-nuorille\/\" \/>\n<meta property=\"og:locale\" content=\"fi_FI\" \/>\n<meta property=\"og:type\" content=\"article\" \/>\n<meta property=\"og:title\" content=\"RYLA - Johtajuuskoulutus nuorille - Turun Linnan Rotaryklubi\" \/>\n<meta property=\"og:description\" content=\"RYLA - Johtajuuskoulutusta nuorille \u00a0RYLA (Rotary Youth Leadership Awards) RYLA on Rotaryn nuorisotoimintamuoto, jolla koulutamme 14\u250030-vuotiaita aloitekykyisi\u00e4 ja aktiivisia nuoria omatoimisuuteen ja johtajuuteen. T\u00e4m\u00e4 tapahtuu Rotaryn j\u00e4rjest\u00e4miss\u00e4 RYLA-seminaareissa, joissa kehitet\u00e4\u00e4n mm. nuorten harkintakyky\u00e4, p\u00e4\u00e4t\u00f6ksentekokyky\u00e4 sek\u00e4 esiintymistaitoa. Kouluttajina toimivat paikallisen rotaryklubin j\u00e4senet tai muut eri alojen asiantuntijat, jotka kertovat ammattiinsa ja johtajuuteen liittyvist\u00e4 omista kokemuksistaan. Turun [&hellip;]\" \/>\n<meta property=\"og:url\" content=\"https:\/\/rotary.fi\/turunlinna\/tule-mukaan\/ryla-johtajuuskoulutus-nuorille\/\" \/>\n<meta property=\"og:site_name\" content=\"Turun Linnan Rotaryklubi\" \/>\n<meta property=\"article:modified_time\" content=\"2021-09-02T09:51:17+00:00\" \/>\n<meta property=\"og:image\" content=\"https:\/\/rotary.fi\/turunlinna\/wp-content\/uploads\/sites\/75\/2021\/09\/1-ryla.jpg\" \/>\n\t<meta property=\"og:image:width\" content=\"544\" \/>\n\t<meta property=\"og:image:height\" content=\"258\" \/>\n\t<meta property=\"og:image:type\" content=\"image\/jpeg\" \/>\n<meta name=\"twitter:card\" content=\"summary_large_image\" \/>\n<meta name=\"twitter:label1\" content=\"Arvioitu lukuaika\" \/>\n\t<meta name=\"twitter:data1\" content=\"2 minuuttia\" \/>\n<script type=\"application\/ld+json\" class=\"yoast-schema-graph\">{\"@context\":\"https:\\\/\\\/schema.org\",\"@graph\":[{\"@type\":\"WebPage\",\"@id\":\"https:\\\/\\\/rotary.fi\\\/turunlinna\\\/tule-mukaan\\\/ryla-johtajuuskoulutus-nuorille\\\/\",\"url\":\"https:\\\/\\\/rotary.fi\\\/turunlinna\\\/tule-mukaan\\\/ryla-johtajuuskoulutus-nuorille\\\/\",\"name\":\"RYLA - Johtajuuskoulutus nuorille - Turun Linnan Rotaryklubi\",\"isPartOf\":{\"@id\":\"https:\\\/\\\/rotary.fi\\\/turunlinna\\\/#website\"},\"primaryImageOfPage\":{\"@id\":\"https:\\\/\\\/rotary.fi\\\/turunlinna\\\/tule-mukaan\\\/ryla-johtajuuskoulutus-nuorille\\\/#primaryimage\"},\"image\":{\"@id\":\"https:\\\/\\\/rotary.fi\\\/turunlinna\\\/tule-mukaan\\\/ryla-johtajuuskoulutus-nuorille\\\/#primaryimage\"},\"thumbnailUrl\":\"https:\\\/\\\/rotary.fi\\\/turunlinna\\\/wp-content\\\/uploads\\\/sites\\\/75\\\/2021\\\/09\\\/1-ryla.jpg\",\"datePublished\":\"2018-08-13T07:43:11+00:00\",\"dateModified\":\"2021-09-02T09:51:17+00:00\",\"breadcrumb\":{\"@id\":\"https:\\\/\\\/rotary.fi\\\/turunlinna\\\/tule-mukaan\\\/ryla-johtajuuskoulutus-nuorille\\\/#breadcrumb\"},\"inLanguage\":\"fi\",\"potentialAction\":[{\"@type\":\"ReadAction\",\"target\":[\"https:\\\/\\\/rotary.fi\\\/turunlinna\\\/tule-mukaan\\\/ryla-johtajuuskoulutus-nuorille\\\/\"]}]},{\"@type\":\"ImageObject\",\"inLanguage\":\"fi\",\"@id\":\"https:\\\/\\\/rotary.fi\\\/turunlinna\\\/tule-mukaan\\\/ryla-johtajuuskoulutus-nuorille\\\/#primaryimage\",\"url\":\"https:\\\/\\\/rotary.fi\\\/turunlinna\\\/wp-content\\\/uploads\\\/sites\\\/75\\\/2021\\\/09\\\/1-ryla.jpg\",\"contentUrl\":\"https:\\\/\\\/rotary.fi\\\/turunlinna\\\/wp-content\\\/uploads\\\/sites\\\/75\\\/2021\\\/09\\\/1-ryla.jpg\",\"width\":544,\"height\":258},{\"@type\":\"BreadcrumbList\",\"@id\":\"https:\\\/\\\/rotary.fi\\\/turunlinna\\\/tule-mukaan\\\/ryla-johtajuuskoulutus-nuorille\\\/#breadcrumb\",\"itemListElement\":[{\"@type\":\"ListItem\",\"position\":1,\"name\":\"Home\",\"item\":\"https:\\\/\\\/rotary.fi\\\/turunlinna\\\/\"},{\"@type\":\"ListItem\",\"position\":2,\"name\":\"Tule mukaan\",\"item\":\"https:\\\/\\\/rotary.fi\\\/turunlinna\\\/tule-mukaan\\\/\"},{\"@type\":\"ListItem\",\"position\":3,\"name\":\"RYLA &#8211; Johtajuuskoulutus nuorille\"}]},{\"@type\":\"WebSite\",\"@id\":\"https:\\\/\\\/rotary.fi\\\/turunlinna\\\/#website\",\"url\":\"https:\\\/\\\/rotary.fi\\\/turunlinna\\\/\",\"name\":\"Turun Linnan Rotaryklubi\",\"description\":\"Uusi Rotary klubisivusto\",\"potentialAction\":[{\"@type\":\"SearchAction\",\"target\":{\"@type\":\"EntryPoint\",\"urlTemplate\":\"https:\\\/\\\/rotary.fi\\\/turunlinna\\\/?s={search_term_string}\"},\"query-input\":{\"@type\":\"PropertyValueSpecification\",\"valueRequired\":true,\"valueName\":\"search_term_string\"}}],\"inLanguage\":\"fi\"}]}<\/script>\n<!-- \/ Yoast SEO plugin. -->","yoast_head_json":{"title":"RYLA - Johtajuuskoulutus nuorille - Turun Linnan Rotaryklubi","robots":{"index":"index","follow":"follow","max-snippet":"max-snippet:-1","max-image-preview":"max-image-preview:large","max-video-preview":"max-video-preview:-1"},"canonical":"https:\/\/rotary.fi\/turunlinna\/tule-mukaan\/ryla-johtajuuskoulutus-nuorille\/","og_locale":"fi_FI","og_type":"article","og_title":"RYLA - Johtajuuskoulutus nuorille - Turun Linnan Rotaryklubi","og_description":"RYLA - Johtajuuskoulutusta nuorille \u00a0RYLA (Rotary Youth Leadership Awards) RYLA on Rotaryn nuorisotoimintamuoto, jolla koulutamme 14\u250030-vuotiaita aloitekykyisi\u00e4 ja aktiivisia nuoria omatoimisuuteen ja johtajuuteen. T\u00e4m\u00e4 tapahtuu Rotaryn j\u00e4rjest\u00e4miss\u00e4 RYLA-seminaareissa, joissa kehitet\u00e4\u00e4n mm. nuorten harkintakyky\u00e4, p\u00e4\u00e4t\u00f6ksentekokyky\u00e4 sek\u00e4 esiintymistaitoa. Kouluttajina toimivat paikallisen rotaryklubin j\u00e4senet tai muut eri alojen asiantuntijat, jotka kertovat ammattiinsa ja johtajuuteen liittyvist\u00e4 omista kokemuksistaan. Turun [&hellip;]","og_url":"https:\/\/rotary.fi\/turunlinna\/tule-mukaan\/ryla-johtajuuskoulutus-nuorille\/","og_site_name":"Turun Linnan Rotaryklubi","article_modified_time":"2021-09-02T09:51:17+00:00","og_image":[{"width":544,"height":258,"url":"https:\/\/rotary.fi\/turunlinna\/wp-content\/uploads\/sites\/75\/2021\/09\/1-ryla.jpg","type":"image\/jpeg"}],"twitter_card":"summary_large_image","twitter_misc":{"Arvioitu lukuaika":"2 minuuttia"},"schema":{"@context":"https:\/\/schema.org","@graph":[{"@type":"WebPage","@id":"https:\/\/rotary.fi\/turunlinna\/tule-mukaan\/ryla-johtajuuskoulutus-nuorille\/","url":"https:\/\/rotary.fi\/turunlinna\/tule-mukaan\/ryla-johtajuuskoulutus-nuorille\/","name":"RYLA - Johtajuuskoulutus nuorille - Turun Linnan Rotaryklubi","isPartOf":{"@id":"https:\/\/rotary.fi\/turunlinna\/#website"},"primaryImageOfPage":{"@id":"https:\/\/rotary.fi\/turunlinna\/tule-mukaan\/ryla-johtajuuskoulutus-nuorille\/#primaryimage"},"image":{"@id":"https:\/\/rotary.fi\/turunlinna\/tule-mukaan\/ryla-johtajuuskoulutus-nuorille\/#primaryimage"},"thumbnailUrl":"https:\/\/rotary.fi\/turunlinna\/wp-content\/uploads\/sites\/75\/2021\/09\/1-ryla.jpg","datePublished":"2018-08-13T07:43:11+00:00","dateModified":"2021-09-02T09:51:17+00:00","breadcrumb":{"@id":"https:\/\/rotary.fi\/turunlinna\/tule-mukaan\/ryla-johtajuuskoulutus-nuorille\/#breadcrumb"},"inLanguage":"fi","potentialAction":[{"@type":"ReadAction","target":["https:\/\/rotary.fi\/turunlinna\/tule-mukaan\/ryla-johtajuuskoulutus-nuorille\/"]}]},{"@type":"ImageObject","inLanguage":"fi","@id":"https:\/\/rotary.fi\/turunlinna\/tule-mukaan\/ryla-johtajuuskoulutus-nuorille\/#primaryimage","url":"https:\/\/rotary.fi\/turunlinna\/wp-content\/uploads\/sites\/75\/2021\/09\/1-ryla.jpg","contentUrl":"https:\/\/rotary.fi\/turunlinna\/wp-content\/uploads\/sites\/75\/2021\/09\/1-ryla.jpg","width":544,"height":258},{"@type":"BreadcrumbList","@id":"https:\/\/rotary.fi\/turunlinna\/tule-mukaan\/ryla-johtajuuskoulutus-nuorille\/#breadcrumb","itemListElement":[{"@type":"ListItem","position":1,"name":"Home","item":"https:\/\/rotary.fi\/turunlinna\/"},{"@type":"ListItem","position":2,"name":"Tule mukaan","item":"https:\/\/rotary.fi\/turunlinna\/tule-mukaan\/"},{"@type":"ListItem","position":3,"name":"RYLA &#8211; Johtajuuskoulutus nuorille"}]},{"@type":"WebSite","@id":"https:\/\/rotary.fi\/turunlinna\/#website","url":"https:\/\/rotary.fi\/turunlinna\/","name":"Turun Linnan Rotaryklubi","description":"Uusi Rotary klubisivusto","potentialAction":[{"@type":"SearchAction","target":{"@type":"EntryPoint","urlTemplate":"https:\/\/rotary.fi\/turunlinna\/?s={search_term_string}"},"query-input":{"@type":"PropertyValueSpecification","valueRequired":true,"valueName":"search_term_string"}}],"inLanguage":"fi"}]}},"lang":"fi","translations":{"fi":179},"pll_sync_post":[],"_links":{"self":[{"href":"https:\/\/rotary.fi\/turunlinna\/wp-json\/wp\/v2\/pages\/179","targetHints":{"allow":["GET"]}}],"collection":[{"href":"https:\/\/rotary.fi\/turunlinna\/wp-json\/wp\/v2\/pages"}],"about":[{"href":"https:\/\/rotary.fi\/turunlinna\/wp-json\/wp\/v2\/types\/page"}],"author":[{"embeddable":true,"href":"https:\/\/rotary.fi\/turunlinna\/wp-json\/wp\/v2\/users\/1"}],"replies":[{"embeddable":true,"href":"https:\/\/rotary.fi\/turunlinna\/wp-json\/wp\/v2\/comments?post=179"}],"version-history":[{"count":11,"href":"https:\/\/rotary.fi\/turunlinna\/wp-json\/wp\/v2\/pages\/179\/revisions"}],"predecessor-version":[{"id":1580,"href":"https:\/\/rotary.fi\/turunlinna\/wp-json\/wp\/v2\/pages\/179\/revisions\/1580"}],"up":[{"embeddable":true,"href":"https:\/\/rotary.fi\/turunlinna\/wp-json\/wp\/v2\/pages\/89"}],"wp:featuredmedia":[{"embeddable":true,"href":"https:\/\/rotary.fi\/turunlinna\/wp-json\/wp\/v2\/media\/1574"}],"wp:attachment":[{"href":"https:\/\/rotary.fi\/turunlinna\/wp-json\/wp\/v2\/media?parent=179"}],"curies":[{"name":"wp","href":"https:\/\/api.w.org\/{rel}","templated":true}]}}