{"id":1767,"date":"2022-02-24T16:06:34","date_gmt":"2022-02-24T14:06:34","guid":{"rendered":"https:\/\/rotary.fi\/turunlinna\/?page_id=1767"},"modified":"2022-02-24T16:41:24","modified_gmt":"2022-02-24T14:41:24","slug":"turun-linnan-rotaryt-70-vuotta","status":"publish","type":"page","link":"https:\/\/rotary.fi\/turunlinna\/turun-linnan-rotaryt-70-vuotta\/","title":{"rendered":"Turun Linnan Rotaryt 70 vuotta"},"content":{"rendered":"<h5><img loading=\"lazy\" decoding=\"async\" class=\"alignleft wp-image-1774\" src=\"https:\/\/rotary.fi\/turunlinna\/wp-content\/uploads\/sites\/75\/2022\/02\/perustamiskirja-150x150.jpg\" alt=\"\" width=\"216\" height=\"216\" \/><\/h5>\n<p><strong>Turun Linnan Rotaryklubi ry on perustettu 23.4.1952. Tasavuosia juhlistetaan 17.9.2022 Juhlaillallisella.<\/p>\n<p><\/strong><strong>Turun Linnan Rotaryklubin perustaminen l\u00e4hti liikkeelle jo 1949.Turun ensimm\u00e4inen klubi oli toiminut jo vuodesta 1929 alkaen, ja joten oli aika perustaa toinen klubi Turun alueelle. Klubin toiminta alkoi virallisesti perustamiskokouksessa Seurahuoneella\u00a0 3.4.1952 ja klubi hyv\u00e4ksyttiin Rotary Internationalin j\u00e4seneksi 23.4.1952.<br \/>\n<\/strong><\/p>\n<p>Alla otteita klubin historiasta:<\/p>\n<p>&#8221; Alussa klubin virallinen nimi aiheutti paljon p\u00e4\u00e4nvaivaa. Kysymys oli siit\u00e4, tulisiko klubin olla yksi- vai kaksikielinen. Erillinen komitea mietti asiaa ja totesi, ett\u00e4 jos klubi on virallisesti kaksikielinen, niin kaikki viralliset asiakirjat tulisi kirjoittaa sek\u00e4 suomeksi ett\u00e4 ruotsiksi. Ep\u00e4iltiin, ett\u00e4 olisi jatkossa vaikea l\u00f6yt\u00e4\u00e4 jatkossa sellaisia sihteereit\u00e4, jotka t\u00e4h\u00e4n pystyisiv\u00e4t. Tutkittiin my\u00f6s mahdollisuutta, ett\u00e4 k\u00e4\u00e4nn\u00f6stoimisto hoitaisi asian, mutta idea kaatui kustannuksiin. J\u00e4senmaksu olisi muodostunut toivottoman kalliiksi. P\u00e4\u00e4dyttiin siihen, ett\u00e4 klubi perustettaisin yksikielisen\u00e4, mutta haluttiin klubin nimeen liitt\u00e4\u00e4 my\u00f6s \u201d\u00c5bo Slotts Rotaryklubb\u201d, lis\u00e4ksi se, ett\u00e4 kaikille j\u00e4senille korostettaisiin jokaisen oikeutta k\u00e4ytt\u00e4\u00e4 esiintyess\u00e4\u00e4n kumpaa kielt\u00e4 tahansa.Klubia perustettaessa todella pyrittiin tarkasti seuraamaan Rotary Internationalin antamia ohjeita ammattinimikkeiden kattavuudesta alueen talous- ja yhteiskuntael\u00e4m\u00e4n kokoomusta silm\u00e4ll\u00e4pit\u00e4en.&#8221;<\/p>\n<p>&nbsp;<\/p>\n<p>&nbsp;<\/p>\n","protected":false},"excerpt":{"rendered":"<p>Turun Linnan Rotaryklubi ry on perustettu 23.4.1952. Tasavuosia juhlistetaan 17.9.2022 Juhlaillallisella. Turun Linnan Rotaryklubin perustaminen l\u00e4hti liikkeelle jo 1949.Turun ensimm\u00e4inen klubi oli toiminut jo vuodesta 1929 alkaen, ja joten oli aika perustaa toinen klubi Turun alueelle. Klubin toiminta alkoi virallisesti perustamiskokouksessa Seurahuoneella\u00a0 3.4.1952 ja klubi hyv\u00e4ksyttiin Rotary Internationalin j\u00e4seneksi 23.4.1952. Alla otteita klubin historiasta: &#8221; [&hellip;]<\/p>\n","protected":false},"author":83,"featured_media":0,"parent":0,"menu_order":0,"comment_status":"closed","ping_status":"closed","template":"","meta":{"_acf_changed":false,"_et_pb_use_builder":"","_et_pb_old_content":"","_et_gb_content_width":"","footnotes":""},"class_list":["post-1767","page","type-page","status-publish","hentry"],"acf":[],"yoast_head":"<!-- This site is optimized with the Yoast SEO plugin v27.0 - https:\/\/yoast.com\/product\/yoast-seo-wordpress\/ -->\n<title>Turun Linnan Rotaryt 70 vuotta - Turun Linnan Rotaryklubi<\/title>\n<meta name=\"robots\" content=\"index, follow, max-snippet:-1, max-image-preview:large, max-video-preview:-1\" \/>\n<link rel=\"canonical\" href=\"https:\/\/rotary.fi\/turunlinna\/turun-linnan-rotaryt-70-vuotta\/\" \/>\n<meta property=\"og:locale\" content=\"fi_FI\" \/>\n<meta property=\"og:type\" content=\"article\" \/>\n<meta property=\"og:title\" content=\"Turun Linnan Rotaryt 70 vuotta - Turun Linnan Rotaryklubi\" \/>\n<meta property=\"og:description\" content=\"Turun Linnan Rotaryklubi ry on perustettu 23.4.1952. Tasavuosia juhlistetaan 17.9.2022 Juhlaillallisella. Turun Linnan Rotaryklubin perustaminen l\u00e4hti liikkeelle jo 1949.Turun ensimm\u00e4inen klubi oli toiminut jo vuodesta 1929 alkaen, ja joten oli aika perustaa toinen klubi Turun alueelle. Klubin toiminta alkoi virallisesti perustamiskokouksessa Seurahuoneella\u00a0 3.4.1952 ja klubi hyv\u00e4ksyttiin Rotary Internationalin j\u00e4seneksi 23.4.1952. Alla otteita klubin historiasta: &#8221; [&hellip;]\" \/>\n<meta property=\"og:url\" content=\"https:\/\/rotary.fi\/turunlinna\/turun-linnan-rotaryt-70-vuotta\/\" \/>\n<meta property=\"og:site_name\" content=\"Turun Linnan Rotaryklubi\" \/>\n<meta property=\"article:modified_time\" content=\"2022-02-24T14:41:24+00:00\" \/>\n<meta property=\"og:image\" content=\"https:\/\/rotary.fi\/turunlinna\/wp-content\/uploads\/sites\/75\/2022\/02\/perustamiskirja-150x150.jpg\" \/>\n<meta name=\"twitter:card\" content=\"summary_large_image\" \/>\n<meta name=\"twitter:label1\" content=\"Arvioitu lukuaika\" \/>\n\t<meta name=\"twitter:data1\" content=\"1 minuutti\" \/>\n<script type=\"application\/ld+json\" class=\"yoast-schema-graph\">{\"@context\":\"https:\/\/schema.org\",\"@graph\":[{\"@type\":\"WebPage\",\"@id\":\"https:\/\/rotary.fi\/turunlinna\/turun-linnan-rotaryt-70-vuotta\/\",\"url\":\"https:\/\/rotary.fi\/turunlinna\/turun-linnan-rotaryt-70-vuotta\/\",\"name\":\"Turun Linnan Rotaryt 70 vuotta - Turun Linnan Rotaryklubi\",\"isPartOf\":{\"@id\":\"https:\/\/rotary.fi\/turunlinna\/#website\"},\"primaryImageOfPage\":{\"@id\":\"https:\/\/rotary.fi\/turunlinna\/turun-linnan-rotaryt-70-vuotta\/#primaryimage\"},\"image\":{\"@id\":\"https:\/\/rotary.fi\/turunlinna\/turun-linnan-rotaryt-70-vuotta\/#primaryimage\"},\"thumbnailUrl\":\"https:\/\/rotary.fi\/turunlinna\/wp-content\/uploads\/sites\/75\/2022\/02\/perustamiskirja-150x150.jpg\",\"datePublished\":\"2022-02-24T14:06:34+00:00\",\"dateModified\":\"2022-02-24T14:41:24+00:00\",\"breadcrumb\":{\"@id\":\"https:\/\/rotary.fi\/turunlinna\/turun-linnan-rotaryt-70-vuotta\/#breadcrumb\"},\"inLanguage\":\"fi\",\"potentialAction\":[{\"@type\":\"ReadAction\",\"target\":[\"https:\/\/rotary.fi\/turunlinna\/turun-linnan-rotaryt-70-vuotta\/\"]}]},{\"@type\":\"ImageObject\",\"inLanguage\":\"fi\",\"@id\":\"https:\/\/rotary.fi\/turunlinna\/turun-linnan-rotaryt-70-vuotta\/#primaryimage\",\"url\":\"https:\/\/rotary.fi\/turunlinna\/wp-content\/uploads\/sites\/75\/2022\/02\/perustamiskirja-rotated.jpg\",\"contentUrl\":\"https:\/\/rotary.fi\/turunlinna\/wp-content\/uploads\/sites\/75\/2022\/02\/perustamiskirja-rotated.jpg\",\"width\":1254,\"height\":1672},{\"@type\":\"BreadcrumbList\",\"@id\":\"https:\/\/rotary.fi\/turunlinna\/turun-linnan-rotaryt-70-vuotta\/#breadcrumb\",\"itemListElement\":[{\"@type\":\"ListItem\",\"position\":1,\"name\":\"Home\",\"item\":\"https:\/\/rotary.fi\/turunlinna\/\"},{\"@type\":\"ListItem\",\"position\":2,\"name\":\"Turun Linnan Rotaryt 70 vuotta\"}]},{\"@type\":\"WebSite\",\"@id\":\"https:\/\/rotary.fi\/turunlinna\/#website\",\"url\":\"https:\/\/rotary.fi\/turunlinna\/\",\"name\":\"Turun Linnan Rotaryklubi\",\"description\":\"Uusi Rotary klubisivusto\",\"potentialAction\":[{\"@type\":\"SearchAction\",\"target\":{\"@type\":\"EntryPoint\",\"urlTemplate\":\"https:\/\/rotary.fi\/turunlinna\/?s={search_term_string}\"},\"query-input\":{\"@type\":\"PropertyValueSpecification\",\"valueRequired\":true,\"valueName\":\"search_term_string\"}}],\"inLanguage\":\"fi\"}]}<\/script>\n<!-- \/ Yoast SEO plugin. -->","yoast_head_json":{"title":"Turun Linnan Rotaryt 70 vuotta - Turun Linnan Rotaryklubi","robots":{"index":"index","follow":"follow","max-snippet":"max-snippet:-1","max-image-preview":"max-image-preview:large","max-video-preview":"max-video-preview:-1"},"canonical":"https:\/\/rotary.fi\/turunlinna\/turun-linnan-rotaryt-70-vuotta\/","og_locale":"fi_FI","og_type":"article","og_title":"Turun Linnan Rotaryt 70 vuotta - Turun Linnan Rotaryklubi","og_description":"Turun Linnan Rotaryklubi ry on perustettu 23.4.1952. Tasavuosia juhlistetaan 17.9.2022 Juhlaillallisella. Turun Linnan Rotaryklubin perustaminen l\u00e4hti liikkeelle jo 1949.Turun ensimm\u00e4inen klubi oli toiminut jo vuodesta 1929 alkaen, ja joten oli aika perustaa toinen klubi Turun alueelle. Klubin toiminta alkoi virallisesti perustamiskokouksessa Seurahuoneella\u00a0 3.4.1952 ja klubi hyv\u00e4ksyttiin Rotary Internationalin j\u00e4seneksi 23.4.1952. Alla otteita klubin historiasta: &#8221; [&hellip;]","og_url":"https:\/\/rotary.fi\/turunlinna\/turun-linnan-rotaryt-70-vuotta\/","og_site_name":"Turun Linnan Rotaryklubi","article_modified_time":"2022-02-24T14:41:24+00:00","og_image":[{"url":"https:\/\/rotary.fi\/turunlinna\/wp-content\/uploads\/sites\/75\/2022\/02\/perustamiskirja-150x150.jpg","type":"","width":"","height":""}],"twitter_card":"summary_large_image","twitter_misc":{"Arvioitu lukuaika":"1 minuutti"},"schema":{"@context":"https:\/\/schema.org","@graph":[{"@type":"WebPage","@id":"https:\/\/rotary.fi\/turunlinna\/turun-linnan-rotaryt-70-vuotta\/","url":"https:\/\/rotary.fi\/turunlinna\/turun-linnan-rotaryt-70-vuotta\/","name":"Turun Linnan Rotaryt 70 vuotta - Turun Linnan Rotaryklubi","isPartOf":{"@id":"https:\/\/rotary.fi\/turunlinna\/#website"},"primaryImageOfPage":{"@id":"https:\/\/rotary.fi\/turunlinna\/turun-linnan-rotaryt-70-vuotta\/#primaryimage"},"image":{"@id":"https:\/\/rotary.fi\/turunlinna\/turun-linnan-rotaryt-70-vuotta\/#primaryimage"},"thumbnailUrl":"https:\/\/rotary.fi\/turunlinna\/wp-content\/uploads\/sites\/75\/2022\/02\/perustamiskirja-150x150.jpg","datePublished":"2022-02-24T14:06:34+00:00","dateModified":"2022-02-24T14:41:24+00:00","breadcrumb":{"@id":"https:\/\/rotary.fi\/turunlinna\/turun-linnan-rotaryt-70-vuotta\/#breadcrumb"},"inLanguage":"fi","potentialAction":[{"@type":"ReadAction","target":["https:\/\/rotary.fi\/turunlinna\/turun-linnan-rotaryt-70-vuotta\/"]}]},{"@type":"ImageObject","inLanguage":"fi","@id":"https:\/\/rotary.fi\/turunlinna\/turun-linnan-rotaryt-70-vuotta\/#primaryimage","url":"https:\/\/rotary.fi\/turunlinna\/wp-content\/uploads\/sites\/75\/2022\/02\/perustamiskirja-rotated.jpg","contentUrl":"https:\/\/rotary.fi\/turunlinna\/wp-content\/uploads\/sites\/75\/2022\/02\/perustamiskirja-rotated.jpg","width":1254,"height":1672},{"@type":"BreadcrumbList","@id":"https:\/\/rotary.fi\/turunlinna\/turun-linnan-rotaryt-70-vuotta\/#breadcrumb","itemListElement":[{"@type":"ListItem","position":1,"name":"Home","item":"https:\/\/rotary.fi\/turunlinna\/"},{"@type":"ListItem","position":2,"name":"Turun Linnan Rotaryt 70 vuotta"}]},{"@type":"WebSite","@id":"https:\/\/rotary.fi\/turunlinna\/#website","url":"https:\/\/rotary.fi\/turunlinna\/","name":"Turun Linnan Rotaryklubi","description":"Uusi Rotary klubisivusto","potentialAction":[{"@type":"SearchAction","target":{"@type":"EntryPoint","urlTemplate":"https:\/\/rotary.fi\/turunlinna\/?s={search_term_string}"},"query-input":{"@type":"PropertyValueSpecification","valueRequired":true,"valueName":"search_term_string"}}],"inLanguage":"fi"}]}},"lang":"fi","translations":{"fi":1767},"pll_sync_post":[],"_links":{"self":[{"href":"https:\/\/rotary.fi\/turunlinna\/wp-json\/wp\/v2\/pages\/1767","targetHints":{"allow":["GET"]}}],"collection":[{"href":"https:\/\/rotary.fi\/turunlinna\/wp-json\/wp\/v2\/pages"}],"about":[{"href":"https:\/\/rotary.fi\/turunlinna\/wp-json\/wp\/v2\/types\/page"}],"author":[{"embeddable":true,"href":"https:\/\/rotary.fi\/turunlinna\/wp-json\/wp\/v2\/users\/83"}],"replies":[{"embeddable":true,"href":"https:\/\/rotary.fi\/turunlinna\/wp-json\/wp\/v2\/comments?post=1767"}],"version-history":[{"count":5,"href":"https:\/\/rotary.fi\/turunlinna\/wp-json\/wp\/v2\/pages\/1767\/revisions"}],"predecessor-version":[{"id":1772,"href":"https:\/\/rotary.fi\/turunlinna\/wp-json\/wp\/v2\/pages\/1767\/revisions\/1772"}],"wp:attachment":[{"href":"https:\/\/rotary.fi\/turunlinna\/wp-json\/wp\/v2\/media?parent=1767"}],"curies":[{"name":"wp","href":"https:\/\/api.w.org\/{rel}","templated":true}]}}