{"id":1405,"date":"2019-03-19T16:18:42","date_gmt":"2019-03-19T14:18:42","guid":{"rendered":"https:\/\/rotary.fi\/turunlinna\/?page_id=1405"},"modified":"2025-08-20T12:23:17","modified_gmt":"2025-08-20T09:23:17","slug":"nuorisovaihtotoiminta","status":"publish","type":"page","link":"https:\/\/rotary.fi\/turunlinna\/nuorisovaihtotoiminta\/","title":{"rendered":"Nuorisovaihtotoiminta"},"content":{"rendered":"<p><strong>Kansainv\u00e4linen nuorisovaihto eli vaihto-oppilastoiminta<\/strong> on t\u00e4rke\u00e4 osa Turun Linnan Rotaryklubin jokavuotista toimintaa. Klubimme l\u00e4hett\u00e4\u00e4 vuosittain yhden turkulaisen 16-18 vuotiaan nuoren vuosivaihtoon ja vastavuoroisesti vastaanottaa yhden ulkomaisen nuoren vastaavaksi ajaksi Turkuun. Lukuvuoden kest\u00e4v\u00e4n vuosivaihdon lis\u00e4ksi klubimme kautta on my\u00f6s mahdollista hakea ns. kes\u00e4vaihtoon. Lis\u00e4tietoja eri muun muassa vaihtomuodoista, kohdemaista, hakuohjeista ja kustannuksista l\u00f6ytyy <a href=\"https:\/\/rye.fi\">Rotary-nuorisovaihdon sivuilta<\/a>.<\/p>\n<p><strong>Miten hakea vaihto-oppilaaksi Turun Linnan Rotaryklubin kautta?<\/strong><\/p>\n<p>Vuosivaihtoon l\u00e4hdet\u00e4\u00e4n Suomesta yleens\u00e4 lukion ensimm\u00e4isen luokan tai ammatillisen koulutuksen ensimm\u00e4isen opiskeluvuoden j\u00e4lkeen. Vaihtoon voi toki l\u00e4hte\u00e4 viel\u00e4 lukion toisenkin luokan j\u00e4lkeen. Hakuprosessi alkaa kuitenkin jo l\u00e4hes vuotta aikaisemmin eli l\u00e4ht\u00f6vuotta edelt\u00e4v\u00e4n vuoden syksyll\u00e4.<\/p>\n<p>Haku vaihto-oppilaaksi alkaa vapaamuotoisella, noin sivun mittaisella kirjeell\u00e4, jossa hakija kertoo lyhyesti itsest\u00e4\u00e4n, perheest\u00e4\u00e4n ja harrastuksistaan ja perustelee haluaan vaihto-oppilaaksi. Hakemus l\u00e4hetet\u00e4\u00e4n nuorisovaihtoasiamiehelle syyskuun loppuun menness\u00e4. Hakijat saavat kutsun haastattelutilaisuuteen, jonka Turun Rotaryklubit j\u00e4rjest\u00e4v\u00e4t yhdess\u00e4 marraskuussa. Haastattelun perusteella tehd\u00e4\u00e4n Rotaryklubien ehdotukset valinnoista. Viime vuosina Turun klubit ovat valinneet 7-8 l\u00e4htev\u00e4\u00e4 vaihto-oppilasta. Klubien valmistelevien valintojen j\u00e4lkeen alkaa varsinaisten hakulomakkeiden t\u00e4ytt\u00e4minen, mit\u00e4 hakijat tekev\u00e4t klubien nuorisovaihtoasiamiesten kanssa marras-joulukuun aikana. Lopullisen kohdemaan vaihto-oppilaiksi hyv\u00e4ksytyt saavat tiet\u00e4\u00e4 kev\u00e4\u00e4n kuluessa, viimeist\u00e4\u00e4n toukokuussa.<\/p>\n<p><strong>Is\u00e4nt\u00e4perheen\u00e4 toimiminen<\/strong><\/p>\n<p>Rotary-nuorisovaihto perustuu vastavuoroisuuteen. Vaihto-oppilaan l\u00e4hett\u00e4v\u00e4 rotaryklubi sitoutuu vastaanottamaan vastavuoroisesti t\u00e4nne tulevan vaihto-oppilaan. Suomeen tulevan vaihto-oppilaan is\u00e4nt\u00e4perheen\u00e4 voi toimia kuka tahansa suomalainen perhe. Perheelt\u00e4 edellytet\u00e4\u00e4n vain normaalia tasapainoista el\u00e4m\u00e4ntilannetta, kiinnostusta toimintaan ja aikaa olla ja huolehtia vaihto-oppilaan kaikinpuolisista toiveista ja tarpeista.<\/p>\n<p>Is\u00e4nt\u00e4perheen\u00e4 toimiminen tarjoaa perheelle tilaisuuden tutustua uuteen kulttuuriin, uuteen kieleen (vaikka suomea puhutaankin) ja tietysti uuteen ihmiseen ja h\u00e4nen omaan perheeseens\u00e4. Usein n\u00e4m\u00e4 uudet suhteet kantavat pitk\u00e4lle nuoren aikuisik\u00e4\u00e4n ja joskus koko loppuel\u00e4m\u00e4ksi tarjoten erinomaisia kontaktimahdollisuuksia, mik\u00e4li perhe itse matkustaa nuoren kotimaahan.<\/p>\n<p>Is\u00e4nt\u00e4perheen velvollisuutena on j\u00e4rjest\u00e4\u00e4 oppilaalle vain majoitus \u2013 mieluiten oma huone \u2013 ja ravinto. Is\u00e4nt\u00e4perheen\u00e4 toimiminen ei maksa mit\u00e4\u00e4n, mutta siit\u00e4 ei my\u00f6sk\u00e4\u00e4n makseta korvausta.<\/p>\n<p>Rotary-nuorisovaihdossa is\u00e4nt\u00e4perheit\u00e4 on vuosivaihdossa 2 \u2013 4 kpl eli k\u00e4yt\u00e4nn\u00f6ss\u00e4 keskim\u00e4\u00e4r\u00e4inen is\u00e4nt\u00e4perheen\u00e4 toimiminen kest\u00e4\u00e4 n. 3 \u2013 4 kuukautta. Huom! Is\u00e4nt\u00e4perheell\u00e4 tai vaihto-oppilaaksi hakevalla nuorellakaan ei tarvitse olla mit\u00e4\u00e4n aiempaa kontaktia Rotary-toimintaan.<\/p>\n<p>Mik\u00e4li olet kiinnostunut toimimaan is\u00e4nt\u00e4perheen\u00e4, ota yhteys t\u00e4ss\u00e4kin asiassa allekirjoittaneeseen ja ilmoittaudu halukkaaksi!<\/p>\n<p>Nuorisovaihtoterveisin<\/p>\n<p>Juhani Elonheimo<br \/>\nNuorisovaihto-asiamies<\/p>\n<p>&nbsp;<\/p>\n<p>&nbsp;<\/p>\n<p>&nbsp;<\/p>\n<p>&nbsp;<\/p>\n","protected":false},"excerpt":{"rendered":"<p>Kansainv\u00e4linen nuorisovaihto eli vaihto-oppilastoiminta on t\u00e4rke\u00e4 osa Turun Linnan Rotaryklubin jokavuotista toimintaa. Klubimme l\u00e4hett\u00e4\u00e4 vuosittain yhden turkulaisen 16-18 vuotiaan nuoren vuosivaihtoon ja vastavuoroisesti vastaanottaa yhden ulkomaisen nuoren vastaavaksi ajaksi Turkuun. Lukuvuoden kest\u00e4v\u00e4n vuosivaihdon lis\u00e4ksi klubimme kautta on my\u00f6s mahdollista hakea ns. kes\u00e4vaihtoon. Lis\u00e4tietoja eri muun muassa vaihtomuodoista, kohdemaista, hakuohjeista ja kustannuksista l\u00f6ytyy Rotary-nuorisovaihdon sivuilta. Miten [&hellip;]<\/p>\n","protected":false},"author":83,"featured_media":0,"parent":0,"menu_order":0,"comment_status":"closed","ping_status":"closed","template":"","meta":{"_acf_changed":false,"_et_pb_use_builder":"","_et_pb_old_content":"","_et_gb_content_width":"","footnotes":""},"class_list":["post-1405","page","type-page","status-publish","hentry"],"acf":[],"yoast_head":"<!-- This site is optimized with the Yoast SEO plugin v27.0 - https:\/\/yoast.com\/product\/yoast-seo-wordpress\/ -->\n<title>Nuorisovaihtotoiminta - Turun Linnan Rotaryklubi<\/title>\n<meta name=\"robots\" content=\"index, follow, max-snippet:-1, max-image-preview:large, max-video-preview:-1\" \/>\n<link rel=\"canonical\" href=\"https:\/\/rotary.fi\/turunlinna\/nuorisovaihtotoiminta\/\" \/>\n<meta property=\"og:locale\" content=\"fi_FI\" \/>\n<meta property=\"og:type\" content=\"article\" \/>\n<meta property=\"og:title\" content=\"Nuorisovaihtotoiminta - Turun Linnan Rotaryklubi\" \/>\n<meta property=\"og:description\" content=\"Kansainv\u00e4linen nuorisovaihto eli vaihto-oppilastoiminta on t\u00e4rke\u00e4 osa Turun Linnan Rotaryklubin jokavuotista toimintaa. Klubimme l\u00e4hett\u00e4\u00e4 vuosittain yhden turkulaisen 16-18 vuotiaan nuoren vuosivaihtoon ja vastavuoroisesti vastaanottaa yhden ulkomaisen nuoren vastaavaksi ajaksi Turkuun. Lukuvuoden kest\u00e4v\u00e4n vuosivaihdon lis\u00e4ksi klubimme kautta on my\u00f6s mahdollista hakea ns. kes\u00e4vaihtoon. Lis\u00e4tietoja eri muun muassa vaihtomuodoista, kohdemaista, hakuohjeista ja kustannuksista l\u00f6ytyy Rotary-nuorisovaihdon sivuilta. Miten [&hellip;]\" \/>\n<meta property=\"og:url\" content=\"https:\/\/rotary.fi\/turunlinna\/nuorisovaihtotoiminta\/\" \/>\n<meta property=\"og:site_name\" content=\"Turun Linnan Rotaryklubi\" \/>\n<meta property=\"article:modified_time\" content=\"2025-08-20T09:23:17+00:00\" \/>\n<meta name=\"twitter:card\" content=\"summary_large_image\" \/>\n<meta name=\"twitter:label1\" content=\"Arvioitu lukuaika\" \/>\n\t<meta name=\"twitter:data1\" content=\"3 minuuttia\" \/>\n<script type=\"application\/ld+json\" class=\"yoast-schema-graph\">{\"@context\":\"https:\/\/schema.org\",\"@graph\":[{\"@type\":\"WebPage\",\"@id\":\"https:\/\/rotary.fi\/turunlinna\/nuorisovaihtotoiminta\/\",\"url\":\"https:\/\/rotary.fi\/turunlinna\/nuorisovaihtotoiminta\/\",\"name\":\"Nuorisovaihtotoiminta - Turun Linnan Rotaryklubi\",\"isPartOf\":{\"@id\":\"https:\/\/rotary.fi\/turunlinna\/#website\"},\"datePublished\":\"2019-03-19T14:18:42+00:00\",\"dateModified\":\"2025-08-20T09:23:17+00:00\",\"breadcrumb\":{\"@id\":\"https:\/\/rotary.fi\/turunlinna\/nuorisovaihtotoiminta\/#breadcrumb\"},\"inLanguage\":\"fi\",\"potentialAction\":[{\"@type\":\"ReadAction\",\"target\":[\"https:\/\/rotary.fi\/turunlinna\/nuorisovaihtotoiminta\/\"]}]},{\"@type\":\"BreadcrumbList\",\"@id\":\"https:\/\/rotary.fi\/turunlinna\/nuorisovaihtotoiminta\/#breadcrumb\",\"itemListElement\":[{\"@type\":\"ListItem\",\"position\":1,\"name\":\"Home\",\"item\":\"https:\/\/rotary.fi\/turunlinna\/\"},{\"@type\":\"ListItem\",\"position\":2,\"name\":\"Nuorisovaihtotoiminta\"}]},{\"@type\":\"WebSite\",\"@id\":\"https:\/\/rotary.fi\/turunlinna\/#website\",\"url\":\"https:\/\/rotary.fi\/turunlinna\/\",\"name\":\"Turun Linnan Rotaryklubi\",\"description\":\"Uusi Rotary klubisivusto\",\"potentialAction\":[{\"@type\":\"SearchAction\",\"target\":{\"@type\":\"EntryPoint\",\"urlTemplate\":\"https:\/\/rotary.fi\/turunlinna\/?s={search_term_string}\"},\"query-input\":{\"@type\":\"PropertyValueSpecification\",\"valueRequired\":true,\"valueName\":\"search_term_string\"}}],\"inLanguage\":\"fi\"}]}<\/script>\n<!-- \/ Yoast SEO plugin. -->","yoast_head_json":{"title":"Nuorisovaihtotoiminta - Turun Linnan Rotaryklubi","robots":{"index":"index","follow":"follow","max-snippet":"max-snippet:-1","max-image-preview":"max-image-preview:large","max-video-preview":"max-video-preview:-1"},"canonical":"https:\/\/rotary.fi\/turunlinna\/nuorisovaihtotoiminta\/","og_locale":"fi_FI","og_type":"article","og_title":"Nuorisovaihtotoiminta - Turun Linnan Rotaryklubi","og_description":"Kansainv\u00e4linen nuorisovaihto eli vaihto-oppilastoiminta on t\u00e4rke\u00e4 osa Turun Linnan Rotaryklubin jokavuotista toimintaa. Klubimme l\u00e4hett\u00e4\u00e4 vuosittain yhden turkulaisen 16-18 vuotiaan nuoren vuosivaihtoon ja vastavuoroisesti vastaanottaa yhden ulkomaisen nuoren vastaavaksi ajaksi Turkuun. Lukuvuoden kest\u00e4v\u00e4n vuosivaihdon lis\u00e4ksi klubimme kautta on my\u00f6s mahdollista hakea ns. kes\u00e4vaihtoon. Lis\u00e4tietoja eri muun muassa vaihtomuodoista, kohdemaista, hakuohjeista ja kustannuksista l\u00f6ytyy Rotary-nuorisovaihdon sivuilta. Miten [&hellip;]","og_url":"https:\/\/rotary.fi\/turunlinna\/nuorisovaihtotoiminta\/","og_site_name":"Turun Linnan Rotaryklubi","article_modified_time":"2025-08-20T09:23:17+00:00","twitter_card":"summary_large_image","twitter_misc":{"Arvioitu lukuaika":"3 minuuttia"},"schema":{"@context":"https:\/\/schema.org","@graph":[{"@type":"WebPage","@id":"https:\/\/rotary.fi\/turunlinna\/nuorisovaihtotoiminta\/","url":"https:\/\/rotary.fi\/turunlinna\/nuorisovaihtotoiminta\/","name":"Nuorisovaihtotoiminta - Turun Linnan Rotaryklubi","isPartOf":{"@id":"https:\/\/rotary.fi\/turunlinna\/#website"},"datePublished":"2019-03-19T14:18:42+00:00","dateModified":"2025-08-20T09:23:17+00:00","breadcrumb":{"@id":"https:\/\/rotary.fi\/turunlinna\/nuorisovaihtotoiminta\/#breadcrumb"},"inLanguage":"fi","potentialAction":[{"@type":"ReadAction","target":["https:\/\/rotary.fi\/turunlinna\/nuorisovaihtotoiminta\/"]}]},{"@type":"BreadcrumbList","@id":"https:\/\/rotary.fi\/turunlinna\/nuorisovaihtotoiminta\/#breadcrumb","itemListElement":[{"@type":"ListItem","position":1,"name":"Home","item":"https:\/\/rotary.fi\/turunlinna\/"},{"@type":"ListItem","position":2,"name":"Nuorisovaihtotoiminta"}]},{"@type":"WebSite","@id":"https:\/\/rotary.fi\/turunlinna\/#website","url":"https:\/\/rotary.fi\/turunlinna\/","name":"Turun Linnan Rotaryklubi","description":"Uusi Rotary klubisivusto","potentialAction":[{"@type":"SearchAction","target":{"@type":"EntryPoint","urlTemplate":"https:\/\/rotary.fi\/turunlinna\/?s={search_term_string}"},"query-input":{"@type":"PropertyValueSpecification","valueRequired":true,"valueName":"search_term_string"}}],"inLanguage":"fi"}]}},"lang":"fi","translations":{"fi":1405},"pll_sync_post":[],"_links":{"self":[{"href":"https:\/\/rotary.fi\/turunlinna\/wp-json\/wp\/v2\/pages\/1405","targetHints":{"allow":["GET"]}}],"collection":[{"href":"https:\/\/rotary.fi\/turunlinna\/wp-json\/wp\/v2\/pages"}],"about":[{"href":"https:\/\/rotary.fi\/turunlinna\/wp-json\/wp\/v2\/types\/page"}],"author":[{"embeddable":true,"href":"https:\/\/rotary.fi\/turunlinna\/wp-json\/wp\/v2\/users\/83"}],"replies":[{"embeddable":true,"href":"https:\/\/rotary.fi\/turunlinna\/wp-json\/wp\/v2\/comments?post=1405"}],"version-history":[{"count":7,"href":"https:\/\/rotary.fi\/turunlinna\/wp-json\/wp\/v2\/pages\/1405\/revisions"}],"predecessor-version":[{"id":2438,"href":"https:\/\/rotary.fi\/turunlinna\/wp-json\/wp\/v2\/pages\/1405\/revisions\/2438"}],"wp:attachment":[{"href":"https:\/\/rotary.fi\/turunlinna\/wp-json\/wp\/v2\/media?parent=1405"}],"curies":[{"name":"wp","href":"https:\/\/api.w.org\/{rel}","templated":true}]}}