{"id":94,"date":"2018-08-09T15:14:30","date_gmt":"2018-08-09T12:14:30","guid":{"rendered":"https:\/\/rotary.fi\/klubi2\/?page_id=94"},"modified":"2026-04-05T09:48:51","modified_gmt":"2026-04-05T06:48:51","slug":"ajankohtaista","status":"publish","type":"page","link":"https:\/\/rotary.fi\/turkusirkkala\/ajankohtaista\/","title":{"rendered":"Ajankohtaista"},"content":{"rendered":"<p>[et_pb_section fb_built=&#8221;1&#8243; module_class=&#8221;jumbotron-page&#8221; _builder_version=&#8221;4.27.4&#8243; background_image=&#8221;https:\/\/rotary.fi\/turkusirkkala\/wp-content\/uploads\/sites\/254\/2026\/04\/talvimaisema-w50.jpg&#8221; hover_enabled=&#8221;0&#8243; global_colors_info=&#8221;{}&#8221; title_text=&#8221;Talvimaisema_w50&#8243; sticky_enabled=&#8221;0&#8243;][et_pb_row _builder_version=&#8221;4.27.4&#8243; background_size=&#8221;initial&#8221; background_position=&#8221;top_left&#8221; background_repeat=&#8221;repeat&#8221; global_colors_info=&#8221;{}&#8221;][et_pb_column type=&#8221;4_4&#8243; _builder_version=&#8221;4.16&#8243; custom_padding=&#8221;|||&#8221; global_colors_info=&#8221;{}&#8221; custom_padding__hover=&#8221;|||&#8221;][et_pb_text admin_label=&#8221;P\u00e4\u00e4otsikko&#8221; _builder_version=&#8221;4.27.4&#8243; text_orientation=&#8221;center&#8221; background_layout=&#8221;dark&#8221; global_colors_info=&#8221;{}&#8221;]<\/p>\n<h1>Ajankohtaista<\/h1>\n<p>[\/et_pb_text][\/et_pb_column][\/et_pb_row][\/et_pb_section][et_pb_section fb_built=&#8221;1&#8243; specialty=&#8221;on&#8221; module_class_2=&#8221;sivupalkki&#8221; _builder_version=&#8221;4.16&#8243; locked=&#8221;on&#8221; global_colors_info=&#8221;{}&#8221;][et_pb_column type=&#8221;2_3&#8243; specialty_columns=&#8221;2&#8243; _builder_version=&#8221;4.16&#8243; custom_padding=&#8221;|||&#8221; global_colors_info=&#8221;{}&#8221; custom_padding__hover=&#8221;|||&#8221;][et_pb_row_inner admin_label=&#8221;Rivi&#8221; _builder_version=&#8221;4.16&#8243; locked=&#8221;on&#8221; global_colors_info=&#8221;{}&#8221;][et_pb_column_inner saved_specialty_column_type=&#8221;2_3&#8243; _builder_version=&#8221;4.16&#8243; custom_padding=&#8221;|||&#8221; global_colors_info=&#8221;{}&#8221; custom_padding__hover=&#8221;|||&#8221;][et_pb_text admin_label=&#8221;Otsikko&#8221; _builder_version=&#8221;4.16&#8243; text_orientation=&#8221;center&#8221; global_colors_info=&#8221;{}&#8221;]<\/p>\n<h1>Ajankohtaista<\/h1>\n<p>[\/et_pb_text][et_pb_code admin_label=&#8221;Ajankohtaisten listaus&#8221; module_class=&#8221;kaikki_ajankohtaiset&#8221; _builder_version=&#8221;4.16&#8243; global_colors_info=&#8221;{}&#8221;][\/et_pb_code][\/et_pb_column_inner][\/et_pb_row_inner][\/et_pb_column][et_pb_column type=&#8221;1_3&#8243; _builder_version=&#8221;4.16&#8243; custom_padding=&#8221;|||&#8221; global_colors_info=&#8221;{}&#8221; custom_padding__hover=&#8221;|||&#8221;][et_pb_sidebar area=&#8221;sidebar-1&#8243; module_class=&#8221;sivupalkki_sisalto&#8221; _builder_version=&#8221;4.16&#8243; global_colors_info=&#8221;{}&#8221;][\/et_pb_sidebar][\/et_pb_column][\/et_pb_section]<\/p>\n","protected":false},"excerpt":{"rendered":"<p>AjankohtaistaAjankohtaista <\/p>\n","protected":false},"author":1,"featured_media":0,"parent":0,"menu_order":0,"comment_status":"closed","ping_status":"closed","template":"","meta":{"_acf_changed":false,"_et_pb_use_builder":"on","_et_pb_old_content":"","_et_gb_content_width":"","footnotes":""},"class_list":["post-94","page","type-page","status-publish","hentry"],"acf":[],"yoast_head":"<!-- This site is optimized with the Yoast SEO plugin v27.4 - https:\/\/yoast.com\/product\/yoast-seo-wordpress\/ -->\n<title>Ajankohtaista - Turku Sirkkala Rotaryklubi<\/title>\n<meta name=\"description\" content=\"Uuden Rotaryvuoden 2024-2025 ensimm\u00e4inen kokous pidet\u00e4\u00e4n 20.08.2024. Hyv\u00e4\u00e4 kes\u00e4\u00e4 kaikille!\" \/>\n<meta name=\"robots\" content=\"index, follow, max-snippet:-1, max-image-preview:large, max-video-preview:-1\" \/>\n<link rel=\"canonical\" href=\"https:\/\/rotary.fi\/turkusirkkala\/ajankohtaista\/\" \/>\n<meta property=\"og:locale\" content=\"fi_FI\" \/>\n<meta property=\"og:type\" content=\"article\" \/>\n<meta property=\"og:title\" content=\"Ajankohtaista - Turku Sirkkala Rotaryklubi\" \/>\n<meta property=\"og:description\" content=\"Uuden Rotaryvuoden 2024-2025 ensimm\u00e4inen kokous pidet\u00e4\u00e4n 20.08.2024. Hyv\u00e4\u00e4 kes\u00e4\u00e4 kaikille!\" \/>\n<meta property=\"og:url\" content=\"https:\/\/rotary.fi\/turkusirkkala\/ajankohtaista\/\" \/>\n<meta property=\"og:site_name\" content=\"Turku Sirkkala Rotaryklubi\" \/>\n<meta property=\"article:modified_time\" content=\"2026-04-05T06:48:51+00:00\" \/>\n<meta name=\"twitter:card\" content=\"summary_large_image\" \/>\n<meta name=\"twitter:label1\" content=\"Arvioitu lukuaika\" \/>\n\t<meta name=\"twitter:data1\" content=\"1 minuutti\" \/>\n<script type=\"application\/ld+json\" class=\"yoast-schema-graph\">{\"@context\":\"https:\\\/\\\/schema.org\",\"@graph\":[{\"@type\":\"WebPage\",\"@id\":\"https:\\\/\\\/rotary.fi\\\/turkusirkkala\\\/ajankohtaista\\\/\",\"url\":\"https:\\\/\\\/rotary.fi\\\/turkusirkkala\\\/ajankohtaista\\\/\",\"name\":\"Ajankohtaista - Turku Sirkkala Rotaryklubi\",\"isPartOf\":{\"@id\":\"https:\\\/\\\/rotary.fi\\\/turkusirkkala\\\/#website\"},\"datePublished\":\"2018-08-09T12:14:30+00:00\",\"dateModified\":\"2026-04-05T06:48:51+00:00\",\"description\":\"Uuden Rotaryvuoden 2024-2025 ensimm\u00e4inen kokous pidet\u00e4\u00e4n 20.08.2024. Hyv\u00e4\u00e4 kes\u00e4\u00e4 kaikille!\",\"breadcrumb\":{\"@id\":\"https:\\\/\\\/rotary.fi\\\/turkusirkkala\\\/ajankohtaista\\\/#breadcrumb\"},\"inLanguage\":\"fi\",\"potentialAction\":[{\"@type\":\"ReadAction\",\"target\":[\"https:\\\/\\\/rotary.fi\\\/turkusirkkala\\\/ajankohtaista\\\/\"]}]},{\"@type\":\"BreadcrumbList\",\"@id\":\"https:\\\/\\\/rotary.fi\\\/turkusirkkala\\\/ajankohtaista\\\/#breadcrumb\",\"itemListElement\":[{\"@type\":\"ListItem\",\"position\":1,\"name\":\"Home\",\"item\":\"https:\\\/\\\/rotary.fi\\\/turkusirkkala\\\/\"},{\"@type\":\"ListItem\",\"position\":2,\"name\":\"Ajankohtaista\"}]},{\"@type\":\"WebSite\",\"@id\":\"https:\\\/\\\/rotary.fi\\\/turkusirkkala\\\/#website\",\"url\":\"https:\\\/\\\/rotary.fi\\\/turkusirkkala\\\/\",\"name\":\"Turku Sirkkala Rotaryklubi\",\"description\":\"Uusi Rotary klubisivusto\",\"publisher\":{\"@id\":\"https:\\\/\\\/rotary.fi\\\/turkusirkkala\\\/#organization\"},\"potentialAction\":[{\"@type\":\"SearchAction\",\"target\":{\"@type\":\"EntryPoint\",\"urlTemplate\":\"https:\\\/\\\/rotary.fi\\\/turkusirkkala\\\/?s={search_term_string}\"},\"query-input\":{\"@type\":\"PropertyValueSpecification\",\"valueRequired\":true,\"valueName\":\"search_term_string\"}}],\"inLanguage\":\"fi\"},{\"@type\":\"Organization\",\"@id\":\"https:\\\/\\\/rotary.fi\\\/turkusirkkala\\\/#organization\",\"name\":\"Turku Sirkkala Rotaryklubi\",\"url\":\"https:\\\/\\\/rotary.fi\\\/turkusirkkala\\\/\",\"logo\":{\"@type\":\"ImageObject\",\"inLanguage\":\"fi\",\"@id\":\"https:\\\/\\\/rotary.fi\\\/turkusirkkala\\\/#\\\/schema\\\/logo\\\/image\\\/\",\"url\":\"https:\\\/\\\/rotary.fi\\\/turkusirkkala\\\/wp-content\\\/uploads\\\/sites\\\/254\\\/2018\\\/08\\\/rotary-logo-main-2.png\",\"contentUrl\":\"https:\\\/\\\/rotary.fi\\\/turkusirkkala\\\/wp-content\\\/uploads\\\/sites\\\/254\\\/2018\\\/08\\\/rotary-logo-main-2.png\",\"width\":135,\"height\":52,\"caption\":\"Turku Sirkkala Rotaryklubi\"},\"image\":{\"@id\":\"https:\\\/\\\/rotary.fi\\\/turkusirkkala\\\/#\\\/schema\\\/logo\\\/image\\\/\"}}]}<\/script>\n<!-- \/ Yoast SEO plugin. -->","yoast_head_json":{"title":"Ajankohtaista - Turku Sirkkala Rotaryklubi","description":"Uuden Rotaryvuoden 2024-2025 ensimm\u00e4inen kokous pidet\u00e4\u00e4n 20.08.2024. Hyv\u00e4\u00e4 kes\u00e4\u00e4 kaikille!","robots":{"index":"index","follow":"follow","max-snippet":"max-snippet:-1","max-image-preview":"max-image-preview:large","max-video-preview":"max-video-preview:-1"},"canonical":"https:\/\/rotary.fi\/turkusirkkala\/ajankohtaista\/","og_locale":"fi_FI","og_type":"article","og_title":"Ajankohtaista - Turku Sirkkala Rotaryklubi","og_description":"Uuden Rotaryvuoden 2024-2025 ensimm\u00e4inen kokous pidet\u00e4\u00e4n 20.08.2024. Hyv\u00e4\u00e4 kes\u00e4\u00e4 kaikille!","og_url":"https:\/\/rotary.fi\/turkusirkkala\/ajankohtaista\/","og_site_name":"Turku Sirkkala Rotaryklubi","article_modified_time":"2026-04-05T06:48:51+00:00","twitter_card":"summary_large_image","twitter_misc":{"Arvioitu lukuaika":"1 minuutti"},"schema":{"@context":"https:\/\/schema.org","@graph":[{"@type":"WebPage","@id":"https:\/\/rotary.fi\/turkusirkkala\/ajankohtaista\/","url":"https:\/\/rotary.fi\/turkusirkkala\/ajankohtaista\/","name":"Ajankohtaista - Turku Sirkkala Rotaryklubi","isPartOf":{"@id":"https:\/\/rotary.fi\/turkusirkkala\/#website"},"datePublished":"2018-08-09T12:14:30+00:00","dateModified":"2026-04-05T06:48:51+00:00","description":"Uuden Rotaryvuoden 2024-2025 ensimm\u00e4inen kokous pidet\u00e4\u00e4n 20.08.2024. Hyv\u00e4\u00e4 kes\u00e4\u00e4 kaikille!","breadcrumb":{"@id":"https:\/\/rotary.fi\/turkusirkkala\/ajankohtaista\/#breadcrumb"},"inLanguage":"fi","potentialAction":[{"@type":"ReadAction","target":["https:\/\/rotary.fi\/turkusirkkala\/ajankohtaista\/"]}]},{"@type":"BreadcrumbList","@id":"https:\/\/rotary.fi\/turkusirkkala\/ajankohtaista\/#breadcrumb","itemListElement":[{"@type":"ListItem","position":1,"name":"Home","item":"https:\/\/rotary.fi\/turkusirkkala\/"},{"@type":"ListItem","position":2,"name":"Ajankohtaista"}]},{"@type":"WebSite","@id":"https:\/\/rotary.fi\/turkusirkkala\/#website","url":"https:\/\/rotary.fi\/turkusirkkala\/","name":"Turku Sirkkala Rotaryklubi","description":"Uusi Rotary klubisivusto","publisher":{"@id":"https:\/\/rotary.fi\/turkusirkkala\/#organization"},"potentialAction":[{"@type":"SearchAction","target":{"@type":"EntryPoint","urlTemplate":"https:\/\/rotary.fi\/turkusirkkala\/?s={search_term_string}"},"query-input":{"@type":"PropertyValueSpecification","valueRequired":true,"valueName":"search_term_string"}}],"inLanguage":"fi"},{"@type":"Organization","@id":"https:\/\/rotary.fi\/turkusirkkala\/#organization","name":"Turku Sirkkala Rotaryklubi","url":"https:\/\/rotary.fi\/turkusirkkala\/","logo":{"@type":"ImageObject","inLanguage":"fi","@id":"https:\/\/rotary.fi\/turkusirkkala\/#\/schema\/logo\/image\/","url":"https:\/\/rotary.fi\/turkusirkkala\/wp-content\/uploads\/sites\/254\/2018\/08\/rotary-logo-main-2.png","contentUrl":"https:\/\/rotary.fi\/turkusirkkala\/wp-content\/uploads\/sites\/254\/2018\/08\/rotary-logo-main-2.png","width":135,"height":52,"caption":"Turku Sirkkala Rotaryklubi"},"image":{"@id":"https:\/\/rotary.fi\/turkusirkkala\/#\/schema\/logo\/image\/"}}]}},"lang":"fi","translations":{"fi":94,"en":1492},"pll_sync_post":[],"_links":{"self":[{"href":"https:\/\/rotary.fi\/turkusirkkala\/wp-json\/wp\/v2\/pages\/94","targetHints":{"allow":["GET"]}}],"collection":[{"href":"https:\/\/rotary.fi\/turkusirkkala\/wp-json\/wp\/v2\/pages"}],"about":[{"href":"https:\/\/rotary.fi\/turkusirkkala\/wp-json\/wp\/v2\/types\/page"}],"author":[{"embeddable":true,"href":"https:\/\/rotary.fi\/turkusirkkala\/wp-json\/wp\/v2\/users\/1"}],"replies":[{"embeddable":true,"href":"https:\/\/rotary.fi\/turkusirkkala\/wp-json\/wp\/v2\/comments?post=94"}],"version-history":[{"count":10,"href":"https:\/\/rotary.fi\/turkusirkkala\/wp-json\/wp\/v2\/pages\/94\/revisions"}],"predecessor-version":[{"id":2884,"href":"https:\/\/rotary.fi\/turkusirkkala\/wp-json\/wp\/v2\/pages\/94\/revisions\/2884"}],"wp:attachment":[{"href":"https:\/\/rotary.fi\/turkusirkkala\/wp-json\/wp\/v2\/media?parent=94"}],"curies":[{"name":"wp","href":"https:\/\/api.w.org\/{rel}","templated":true}]}}