{"id":160,"date":"2018-08-13T09:49:16","date_gmt":"2018-08-13T06:49:16","guid":{"rendered":"https:\/\/rotary.fi\/turkusirkkala\/?page_id=160"},"modified":"2024-08-08T14:50:24","modified_gmt":"2024-08-08T11:50:24","slug":"yhteiset-projektit","status":"publish","type":"page","link":"https:\/\/rotary.fi\/turkusirkkala\/mita-teemme\/yhteiset-projektit\/","title":{"rendered":"Yhteiset projektit"},"content":{"rendered":"<p>[et_pb_section fb_built=&#8221;1&#8243; module_class=&#8221;jumbotron-page&#8221; _builder_version=&#8221;4.16&#8243; background_image=&#8221;https:\/\/rotary.fi\/turkusirkkala\/wp-content\/uploads\/sites\/254\/2018\/10\/rotary_klubit_alasivu_paakuva_15.jpg&#8221; global_colors_info=&#8221;{}&#8221;][et_pb_row _builder_version=&#8221;4.16&#8243; background_size=&#8221;initial&#8221; background_position=&#8221;top_left&#8221; background_repeat=&#8221;repeat&#8221; global_colors_info=&#8221;{}&#8221;][et_pb_column type=&#8221;4_4&#8243; _builder_version=&#8221;4.16&#8243; custom_padding=&#8221;|||&#8221; global_colors_info=&#8221;{}&#8221; custom_padding__hover=&#8221;|||&#8221;][et_pb_text admin_label=&#8221;P\u00e4\u00e4otsikko&#8221; _builder_version=&#8221;4.16&#8243; text_orientation=&#8221;center&#8221; background_layout=&#8221;dark&#8221; global_colors_info=&#8221;{}&#8221;]<\/p>\n<h1>Yhteiset projektit<\/h1>\n<p>[\/et_pb_text][\/et_pb_column][\/et_pb_row][\/et_pb_section][et_pb_section fb_built=&#8221;1&#8243; specialty=&#8221;on&#8221; module_class_2=&#8221;sivupalkki&#8221; _builder_version=&#8221;4.16&#8243; global_colors_info=&#8221;{}&#8221;][et_pb_column type=&#8221;2_3&#8243; specialty_columns=&#8221;2&#8243; _builder_version=&#8221;4.16&#8243; custom_padding=&#8221;|||&#8221; global_colors_info=&#8221;{}&#8221; custom_padding__hover=&#8221;|||&#8221;][et_pb_row_inner admin_label=&#8221;Rivi&#8221; _builder_version=&#8221;4.16&#8243; global_colors_info=&#8221;{}&#8221;][et_pb_column_inner saved_specialty_column_type=&#8221;2_3&#8243; _builder_version=&#8221;4.16&#8243; custom_padding=&#8221;|||&#8221; global_colors_info=&#8221;{}&#8221; custom_padding__hover=&#8221;|||&#8221;][et_pb_text admin_label=&#8221;Otsikko&#8221; _builder_version=&#8221;4.16&#8243; text_orientation=&#8221;center&#8221; global_colors_info=&#8221;{}&#8221;]<\/p>\n<h1>Yhteiset projektit<\/h1>\n<p>[\/et_pb_text][et_pb_text _builder_version=&#8221;4.16&#8243; global_colors_info=&#8221;{}&#8221;]<\/p>\n<p>Osallistumme piirimme yhteisiin tapahtumiin: Piirikonferenssiin, Syysseminaariin, It\u00e4merip\u00e4iv\u00e4\u00e4n, maatalousn\u00e4yttelyihin, asuntomessuihin ja muihin ajankohtaisiin tapahtumiin, joissa Rotarypiirimme on l\u00e4sn\u00e4.<\/p>\n<p>Olemme vuosittain mukana my\u00f6s <strong>RYLA<\/strong>ssa (Rotary Youth Leadership Awards). Joskus\u00a0 olemme itse j\u00e4rjest\u00e4v\u00e4n\u00e4 klubina ja muulloin l\u00e4het\u00e4mme nuoria t\u00e4h\u00e4n koulutukseen.<\/p>\n<p>Seuraa toimintaamme. Tiedotamme tulevan vuoden tapahtumista ja osallistumisestamme n\u00e4ihin yhteisiin tapahtumiin n\u00e4ill\u00e4 sivuilla ja sosiaalisen median kanavissamme.<\/p>\n<p>&nbsp;<\/p>\n<p>&nbsp;<\/p>\n<p>[\/et_pb_text][\/et_pb_column_inner][\/et_pb_row_inner][\/et_pb_column][et_pb_column type=&#8221;1_3&#8243; _builder_version=&#8221;4.16&#8243; custom_padding=&#8221;|||&#8221; global_colors_info=&#8221;{}&#8221; custom_padding__hover=&#8221;|||&#8221;][et_pb_sidebar area=&#8221;sidebar-1&#8243; module_class=&#8221;sivupalkki_sisalto&#8221; _builder_version=&#8221;4.16&#8243; locked=&#8221;on&#8221; global_colors_info=&#8221;{}&#8221;]<br \/>\n[\/et_pb_sidebar][\/et_pb_column][\/et_pb_section]<\/p>\n","protected":false},"excerpt":{"rendered":"<p>Yhteiset projektit Yhteiset projektit Osallistumme piirimme yhteisiin tapahtumiin: Piirikonferenssiin, Syysseminaariin, It\u00e4merip\u00e4iv\u00e4\u00e4n, maatalousn\u00e4yttelyihin, asuntomessuihin ja muihin ajankohtaisiin tapahtumiin, joissa Rotarypiirimme on l\u00e4sn\u00e4. Olemme vuosittain mukana my\u00f6s RYLAssa (Rotary Youth Leadership Awards). Joskus\u00a0 olemme itse j\u00e4rjest\u00e4v\u00e4n\u00e4 klubina ja muulloin l\u00e4het\u00e4mme nuoria t\u00e4h\u00e4n koulutukseen. Seuraa toimintaamme. Tiedotamme tulevan vuoden tapahtumista ja osallistumisestamme n\u00e4ihin yhteisiin tapahtumiin n\u00e4ill\u00e4 sivuilla ja [&hellip;]<\/p>\n","protected":false},"author":1,"featured_media":0,"parent":77,"menu_order":0,"comment_status":"closed","ping_status":"closed","template":"","meta":{"_acf_changed":false,"_et_pb_use_builder":"on","_et_pb_old_content":"","_et_gb_content_width":"","footnotes":""},"class_list":["post-160","page","type-page","status-publish","hentry"],"acf":[],"yoast_head":"<!-- This site is optimized with the Yoast SEO plugin v27.4 - https:\/\/yoast.com\/product\/yoast-seo-wordpress\/ -->\n<title>Yhteiset projektit - Turku Sirkkala Rotaryklubi<\/title>\n<meta name=\"robots\" content=\"index, follow, max-snippet:-1, max-image-preview:large, max-video-preview:-1\" \/>\n<link rel=\"canonical\" href=\"https:\/\/rotary.fi\/turkusirkkala\/mita-teemme\/yhteiset-projektit\/\" \/>\n<meta property=\"og:locale\" content=\"fi_FI\" \/>\n<meta property=\"og:type\" content=\"article\" \/>\n<meta property=\"og:title\" content=\"Yhteiset projektit - Turku Sirkkala Rotaryklubi\" \/>\n<meta property=\"og:description\" content=\"Yhteiset projektit Yhteiset projektit Osallistumme piirimme yhteisiin tapahtumiin: Piirikonferenssiin, Syysseminaariin, It\u00e4merip\u00e4iv\u00e4\u00e4n, maatalousn\u00e4yttelyihin, asuntomessuihin ja muihin ajankohtaisiin tapahtumiin, joissa Rotarypiirimme on l\u00e4sn\u00e4. Olemme vuosittain mukana my\u00f6s RYLAssa (Rotary Youth Leadership Awards). Joskus\u00a0 olemme itse j\u00e4rjest\u00e4v\u00e4n\u00e4 klubina ja muulloin l\u00e4het\u00e4mme nuoria t\u00e4h\u00e4n koulutukseen. Seuraa toimintaamme. Tiedotamme tulevan vuoden tapahtumista ja osallistumisestamme n\u00e4ihin yhteisiin tapahtumiin n\u00e4ill\u00e4 sivuilla ja [&hellip;]\" \/>\n<meta property=\"og:url\" content=\"https:\/\/rotary.fi\/turkusirkkala\/mita-teemme\/yhteiset-projektit\/\" \/>\n<meta property=\"og:site_name\" content=\"Turku Sirkkala Rotaryklubi\" \/>\n<meta property=\"article:modified_time\" content=\"2024-08-08T11:50:24+00:00\" \/>\n<meta name=\"twitter:card\" content=\"summary_large_image\" \/>\n<meta name=\"twitter:label1\" content=\"Arvioitu lukuaika\" \/>\n\t<meta name=\"twitter:data1\" content=\"2 minuuttia\" \/>\n<script type=\"application\/ld+json\" class=\"yoast-schema-graph\">{\"@context\":\"https:\\\/\\\/schema.org\",\"@graph\":[{\"@type\":\"WebPage\",\"@id\":\"https:\\\/\\\/rotary.fi\\\/turkusirkkala\\\/mita-teemme\\\/yhteiset-projektit\\\/\",\"url\":\"https:\\\/\\\/rotary.fi\\\/turkusirkkala\\\/mita-teemme\\\/yhteiset-projektit\\\/\",\"name\":\"Yhteiset projektit - Turku Sirkkala Rotaryklubi\",\"isPartOf\":{\"@id\":\"https:\\\/\\\/rotary.fi\\\/turkusirkkala\\\/#website\"},\"datePublished\":\"2018-08-13T06:49:16+00:00\",\"dateModified\":\"2024-08-08T11:50:24+00:00\",\"breadcrumb\":{\"@id\":\"https:\\\/\\\/rotary.fi\\\/turkusirkkala\\\/mita-teemme\\\/yhteiset-projektit\\\/#breadcrumb\"},\"inLanguage\":\"fi\",\"potentialAction\":[{\"@type\":\"ReadAction\",\"target\":[\"https:\\\/\\\/rotary.fi\\\/turkusirkkala\\\/mita-teemme\\\/yhteiset-projektit\\\/\"]}]},{\"@type\":\"BreadcrumbList\",\"@id\":\"https:\\\/\\\/rotary.fi\\\/turkusirkkala\\\/mita-teemme\\\/yhteiset-projektit\\\/#breadcrumb\",\"itemListElement\":[{\"@type\":\"ListItem\",\"position\":1,\"name\":\"Home\",\"item\":\"https:\\\/\\\/rotary.fi\\\/turkusirkkala\\\/\"},{\"@type\":\"ListItem\",\"position\":2,\"name\":\"Mit\u00e4 teemme\",\"item\":\"https:\\\/\\\/rotary.fi\\\/turkusirkkala\\\/mita-teemme\\\/\"},{\"@type\":\"ListItem\",\"position\":3,\"name\":\"Yhteiset projektit\"}]},{\"@type\":\"WebSite\",\"@id\":\"https:\\\/\\\/rotary.fi\\\/turkusirkkala\\\/#website\",\"url\":\"https:\\\/\\\/rotary.fi\\\/turkusirkkala\\\/\",\"name\":\"Turku Sirkkala Rotaryklubi\",\"description\":\"Uusi Rotary klubisivusto\",\"publisher\":{\"@id\":\"https:\\\/\\\/rotary.fi\\\/turkusirkkala\\\/#organization\"},\"potentialAction\":[{\"@type\":\"SearchAction\",\"target\":{\"@type\":\"EntryPoint\",\"urlTemplate\":\"https:\\\/\\\/rotary.fi\\\/turkusirkkala\\\/?s={search_term_string}\"},\"query-input\":{\"@type\":\"PropertyValueSpecification\",\"valueRequired\":true,\"valueName\":\"search_term_string\"}}],\"inLanguage\":\"fi\"},{\"@type\":\"Organization\",\"@id\":\"https:\\\/\\\/rotary.fi\\\/turkusirkkala\\\/#organization\",\"name\":\"Turku Sirkkala Rotaryklubi\",\"url\":\"https:\\\/\\\/rotary.fi\\\/turkusirkkala\\\/\",\"logo\":{\"@type\":\"ImageObject\",\"inLanguage\":\"fi\",\"@id\":\"https:\\\/\\\/rotary.fi\\\/turkusirkkala\\\/#\\\/schema\\\/logo\\\/image\\\/\",\"url\":\"https:\\\/\\\/rotary.fi\\\/turkusirkkala\\\/wp-content\\\/uploads\\\/sites\\\/254\\\/2018\\\/08\\\/rotary-logo-main-2.png\",\"contentUrl\":\"https:\\\/\\\/rotary.fi\\\/turkusirkkala\\\/wp-content\\\/uploads\\\/sites\\\/254\\\/2018\\\/08\\\/rotary-logo-main-2.png\",\"width\":135,\"height\":52,\"caption\":\"Turku Sirkkala Rotaryklubi\"},\"image\":{\"@id\":\"https:\\\/\\\/rotary.fi\\\/turkusirkkala\\\/#\\\/schema\\\/logo\\\/image\\\/\"}}]}<\/script>\n<!-- \/ Yoast SEO plugin. -->","yoast_head_json":{"title":"Yhteiset projektit - Turku Sirkkala Rotaryklubi","robots":{"index":"index","follow":"follow","max-snippet":"max-snippet:-1","max-image-preview":"max-image-preview:large","max-video-preview":"max-video-preview:-1"},"canonical":"https:\/\/rotary.fi\/turkusirkkala\/mita-teemme\/yhteiset-projektit\/","og_locale":"fi_FI","og_type":"article","og_title":"Yhteiset projektit - Turku Sirkkala Rotaryklubi","og_description":"Yhteiset projektit Yhteiset projektit Osallistumme piirimme yhteisiin tapahtumiin: Piirikonferenssiin, Syysseminaariin, It\u00e4merip\u00e4iv\u00e4\u00e4n, maatalousn\u00e4yttelyihin, asuntomessuihin ja muihin ajankohtaisiin tapahtumiin, joissa Rotarypiirimme on l\u00e4sn\u00e4. Olemme vuosittain mukana my\u00f6s RYLAssa (Rotary Youth Leadership Awards). Joskus\u00a0 olemme itse j\u00e4rjest\u00e4v\u00e4n\u00e4 klubina ja muulloin l\u00e4het\u00e4mme nuoria t\u00e4h\u00e4n koulutukseen. Seuraa toimintaamme. Tiedotamme tulevan vuoden tapahtumista ja osallistumisestamme n\u00e4ihin yhteisiin tapahtumiin n\u00e4ill\u00e4 sivuilla ja [&hellip;]","og_url":"https:\/\/rotary.fi\/turkusirkkala\/mita-teemme\/yhteiset-projektit\/","og_site_name":"Turku Sirkkala Rotaryklubi","article_modified_time":"2024-08-08T11:50:24+00:00","twitter_card":"summary_large_image","twitter_misc":{"Arvioitu lukuaika":"2 minuuttia"},"schema":{"@context":"https:\/\/schema.org","@graph":[{"@type":"WebPage","@id":"https:\/\/rotary.fi\/turkusirkkala\/mita-teemme\/yhteiset-projektit\/","url":"https:\/\/rotary.fi\/turkusirkkala\/mita-teemme\/yhteiset-projektit\/","name":"Yhteiset projektit - Turku Sirkkala Rotaryklubi","isPartOf":{"@id":"https:\/\/rotary.fi\/turkusirkkala\/#website"},"datePublished":"2018-08-13T06:49:16+00:00","dateModified":"2024-08-08T11:50:24+00:00","breadcrumb":{"@id":"https:\/\/rotary.fi\/turkusirkkala\/mita-teemme\/yhteiset-projektit\/#breadcrumb"},"inLanguage":"fi","potentialAction":[{"@type":"ReadAction","target":["https:\/\/rotary.fi\/turkusirkkala\/mita-teemme\/yhteiset-projektit\/"]}]},{"@type":"BreadcrumbList","@id":"https:\/\/rotary.fi\/turkusirkkala\/mita-teemme\/yhteiset-projektit\/#breadcrumb","itemListElement":[{"@type":"ListItem","position":1,"name":"Home","item":"https:\/\/rotary.fi\/turkusirkkala\/"},{"@type":"ListItem","position":2,"name":"Mit\u00e4 teemme","item":"https:\/\/rotary.fi\/turkusirkkala\/mita-teemme\/"},{"@type":"ListItem","position":3,"name":"Yhteiset projektit"}]},{"@type":"WebSite","@id":"https:\/\/rotary.fi\/turkusirkkala\/#website","url":"https:\/\/rotary.fi\/turkusirkkala\/","name":"Turku Sirkkala Rotaryklubi","description":"Uusi Rotary klubisivusto","publisher":{"@id":"https:\/\/rotary.fi\/turkusirkkala\/#organization"},"potentialAction":[{"@type":"SearchAction","target":{"@type":"EntryPoint","urlTemplate":"https:\/\/rotary.fi\/turkusirkkala\/?s={search_term_string}"},"query-input":{"@type":"PropertyValueSpecification","valueRequired":true,"valueName":"search_term_string"}}],"inLanguage":"fi"},{"@type":"Organization","@id":"https:\/\/rotary.fi\/turkusirkkala\/#organization","name":"Turku Sirkkala Rotaryklubi","url":"https:\/\/rotary.fi\/turkusirkkala\/","logo":{"@type":"ImageObject","inLanguage":"fi","@id":"https:\/\/rotary.fi\/turkusirkkala\/#\/schema\/logo\/image\/","url":"https:\/\/rotary.fi\/turkusirkkala\/wp-content\/uploads\/sites\/254\/2018\/08\/rotary-logo-main-2.png","contentUrl":"https:\/\/rotary.fi\/turkusirkkala\/wp-content\/uploads\/sites\/254\/2018\/08\/rotary-logo-main-2.png","width":135,"height":52,"caption":"Turku Sirkkala Rotaryklubi"},"image":{"@id":"https:\/\/rotary.fi\/turkusirkkala\/#\/schema\/logo\/image\/"}}]}},"lang":"fi","translations":{"fi":160,"en":1455},"pll_sync_post":[],"_links":{"self":[{"href":"https:\/\/rotary.fi\/turkusirkkala\/wp-json\/wp\/v2\/pages\/160","targetHints":{"allow":["GET"]}}],"collection":[{"href":"https:\/\/rotary.fi\/turkusirkkala\/wp-json\/wp\/v2\/pages"}],"about":[{"href":"https:\/\/rotary.fi\/turkusirkkala\/wp-json\/wp\/v2\/types\/page"}],"author":[{"embeddable":true,"href":"https:\/\/rotary.fi\/turkusirkkala\/wp-json\/wp\/v2\/users\/1"}],"replies":[{"embeddable":true,"href":"https:\/\/rotary.fi\/turkusirkkala\/wp-json\/wp\/v2\/comments?post=160"}],"version-history":[{"count":7,"href":"https:\/\/rotary.fi\/turkusirkkala\/wp-json\/wp\/v2\/pages\/160\/revisions"}],"predecessor-version":[{"id":1749,"href":"https:\/\/rotary.fi\/turkusirkkala\/wp-json\/wp\/v2\/pages\/160\/revisions\/1749"}],"up":[{"embeddable":true,"href":"https:\/\/rotary.fi\/turkusirkkala\/wp-json\/wp\/v2\/pages\/77"}],"wp:attachment":[{"href":"https:\/\/rotary.fi\/turkusirkkala\/wp-json\/wp\/v2\/media?parent=160"}],"curies":[{"name":"wp","href":"https:\/\/api.w.org\/{rel}","templated":true}]}}