{"id":156,"date":"2018-08-13T09:46:59","date_gmt":"2018-08-13T06:46:59","guid":{"rendered":"https:\/\/rotary.fi\/turkusirkkala\/?page_id=156"},"modified":"2024-08-08T14:38:50","modified_gmt":"2024-08-08T11:38:50","slug":"projektit","status":"publish","type":"page","link":"https:\/\/rotary.fi\/turkusirkkala\/mita-teemme\/projektit\/","title":{"rendered":"Projektit"},"content":{"rendered":"<p>[et_pb_section fb_built=&#8221;1&#8243; module_class=&#8221;jumbotron-page&#8221; _builder_version=&#8221;4.16&#8243; background_image=&#8221;https:\/\/rotary.fi\/turkusirkkala\/wp-content\/uploads\/sites\/254\/2018\/08\/rotary_klubit_alasivu_paakuva_5.jpg&#8221; global_colors_info=&#8221;{}&#8221;][et_pb_row _builder_version=&#8221;4.16&#8243; background_size=&#8221;initial&#8221; background_position=&#8221;top_left&#8221; background_repeat=&#8221;repeat&#8221; global_colors_info=&#8221;{}&#8221;][et_pb_column type=&#8221;4_4&#8243; _builder_version=&#8221;4.16&#8243; custom_padding=&#8221;|||&#8221; global_colors_info=&#8221;{}&#8221; custom_padding__hover=&#8221;|||&#8221;][et_pb_text admin_label=&#8221;P\u00e4\u00e4otsikko&#8221; _builder_version=&#8221;4.16&#8243; text_orientation=&#8221;center&#8221; background_layout=&#8221;dark&#8221; global_colors_info=&#8221;{}&#8221;]<\/p>\n<h1>Projektit<\/h1>\n<p>[\/et_pb_text][\/et_pb_column][\/et_pb_row][\/et_pb_section][et_pb_section fb_built=&#8221;1&#8243; specialty=&#8221;on&#8221; module_class_2=&#8221;sivupalkki&#8221; _builder_version=&#8221;4.16&#8243; global_colors_info=&#8221;{}&#8221;][et_pb_column type=&#8221;2_3&#8243; specialty_columns=&#8221;2&#8243; _builder_version=&#8221;4.16&#8243; custom_padding=&#8221;|||&#8221; global_colors_info=&#8221;{}&#8221; parallax__hover=&#8221;off&#8221; parallax_method__hover=&#8221;on&#8221; custom_padding__hover=&#8221;|||&#8221;][et_pb_row_inner admin_label=&#8221;Rivi&#8221; _builder_version=&#8221;4.16&#8243; global_colors_info=&#8221;{}&#8221;][et_pb_column_inner saved_specialty_column_type=&#8221;2_3&#8243; _builder_version=&#8221;4.16&#8243; custom_padding=&#8221;|||&#8221; global_colors_info=&#8221;{}&#8221; parallax__hover=&#8221;off&#8221; parallax_method__hover=&#8221;on&#8221; custom_padding__hover=&#8221;|||&#8221;][et_pb_text admin_label=&#8221;Projektit &#8211; Otsikko&#8221; _builder_version=&#8221;4.16&#8243; text_orientation=&#8221;center&#8221; global_colors_info=&#8221;{}&#8221;]<\/p>\n<h1>Projektit<\/h1>\n<p>[\/et_pb_text][et_pb_text _builder_version=&#8221;4.25.2&#8243; global_colors_info=&#8221;{}&#8221;]<\/p>\n<p>&nbsp;<\/p>\n<p>Rotary on palveluj\u00e4rjest\u00f6. Toimimme tunnuslauseemme <strong>Palvelu itsekkyyden edelle<\/strong> (Service above self) mukaisesti paikallisesti ja maailmanlaajuisesti. Kansainv\u00e4linen humanit\u00e4\u00e4rinen palvelumme toteutuu <strong>Rotarys\u00e4\u00e4ti\u00f6mme<\/strong> koordinoimana ja hyv\u00e4ksyttyjen kumppaneiden kanssa.<\/p>\n<p>Osallistumme turkulaisten klubien paikallisiin hyv\u00e4ntekev\u00e4isyysprojekteihin ja Rotarys\u00e4\u00e4ti\u00f6n tukemiin kansainv\u00e4lisiin humanit\u00e4\u00e4risiin projekteihin.<\/p>\n<p>Olimme osaltamme tukemassa Lieto Vanhalinna Rotaryklubin hienoa <strong>Mobiili Majakka<\/strong> -hanketta. T\u00e4ss\u00e4 hankkeessa tehtiin applikaatio, jonka avulla lapsipotilaat ja heid\u00e4n vanhempansa voivat tututstua TYKSiin jo ennen sairaalaan menoa.<\/p>\n<p>Tuemme vuosittain <strong>Asunnottomien Y\u00f6<\/strong> -tapahtumaa.<\/p>\n<p>Klubimme edustaja on jo usean vuoden ajan ollut<strong> It\u00e4merip\u00e4iv\u00e4n\u00e4<\/strong> It\u00e4merikomitean kanssa esittelem\u00e4ss\u00e4 piirin it\u00e4merihankkeita, sinilev\u00e4seurantaa ja vesireppuprojektia turkulaisille. Klubimme edustaja on my\u00f6s aktiivisesti mukana vesireppujen pakkaamisessa yhdess\u00e4 Turku Aboa Nova Rotaryklubin ja Turun Rotaryklubin edustajien kanssa.<\/p>\n<p>Johtuen Ven\u00e4j\u00e4n hy\u00f6kk\u00e4yksest\u00e4 Ukrainaan olemme tehneet kaksi rahalahjoitusta <strong>Ukrainan<\/strong> tukemiseksi. Tuemme my\u00f6s <strong>Rotarys\u00e4\u00e4ti\u00f6t\u00e4<\/strong> vuosittain rahalahjoituksella.<\/p>\n<p>&nbsp;<\/p>\n<p>&nbsp;<\/p>\n<p>&nbsp;<\/p>\n<p>&nbsp;<\/p>\n<p>&nbsp;<\/p>\n<p>&nbsp;<\/p>\n<p>[\/et_pb_text][\/et_pb_column_inner][\/et_pb_row_inner][\/et_pb_column][et_pb_column type=&#8221;1_3&#8243; module_class=&#8221;sivupalkki&#8221; _builder_version=&#8221;4.16&#8243; custom_padding=&#8221;|||&#8221; global_colors_info=&#8221;{}&#8221; parallax__hover=&#8221;off&#8221; parallax_method__hover=&#8221;on&#8221; module_class__hover=&#8221;sivupalkki&#8221; custom_padding__hover=&#8221;|||&#8221;][et_pb_sidebar area=&#8221;sidebar-1&#8243; module_class=&#8221;sivupalkki_sisalto&#8221; _builder_version=&#8221;4.16&#8243; locked=&#8221;on&#8221; global_colors_info=&#8221;{}&#8221;][\/et_pb_sidebar][\/et_pb_column][\/et_pb_section]<\/p>\n","protected":false},"excerpt":{"rendered":"<p>Projektit Projektit &nbsp; Rotary on palveluj\u00e4rjest\u00f6. Toimimme tunnuslauseemme Palvelu itsekkyyden edelle (Service above self) mukaisesti paikallisesti ja maailmanlaajuisesti. Kansainv\u00e4linen humanit\u00e4\u00e4rinen palvelumme toteutuu Rotarys\u00e4\u00e4ti\u00f6mme koordinoimana ja hyv\u00e4ksyttyjen kumppaneiden kanssa. Osallistumme turkulaisten klubien paikallisiin hyv\u00e4ntekev\u00e4isyysprojekteihin ja Rotarys\u00e4\u00e4ti\u00f6n tukemiin kansainv\u00e4lisiin humanit\u00e4\u00e4risiin projekteihin. Olimme osaltamme tukemassa Lieto Vanhalinna Rotaryklubin hienoa Mobiili Majakka -hanketta. T\u00e4ss\u00e4 hankkeessa tehtiin applikaatio, jonka avulla [&hellip;]<\/p>\n","protected":false},"author":1,"featured_media":0,"parent":77,"menu_order":0,"comment_status":"closed","ping_status":"closed","template":"","meta":{"_acf_changed":false,"_et_pb_use_builder":"on","_et_pb_old_content":"","_et_gb_content_width":"","footnotes":""},"class_list":["post-156","page","type-page","status-publish","hentry"],"acf":[],"yoast_head":"<!-- This site is optimized with the Yoast SEO plugin v27.4 - https:\/\/yoast.com\/product\/yoast-seo-wordpress\/ -->\n<title>Projektit - Turku Sirkkala Rotaryklubi<\/title>\n<meta name=\"robots\" content=\"index, follow, max-snippet:-1, max-image-preview:large, max-video-preview:-1\" \/>\n<link rel=\"canonical\" href=\"https:\/\/rotary.fi\/turkusirkkala\/mita-teemme\/projektit\/\" \/>\n<meta property=\"og:locale\" content=\"fi_FI\" \/>\n<meta property=\"og:type\" content=\"article\" \/>\n<meta property=\"og:title\" content=\"Projektit - Turku Sirkkala Rotaryklubi\" \/>\n<meta property=\"og:description\" content=\"Projektit Projektit &nbsp; Rotary on palveluj\u00e4rjest\u00f6. Toimimme tunnuslauseemme Palvelu itsekkyyden edelle (Service above self) mukaisesti paikallisesti ja maailmanlaajuisesti. Kansainv\u00e4linen humanit\u00e4\u00e4rinen palvelumme toteutuu Rotarys\u00e4\u00e4ti\u00f6mme koordinoimana ja hyv\u00e4ksyttyjen kumppaneiden kanssa. Osallistumme turkulaisten klubien paikallisiin hyv\u00e4ntekev\u00e4isyysprojekteihin ja Rotarys\u00e4\u00e4ti\u00f6n tukemiin kansainv\u00e4lisiin humanit\u00e4\u00e4risiin projekteihin. Olimme osaltamme tukemassa Lieto Vanhalinna Rotaryklubin hienoa Mobiili Majakka -hanketta. T\u00e4ss\u00e4 hankkeessa tehtiin applikaatio, jonka avulla [&hellip;]\" \/>\n<meta property=\"og:url\" content=\"https:\/\/rotary.fi\/turkusirkkala\/mita-teemme\/projektit\/\" \/>\n<meta property=\"og:site_name\" content=\"Turku Sirkkala Rotaryklubi\" \/>\n<meta property=\"article:modified_time\" content=\"2024-08-08T11:38:50+00:00\" \/>\n<meta name=\"twitter:card\" content=\"summary_large_image\" \/>\n<meta name=\"twitter:label1\" content=\"Arvioitu lukuaika\" \/>\n\t<meta name=\"twitter:data1\" content=\"2 minuuttia\" \/>\n<script type=\"application\/ld+json\" class=\"yoast-schema-graph\">{\"@context\":\"https:\\\/\\\/schema.org\",\"@graph\":[{\"@type\":\"WebPage\",\"@id\":\"https:\\\/\\\/rotary.fi\\\/turkusirkkala\\\/mita-teemme\\\/projektit\\\/\",\"url\":\"https:\\\/\\\/rotary.fi\\\/turkusirkkala\\\/mita-teemme\\\/projektit\\\/\",\"name\":\"Projektit - Turku Sirkkala Rotaryklubi\",\"isPartOf\":{\"@id\":\"https:\\\/\\\/rotary.fi\\\/turkusirkkala\\\/#website\"},\"datePublished\":\"2018-08-13T06:46:59+00:00\",\"dateModified\":\"2024-08-08T11:38:50+00:00\",\"breadcrumb\":{\"@id\":\"https:\\\/\\\/rotary.fi\\\/turkusirkkala\\\/mita-teemme\\\/projektit\\\/#breadcrumb\"},\"inLanguage\":\"fi\",\"potentialAction\":[{\"@type\":\"ReadAction\",\"target\":[\"https:\\\/\\\/rotary.fi\\\/turkusirkkala\\\/mita-teemme\\\/projektit\\\/\"]}]},{\"@type\":\"BreadcrumbList\",\"@id\":\"https:\\\/\\\/rotary.fi\\\/turkusirkkala\\\/mita-teemme\\\/projektit\\\/#breadcrumb\",\"itemListElement\":[{\"@type\":\"ListItem\",\"position\":1,\"name\":\"Home\",\"item\":\"https:\\\/\\\/rotary.fi\\\/turkusirkkala\\\/\"},{\"@type\":\"ListItem\",\"position\":2,\"name\":\"Mit\u00e4 teemme\",\"item\":\"https:\\\/\\\/rotary.fi\\\/turkusirkkala\\\/mita-teemme\\\/\"},{\"@type\":\"ListItem\",\"position\":3,\"name\":\"Projektit\"}]},{\"@type\":\"WebSite\",\"@id\":\"https:\\\/\\\/rotary.fi\\\/turkusirkkala\\\/#website\",\"url\":\"https:\\\/\\\/rotary.fi\\\/turkusirkkala\\\/\",\"name\":\"Turku Sirkkala Rotaryklubi\",\"description\":\"Uusi Rotary klubisivusto\",\"publisher\":{\"@id\":\"https:\\\/\\\/rotary.fi\\\/turkusirkkala\\\/#organization\"},\"potentialAction\":[{\"@type\":\"SearchAction\",\"target\":{\"@type\":\"EntryPoint\",\"urlTemplate\":\"https:\\\/\\\/rotary.fi\\\/turkusirkkala\\\/?s={search_term_string}\"},\"query-input\":{\"@type\":\"PropertyValueSpecification\",\"valueRequired\":true,\"valueName\":\"search_term_string\"}}],\"inLanguage\":\"fi\"},{\"@type\":\"Organization\",\"@id\":\"https:\\\/\\\/rotary.fi\\\/turkusirkkala\\\/#organization\",\"name\":\"Turku Sirkkala Rotaryklubi\",\"url\":\"https:\\\/\\\/rotary.fi\\\/turkusirkkala\\\/\",\"logo\":{\"@type\":\"ImageObject\",\"inLanguage\":\"fi\",\"@id\":\"https:\\\/\\\/rotary.fi\\\/turkusirkkala\\\/#\\\/schema\\\/logo\\\/image\\\/\",\"url\":\"https:\\\/\\\/rotary.fi\\\/turkusirkkala\\\/wp-content\\\/uploads\\\/sites\\\/254\\\/2018\\\/08\\\/rotary-logo-main-2.png\",\"contentUrl\":\"https:\\\/\\\/rotary.fi\\\/turkusirkkala\\\/wp-content\\\/uploads\\\/sites\\\/254\\\/2018\\\/08\\\/rotary-logo-main-2.png\",\"width\":135,\"height\":52,\"caption\":\"Turku Sirkkala Rotaryklubi\"},\"image\":{\"@id\":\"https:\\\/\\\/rotary.fi\\\/turkusirkkala\\\/#\\\/schema\\\/logo\\\/image\\\/\"}}]}<\/script>\n<!-- \/ Yoast SEO plugin. -->","yoast_head_json":{"title":"Projektit - Turku Sirkkala Rotaryklubi","robots":{"index":"index","follow":"follow","max-snippet":"max-snippet:-1","max-image-preview":"max-image-preview:large","max-video-preview":"max-video-preview:-1"},"canonical":"https:\/\/rotary.fi\/turkusirkkala\/mita-teemme\/projektit\/","og_locale":"fi_FI","og_type":"article","og_title":"Projektit - Turku Sirkkala Rotaryklubi","og_description":"Projektit Projektit &nbsp; Rotary on palveluj\u00e4rjest\u00f6. Toimimme tunnuslauseemme Palvelu itsekkyyden edelle (Service above self) mukaisesti paikallisesti ja maailmanlaajuisesti. Kansainv\u00e4linen humanit\u00e4\u00e4rinen palvelumme toteutuu Rotarys\u00e4\u00e4ti\u00f6mme koordinoimana ja hyv\u00e4ksyttyjen kumppaneiden kanssa. Osallistumme turkulaisten klubien paikallisiin hyv\u00e4ntekev\u00e4isyysprojekteihin ja Rotarys\u00e4\u00e4ti\u00f6n tukemiin kansainv\u00e4lisiin humanit\u00e4\u00e4risiin projekteihin. Olimme osaltamme tukemassa Lieto Vanhalinna Rotaryklubin hienoa Mobiili Majakka -hanketta. T\u00e4ss\u00e4 hankkeessa tehtiin applikaatio, jonka avulla [&hellip;]","og_url":"https:\/\/rotary.fi\/turkusirkkala\/mita-teemme\/projektit\/","og_site_name":"Turku Sirkkala Rotaryklubi","article_modified_time":"2024-08-08T11:38:50+00:00","twitter_card":"summary_large_image","twitter_misc":{"Arvioitu lukuaika":"2 minuuttia"},"schema":{"@context":"https:\/\/schema.org","@graph":[{"@type":"WebPage","@id":"https:\/\/rotary.fi\/turkusirkkala\/mita-teemme\/projektit\/","url":"https:\/\/rotary.fi\/turkusirkkala\/mita-teemme\/projektit\/","name":"Projektit - Turku Sirkkala Rotaryklubi","isPartOf":{"@id":"https:\/\/rotary.fi\/turkusirkkala\/#website"},"datePublished":"2018-08-13T06:46:59+00:00","dateModified":"2024-08-08T11:38:50+00:00","breadcrumb":{"@id":"https:\/\/rotary.fi\/turkusirkkala\/mita-teemme\/projektit\/#breadcrumb"},"inLanguage":"fi","potentialAction":[{"@type":"ReadAction","target":["https:\/\/rotary.fi\/turkusirkkala\/mita-teemme\/projektit\/"]}]},{"@type":"BreadcrumbList","@id":"https:\/\/rotary.fi\/turkusirkkala\/mita-teemme\/projektit\/#breadcrumb","itemListElement":[{"@type":"ListItem","position":1,"name":"Home","item":"https:\/\/rotary.fi\/turkusirkkala\/"},{"@type":"ListItem","position":2,"name":"Mit\u00e4 teemme","item":"https:\/\/rotary.fi\/turkusirkkala\/mita-teemme\/"},{"@type":"ListItem","position":3,"name":"Projektit"}]},{"@type":"WebSite","@id":"https:\/\/rotary.fi\/turkusirkkala\/#website","url":"https:\/\/rotary.fi\/turkusirkkala\/","name":"Turku Sirkkala Rotaryklubi","description":"Uusi Rotary klubisivusto","publisher":{"@id":"https:\/\/rotary.fi\/turkusirkkala\/#organization"},"potentialAction":[{"@type":"SearchAction","target":{"@type":"EntryPoint","urlTemplate":"https:\/\/rotary.fi\/turkusirkkala\/?s={search_term_string}"},"query-input":{"@type":"PropertyValueSpecification","valueRequired":true,"valueName":"search_term_string"}}],"inLanguage":"fi"},{"@type":"Organization","@id":"https:\/\/rotary.fi\/turkusirkkala\/#organization","name":"Turku Sirkkala Rotaryklubi","url":"https:\/\/rotary.fi\/turkusirkkala\/","logo":{"@type":"ImageObject","inLanguage":"fi","@id":"https:\/\/rotary.fi\/turkusirkkala\/#\/schema\/logo\/image\/","url":"https:\/\/rotary.fi\/turkusirkkala\/wp-content\/uploads\/sites\/254\/2018\/08\/rotary-logo-main-2.png","contentUrl":"https:\/\/rotary.fi\/turkusirkkala\/wp-content\/uploads\/sites\/254\/2018\/08\/rotary-logo-main-2.png","width":135,"height":52,"caption":"Turku Sirkkala Rotaryklubi"},"image":{"@id":"https:\/\/rotary.fi\/turkusirkkala\/#\/schema\/logo\/image\/"}}]}},"lang":"fi","translations":{"fi":156,"en":1451},"pll_sync_post":[],"_links":{"self":[{"href":"https:\/\/rotary.fi\/turkusirkkala\/wp-json\/wp\/v2\/pages\/156","targetHints":{"allow":["GET"]}}],"collection":[{"href":"https:\/\/rotary.fi\/turkusirkkala\/wp-json\/wp\/v2\/pages"}],"about":[{"href":"https:\/\/rotary.fi\/turkusirkkala\/wp-json\/wp\/v2\/types\/page"}],"author":[{"embeddable":true,"href":"https:\/\/rotary.fi\/turkusirkkala\/wp-json\/wp\/v2\/users\/1"}],"replies":[{"embeddable":true,"href":"https:\/\/rotary.fi\/turkusirkkala\/wp-json\/wp\/v2\/comments?post=156"}],"version-history":[{"count":8,"href":"https:\/\/rotary.fi\/turkusirkkala\/wp-json\/wp\/v2\/pages\/156\/revisions"}],"predecessor-version":[{"id":1747,"href":"https:\/\/rotary.fi\/turkusirkkala\/wp-json\/wp\/v2\/pages\/156\/revisions\/1747"}],"up":[{"embeddable":true,"href":"https:\/\/rotary.fi\/turkusirkkala\/wp-json\/wp\/v2\/pages\/77"}],"wp:attachment":[{"href":"https:\/\/rotary.fi\/turkusirkkala\/wp-json\/wp\/v2\/media?parent=156"}],"curies":[{"name":"wp","href":"https:\/\/api.w.org\/{rel}","templated":true}]}}