{"id":142,"date":"2018-08-10T14:04:45","date_gmt":"2018-08-10T11:04:45","guid":{"rendered":"https:\/\/rotary.fi\/klubi2\/?page_id=142"},"modified":"2024-08-08T20:26:55","modified_gmt":"2024-08-08T17:26:55","slug":"ilo-esitella","status":"publish","type":"page","link":"https:\/\/rotary.fi\/turkusirkkala\/keita-olemme\/ilo-esitella\/","title":{"rendered":"Ilo esitell\u00e4"},"content":{"rendered":"<p>[et_pb_section fb_built=&#8221;1&#8243; module_class=&#8221;jumbotron-page&#8221; _builder_version=&#8221;4.16&#8243; background_image=&#8221;https:\/\/rotary.fi\/turkusirkkala\/wp-content\/uploads\/sites\/254\/2018\/10\/rotary_klubit_alasivu_paakuva_14.jpg&#8221; global_colors_info=&#8221;{}&#8221;][et_pb_row _builder_version=&#8221;4.16&#8243; background_size=&#8221;initial&#8221; background_position=&#8221;top_left&#8221; background_repeat=&#8221;repeat&#8221; global_colors_info=&#8221;{}&#8221;][et_pb_column type=&#8221;4_4&#8243; _builder_version=&#8221;4.16&#8243; custom_padding=&#8221;|||&#8221; global_colors_info=&#8221;{}&#8221; custom_padding__hover=&#8221;|||&#8221;][et_pb_text admin_label=&#8221;P\u00e4\u00e4otsikko&#8221; _builder_version=&#8221;4.16&#8243; text_orientation=&#8221;center&#8221; background_layout=&#8221;dark&#8221; global_colors_info=&#8221;{}&#8221;]<\/p>\n<h1>Ilo esitell\u00e4<\/h1>\n<p>[\/et_pb_text][\/et_pb_column][\/et_pb_row][\/et_pb_section][et_pb_section fb_built=&#8221;1&#8243; specialty=&#8221;on&#8221; module_class_2=&#8221;sivupalkki&#8221; _builder_version=&#8221;4.16&#8243; global_colors_info=&#8221;{}&#8221;][et_pb_column type=&#8221;2_3&#8243; specialty_columns=&#8221;2&#8243; _builder_version=&#8221;4.16&#8243; custom_padding=&#8221;|||&#8221; global_colors_info=&#8221;{}&#8221; parallax__hover=&#8221;off&#8221; parallax_method__hover=&#8221;on&#8221; custom_padding__hover=&#8221;|||&#8221;][et_pb_row_inner admin_label=&#8221;Rivi&#8221; _builder_version=&#8221;4.16&#8243; global_colors_info=&#8221;{}&#8221;][et_pb_column_inner saved_specialty_column_type=&#8221;2_3&#8243; _builder_version=&#8221;4.16&#8243; custom_padding=&#8221;|||&#8221; global_colors_info=&#8221;{}&#8221; parallax__hover=&#8221;off&#8221; parallax_method__hover=&#8221;on&#8221; custom_padding__hover=&#8221;|||&#8221;][et_pb_text admin_label=&#8221;Ilo esitell\u00e4 &#8211; Otsikko&#8221; _builder_version=&#8221;4.16&#8243; text_orientation=&#8221;center&#8221; global_colors_info=&#8221;{}&#8221;]<\/p>\n<h1>Ilo esitell\u00e4<\/h1>\n<p>[\/et_pb_text][et_pb_text _builder_version=&#8221;4.25.2&#8243; global_colors_info=&#8221;{}&#8221;]<\/p>\n<p>&nbsp;<\/p>\n<h4>Teemme Vesireppu-yhteisty\u00f6t\u00e4 turkulaisen Yli-Maarian koulun kanssa<\/h4>\n<p>Yli-Maarian koulussa k\u00e4ytet\u00e4\u00e4n rotarien vesireppua opetusv\u00e4lineen\u00e4. Koulun oppilaat tutkivat vesirepun v\u00e4lineill\u00e4 Paattisten joen tilaa ja el\u00e4imi\u00e4. Tutkimuksessa mitataan veden sinilev\u00e4pitoisuutta, happipitoisuutta, l\u00e4mp\u00f6tilaa, nitraattipitoisuutta, fosfaattipitoisuutta, ph:ta, kolibakteeripitoisuutta ja n\u00e4k\u00f6syvyytt\u00e4 eli veden sameutta. Kokemukset vesirepusta ja vedentutkimuksesta ovat oleet eritt\u00e4in hyvi\u00e4, joten Yli-Maarian koulu jatkaa tutkimuksia, mutta he tarvitsevat lis\u00e4\u00e4 tutkimusv\u00e4lineit\u00e4. Toimitamme heille lis\u00e4pakkauksia vesireppuun.<\/p>\n<p>&nbsp;<\/p>\n<h4>Klubimme organisoi turkulaisen Yli-Maarian koulun 8-luokkalaisille tutustumisretken Korppoon Saaristokeskukseen<\/h4>\n<p>Oppilaat tutustuivat syksyll\u00e4 2023 Saaristokeskuksessa Junnulabraan: tekiv\u00e4t vesilaatumittauksia sek\u00e4 tutkivat vedenalaista maailmaa haaveilla ja mikroskoopeilla. He tutustuivat my\u00f6s Korppoon keskustassa sijaitsevaan biosf\u00e4\u00e4ripolkuun.<\/p>\n<h4>\u00a0<\/h4>\n<h4>Vierailemme s\u00e4\u00e4nn\u00f6llisesti vanhusten luona Portsa-kodissa<\/h4>\n<p>Yhdess\u00e4 kummiklubimme Turku Aboa Nova Rotaryklubin kanssa olemme jo vuosia k\u00e4yneet <strong>Portsakodissa<\/strong> asukkaita viihdytt\u00e4m\u00e4ss\u00e4. Klubimme j\u00e4senet pit\u00e4v\u00e4t mm. hoitokodin vanhuksille miestenkerhoa, jossa tosin on useimmiten l\u00e4hes puolet osallistujista naisia. Toivotamme tietenkin kaikki vanhukset sukupuolesta riippumatta tervetulleiksi tilaisuuksiin.<\/p>\n<p>Yhdess\u00e4 Aboa Novan j\u00e4senten kanssa olemme j\u00e4rjest\u00e4neet vanhuksille elokuvailtoja, tietokilpailuja, lauluiltoja sek\u00e4 keskustelleet heid\u00e4n el\u00e4m\u00e4st\u00e4\u00e4n ja ammateistaan. Olemme my\u00f6s ulkoiluttaneet heit\u00e4 ja tehneet retken Ruissaloon. Kerran j\u00e4rjestimme my\u00f6s juhannusjuhlat Portsakodin pihalla.\u00a0<\/p>\n<p>[\/et_pb_text][\/et_pb_column_inner][\/et_pb_row_inner][\/et_pb_column][et_pb_column type=&#8221;1_3&#8243; module_class=&#8221;sivupalkki&#8221; _builder_version=&#8221;4.16&#8243; custom_padding=&#8221;|||&#8221; global_colors_info=&#8221;{}&#8221; parallax__hover=&#8221;off&#8221; parallax_method__hover=&#8221;on&#8221; module_class__hover=&#8221;sivupalkki&#8221; custom_padding__hover=&#8221;|||&#8221;][et_pb_sidebar area=&#8221;sidebar-1&#8243; module_class=&#8221;sivupalkki_sisalto&#8221; _builder_version=&#8221;4.16&#8243; locked=&#8221;on&#8221; global_colors_info=&#8221;{}&#8221;][\/et_pb_sidebar][\/et_pb_column][\/et_pb_section]<\/p>\n","protected":false},"excerpt":{"rendered":"<p>Ilo esitell\u00e4 Ilo esitell\u00e4 &nbsp; Teemme Vesireppu-yhteisty\u00f6t\u00e4 turkulaisen Yli-Maarian koulun kanssa Yli-Maarian koulussa k\u00e4ytet\u00e4\u00e4n rotarien vesireppua opetusv\u00e4lineen\u00e4. Koulun oppilaat tutkivat vesirepun v\u00e4lineill\u00e4 Paattisten joen tilaa ja el\u00e4imi\u00e4. Tutkimuksessa mitataan veden sinilev\u00e4pitoisuutta, happipitoisuutta, l\u00e4mp\u00f6tilaa, nitraattipitoisuutta, fosfaattipitoisuutta, ph:ta, kolibakteeripitoisuutta ja n\u00e4k\u00f6syvyytt\u00e4 eli veden sameutta. Kokemukset vesirepusta ja vedentutkimuksesta ovat oleet eritt\u00e4in hyvi\u00e4, joten Yli-Maarian koulu jatkaa tutkimuksia, [&hellip;]<\/p>\n","protected":false},"author":1,"featured_media":0,"parent":129,"menu_order":0,"comment_status":"closed","ping_status":"closed","template":"","meta":{"_acf_changed":false,"_et_pb_use_builder":"on","_et_pb_old_content":"","_et_gb_content_width":"","footnotes":""},"class_list":["post-142","page","type-page","status-publish","hentry"],"acf":[],"yoast_head":"<!-- This site is optimized with the Yoast SEO plugin v27.4 - https:\/\/yoast.com\/product\/yoast-seo-wordpress\/ -->\n<title>Ilo esitell\u00e4 - Turku Sirkkala Rotaryklubi<\/title>\n<meta name=\"robots\" content=\"index, follow, max-snippet:-1, max-image-preview:large, max-video-preview:-1\" \/>\n<link rel=\"canonical\" href=\"https:\/\/rotary.fi\/turkusirkkala\/keita-olemme\/ilo-esitella\/\" \/>\n<meta property=\"og:locale\" content=\"fi_FI\" \/>\n<meta property=\"og:type\" content=\"article\" \/>\n<meta property=\"og:title\" content=\"Ilo esitell\u00e4 - Turku Sirkkala Rotaryklubi\" \/>\n<meta property=\"og:description\" content=\"Ilo esitell\u00e4 Ilo esitell\u00e4 &nbsp; Teemme Vesireppu-yhteisty\u00f6t\u00e4 turkulaisen Yli-Maarian koulun kanssa Yli-Maarian koulussa k\u00e4ytet\u00e4\u00e4n rotarien vesireppua opetusv\u00e4lineen\u00e4. Koulun oppilaat tutkivat vesirepun v\u00e4lineill\u00e4 Paattisten joen tilaa ja el\u00e4imi\u00e4. Tutkimuksessa mitataan veden sinilev\u00e4pitoisuutta, happipitoisuutta, l\u00e4mp\u00f6tilaa, nitraattipitoisuutta, fosfaattipitoisuutta, ph:ta, kolibakteeripitoisuutta ja n\u00e4k\u00f6syvyytt\u00e4 eli veden sameutta. Kokemukset vesirepusta ja vedentutkimuksesta ovat oleet eritt\u00e4in hyvi\u00e4, joten Yli-Maarian koulu jatkaa tutkimuksia, [&hellip;]\" \/>\n<meta property=\"og:url\" content=\"https:\/\/rotary.fi\/turkusirkkala\/keita-olemme\/ilo-esitella\/\" \/>\n<meta property=\"og:site_name\" content=\"Turku Sirkkala Rotaryklubi\" \/>\n<meta property=\"article:modified_time\" content=\"2024-08-08T17:26:55+00:00\" \/>\n<meta name=\"twitter:card\" content=\"summary_large_image\" \/>\n<meta name=\"twitter:label1\" content=\"Arvioitu lukuaika\" \/>\n\t<meta name=\"twitter:data1\" content=\"2 minuuttia\" \/>\n<script type=\"application\/ld+json\" class=\"yoast-schema-graph\">{\"@context\":\"https:\\\/\\\/schema.org\",\"@graph\":[{\"@type\":\"WebPage\",\"@id\":\"https:\\\/\\\/rotary.fi\\\/turkusirkkala\\\/keita-olemme\\\/ilo-esitella\\\/\",\"url\":\"https:\\\/\\\/rotary.fi\\\/turkusirkkala\\\/keita-olemme\\\/ilo-esitella\\\/\",\"name\":\"Ilo esitell\u00e4 - Turku Sirkkala Rotaryklubi\",\"isPartOf\":{\"@id\":\"https:\\\/\\\/rotary.fi\\\/turkusirkkala\\\/#website\"},\"datePublished\":\"2018-08-10T11:04:45+00:00\",\"dateModified\":\"2024-08-08T17:26:55+00:00\",\"breadcrumb\":{\"@id\":\"https:\\\/\\\/rotary.fi\\\/turkusirkkala\\\/keita-olemme\\\/ilo-esitella\\\/#breadcrumb\"},\"inLanguage\":\"fi\",\"potentialAction\":[{\"@type\":\"ReadAction\",\"target\":[\"https:\\\/\\\/rotary.fi\\\/turkusirkkala\\\/keita-olemme\\\/ilo-esitella\\\/\"]}]},{\"@type\":\"BreadcrumbList\",\"@id\":\"https:\\\/\\\/rotary.fi\\\/turkusirkkala\\\/keita-olemme\\\/ilo-esitella\\\/#breadcrumb\",\"itemListElement\":[{\"@type\":\"ListItem\",\"position\":1,\"name\":\"Home\",\"item\":\"https:\\\/\\\/rotary.fi\\\/turkusirkkala\\\/\"},{\"@type\":\"ListItem\",\"position\":2,\"name\":\"Keit\u00e4 olemme\",\"item\":\"https:\\\/\\\/rotary.fi\\\/turkusirkkala\\\/keita-olemme\\\/\"},{\"@type\":\"ListItem\",\"position\":3,\"name\":\"Ilo esitell\u00e4\"}]},{\"@type\":\"WebSite\",\"@id\":\"https:\\\/\\\/rotary.fi\\\/turkusirkkala\\\/#website\",\"url\":\"https:\\\/\\\/rotary.fi\\\/turkusirkkala\\\/\",\"name\":\"Turku Sirkkala Rotaryklubi\",\"description\":\"Uusi Rotary klubisivusto\",\"publisher\":{\"@id\":\"https:\\\/\\\/rotary.fi\\\/turkusirkkala\\\/#organization\"},\"potentialAction\":[{\"@type\":\"SearchAction\",\"target\":{\"@type\":\"EntryPoint\",\"urlTemplate\":\"https:\\\/\\\/rotary.fi\\\/turkusirkkala\\\/?s={search_term_string}\"},\"query-input\":{\"@type\":\"PropertyValueSpecification\",\"valueRequired\":true,\"valueName\":\"search_term_string\"}}],\"inLanguage\":\"fi\"},{\"@type\":\"Organization\",\"@id\":\"https:\\\/\\\/rotary.fi\\\/turkusirkkala\\\/#organization\",\"name\":\"Turku Sirkkala Rotaryklubi\",\"url\":\"https:\\\/\\\/rotary.fi\\\/turkusirkkala\\\/\",\"logo\":{\"@type\":\"ImageObject\",\"inLanguage\":\"fi\",\"@id\":\"https:\\\/\\\/rotary.fi\\\/turkusirkkala\\\/#\\\/schema\\\/logo\\\/image\\\/\",\"url\":\"https:\\\/\\\/rotary.fi\\\/turkusirkkala\\\/wp-content\\\/uploads\\\/sites\\\/254\\\/2018\\\/08\\\/rotary-logo-main-2.png\",\"contentUrl\":\"https:\\\/\\\/rotary.fi\\\/turkusirkkala\\\/wp-content\\\/uploads\\\/sites\\\/254\\\/2018\\\/08\\\/rotary-logo-main-2.png\",\"width\":135,\"height\":52,\"caption\":\"Turku Sirkkala Rotaryklubi\"},\"image\":{\"@id\":\"https:\\\/\\\/rotary.fi\\\/turkusirkkala\\\/#\\\/schema\\\/logo\\\/image\\\/\"}}]}<\/script>\n<!-- \/ Yoast SEO plugin. -->","yoast_head_json":{"title":"Ilo esitell\u00e4 - Turku Sirkkala Rotaryklubi","robots":{"index":"index","follow":"follow","max-snippet":"max-snippet:-1","max-image-preview":"max-image-preview:large","max-video-preview":"max-video-preview:-1"},"canonical":"https:\/\/rotary.fi\/turkusirkkala\/keita-olemme\/ilo-esitella\/","og_locale":"fi_FI","og_type":"article","og_title":"Ilo esitell\u00e4 - Turku Sirkkala Rotaryklubi","og_description":"Ilo esitell\u00e4 Ilo esitell\u00e4 &nbsp; Teemme Vesireppu-yhteisty\u00f6t\u00e4 turkulaisen Yli-Maarian koulun kanssa Yli-Maarian koulussa k\u00e4ytet\u00e4\u00e4n rotarien vesireppua opetusv\u00e4lineen\u00e4. Koulun oppilaat tutkivat vesirepun v\u00e4lineill\u00e4 Paattisten joen tilaa ja el\u00e4imi\u00e4. Tutkimuksessa mitataan veden sinilev\u00e4pitoisuutta, happipitoisuutta, l\u00e4mp\u00f6tilaa, nitraattipitoisuutta, fosfaattipitoisuutta, ph:ta, kolibakteeripitoisuutta ja n\u00e4k\u00f6syvyytt\u00e4 eli veden sameutta. Kokemukset vesirepusta ja vedentutkimuksesta ovat oleet eritt\u00e4in hyvi\u00e4, joten Yli-Maarian koulu jatkaa tutkimuksia, [&hellip;]","og_url":"https:\/\/rotary.fi\/turkusirkkala\/keita-olemme\/ilo-esitella\/","og_site_name":"Turku Sirkkala Rotaryklubi","article_modified_time":"2024-08-08T17:26:55+00:00","twitter_card":"summary_large_image","twitter_misc":{"Arvioitu lukuaika":"2 minuuttia"},"schema":{"@context":"https:\/\/schema.org","@graph":[{"@type":"WebPage","@id":"https:\/\/rotary.fi\/turkusirkkala\/keita-olemme\/ilo-esitella\/","url":"https:\/\/rotary.fi\/turkusirkkala\/keita-olemme\/ilo-esitella\/","name":"Ilo esitell\u00e4 - Turku Sirkkala Rotaryklubi","isPartOf":{"@id":"https:\/\/rotary.fi\/turkusirkkala\/#website"},"datePublished":"2018-08-10T11:04:45+00:00","dateModified":"2024-08-08T17:26:55+00:00","breadcrumb":{"@id":"https:\/\/rotary.fi\/turkusirkkala\/keita-olemme\/ilo-esitella\/#breadcrumb"},"inLanguage":"fi","potentialAction":[{"@type":"ReadAction","target":["https:\/\/rotary.fi\/turkusirkkala\/keita-olemme\/ilo-esitella\/"]}]},{"@type":"BreadcrumbList","@id":"https:\/\/rotary.fi\/turkusirkkala\/keita-olemme\/ilo-esitella\/#breadcrumb","itemListElement":[{"@type":"ListItem","position":1,"name":"Home","item":"https:\/\/rotary.fi\/turkusirkkala\/"},{"@type":"ListItem","position":2,"name":"Keit\u00e4 olemme","item":"https:\/\/rotary.fi\/turkusirkkala\/keita-olemme\/"},{"@type":"ListItem","position":3,"name":"Ilo esitell\u00e4"}]},{"@type":"WebSite","@id":"https:\/\/rotary.fi\/turkusirkkala\/#website","url":"https:\/\/rotary.fi\/turkusirkkala\/","name":"Turku Sirkkala Rotaryklubi","description":"Uusi Rotary klubisivusto","publisher":{"@id":"https:\/\/rotary.fi\/turkusirkkala\/#organization"},"potentialAction":[{"@type":"SearchAction","target":{"@type":"EntryPoint","urlTemplate":"https:\/\/rotary.fi\/turkusirkkala\/?s={search_term_string}"},"query-input":{"@type":"PropertyValueSpecification","valueRequired":true,"valueName":"search_term_string"}}],"inLanguage":"fi"},{"@type":"Organization","@id":"https:\/\/rotary.fi\/turkusirkkala\/#organization","name":"Turku Sirkkala Rotaryklubi","url":"https:\/\/rotary.fi\/turkusirkkala\/","logo":{"@type":"ImageObject","inLanguage":"fi","@id":"https:\/\/rotary.fi\/turkusirkkala\/#\/schema\/logo\/image\/","url":"https:\/\/rotary.fi\/turkusirkkala\/wp-content\/uploads\/sites\/254\/2018\/08\/rotary-logo-main-2.png","contentUrl":"https:\/\/rotary.fi\/turkusirkkala\/wp-content\/uploads\/sites\/254\/2018\/08\/rotary-logo-main-2.png","width":135,"height":52,"caption":"Turku Sirkkala Rotaryklubi"},"image":{"@id":"https:\/\/rotary.fi\/turkusirkkala\/#\/schema\/logo\/image\/"}}]}},"lang":"fi","translations":{"fi":142,"en":1438},"pll_sync_post":[],"_links":{"self":[{"href":"https:\/\/rotary.fi\/turkusirkkala\/wp-json\/wp\/v2\/pages\/142","targetHints":{"allow":["GET"]}}],"collection":[{"href":"https:\/\/rotary.fi\/turkusirkkala\/wp-json\/wp\/v2\/pages"}],"about":[{"href":"https:\/\/rotary.fi\/turkusirkkala\/wp-json\/wp\/v2\/types\/page"}],"author":[{"embeddable":true,"href":"https:\/\/rotary.fi\/turkusirkkala\/wp-json\/wp\/v2\/users\/1"}],"replies":[{"embeddable":true,"href":"https:\/\/rotary.fi\/turkusirkkala\/wp-json\/wp\/v2\/comments?post=142"}],"version-history":[{"count":10,"href":"https:\/\/rotary.fi\/turkusirkkala\/wp-json\/wp\/v2\/pages\/142\/revisions"}],"predecessor-version":[{"id":1772,"href":"https:\/\/rotary.fi\/turkusirkkala\/wp-json\/wp\/v2\/pages\/142\/revisions\/1772"}],"up":[{"embeddable":true,"href":"https:\/\/rotary.fi\/turkusirkkala\/wp-json\/wp\/v2\/pages\/129"}],"wp:attachment":[{"href":"https:\/\/rotary.fi\/turkusirkkala\/wp-json\/wp\/v2\/media?parent=142"}],"curies":[{"name":"wp","href":"https:\/\/api.w.org\/{rel}","templated":true}]}}