{"id":3485,"date":"2025-11-20T16:38:15","date_gmt":"2025-11-20T14:38:15","guid":{"rendered":"https:\/\/rotary.fi\/turkusamppalinna\/?page_id=3485"},"modified":"2025-12-02T19:10:12","modified_gmt":"2025-12-02T17:10:12","slug":"global-grant-uganda-2026","status":"publish","type":"page","link":"https:\/\/rotary.fi\/turkusamppalinna\/global-grant-uganda-2026\/","title":{"rendered":"Global Grant -Uganda 2026"},"content":{"rendered":"<p>[et_pb_section fb_built=&#8221;1&#8243; admin_label=&#8221;section&#8221; _builder_version=&#8221;4.16&#8243; global_colors_info=&#8221;{}&#8221;][et_pb_row admin_label=&#8221;row&#8221; _builder_version=&#8221;4.16&#8243; background_size=&#8221;initial&#8221; background_position=&#8221;top_left&#8221; background_repeat=&#8221;repeat&#8221; global_colors_info=&#8221;{}&#8221;][et_pb_column type=&#8221;4_4&#8243; _builder_version=&#8221;4.16&#8243; custom_padding=&#8221;|||&#8221; global_colors_info=&#8221;{}&#8221; custom_padding__hover=&#8221;|||&#8221;][et_pb_text admin_label=&#8221;Text&#8221; _builder_version=&#8221;4.27.4&#8243; background_size=&#8221;initial&#8221; background_position=&#8221;top_left&#8221; background_repeat=&#8221;repeat&#8221; global_colors_info=&#8221;{}&#8221;]<\/p>\n<div><strong>Global Grant Uganda &#8211; Kampala 2026<\/strong><\/div>\n<div>\u00a0<\/div>\n<div>\u00a0<\/div>\n<div class=\"gmail_default\"><strong>Turku Samppalinnan Rotaryklubi<\/strong> on mukana International Sponsor Clubina Global Grant -hankkeessa Ugandan p\u00e4\u00e4kaupungissa Kampalassa. Projektin teema on \u00e4idin ja lapsen terveys. Projektin Host Sponsor Clubina on <strong>Ntinda Rotary Club<\/strong> Kampalasta.<\/div>\n<div>\u00a0<\/div>\n<div class=\"gmail_default\">Global Grantin budjetti on 51.000 USD. Toteutusaika on 1.1.-31.12.2026.<\/div>\n<div class=\"gmail_default\">\n<p>Projektin aloitusaika\u00a0saattaa viiv\u00e4sty\u00e4 parilla kuukaudella Rotarys\u00e4\u00e4ti\u00f6lle teht\u00e4v\u00e4n hakemuksen jatkamisesta, rahoituksen hankkimisesta ja Rotarys\u00e4\u00e4ti\u00f6n k\u00e4sittelyst\u00e4 johtuen.<\/p>\n<p>&nbsp;<\/p>\n<\/div>\n<div class=\"gmail_default\"><img loading=\"lazy\" decoding=\"async\" class=\"wp-image-3537 alignnone size-medium\" src=\"https:\/\/rotary.fi\/turkusamppalinna\/wp-content\/uploads\/sites\/114\/2025\/12\/baby-box-300x281.jpg\" alt=\"\" width=\"300\" height=\"281\" \/><\/div>\n<div>\u00a0<\/div>\n<div class=\"gmail_default\">Global Grantin toteuttamisessa yhdistyy kolmen maanosan osaaminen. Suomen Paraisilta tulee piirimme Rotary Peace Fellow <strong>Suvi Aarnion<\/strong> idea Suomen \u00e4itiyspakkauksen kaltaisen Baby Boxin\u00a0toimittamisesta Kampalassa autettaville \u00e4ideille, USA:n Kansasista tulee toisen Rotary Peace Fellowin<strong> Jennifer Montgomeryn<\/strong>\u00a0vet\u00e4m\u00e4n yhdistyksen Magenta Girls Initiativen kokemus vastaavien projektien toteuttamisesta Ugandassa sek\u00e4 Ugandasta tulee kolmannen Rotary Peace Fellowin <strong>Gorett Komuremben<\/strong> paikallistuntemus k\u00f6yhiss\u00e4 oloissa Kampalassa asuvien teini\u00e4itien raskauksista ja synnytyksist\u00e4.<\/div>\n<div class=\"gmail_default\">\u00a0<\/div>\n<div>\u00a0<\/div>\n<div class=\"gmail_default\">N\u00e4iden kolmen naisen yst\u00e4vyys alkoi lukuvuonna 2021-2022 Ugandan Kampalassa, jossa Suvi, Jennifer ja Gorett suorittivat Makerere Universityn Rotary Peace Centeriss\u00e4 Rotarys\u00e4\u00e4ti\u00f6n rahoittaman vuoden ammatillisen t\u00e4ydennyskoulutuksen rauhan edist\u00e4misess\u00e4 ja konfliktien ratkaisussa.<\/div>\n<div class=\"gmail_default\">\u00a0<\/div>\n<div>\u00a0<\/div>\n<div class=\"gmail_default\">\n<p>International Primary Contact on <strong>Risto Suviala<\/strong>.<\/p>\n<p>Suvi Aarnio piti klubissamme 14.2.2022 esitelm\u00e4n opinnoistaan Rotary Peace Centeriss\u00e4 .<\/p>\n<p><a href=\"https:\/\/rotary.fi\/turkusamppalinna\/wp-content\/uploads\/sites\/114\/2025\/11\/Toivoa-tuomassa-Aitiysterveytta-edistamassa-Ugandassa-Global-Grant-GG2684568-suomi.pdf\" rel=\"attachment wp-att-3495\">Toivoa tuomassa \u00c4itiysterveytt\u00e4 edist\u00e4m\u00e4ss\u00e4 Ugandassa Global Grant GG2684568 (suomi)<\/a><\/p>\n<\/div>\n<div>\u00a0<\/div>\n<div><a href=\"https:\/\/rotary.fi\/turkusamppalinna\/wp-content\/uploads\/sites\/114\/2025\/11\/Att-ge-hopp-Mobil-modravard-i-Uganda-Global-Grant-GG2684568-svenska.pdf\" rel=\"attachment wp-att-3494\">Att ge hopp Mobil m\u00f6drav\u00e5rd i Uganda Global Grant GG2684568 (svenska)<\/a><\/div>\n<p>[\/et_pb_text][\/et_pb_column][\/et_pb_row][\/et_pb_section]<\/p>\n","protected":false},"excerpt":{"rendered":"<p>Global Grant Uganda &#8211; Kampala 2026 \u00a0 \u00a0 Turku Samppalinnan Rotaryklubi on mukana International Sponsor Clubina Global Grant -hankkeessa Ugandan p\u00e4\u00e4kaupungissa Kampalassa. Projektin teema on \u00e4idin ja lapsen terveys. Projektin Host Sponsor Clubina on Ntinda Rotary Club Kampalasta. \u00a0 Global Grantin budjetti on 51.000 USD. Toteutusaika on 1.1.-31.12.2026. Projektin aloitusaika\u00a0saattaa viiv\u00e4sty\u00e4 parilla kuukaudella Rotarys\u00e4\u00e4ti\u00f6lle teht\u00e4v\u00e4n [&hellip;]<\/p>\n","protected":false},"author":201,"featured_media":0,"parent":0,"menu_order":0,"comment_status":"closed","ping_status":"closed","template":"","meta":{"_acf_changed":false,"_et_pb_use_builder":"on","_et_pb_old_content":"<div class=\"gmail_default\">Turku Samppalinnan Rotaryklubi on mukana International Sponsor Clubina Global Grant -hankkeessa Ugandan p\u00e4\u00e4kaupungissa Kampalassa. Projektin teema on \u00e4idin ja lapsen terveys. Projektin Host Sponsor Clubina on Ntinda Rotary Club Kampalasta.<\/div>\r\n<div><\/div>\r\n<div class=\"gmail_default\">Global Grantin budjetti on 51.000 USD. Toteutusaika on 1.1.-31.12.2026.<\/div>\r\n<div class=\"gmail_default\">\r\nProjektin aloitusaika\u00a0saattaa viiv\u00e4sty\u00e4 parilla kuukaudella Rotarys\u00e4\u00e4ti\u00f6lle teht\u00e4v\u00e4n hakemuksen jatkamisesta, rahoituksen hankkimisesta ja Rotarys\u00e4\u00e4ti\u00f6n k\u00e4sittelyst\u00e4 johtuen.<\/div>\r\n<div class=\"gmail_default\"><\/div>\r\n<div class=\"gmail_default\">Global Grantin toteuttamisessa yhdistyy kolmen maanosan osaaminen. Suomen Paraisilta tulee piirimme Rotary Peace Fellow Suvi Aarnion idea Suomen \u00e4itiyspakkauksen kaltaisen Baby Boxin\u00a0toimittamisesta Kampalassa autettaville \u00e4ideille, USA:n Kansasista tulee toisen Rotary Peace Fellowin Jennifer Montgomeryn\u00a0vet\u00e4m\u00e4n yhdistyksen Magenta Girls Initiativen kokemus vastaavien projektien toteuttamisesta Ugandassa sek\u00e4 Ugandasta tulee kolmannen Rotary Peace Fellowin Gorett Komuremben paikallistuntemus k\u00f6yhiss\u00e4 oloissa Kampalassa asuvien teini\u00e4itien raskauksista ja synnytyksist\u00e4.<\/div>\r\n<div class=\"gmail_default\"><\/div>\r\n<div class=\"gmail_default\">N\u00e4iden kolmen naisen yst\u00e4vyys alkoi lukuvuonna 2021-2022 Ugandan Kampalassa, jossa Suvi, Jennifer ja Gorett suorittivat Makerere Universityn Rotary Peace Centeriss\u00e4 Rotarys\u00e4\u00e4ti\u00f6n rahoittaman vuoden ammatillisen t\u00e4ydennyskoulutuksen rauhan edist\u00e4misess\u00e4 ja konfliktien ratkaisussa.<\/div>\r\n<div class=\"gmail_default\"><\/div>\r\n<div class=\"gmail_default\">Suvi Aarnio piti klubissamme 14.2.2022 esitelm\u00e4n opinnoistaan Rotary Peace Centeriss\u00e4 .<\/div>\r\n<div class=\"gmail_default\"><\/div>","_et_gb_content_width":"","footnotes":""},"class_list":["post-3485","page","type-page","status-publish","hentry"],"acf":[],"yoast_head":"<!-- This site is optimized with the Yoast SEO plugin v27.4 - https:\/\/yoast.com\/product\/yoast-seo-wordpress\/ -->\n<title>Global Grant -Uganda 2026 - Turku Samppalinnan Rotaryklubi<\/title>\n<meta name=\"robots\" content=\"index, follow, max-snippet:-1, max-image-preview:large, max-video-preview:-1\" \/>\n<link rel=\"canonical\" href=\"https:\/\/rotary.fi\/turkusamppalinna\/global-grant-uganda-2026\/\" \/>\n<meta property=\"og:locale\" content=\"fi_FI\" \/>\n<meta property=\"og:type\" content=\"article\" \/>\n<meta property=\"og:title\" content=\"Global Grant -Uganda 2026 - Turku Samppalinnan Rotaryklubi\" \/>\n<meta property=\"og:description\" content=\"Global Grant Uganda - Kampala 2026 \u00a0 \u00a0 Turku Samppalinnan Rotaryklubi on mukana International Sponsor Clubina Global Grant -hankkeessa Ugandan p\u00e4\u00e4kaupungissa Kampalassa. Projektin teema on \u00e4idin ja lapsen terveys. Projektin Host Sponsor Clubina on Ntinda Rotary Club Kampalasta. \u00a0 Global Grantin budjetti on 51.000 USD. Toteutusaika on 1.1.-31.12.2026. Projektin aloitusaika\u00a0saattaa viiv\u00e4sty\u00e4 parilla kuukaudella Rotarys\u00e4\u00e4ti\u00f6lle teht\u00e4v\u00e4n [&hellip;]\" \/>\n<meta property=\"og:url\" content=\"https:\/\/rotary.fi\/turkusamppalinna\/global-grant-uganda-2026\/\" \/>\n<meta property=\"og:site_name\" content=\"Turku Samppalinnan Rotaryklubi\" \/>\n<meta property=\"article:modified_time\" content=\"2025-12-02T17:10:12+00:00\" \/>\n<meta property=\"og:image\" content=\"https:\/\/rotary.fi\/turkusamppalinna\/wp-content\/uploads\/sites\/114\/2025\/12\/baby-box.jpg\" \/>\n\t<meta property=\"og:image:width\" content=\"2048\" \/>\n\t<meta property=\"og:image:height\" content=\"1917\" \/>\n\t<meta property=\"og:image:type\" content=\"image\/jpeg\" \/>\n<meta name=\"twitter:card\" content=\"summary_large_image\" \/>\n<meta name=\"twitter:label1\" content=\"Arvioitu lukuaika\" \/>\n\t<meta name=\"twitter:data1\" content=\"2 minuuttia\" \/>\n<script type=\"application\/ld+json\" class=\"yoast-schema-graph\">{\"@context\":\"https:\\\/\\\/schema.org\",\"@graph\":[{\"@type\":\"WebPage\",\"@id\":\"https:\\\/\\\/rotary.fi\\\/turkusamppalinna\\\/global-grant-uganda-2026\\\/\",\"url\":\"https:\\\/\\\/rotary.fi\\\/turkusamppalinna\\\/global-grant-uganda-2026\\\/\",\"name\":\"Global Grant -Uganda 2026 - Turku Samppalinnan Rotaryklubi\",\"isPartOf\":{\"@id\":\"https:\\\/\\\/rotary.fi\\\/turkusamppalinna\\\/#website\"},\"primaryImageOfPage\":{\"@id\":\"https:\\\/\\\/rotary.fi\\\/turkusamppalinna\\\/global-grant-uganda-2026\\\/#primaryimage\"},\"image\":{\"@id\":\"https:\\\/\\\/rotary.fi\\\/turkusamppalinna\\\/global-grant-uganda-2026\\\/#primaryimage\"},\"thumbnailUrl\":\"https:\\\/\\\/rotary.fi\\\/turkusamppalinna\\\/wp-content\\\/uploads\\\/sites\\\/114\\\/2025\\\/12\\\/baby-box-300x281.jpg\",\"datePublished\":\"2025-11-20T14:38:15+00:00\",\"dateModified\":\"2025-12-02T17:10:12+00:00\",\"breadcrumb\":{\"@id\":\"https:\\\/\\\/rotary.fi\\\/turkusamppalinna\\\/global-grant-uganda-2026\\\/#breadcrumb\"},\"inLanguage\":\"fi\",\"potentialAction\":[{\"@type\":\"ReadAction\",\"target\":[\"https:\\\/\\\/rotary.fi\\\/turkusamppalinna\\\/global-grant-uganda-2026\\\/\"]}]},{\"@type\":\"ImageObject\",\"inLanguage\":\"fi\",\"@id\":\"https:\\\/\\\/rotary.fi\\\/turkusamppalinna\\\/global-grant-uganda-2026\\\/#primaryimage\",\"url\":\"https:\\\/\\\/rotary.fi\\\/turkusamppalinna\\\/wp-content\\\/uploads\\\/sites\\\/114\\\/2025\\\/12\\\/baby-box.jpg\",\"contentUrl\":\"https:\\\/\\\/rotary.fi\\\/turkusamppalinna\\\/wp-content\\\/uploads\\\/sites\\\/114\\\/2025\\\/12\\\/baby-box.jpg\",\"width\":2048,\"height\":1917},{\"@type\":\"BreadcrumbList\",\"@id\":\"https:\\\/\\\/rotary.fi\\\/turkusamppalinna\\\/global-grant-uganda-2026\\\/#breadcrumb\",\"itemListElement\":[{\"@type\":\"ListItem\",\"position\":1,\"name\":\"Home\",\"item\":\"https:\\\/\\\/rotary.fi\\\/turkusamppalinna\\\/\"},{\"@type\":\"ListItem\",\"position\":2,\"name\":\"Global Grant -Uganda 2026\"}]},{\"@type\":\"WebSite\",\"@id\":\"https:\\\/\\\/rotary.fi\\\/turkusamppalinna\\\/#website\",\"url\":\"https:\\\/\\\/rotary.fi\\\/turkusamppalinna\\\/\",\"name\":\"Turku Samppalinnan Rotaryklubi\",\"description\":\"Uusi Rotary klubisivusto\",\"potentialAction\":[{\"@type\":\"SearchAction\",\"target\":{\"@type\":\"EntryPoint\",\"urlTemplate\":\"https:\\\/\\\/rotary.fi\\\/turkusamppalinna\\\/?s={search_term_string}\"},\"query-input\":{\"@type\":\"PropertyValueSpecification\",\"valueRequired\":true,\"valueName\":\"search_term_string\"}}],\"inLanguage\":\"fi\"}]}<\/script>\n<!-- \/ Yoast SEO plugin. -->","yoast_head_json":{"title":"Global Grant -Uganda 2026 - Turku Samppalinnan Rotaryklubi","robots":{"index":"index","follow":"follow","max-snippet":"max-snippet:-1","max-image-preview":"max-image-preview:large","max-video-preview":"max-video-preview:-1"},"canonical":"https:\/\/rotary.fi\/turkusamppalinna\/global-grant-uganda-2026\/","og_locale":"fi_FI","og_type":"article","og_title":"Global Grant -Uganda 2026 - Turku Samppalinnan Rotaryklubi","og_description":"Global Grant Uganda - Kampala 2026 \u00a0 \u00a0 Turku Samppalinnan Rotaryklubi on mukana International Sponsor Clubina Global Grant -hankkeessa Ugandan p\u00e4\u00e4kaupungissa Kampalassa. Projektin teema on \u00e4idin ja lapsen terveys. Projektin Host Sponsor Clubina on Ntinda Rotary Club Kampalasta. \u00a0 Global Grantin budjetti on 51.000 USD. Toteutusaika on 1.1.-31.12.2026. Projektin aloitusaika\u00a0saattaa viiv\u00e4sty\u00e4 parilla kuukaudella Rotarys\u00e4\u00e4ti\u00f6lle teht\u00e4v\u00e4n [&hellip;]","og_url":"https:\/\/rotary.fi\/turkusamppalinna\/global-grant-uganda-2026\/","og_site_name":"Turku Samppalinnan Rotaryklubi","article_modified_time":"2025-12-02T17:10:12+00:00","og_image":[{"width":2048,"height":1917,"url":"https:\/\/rotary.fi\/turkusamppalinna\/wp-content\/uploads\/sites\/114\/2025\/12\/baby-box.jpg","type":"image\/jpeg"}],"twitter_card":"summary_large_image","twitter_misc":{"Arvioitu lukuaika":"2 minuuttia"},"schema":{"@context":"https:\/\/schema.org","@graph":[{"@type":"WebPage","@id":"https:\/\/rotary.fi\/turkusamppalinna\/global-grant-uganda-2026\/","url":"https:\/\/rotary.fi\/turkusamppalinna\/global-grant-uganda-2026\/","name":"Global Grant -Uganda 2026 - Turku Samppalinnan Rotaryklubi","isPartOf":{"@id":"https:\/\/rotary.fi\/turkusamppalinna\/#website"},"primaryImageOfPage":{"@id":"https:\/\/rotary.fi\/turkusamppalinna\/global-grant-uganda-2026\/#primaryimage"},"image":{"@id":"https:\/\/rotary.fi\/turkusamppalinna\/global-grant-uganda-2026\/#primaryimage"},"thumbnailUrl":"https:\/\/rotary.fi\/turkusamppalinna\/wp-content\/uploads\/sites\/114\/2025\/12\/baby-box-300x281.jpg","datePublished":"2025-11-20T14:38:15+00:00","dateModified":"2025-12-02T17:10:12+00:00","breadcrumb":{"@id":"https:\/\/rotary.fi\/turkusamppalinna\/global-grant-uganda-2026\/#breadcrumb"},"inLanguage":"fi","potentialAction":[{"@type":"ReadAction","target":["https:\/\/rotary.fi\/turkusamppalinna\/global-grant-uganda-2026\/"]}]},{"@type":"ImageObject","inLanguage":"fi","@id":"https:\/\/rotary.fi\/turkusamppalinna\/global-grant-uganda-2026\/#primaryimage","url":"https:\/\/rotary.fi\/turkusamppalinna\/wp-content\/uploads\/sites\/114\/2025\/12\/baby-box.jpg","contentUrl":"https:\/\/rotary.fi\/turkusamppalinna\/wp-content\/uploads\/sites\/114\/2025\/12\/baby-box.jpg","width":2048,"height":1917},{"@type":"BreadcrumbList","@id":"https:\/\/rotary.fi\/turkusamppalinna\/global-grant-uganda-2026\/#breadcrumb","itemListElement":[{"@type":"ListItem","position":1,"name":"Home","item":"https:\/\/rotary.fi\/turkusamppalinna\/"},{"@type":"ListItem","position":2,"name":"Global Grant -Uganda 2026"}]},{"@type":"WebSite","@id":"https:\/\/rotary.fi\/turkusamppalinna\/#website","url":"https:\/\/rotary.fi\/turkusamppalinna\/","name":"Turku Samppalinnan Rotaryklubi","description":"Uusi Rotary klubisivusto","potentialAction":[{"@type":"SearchAction","target":{"@type":"EntryPoint","urlTemplate":"https:\/\/rotary.fi\/turkusamppalinna\/?s={search_term_string}"},"query-input":{"@type":"PropertyValueSpecification","valueRequired":true,"valueName":"search_term_string"}}],"inLanguage":"fi"}]}},"lang":"fi","translations":{"fi":3485},"pll_sync_post":[],"_links":{"self":[{"href":"https:\/\/rotary.fi\/turkusamppalinna\/wp-json\/wp\/v2\/pages\/3485","targetHints":{"allow":["GET"]}}],"collection":[{"href":"https:\/\/rotary.fi\/turkusamppalinna\/wp-json\/wp\/v2\/pages"}],"about":[{"href":"https:\/\/rotary.fi\/turkusamppalinna\/wp-json\/wp\/v2\/types\/page"}],"author":[{"embeddable":true,"href":"https:\/\/rotary.fi\/turkusamppalinna\/wp-json\/wp\/v2\/users\/201"}],"replies":[{"embeddable":true,"href":"https:\/\/rotary.fi\/turkusamppalinna\/wp-json\/wp\/v2\/comments?post=3485"}],"version-history":[{"count":9,"href":"https:\/\/rotary.fi\/turkusamppalinna\/wp-json\/wp\/v2\/pages\/3485\/revisions"}],"predecessor-version":[{"id":3549,"href":"https:\/\/rotary.fi\/turkusamppalinna\/wp-json\/wp\/v2\/pages\/3485\/revisions\/3549"}],"wp:attachment":[{"href":"https:\/\/rotary.fi\/turkusamppalinna\/wp-json\/wp\/v2\/media?parent=3485"}],"curies":[{"name":"wp","href":"https:\/\/api.w.org\/{rel}","templated":true}]}}