{"id":3350,"date":"2025-01-26T10:52:23","date_gmt":"2025-01-26T08:52:23","guid":{"rendered":"https:\/\/rotary.fi\/turkusamppalinna\/?page_id=3350"},"modified":"2026-04-01T14:10:48","modified_gmt":"2026-04-01T11:10:48","slug":"2024-2025","status":"publish","type":"page","link":"https:\/\/rotary.fi\/turkusamppalinna\/tule-mukaan\/2024-2025\/","title":{"rendered":"2025-2026"},"content":{"rendered":"<p>[et_pb_section fb_built=&#8221;1&#8243; admin_label=&#8221;section&#8221; _builder_version=&#8221;4.16&#8243; global_colors_info=&#8221;{}&#8221;][et_pb_row admin_label=&#8221;row&#8221; _builder_version=&#8221;4.16&#8243; background_size=&#8221;initial&#8221; background_position=&#8221;top_left&#8221; background_repeat=&#8221;repeat&#8221; global_colors_info=&#8221;{}&#8221;][et_pb_column type=&#8221;4_4&#8243; _builder_version=&#8221;4.16&#8243; custom_padding=&#8221;|||&#8221; global_colors_info=&#8221;{}&#8221; custom_padding__hover=&#8221;|||&#8221;][et_pb_text admin_label=&#8221;Text&#8221; _builder_version=&#8221;4.27.4&#8243; background_size=&#8221;initial&#8221; background_position=&#8221;top_left&#8221; background_repeat=&#8221;repeat&#8221; global_colors_info=&#8221;{}&#8221;]<\/p>\n<table width=\"779\">\n<tbody>\n<tr>\n<td colspan=\"2\" width=\"626\">Rotaryklubi Samppalinna Turku<\/td>\n<td width=\"153\">\u00a0<\/td>\n<\/tr>\n<tr>\n<td colspan=\"2\">Ohjelma kaudelle 2025\/2026, syksy<\/td>\n<td>\u00a0<\/td>\n<\/tr>\n<tr>\n<td>\u00a0<\/td>\n<td>\u00a0<\/td>\n<td>\u00a0<\/td>\n<\/tr>\n<tr>\n<td>PVM<\/td>\n<td>Mik\u00e4 aihe<\/td>\n<td>Esitt\u00e4j\u00e4<\/td>\n<\/tr>\n<tr>\n<td>18.8.<\/td>\n<td>Klubineuvottelu<\/td>\n<td>\u00a0<\/td>\n<\/tr>\n<tr>\n<td>22.8.<\/td>\n<td>Musiikkijuhlien konsertti, Sigyn salissa<\/td>\n<td>\u00a0<\/td>\n<\/tr>\n<tr>\n<td>25.8.<\/td>\n<td>Turku Kupittaan Rotaryklubi<\/td>\n<td>\u00a0<\/td>\n<\/tr>\n<tr>\n<td>1.9.<\/td>\n<td>Luomia ja ihomuutoksia &#8211; pit\u00e4\u00e4k\u00f6 olla huolissaan?<\/td>\n<td>LT Atte Kivisaari<\/td>\n<\/tr>\n<tr>\n<td>3.9.<\/td>\n<td>Rotaryn peruskurssi<\/td>\n<td>Piiri 1410<\/td>\n<\/tr>\n<tr>\n<td>6.9.<\/td>\n<td>Fight Back Run<\/td>\n<td>Turun klubit<\/td>\n<\/tr>\n<tr>\n<td>8.9.<\/td>\n<td>Auttamisesta Arkea -lahjoituspalvelu<\/td>\n<td>Ville M\u00e4kil\u00e4<\/td>\n<\/tr>\n<tr>\n<td>13.9.<\/td>\n<td>Syysseminaari<\/td>\n<td>Piiri 1410<\/td>\n<\/tr>\n<tr>\n<td>15.9.<\/td>\n<td>Palaava vaihto-oppilas Hugo Hannula<\/td>\n<td>\u00a0<\/td>\n<\/tr>\n<tr>\n<td>21.9.<\/td>\n<td>Rotary mukana Turun p\u00e4iv\u00e4ss\u00e4<\/td>\n<td>Turun klubit<\/td>\n<\/tr>\n<tr>\n<td>22.9.<\/td>\n<td>Haavoittuvassa asemassa olevat KV-opiskelijat<\/td>\n<td>Minna Iljanka<\/td>\n<\/tr>\n<tr>\n<td>29.9.<\/td>\n<td>F\u00f6li ja runkoreitit<\/td>\n<td>Lauri Jorasmaa<\/td>\n<\/tr>\n<tr>\n<td>6.10.<\/td>\n<td>Kaksosten erilaiset muistikuvat lapsuuden tapahtumista<\/td>\n<td>Jouni ja Jyrki Suominen<\/td>\n<\/tr>\n<tr>\n<td>13.10.<\/td>\n<td>Baltic Sea RYLA 2025<\/td>\n<td>Mikko Kaasinen<\/td>\n<\/tr>\n<tr>\n<td>20.10.<\/td>\n<td>Vaihto-oppilas Hendri Zanella de Andrade<\/td>\n<td>\u00a0<\/td>\n<\/tr>\n<tr>\n<td>23.10.<\/td>\n<td>World Polio Day -hyv\u00e4ntekev\u00e4isyystapahtuma teemalla &#8221;Viski tutuksi&#8221;<\/td>\n<td>Johannes Iljanka<\/td>\n<\/tr>\n<tr>\n<td>27.10.<\/td>\n<td>Syyskokous<\/td>\n<td>\u00a0<\/td>\n<\/tr>\n<tr>\n<td>29.10.<\/td>\n<td>Rotaryyn tutustumistilaisuus<\/td>\n<td>Turun klubit<\/td>\n<\/tr>\n<tr>\n<td>3.11.<\/td>\n<td>Muisteluita vuosien varrelta<\/td>\n<td>\u00a0<\/td>\n<\/tr>\n<tr>\n<td>10.11.<\/td>\n<td>Arvot ja mahdollisuudet rotaryssa<\/td>\n<td>AG Erja Vihervaara<\/td>\n<\/tr>\n<tr>\n<td>17.11.<\/td>\n<td>DG vierailu<\/td>\n<td>Matti Hakoila<\/td>\n<\/tr>\n<tr>\n<td>24.11.<\/td>\n<td>Cha\u00eene des R\u00f4tisseurs<\/td>\n<td>Petri Tamminen<\/td>\n<\/tr>\n<tr>\n<td>28.11.<\/td>\n<td>Pikkujoulut<\/td>\n<td>\u00a0<\/td>\n<\/tr>\n<tr>\n<td>1.12.<\/td>\n<td>Varautuminen poikkeusoloihin<\/td>\n<td>Hannele Kaitaranta<\/td>\n<\/tr>\n<tr>\n<td>8.12.<\/td>\n<td>Pyh\u00e4n hengen kappeli (vierailu\/tutustuminen)<\/td>\n<td>Benito Casagrande<\/td>\n<\/tr>\n<tr>\n<td>18.12.<\/td>\n<td>Joulumusiikkia Turun tuomiokirkossa<\/td>\n<td>Turku Aninkainen rk<\/td>\n<\/tr>\n<\/tbody>\n<\/table>\n<p>&nbsp;<\/p>\n<table width=\"823\">\n<tbody>\n<tr>\n<td colspan=\"2\" width=\"576\">Rotaryklubi Samppalinna Turku<\/td>\n<td width=\"247\">\u00a0<\/td>\n<\/tr>\n<tr>\n<td colspan=\"2\">Ohjelma kaudelle 2025\/2026, kev\u00e4t<\/td>\n<td>\u00a0<\/td>\n<\/tr>\n<tr>\n<td>\u00a0<\/td>\n<td>\u00a0<\/td>\n<td>\u00a0<\/td>\n<\/tr>\n<tr>\n<td>PVM<\/td>\n<td>Mik\u00e4 aihe<\/td>\n<td>Esitt\u00e4j\u00e4<\/td>\n<\/tr>\n<tr>\n<td>12.1.<\/td>\n<td>Klubineuvottelu<\/td>\n<td>\u00a0<\/td>\n<\/tr>\n<tr>\n<td>19.1.<\/td>\n<td>Miessakit<\/td>\n<td>Juho Hietarinta<\/td>\n<\/tr>\n<tr>\n<td>26.1.<\/td>\n<td>Vaihto-oppilas Hendri Zanella de Andrade<\/td>\n<td>\u00a0<\/td>\n<\/tr>\n<tr>\n<td>2.2.<\/td>\n<td>Miksi ihmiset uskovat salaliittoteorioihin?<\/td>\n<td>Johanna Kaakinen, professori<\/td>\n<\/tr>\n<tr>\n<td>9.2.<\/td>\n<td>Ugandan Baby Box<\/td>\n<td>Suvi Aarnio ja Risto Suviala<\/td>\n<\/tr>\n<tr>\n<td>16.2.<\/td>\n<td>Hiljainen verenpaine (avec)<\/td>\n<td>Ilkka Kantola, dosentti TYKS<\/td>\n<\/tr>\n<tr>\n<td>23.2.<\/td>\n<td>Moninaistuva ty\u00f6el\u00e4m\u00e4 \u2019ruohonjuuritasolla\u2019<\/td>\n<td>Sari Vanhanen, Siirtolaisuusinstituutti<\/td>\n<\/tr>\n<tr>\n<td>2.3.<\/td>\n<td>Et\u00e4opettajasta Afrikan auttajaksi \u2013 lastenl\u00e4\u00e4k\u00e4rin kokemuksia<\/td>\n<td>Jussi Mertsola, professori<\/td>\n<\/tr>\n<tr>\n<td>9.3.<\/td>\n<td>Rotex<\/td>\n<td>Iida Liimula<\/td>\n<\/tr>\n<tr>\n<td>16.3.<\/td>\n<td>Varhan ajankohtaiset<\/td>\n<td>Katriina Hiippavuori<\/td>\n<\/tr>\n<tr>\n<td>23.3.<\/td>\n<td>Rotarit, polio ja Polio Plus<\/td>\n<td>Timo Merikallio<\/td>\n<\/tr>\n<tr>\n<td>30.3.<\/td>\n<td>Sovittelu<\/td>\n<td>Maija V\u00e4h\u00e4m\u00e4ki, KTT<\/td>\n<\/tr>\n<tr>\n<td>11.-12.4.<\/td>\n<td>Piirikonferenssi<\/td>\n<td>\u00a0<\/td>\n<\/tr>\n<tr>\n<td>13.4.<\/td>\n<td>Kaksostutkimuksen tieteellinen problemattiikka<\/td>\n<td>Jouni Suominen<\/td>\n<\/tr>\n<tr>\n<td>20.4.<\/td>\n<td>Puhetta kirjoittamisesta<\/td>\n<td>Ari Pitk\u00e4ranta, tietokirjailija, HTT<\/td>\n<\/tr>\n<tr>\n<td>27.4.<\/td>\n<td>L\u00e4htev\u00e4 vaihtari Taika Suihkonen<\/td>\n<td>Taika Suihkonen<\/td>\n<\/tr>\n<tr>\n<td>4.5.<\/td>\n<td>L\u00e4htev\u00e4 vaihtari\u00a0 Erin \u00c4\u00e4rimaa<\/td>\n<td>Erin \u00c4\u00e4rimaa<\/td>\n<\/tr>\n<tr>\n<td>11.5.<\/td>\n<td>Kev\u00e4tkokous<\/td>\n<td>\u00a0<\/td>\n<\/tr>\n<tr>\n<td>18.5.<\/td>\n<td>Vierailu Johanna Oraksen taidekodissa (avec)<\/td>\n<td>\u00a0<\/td>\n<\/tr>\n<tr>\n<td>25.5.<\/td>\n<td>Hendrin vuosi vaihtarina, sek\u00e4 rauhan stipendien jako<\/td>\n<td>\u00a0<\/td>\n<\/tr>\n<tr>\n<td>1.6.<\/td>\n<td>J\u00e4rf\u00e4llan klubi tulee vierailulle<\/td>\n<td>\u00a0<\/td>\n<\/tr>\n<tr>\n<td>3.6.<\/td>\n<td>Vaihtokokous<\/td>\n<td>\u00a0<\/td>\n<\/tr>\n<\/tbody>\n<\/table>\n<p>[\/et_pb_text][\/et_pb_column][\/et_pb_row][\/et_pb_section]<\/p>\n","protected":false},"excerpt":{"rendered":"<p>Rotaryklubi Samppalinna Turku \u00a0 Ohjelma kaudelle 2025\/2026, syksy \u00a0 \u00a0 \u00a0 \u00a0 PVM Mik\u00e4 aihe Esitt\u00e4j\u00e4 18.8. Klubineuvottelu \u00a0 22.8. Musiikkijuhlien konsertti, Sigyn salissa \u00a0 25.8. Turku Kupittaan Rotaryklubi \u00a0 1.9. Luomia ja ihomuutoksia &#8211; pit\u00e4\u00e4k\u00f6 olla huolissaan? LT Atte Kivisaari 3.9. Rotaryn peruskurssi Piiri 1410 6.9. Fight Back Run Turun klubit 8.9. Auttamisesta Arkea [&hellip;]<\/p>\n","protected":false},"author":201,"featured_media":0,"parent":89,"menu_order":0,"comment_status":"closed","ping_status":"closed","template":"","meta":{"_acf_changed":false,"_et_pb_use_builder":"on","_et_pb_old_content":"<table width=\"507\">\r\n<tbody>\r\n<tr>\r\n<td colspan=\"2\" width=\"334\">Turku-Samppalinnan ohjelma kev\u00e4t 2023<\/td>\r\n<td width=\"173\"><\/td>\r\n<\/tr>\r\n<tr>\r\n<td><\/td>\r\n<td><\/td>\r\n<td><\/td>\r\n<\/tr>\r\n<tr>\r\n<td>09.01.23<\/td>\r\n<td colspan=\"2\">Pekka Kallio - Rautateiden turvalaitteet \/ Sweco<\/td>\r\n<\/tr>\r\n<tr>\r\n<td>16.01.23<\/td>\r\n<td colspan=\"2\">Daniela Knif - Purkautumispiste (Aihe tarkentuu)<\/td>\r\n<\/tr>\r\n<tr>\r\n<td>23.01.23<\/td>\r\n<td colspan=\"2\">Kari Kuusisto - Alisuoriutuminen ty\u00f6el\u00e4m\u00e4ss\u00e4<\/td>\r\n<\/tr>\r\n<tr>\r\n<td>30.01.23<\/td>\r\n<td colspan=\"2\">Mari Kangas - Asuntomarkkinoiden tilanne<\/td>\r\n<\/tr>\r\n<tr>\r\n<td><\/td>\r\n<td><\/td>\r\n<td><\/td>\r\n<\/tr>\r\n<tr>\r\n<td>06.02.23<\/td>\r\n<td colspan=\"2\">Marie Lundmark - Taitoluistelu ja tuomarointi<\/td>\r\n<\/tr>\r\n<tr>\r\n<td>13.02.23<\/td>\r\n<td>J\u00e4seyyspodcast 5<\/td>\r\n<td><\/td>\r\n<\/tr>\r\n<tr>\r\n<td>17.02.23<\/td>\r\n<td>Punainen viiva- Kaupunginteatteri<\/td>\r\n<td><\/td>\r\n<\/tr>\r\n<tr>\r\n<td>27.02.23<\/td>\r\n<td>Matti Sillanp\u00e4\u00e4 - Miten tulla ihmiseksi<\/td>\r\n<td><\/td>\r\n<\/tr>\r\n<tr>\r\n<td><\/td>\r\n<td><\/td>\r\n<td><\/td>\r\n<\/tr>\r\n<tr>\r\n<td>06.03.23<\/td>\r\n<td colspan=\"2\">Raimo Hyv\u00f6nen - Miksi lintuja rengastetaan<\/td>\r\n<\/tr>\r\n<tr>\r\n<td>13.03.23<\/td>\r\n<td width=\"247\">J\u00e4seyyspodcast 6<\/td>\r\n<td><\/td>\r\n<\/tr>\r\n<tr>\r\n<td>20.03.23<\/td>\r\n<td>Risto Suviala - Ukrainan historia<\/td>\r\n<td><\/td>\r\n<\/tr>\r\n<tr>\r\n<td>27.03.23<\/td>\r\n<td colspan=\"2\">Riitta Koponen - Ortodoksinen p\u00e4\u00e4si\u00e4inen<\/td>\r\n<\/tr>\r\n<tr>\r\n<td><\/td>\r\n<td><\/td>\r\n<td><\/td>\r\n<\/tr>\r\n<tr>\r\n<td>03.04.23<\/td>\r\n<td>J\u00e4senyyspodcast 7<\/td>\r\n<td><\/td>\r\n<\/tr>\r\n<tr>\r\n<td>17.04.23<\/td>\r\n<td colspan=\"2\">Kalle Parvinen - Matematiikka ja evoluutio<\/td>\r\n<\/tr>\r\n<tr>\r\n<td>24.04.23<\/td>\r\n<td colspan=\"2\">Tommi Sundqvist - Gambian kuulumiset<\/td>\r\n<\/tr>\r\n<tr>\r\n<td><\/td>\r\n<td><\/td>\r\n<td><\/td>\r\n<\/tr>\r\n<tr>\r\n<td>08.05.23<\/td>\r\n<td>J\u00e4senyyspodcast 8<\/td>\r\n<td><\/td>\r\n<\/tr>\r\n<tr>\r\n<td>15.05.23<\/td>\r\n<td colspan=\"2\">Eko Urasaki - kokemuksia vaihtovuodesta<\/td>\r\n<\/tr>\r\n<tr>\r\n<td>22.05.23<\/td>\r\n<td>Kev\u00e4tkokous<\/td>\r\n<td><\/td>\r\n<\/tr>\r\n<tr>\r\n<td>29.05.23<\/td>\r\n<td colspan=\"2\">Riku Lehtinen \u2013 Tiet\u00e4m\u00e4tt\u00f6myyden filosofia<\/td>\r\n<\/tr>\r\n<tr>\r\n<td><\/td>\r\n<td><\/td>\r\n<td><\/td>\r\n<\/tr>\r\n<tr>\r\n<td><\/td>\r\n<td><\/td>\r\n<td><\/td>\r\n<\/tr>\r\n<tr>\r\n<td>09.06.23<\/td>\r\n<td>50-vuotisjuhla ja vaihtokokous<\/td>\r\n<td><\/td>\r\n<\/tr>\r\n<tr>\r\n<td><\/td>\r\n<td><\/td>\r\n<td><\/td>\r\n<\/tr>\r\n<tr>\r\n<td><\/td>\r\n<td>Koulutuksia ja muita tapahtumia<\/td>\r\n<td><\/td>\r\n<\/tr>\r\n<tr>\r\n<td>15.01.23<\/td>\r\n<td>J\u00e4senyysfoorumi - Et\u00e4n\u00e4 (Zoom)<\/td>\r\n<td><\/td>\r\n<\/tr>\r\n<tr>\r\n<td>3.-5.2.23<\/td>\r\n<td>Rotary Forum - Turku<\/td>\r\n<td><\/td>\r\n<\/tr>\r\n<tr>\r\n<td>04.03.23<\/td>\r\n<td>PETS - Kemi\u00f6nsaari<\/td>\r\n<td><\/td>\r\n<\/tr>\r\n<tr>\r\n<td>1.-2.4.<\/td>\r\n<td>Piirikonferenssi Uusikaupunki<\/td>\r\n<td><\/td>\r\n<\/tr>\r\n<tr>\r\n<td><\/td>\r\n<td><\/td>\r\n<td><\/td>\r\n<\/tr>\r\n<\/tbody>\r\n<\/table>","_et_gb_content_width":"","footnotes":""},"class_list":["post-3350","page","type-page","status-publish","hentry"],"acf":[],"yoast_head":"<!-- This site is optimized with the Yoast SEO plugin v27.4 - https:\/\/yoast.com\/product\/yoast-seo-wordpress\/ -->\n<title>2025-2026 - Turku Samppalinnan Rotaryklubi<\/title>\n<meta name=\"robots\" content=\"index, follow, max-snippet:-1, max-image-preview:large, max-video-preview:-1\" \/>\n<link rel=\"canonical\" href=\"https:\/\/rotary.fi\/turkusamppalinna\/tule-mukaan\/2024-2025\/\" \/>\n<meta property=\"og:locale\" content=\"fi_FI\" \/>\n<meta property=\"og:type\" content=\"article\" \/>\n<meta property=\"og:title\" content=\"2025-2026 - Turku Samppalinnan Rotaryklubi\" \/>\n<meta property=\"og:description\" content=\"Rotaryklubi Samppalinna Turku \u00a0 Ohjelma kaudelle 2025\/2026, syksy \u00a0 \u00a0 \u00a0 \u00a0 PVM Mik\u00e4 aihe Esitt\u00e4j\u00e4 18.8. Klubineuvottelu \u00a0 22.8. Musiikkijuhlien konsertti, Sigyn salissa \u00a0 25.8. Turku Kupittaan Rotaryklubi \u00a0 1.9. Luomia ja ihomuutoksia - pit\u00e4\u00e4k\u00f6 olla huolissaan? LT Atte Kivisaari 3.9. Rotaryn peruskurssi Piiri 1410 6.9. Fight Back Run Turun klubit 8.9. Auttamisesta Arkea [&hellip;]\" \/>\n<meta property=\"og:url\" content=\"https:\/\/rotary.fi\/turkusamppalinna\/tule-mukaan\/2024-2025\/\" \/>\n<meta property=\"og:site_name\" content=\"Turku Samppalinnan Rotaryklubi\" \/>\n<meta property=\"article:modified_time\" content=\"2026-04-01T11:10:48+00:00\" \/>\n<meta name=\"twitter:card\" content=\"summary_large_image\" \/>\n<meta name=\"twitter:label1\" content=\"Arvioitu lukuaika\" \/>\n\t<meta name=\"twitter:data1\" content=\"2 minuuttia\" \/>\n<script type=\"application\/ld+json\" class=\"yoast-schema-graph\">{\"@context\":\"https:\\\/\\\/schema.org\",\"@graph\":[{\"@type\":\"WebPage\",\"@id\":\"https:\\\/\\\/rotary.fi\\\/turkusamppalinna\\\/tule-mukaan\\\/2024-2025\\\/\",\"url\":\"https:\\\/\\\/rotary.fi\\\/turkusamppalinna\\\/tule-mukaan\\\/2024-2025\\\/\",\"name\":\"2025-2026 - Turku Samppalinnan Rotaryklubi\",\"isPartOf\":{\"@id\":\"https:\\\/\\\/rotary.fi\\\/turkusamppalinna\\\/#website\"},\"datePublished\":\"2025-01-26T08:52:23+00:00\",\"dateModified\":\"2026-04-01T11:10:48+00:00\",\"breadcrumb\":{\"@id\":\"https:\\\/\\\/rotary.fi\\\/turkusamppalinna\\\/tule-mukaan\\\/2024-2025\\\/#breadcrumb\"},\"inLanguage\":\"fi\",\"potentialAction\":[{\"@type\":\"ReadAction\",\"target\":[\"https:\\\/\\\/rotary.fi\\\/turkusamppalinna\\\/tule-mukaan\\\/2024-2025\\\/\"]}]},{\"@type\":\"BreadcrumbList\",\"@id\":\"https:\\\/\\\/rotary.fi\\\/turkusamppalinna\\\/tule-mukaan\\\/2024-2025\\\/#breadcrumb\",\"itemListElement\":[{\"@type\":\"ListItem\",\"position\":1,\"name\":\"Home\",\"item\":\"https:\\\/\\\/rotary.fi\\\/turkusamppalinna\\\/\"},{\"@type\":\"ListItem\",\"position\":2,\"name\":\"Tule mukaan\",\"item\":\"https:\\\/\\\/rotary.fi\\\/turkusamppalinna\\\/tule-mukaan\\\/\"},{\"@type\":\"ListItem\",\"position\":3,\"name\":\"2025-2026\"}]},{\"@type\":\"WebSite\",\"@id\":\"https:\\\/\\\/rotary.fi\\\/turkusamppalinna\\\/#website\",\"url\":\"https:\\\/\\\/rotary.fi\\\/turkusamppalinna\\\/\",\"name\":\"Turku Samppalinnan Rotaryklubi\",\"description\":\"Uusi Rotary klubisivusto\",\"potentialAction\":[{\"@type\":\"SearchAction\",\"target\":{\"@type\":\"EntryPoint\",\"urlTemplate\":\"https:\\\/\\\/rotary.fi\\\/turkusamppalinna\\\/?s={search_term_string}\"},\"query-input\":{\"@type\":\"PropertyValueSpecification\",\"valueRequired\":true,\"valueName\":\"search_term_string\"}}],\"inLanguage\":\"fi\"}]}<\/script>\n<!-- \/ Yoast SEO plugin. -->","yoast_head_json":{"title":"2025-2026 - Turku Samppalinnan Rotaryklubi","robots":{"index":"index","follow":"follow","max-snippet":"max-snippet:-1","max-image-preview":"max-image-preview:large","max-video-preview":"max-video-preview:-1"},"canonical":"https:\/\/rotary.fi\/turkusamppalinna\/tule-mukaan\/2024-2025\/","og_locale":"fi_FI","og_type":"article","og_title":"2025-2026 - Turku Samppalinnan Rotaryklubi","og_description":"Rotaryklubi Samppalinna Turku \u00a0 Ohjelma kaudelle 2025\/2026, syksy \u00a0 \u00a0 \u00a0 \u00a0 PVM Mik\u00e4 aihe Esitt\u00e4j\u00e4 18.8. Klubineuvottelu \u00a0 22.8. Musiikkijuhlien konsertti, Sigyn salissa \u00a0 25.8. Turku Kupittaan Rotaryklubi \u00a0 1.9. Luomia ja ihomuutoksia - pit\u00e4\u00e4k\u00f6 olla huolissaan? LT Atte Kivisaari 3.9. Rotaryn peruskurssi Piiri 1410 6.9. Fight Back Run Turun klubit 8.9. Auttamisesta Arkea [&hellip;]","og_url":"https:\/\/rotary.fi\/turkusamppalinna\/tule-mukaan\/2024-2025\/","og_site_name":"Turku Samppalinnan Rotaryklubi","article_modified_time":"2026-04-01T11:10:48+00:00","twitter_card":"summary_large_image","twitter_misc":{"Arvioitu lukuaika":"2 minuuttia"},"schema":{"@context":"https:\/\/schema.org","@graph":[{"@type":"WebPage","@id":"https:\/\/rotary.fi\/turkusamppalinna\/tule-mukaan\/2024-2025\/","url":"https:\/\/rotary.fi\/turkusamppalinna\/tule-mukaan\/2024-2025\/","name":"2025-2026 - Turku Samppalinnan Rotaryklubi","isPartOf":{"@id":"https:\/\/rotary.fi\/turkusamppalinna\/#website"},"datePublished":"2025-01-26T08:52:23+00:00","dateModified":"2026-04-01T11:10:48+00:00","breadcrumb":{"@id":"https:\/\/rotary.fi\/turkusamppalinna\/tule-mukaan\/2024-2025\/#breadcrumb"},"inLanguage":"fi","potentialAction":[{"@type":"ReadAction","target":["https:\/\/rotary.fi\/turkusamppalinna\/tule-mukaan\/2024-2025\/"]}]},{"@type":"BreadcrumbList","@id":"https:\/\/rotary.fi\/turkusamppalinna\/tule-mukaan\/2024-2025\/#breadcrumb","itemListElement":[{"@type":"ListItem","position":1,"name":"Home","item":"https:\/\/rotary.fi\/turkusamppalinna\/"},{"@type":"ListItem","position":2,"name":"Tule mukaan","item":"https:\/\/rotary.fi\/turkusamppalinna\/tule-mukaan\/"},{"@type":"ListItem","position":3,"name":"2025-2026"}]},{"@type":"WebSite","@id":"https:\/\/rotary.fi\/turkusamppalinna\/#website","url":"https:\/\/rotary.fi\/turkusamppalinna\/","name":"Turku Samppalinnan Rotaryklubi","description":"Uusi Rotary klubisivusto","potentialAction":[{"@type":"SearchAction","target":{"@type":"EntryPoint","urlTemplate":"https:\/\/rotary.fi\/turkusamppalinna\/?s={search_term_string}"},"query-input":{"@type":"PropertyValueSpecification","valueRequired":true,"valueName":"search_term_string"}}],"inLanguage":"fi"}]}},"lang":"fi","translations":{"fi":3350},"pll_sync_post":[],"_links":{"self":[{"href":"https:\/\/rotary.fi\/turkusamppalinna\/wp-json\/wp\/v2\/pages\/3350","targetHints":{"allow":["GET"]}}],"collection":[{"href":"https:\/\/rotary.fi\/turkusamppalinna\/wp-json\/wp\/v2\/pages"}],"about":[{"href":"https:\/\/rotary.fi\/turkusamppalinna\/wp-json\/wp\/v2\/types\/page"}],"author":[{"embeddable":true,"href":"https:\/\/rotary.fi\/turkusamppalinna\/wp-json\/wp\/v2\/users\/201"}],"replies":[{"embeddable":true,"href":"https:\/\/rotary.fi\/turkusamppalinna\/wp-json\/wp\/v2\/comments?post=3350"}],"version-history":[{"count":10,"href":"https:\/\/rotary.fi\/turkusamppalinna\/wp-json\/wp\/v2\/pages\/3350\/revisions"}],"predecessor-version":[{"id":3597,"href":"https:\/\/rotary.fi\/turkusamppalinna\/wp-json\/wp\/v2\/pages\/3350\/revisions\/3597"}],"up":[{"embeddable":true,"href":"https:\/\/rotary.fi\/turkusamppalinna\/wp-json\/wp\/v2\/pages\/89"}],"wp:attachment":[{"href":"https:\/\/rotary.fi\/turkusamppalinna\/wp-json\/wp\/v2\/media?parent=3350"}],"curies":[{"name":"wp","href":"https:\/\/api.w.org\/{rel}","templated":true}]}}