{"id":3221,"date":"2024-06-26T14:27:59","date_gmt":"2024-06-26T11:27:59","guid":{"rendered":"https:\/\/rotary.fi\/turkusamppalinna\/?page_id=3221"},"modified":"2024-06-26T14:55:49","modified_gmt":"2024-06-26T11:55:49","slug":"nuoret-rotarit","status":"publish","type":"page","link":"https:\/\/rotary.fi\/turkusamppalinna\/nuoret-rotarit\/","title":{"rendered":"Nuoret Rotarit"},"content":{"rendered":"<p><img loading=\"lazy\" decoding=\"async\" class=\"alignnone size-medium wp-image-3206\" src=\"https:\/\/rotary.fi\/turkusamppalinna\/wp-content\/uploads\/sites\/114\/2024\/06\/presidentit-300x210.jpg\" alt=\"\" width=\"300\" height=\"210\" \/><\/p>\n<p>Rotarysta ovat kiinnostuneita my\u00f6s nuoret aikuiset<\/p>\n<p>Turku Samppalinnan Rotaryklubi ry on saanut viime aikoina monta uutta nuorta j\u00e4sent\u00e4 vanhempien rotareiden iloksi. Kuvassa ovat presidentit vuosilta 2021-2026. Keski-ik\u00e4 on 48,4 vuotta.Presidentit vasemmalta lukien Marcus Penttinen, Eeva Nurminen, Mari Kangas, Tommi Sundqvist ja edess\u00e4 klubin nuorin j\u00e4sen tuleva presidentti Johannes Iljanka.<\/p>\n<p>Klubin onnistunut rekrytointikamppanja on paljolti aktiivisten j\u00e4senten ansiota. Erityinen j\u00e4senmagneetti on ollut Riku Lehtinen, jonka verkostojen kautta klubi on saanut monta uutta j\u00e4sent\u00e4.<\/p>\n<p>Monet yhdistykset kamppalevat\u00a0 uusista j\u00e4senist\u00e4 j\u00e4senkatoa est\u00e4\u00e4kseen.\u00a0 J\u00e4senkadon syyn\u00e4 on n\u00e4hty nykymaailman nopea tempo, sitoutumisen pelko ja monta muuta kilpailevaa mahdollisuutta.<\/p>\n<p>Sitran selvitys <em>Demokratia osaksi nuorten aikuisten arkea <\/em>antaa t\u00e4h\u00e4n pohdintaan uutta n\u00e4k\u00f6kulmaa.<\/p>\n<p>Selvityksen mukaan monet nuoret aikuiset kokevat, etteiv\u00e4t heid\u00e4n omat taitonsa johtaa tai verkostoitua riit\u00e4 osallistumiseen. My\u00f6sk\u00e4\u00e4n rohkeutta tai sosiaalisia taitoja ei koeta olevan tarpeeksi. Nuoret aikuiset olisivat kuitenkin vanhempia ik\u00e4luokkia halukkaampia toimimaan yhteiskunnassa nykyist\u00e4 aktiivisemmin, etenkin jos he saisivat tukea ja rohkaisua. He toivoivat kyselyss\u00e4 esimerkiksi avoimien ovien tilaisuuksia tai muita matalan kynnyksen tapoja, jotka helpottaisivat heid\u00e4n p\u00e4\u00e4sy\u00e4\u00e4n mukaan toimintaan.<\/p>\n<p>Nykyinen maailmantilanne on her\u00e4tt\u00e4nyt\u00a0 auttamisen halun. Rotaryn toiminta on siihen hyv\u00e4 ja luotettava vaihtoehto. Rotary on onneksi nostanut imagoaan ja tunnettuuttaan erityisesti sosiaalisen median ja aktiivisen viestinn\u00e4n avulla. Monet ihmiset haluavat olla mukana toiminnassa, joka on konkretiaa, n\u00e4kyv\u00e4\u00e4, hy\u00f6dyllist\u00e4 ja vetovoimaista. Kuka haluaa olla mukana j\u00e4rjest\u00f6ss\u00e4, jota ei tunneta?<\/p>\n<p>Onkin ollut ilahduttavaa havaita, ett\u00e4 my\u00f6s nuoret aikuiset ovat l\u00f6yt\u00e4neet rotaryn. Toivottavasti annamme heille tilaa toimia, emmek\u00e4 tukahduta mahdollisia uusia toimintamalleja vetoamalla vanhoihin hyviin aikoihin ja tapoihin sanomalla, ett\u00e4 n\u00e4in tehtiin ennen ja ett\u00e4 n\u00e4in tehd\u00e4\u00e4n nytkin.<\/p>\n<p>Tervetuloa uudet ideat ja toimintatavat! Rotarius on iloinen asia.<\/p>\n<p>Erja Vihervaara<\/p>\n<p>alueen 9 AG<\/p>\n<p>Turku Samppalinnan Rotaryklubi ry:n j\u00e4sen vuodesta 2004<\/p>\n<p>Kuva: Riku Lehtinen<\/p>\n","protected":false},"excerpt":{"rendered":"<p>Rotarysta ovat kiinnostuneita my\u00f6s nuoret aikuiset Turku Samppalinnan Rotaryklubi ry on saanut viime aikoina monta uutta nuorta j\u00e4sent\u00e4 vanhempien rotareiden iloksi. Kuvassa ovat presidentit vuosilta 2021-2026. Keski-ik\u00e4 on 48,4 vuotta.Presidentit vasemmalta lukien Marcus Penttinen, Eeva Nurminen, Mari Kangas, Tommi Sundqvist ja edess\u00e4 klubin nuorin j\u00e4sen tuleva presidentti Johannes Iljanka. Klubin onnistunut rekrytointikamppanja on paljolti aktiivisten [&hellip;]<\/p>\n","protected":false},"author":201,"featured_media":0,"parent":0,"menu_order":0,"comment_status":"closed","ping_status":"closed","template":"","meta":{"_acf_changed":false,"_et_pb_use_builder":"","_et_pb_old_content":"","_et_gb_content_width":"","footnotes":""},"class_list":["post-3221","page","type-page","status-publish","hentry"],"acf":[],"yoast_head":"<!-- This site is optimized with the Yoast SEO plugin v27.4 - https:\/\/yoast.com\/product\/yoast-seo-wordpress\/ -->\n<title>Nuoret Rotarit - Turku Samppalinnan Rotaryklubi<\/title>\n<meta name=\"robots\" content=\"index, follow, max-snippet:-1, max-image-preview:large, max-video-preview:-1\" \/>\n<link rel=\"canonical\" href=\"https:\/\/rotary.fi\/turkusamppalinna\/nuoret-rotarit\/\" \/>\n<meta property=\"og:locale\" content=\"fi_FI\" \/>\n<meta property=\"og:type\" content=\"article\" \/>\n<meta property=\"og:title\" content=\"Nuoret Rotarit - Turku Samppalinnan Rotaryklubi\" \/>\n<meta property=\"og:description\" content=\"Rotarysta ovat kiinnostuneita my\u00f6s nuoret aikuiset Turku Samppalinnan Rotaryklubi ry on saanut viime aikoina monta uutta nuorta j\u00e4sent\u00e4 vanhempien rotareiden iloksi. Kuvassa ovat presidentit vuosilta 2021-2026. Keski-ik\u00e4 on 48,4 vuotta.Presidentit vasemmalta lukien Marcus Penttinen, Eeva Nurminen, Mari Kangas, Tommi Sundqvist ja edess\u00e4 klubin nuorin j\u00e4sen tuleva presidentti Johannes Iljanka. Klubin onnistunut rekrytointikamppanja on paljolti aktiivisten [&hellip;]\" \/>\n<meta property=\"og:url\" content=\"https:\/\/rotary.fi\/turkusamppalinna\/nuoret-rotarit\/\" \/>\n<meta property=\"og:site_name\" content=\"Turku Samppalinnan Rotaryklubi\" \/>\n<meta property=\"article:modified_time\" content=\"2024-06-26T11:55:49+00:00\" \/>\n<meta property=\"og:image\" content=\"https:\/\/rotary.fi\/turkusamppalinna\/wp-content\/uploads\/sites\/114\/2024\/06\/presidentit-300x210.jpg\" \/>\n<meta name=\"twitter:card\" content=\"summary_large_image\" \/>\n<meta name=\"twitter:label1\" content=\"Arvioitu lukuaika\" \/>\n\t<meta name=\"twitter:data1\" content=\"2 minuuttia\" \/>\n<script type=\"application\/ld+json\" class=\"yoast-schema-graph\">{\"@context\":\"https:\\\/\\\/schema.org\",\"@graph\":[{\"@type\":\"WebPage\",\"@id\":\"https:\\\/\\\/rotary.fi\\\/turkusamppalinna\\\/nuoret-rotarit\\\/\",\"url\":\"https:\\\/\\\/rotary.fi\\\/turkusamppalinna\\\/nuoret-rotarit\\\/\",\"name\":\"Nuoret Rotarit - Turku Samppalinnan Rotaryklubi\",\"isPartOf\":{\"@id\":\"https:\\\/\\\/rotary.fi\\\/turkusamppalinna\\\/#website\"},\"primaryImageOfPage\":{\"@id\":\"https:\\\/\\\/rotary.fi\\\/turkusamppalinna\\\/nuoret-rotarit\\\/#primaryimage\"},\"image\":{\"@id\":\"https:\\\/\\\/rotary.fi\\\/turkusamppalinna\\\/nuoret-rotarit\\\/#primaryimage\"},\"thumbnailUrl\":\"https:\\\/\\\/rotary.fi\\\/turkusamppalinna\\\/wp-content\\\/uploads\\\/sites\\\/114\\\/2024\\\/06\\\/presidentit-300x210.jpg\",\"datePublished\":\"2024-06-26T11:27:59+00:00\",\"dateModified\":\"2024-06-26T11:55:49+00:00\",\"breadcrumb\":{\"@id\":\"https:\\\/\\\/rotary.fi\\\/turkusamppalinna\\\/nuoret-rotarit\\\/#breadcrumb\"},\"inLanguage\":\"fi\",\"potentialAction\":[{\"@type\":\"ReadAction\",\"target\":[\"https:\\\/\\\/rotary.fi\\\/turkusamppalinna\\\/nuoret-rotarit\\\/\"]}]},{\"@type\":\"ImageObject\",\"inLanguage\":\"fi\",\"@id\":\"https:\\\/\\\/rotary.fi\\\/turkusamppalinna\\\/nuoret-rotarit\\\/#primaryimage\",\"url\":\"https:\\\/\\\/rotary.fi\\\/turkusamppalinna\\\/wp-content\\\/uploads\\\/sites\\\/114\\\/2024\\\/06\\\/presidentit.jpg\",\"contentUrl\":\"https:\\\/\\\/rotary.fi\\\/turkusamppalinna\\\/wp-content\\\/uploads\\\/sites\\\/114\\\/2024\\\/06\\\/presidentit.jpg\",\"width\":1459,\"height\":1022},{\"@type\":\"BreadcrumbList\",\"@id\":\"https:\\\/\\\/rotary.fi\\\/turkusamppalinna\\\/nuoret-rotarit\\\/#breadcrumb\",\"itemListElement\":[{\"@type\":\"ListItem\",\"position\":1,\"name\":\"Home\",\"item\":\"https:\\\/\\\/rotary.fi\\\/turkusamppalinna\\\/\"},{\"@type\":\"ListItem\",\"position\":2,\"name\":\"Nuoret Rotarit\"}]},{\"@type\":\"WebSite\",\"@id\":\"https:\\\/\\\/rotary.fi\\\/turkusamppalinna\\\/#website\",\"url\":\"https:\\\/\\\/rotary.fi\\\/turkusamppalinna\\\/\",\"name\":\"Turku Samppalinnan Rotaryklubi\",\"description\":\"Uusi Rotary klubisivusto\",\"potentialAction\":[{\"@type\":\"SearchAction\",\"target\":{\"@type\":\"EntryPoint\",\"urlTemplate\":\"https:\\\/\\\/rotary.fi\\\/turkusamppalinna\\\/?s={search_term_string}\"},\"query-input\":{\"@type\":\"PropertyValueSpecification\",\"valueRequired\":true,\"valueName\":\"search_term_string\"}}],\"inLanguage\":\"fi\"}]}<\/script>\n<!-- \/ Yoast SEO plugin. -->","yoast_head_json":{"title":"Nuoret Rotarit - Turku Samppalinnan Rotaryklubi","robots":{"index":"index","follow":"follow","max-snippet":"max-snippet:-1","max-image-preview":"max-image-preview:large","max-video-preview":"max-video-preview:-1"},"canonical":"https:\/\/rotary.fi\/turkusamppalinna\/nuoret-rotarit\/","og_locale":"fi_FI","og_type":"article","og_title":"Nuoret Rotarit - Turku Samppalinnan Rotaryklubi","og_description":"Rotarysta ovat kiinnostuneita my\u00f6s nuoret aikuiset Turku Samppalinnan Rotaryklubi ry on saanut viime aikoina monta uutta nuorta j\u00e4sent\u00e4 vanhempien rotareiden iloksi. Kuvassa ovat presidentit vuosilta 2021-2026. Keski-ik\u00e4 on 48,4 vuotta.Presidentit vasemmalta lukien Marcus Penttinen, Eeva Nurminen, Mari Kangas, Tommi Sundqvist ja edess\u00e4 klubin nuorin j\u00e4sen tuleva presidentti Johannes Iljanka. Klubin onnistunut rekrytointikamppanja on paljolti aktiivisten [&hellip;]","og_url":"https:\/\/rotary.fi\/turkusamppalinna\/nuoret-rotarit\/","og_site_name":"Turku Samppalinnan Rotaryklubi","article_modified_time":"2024-06-26T11:55:49+00:00","og_image":[{"url":"https:\/\/rotary.fi\/turkusamppalinna\/wp-content\/uploads\/sites\/114\/2024\/06\/presidentit-300x210.jpg","type":"","width":"","height":""}],"twitter_card":"summary_large_image","twitter_misc":{"Arvioitu lukuaika":"2 minuuttia"},"schema":{"@context":"https:\/\/schema.org","@graph":[{"@type":"WebPage","@id":"https:\/\/rotary.fi\/turkusamppalinna\/nuoret-rotarit\/","url":"https:\/\/rotary.fi\/turkusamppalinna\/nuoret-rotarit\/","name":"Nuoret Rotarit - Turku Samppalinnan Rotaryklubi","isPartOf":{"@id":"https:\/\/rotary.fi\/turkusamppalinna\/#website"},"primaryImageOfPage":{"@id":"https:\/\/rotary.fi\/turkusamppalinna\/nuoret-rotarit\/#primaryimage"},"image":{"@id":"https:\/\/rotary.fi\/turkusamppalinna\/nuoret-rotarit\/#primaryimage"},"thumbnailUrl":"https:\/\/rotary.fi\/turkusamppalinna\/wp-content\/uploads\/sites\/114\/2024\/06\/presidentit-300x210.jpg","datePublished":"2024-06-26T11:27:59+00:00","dateModified":"2024-06-26T11:55:49+00:00","breadcrumb":{"@id":"https:\/\/rotary.fi\/turkusamppalinna\/nuoret-rotarit\/#breadcrumb"},"inLanguage":"fi","potentialAction":[{"@type":"ReadAction","target":["https:\/\/rotary.fi\/turkusamppalinna\/nuoret-rotarit\/"]}]},{"@type":"ImageObject","inLanguage":"fi","@id":"https:\/\/rotary.fi\/turkusamppalinna\/nuoret-rotarit\/#primaryimage","url":"https:\/\/rotary.fi\/turkusamppalinna\/wp-content\/uploads\/sites\/114\/2024\/06\/presidentit.jpg","contentUrl":"https:\/\/rotary.fi\/turkusamppalinna\/wp-content\/uploads\/sites\/114\/2024\/06\/presidentit.jpg","width":1459,"height":1022},{"@type":"BreadcrumbList","@id":"https:\/\/rotary.fi\/turkusamppalinna\/nuoret-rotarit\/#breadcrumb","itemListElement":[{"@type":"ListItem","position":1,"name":"Home","item":"https:\/\/rotary.fi\/turkusamppalinna\/"},{"@type":"ListItem","position":2,"name":"Nuoret Rotarit"}]},{"@type":"WebSite","@id":"https:\/\/rotary.fi\/turkusamppalinna\/#website","url":"https:\/\/rotary.fi\/turkusamppalinna\/","name":"Turku Samppalinnan Rotaryklubi","description":"Uusi Rotary klubisivusto","potentialAction":[{"@type":"SearchAction","target":{"@type":"EntryPoint","urlTemplate":"https:\/\/rotary.fi\/turkusamppalinna\/?s={search_term_string}"},"query-input":{"@type":"PropertyValueSpecification","valueRequired":true,"valueName":"search_term_string"}}],"inLanguage":"fi"}]}},"lang":"fi","translations":{"fi":3221},"pll_sync_post":[],"_links":{"self":[{"href":"https:\/\/rotary.fi\/turkusamppalinna\/wp-json\/wp\/v2\/pages\/3221","targetHints":{"allow":["GET"]}}],"collection":[{"href":"https:\/\/rotary.fi\/turkusamppalinna\/wp-json\/wp\/v2\/pages"}],"about":[{"href":"https:\/\/rotary.fi\/turkusamppalinna\/wp-json\/wp\/v2\/types\/page"}],"author":[{"embeddable":true,"href":"https:\/\/rotary.fi\/turkusamppalinna\/wp-json\/wp\/v2\/users\/201"}],"replies":[{"embeddable":true,"href":"https:\/\/rotary.fi\/turkusamppalinna\/wp-json\/wp\/v2\/comments?post=3221"}],"version-history":[{"count":2,"href":"https:\/\/rotary.fi\/turkusamppalinna\/wp-json\/wp\/v2\/pages\/3221\/revisions"}],"predecessor-version":[{"id":3226,"href":"https:\/\/rotary.fi\/turkusamppalinna\/wp-json\/wp\/v2\/pages\/3221\/revisions\/3226"}],"wp:attachment":[{"href":"https:\/\/rotary.fi\/turkusamppalinna\/wp-json\/wp\/v2\/media?parent=3221"}],"curies":[{"name":"wp","href":"https:\/\/api.w.org\/{rel}","templated":true}]}}