{"id":3052,"date":"2023-12-05T17:12:44","date_gmt":"2023-12-05T15:12:44","guid":{"rendered":"https:\/\/rotary.fi\/turkusamppalinna\/?page_id=3052"},"modified":"2024-06-02T20:00:20","modified_gmt":"2024-06-02T17:00:20","slug":"nuorisoprojektin-cv-tyopajaa-pidettiin-turun-ammatti-instituutin-tiloissa","status":"publish","type":"page","link":"https:\/\/rotary.fi\/turkusamppalinna\/nuorisoprojektin-cv-tyopajaa-pidettiin-turun-ammatti-instituutin-tiloissa\/","title":{"rendered":"Nuorisoprojektin CV-ty\u00f6paja"},"content":{"rendered":"<p>&nbsp;<\/p>\n<p><strong>NUORISOPROJEKTI 2023-2024<\/strong><\/p>\n<p><strong>Tausta<\/strong><\/p>\n<p>Nuorisoprojekti oli Turun Klubien (<strong>Turku Aboa Nova, Turku Kupittaa ja Turku Samppalinna)<\/strong> yhteinen projekti, jonka tarkoituksena oli ehk\u00e4ist\u00e4 nuorten syrj\u00e4ytymist\u00e4 ja tuoda toivoa ja iloa tulevaisuuteen nuorille henkil\u00f6kohtaisella tasolla sek\u00e4 ohjata nuoria etsiytym\u00e4\u00e4n ty\u00f6el\u00e4m\u00e4\u00e4n ja l\u00f6yt\u00e4m\u00e4\u00e4n suuntaa tulevaisuuteensa.<\/p>\n<p>Projektin suunnittelu aloitettiin marraskuussa 2023 ja projekti saatiin p\u00e4\u00e4t\u00f6kseen toukokuussa 2024.<\/p>\n<p>Projektin kohderyhmiksi valikoitui Turun Ammatti-instituutin Aipe eli maahanmuuttajien perusopetuksen p\u00e4\u00e4tt\u00f6vaiheessa oleva ryhm\u00e4, joka koostui n. seitsem\u00e4st\u00e4toista 17-21 vuotiaista, l\u00e4hinn\u00e4 yksin maahan tulleista maahanmuuttajanuorista.<\/p>\n<p>9.3.2024 K\u00e4vimme katsomassa yhdess\u00e4 Myrskyluodon Maija -elokuvan.<\/p>\n<p>19.3.2024 Koululla oli vieraana yritt\u00e4j\u00e4 Hannu Virtanen. H\u00e4n kertoi omasta yritt\u00e4j\u00e4urastaan, ty\u00f6nhausta ja ty\u00f6n tekemisest\u00e4 yrityksiss\u00e4. Oppilaat saivat Hannu Virtasen kirjoittaman kirjan Ty\u00f6 &#8211; hyv\u00e4 homma.<\/p>\n<p>Alkuvuodesta oppilaiden tuli haastatella jotain heit\u00e4 kiinnostavaa ammattilaista ja tehd\u00e4 haastattelusta lyhyt, kirjallinen selostus. Ker\u00e4simme oppilaille runsaasti yhteystietoja eri aloilla toimivilta henkil\u00f6ilt\u00e4, joita oppilaat p\u00e4\u00e4siv\u00e4t haastattelemaan.<\/p>\n<p>Lis\u00e4ksi j\u00e4rjestimme yhden illan Marttojen ruuanlaittokurssin, yritysvierailut Dentaliaan ja Eezyn sek\u00e4 palkintona projektiin osallistumisesta hieronnan tai kasvohoidon, mutta halukkaita tilaisuuksiin ei saatu.<\/p>\n<p>Kev\u00e4\u00e4n lopuksi sovimme Ekotorin kanssa, ett\u00e4 he ottavat yhden opiskelijoista kes\u00e4ty\u00f6h\u00f6n ja me avustamme Ekotoria palkkakustannuksissa. Halukkaat oppilaat ovat l\u00e4hett\u00e4neet ty\u00f6hakemuksen suoraan yritykseen ja yritys valitsee heid\u00e4n joukostaan kes\u00e4ty\u00f6ntekij\u00e4n.<\/p>\n<p>&nbsp;<\/p>\n","protected":false},"excerpt":{"rendered":"<p>&nbsp; NUORISOPROJEKTI 2023-2024 Tausta Nuorisoprojekti oli Turun Klubien (Turku Aboa Nova, Turku Kupittaa ja Turku Samppalinna) yhteinen projekti, jonka tarkoituksena oli ehk\u00e4ist\u00e4 nuorten syrj\u00e4ytymist\u00e4 ja tuoda toivoa ja iloa tulevaisuuteen nuorille henkil\u00f6kohtaisella tasolla sek\u00e4 ohjata nuoria etsiytym\u00e4\u00e4n ty\u00f6el\u00e4m\u00e4\u00e4n ja l\u00f6yt\u00e4m\u00e4\u00e4n suuntaa tulevaisuuteensa. Projektin suunnittelu aloitettiin marraskuussa 2023 ja projekti saatiin p\u00e4\u00e4t\u00f6kseen toukokuussa 2024. Projektin kohderyhmiksi [&hellip;]<\/p>\n","protected":false},"author":201,"featured_media":0,"parent":0,"menu_order":0,"comment_status":"closed","ping_status":"closed","template":"","meta":{"_acf_changed":false,"_et_pb_use_builder":"","_et_pb_old_content":"","_et_gb_content_width":"","footnotes":""},"class_list":["post-3052","page","type-page","status-publish","hentry"],"acf":[],"yoast_head":"<!-- This site is optimized with the Yoast SEO plugin v27.0 - https:\/\/yoast.com\/product\/yoast-seo-wordpress\/ -->\n<title>Nuorisoprojektin CV-ty\u00f6paja - Turku Samppalinnan Rotaryklubi<\/title>\n<meta name=\"robots\" content=\"index, follow, max-snippet:-1, max-image-preview:large, max-video-preview:-1\" \/>\n<link rel=\"canonical\" href=\"https:\/\/rotary.fi\/turkusamppalinna\/nuorisoprojektin-cv-tyopajaa-pidettiin-turun-ammatti-instituutin-tiloissa\/\" \/>\n<meta property=\"og:locale\" content=\"fi_FI\" \/>\n<meta property=\"og:type\" content=\"article\" \/>\n<meta property=\"og:title\" content=\"Nuorisoprojektin CV-ty\u00f6paja - Turku Samppalinnan Rotaryklubi\" \/>\n<meta property=\"og:description\" content=\"&nbsp; NUORISOPROJEKTI 2023-2024 Tausta Nuorisoprojekti oli Turun Klubien (Turku Aboa Nova, Turku Kupittaa ja Turku Samppalinna) yhteinen projekti, jonka tarkoituksena oli ehk\u00e4ist\u00e4 nuorten syrj\u00e4ytymist\u00e4 ja tuoda toivoa ja iloa tulevaisuuteen nuorille henkil\u00f6kohtaisella tasolla sek\u00e4 ohjata nuoria etsiytym\u00e4\u00e4n ty\u00f6el\u00e4m\u00e4\u00e4n ja l\u00f6yt\u00e4m\u00e4\u00e4n suuntaa tulevaisuuteensa. Projektin suunnittelu aloitettiin marraskuussa 2023 ja projekti saatiin p\u00e4\u00e4t\u00f6kseen toukokuussa 2024. Projektin kohderyhmiksi [&hellip;]\" \/>\n<meta property=\"og:url\" content=\"https:\/\/rotary.fi\/turkusamppalinna\/nuorisoprojektin-cv-tyopajaa-pidettiin-turun-ammatti-instituutin-tiloissa\/\" \/>\n<meta property=\"og:site_name\" content=\"Turku Samppalinnan Rotaryklubi\" \/>\n<meta property=\"article:modified_time\" content=\"2024-06-02T17:00:20+00:00\" \/>\n<meta name=\"twitter:card\" content=\"summary_large_image\" \/>\n<meta name=\"twitter:label1\" content=\"Arvioitu lukuaika\" \/>\n\t<meta name=\"twitter:data1\" content=\"2 minuuttia\" \/>\n<script type=\"application\/ld+json\" class=\"yoast-schema-graph\">{\"@context\":\"https:\/\/schema.org\",\"@graph\":[{\"@type\":\"WebPage\",\"@id\":\"https:\/\/rotary.fi\/turkusamppalinna\/nuorisoprojektin-cv-tyopajaa-pidettiin-turun-ammatti-instituutin-tiloissa\/\",\"url\":\"https:\/\/rotary.fi\/turkusamppalinna\/nuorisoprojektin-cv-tyopajaa-pidettiin-turun-ammatti-instituutin-tiloissa\/\",\"name\":\"Nuorisoprojektin CV-ty\u00f6paja - Turku Samppalinnan Rotaryklubi\",\"isPartOf\":{\"@id\":\"https:\/\/rotary.fi\/turkusamppalinna\/#website\"},\"datePublished\":\"2023-12-05T15:12:44+00:00\",\"dateModified\":\"2024-06-02T17:00:20+00:00\",\"breadcrumb\":{\"@id\":\"https:\/\/rotary.fi\/turkusamppalinna\/nuorisoprojektin-cv-tyopajaa-pidettiin-turun-ammatti-instituutin-tiloissa\/#breadcrumb\"},\"inLanguage\":\"fi\",\"potentialAction\":[{\"@type\":\"ReadAction\",\"target\":[\"https:\/\/rotary.fi\/turkusamppalinna\/nuorisoprojektin-cv-tyopajaa-pidettiin-turun-ammatti-instituutin-tiloissa\/\"]}]},{\"@type\":\"BreadcrumbList\",\"@id\":\"https:\/\/rotary.fi\/turkusamppalinna\/nuorisoprojektin-cv-tyopajaa-pidettiin-turun-ammatti-instituutin-tiloissa\/#breadcrumb\",\"itemListElement\":[{\"@type\":\"ListItem\",\"position\":1,\"name\":\"Home\",\"item\":\"https:\/\/rotary.fi\/turkusamppalinna\/\"},{\"@type\":\"ListItem\",\"position\":2,\"name\":\"Nuorisoprojektin CV-ty\u00f6paja\"}]},{\"@type\":\"WebSite\",\"@id\":\"https:\/\/rotary.fi\/turkusamppalinna\/#website\",\"url\":\"https:\/\/rotary.fi\/turkusamppalinna\/\",\"name\":\"Turku Samppalinnan Rotaryklubi\",\"description\":\"Uusi Rotary klubisivusto\",\"potentialAction\":[{\"@type\":\"SearchAction\",\"target\":{\"@type\":\"EntryPoint\",\"urlTemplate\":\"https:\/\/rotary.fi\/turkusamppalinna\/?s={search_term_string}\"},\"query-input\":{\"@type\":\"PropertyValueSpecification\",\"valueRequired\":true,\"valueName\":\"search_term_string\"}}],\"inLanguage\":\"fi\"}]}<\/script>\n<!-- \/ Yoast SEO plugin. -->","yoast_head_json":{"title":"Nuorisoprojektin CV-ty\u00f6paja - Turku Samppalinnan Rotaryklubi","robots":{"index":"index","follow":"follow","max-snippet":"max-snippet:-1","max-image-preview":"max-image-preview:large","max-video-preview":"max-video-preview:-1"},"canonical":"https:\/\/rotary.fi\/turkusamppalinna\/nuorisoprojektin-cv-tyopajaa-pidettiin-turun-ammatti-instituutin-tiloissa\/","og_locale":"fi_FI","og_type":"article","og_title":"Nuorisoprojektin CV-ty\u00f6paja - Turku Samppalinnan Rotaryklubi","og_description":"&nbsp; NUORISOPROJEKTI 2023-2024 Tausta Nuorisoprojekti oli Turun Klubien (Turku Aboa Nova, Turku Kupittaa ja Turku Samppalinna) yhteinen projekti, jonka tarkoituksena oli ehk\u00e4ist\u00e4 nuorten syrj\u00e4ytymist\u00e4 ja tuoda toivoa ja iloa tulevaisuuteen nuorille henkil\u00f6kohtaisella tasolla sek\u00e4 ohjata nuoria etsiytym\u00e4\u00e4n ty\u00f6el\u00e4m\u00e4\u00e4n ja l\u00f6yt\u00e4m\u00e4\u00e4n suuntaa tulevaisuuteensa. Projektin suunnittelu aloitettiin marraskuussa 2023 ja projekti saatiin p\u00e4\u00e4t\u00f6kseen toukokuussa 2024. Projektin kohderyhmiksi [&hellip;]","og_url":"https:\/\/rotary.fi\/turkusamppalinna\/nuorisoprojektin-cv-tyopajaa-pidettiin-turun-ammatti-instituutin-tiloissa\/","og_site_name":"Turku Samppalinnan Rotaryklubi","article_modified_time":"2024-06-02T17:00:20+00:00","twitter_card":"summary_large_image","twitter_misc":{"Arvioitu lukuaika":"2 minuuttia"},"schema":{"@context":"https:\/\/schema.org","@graph":[{"@type":"WebPage","@id":"https:\/\/rotary.fi\/turkusamppalinna\/nuorisoprojektin-cv-tyopajaa-pidettiin-turun-ammatti-instituutin-tiloissa\/","url":"https:\/\/rotary.fi\/turkusamppalinna\/nuorisoprojektin-cv-tyopajaa-pidettiin-turun-ammatti-instituutin-tiloissa\/","name":"Nuorisoprojektin CV-ty\u00f6paja - Turku Samppalinnan Rotaryklubi","isPartOf":{"@id":"https:\/\/rotary.fi\/turkusamppalinna\/#website"},"datePublished":"2023-12-05T15:12:44+00:00","dateModified":"2024-06-02T17:00:20+00:00","breadcrumb":{"@id":"https:\/\/rotary.fi\/turkusamppalinna\/nuorisoprojektin-cv-tyopajaa-pidettiin-turun-ammatti-instituutin-tiloissa\/#breadcrumb"},"inLanguage":"fi","potentialAction":[{"@type":"ReadAction","target":["https:\/\/rotary.fi\/turkusamppalinna\/nuorisoprojektin-cv-tyopajaa-pidettiin-turun-ammatti-instituutin-tiloissa\/"]}]},{"@type":"BreadcrumbList","@id":"https:\/\/rotary.fi\/turkusamppalinna\/nuorisoprojektin-cv-tyopajaa-pidettiin-turun-ammatti-instituutin-tiloissa\/#breadcrumb","itemListElement":[{"@type":"ListItem","position":1,"name":"Home","item":"https:\/\/rotary.fi\/turkusamppalinna\/"},{"@type":"ListItem","position":2,"name":"Nuorisoprojektin CV-ty\u00f6paja"}]},{"@type":"WebSite","@id":"https:\/\/rotary.fi\/turkusamppalinna\/#website","url":"https:\/\/rotary.fi\/turkusamppalinna\/","name":"Turku Samppalinnan Rotaryklubi","description":"Uusi Rotary klubisivusto","potentialAction":[{"@type":"SearchAction","target":{"@type":"EntryPoint","urlTemplate":"https:\/\/rotary.fi\/turkusamppalinna\/?s={search_term_string}"},"query-input":{"@type":"PropertyValueSpecification","valueRequired":true,"valueName":"search_term_string"}}],"inLanguage":"fi"}]}},"lang":"fi","translations":{"fi":3052},"pll_sync_post":[],"_links":{"self":[{"href":"https:\/\/rotary.fi\/turkusamppalinna\/wp-json\/wp\/v2\/pages\/3052","targetHints":{"allow":["GET"]}}],"collection":[{"href":"https:\/\/rotary.fi\/turkusamppalinna\/wp-json\/wp\/v2\/pages"}],"about":[{"href":"https:\/\/rotary.fi\/turkusamppalinna\/wp-json\/wp\/v2\/types\/page"}],"author":[{"embeddable":true,"href":"https:\/\/rotary.fi\/turkusamppalinna\/wp-json\/wp\/v2\/users\/201"}],"replies":[{"embeddable":true,"href":"https:\/\/rotary.fi\/turkusamppalinna\/wp-json\/wp\/v2\/comments?post=3052"}],"version-history":[{"count":10,"href":"https:\/\/rotary.fi\/turkusamppalinna\/wp-json\/wp\/v2\/pages\/3052\/revisions"}],"predecessor-version":[{"id":3178,"href":"https:\/\/rotary.fi\/turkusamppalinna\/wp-json\/wp\/v2\/pages\/3052\/revisions\/3178"}],"wp:attachment":[{"href":"https:\/\/rotary.fi\/turkusamppalinna\/wp-json\/wp\/v2\/media?parent=3052"}],"curies":[{"name":"wp","href":"https:\/\/api.w.org\/{rel}","templated":true}]}}