{"id":2436,"date":"2022-02-16T17:53:32","date_gmt":"2022-02-16T15:53:32","guid":{"rendered":"https:\/\/rotary.fi\/turkusamppalinna\/?page_id=2436"},"modified":"2024-06-01T22:45:20","modified_gmt":"2024-06-01T19:45:20","slug":"itameren-hyvinvointi","status":"publish","type":"page","link":"https:\/\/rotary.fi\/turkusamppalinna\/mita-teemme\/projektit\/itameren-hyvinvointi\/","title":{"rendered":"It\u00e4meren hyvinvointi"},"content":{"rendered":"<p>[et_pb_section fb_built=&#8221;1&#8243; module_class=&#8221;jumbotron-page&#8221; _builder_version=&#8221;4.16&#8243; background_image=&#8221;https:\/\/rotary.fi\/turkusamppalinna\/wp-content\/uploads\/sites\/114\/2018\/10\/rotary_klubit_alasivu_paakuva_12.jpg&#8221; global_colors_info=&#8221;{}&#8221;][et_pb_row _builder_version=&#8221;4.16&#8243; background_size=&#8221;initial&#8221; background_position=&#8221;top_left&#8221; background_repeat=&#8221;repeat&#8221; global_colors_info=&#8221;{}&#8221;][et_pb_column type=&#8221;4_4&#8243; _builder_version=&#8221;4.16&#8243; custom_padding=&#8221;|||&#8221; global_colors_info=&#8221;{}&#8221; custom_padding__hover=&#8221;|||&#8221;][et_pb_text admin_label=&#8221;P\u00e4\u00e4otsikko&#8221; _builder_version=&#8221;4.16&#8243; text_orientation=&#8221;center&#8221; background_layout=&#8221;dark&#8221; global_colors_info=&#8221;{}&#8221;]<\/p>\n<h1>It\u00e4meren hyvinvointi<\/h1>\n<p>[\/et_pb_text][\/et_pb_column][\/et_pb_row][\/et_pb_section][et_pb_section fb_built=&#8221;1&#8243; specialty=&#8221;on&#8221; module_class_2=&#8221;sivupalkki&#8221; _builder_version=&#8221;4.16&#8243; global_colors_info=&#8221;{}&#8221;][et_pb_column type=&#8221;2_3&#8243; specialty_columns=&#8221;2&#8243; _builder_version=&#8221;4.16&#8243; custom_padding=&#8221;|||&#8221; global_colors_info=&#8221;{}&#8221; custom_padding__hover=&#8221;|||&#8221;][et_pb_row_inner admin_label=&#8221;Rivi&#8221; _builder_version=&#8221;4.16&#8243; global_colors_info=&#8221;{}&#8221;][et_pb_column_inner saved_specialty_column_type=&#8221;2_3&#8243; _builder_version=&#8221;4.16&#8243; custom_padding=&#8221;|||&#8221; global_colors_info=&#8221;{}&#8221; custom_padding__hover=&#8221;|||&#8221;][et_pb_text _builder_version=&#8221;4.25.1&#8243; min_height=&#8221;160px&#8221; global_colors_info=&#8221;{}&#8221;]<\/p>\n<div class=\"et_pb_module et_pb_text et_pb_text_1 et_pb_text_align_center et_pb_bg_layout_light\">\n<div class=\"et_pb_text_inner\">\n<h1 style=\"text-align: left\">Vesireppu<\/h1>\n<h1 style=\"text-align: left\"><strong style=\"font-size: 16px;text-align: left;color: #263b4c;font-family: 'Open Sans', Helvetica, Arial, Lucida, sans-serif\">L\u00e4hivesist\u00f6n tutkiminen helposti ja monipuolisest<\/strong><strong style=\"font-size: 16px;text-align: left;color: #263b4c;font-family: 'Open Sans', Helvetica, Arial, Lucida, sans-serif\">i<\/strong><\/h1>\n<\/div>\n<\/div>\n<div class=\"et_pb_module et_pb_text et_pb_text_2 et_pb_text_align_left et_pb_bg_layout_light\">\n<div class=\"et_pb_text_inner\">\n<p>Vesireppu sis\u00e4lt\u00e4\u00e4 v\u00e4lineet ja ohjeet, joiden avulla l\u00e4hivesist\u00f6n tutkiminen on helppoa ja hauskaa. Mit\u00e4 n\u00e4k\u00f6syvyys kertoo vesist\u00f6n tilasta? L\u00f6ytyyk\u00f6 vedest\u00e4 sinilev\u00e4\u00e4 ja olisiko siell\u00e4 turvallista uida? Ent\u00e4 milt\u00e4 n\u00e4ytt\u00e4\u00e4 veden happitilanne?<\/p>\n<p><strong>Vesirepun avulla voidaan tutkia seuraavia asioita<\/strong>:<\/p>\n<ul>\n<li>l\u00e4mp\u00f6tilaa (vesil\u00e4mp\u00f6mittari)<\/li>\n<li>n\u00e4k\u00f6syvyytt\u00e4 (Secchi-levy)<\/li>\n<li>sinilev\u00e4tilannetta<\/li>\n<li>sameutta (World Water Monitoring Challenge -purkki, tarra ja sameusasteikko)<\/li>\n<li>happipitoisuutta (testiputki,DO-tabletti, v\u00e4riasteikko)<\/li>\n<li>fosfori- ja typpipitoisuutta vedess\u00e4<\/li>\n<\/ul>\n<p><strong>Vesirepun k\u00e4ytt\u00f6 opetuksessa<\/strong><\/p>\n<p>Vesireppua on tarkoitus k\u00e4ytt\u00e4\u00e4 l\u00e4hiymp\u00e4rist\u00f6n tutkimiseen osana Ihan Pihalla-hankkeessa<br \/>tuotettavia oppimiskokonaisuuksia. Kouluissa voi oppilaiden kanssa koota \u201dOman l\u00e4hiveden tarinan\u201d, joka alkaa oppilaiden ennakkok\u00e4sitysten kartoittamisella esimerkiksi ajatuskartan avulla. Seuraavaksi tutustutaan yhdess\u00e4 tutkimusv\u00e4lineisiin ja matkataan n\u00e4ytteenottoon l\u00e4hivesist\u00f6n rantaan Vesirepun ohjeita ja v\u00e4lineit\u00e4 hy\u00f6dynt\u00e4en. Maastossa otetaan kuvia ja luokassa havainnot<br \/>voidaan kirjata yhdess\u00e4 yl\u00f6s vaikkapa J\u00e4rvi&amp;MeriWiki-palveluun. Vaikka Vesireppu on kehitetty ensisijaisesti kouluille, se soveltuu mainiosti my\u00f6s kaikille veden tilan seurannasta kiinnostuneille kansalaisille. Vesireppua voi k\u00e4ytt\u00e4\u00e4 vaikkapa oman m\u00f6kkirannan veden tutkimiseen!<\/p>\n<p>Lis\u00e4\u00e4 tietoa\u00a0<a href=\"https:\/\/www.vesireppu.com\/\" target=\"_blank\" rel=\"noopener\">vesirepusta<\/a><\/p>\n<p><img loading=\"lazy\" decoding=\"async\" class=\"wp-image-3141 alignnone size-medium\" src=\"https:\/\/rotary.fi\/turkusamppalinna\/wp-content\/uploads\/sites\/114\/2024\/06\/vesirepun-luovutus-steinerkoululle-300x300.jpg\" alt=\"\" width=\"300\" height=\"300\" \/><br \/>Samppalinnan klubin tuleva Presidentti Mari Kangas luovutti vesirepun Turun Steinerkoulun k\u00e4ytt\u00f6\u00f6n.<\/p>\n<\/div>\n<\/div>\n<p>[\/et_pb_text][et_pb_text _builder_version=&#8221;4.25.1&#8243; _module_preset=&#8221;default&#8221; hover_enabled=&#8221;0&#8243; global_colors_info=&#8221;{}&#8221; sticky_enabled=&#8221;0&#8243;]<\/p>\n<div class=\"et_pb_module et_pb_text et_pb_text_1 et_pb_text_align_center et_pb_bg_layout_light\">\n<div class=\"et_pb_text_inner\">\n<h1 style=\"text-align: left\">Rotarit havannoivat sinilev\u00e4n esiintymist\u00e4<\/h1>\n<\/div>\n<\/div>\n<div class=\"et_pb_module et_pb_text et_pb_text_2 et_pb_text_align_left et_pb_bg_layout_light\">\n<div class=\"et_pb_text_inner\">\n<div class=\"_2cuy _3dgx _2vxa\">Yhteisty\u00f6kumppanimme SYKE ( Suomen Ymp\u00e4rist\u00f6keskus) antoi vuonna 2020 meille selke\u00e4n mahdollisuuden auttaa It\u00e4merta v. 2020 suorittamalla s\u00e4\u00e4nn\u00f6llist\u00e4 sinilev\u00e4havainnointia alueella Selk\u00e4meri-Saaristo-Pohjoinen It\u00e4meri ja Ahvenanmaa.<\/div>\n<div>\u00a0<\/div>\n<div>Tartuimme heti toimeen ja aloimme tehd\u00e4 viikoittain toistuvaa visuaalista havainnointia omasta m\u00f6kkirannasta, yleisest\u00e4 rannasta tai jopa veneest\u00e4. Paikalla ei ole merkityst\u00e4, kunhan havainto tehd\u00e4\u00e4n samasta paikasta viikoittain kes\u00e4kuun alusta syyskuun loppuun.<\/div>\n<div>\u00a0<\/div>\n<div>Rotarit hoitivat vuonna 2021 178 virallista havantopaikkaa. P\u00e4\u00e4set n\u00e4kem\u00e4\u00e4n havaintopaikat ja tehdyt havainnot <a href=\"https:\/\/www.jarviwiki.fi\/wiki\/Rotarien_sinilev%C3%A4seuranta\" target=\"_blank\" rel=\"noopener\">J\u00e4rviwikist\u00e4<\/a><br \/><strong>Sinilev\u00e4havainnointia jatketaan my\u00f6s\u00a0 2024 kes\u00e4ll\u00e4.<\/strong><\/div>\n<div>\u00a0<\/div>\n<\/div>\n<\/div>\n<p>[\/et_pb_text][et_pb_text _builder_version=&#8221;4.25.1&#8243; _module_preset=&#8221;default&#8221; min_height=&#8221;201px&#8221; custom_padding=&#8221;18px||9px|||&#8221; global_colors_info=&#8221;{}&#8221;]<\/p>\n<h1 style=\"text-align: left\">Basran<\/h1>\n<p>Baltic Sea Rotary Action Network<\/p>\n<p>It\u00e4meren ymp\u00e4rysmaiden rotarien yhteinen foorumi It\u00e4meren hyvinvoinnin edist\u00e4miseksi.<\/p>\n<p>Elokuussa\u00a0 j\u00e4rjestet\u00e4\u00e4n nuorille 18-30 vuotiaille\u00a0 <strong>RYLA BALTIC SEA 2024.\u00a0<\/strong><br \/>Tapahtuman osallistujat tulevat It\u00e4meren ymp\u00e4rysvaltioista yhteens\u00e4 n. 25 henkil\u00f6\u00e4.<br \/>Samppalinnan klubi kustantaa yhden biologian opiskelijan 5 p\u00e4iv\u00e4n tapahtumaan Tv\u00e4rminnen luonnontieteellisess\u00e4 asemassa.<\/p>\n<p>&nbsp;<\/p>\n<p>[\/et_pb_text][\/et_pb_column_inner][\/et_pb_row_inner][\/et_pb_column][et_pb_column type=&#8221;1_3&#8243; _builder_version=&#8221;4.16&#8243; custom_padding=&#8221;|||&#8221; global_colors_info=&#8221;{}&#8221; custom_padding__hover=&#8221;|||&#8221;][et_pb_sidebar area=&#8221;sidebar-1&#8243; module_class=&#8221;sivupalkki_sisalto&#8221; _builder_version=&#8221;4.16&#8243; global_colors_info=&#8221;{}&#8221;][\/et_pb_sidebar][\/et_pb_column][\/et_pb_section]<\/p>\n","protected":false},"excerpt":{"rendered":"<p>It\u00e4meren hyvinvointi Vesireppu L\u00e4hivesist\u00f6n tutkiminen helposti ja monipuolisesti Vesireppu sis\u00e4lt\u00e4\u00e4 v\u00e4lineet ja ohjeet, joiden avulla l\u00e4hivesist\u00f6n tutkiminen on helppoa ja hauskaa. Mit\u00e4 n\u00e4k\u00f6syvyys kertoo vesist\u00f6n tilasta? L\u00f6ytyyk\u00f6 vedest\u00e4 sinilev\u00e4\u00e4 ja olisiko siell\u00e4 turvallista uida? Ent\u00e4 milt\u00e4 n\u00e4ytt\u00e4\u00e4 veden happitilanne? Vesirepun avulla voidaan tutkia seuraavia asioita: l\u00e4mp\u00f6tilaa (vesil\u00e4mp\u00f6mittari) n\u00e4k\u00f6syvyytt\u00e4 (Secchi-levy) sinilev\u00e4tilannetta sameutta (World Water Monitoring Challenge [&hellip;]<\/p>\n","protected":false},"author":201,"featured_media":0,"parent":156,"menu_order":0,"comment_status":"closed","ping_status":"closed","template":"","meta":{"_acf_changed":false,"_et_pb_use_builder":"on","_et_pb_old_content":"BASRAN - Baltic Sea Rotary Action Network\r\n<div class=\"et_pb_module et_pb_text et_pb_text_1  et_pb_text_align_center et_pb_bg_layout_light\">\r\n<div class=\"et_pb_text_inner\">\r\n<h1>Rotarit havannoivat sinilev\u00e4n esiintymist\u00e4<\/h1>\r\n<\/div>\r\n<\/div>\r\n<div class=\"et_pb_module et_pb_text et_pb_text_2  et_pb_text_align_left et_pb_bg_layout_light\">\r\n<div class=\"et_pb_text_inner\">\r\n<div class=\"_2cuy _3dgx _2vxa\">Yhteisty\u00f6kumppanimme SYKE ( Suomen Ymp\u00e4rist\u00f6keskus) antoi vuonna 2020 meille selke\u00e4n mahdollisuuden auttaa It\u00e4merta v. 2020 suorittamalla s\u00e4\u00e4nn\u00f6llist\u00e4 sinilev\u00e4havainnointia alueella Selk\u00e4meri-Saaristo-Pohjoinen It\u00e4meri ja Ahvenanmaa.<\/div>\r\n<div><\/div>\r\n<div>Tartuimme heti toimeen ja aloimme tehd\u00e4 viikoittain toistuvaa visuaalista havainnointia omasta m\u00f6kkirannasta, yleisest\u00e4 rannasta tai jopa veneest\u00e4. Paikalla ei ole merkityst\u00e4, kunhan havainto tehd\u00e4\u00e4n samasta paikasta viikoittain kes\u00e4kuun alusta syyskuun loppuun.<\/div>\r\n<div><\/div>\r\n<div>Rotarit hoitavat vuonna 2021 178 virallista havantopaikkaa. P\u00e4\u00e4set n\u00e4kem\u00e4\u00e4n havaintopaikat ja tehdyt havainnot\u00a0<a href=\"https:\/\/www.jarviwiki.fi\/wiki\/Rotarien_sinilev%C3%A4seuranta\" target=\"_blank\" rel=\"noopener\">J\u00e4rviwikist\u00e4<\/a><\/div>\r\n<\/div>\r\n<\/div>\r\n<div>Turku Samppalinnan Rotaryklubista kuusi j\u00e4sent\u00e4 osallistuvat sinilev\u00e4havainnointiin.<\/div>\r\n<div><\/div>\r\n<div>\r\n<div class=\"et_pb_module et_pb_text et_pb_text_1  et_pb_text_align_center et_pb_bg_layout_light\">\r\n<div class=\"et_pb_text_inner\">\r\n<h1>Ymp\u00e4rist\u00f6n tutkiminen on hauskaa<\/h1>\r\n<\/div>\r\n<\/div>\r\n<div class=\"et_pb_module et_pb_text et_pb_text_2  et_pb_text_align_left et_pb_bg_layout_light\">\r\n<div class=\"et_pb_text_inner\">\r\n\r\nPaikalliset rotaryklubit lahjoittavat vesireppuja l\u00e4hikoulujen ja lasten harrastusryhmien k\u00e4ytt\u00f6\u00f6n.\r\n\r\n<strong>L\u00e4hivesist\u00f6n tutkiminen helposti ja monipuolisest<\/strong><strong>i<\/strong>\r\n\r\nVesireppu sis\u00e4lt\u00e4\u00e4 v\u00e4lineet ja ohjeet, joiden avulla l\u00e4hivesist\u00f6n tutkiminen on helppoa ja hauskaa. Mit\u00e4 n\u00e4k\u00f6syvyys kertoo vesist\u00f6n tilasta? L\u00f6ytyyk\u00f6 vedest\u00e4 sinilev\u00e4\u00e4 ja olisiko siell\u00e4 turvallista uida? Ent\u00e4 milt\u00e4 n\u00e4ytt\u00e4\u00e4 veden happitilanne?\r\n\r\n<strong>Vesirepun avulla voidaan tutkia seuraavia asioita<\/strong>:\r\n<ul>\r\n \t<li>l\u00e4mp\u00f6tilaa (vesil\u00e4mp\u00f6mittari)<\/li>\r\n \t<li>n\u00e4k\u00f6syvyytt\u00e4 (Secchi-levy)<\/li>\r\n \t<li>sinilev\u00e4tilannetta<\/li>\r\n \t<li>sameutta (World Water Monitoring Challenge -purkki, tarra ja sameusasteikko)<\/li>\r\n \t<li>happipitoisuutta (testiputki,DO-tabletti, v\u00e4riasteikko)<\/li>\r\n \t<li>fosfori- ja typpipitoisuutta vedess\u00e4<\/li>\r\n<\/ul>\r\n<strong>Vesirepun k\u00e4ytt\u00f6 opetuksessa<\/strong>\r\n\r\nVesireppua on tarkoitus k\u00e4ytt\u00e4\u00e4 l\u00e4hiymp\u00e4rist\u00f6n tutkimiseen osana Ihan Pihalla-hankkeessa\r\ntuotettavia oppimiskokonaisuuksia. Kouluissa voi oppilaiden kanssa koota \u201dOman l\u00e4hiveden tarinan\u201d, joka alkaa oppilaiden ennakkok\u00e4sitysten kartoittamisella esimerkiksi ajatuskartan avulla. Seuraavaksi tutustutaan yhdess\u00e4 tutkimusv\u00e4lineisiin ja matkataan n\u00e4ytteenottoon l\u00e4hivesist\u00f6n rantaan Vesirepun ohjeita ja v\u00e4lineit\u00e4 hy\u00f6dynt\u00e4en. Maastossa otetaan kuvia ja luokassa havainnot\r\nvoidaan kirjata yhdess\u00e4 yl\u00f6s vaikkapa J\u00e4rvi&MeriWiki-palveluun. Vaikka Vesireppu on kehitetty ensisijaisesti kouluille, se soveltuu mainiosti my\u00f6s kaikille veden tilan seurannasta kiinnostuneille kansalaisille. Vesireppua voi k\u00e4ytt\u00e4\u00e4 vaikkapa oman m\u00f6kkirannan veden tutkimiseen!\r\n\r\nLis\u00e4\u00e4 tietoa\u00a0<a href=\"https:\/\/www.vesireppu.com\/\" target=\"_blank\" rel=\"noopener\">vesirepusta<\/a>\r\n\r\n<\/div>\r\n<\/div>\r\n<\/div>","_et_gb_content_width":"","footnotes":""},"class_list":["post-2436","page","type-page","status-publish","hentry"],"acf":[],"yoast_head":"<!-- This site is optimized with the Yoast SEO plugin v27.0 - https:\/\/yoast.com\/product\/yoast-seo-wordpress\/ -->\n<title>It\u00e4meren hyvinvointi - Turku Samppalinnan Rotaryklubi<\/title>\n<meta name=\"robots\" content=\"index, follow, max-snippet:-1, max-image-preview:large, max-video-preview:-1\" \/>\n<link rel=\"canonical\" href=\"https:\/\/rotary.fi\/turkusamppalinna\/mita-teemme\/projektit\/itameren-hyvinvointi\/\" \/>\n<meta property=\"og:locale\" content=\"fi_FI\" \/>\n<meta property=\"og:type\" content=\"article\" \/>\n<meta property=\"og:title\" content=\"It\u00e4meren hyvinvointi - Turku Samppalinnan Rotaryklubi\" \/>\n<meta property=\"og:description\" content=\"It\u00e4meren hyvinvointi Vesireppu L\u00e4hivesist\u00f6n tutkiminen helposti ja monipuolisesti Vesireppu sis\u00e4lt\u00e4\u00e4 v\u00e4lineet ja ohjeet, joiden avulla l\u00e4hivesist\u00f6n tutkiminen on helppoa ja hauskaa. Mit\u00e4 n\u00e4k\u00f6syvyys kertoo vesist\u00f6n tilasta? L\u00f6ytyyk\u00f6 vedest\u00e4 sinilev\u00e4\u00e4 ja olisiko siell\u00e4 turvallista uida? Ent\u00e4 milt\u00e4 n\u00e4ytt\u00e4\u00e4 veden happitilanne? Vesirepun avulla voidaan tutkia seuraavia asioita: l\u00e4mp\u00f6tilaa (vesil\u00e4mp\u00f6mittari) n\u00e4k\u00f6syvyytt\u00e4 (Secchi-levy) sinilev\u00e4tilannetta sameutta (World Water Monitoring Challenge [&hellip;]\" \/>\n<meta property=\"og:url\" content=\"https:\/\/rotary.fi\/turkusamppalinna\/mita-teemme\/projektit\/itameren-hyvinvointi\/\" \/>\n<meta property=\"og:site_name\" content=\"Turku Samppalinnan Rotaryklubi\" \/>\n<meta property=\"article:modified_time\" content=\"2024-06-01T19:45:20+00:00\" \/>\n<meta property=\"og:image\" content=\"https:\/\/rotary.fi\/turkusamppalinna\/wp-content\/uploads\/sites\/114\/2024\/06\/vesirepun-luovutus-steinerkoululle-300x300.jpg\" \/>\n<meta name=\"twitter:card\" content=\"summary_large_image\" \/>\n<meta name=\"twitter:label1\" content=\"Arvioitu lukuaika\" \/>\n\t<meta name=\"twitter:data1\" content=\"3 minuuttia\" \/>\n<script type=\"application\/ld+json\" class=\"yoast-schema-graph\">{\"@context\":\"https:\/\/schema.org\",\"@graph\":[{\"@type\":\"WebPage\",\"@id\":\"https:\/\/rotary.fi\/turkusamppalinna\/mita-teemme\/projektit\/itameren-hyvinvointi\/\",\"url\":\"https:\/\/rotary.fi\/turkusamppalinna\/mita-teemme\/projektit\/itameren-hyvinvointi\/\",\"name\":\"It\u00e4meren hyvinvointi - Turku Samppalinnan Rotaryklubi\",\"isPartOf\":{\"@id\":\"https:\/\/rotary.fi\/turkusamppalinna\/#website\"},\"primaryImageOfPage\":{\"@id\":\"https:\/\/rotary.fi\/turkusamppalinna\/mita-teemme\/projektit\/itameren-hyvinvointi\/#primaryimage\"},\"image\":{\"@id\":\"https:\/\/rotary.fi\/turkusamppalinna\/mita-teemme\/projektit\/itameren-hyvinvointi\/#primaryimage\"},\"thumbnailUrl\":\"https:\/\/rotary.fi\/turkusamppalinna\/wp-content\/uploads\/sites\/114\/2024\/06\/vesirepun-luovutus-steinerkoululle-300x300.jpg\",\"datePublished\":\"2022-02-16T15:53:32+00:00\",\"dateModified\":\"2024-06-01T19:45:20+00:00\",\"breadcrumb\":{\"@id\":\"https:\/\/rotary.fi\/turkusamppalinna\/mita-teemme\/projektit\/itameren-hyvinvointi\/#breadcrumb\"},\"inLanguage\":\"fi\",\"potentialAction\":[{\"@type\":\"ReadAction\",\"target\":[\"https:\/\/rotary.fi\/turkusamppalinna\/mita-teemme\/projektit\/itameren-hyvinvointi\/\"]}]},{\"@type\":\"ImageObject\",\"inLanguage\":\"fi\",\"@id\":\"https:\/\/rotary.fi\/turkusamppalinna\/mita-teemme\/projektit\/itameren-hyvinvointi\/#primaryimage\",\"url\":\"https:\/\/rotary.fi\/turkusamppalinna\/wp-content\/uploads\/sites\/114\/2024\/06\/vesirepun-luovutus-steinerkoululle.jpg\",\"contentUrl\":\"https:\/\/rotary.fi\/turkusamppalinna\/wp-content\/uploads\/sites\/114\/2024\/06\/vesirepun-luovutus-steinerkoululle.jpg\",\"width\":1600,\"height\":1600},{\"@type\":\"BreadcrumbList\",\"@id\":\"https:\/\/rotary.fi\/turkusamppalinna\/mita-teemme\/projektit\/itameren-hyvinvointi\/#breadcrumb\",\"itemListElement\":[{\"@type\":\"ListItem\",\"position\":1,\"name\":\"Home\",\"item\":\"https:\/\/rotary.fi\/turkusamppalinna\/\"},{\"@type\":\"ListItem\",\"position\":2,\"name\":\"Mit\u00e4 teemme\",\"item\":\"https:\/\/rotary.fi\/turkusamppalinna\/mita-teemme\/\"},{\"@type\":\"ListItem\",\"position\":3,\"name\":\"Projektit\",\"item\":\"https:\/\/rotary.fi\/turkusamppalinna\/mita-teemme\/projektit\/\"},{\"@type\":\"ListItem\",\"position\":4,\"name\":\"It\u00e4meren hyvinvointi\"}]},{\"@type\":\"WebSite\",\"@id\":\"https:\/\/rotary.fi\/turkusamppalinna\/#website\",\"url\":\"https:\/\/rotary.fi\/turkusamppalinna\/\",\"name\":\"Turku Samppalinnan Rotaryklubi\",\"description\":\"Uusi Rotary klubisivusto\",\"potentialAction\":[{\"@type\":\"SearchAction\",\"target\":{\"@type\":\"EntryPoint\",\"urlTemplate\":\"https:\/\/rotary.fi\/turkusamppalinna\/?s={search_term_string}\"},\"query-input\":{\"@type\":\"PropertyValueSpecification\",\"valueRequired\":true,\"valueName\":\"search_term_string\"}}],\"inLanguage\":\"fi\"}]}<\/script>\n<!-- \/ Yoast SEO plugin. -->","yoast_head_json":{"title":"It\u00e4meren hyvinvointi - Turku Samppalinnan Rotaryklubi","robots":{"index":"index","follow":"follow","max-snippet":"max-snippet:-1","max-image-preview":"max-image-preview:large","max-video-preview":"max-video-preview:-1"},"canonical":"https:\/\/rotary.fi\/turkusamppalinna\/mita-teemme\/projektit\/itameren-hyvinvointi\/","og_locale":"fi_FI","og_type":"article","og_title":"It\u00e4meren hyvinvointi - Turku Samppalinnan Rotaryklubi","og_description":"It\u00e4meren hyvinvointi Vesireppu L\u00e4hivesist\u00f6n tutkiminen helposti ja monipuolisesti Vesireppu sis\u00e4lt\u00e4\u00e4 v\u00e4lineet ja ohjeet, joiden avulla l\u00e4hivesist\u00f6n tutkiminen on helppoa ja hauskaa. Mit\u00e4 n\u00e4k\u00f6syvyys kertoo vesist\u00f6n tilasta? L\u00f6ytyyk\u00f6 vedest\u00e4 sinilev\u00e4\u00e4 ja olisiko siell\u00e4 turvallista uida? Ent\u00e4 milt\u00e4 n\u00e4ytt\u00e4\u00e4 veden happitilanne? Vesirepun avulla voidaan tutkia seuraavia asioita: l\u00e4mp\u00f6tilaa (vesil\u00e4mp\u00f6mittari) n\u00e4k\u00f6syvyytt\u00e4 (Secchi-levy) sinilev\u00e4tilannetta sameutta (World Water Monitoring Challenge [&hellip;]","og_url":"https:\/\/rotary.fi\/turkusamppalinna\/mita-teemme\/projektit\/itameren-hyvinvointi\/","og_site_name":"Turku Samppalinnan Rotaryklubi","article_modified_time":"2024-06-01T19:45:20+00:00","og_image":[{"url":"https:\/\/rotary.fi\/turkusamppalinna\/wp-content\/uploads\/sites\/114\/2024\/06\/vesirepun-luovutus-steinerkoululle-300x300.jpg","type":"","width":"","height":""}],"twitter_card":"summary_large_image","twitter_misc":{"Arvioitu lukuaika":"3 minuuttia"},"schema":{"@context":"https:\/\/schema.org","@graph":[{"@type":"WebPage","@id":"https:\/\/rotary.fi\/turkusamppalinna\/mita-teemme\/projektit\/itameren-hyvinvointi\/","url":"https:\/\/rotary.fi\/turkusamppalinna\/mita-teemme\/projektit\/itameren-hyvinvointi\/","name":"It\u00e4meren hyvinvointi - Turku Samppalinnan Rotaryklubi","isPartOf":{"@id":"https:\/\/rotary.fi\/turkusamppalinna\/#website"},"primaryImageOfPage":{"@id":"https:\/\/rotary.fi\/turkusamppalinna\/mita-teemme\/projektit\/itameren-hyvinvointi\/#primaryimage"},"image":{"@id":"https:\/\/rotary.fi\/turkusamppalinna\/mita-teemme\/projektit\/itameren-hyvinvointi\/#primaryimage"},"thumbnailUrl":"https:\/\/rotary.fi\/turkusamppalinna\/wp-content\/uploads\/sites\/114\/2024\/06\/vesirepun-luovutus-steinerkoululle-300x300.jpg","datePublished":"2022-02-16T15:53:32+00:00","dateModified":"2024-06-01T19:45:20+00:00","breadcrumb":{"@id":"https:\/\/rotary.fi\/turkusamppalinna\/mita-teemme\/projektit\/itameren-hyvinvointi\/#breadcrumb"},"inLanguage":"fi","potentialAction":[{"@type":"ReadAction","target":["https:\/\/rotary.fi\/turkusamppalinna\/mita-teemme\/projektit\/itameren-hyvinvointi\/"]}]},{"@type":"ImageObject","inLanguage":"fi","@id":"https:\/\/rotary.fi\/turkusamppalinna\/mita-teemme\/projektit\/itameren-hyvinvointi\/#primaryimage","url":"https:\/\/rotary.fi\/turkusamppalinna\/wp-content\/uploads\/sites\/114\/2024\/06\/vesirepun-luovutus-steinerkoululle.jpg","contentUrl":"https:\/\/rotary.fi\/turkusamppalinna\/wp-content\/uploads\/sites\/114\/2024\/06\/vesirepun-luovutus-steinerkoululle.jpg","width":1600,"height":1600},{"@type":"BreadcrumbList","@id":"https:\/\/rotary.fi\/turkusamppalinna\/mita-teemme\/projektit\/itameren-hyvinvointi\/#breadcrumb","itemListElement":[{"@type":"ListItem","position":1,"name":"Home","item":"https:\/\/rotary.fi\/turkusamppalinna\/"},{"@type":"ListItem","position":2,"name":"Mit\u00e4 teemme","item":"https:\/\/rotary.fi\/turkusamppalinna\/mita-teemme\/"},{"@type":"ListItem","position":3,"name":"Projektit","item":"https:\/\/rotary.fi\/turkusamppalinna\/mita-teemme\/projektit\/"},{"@type":"ListItem","position":4,"name":"It\u00e4meren hyvinvointi"}]},{"@type":"WebSite","@id":"https:\/\/rotary.fi\/turkusamppalinna\/#website","url":"https:\/\/rotary.fi\/turkusamppalinna\/","name":"Turku Samppalinnan Rotaryklubi","description":"Uusi Rotary klubisivusto","potentialAction":[{"@type":"SearchAction","target":{"@type":"EntryPoint","urlTemplate":"https:\/\/rotary.fi\/turkusamppalinna\/?s={search_term_string}"},"query-input":{"@type":"PropertyValueSpecification","valueRequired":true,"valueName":"search_term_string"}}],"inLanguage":"fi"}]}},"lang":"fi","translations":{"fi":2436},"pll_sync_post":[],"_links":{"self":[{"href":"https:\/\/rotary.fi\/turkusamppalinna\/wp-json\/wp\/v2\/pages\/2436","targetHints":{"allow":["GET"]}}],"collection":[{"href":"https:\/\/rotary.fi\/turkusamppalinna\/wp-json\/wp\/v2\/pages"}],"about":[{"href":"https:\/\/rotary.fi\/turkusamppalinna\/wp-json\/wp\/v2\/types\/page"}],"author":[{"embeddable":true,"href":"https:\/\/rotary.fi\/turkusamppalinna\/wp-json\/wp\/v2\/users\/201"}],"replies":[{"embeddable":true,"href":"https:\/\/rotary.fi\/turkusamppalinna\/wp-json\/wp\/v2\/comments?post=2436"}],"version-history":[{"count":10,"href":"https:\/\/rotary.fi\/turkusamppalinna\/wp-json\/wp\/v2\/pages\/2436\/revisions"}],"predecessor-version":[{"id":3161,"href":"https:\/\/rotary.fi\/turkusamppalinna\/wp-json\/wp\/v2\/pages\/2436\/revisions\/3161"}],"up":[{"embeddable":true,"href":"https:\/\/rotary.fi\/turkusamppalinna\/wp-json\/wp\/v2\/pages\/156"}],"wp:attachment":[{"href":"https:\/\/rotary.fi\/turkusamppalinna\/wp-json\/wp\/v2\/media?parent=2436"}],"curies":[{"name":"wp","href":"https:\/\/api.w.org\/{rel}","templated":true}]}}