{"id":2409,"date":"2022-02-16T16:34:02","date_gmt":"2022-02-16T14:34:02","guid":{"rendered":"https:\/\/rotary.fi\/turkusamppalinna\/?page_id=2409"},"modified":"2025-08-30T11:46:53","modified_gmt":"2025-08-30T08:46:53","slug":"peacebuilder-club","status":"publish","type":"page","link":"https:\/\/rotary.fi\/turkusamppalinna\/mita-teemme\/peacebuilder-club\/","title":{"rendered":"Peacebuilder Club"},"content":{"rendered":"<p>[et_pb_section fb_built=&#8221;1&#8243; module_class=&#8221;jumbotron-page&#8221; _builder_version=&#8221;4.16&#8243; background_image=&#8221;https:\/\/rotary.fi\/turkusamppalinna\/wp-content\/uploads\/sites\/114\/2018\/10\/rotary_klubit_alasivu_paakuva_14.jpg&#8221; global_colors_info=&#8221;{}&#8221;][et_pb_row _builder_version=&#8221;4.16&#8243; background_size=&#8221;initial&#8221; background_position=&#8221;top_left&#8221; background_repeat=&#8221;repeat&#8221; global_colors_info=&#8221;{}&#8221;][et_pb_column type=&#8221;4_4&#8243; _builder_version=&#8221;4.16&#8243; custom_padding=&#8221;|||&#8221; global_colors_info=&#8221;{}&#8221; custom_padding__hover=&#8221;|||&#8221;][et_pb_text admin_label=&#8221;P\u00e4\u00e4otsikko&#8221; _builder_version=&#8221;4.16&#8243; text_orientation=&#8221;center&#8221; background_layout=&#8221;dark&#8221; global_colors_info=&#8221;{}&#8221;]<\/p>\n<h1>Peacebuilder Club<\/h1>\n<p>[\/et_pb_text][\/et_pb_column][\/et_pb_row][\/et_pb_section][et_pb_section fb_built=&#8221;1&#8243; specialty=&#8221;on&#8221; module_class_2=&#8221;sivupalkki&#8221; _builder_version=&#8221;4.16&#8243; global_colors_info=&#8221;{}&#8221;][et_pb_column type=&#8221;2_3&#8243; specialty_columns=&#8221;2&#8243; _builder_version=&#8221;4.16&#8243; custom_padding=&#8221;|||&#8221; global_colors_info=&#8221;{}&#8221; custom_padding__hover=&#8221;|||&#8221;][et_pb_row_inner admin_label=&#8221;Rivi&#8221; _builder_version=&#8221;4.16&#8243; global_colors_info=&#8221;{}&#8221;][et_pb_column_inner saved_specialty_column_type=&#8221;2_3&#8243; _builder_version=&#8221;4.16&#8243; custom_padding=&#8221;|||&#8221; global_colors_info=&#8221;{}&#8221; parallax__hover=&#8221;off&#8221; parallax_method__hover=&#8221;on&#8221; custom_padding__hover=&#8221;|||&#8221;][et_pb_text admin_label=&#8221;PeaceBuilder Club &#8211; Otsikko&#8221; _builder_version=&#8221;4.16&#8243; text_orientation=&#8221;center&#8221; global_colors_info=&#8221;{}&#8221;][\/et_pb_text][et_pb_text admin_label=&#8221;Teksti&#8221; _builder_version=&#8221;4.25.1&#8243; min_height=&#8221;199px&#8221; z_index_tablet=&#8221;500&#8243; text_text_shadow_horizontal_length_tablet=&#8221;0px&#8221; text_text_shadow_vertical_length_tablet=&#8221;0px&#8221; text_text_shadow_blur_strength_tablet=&#8221;1px&#8221; link_text_shadow_horizontal_length_tablet=&#8221;0px&#8221; link_text_shadow_vertical_length_tablet=&#8221;0px&#8221; link_text_shadow_blur_strength_tablet=&#8221;1px&#8221; ul_text_shadow_horizontal_length_tablet=&#8221;0px&#8221; ul_text_shadow_vertical_length_tablet=&#8221;0px&#8221; ul_text_shadow_blur_strength_tablet=&#8221;1px&#8221; ol_text_shadow_horizontal_length_tablet=&#8221;0px&#8221; ol_text_shadow_vertical_length_tablet=&#8221;0px&#8221; ol_text_shadow_blur_strength_tablet=&#8221;1px&#8221; quote_text_shadow_horizontal_length_tablet=&#8221;0px&#8221; quote_text_shadow_vertical_length_tablet=&#8221;0px&#8221; quote_text_shadow_blur_strength_tablet=&#8221;1px&#8221; header_text_shadow_horizontal_length_tablet=&#8221;0px&#8221; header_text_shadow_vertical_length_tablet=&#8221;0px&#8221; header_text_shadow_blur_strength_tablet=&#8221;1px&#8221; header_2_text_shadow_horizontal_length_tablet=&#8221;0px&#8221; header_2_text_shadow_vertical_length_tablet=&#8221;0px&#8221; header_2_text_shadow_blur_strength_tablet=&#8221;1px&#8221; header_3_text_shadow_horizontal_length_tablet=&#8221;0px&#8221; header_3_text_shadow_vertical_length_tablet=&#8221;0px&#8221; header_3_text_shadow_blur_strength_tablet=&#8221;1px&#8221; header_4_text_shadow_horizontal_length_tablet=&#8221;0px&#8221; header_4_text_shadow_vertical_length_tablet=&#8221;0px&#8221; header_4_text_shadow_blur_strength_tablet=&#8221;1px&#8221; header_5_text_shadow_horizontal_length_tablet=&#8221;0px&#8221; header_5_text_shadow_vertical_length_tablet=&#8221;0px&#8221; header_5_text_shadow_blur_strength_tablet=&#8221;1px&#8221; header_6_text_shadow_horizontal_length_tablet=&#8221;0px&#8221; header_6_text_shadow_vertical_length_tablet=&#8221;0px&#8221; header_6_text_shadow_blur_strength_tablet=&#8221;1px&#8221; box_shadow_horizontal_tablet=&#8221;0px&#8221; box_shadow_vertical_tablet=&#8221;0px&#8221; box_shadow_blur_tablet=&#8221;40px&#8221; box_shadow_spread_tablet=&#8221;0px&#8221; global_colors_info=&#8221;{}&#8221;]<\/p>\n<p>Turku Samppalinnan Rotaryklubi on Pohjoismaiden ensimm\u00e4inen Peacebuilder Klubi.<\/p>\n<p><strong>Koulurauhaa ja koulurauhan julistusta! Koulukiusaamisen on loputtava!<\/strong><\/p>\n<p>Turun Samppalinnan rotaryklubi ry:n hanke Koulurauhaa! alkoi 1.9.2023 ja p\u00e4\u00e4ttyi 30.5.2024.<br \/>Vastuuhenkil\u00f6n\u00e4 oli Erja Vihervaara. Projektin muita j\u00e4seni\u00e4 olivat Risto Suviala, Matti Vetri\u00f6,<br \/>Marcus Penttinen ja Eeva Nurminen.<br \/>Turku Samppalinnan rotaryklubi haastoi Turun yl\u00e4koulujen oppilaat kampanjaan, jossa kiinnitettiin<br \/>huomio koulukiusaamisen v\u00e4hent\u00e4miseen. Halusimme kannustaa ja palkita turkulaisia nuoria,<br \/>jotka omalla esimerkill\u00e4\u00e4n ja toiminnallaan ovat est\u00e4neet kiusaamisen ja olleet itse hyv\u00e4n\u00e4<br \/>esimerkkin\u00e4 nuorista, jotka eiv\u00e4t kiusaa ja jotka ottavat toiset huomioon yst\u00e4v\u00e4llisell\u00e4 ja<br \/>sosiaalisella toiminnallaan.<br \/>Kampanjahaaste l\u00e4hetettiin 19 turkulaiselle koululle, joilla on luokka-asteet 7-9. Haasteen otti<br \/>vastaa 9 koulua. Kunkin koulun henkil\u00f6kunta sai itse p\u00e4\u00e4tt\u00e4\u00e4 tavan, jolla se toteutti haasteen.<br \/>Koulun teht\u00e4v\u00e4n\u00e4 oli perustella ehdotuksensa palkinnon saajaksi.<br \/>Rotaryklubi my\u00f6nsi kullekin valituille oppilaalle 100 euron rahastipendin ja kunniakirjan.<br \/>Kutsuimme valitut oppilaat koulun edustajan kanssa lounaalle, jolloin paikalla olleille annettiin<br \/>kunniakirja. Lounaalle saapui 5 oppilasta opettajineen. Niille, jotka eiv\u00e4t p\u00e4\u00e4sseet lounaalle,<br \/>toimitettiin kunniakirja koululle. Kouluilta toivottiin mainintaa stipendist\u00e4 ja kunniakirjasta<br \/>kev\u00e4tjuhlan yhteydess\u00e4. Stipendit maksettiin huoltajilta saaduille pankkitileille.<br \/>Vaikuttavuus<br \/>Klubimme teki asiasta jutun Rotary Norden -lehteen. Olemme my\u00f6s kertoneet asiasta Zoomkokouksessa<br \/>Ruotsin J\u00e4rfallan rotarykummiklubillemme, joka on my\u00f6s Peace builder Club.<br \/>Olemme l\u00e4hett\u00e4neet medialle tiedotteen kampanjastamme.<br \/>Haastamme my\u00f6s muut Turun rotaryklubit mukaan toimintaan kiusaamista vastaan ja omalta<br \/>osaltaan edist\u00e4m\u00e4\u00e4n koulurauhaa. Toivomme, ett\u00e4 jokainen rotaryklubi ryhtyy omien resurssiensa<br \/>ja osaamisensa puitteissa palkitsemaan ja ottamaan huomion nuoria, jotka omalla toiminnallaan<br \/>puuttuvat kiusaamiseen esimerkiksi valitsemalla jonkin turkulaisen yl\u00e4koulun ns. kummikoulukseen<br \/>ja jakamaan siell\u00e4 joka kev\u00e4t pienen kannustusstipendin. N\u00e4in rotarin nimikin tulisi tutuksi<br \/>kouluv\u00e4elle.<br \/>Rotariaikaa hankkeeseen n. 12 tuntia.<\/p>\n<p><img loading=\"lazy\" decoding=\"async\" class=\"wp-image-3140 alignnone size-medium\" src=\"https:\/\/rotary.fi\/turkusamppalinna\/wp-content\/uploads\/sites\/114\/2024\/06\/koulurauha-stipendien-jako-300x225.jpg\" alt=\"\" width=\"300\" height=\"225\" \/><br \/>Kunniakirjojen jako lounaskokouksemme yhteydess\u00e4.<\/p>\n<p>&nbsp;<\/p>\n<p>[\/et_pb_text][et_pb_text _builder_version=&#8221;4.16&#8243; min_height=&#8221;199px&#8221; z_index_tablet=&#8221;500&#8243; text_text_shadow_horizontal_length_tablet=&#8221;0px&#8221; text_text_shadow_vertical_length_tablet=&#8221;0px&#8221; text_text_shadow_blur_strength_tablet=&#8221;1px&#8221; link_text_shadow_horizontal_length_tablet=&#8221;0px&#8221; link_text_shadow_vertical_length_tablet=&#8221;0px&#8221; link_text_shadow_blur_strength_tablet=&#8221;1px&#8221; ul_text_shadow_horizontal_length_tablet=&#8221;0px&#8221; ul_text_shadow_vertical_length_tablet=&#8221;0px&#8221; ul_text_shadow_blur_strength_tablet=&#8221;1px&#8221; ol_text_shadow_horizontal_length_tablet=&#8221;0px&#8221; ol_text_shadow_vertical_length_tablet=&#8221;0px&#8221; ol_text_shadow_blur_strength_tablet=&#8221;1px&#8221; quote_text_shadow_horizontal_length_tablet=&#8221;0px&#8221; quote_text_shadow_vertical_length_tablet=&#8221;0px&#8221; quote_text_shadow_blur_strength_tablet=&#8221;1px&#8221; header_text_shadow_horizontal_length_tablet=&#8221;0px&#8221; header_text_shadow_vertical_length_tablet=&#8221;0px&#8221; header_text_shadow_blur_strength_tablet=&#8221;1px&#8221; header_2_text_shadow_horizontal_length_tablet=&#8221;0px&#8221; header_2_text_shadow_vertical_length_tablet=&#8221;0px&#8221; header_2_text_shadow_blur_strength_tablet=&#8221;1px&#8221; header_3_text_shadow_horizontal_length_tablet=&#8221;0px&#8221; header_3_text_shadow_vertical_length_tablet=&#8221;0px&#8221; header_3_text_shadow_blur_strength_tablet=&#8221;1px&#8221; header_4_text_shadow_horizontal_length_tablet=&#8221;0px&#8221; header_4_text_shadow_vertical_length_tablet=&#8221;0px&#8221; header_4_text_shadow_blur_strength_tablet=&#8221;1px&#8221; header_5_text_shadow_horizontal_length_tablet=&#8221;0px&#8221; header_5_text_shadow_vertical_length_tablet=&#8221;0px&#8221; header_5_text_shadow_blur_strength_tablet=&#8221;1px&#8221; header_6_text_shadow_horizontal_length_tablet=&#8221;0px&#8221; header_6_text_shadow_vertical_length_tablet=&#8221;0px&#8221; header_6_text_shadow_blur_strength_tablet=&#8221;1px&#8221; box_shadow_horizontal_tablet=&#8221;0px&#8221; box_shadow_vertical_tablet=&#8221;0px&#8221; box_shadow_blur_tablet=&#8221;40px&#8221; box_shadow_spread_tablet=&#8221;0px&#8221; global_colors_info=&#8221;{}&#8221;][\/et_pb_text][\/et_pb_column_inner][\/et_pb_row_inner][et_pb_row_inner admin_label=&#8221;Rivi&#8221; _builder_version=&#8221;4.16&#8243; global_colors_info=&#8221;{}&#8221;][et_pb_column_inner saved_specialty_column_type=&#8221;2_3&#8243; _builder_version=&#8221;4.16&#8243; custom_padding=&#8221;|||&#8221; global_colors_info=&#8221;{}&#8221; parallax__hover=&#8221;off&#8221; parallax_method__hover=&#8221;on&#8221; custom_padding__hover=&#8221;|||&#8221;][et_pb_text admin_label=&#8221;- Otsikko&#8221; _builder_version=&#8221;4.16&#8243; text_orientation=&#8221;center&#8221; global_colors_info=&#8221;{}&#8221;][\/et_pb_text][et_pb_text _builder_version=&#8221;4.16&#8243; z_index_tablet=&#8221;500&#8243; text_text_shadow_horizontal_length_tablet=&#8221;0px&#8221; text_text_shadow_vertical_length_tablet=&#8221;0px&#8221; text_text_shadow_blur_strength_tablet=&#8221;1px&#8221; link_text_shadow_horizontal_length_tablet=&#8221;0px&#8221; link_text_shadow_vertical_length_tablet=&#8221;0px&#8221; link_text_shadow_blur_strength_tablet=&#8221;1px&#8221; ul_text_shadow_horizontal_length_tablet=&#8221;0px&#8221; ul_text_shadow_vertical_length_tablet=&#8221;0px&#8221; ul_text_shadow_blur_strength_tablet=&#8221;1px&#8221; ol_text_shadow_horizontal_length_tablet=&#8221;0px&#8221; ol_text_shadow_vertical_length_tablet=&#8221;0px&#8221; ol_text_shadow_blur_strength_tablet=&#8221;1px&#8221; quote_text_shadow_horizontal_length_tablet=&#8221;0px&#8221; quote_text_shadow_vertical_length_tablet=&#8221;0px&#8221; quote_text_shadow_blur_strength_tablet=&#8221;1px&#8221; header_text_shadow_horizontal_length_tablet=&#8221;0px&#8221; header_text_shadow_vertical_length_tablet=&#8221;0px&#8221; header_text_shadow_blur_strength_tablet=&#8221;1px&#8221; header_2_text_shadow_horizontal_length_tablet=&#8221;0px&#8221; header_2_text_shadow_vertical_length_tablet=&#8221;0px&#8221; header_2_text_shadow_blur_strength_tablet=&#8221;1px&#8221; header_3_text_shadow_horizontal_length_tablet=&#8221;0px&#8221; header_3_text_shadow_vertical_length_tablet=&#8221;0px&#8221; header_3_text_shadow_blur_strength_tablet=&#8221;1px&#8221; header_4_text_shadow_horizontal_length_tablet=&#8221;0px&#8221; header_4_text_shadow_vertical_length_tablet=&#8221;0px&#8221; header_4_text_shadow_blur_strength_tablet=&#8221;1px&#8221; header_5_text_shadow_horizontal_length_tablet=&#8221;0px&#8221; header_5_text_shadow_vertical_length_tablet=&#8221;0px&#8221; header_5_text_shadow_blur_strength_tablet=&#8221;1px&#8221; header_6_text_shadow_horizontal_length_tablet=&#8221;0px&#8221; header_6_text_shadow_vertical_length_tablet=&#8221;0px&#8221; header_6_text_shadow_blur_strength_tablet=&#8221;1px&#8221; box_shadow_horizontal_tablet=&#8221;0px&#8221; box_shadow_vertical_tablet=&#8221;0px&#8221; box_shadow_blur_tablet=&#8221;40px&#8221; box_shadow_spread_tablet=&#8221;0px&#8221; global_colors_info=&#8221;{}&#8221;][\/et_pb_text][\/et_pb_column_inner][\/et_pb_row_inner][\/et_pb_column][et_pb_column type=&#8221;1_3&#8243; _builder_version=&#8221;4.16&#8243; custom_padding=&#8221;|||&#8221; global_colors_info=&#8221;{}&#8221; custom_padding__hover=&#8221;|||&#8221;][et_pb_sidebar area=&#8221;sidebar-1&#8243; module_class=&#8221;sivupalkki_sisalto&#8221; _builder_version=&#8221;4.16&#8243; locked=&#8221;on&#8221; global_colors_info=&#8221;{}&#8221;]<br \/>\n[\/et_pb_sidebar][\/et_pb_column][\/et_pb_section]<\/p>\n","protected":false},"excerpt":{"rendered":"<p>Peacebuilder ClubTurku Samppalinnan Rotaryklubi on Pohjoismaiden ensimm\u00e4inen Peacebuilder Klubi. Koulurauhaa ja koulurauhan julistusta! Koulukiusaamisen on loputtava! Turun Samppalinnan rotaryklubi ry:n hanke Koulurauhaa! alkoi 1.9.2023 ja p\u00e4\u00e4ttyi 30.5.2024.Vastuuhenkil\u00f6n\u00e4 oli Erja Vihervaara. Projektin muita j\u00e4seni\u00e4 olivat Risto Suviala, Matti Vetri\u00f6,Marcus Penttinen ja Eeva Nurminen.Turku Samppalinnan rotaryklubi haastoi Turun yl\u00e4koulujen oppilaat kampanjaan, jossa kiinnitettiinhuomio koulukiusaamisen v\u00e4hent\u00e4miseen. Halusimme kannustaa [&hellip;]<\/p>\n","protected":false},"author":201,"featured_media":0,"parent":77,"menu_order":0,"comment_status":"closed","ping_status":"closed","template":"","meta":{"_acf_changed":false,"_et_pb_use_builder":"on","_et_pb_old_content":"","_et_gb_content_width":"","footnotes":""},"class_list":["post-2409","page","type-page","status-publish","hentry"],"acf":[],"yoast_head":"<!-- This site is optimized with the Yoast SEO plugin v27.4 - https:\/\/yoast.com\/product\/yoast-seo-wordpress\/ -->\n<title>Peacebuilder Club - Turku Samppalinnan Rotaryklubi<\/title>\n<meta name=\"robots\" content=\"index, follow, max-snippet:-1, max-image-preview:large, max-video-preview:-1\" \/>\n<link rel=\"canonical\" href=\"https:\/\/rotary.fi\/turkusamppalinna\/mita-teemme\/peacebuilder-club\/\" \/>\n<meta property=\"og:locale\" content=\"fi_FI\" \/>\n<meta property=\"og:type\" content=\"article\" \/>\n<meta property=\"og:title\" content=\"Peacebuilder Club - Turku Samppalinnan Rotaryklubi\" \/>\n<meta property=\"og:description\" content=\"Peacebuilder ClubTurku Samppalinnan Rotaryklubi on Pohjoismaiden ensimm\u00e4inen Peacebuilder Klubi. Koulurauhaa ja koulurauhan julistusta! Koulukiusaamisen on loputtava! Turun Samppalinnan rotaryklubi ry:n hanke Koulurauhaa! alkoi 1.9.2023 ja p\u00e4\u00e4ttyi 30.5.2024.Vastuuhenkil\u00f6n\u00e4 oli Erja Vihervaara. Projektin muita j\u00e4seni\u00e4 olivat Risto Suviala, Matti Vetri\u00f6,Marcus Penttinen ja Eeva Nurminen.Turku Samppalinnan rotaryklubi haastoi Turun yl\u00e4koulujen oppilaat kampanjaan, jossa kiinnitettiinhuomio koulukiusaamisen v\u00e4hent\u00e4miseen. Halusimme kannustaa [&hellip;]\" \/>\n<meta property=\"og:url\" content=\"https:\/\/rotary.fi\/turkusamppalinna\/mita-teemme\/peacebuilder-club\/\" \/>\n<meta property=\"og:site_name\" content=\"Turku Samppalinnan Rotaryklubi\" \/>\n<meta property=\"article:modified_time\" content=\"2025-08-30T08:46:53+00:00\" \/>\n<meta property=\"og:image\" content=\"https:\/\/rotary.fi\/turkusamppalinna\/wp-content\/uploads\/sites\/114\/2024\/06\/koulurauha-stipendien-jako.jpg\" \/>\n\t<meta property=\"og:image:width\" content=\"1600\" \/>\n\t<meta property=\"og:image:height\" content=\"1200\" \/>\n\t<meta property=\"og:image:type\" content=\"image\/jpeg\" \/>\n<meta name=\"twitter:card\" content=\"summary_large_image\" \/>\n<meta name=\"twitter:label1\" content=\"Arvioitu lukuaika\" \/>\n\t<meta name=\"twitter:data1\" content=\"3 minuuttia\" \/>\n<script type=\"application\/ld+json\" class=\"yoast-schema-graph\">{\"@context\":\"https:\\\/\\\/schema.org\",\"@graph\":[{\"@type\":\"WebPage\",\"@id\":\"https:\\\/\\\/rotary.fi\\\/turkusamppalinna\\\/mita-teemme\\\/peacebuilder-club\\\/\",\"url\":\"https:\\\/\\\/rotary.fi\\\/turkusamppalinna\\\/mita-teemme\\\/peacebuilder-club\\\/\",\"name\":\"Peacebuilder Club - Turku Samppalinnan Rotaryklubi\",\"isPartOf\":{\"@id\":\"https:\\\/\\\/rotary.fi\\\/turkusamppalinna\\\/#website\"},\"primaryImageOfPage\":{\"@id\":\"https:\\\/\\\/rotary.fi\\\/turkusamppalinna\\\/mita-teemme\\\/peacebuilder-club\\\/#primaryimage\"},\"image\":{\"@id\":\"https:\\\/\\\/rotary.fi\\\/turkusamppalinna\\\/mita-teemme\\\/peacebuilder-club\\\/#primaryimage\"},\"thumbnailUrl\":\"https:\\\/\\\/rotary.fi\\\/turkusamppalinna\\\/wp-content\\\/uploads\\\/sites\\\/114\\\/2024\\\/06\\\/koulurauha-stipendien-jako-300x225.jpg\",\"datePublished\":\"2022-02-16T14:34:02+00:00\",\"dateModified\":\"2025-08-30T08:46:53+00:00\",\"breadcrumb\":{\"@id\":\"https:\\\/\\\/rotary.fi\\\/turkusamppalinna\\\/mita-teemme\\\/peacebuilder-club\\\/#breadcrumb\"},\"inLanguage\":\"fi\",\"potentialAction\":[{\"@type\":\"ReadAction\",\"target\":[\"https:\\\/\\\/rotary.fi\\\/turkusamppalinna\\\/mita-teemme\\\/peacebuilder-club\\\/\"]}]},{\"@type\":\"ImageObject\",\"inLanguage\":\"fi\",\"@id\":\"https:\\\/\\\/rotary.fi\\\/turkusamppalinna\\\/mita-teemme\\\/peacebuilder-club\\\/#primaryimage\",\"url\":\"https:\\\/\\\/rotary.fi\\\/turkusamppalinna\\\/wp-content\\\/uploads\\\/sites\\\/114\\\/2024\\\/06\\\/koulurauha-stipendien-jako.jpg\",\"contentUrl\":\"https:\\\/\\\/rotary.fi\\\/turkusamppalinna\\\/wp-content\\\/uploads\\\/sites\\\/114\\\/2024\\\/06\\\/koulurauha-stipendien-jako.jpg\",\"width\":1600,\"height\":1200},{\"@type\":\"BreadcrumbList\",\"@id\":\"https:\\\/\\\/rotary.fi\\\/turkusamppalinna\\\/mita-teemme\\\/peacebuilder-club\\\/#breadcrumb\",\"itemListElement\":[{\"@type\":\"ListItem\",\"position\":1,\"name\":\"Home\",\"item\":\"https:\\\/\\\/rotary.fi\\\/turkusamppalinna\\\/\"},{\"@type\":\"ListItem\",\"position\":2,\"name\":\"Mit\u00e4 teemme\",\"item\":\"https:\\\/\\\/rotary.fi\\\/turkusamppalinna\\\/mita-teemme\\\/\"},{\"@type\":\"ListItem\",\"position\":3,\"name\":\"Peacebuilder Club\"}]},{\"@type\":\"WebSite\",\"@id\":\"https:\\\/\\\/rotary.fi\\\/turkusamppalinna\\\/#website\",\"url\":\"https:\\\/\\\/rotary.fi\\\/turkusamppalinna\\\/\",\"name\":\"Turku Samppalinnan Rotaryklubi\",\"description\":\"Uusi Rotary klubisivusto\",\"potentialAction\":[{\"@type\":\"SearchAction\",\"target\":{\"@type\":\"EntryPoint\",\"urlTemplate\":\"https:\\\/\\\/rotary.fi\\\/turkusamppalinna\\\/?s={search_term_string}\"},\"query-input\":{\"@type\":\"PropertyValueSpecification\",\"valueRequired\":true,\"valueName\":\"search_term_string\"}}],\"inLanguage\":\"fi\"}]}<\/script>\n<!-- \/ Yoast SEO plugin. -->","yoast_head_json":{"title":"Peacebuilder Club - Turku Samppalinnan Rotaryklubi","robots":{"index":"index","follow":"follow","max-snippet":"max-snippet:-1","max-image-preview":"max-image-preview:large","max-video-preview":"max-video-preview:-1"},"canonical":"https:\/\/rotary.fi\/turkusamppalinna\/mita-teemme\/peacebuilder-club\/","og_locale":"fi_FI","og_type":"article","og_title":"Peacebuilder Club - Turku Samppalinnan Rotaryklubi","og_description":"Peacebuilder ClubTurku Samppalinnan Rotaryklubi on Pohjoismaiden ensimm\u00e4inen Peacebuilder Klubi. Koulurauhaa ja koulurauhan julistusta! Koulukiusaamisen on loputtava! Turun Samppalinnan rotaryklubi ry:n hanke Koulurauhaa! alkoi 1.9.2023 ja p\u00e4\u00e4ttyi 30.5.2024.Vastuuhenkil\u00f6n\u00e4 oli Erja Vihervaara. Projektin muita j\u00e4seni\u00e4 olivat Risto Suviala, Matti Vetri\u00f6,Marcus Penttinen ja Eeva Nurminen.Turku Samppalinnan rotaryklubi haastoi Turun yl\u00e4koulujen oppilaat kampanjaan, jossa kiinnitettiinhuomio koulukiusaamisen v\u00e4hent\u00e4miseen. Halusimme kannustaa [&hellip;]","og_url":"https:\/\/rotary.fi\/turkusamppalinna\/mita-teemme\/peacebuilder-club\/","og_site_name":"Turku Samppalinnan Rotaryklubi","article_modified_time":"2025-08-30T08:46:53+00:00","og_image":[{"width":1600,"height":1200,"url":"https:\/\/rotary.fi\/turkusamppalinna\/wp-content\/uploads\/sites\/114\/2024\/06\/koulurauha-stipendien-jako.jpg","type":"image\/jpeg"}],"twitter_card":"summary_large_image","twitter_misc":{"Arvioitu lukuaika":"3 minuuttia"},"schema":{"@context":"https:\/\/schema.org","@graph":[{"@type":"WebPage","@id":"https:\/\/rotary.fi\/turkusamppalinna\/mita-teemme\/peacebuilder-club\/","url":"https:\/\/rotary.fi\/turkusamppalinna\/mita-teemme\/peacebuilder-club\/","name":"Peacebuilder Club - Turku Samppalinnan Rotaryklubi","isPartOf":{"@id":"https:\/\/rotary.fi\/turkusamppalinna\/#website"},"primaryImageOfPage":{"@id":"https:\/\/rotary.fi\/turkusamppalinna\/mita-teemme\/peacebuilder-club\/#primaryimage"},"image":{"@id":"https:\/\/rotary.fi\/turkusamppalinna\/mita-teemme\/peacebuilder-club\/#primaryimage"},"thumbnailUrl":"https:\/\/rotary.fi\/turkusamppalinna\/wp-content\/uploads\/sites\/114\/2024\/06\/koulurauha-stipendien-jako-300x225.jpg","datePublished":"2022-02-16T14:34:02+00:00","dateModified":"2025-08-30T08:46:53+00:00","breadcrumb":{"@id":"https:\/\/rotary.fi\/turkusamppalinna\/mita-teemme\/peacebuilder-club\/#breadcrumb"},"inLanguage":"fi","potentialAction":[{"@type":"ReadAction","target":["https:\/\/rotary.fi\/turkusamppalinna\/mita-teemme\/peacebuilder-club\/"]}]},{"@type":"ImageObject","inLanguage":"fi","@id":"https:\/\/rotary.fi\/turkusamppalinna\/mita-teemme\/peacebuilder-club\/#primaryimage","url":"https:\/\/rotary.fi\/turkusamppalinna\/wp-content\/uploads\/sites\/114\/2024\/06\/koulurauha-stipendien-jako.jpg","contentUrl":"https:\/\/rotary.fi\/turkusamppalinna\/wp-content\/uploads\/sites\/114\/2024\/06\/koulurauha-stipendien-jako.jpg","width":1600,"height":1200},{"@type":"BreadcrumbList","@id":"https:\/\/rotary.fi\/turkusamppalinna\/mita-teemme\/peacebuilder-club\/#breadcrumb","itemListElement":[{"@type":"ListItem","position":1,"name":"Home","item":"https:\/\/rotary.fi\/turkusamppalinna\/"},{"@type":"ListItem","position":2,"name":"Mit\u00e4 teemme","item":"https:\/\/rotary.fi\/turkusamppalinna\/mita-teemme\/"},{"@type":"ListItem","position":3,"name":"Peacebuilder Club"}]},{"@type":"WebSite","@id":"https:\/\/rotary.fi\/turkusamppalinna\/#website","url":"https:\/\/rotary.fi\/turkusamppalinna\/","name":"Turku Samppalinnan Rotaryklubi","description":"Uusi Rotary klubisivusto","potentialAction":[{"@type":"SearchAction","target":{"@type":"EntryPoint","urlTemplate":"https:\/\/rotary.fi\/turkusamppalinna\/?s={search_term_string}"},"query-input":{"@type":"PropertyValueSpecification","valueRequired":true,"valueName":"search_term_string"}}],"inLanguage":"fi"}]}},"lang":"fi","translations":{"fi":2409},"pll_sync_post":[],"_links":{"self":[{"href":"https:\/\/rotary.fi\/turkusamppalinna\/wp-json\/wp\/v2\/pages\/2409","targetHints":{"allow":["GET"]}}],"collection":[{"href":"https:\/\/rotary.fi\/turkusamppalinna\/wp-json\/wp\/v2\/pages"}],"about":[{"href":"https:\/\/rotary.fi\/turkusamppalinna\/wp-json\/wp\/v2\/types\/page"}],"author":[{"embeddable":true,"href":"https:\/\/rotary.fi\/turkusamppalinna\/wp-json\/wp\/v2\/users\/201"}],"replies":[{"embeddable":true,"href":"https:\/\/rotary.fi\/turkusamppalinna\/wp-json\/wp\/v2\/comments?post=2409"}],"version-history":[{"count":10,"href":"https:\/\/rotary.fi\/turkusamppalinna\/wp-json\/wp\/v2\/pages\/2409\/revisions"}],"predecessor-version":[{"id":3458,"href":"https:\/\/rotary.fi\/turkusamppalinna\/wp-json\/wp\/v2\/pages\/2409\/revisions\/3458"}],"up":[{"embeddable":true,"href":"https:\/\/rotary.fi\/turkusamppalinna\/wp-json\/wp\/v2\/pages\/77"}],"wp:attachment":[{"href":"https:\/\/rotary.fi\/turkusamppalinna\/wp-json\/wp\/v2\/media?parent=2409"}],"curies":[{"name":"wp","href":"https:\/\/api.w.org\/{rel}","templated":true}]}}