{"id":2015,"date":"2024-07-10T14:39:17","date_gmt":"2024-07-10T11:39:17","guid":{"rendered":"https:\/\/rotary.fi\/turkuaboanova\/?page_id=2015"},"modified":"2025-12-10T09:47:26","modified_gmt":"2025-12-10T07:47:26","slug":"kevatkauden-2025-ohjelma","status":"publish","type":"page","link":"https:\/\/rotary.fi\/turkuaboanova\/kevatkauden-2025-ohjelma\/","title":{"rendered":"Syyskauden 2025 ohjelma"},"content":{"rendered":"<p>[et_pb_section fb_built=&#8221;1&#8243; admin_label=&#8221;section&#8221; _builder_version=&#8221;4.16&#8243; global_colors_info=&#8221;{}&#8221;][et_pb_row admin_label=&#8221;row&#8221; _builder_version=&#8221;4.16&#8243; background_size=&#8221;initial&#8221; background_position=&#8221;top_left&#8221; background_repeat=&#8221;repeat&#8221; global_colors_info=&#8221;{}&#8221;][et_pb_column type=&#8221;4_4&#8243; _builder_version=&#8221;4.16&#8243; custom_padding=&#8221;|||&#8221; global_colors_info=&#8221;{}&#8221; custom_padding__hover=&#8221;|||&#8221;][et_pb_text admin_label=&#8221;Text&#8221; _builder_version=&#8221;4.16&#8243; background_size=&#8221;initial&#8221; background_position=&#8221;top_left&#8221; background_repeat=&#8221;repeat&#8221; global_colors_info=&#8221;{}&#8221;]<\/p>\n<p>\u00a0* hallitus<\/p>\n<table width=\"770\" style=\"width: 918px\">\n<tbody>\n<tr>\n<td width=\"64\" style=\"width: 84px\">12.1.<\/td>\n<td width=\"64\" style=\"width: 89px\">*<\/td>\n<td width=\"281\" style=\"width: 348px\">Aloituskokous, DG Matti Hakoilan vierailu<\/td>\n<td width=\"64\" style=\"width: 186px\">Suomalainen Pohja<\/td>\n<td width=\"219\" style=\"width: 211px\"><\/td>\n<\/tr>\n<tr>\n<td style=\"width: 84px\">19.1.<\/td>\n<td style=\"width: 89px\"><\/td>\n<td style=\"width: 348px\">Vaihto-oppilas Iina Lavosen vierailu<\/td>\n<td style=\"width: 186px\">Suomalainen Pohja<\/td>\n<td style=\"width: 211px\"><\/td>\n<\/tr>\n<tr>\n<td style=\"width: 84px\">26.1.<\/td>\n<td style=\"width: 89px\"><\/td>\n<td style=\"width: 348px\">Rotaryn rauhanty\u00f6, PDG Risto Suviala<\/td>\n<td style=\"width: 186px\">Suomalainen Pohja<\/td>\n<td style=\"width: 211px\"><\/td>\n<\/tr>\n<tr>\n<td style=\"width: 84px\">2.2.<\/td>\n<td style=\"width: 89px\">*<\/td>\n<td style=\"width: 348px\">Puhetta yksin\u00e4isyydest\u00e4, vastaava koordinaattori Katja Tujunen, Tukenasi ry<\/td>\n<td style=\"width: 186px\">Suomalainen Pohja<\/td>\n<td style=\"width: 211px\"><\/td>\n<\/tr>\n<tr>\n<td style=\"width: 84px\">9.2.<\/td>\n<td style=\"width: 89px\"><\/td>\n<td style=\"width: 348px\">Yritysvierailu Alania Market, avec<\/td>\n<td style=\"width: 186px\">It\u00e4kaari 30<\/td>\n<td style=\"width: 211px\"><\/td>\n<\/tr>\n<tr>\n<td style=\"width: 84px\">16.2.<\/td>\n<td style=\"width: 89px\"><\/td>\n<td style=\"width: 348px\">Monikulttuurisuusneuvosto<\/td>\n<td style=\"width: 186px\"><\/td>\n<td style=\"width: 211px\"><\/td>\n<\/tr>\n<tr>\n<td style=\"width: 84px\">23.2.<\/td>\n<td style=\"width: 89px\"><\/td>\n<td style=\"width: 348px\">Intohimona Matikka! Rehtori emerita Maarit Rossi, yksi maailman 10 parhaan opettajan joukkoon nimetty, EO Paths to Math ja Fesin Oy hallituksen pj<\/td>\n<td style=\"width: 186px\">Suomalainen Pohja<\/td>\n<td style=\"width: 211px\"><\/td>\n<\/tr>\n<tr>\n<td style=\"width: 84px\">2.3.<\/td>\n<td style=\"width: 89px\"><\/td>\n<td style=\"width: 348px\">International House of Turku<\/td>\n<td style=\"width: 186px\">Monitori Turku, Aurakatu 8<\/td>\n<td style=\"width: 211px\"><\/td>\n<\/tr>\n<tr>\n<td style=\"width: 84px\">9.3.\u00a0 \u00a0\u00a0<\/td>\n<td style=\"width: 89px\">*<\/td>\n<td style=\"width: 348px\">Partiolippukunta Nuotiotyt\u00f6t, Katariina Tomberg<\/td>\n<td style=\"width: 186px\">Suomalainen Pohja<\/td>\n<td style=\"width: 211px\">\u00a0<\/td>\n<\/tr>\n<tr>\n<td style=\"width: 84px\">16.3.<\/td>\n<td style=\"width: 89px\"><\/td>\n<td style=\"width: 348px\">Uudistuva Satama, Kim S\u00f6derstr\u00f6m, Sataman talous- ja hallintojohtaja<\/td>\n<td style=\"width: 186px\">Suomalainen Pohja<\/td>\n<td style=\"width: 211px\"><\/td>\n<\/tr>\n<tr>\n<td style=\"width: 84px\">23.3.<\/td>\n<td style=\"width: 89px\"><\/td>\n<td style=\"width: 348px\">Pyh\u00e4n Henrikin Ekumeeninen Taidekappeli, avec<\/td>\n<td style=\"width: 186px\">Seiskarinkatu 35<\/td>\n<td width=\"219\" style=\"width: 211px\"><\/td>\n<\/tr>\n<tr>\n<td style=\"width: 84px\">30.3.<\/td>\n<td style=\"width: 89px\"><\/td>\n<td style=\"width: 348px\">SPR Yst\u00e4v\u00e4toiminta, Tuula Paakkola<\/td>\n<td style=\"width: 186px\">Suomalainen Pohja<\/td>\n<td style=\"width: 211px\"><\/td>\n<\/tr>\n<tr>\n<td style=\"width: 84px\">13.4.<\/td>\n<td style=\"width: 89px\">*<\/td>\n<td style=\"width: 348px\">Syksyn ohjelman suunnittelua<\/td>\n<td style=\"width: 186px\">Suomalainen Pohja<\/td>\n<td style=\"width: 211px\"><\/td>\n<\/tr>\n<tr>\n<td style=\"width: 84px\">20.4.<\/td>\n<td style=\"width: 89px\"><\/td>\n<td style=\"width: 348px\">Pansion laivastotukikohta, esikuntamestari, ylipursimies Jarno Kuivala<\/td>\n<td style=\"width: 186px\">Ent. meriupseerikerho, Laivastontie 2<\/td>\n<td style=\"width: 211px\"><\/td>\n<\/tr>\n<tr>\n<td style=\"width: 84px\">27.4.<\/td>\n<td style=\"width: 89px\"><\/td>\n<td style=\"width: 348px\">Levande tv\u00e5spr\u00e5kighet, teemalla &#8221;P\u00e5cka ruotsi&#8221;, projektip\u00e4\u00e4llikk\u00f6 Maria Olin, avec<\/td>\n<td style=\"width: 186px\">Suomalainen Pohja<\/td>\n<td style=\"width: 211px\"><\/td>\n<\/tr>\n<tr>\n<td style=\"width: 84px\">4.5.<\/td>\n<td style=\"width: 89px\">*<\/td>\n<td style=\"width: 348px\">Kev\u00e4tkokous<\/td>\n<td style=\"width: 186px\">Suomalainen Pohja<\/td>\n<td style=\"width: 211px\"><\/td>\n<\/tr>\n<tr>\n<td style=\"width: 84px\">11.5.<\/td>\n<td style=\"width: 89px\"><\/td>\n<td style=\"width: 348px\">Kes\u00e4vaihto-oppilaat<\/td>\n<td style=\"width: 186px\">Suomalainen Pohja<\/td>\n<td style=\"width: 211px\"><\/td>\n<\/tr>\n<tr>\n<td style=\"width: 84px\">18.5.<\/td>\n<td style=\"width: 89px\"><\/td>\n<td style=\"width: 348px\">Turun Kahvipaahtimo<\/td>\n<td style=\"width: 186px\"><\/td>\n<td style=\"width: 211px\"><\/td>\n<\/tr>\n<tr>\n<td style=\"width: 84px\">25.5.<\/td>\n<td style=\"width: 89px\"><\/td>\n<td style=\"width: 348px\">Turku k\u00e4vely, avec<\/td>\n<td style=\"width: 186px\"><\/td>\n<td style=\"width: 211px\"><\/td>\n<\/tr>\n<tr>\n<td style=\"width: 84px\">1.6<\/td>\n<td style=\"width: 89px\"><\/td>\n<td style=\"width: 348px\">Portsakodin kev\u00e4ttapahtuma<\/td>\n<td style=\"width: 186px\">\n<p>Portsakoti<\/p>\n<p>&nbsp;<\/p>\n<\/td>\n<td style=\"width: 211px\"><\/td>\n<\/tr>\n<tr>\n<td style=\"width: 84px\">8.6<\/td>\n<td style=\"width: 89px\">*<\/td>\n<td width=\"388\" style=\"width: 348px\">Vaihtokokous<\/td>\n<td style=\"width: 186px\">T.B.A<\/td>\n<td style=\"width: 211px\"><\/td>\n<\/tr>\n<tr>\n<td style=\"width: 84px\"><\/td>\n<td style=\"width: 89px\"><\/td>\n<td width=\"388\" style=\"width: 348px\"><\/td>\n<td style=\"width: 186px\"><\/td>\n<td style=\"width: 211px\"><\/td>\n<\/tr>\n<tr>\n<td style=\"width: 84px\"><\/td>\n<td style=\"width: 89px\"><\/td>\n<td width=\"388\" style=\"width: 348px\"><\/td>\n<td style=\"width: 186px\"><\/td>\n<td style=\"width: 211px\"><\/td>\n<\/tr>\n<tr>\n<td style=\"width: 84px\"><\/td>\n<td style=\"width: 89px\"><\/td>\n<td width=\"388\" style=\"width: 348px\"><\/td>\n<td style=\"width: 186px\"><\/td>\n<td style=\"width: 211px\"><\/td>\n<\/tr>\n<tr>\n<td style=\"width: 84px\"><\/td>\n<td style=\"width: 89px\"><\/td>\n<td width=\"388\" style=\"width: 348px\"><\/td>\n<td style=\"width: 186px\"><\/td>\n<td style=\"width: 211px\"><\/td>\n<\/tr>\n<tr>\n<td style=\"width: 84px\"><\/td>\n<td style=\"width: 89px\"><\/td>\n<td width=\"388\" style=\"width: 348px\"><\/td>\n<td style=\"width: 186px\"><\/td>\n<td style=\"width: 211px\"><\/td>\n<\/tr>\n<tr>\n<td style=\"width: 84px\"><\/td>\n<td style=\"width: 89px\"><\/td>\n<td width=\"388\" style=\"width: 348px\"><\/td>\n<td style=\"width: 186px\"><\/td>\n<td style=\"width: 211px\"><\/td>\n<\/tr>\n<\/tbody>\n<\/table>\n<p>*<\/p>\n<p>[\/et_pb_text][\/et_pb_column][\/et_pb_row][\/et_pb_section]<\/p>\n","protected":false},"excerpt":{"rendered":"<p>\u00a0* hallitus 12.1. * Aloituskokous, DG Matti Hakoilan vierailu Suomalainen Pohja 19.1. Vaihto-oppilas Iina Lavosen vierailu Suomalainen Pohja 26.1. Rotaryn rauhanty\u00f6, PDG Risto Suviala Suomalainen Pohja 2.2. * Puhetta yksin\u00e4isyydest\u00e4, vastaava koordinaattori Katja Tujunen, Tukenasi ry Suomalainen Pohja 9.2. Yritysvierailu Alania Market, avec It\u00e4kaari 30 16.2. Monikulttuurisuusneuvosto 23.2. Intohimona Matikka! Rehtori emerita Maarit Rossi, yksi [&hellip;]<\/p>\n","protected":false},"author":140,"featured_media":0,"parent":0,"menu_order":0,"comment_status":"closed","ping_status":"closed","template":"","meta":{"_acf_changed":false,"_et_pb_use_builder":"on","_et_pb_old_content":"<table width=\"770\">\r\n<tbody>\r\n<tr>\r\n<td width=\"51\">19.8.<\/td>\r\n<td width=\"69\">*<\/td>\r\n<td width=\"388\">Aloituskokous<\/td>\r\n<td width=\"43\"><\/td>\r\n<td width=\"219\">Panimoravintola Koulu<\/td>\r\n<\/tr>\r\n<tr>\r\n<td>26.8.<\/td>\r\n<td><\/td>\r\n<td>Vaihto-oppilaat vierailulla<\/td>\r\n<td><\/td>\r\n<td>Suomalainen Pohja<\/td>\r\n<\/tr>\r\n<tr>\r\n<td>2.9.<\/td>\r\n<td><\/td>\r\n<td width=\"388\">Marko M\u00e4nnik\u00f6n egoesitelma<\/td>\r\n<td><\/td>\r\n<td>Suomalainen Pohja<\/td>\r\n<\/tr>\r\n<tr>\r\n<td>9.9.<\/td>\r\n<td>*<\/td>\r\n<td width=\"388\">AG Erja Vihervaaran\u00a0 vierailu<\/td>\r\n<td><\/td>\r\n<td>Suomalainen Pohja<\/td>\r\n<\/tr>\r\n<tr>\r\n<td>ti 17.9.<\/td>\r\n<td>*<\/td>\r\n<td width=\"388\">DG Ilkka H\u00e4klin vierailu<\/td>\r\n<td><\/td>\r\n<td>Suomalainen Pohja<\/td>\r\n<\/tr>\r\n<tr>\r\n<td>23.9.<\/td>\r\n<td width=\"69\"><\/td>\r\n<td width=\"388\">Monica Tammisen egoesitelm\u00e4<\/td>\r\n<td><\/td>\r\n<td>Suomalainen Pohja<\/td>\r\n<\/tr>\r\n<tr>\r\n<td>30.9.<\/td>\r\n<td><\/td>\r\n<td width=\"388\">Raision Puusep\u00e4t<\/td>\r\n<td><\/td>\r\n<td>Kuninkaanv\u00e4yl\u00e4 32<\/td>\r\n<\/tr>\r\n<tr>\r\n<td>7.10.<\/td>\r\n<td>*<\/td>\r\n<td width=\"388\">Syyskokous<\/td>\r\n<td><\/td>\r\n<td>Suomalainen Pohja<\/td>\r\n<\/tr>\r\n<tr>\r\n<td>14.10.<\/td>\r\n<td><\/td>\r\n<td width=\"388\">Keilailua syysloman ratoksi<\/td>\r\n<td>avec<\/td>\r\n<td>Bowler, Yliopistonkatu 29<\/td>\r\n<\/tr>\r\n<tr>\r\n<td>21.10.<\/td>\r\n<td><\/td>\r\n<td width=\"388\">Ajankohtaista teko\u00e4lyst\u00e4<\/td>\r\n<td><\/td>\r\n<td>Suomalainen Pohja<\/td>\r\n<\/tr>\r\n<tr>\r\n<td>28.10.<\/td>\r\n<td><\/td>\r\n<td>Poikien talo<\/td>\r\n<td><\/td>\r\n<td width=\"219\">Nuorten taide- ja toimintatalo Vimma, 3 . Krs<\/td>\r\n<\/tr>\r\n<tr>\r\n<td>4.11.<\/td>\r\n<td>*<\/td>\r\n<td width=\"388\">Kev\u00e4tkauden ohjelman suunnittelua<\/td>\r\n<td><\/td>\r\n<td>Suomalainen Pohja<\/td>\r\n<\/tr>\r\n<tr>\r\n<td>14.11.<\/td>\r\n<td>to klo 19<\/td>\r\n<td width=\"388\">TFOn konsertti: Hyv\u00e4ss\u00e4 ja pahassa<\/td>\r\n<td>avec<\/td>\r\n<td>Turun konsertittalo<\/td>\r\n<\/tr>\r\n<tr>\r\n<td>18.11.<\/td>\r\n<td><\/td>\r\n<td>Taikuutta esittelee Marko Poskiparta<\/td>\r\n<td><\/td>\r\n<td>Suomalainen Pohja<\/td>\r\n<\/tr>\r\n<tr>\r\n<td>22.11.klo 18<\/td>\r\n<td>pe klo 18<\/td>\r\n<td>Paint & Wine<\/td>\r\n<td><\/td>\r\n<td>Teerenpeli<\/td>\r\n<\/tr>\r\n<tr>\r\n<td>2.12.<\/td>\r\n<td><\/td>\r\n<td width=\"388\">Portsakodin joulu<\/td>\r\n<td><\/td>\r\n<td>Portsakoti<\/td>\r\n<\/tr>\r\n<tr>\r\n<td>9.12.<\/td>\r\n<td>*<\/td>\r\n<td width=\"388\">Jouluateria<\/td>\r\n<td><\/td>\r\n<td>Suomalainen Pohja<\/td>\r\n<\/tr>\r\n<tr>\r\n<td>19.12.<\/td>\r\n<td><\/td>\r\n<td width=\"388\">Intercity-tilaisuus: Joulukonsertti<\/td>\r\n<td>avec<\/td>\r\n<td>Turun tuomiokirkko<\/td>\r\n<\/tr>\r\n<tr>\r\n<td><\/td>\r\n<td><\/td>\r\n<td width=\"388\"><\/td>\r\n<td><\/td>\r\n<td><\/td>\r\n<\/tr>\r\n<tr>\r\n<td><\/td>\r\n<td><\/td>\r\n<td width=\"388\">Muita tapahtumia:<\/td>\r\n<td><\/td>\r\n<td><\/td>\r\n<\/tr>\r\n<tr>\r\n<td><\/td>\r\n<td><\/td>\r\n<td width=\"388\">Syyskuu Peruskurssi<\/td>\r\n<td><\/td>\r\n<td><\/td>\r\n<\/tr>\r\n<tr>\r\n<td><\/td>\r\n<td><\/td>\r\n<td width=\"388\">5.10. RLI-koulutus 1, Laitila<\/td>\r\n<td><\/td>\r\n<td><\/td>\r\n<\/tr>\r\n<tr>\r\n<td><\/td>\r\n<td><\/td>\r\n<td width=\"388\">12.10. Syysseminaari ja piirikokous, Sastamala<\/td>\r\n<td><\/td>\r\n<td><\/td>\r\n<\/tr>\r\n<tr>\r\n<td><\/td>\r\n<td><\/td>\r\n<td width=\"388\">17.10. Asunnottomien y\u00f6<\/td>\r\n<td><\/td>\r\n<td><\/td>\r\n<\/tr>\r\n<tr>\r\n<td><\/td>\r\n<td><\/td>\r\n<td width=\"388\">26.10. RLI-koulutus 2, Laitila<\/td>\r\n<td><\/td>\r\n<td><\/td>\r\n<\/tr>\r\n<tr>\r\n<td><\/td>\r\n<td><\/td>\r\n<td width=\"388\">26. - 27.10. RYLA-koulutus, Ruissalon kylpyl\u00e4<\/td>\r\n<td><\/td>\r\n<td><\/td>\r\n<\/tr>\r\n<tr>\r\n<td><\/td>\r\n<td><\/td>\r\n<td width=\"388\">16.11. RLI-koulutus 3, Laitila<\/td>\r\n<td><\/td>\r\n<td><\/td>\r\n<\/tr>\r\n<\/tbody>\r\n<\/table>","_et_gb_content_width":"","footnotes":""},"class_list":["post-2015","page","type-page","status-publish","hentry"],"acf":[],"yoast_head":"<!-- This site is optimized with the Yoast SEO plugin v27.0 - https:\/\/yoast.com\/product\/yoast-seo-wordpress\/ -->\n<title>Syyskauden 2025 ohjelma - Turku Aboa Nova<\/title>\n<meta name=\"robots\" content=\"index, follow, max-snippet:-1, max-image-preview:large, max-video-preview:-1\" \/>\n<link rel=\"canonical\" href=\"https:\/\/rotary.fi\/turkuaboanova\/kevatkauden-2025-ohjelma\/\" \/>\n<meta property=\"og:locale\" content=\"fi_FI\" \/>\n<meta property=\"og:type\" content=\"article\" \/>\n<meta property=\"og:title\" content=\"Syyskauden 2025 ohjelma - Turku Aboa Nova\" \/>\n<meta property=\"og:description\" content=\"\u00a0* hallitus 12.1. * Aloituskokous, DG Matti Hakoilan vierailu Suomalainen Pohja 19.1. Vaihto-oppilas Iina Lavosen vierailu Suomalainen Pohja 26.1. Rotaryn rauhanty\u00f6, PDG Risto Suviala Suomalainen Pohja 2.2. * Puhetta yksin\u00e4isyydest\u00e4, vastaava koordinaattori Katja Tujunen, Tukenasi ry Suomalainen Pohja 9.2. Yritysvierailu Alania Market, avec It\u00e4kaari 30 16.2. Monikulttuurisuusneuvosto 23.2. Intohimona Matikka! Rehtori emerita Maarit Rossi, yksi [&hellip;]\" \/>\n<meta property=\"og:url\" content=\"https:\/\/rotary.fi\/turkuaboanova\/kevatkauden-2025-ohjelma\/\" \/>\n<meta property=\"og:site_name\" content=\"Turku Aboa Nova\" \/>\n<meta property=\"article:modified_time\" content=\"2025-12-10T07:47:26+00:00\" \/>\n<meta name=\"twitter:card\" content=\"summary_large_image\" \/>\n<meta name=\"twitter:label1\" content=\"Arvioitu lukuaika\" \/>\n\t<meta name=\"twitter:data1\" content=\"1 minuutti\" \/>\n<script type=\"application\/ld+json\" class=\"yoast-schema-graph\">{\"@context\":\"https:\/\/schema.org\",\"@graph\":[{\"@type\":\"WebPage\",\"@id\":\"https:\/\/rotary.fi\/turkuaboanova\/kevatkauden-2025-ohjelma\/\",\"url\":\"https:\/\/rotary.fi\/turkuaboanova\/kevatkauden-2025-ohjelma\/\",\"name\":\"Syyskauden 2025 ohjelma - Turku Aboa Nova\",\"isPartOf\":{\"@id\":\"https:\/\/rotary.fi\/turkuaboanova\/#website\"},\"datePublished\":\"2024-07-10T11:39:17+00:00\",\"dateModified\":\"2025-12-10T07:47:26+00:00\",\"breadcrumb\":{\"@id\":\"https:\/\/rotary.fi\/turkuaboanova\/kevatkauden-2025-ohjelma\/#breadcrumb\"},\"inLanguage\":\"fi\",\"potentialAction\":[{\"@type\":\"ReadAction\",\"target\":[\"https:\/\/rotary.fi\/turkuaboanova\/kevatkauden-2025-ohjelma\/\"]}]},{\"@type\":\"BreadcrumbList\",\"@id\":\"https:\/\/rotary.fi\/turkuaboanova\/kevatkauden-2025-ohjelma\/#breadcrumb\",\"itemListElement\":[{\"@type\":\"ListItem\",\"position\":1,\"name\":\"Home\",\"item\":\"https:\/\/rotary.fi\/turkuaboanova\/\"},{\"@type\":\"ListItem\",\"position\":2,\"name\":\"Syyskauden 2025 ohjelma\"}]},{\"@type\":\"WebSite\",\"@id\":\"https:\/\/rotary.fi\/turkuaboanova\/#website\",\"url\":\"https:\/\/rotary.fi\/turkuaboanova\/\",\"name\":\"Turku Aboa Nova\",\"description\":\"Uusi Rotary klubisivusto\",\"potentialAction\":[{\"@type\":\"SearchAction\",\"target\":{\"@type\":\"EntryPoint\",\"urlTemplate\":\"https:\/\/rotary.fi\/turkuaboanova\/?s={search_term_string}\"},\"query-input\":{\"@type\":\"PropertyValueSpecification\",\"valueRequired\":true,\"valueName\":\"search_term_string\"}}],\"inLanguage\":\"fi\"}]}<\/script>\n<!-- \/ Yoast SEO plugin. -->","yoast_head_json":{"title":"Syyskauden 2025 ohjelma - Turku Aboa Nova","robots":{"index":"index","follow":"follow","max-snippet":"max-snippet:-1","max-image-preview":"max-image-preview:large","max-video-preview":"max-video-preview:-1"},"canonical":"https:\/\/rotary.fi\/turkuaboanova\/kevatkauden-2025-ohjelma\/","og_locale":"fi_FI","og_type":"article","og_title":"Syyskauden 2025 ohjelma - Turku Aboa Nova","og_description":"\u00a0* hallitus 12.1. * Aloituskokous, DG Matti Hakoilan vierailu Suomalainen Pohja 19.1. Vaihto-oppilas Iina Lavosen vierailu Suomalainen Pohja 26.1. Rotaryn rauhanty\u00f6, PDG Risto Suviala Suomalainen Pohja 2.2. * Puhetta yksin\u00e4isyydest\u00e4, vastaava koordinaattori Katja Tujunen, Tukenasi ry Suomalainen Pohja 9.2. Yritysvierailu Alania Market, avec It\u00e4kaari 30 16.2. Monikulttuurisuusneuvosto 23.2. Intohimona Matikka! Rehtori emerita Maarit Rossi, yksi [&hellip;]","og_url":"https:\/\/rotary.fi\/turkuaboanova\/kevatkauden-2025-ohjelma\/","og_site_name":"Turku Aboa Nova","article_modified_time":"2025-12-10T07:47:26+00:00","twitter_card":"summary_large_image","twitter_misc":{"Arvioitu lukuaika":"1 minuutti"},"schema":{"@context":"https:\/\/schema.org","@graph":[{"@type":"WebPage","@id":"https:\/\/rotary.fi\/turkuaboanova\/kevatkauden-2025-ohjelma\/","url":"https:\/\/rotary.fi\/turkuaboanova\/kevatkauden-2025-ohjelma\/","name":"Syyskauden 2025 ohjelma - Turku Aboa Nova","isPartOf":{"@id":"https:\/\/rotary.fi\/turkuaboanova\/#website"},"datePublished":"2024-07-10T11:39:17+00:00","dateModified":"2025-12-10T07:47:26+00:00","breadcrumb":{"@id":"https:\/\/rotary.fi\/turkuaboanova\/kevatkauden-2025-ohjelma\/#breadcrumb"},"inLanguage":"fi","potentialAction":[{"@type":"ReadAction","target":["https:\/\/rotary.fi\/turkuaboanova\/kevatkauden-2025-ohjelma\/"]}]},{"@type":"BreadcrumbList","@id":"https:\/\/rotary.fi\/turkuaboanova\/kevatkauden-2025-ohjelma\/#breadcrumb","itemListElement":[{"@type":"ListItem","position":1,"name":"Home","item":"https:\/\/rotary.fi\/turkuaboanova\/"},{"@type":"ListItem","position":2,"name":"Syyskauden 2025 ohjelma"}]},{"@type":"WebSite","@id":"https:\/\/rotary.fi\/turkuaboanova\/#website","url":"https:\/\/rotary.fi\/turkuaboanova\/","name":"Turku Aboa Nova","description":"Uusi Rotary klubisivusto","potentialAction":[{"@type":"SearchAction","target":{"@type":"EntryPoint","urlTemplate":"https:\/\/rotary.fi\/turkuaboanova\/?s={search_term_string}"},"query-input":{"@type":"PropertyValueSpecification","valueRequired":true,"valueName":"search_term_string"}}],"inLanguage":"fi"}]}},"lang":"fi","translations":{"fi":2015},"pll_sync_post":[],"_links":{"self":[{"href":"https:\/\/rotary.fi\/turkuaboanova\/wp-json\/wp\/v2\/pages\/2015","targetHints":{"allow":["GET"]}}],"collection":[{"href":"https:\/\/rotary.fi\/turkuaboanova\/wp-json\/wp\/v2\/pages"}],"about":[{"href":"https:\/\/rotary.fi\/turkuaboanova\/wp-json\/wp\/v2\/types\/page"}],"author":[{"embeddable":true,"href":"https:\/\/rotary.fi\/turkuaboanova\/wp-json\/wp\/v2\/users\/140"}],"replies":[{"embeddable":true,"href":"https:\/\/rotary.fi\/turkuaboanova\/wp-json\/wp\/v2\/comments?post=2015"}],"version-history":[{"count":10,"href":"https:\/\/rotary.fi\/turkuaboanova\/wp-json\/wp\/v2\/pages\/2015\/revisions"}],"predecessor-version":[{"id":2732,"href":"https:\/\/rotary.fi\/turkuaboanova\/wp-json\/wp\/v2\/pages\/2015\/revisions\/2732"}],"wp:attachment":[{"href":"https:\/\/rotary.fi\/turkuaboanova\/wp-json\/wp\/v2\/media?parent=2015"}],"curies":[{"name":"wp","href":"https:\/\/api.w.org\/{rel}","templated":true}]}}