{"id":179,"date":"2018-08-13T10:43:11","date_gmt":"2018-08-13T07:43:11","guid":{"rendered":"https:\/\/rotary.fi\/turkuaboanova\/?page_id=179"},"modified":"2025-09-24T11:46:05","modified_gmt":"2025-09-24T08:46:05","slug":"ryla-johtajuuskoulutus-nuorille","status":"publish","type":"page","link":"https:\/\/rotary.fi\/turkuaboanova\/tule-mukaan\/ryla-johtajuuskoulutus-nuorille\/","title":{"rendered":"RYLA &#8211; Johtajuuskoulutus nuorille"},"content":{"rendered":"<p>[et_pb_section fb_built=&#8221;1&#8243; module_class=&#8221;jumbotron-page&#8221; _builder_version=&#8221;4.27.4&#8243; background_image=&#8221;https:\/\/rotary.fi\/turkuaboanova\/wp-content\/uploads\/sites\/112\/2025\/09\/464865832-985998996893758-8536551192313154324-n-2-1.jpg&#8221; hover_enabled=&#8221;0&#8243; global_colors_info=&#8221;{}&#8221; title_text=&#8221;464865832-985998996893758-8536551192313154324-n-2-1&#8243; sticky_enabled=&#8221;0&#8243;][et_pb_row _builder_version=&#8221;4.16&#8243; background_size=&#8221;initial&#8221; background_position=&#8221;top_left&#8221; background_repeat=&#8221;repeat&#8221; min_height=&#8221;298px&#8221; global_colors_info=&#8221;{}&#8221;][et_pb_column type=&#8221;4_4&#8243; _builder_version=&#8221;4.16&#8243; custom_padding=&#8221;|||&#8221; global_colors_info=&#8221;{}&#8221; custom_padding__hover=&#8221;|||&#8221;][et_pb_text admin_label=&#8221;P\u00e4\u00e4otsikko&#8221; _builder_version=&#8221;4.16&#8243; text_orientation=&#8221;center&#8221; background_layout=&#8221;dark&#8221; global_colors_info=&#8221;{}&#8221;]<\/p>\n<h1>RYLA<\/h1>\n<p>[\/et_pb_text][\/et_pb_column][\/et_pb_row][\/et_pb_section][et_pb_section fb_built=&#8221;1&#8243; specialty=&#8221;on&#8221; module_class_2=&#8221;sivupalkki&#8221; _builder_version=&#8221;4.16&#8243; custom_padding=&#8221;||31px|||&#8221; global_colors_info=&#8221;{}&#8221;][et_pb_column type=&#8221;2_3&#8243; specialty_columns=&#8221;2&#8243; _builder_version=&#8221;4.16&#8243; custom_padding=&#8221;|||&#8221; global_colors_info=&#8221;{}&#8221; parallax__hover=&#8221;off&#8221; parallax_method__hover=&#8221;on&#8221; custom_padding__hover=&#8221;|||&#8221;][et_pb_row_inner admin_label=&#8221;Rivi&#8221; _builder_version=&#8221;4.16&#8243; global_colors_info=&#8221;{}&#8221;][et_pb_column_inner saved_specialty_column_type=&#8221;2_3&#8243; _builder_version=&#8221;4.16&#8243; custom_padding=&#8221;|||&#8221; global_colors_info=&#8221;{}&#8221; parallax__hover=&#8221;off&#8221; parallax_method__hover=&#8221;on&#8221; custom_padding__hover=&#8221;|||&#8221;][et_pb_text admin_label=&#8221;Otsikko ennen teksti\u00e4&#8221; _builder_version=&#8221;4.16&#8243; text_orientation=&#8221;center&#8221; global_colors_info=&#8221;{}&#8221;]<\/p>\n<h1>RYLA &#8211;<br \/>\nJohtajuuskoulutusta nuorille<\/h1>\n<p>[\/et_pb_text][et_pb_text _builder_version=&#8221;4.16&#8243; custom_padding=&#8221;||0px|||&#8221; global_colors_info=&#8221;{}&#8221;]<\/p>\n<p>&nbsp;<\/p>\n<p><strong>RYLA (Rotary Youth Leadership Awards)<\/strong><\/p>\n<p class=\"p1\"><span class=\"s1\">RYLA on Rotaryn nuorisotoimintamuoto, jolla koulutamme 14<\/span><span class=\"s2\">\u2500<\/span><span class=\"s1\">30-vuotiaita aloitekykyisi\u00e4 ja aktiivisia nuoria omatoimisuuteen ja johtajuuteen. <\/span><span style=\"font-size: 16px\">T\u00e4m\u00e4 tapahtuu Rotaryn j\u00e4rjest\u00e4miss\u00e4 viikonlopun kest\u00e4viss\u00e4 RYLA-seminaareissa, joissa kehitet\u00e4\u00e4n mm. nuorten harkintakyky\u00e4, p\u00e4\u00e4t\u00f6ksentekokyky\u00e4 sek\u00e4 esiintymistaitoa. Kouluttajina toimivat paikallisten rotaryklubien j\u00e4senet tai muut eri alojen asiantuntijat, jotka kertovat ammattiinsa ja johtajuuteen liittyvist\u00e4 omista kokemuksistaan.<\/span><\/p>\n<div class=\"et_pb_row_inner et_pb_row_inner_1\">\n<div class=\"et_pb_column_inner et_pb_column_4_4 et_pb_column_inner et_pb_column_inner_1 et-last-child\">\n<div class=\"et_pb_module et_pb_text et_pb_text_3  et_pb_text_align_center et_pb_bg_layout_light\">\n<div class=\"et_pb_text_inner\">\n<h4>Turku Aboa Nova osallistuu RYLA-koulutukseen<\/h4>\n<\/div>\n<\/div>\n<div class=\"et_pb_module et_pb_text et_pb_text_4  et_pb_text_align_left et_pb_bg_layout_light\">\n<div class=\"et_pb_text_inner\">\n<p><span class=\"s1\">Turku Aboa Nova on mukana j\u00e4rjest\u00e4m\u00e4ss\u00e4 RYLA-koulutusta yhdess\u00e4 muiden Turun alueen klubien kanssa, ja Turku Aboa Novan sponsoroimana on mahdollista hakeutua mukaan koulutettavaksi RYLA-seminaareissa.<\/span><\/p>\n<\/div>\n<\/div>\n<\/div>\n<\/div>\n<p class=\"p1\"><span class=\"s1\">Seuraava seminaari j\u00e4rjestet\u00e4\u00e4n syksyll\u00e4 2026.<\/span><\/p>\n<p class=\"p1\">Ota yhteytt\u00e4, jos haluat mahtua mukaan antoisaan viikonloppuun!<span class=\"s1\"><\/span><\/p>\n<p class=\"p1\"><span class=\"s1\"><\/span><\/p>\n<p class=\"p1\"><span class=\"s1\"><\/span><\/p>\n<p class=\"p1\"><span class=\"s1\"><\/span><\/p>\n<p class=\"p1\"><span class=\"s1\"><\/span><\/p>\n<p>[\/et_pb_text][\/et_pb_column_inner][\/et_pb_row_inner][\/et_pb_column][et_pb_column type=&#8221;1_3&#8243; module_class=&#8221;sivupalkki&#8221; _builder_version=&#8221;4.16&#8243; custom_padding=&#8221;|||&#8221; global_colors_info=&#8221;{}&#8221; parallax__hover=&#8221;off&#8221; parallax_method__hover=&#8221;on&#8221; module_class__hover=&#8221;sivupalkki&#8221; custom_padding__hover=&#8221;|||&#8221;][et_pb_sidebar area=&#8221;sidebar-1&#8243; module_class=&#8221;sivupalkki_sisalto&#8221; _builder_version=&#8221;4.16&#8243; locked=&#8221;on&#8221; global_colors_info=&#8221;{}&#8221;][\/et_pb_sidebar][\/et_pb_column][\/et_pb_section]<\/p>\n","protected":false},"excerpt":{"rendered":"<p>RYLA RYLA &#8211; Johtajuuskoulutusta nuorille &nbsp; RYLA (Rotary Youth Leadership Awards) RYLA on Rotaryn nuorisotoimintamuoto, jolla koulutamme 14\u250030-vuotiaita aloitekykyisi\u00e4 ja aktiivisia nuoria omatoimisuuteen ja johtajuuteen. T\u00e4m\u00e4 tapahtuu Rotaryn j\u00e4rjest\u00e4miss\u00e4 viikonlopun kest\u00e4viss\u00e4 RYLA-seminaareissa, joissa kehitet\u00e4\u00e4n mm. nuorten harkintakyky\u00e4, p\u00e4\u00e4t\u00f6ksentekokyky\u00e4 sek\u00e4 esiintymistaitoa. Kouluttajina toimivat paikallisten rotaryklubien j\u00e4senet tai muut eri alojen asiantuntijat, jotka kertovat ammattiinsa ja johtajuuteen [&hellip;]<\/p>\n","protected":false},"author":1,"featured_media":0,"parent":89,"menu_order":0,"comment_status":"closed","ping_status":"closed","template":"","meta":{"_acf_changed":false,"_et_pb_use_builder":"on","_et_pb_old_content":"","_et_gb_content_width":"","footnotes":""},"class_list":["post-179","page","type-page","status-publish","hentry"],"acf":[],"yoast_head":"<!-- This site is optimized with the Yoast SEO plugin v27.0 - https:\/\/yoast.com\/product\/yoast-seo-wordpress\/ -->\n<title>RYLA - Johtajuuskoulutus nuorille - Turku Aboa Nova<\/title>\n<meta name=\"robots\" content=\"index, follow, max-snippet:-1, max-image-preview:large, max-video-preview:-1\" \/>\n<link rel=\"canonical\" href=\"https:\/\/rotary.fi\/turkuaboanova\/tule-mukaan\/ryla-johtajuuskoulutus-nuorille\/\" \/>\n<meta property=\"og:locale\" content=\"fi_FI\" \/>\n<meta property=\"og:type\" content=\"article\" \/>\n<meta property=\"og:title\" content=\"RYLA - Johtajuuskoulutus nuorille - Turku Aboa Nova\" \/>\n<meta property=\"og:description\" content=\"RYLA RYLA - Johtajuuskoulutusta nuorille &nbsp; RYLA (Rotary Youth Leadership Awards) RYLA on Rotaryn nuorisotoimintamuoto, jolla koulutamme 14\u250030-vuotiaita aloitekykyisi\u00e4 ja aktiivisia nuoria omatoimisuuteen ja johtajuuteen. T\u00e4m\u00e4 tapahtuu Rotaryn j\u00e4rjest\u00e4miss\u00e4 viikonlopun kest\u00e4viss\u00e4 RYLA-seminaareissa, joissa kehitet\u00e4\u00e4n mm. nuorten harkintakyky\u00e4, p\u00e4\u00e4t\u00f6ksentekokyky\u00e4 sek\u00e4 esiintymistaitoa. Kouluttajina toimivat paikallisten rotaryklubien j\u00e4senet tai muut eri alojen asiantuntijat, jotka kertovat ammattiinsa ja johtajuuteen [&hellip;]\" \/>\n<meta property=\"og:url\" content=\"https:\/\/rotary.fi\/turkuaboanova\/tule-mukaan\/ryla-johtajuuskoulutus-nuorille\/\" \/>\n<meta property=\"og:site_name\" content=\"Turku Aboa Nova\" \/>\n<meta property=\"article:modified_time\" content=\"2025-09-24T08:46:05+00:00\" \/>\n<meta name=\"twitter:card\" content=\"summary_large_image\" \/>\n<meta name=\"twitter:label1\" content=\"Arvioitu lukuaika\" \/>\n\t<meta name=\"twitter:data1\" content=\"2 minuuttia\" \/>\n<script type=\"application\/ld+json\" class=\"yoast-schema-graph\">{\"@context\":\"https:\/\/schema.org\",\"@graph\":[{\"@type\":\"WebPage\",\"@id\":\"https:\/\/rotary.fi\/turkuaboanova\/tule-mukaan\/ryla-johtajuuskoulutus-nuorille\/\",\"url\":\"https:\/\/rotary.fi\/turkuaboanova\/tule-mukaan\/ryla-johtajuuskoulutus-nuorille\/\",\"name\":\"RYLA - Johtajuuskoulutus nuorille - Turku Aboa Nova\",\"isPartOf\":{\"@id\":\"https:\/\/rotary.fi\/turkuaboanova\/#website\"},\"datePublished\":\"2018-08-13T07:43:11+00:00\",\"dateModified\":\"2025-09-24T08:46:05+00:00\",\"breadcrumb\":{\"@id\":\"https:\/\/rotary.fi\/turkuaboanova\/tule-mukaan\/ryla-johtajuuskoulutus-nuorille\/#breadcrumb\"},\"inLanguage\":\"fi\",\"potentialAction\":[{\"@type\":\"ReadAction\",\"target\":[\"https:\/\/rotary.fi\/turkuaboanova\/tule-mukaan\/ryla-johtajuuskoulutus-nuorille\/\"]}]},{\"@type\":\"BreadcrumbList\",\"@id\":\"https:\/\/rotary.fi\/turkuaboanova\/tule-mukaan\/ryla-johtajuuskoulutus-nuorille\/#breadcrumb\",\"itemListElement\":[{\"@type\":\"ListItem\",\"position\":1,\"name\":\"Home\",\"item\":\"https:\/\/rotary.fi\/turkuaboanova\/\"},{\"@type\":\"ListItem\",\"position\":2,\"name\":\"Tule mukaan\",\"item\":\"https:\/\/rotary.fi\/turkuaboanova\/tule-mukaan\/\"},{\"@type\":\"ListItem\",\"position\":3,\"name\":\"RYLA &#8211; Johtajuuskoulutus nuorille\"}]},{\"@type\":\"WebSite\",\"@id\":\"https:\/\/rotary.fi\/turkuaboanova\/#website\",\"url\":\"https:\/\/rotary.fi\/turkuaboanova\/\",\"name\":\"Turku Aboa Nova\",\"description\":\"Uusi Rotary klubisivusto\",\"potentialAction\":[{\"@type\":\"SearchAction\",\"target\":{\"@type\":\"EntryPoint\",\"urlTemplate\":\"https:\/\/rotary.fi\/turkuaboanova\/?s={search_term_string}\"},\"query-input\":{\"@type\":\"PropertyValueSpecification\",\"valueRequired\":true,\"valueName\":\"search_term_string\"}}],\"inLanguage\":\"fi\"}]}<\/script>\n<!-- \/ Yoast SEO plugin. -->","yoast_head_json":{"title":"RYLA - Johtajuuskoulutus nuorille - Turku Aboa Nova","robots":{"index":"index","follow":"follow","max-snippet":"max-snippet:-1","max-image-preview":"max-image-preview:large","max-video-preview":"max-video-preview:-1"},"canonical":"https:\/\/rotary.fi\/turkuaboanova\/tule-mukaan\/ryla-johtajuuskoulutus-nuorille\/","og_locale":"fi_FI","og_type":"article","og_title":"RYLA - Johtajuuskoulutus nuorille - Turku Aboa Nova","og_description":"RYLA RYLA - Johtajuuskoulutusta nuorille &nbsp; RYLA (Rotary Youth Leadership Awards) RYLA on Rotaryn nuorisotoimintamuoto, jolla koulutamme 14\u250030-vuotiaita aloitekykyisi\u00e4 ja aktiivisia nuoria omatoimisuuteen ja johtajuuteen. T\u00e4m\u00e4 tapahtuu Rotaryn j\u00e4rjest\u00e4miss\u00e4 viikonlopun kest\u00e4viss\u00e4 RYLA-seminaareissa, joissa kehitet\u00e4\u00e4n mm. nuorten harkintakyky\u00e4, p\u00e4\u00e4t\u00f6ksentekokyky\u00e4 sek\u00e4 esiintymistaitoa. Kouluttajina toimivat paikallisten rotaryklubien j\u00e4senet tai muut eri alojen asiantuntijat, jotka kertovat ammattiinsa ja johtajuuteen [&hellip;]","og_url":"https:\/\/rotary.fi\/turkuaboanova\/tule-mukaan\/ryla-johtajuuskoulutus-nuorille\/","og_site_name":"Turku Aboa Nova","article_modified_time":"2025-09-24T08:46:05+00:00","twitter_card":"summary_large_image","twitter_misc":{"Arvioitu lukuaika":"2 minuuttia"},"schema":{"@context":"https:\/\/schema.org","@graph":[{"@type":"WebPage","@id":"https:\/\/rotary.fi\/turkuaboanova\/tule-mukaan\/ryla-johtajuuskoulutus-nuorille\/","url":"https:\/\/rotary.fi\/turkuaboanova\/tule-mukaan\/ryla-johtajuuskoulutus-nuorille\/","name":"RYLA - Johtajuuskoulutus nuorille - Turku Aboa Nova","isPartOf":{"@id":"https:\/\/rotary.fi\/turkuaboanova\/#website"},"datePublished":"2018-08-13T07:43:11+00:00","dateModified":"2025-09-24T08:46:05+00:00","breadcrumb":{"@id":"https:\/\/rotary.fi\/turkuaboanova\/tule-mukaan\/ryla-johtajuuskoulutus-nuorille\/#breadcrumb"},"inLanguage":"fi","potentialAction":[{"@type":"ReadAction","target":["https:\/\/rotary.fi\/turkuaboanova\/tule-mukaan\/ryla-johtajuuskoulutus-nuorille\/"]}]},{"@type":"BreadcrumbList","@id":"https:\/\/rotary.fi\/turkuaboanova\/tule-mukaan\/ryla-johtajuuskoulutus-nuorille\/#breadcrumb","itemListElement":[{"@type":"ListItem","position":1,"name":"Home","item":"https:\/\/rotary.fi\/turkuaboanova\/"},{"@type":"ListItem","position":2,"name":"Tule mukaan","item":"https:\/\/rotary.fi\/turkuaboanova\/tule-mukaan\/"},{"@type":"ListItem","position":3,"name":"RYLA &#8211; Johtajuuskoulutus nuorille"}]},{"@type":"WebSite","@id":"https:\/\/rotary.fi\/turkuaboanova\/#website","url":"https:\/\/rotary.fi\/turkuaboanova\/","name":"Turku Aboa Nova","description":"Uusi Rotary klubisivusto","potentialAction":[{"@type":"SearchAction","target":{"@type":"EntryPoint","urlTemplate":"https:\/\/rotary.fi\/turkuaboanova\/?s={search_term_string}"},"query-input":{"@type":"PropertyValueSpecification","valueRequired":true,"valueName":"search_term_string"}}],"inLanguage":"fi"}]}},"lang":"fi","translations":{"fi":179},"pll_sync_post":[],"_links":{"self":[{"href":"https:\/\/rotary.fi\/turkuaboanova\/wp-json\/wp\/v2\/pages\/179","targetHints":{"allow":["GET"]}}],"collection":[{"href":"https:\/\/rotary.fi\/turkuaboanova\/wp-json\/wp\/v2\/pages"}],"about":[{"href":"https:\/\/rotary.fi\/turkuaboanova\/wp-json\/wp\/v2\/types\/page"}],"author":[{"embeddable":true,"href":"https:\/\/rotary.fi\/turkuaboanova\/wp-json\/wp\/v2\/users\/1"}],"replies":[{"embeddable":true,"href":"https:\/\/rotary.fi\/turkuaboanova\/wp-json\/wp\/v2\/comments?post=179"}],"version-history":[{"count":10,"href":"https:\/\/rotary.fi\/turkuaboanova\/wp-json\/wp\/v2\/pages\/179\/revisions"}],"predecessor-version":[{"id":2635,"href":"https:\/\/rotary.fi\/turkuaboanova\/wp-json\/wp\/v2\/pages\/179\/revisions\/2635"}],"up":[{"embeddable":true,"href":"https:\/\/rotary.fi\/turkuaboanova\/wp-json\/wp\/v2\/pages\/89"}],"wp:attachment":[{"href":"https:\/\/rotary.fi\/turkuaboanova\/wp-json\/wp\/v2\/media?parent=179"}],"curies":[{"name":"wp","href":"https:\/\/api.w.org\/{rel}","templated":true}]}}