{"id":77,"date":"2018-08-09T14:01:56","date_gmt":"2018-08-09T11:01:56","guid":{"rendered":"https:\/\/rotary.fi\/klubi2\/?page_id=77"},"modified":"2022-08-07T18:41:02","modified_gmt":"2022-08-07T15:41:02","slug":"mita-teemme","status":"publish","type":"page","link":"https:\/\/rotary.fi\/tuiranrotaryklubi\/mita-teemme\/","title":{"rendered":"Mit\u00e4 teemme"},"content":{"rendered":"<p>[et_pb_section fb_built=&#8221;1&#8243; module_class=&#8221;jumbotron-page&#8221; _builder_version=&#8221;4.16&#8243; background_image=&#8221;https:\/\/rotary.fi\/tuiranrotaryklubi\/wp-content\/uploads\/sites\/190\/2020\/10\/koitelin-koskenlasku.jpg&#8221; parallax=&#8221;on&#8221; height=&#8221;319px&#8221; custom_margin=&#8221;||-1px|||&#8221; custom_padding=&#8221;||32px|||&#8221; box_shadow_style=&#8221;preset2&#8243; global_colors_info=&#8221;{}&#8221;][\/et_pb_section][et_pb_section fb_built=&#8221;1&#8243; specialty=&#8221;on&#8221; module_class_2=&#8221;sivupalkki&#8221; _builder_version=&#8221;4.16&#8243; min_height=&#8221;954px&#8221; custom_margin=&#8221;-3px|||||&#8221; custom_padding=&#8221;||0px|||&#8221; global_colors_info=&#8221;{}&#8221;][et_pb_column type=&#8221;2_3&#8243; specialty_columns=&#8221;2&#8243; _builder_version=&#8221;4.16&#8243; custom_padding=&#8221;|||&#8221; global_colors_info=&#8221;{}&#8221; custom_padding__hover=&#8221;|||&#8221;][et_pb_row_inner admin_label=&#8221;Rivi&#8221; _builder_version=&#8221;4.16&#8243; custom_margin=&#8221;|||0px||&#8221; global_colors_info=&#8221;{}&#8221;][et_pb_column_inner saved_specialty_column_type=&#8221;2_3&#8243; _builder_version=&#8221;4.16&#8243; custom_padding=&#8221;|||&#8221; global_colors_info=&#8221;{}&#8221; custom_padding__hover=&#8221;|||&#8221;][et_pb_text admin_label=&#8221;Otsikko&#8221; _builder_version=&#8221;4.17.4&#8243; text_orientation=&#8221;center&#8221; global_colors_info=&#8221;{}&#8221;]<\/p>\n<h4 style=\"text-align: left\">Mit\u00e4 kaikkea me teemme?<\/h4>\n<p>[\/et_pb_text][et_pb_text _builder_version=&#8221;4.17.4&#8243; global_colors_info=&#8221;{}&#8221;]<\/p>\n<h4 class=\"font_8\"><strong>Rotarit parantavat maailmaa, pala kerrallaan<\/strong><\/h4>\n<p class=\"font_9\">Rotarit toimivat rotaryklubien kautta. Jokainen rotari kuuluu johonkin rotaryklubiin ja jokainen klubi on suoraan Rotary Internationalin alainen toimija. V\u00e4litasoja ei siis ole, vaan jokainen 1,2 miljoonasta rotarista ovat suoraan kansainv\u00e4lisen j\u00e4rjest\u00f6n j\u00e4sen oman klubinsa kautta. Klubit m\u00e4\u00e4r\u00e4\u00e4v\u00e4t itse omasta toiminnastaan &#8211; linjassa Rotary International arvojen ja toimintamallien kanssa.<\/p>\n<p class=\"font_9\">Rotary oli alkuunpanevana voimana maailman terveysj\u00e4rjest\u00f6n 1985 aloittamassa hankkeessa h\u00e4vitt\u00e4\u00e4 polio maailmasta. T\u00e4h\u00e4n hankkeeseen Rotary on kanavoinut yli 1,2 miljardia USD:a sek\u00e4 runsaasti j\u00e4sentens\u00e4 henkil\u00f6kohtaista vapaaehtoisty\u00f6t\u00e4. Poliotapausten m\u00e4\u00e4r\u00e4 on v\u00e4hentynyt 99,5 % vuodesta 1988 alkaen, yhteens\u00e4 Poliota vastaan on rotarien tekem\u00e4n yhteisty\u00f6n avulla rokotettu yli 2 miljardia lasta!<\/p>\n<h4><span style=\"font-size: large\">Rotaryn keskittymisalueet Polio-hankkeen lis\u00e4ksi ovat:<\/span><\/h4>\n<ul class=\"font_8\">\n<li>\n<p class=\"font_9\">Rauha ja konfliktien sovittelu<\/p>\n<\/li>\n<li>\n<p class=\"font_9\">Sairauksien ehk\u00e4isy ja hoito<\/p>\n<\/li>\n<li>\n<p class=\"font_9\">Vesi ja sanitaatio<\/p>\n<\/li>\n<li>\n<p class=\"font_9\">\u00c4itien ja lasten terveys<\/p>\n<\/li>\n<li>\n<p class=\"font_9\">Peruskoulutus sek\u00e4 luku- ja kirjoitustaito<\/p>\n<\/li>\n<li>\n<p class=\"font_9\">Taloudellinen ja yhteiskunnallinen kehitt\u00e4minen<\/p>\n<\/li>\n<\/ul>\n<p class=\"font_9\">N\u00e4iden <a href=\"https:\/\/rotary.fi\/mita-teemme\/rotaryn-karkiteemat\/\"><span style=\"color: #e09900\"><strong>k\u00e4rkiteemojen<\/strong><\/span><\/a> kautta, rotarit haluavat maailmanlaajuisesti auttaa niit\u00e4, joilla avuntarvetta on. Apunaan rotareilla on Rotarys\u00e4\u00e4ti\u00f6, jonka varojen turvin teemme hyv\u00e4\u00e4 maailmassa.<\/p>\n<p class=\"font_9\">Meille rotareille on t\u00e4rke\u00e4\u00e4 my\u00f6s kansainv\u00e4linen verkostoituminen, joka alkaa klubi- ja piiritasolta johtaen aina globaalille tasolle saakka!<\/p>\n<p class=\"font_9\">Rotarius on ajattelumalli.\u00a0<span style=\"font-size: 16px\">Rotarius on palvelemista, pyyteett\u00f6m\u00e4sti.<\/span><span style=\"font-size: 16px\">\u200b<\/span><\/p>\n<p class=\"font_9\">Ole aktiivinen &#8211; liity Rotaryyn ja ole osa jotakin suurta:\u00a0&#8221;anna ajastasi &#8211; sinullakin on lupa tehd\u00e4 hyv\u00e4\u00e4!&#8221;<\/p>\n<p>[\/et_pb_text][et_pb_text admin_label=&#8221;Otsikko&#8221; _builder_version=&#8221;4.17.4&#8243; text_orientation=&#8221;center&#8221; global_colors_info=&#8221;{}&#8221;]<\/p>\n<h4 style=\"text-align: left\">Mit\u00e4 meid\u00e4n klubimme tekee?<\/h4>\n<p>[\/et_pb_text][et_pb_text _builder_version=&#8221;4.17.4&#8243; custom_padding=&#8221;1px|||||&#8221; hover_enabled=&#8221;0&#8243; global_colors_info=&#8221;{}&#8221; sticky_enabled=&#8221;0&#8243;]<\/p>\n<p>Klubin j\u00e4senen\u00e4 voit toimia, vaikuttaa ja tehd\u00e4 hyv\u00e4\u00e4. Saat my\u00f6s mahtavan sosiaalisen verkoston ja elinik\u00e4isi\u00e4 yst\u00e4vi\u00e4 niin kotipaikkakunnaltasi kuin maailmanlaajuisesti. Voit my\u00f6s verkottua oman harrastuksesi jakavien muiden rotareiden kanssa rotareiden moninaisissa kansainv\u00e4lisiss\u00e4 harrastusryhmiss\u00e4.<\/p>\n<p>Toteutamme yhteisty\u00f6kumppaneiden kanssa palveluprojekteja ja tuemme humanitaarisia projekteja koordinoivaa Rotarys\u00e4\u00e4ti\u00f6t\u00e4. Koulutamme j\u00e4seni\u00e4mme eri teht\u00e4viss\u00e4 toimimisen kautta ja kehit\u00e4mme heid\u00e4n eettist\u00e4 johtajuuttaan.<\/p>\n<p>Haluamme rotareina vaikuttaa ajankohtaisiin haasteisiin. Tartumme toimeen pysyvien muutosten aikaansaamiseksi \u2013 ymp\u00e4ri maapalloa, yhteis\u00f6iss\u00e4mme ja itsess\u00e4mme.<\/p>\n<p>[\/et_pb_text][et_pb_text _builder_version=&#8221;4.17.4&#8243; custom_padding=&#8221;1px|||||&#8221; global_colors_info=&#8221;{}&#8221;]<\/p>\n<div><b style=\"font-size: 16px\">Saamme pienell\u00e4kin panostuksella aikaan paljon hyv\u00e4\u00e4<\/b><span style=\"font-size: 16px\">, koska muutaman euron tai ty\u00f6tunnin k\u00e4ytt\u00e4minen paikallisiin projekteihin on mahdollista kaikille.\u00a0<\/span><span style=\"font-size: 16px\">Samalla on t\u00e4rke\u00e4\u00e4, ett\u00e4 <\/span><b style=\"font-size: 16px\">tekeminen ja toiminta on mukavaa ja innostavaa, jotta saamme yhdess\u00e4 aikaan todellista ja n\u00e4kyv\u00e4\u00e4 muutosta.\u00a0<\/b><span style=\"font-size: 16px\">\u00a0<\/span><\/div>\n<p>[\/et_pb_text][et_pb_text _builder_version=&#8221;4.16&#8243; global_colors_info=&#8221;{}&#8221;]<\/p>\n<p>T\u00e4rke\u00e4 ja viihdytt\u00e4v\u00e4 osa toimintaamme on viikottainen mukavasti arkisen kiireen keskeytt\u00e4v\u00e4 lounaskokous, jonka aikana kuulemme mielenkiintoisen esitelm\u00e4n kiinnostavasta ja ajankohtaisesta aiheesta.<\/p>\n<div>\n<div data-read-aloud-multi-block=\"true\">\n<p class=\"size-14\" lang=\"x-size-14\" data-speechify-sentence=\"\">\n<p class=\"size-14\" lang=\"x-size-14\" data-speechify-sentence=\"\">\n<\/div>\n<\/div>\n<p>[\/et_pb_text][et_pb_text _builder_version=&#8221;4.16&#8243; global_colors_info=&#8221;{}&#8221;]<\/p>\n<h4>Tulevat esitelm\u00e4t<\/h4>\n<p>[\/et_pb_text][et_pb_text _builder_version=&#8221;4.16&#8243; global_colors_info=&#8221;{}&#8221;]<\/p>\n<p><a href=\"https:\/\/docs.google.com\/spreadsheets\/d\/1WzNLcYytY5F11T1k3DgZ9G2azV0lTaSwk2tNbUKTbyY\/edit?userstoinvite=ristohuovinen@gmail.com&amp;ts=573491f3&amp;actionButton=1#gid=0\"><strong>Katso lista<\/strong><\/a><strong> tulevista viikkokokousten esitelmist\u00e4.\u00a0<\/strong><span style=\"font-size: 16px\">Sielt\u00e4 n\u00e4et my\u00f6s jo pidetyt esitelm\u00e4aiheet vuoden 2016 alusta alkaen.<\/span><\/p>\n<p><span style=\"font-size: 16px\"><\/span><\/p>\n<h4>ZOOM-viestint\u00e4alustan k\u00e4ytt\u00f6ohjeet<span style=\"font-size: 16px\"><\/span><\/h4>\n<p><a href=\"https:\/\/rotary.fi\/tuiranrotaryklubi\/zoomin-kayttoohjeet\/\">Katso t\u00e4st\u00e4 koko ajan kasvava ohjeisto.<\/a><\/p>\n<p><span style=\"font-size: 16px\"><\/span><\/p>\n<p>[\/et_pb_text][\/et_pb_column_inner][\/et_pb_row_inner][\/et_pb_column][et_pb_column type=&#8221;1_3&#8243; _builder_version=&#8221;4.16&#8243; custom_padding=&#8221;|||&#8221; global_colors_info=&#8221;{}&#8221; custom_padding__hover=&#8221;|||&#8221;][et_pb_sidebar area=&#8221;sidebar-1&#8243; module_class=&#8221;sivupalkki_sisalto&#8221; _builder_version=&#8221;4.16&#8243; locked=&#8221;on&#8221; global_colors_info=&#8221;{}&#8221;][\/et_pb_sidebar][\/et_pb_column][\/et_pb_section]<\/p>\n","protected":false},"excerpt":{"rendered":"<p>Mit\u00e4 kaikkea me teemme?Rotarit parantavat maailmaa, pala kerrallaan Rotarit toimivat rotaryklubien kautta. Jokainen rotari kuuluu johonkin rotaryklubiin ja jokainen klubi on suoraan Rotary Internationalin alainen toimija. V\u00e4litasoja ei siis ole, vaan jokainen 1,2 miljoonasta rotarista ovat suoraan kansainv\u00e4lisen j\u00e4rjest\u00f6n j\u00e4sen oman klubinsa kautta. Klubit m\u00e4\u00e4r\u00e4\u00e4v\u00e4t itse omasta toiminnastaan &#8211; linjassa Rotary International arvojen ja toimintamallien [&hellip;]<\/p>\n","protected":false},"author":1,"featured_media":0,"parent":0,"menu_order":0,"comment_status":"closed","ping_status":"closed","template":"","meta":{"_acf_changed":false,"_et_pb_use_builder":"on","_et_pb_old_content":"","_et_gb_content_width":"","footnotes":""},"class_list":["post-77","page","type-page","status-publish","hentry"],"acf":[],"yoast_head":"<!-- This site is optimized with the Yoast SEO plugin v27.4 - https:\/\/yoast.com\/product\/yoast-seo-wordpress\/ -->\n<title>Mit\u00e4 teemme - Tuiran Rotaryklubi ry<\/title>\n<meta name=\"description\" content=\"Klubin j\u00e4senen\u00e4 voit toimia, vaikuttaa ja tehd\u00e4 hyv\u00e4\u00e4. Lis\u00e4ksi saat mahtavan sosiaalisen verkoston ja elinik\u00e4isi\u00e4 yst\u00e4vi\u00e4 niin kotipaikkakunnaltasi kuin maailmanlaajuisesti. Voit my\u00f6s verkottua oman harrastuksesi jakavien muiden rotareiden kanssa rotareiden moninaisissa kansainv\u00e4lisiss\u00e4 harrastusryhmiss\u00e4.\" \/>\n<meta name=\"robots\" content=\"index, follow, max-snippet:-1, max-image-preview:large, max-video-preview:-1\" \/>\n<link rel=\"canonical\" href=\"https:\/\/rotary.fi\/tuiranrotaryklubi\/mita-teemme\/\" \/>\n<meta property=\"og:locale\" content=\"fi_FI\" \/>\n<meta property=\"og:type\" content=\"article\" \/>\n<meta property=\"og:title\" content=\"Mit\u00e4 teemme - Tuiran Rotaryklubi ry\" \/>\n<meta property=\"og:description\" content=\"Klubin j\u00e4senen\u00e4 voit toimia, vaikuttaa ja tehd\u00e4 hyv\u00e4\u00e4. Lis\u00e4ksi saat mahtavan sosiaalisen verkoston ja elinik\u00e4isi\u00e4 yst\u00e4vi\u00e4 niin kotipaikkakunnaltasi kuin maailmanlaajuisesti. Voit my\u00f6s verkottua oman harrastuksesi jakavien muiden rotareiden kanssa rotareiden moninaisissa kansainv\u00e4lisiss\u00e4 harrastusryhmiss\u00e4.\" \/>\n<meta property=\"og:url\" content=\"https:\/\/rotary.fi\/tuiranrotaryklubi\/mita-teemme\/\" \/>\n<meta property=\"og:site_name\" content=\"Tuiran Rotaryklubi ry\" \/>\n<meta property=\"article:modified_time\" content=\"2022-08-07T15:41:02+00:00\" \/>\n<meta name=\"twitter:card\" content=\"summary_large_image\" \/>\n<meta name=\"twitter:label1\" content=\"Arvioitu lukuaika\" \/>\n\t<meta name=\"twitter:data1\" content=\"3 minuuttia\" \/>\n<script type=\"application\/ld+json\" class=\"yoast-schema-graph\">{\"@context\":\"https:\\\/\\\/schema.org\",\"@graph\":[{\"@type\":\"WebPage\",\"@id\":\"https:\\\/\\\/rotary.fi\\\/tuiranrotaryklubi\\\/mita-teemme\\\/\",\"url\":\"https:\\\/\\\/rotary.fi\\\/tuiranrotaryklubi\\\/mita-teemme\\\/\",\"name\":\"Mit\u00e4 teemme - Tuiran Rotaryklubi ry\",\"isPartOf\":{\"@id\":\"https:\\\/\\\/rotary.fi\\\/tuiranrotaryklubi\\\/#website\"},\"datePublished\":\"2018-08-09T11:01:56+00:00\",\"dateModified\":\"2022-08-07T15:41:02+00:00\",\"description\":\"Klubin j\u00e4senen\u00e4 voit toimia, vaikuttaa ja tehd\u00e4 hyv\u00e4\u00e4. Lis\u00e4ksi saat mahtavan sosiaalisen verkoston ja elinik\u00e4isi\u00e4 yst\u00e4vi\u00e4 niin kotipaikkakunnaltasi kuin maailmanlaajuisesti. Voit my\u00f6s verkottua oman harrastuksesi jakavien muiden rotareiden kanssa rotareiden moninaisissa kansainv\u00e4lisiss\u00e4 harrastusryhmiss\u00e4.\",\"breadcrumb\":{\"@id\":\"https:\\\/\\\/rotary.fi\\\/tuiranrotaryklubi\\\/mita-teemme\\\/#breadcrumb\"},\"inLanguage\":\"fi\",\"potentialAction\":[{\"@type\":\"ReadAction\",\"target\":[\"https:\\\/\\\/rotary.fi\\\/tuiranrotaryklubi\\\/mita-teemme\\\/\"]}]},{\"@type\":\"BreadcrumbList\",\"@id\":\"https:\\\/\\\/rotary.fi\\\/tuiranrotaryklubi\\\/mita-teemme\\\/#breadcrumb\",\"itemListElement\":[{\"@type\":\"ListItem\",\"position\":1,\"name\":\"Home\",\"item\":\"https:\\\/\\\/rotary.fi\\\/tuiranrotaryklubi\\\/\"},{\"@type\":\"ListItem\",\"position\":2,\"name\":\"Mit\u00e4 teemme\"}]},{\"@type\":\"WebSite\",\"@id\":\"https:\\\/\\\/rotary.fi\\\/tuiranrotaryklubi\\\/#website\",\"url\":\"https:\\\/\\\/rotary.fi\\\/tuiranrotaryklubi\\\/\",\"name\":\"Tuiran Rotaryklubi ry\",\"description\":\"Uusi Rotary klubisivusto\",\"potentialAction\":[{\"@type\":\"SearchAction\",\"target\":{\"@type\":\"EntryPoint\",\"urlTemplate\":\"https:\\\/\\\/rotary.fi\\\/tuiranrotaryklubi\\\/?s={search_term_string}\"},\"query-input\":{\"@type\":\"PropertyValueSpecification\",\"valueRequired\":true,\"valueName\":\"search_term_string\"}}],\"inLanguage\":\"fi\"}]}<\/script>\n<!-- \/ Yoast SEO plugin. -->","yoast_head_json":{"title":"Mit\u00e4 teemme - Tuiran Rotaryklubi ry","description":"Klubin j\u00e4senen\u00e4 voit toimia, vaikuttaa ja tehd\u00e4 hyv\u00e4\u00e4. Lis\u00e4ksi saat mahtavan sosiaalisen verkoston ja elinik\u00e4isi\u00e4 yst\u00e4vi\u00e4 niin kotipaikkakunnaltasi kuin maailmanlaajuisesti. Voit my\u00f6s verkottua oman harrastuksesi jakavien muiden rotareiden kanssa rotareiden moninaisissa kansainv\u00e4lisiss\u00e4 harrastusryhmiss\u00e4.","robots":{"index":"index","follow":"follow","max-snippet":"max-snippet:-1","max-image-preview":"max-image-preview:large","max-video-preview":"max-video-preview:-1"},"canonical":"https:\/\/rotary.fi\/tuiranrotaryklubi\/mita-teemme\/","og_locale":"fi_FI","og_type":"article","og_title":"Mit\u00e4 teemme - Tuiran Rotaryklubi ry","og_description":"Klubin j\u00e4senen\u00e4 voit toimia, vaikuttaa ja tehd\u00e4 hyv\u00e4\u00e4. Lis\u00e4ksi saat mahtavan sosiaalisen verkoston ja elinik\u00e4isi\u00e4 yst\u00e4vi\u00e4 niin kotipaikkakunnaltasi kuin maailmanlaajuisesti. Voit my\u00f6s verkottua oman harrastuksesi jakavien muiden rotareiden kanssa rotareiden moninaisissa kansainv\u00e4lisiss\u00e4 harrastusryhmiss\u00e4.","og_url":"https:\/\/rotary.fi\/tuiranrotaryklubi\/mita-teemme\/","og_site_name":"Tuiran Rotaryklubi ry","article_modified_time":"2022-08-07T15:41:02+00:00","twitter_card":"summary_large_image","twitter_misc":{"Arvioitu lukuaika":"3 minuuttia"},"schema":{"@context":"https:\/\/schema.org","@graph":[{"@type":"WebPage","@id":"https:\/\/rotary.fi\/tuiranrotaryklubi\/mita-teemme\/","url":"https:\/\/rotary.fi\/tuiranrotaryklubi\/mita-teemme\/","name":"Mit\u00e4 teemme - Tuiran Rotaryklubi ry","isPartOf":{"@id":"https:\/\/rotary.fi\/tuiranrotaryklubi\/#website"},"datePublished":"2018-08-09T11:01:56+00:00","dateModified":"2022-08-07T15:41:02+00:00","description":"Klubin j\u00e4senen\u00e4 voit toimia, vaikuttaa ja tehd\u00e4 hyv\u00e4\u00e4. Lis\u00e4ksi saat mahtavan sosiaalisen verkoston ja elinik\u00e4isi\u00e4 yst\u00e4vi\u00e4 niin kotipaikkakunnaltasi kuin maailmanlaajuisesti. Voit my\u00f6s verkottua oman harrastuksesi jakavien muiden rotareiden kanssa rotareiden moninaisissa kansainv\u00e4lisiss\u00e4 harrastusryhmiss\u00e4.","breadcrumb":{"@id":"https:\/\/rotary.fi\/tuiranrotaryklubi\/mita-teemme\/#breadcrumb"},"inLanguage":"fi","potentialAction":[{"@type":"ReadAction","target":["https:\/\/rotary.fi\/tuiranrotaryklubi\/mita-teemme\/"]}]},{"@type":"BreadcrumbList","@id":"https:\/\/rotary.fi\/tuiranrotaryklubi\/mita-teemme\/#breadcrumb","itemListElement":[{"@type":"ListItem","position":1,"name":"Home","item":"https:\/\/rotary.fi\/tuiranrotaryklubi\/"},{"@type":"ListItem","position":2,"name":"Mit\u00e4 teemme"}]},{"@type":"WebSite","@id":"https:\/\/rotary.fi\/tuiranrotaryklubi\/#website","url":"https:\/\/rotary.fi\/tuiranrotaryklubi\/","name":"Tuiran Rotaryklubi ry","description":"Uusi Rotary klubisivusto","potentialAction":[{"@type":"SearchAction","target":{"@type":"EntryPoint","urlTemplate":"https:\/\/rotary.fi\/tuiranrotaryklubi\/?s={search_term_string}"},"query-input":{"@type":"PropertyValueSpecification","valueRequired":true,"valueName":"search_term_string"}}],"inLanguage":"fi"}]}},"lang":"fi","translations":{"fi":77},"pll_sync_post":[],"_links":{"self":[{"href":"https:\/\/rotary.fi\/tuiranrotaryklubi\/wp-json\/wp\/v2\/pages\/77","targetHints":{"allow":["GET"]}}],"collection":[{"href":"https:\/\/rotary.fi\/tuiranrotaryklubi\/wp-json\/wp\/v2\/pages"}],"about":[{"href":"https:\/\/rotary.fi\/tuiranrotaryklubi\/wp-json\/wp\/v2\/types\/page"}],"author":[{"embeddable":true,"href":"https:\/\/rotary.fi\/tuiranrotaryklubi\/wp-json\/wp\/v2\/users\/1"}],"replies":[{"embeddable":true,"href":"https:\/\/rotary.fi\/tuiranrotaryklubi\/wp-json\/wp\/v2\/comments?post=77"}],"version-history":[{"count":10,"href":"https:\/\/rotary.fi\/tuiranrotaryklubi\/wp-json\/wp\/v2\/pages\/77\/revisions"}],"predecessor-version":[{"id":2689,"href":"https:\/\/rotary.fi\/tuiranrotaryklubi\/wp-json\/wp\/v2\/pages\/77\/revisions\/2689"}],"wp:attachment":[{"href":"https:\/\/rotary.fi\/tuiranrotaryklubi\/wp-json\/wp\/v2\/media?parent=77"}],"curies":[{"name":"wp","href":"https:\/\/api.w.org\/{rel}","templated":true}]}}