{"id":2097,"date":"2020-11-22T11:32:49","date_gmt":"2020-11-22T09:32:49","guid":{"rendered":"https:\/\/rotary.fi\/tuiranrotaryklubi\/?page_id=2097"},"modified":"2021-04-22T10:27:27","modified_gmt":"2021-04-22T07:27:27","slug":"zoomin-kayttoohjeet","status":"publish","type":"page","link":"https:\/\/rotary.fi\/tuiranrotaryklubi\/zoomin-kayttoohjeet\/","title":{"rendered":"ZOOM-viestint\u00e4alustan k\u00e4ytt\u00f6ohjeet"},"content":{"rendered":"<p>[et_pb_section fb_built=&#8221;1&#8243; admin_label=&#8221;section&#8221; _builder_version=&#8221;3.22&#8243;][et_pb_row _builder_version=&#8221;4.4.8&#8243;][et_pb_column type=&#8221;4_4&#8243; _builder_version=&#8221;4.4.8&#8243;][et_pb_text _builder_version=&#8221;4.4.8&#8243;]<\/p>\n<h4>Voit osallistua viikkokokouksiin my\u00f6s et\u00e4n\u00e4<\/h4>\n<p>Voit osallistua vaikka kotisohvaltasi klikkaamalla viikkokokouskutsussa olevaa nappia 11:45-12:00 tai my\u00f6h\u00e4ss\u00e4 sen j\u00e4lkeenkin.<\/p>\n<p>Kun olet lukenut ZOOM-ohjeet ja asentanut ilmaisen ohjelman p\u00e4\u00e4telaitteellesi, sinulla on valmius toimia et\u00e4n\u00e4.<\/p>\n<p data-speechify-sentence=\"\"><strong><span>Zoom mahdollistaa k\u00e4tev\u00e4n ja monipuolisen yhteydenpidon, jolloin voimme j\u00e4rjest\u00e4\u00e4 verkkokokouksia, webinaareja ja koulutusta.<\/span><\/strong>\u00a0 Ohjelman k\u00e4ytt\u00f6 on helppoa, joten siit\u00e4 on kovasti hy\u00f6ty\u00e4 my\u00f6s sitten, kun t\u00e4m\u00e4 epidemia on voitettu.<\/p>\n<p data-speechify-sentence=\"\">\n<p>[\/et_pb_text][\/et_pb_column][\/et_pb_row][et_pb_row column_structure=&#8221;1_2,1_2&#8243; _builder_version=&#8221;4.9.4&#8243; min_height=&#8221;573px&#8221; custom_margin=&#8221;-42px|auto||auto||&#8221; custom_padding=&#8221;||0px|||&#8221; hover_enabled=&#8221;0&#8243; sticky_enabled=&#8221;0&#8243;][et_pb_column type=&#8221;1_2&#8243; _builder_version=&#8221;4.4.8&#8243;][et_pb_image src=&#8221;https:\/\/rotary.fi\/tuiranrotaryklubi\/wp-content\/uploads\/sites\/190\/2020\/11\/hybridikokoukset.jpg&#8221; title_text=&#8221;Hybridikokoukset&#8221; _builder_version=&#8221;4.4.8&#8243; width=&#8221;100%&#8221; min_height=&#8221;331px&#8221; custom_padding=&#8221;|0px||||&#8221; box_shadow_style=&#8221;preset2&#8243;][\/et_pb_image][et_pb_text _builder_version=&#8221;4.9.4&#8243; _module_preset=&#8221;default&#8221; hover_enabled=&#8221;0&#8243; sticky_enabled=&#8221;0&#8243; custom_padding=&#8221;0px|||||&#8221;]<\/p>\n<p><span class=\"sc-gPEVay eaTPwS\" style=\"font-size: medium\">Koska ZOOM on kehitetty ammattilaisen viestint\u00e4alustaksi<\/span><span style=\"font-size: medium\">, sen monipuoliset ominaisuudet tekev\u00e4t siit\u00e4 todellisen superty\u00f6kalun. Monipuolisuudestaan huolimatta perusk\u00e4yt\u00f6n oppii nopeasti. T\u00e4m\u00e4 opas ja siihen sis\u00e4ltyv\u00e4t YouTube-videot esittelev\u00e4t ohjelman eri mahdollisuuksia.<\/span><\/p>\n<p><span style=\"font-size: medium\"><br \/><span style=\"font-size: large\"><strong><a href=\"https:\/\/www.craft.do\/s\/3V8YvHY21l4sMV\">LUE ZOOMin k\u00e4ytt\u00f6opas <span style=\"text-decoration: underline\">t\u00e4st\u00e4<\/span>.<\/a><\/strong><\/span><\/span><\/p>\n<p>[\/et_pb_text][\/et_pb_column][et_pb_column type=&#8221;1_2&#8243; _builder_version=&#8221;4.4.8&#8243;][et_pb_text _builder_version=&#8221;4.4.8&#8243; inline_fonts=&#8221;Acme&#8221;]<\/p>\n<p class=\"p1\" data-speechify-sentence=\"\"><span style=\"color: #0c71c3;font-size: large;font-family: inherit;font-weight: normal\"><b>Zoom-istunnossa voit:<\/b><\/span><\/p>\n<ul class=\"ul1\" data-read-aloud-multi-block=\"true\">\n<li class=\"li3\" data-speechify-sentence=\"\">l\u00e4hett\u00e4\u00e4 videokuvaa tietokoneen kameralla<\/li>\n<li class=\"li3\" data-speechify-sentence=\"\">keskustella kuulokemikrofonin ja kirjallisesti chatin avulla<\/li>\n<li class=\"li3\" data-speechify-sentence=\"\">jakaa tiedostoja ja oman tietokoneen n\u00e4yt\u00f6n<\/li>\n<li class=\"li3\" data-speechify-sentence=\"\">k\u00e4ytt\u00e4\u00e4 yhteist\u00e4 valkotaulua<\/li>\n<li class=\"li3\" data-speechify-sentence=\"\">tehd\u00e4 ryhm\u00e4t\u00f6it\u00e4 jakamalla osallistujat ryhm\u00e4ty\u00f6huoneisiin sek\u00e4<\/li>\n<li class=\"li3\" data-speechify-sentence=\"\">tehd\u00e4 osallistujille kyselyj\u00e4 ja \u00e4\u00e4nestyksi\u00e4<\/li>\n<\/ul>\n<p class=\"p1\" data-speechify-sentence=\"\"><b>Meill\u00e4 on vakio-osoite kokoushuoneemme (Meeting ID). <\/b><br \/> Sill\u00e4 on yksil\u00f6ity osoite, jonka saat my\u00f6s kokouskutsuissa.<\/p>\n<p class=\"p1\" data-speechify-sentence=\"\"><span style=\"color: #0c71c3;font-size: large\"><b>Zoomin k\u00e4ytt\u00f6\u00f6n tarvitset:<\/b><\/span><\/p>\n<ul class=\"ul1\" data-read-aloud-multi-block=\"true\">\n<li class=\"li2\" data-speechify-sentence=\"\">nettiyhteydell\u00e4 varustetun tietokoneen, \u00e4lypuhelimen tai tabletin<\/li>\n<li class=\"li2\" data-speechify-sentence=\"\">kuulokemikrofonin ja videokuvan jakamiseen web-kameran<\/li>\n<li class=\"li3\" data-read-aloud-multi-block=\"true\">Ilmaisen ZOOM-ohjelman, jonka voit ladata alla olevista linkeist\u00e4\n<ul>\n<li class=\"li3\" data-read-aloud-multi-block=\"true\">PC- ja Mac-tietokoneelle <a href=\"https:\/\/zoom.us\/signup\"><span class=\"s2\">Zoom Client for Meeting -ohjelma<\/span><\/a><\/li>\n<li class=\"li3\" data-read-aloud-multi-block=\"true\">Mobiilisovelluksen (Android)<span class=\"Apple-converted-space\">\u00a0 <\/span><a href=\"https:\/\/play.google.com\/store\/apps\/details?id=us.zoom.videomeetings&amp;hl=fi&amp;gl=US\"><span class=\"s2\">Zoom Cloud Meetings<\/span><\/a><\/li>\n<li class=\"li3\" data-read-aloud-multi-block=\"true\">Mobiilisovelluksen (IOS)<span class=\"Apple-converted-space\">\u00a0 <\/span><span class=\"s2\"><a href=\"https:\/\/apps.apple.com\/us\/app\/zoom-cloud-meetings\/id546505307\">Zoom Cloud Meetings<\/a><\/span><\/li>\n<\/ul>\n<\/li>\n<\/ul>\n<p><strong>Jos sinulla on\u00a0vaikeuksia k\u00e4ytt\u00f6\u00f6notossa<\/strong>, ota yhteytt\u00e4 Joreen &#8211; <a href=\"mailto:jorma.tapio@gmail.com\" data-emb-href-display=\"jorma.tapio@gmail.com\" data-cke-saved-href=\"mailto:jorma.tapio@gmail.com\">jorma.tapio(at)gmail.com<\/a>\u00a0tai Yyteen <a href=\"mailto:yytekelha@gmail.com\" data-emb-href-display=\"yytekelha@gmail.com\" data-cke-saved-href=\"mailto:yytekelha@gmail.com\">yytekelha(at)gmail.com<\/a><\/p>\n<p>[\/et_pb_text][\/et_pb_column][\/et_pb_row][et_pb_row column_structure=&#8221;1_2,1_2&#8243; _builder_version=&#8221;4.9.4&#8243; _module_preset=&#8221;default&#8221;][et_pb_column type=&#8221;1_2&#8243; _builder_version=&#8221;4.9.4&#8243; _module_preset=&#8221;default&#8221;][et_pb_image src=&#8221;https:\/\/rotary.fi\/tuiranrotaryklubi\/wp-content\/uploads\/sites\/190\/2021\/03\/zoom-ohjeiden-ylacc88banner-2-e1615996954349.png&#8221; alt=&#8221;ZOOM-k\u00e4ytt\u00f6vinkkej\u00e4&#8221; title_text=&#8221;ZOOM-ohjeiden yla\u0308banner&#8221; _builder_version=&#8221;4.9.4&#8243; _module_preset=&#8221;default&#8221; hover_enabled=&#8221;0&#8243; url=&#8221;https:\/\/www.craft.do\/s\/3V8YvHY21l4sMV&#8221; sticky_enabled=&#8221;0&#8243;][\/et_pb_image][\/et_pb_column][et_pb_column type=&#8221;1_2&#8243; _builder_version=&#8221;4.9.4&#8243; _module_preset=&#8221;default&#8221;][et_pb_text _builder_version=&#8221;4.4.8&#8243;]<\/p>\n<p data-speechify-sentence=\"\"><strong style=\"font-size: 16px\"><\/strong><\/p>\n<p data-speechify-sentence=\"\"><strong style=\"font-size: 16px\">Zoomin avulla opimme tuntemaan toisiamme jopa paremmin kuin viikkokokouksissa<\/strong><span style=\"font-size: 16px\">, joiden aikana mahdollisuus vapaaseen keskusteluun on varsin v\u00e4h\u00e4ist\u00e4. Silloinkin ehtii jutella vain vieress\u00e4 istuvien kanssa. Zoomin avulla meill\u00e4 on mahdollisuus ottaa ryhmien- ja kahdenv\u00e4lisi\u00e4 video- ja puheyhteyksi\u00e4 ja oppia tuntemaan toistemme persoonallisuuksia, taitoja, harrastuksia ja ajatuksia.<\/span><\/p>\n<p>[\/et_pb_text][\/et_pb_column][\/et_pb_row][et_pb_row admin_label=&#8221;row&#8221; _builder_version=&#8221;3.25&#8243; background_size=&#8221;initial&#8221; background_position=&#8221;top_left&#8221; background_repeat=&#8221;repeat&#8221; custom_padding=&#8221;0px|||||&#8221;][et_pb_column type=&#8221;4_4&#8243; _builder_version=&#8221;3.25&#8243; custom_padding=&#8221;|||&#8221; custom_padding__hover=&#8221;|||&#8221;][et_pb_text admin_label=&#8221;Text&#8221; _builder_version=&#8221;3.27.4&#8243; background_size=&#8221;initial&#8221; background_position=&#8221;top_left&#8221; background_repeat=&#8221;repeat&#8221; custom_padding=&#8221;2px|||||&#8221;]<\/p>\n<h4><\/h4>\n<h4><\/h4>\n<h4><span style=\"font-size: 28px\">N\u00e4in voit esitt\u00e4\u00e4 kysymyksi\u00e4 ja kommentteja esitelm\u00e4n pit\u00e4j\u00e4lle<\/span><\/h4>\n<p><img loading=\"lazy\" decoding=\"async\" class=\"size-full wp-image-2098 alignleft\" src=\"https:\/\/rotary.fi\/tuiranrotaryklubi\/wp-content\/uploads\/sites\/190\/2020\/11\/chat-painike.jpg\" alt=\"\" width=\"619\" height=\"119\" srcset=\"https:\/\/rotary.fi\/tuiranrotaryklubi\/wp-content\/uploads\/sites\/190\/2020\/11\/chat-painike.jpg 619w, https:\/\/rotary.fi\/tuiranrotaryklubi\/wp-content\/uploads\/sites\/190\/2020\/11\/chat-painike-480x92.jpg 480w\" sizes=\"(min-width: 0px) and (max-width: 480px) 480px, (min-width: 481px) 619px, 100vw\" \/><\/p>\n<h4><\/h4>\n<h4><\/h4>\n<h4><img loading=\"lazy\" decoding=\"async\" class=\"size-large wp-image-2099 alignleft\" src=\"https:\/\/rotary.fi\/tuiranrotaryklubi\/wp-content\/uploads\/sites\/190\/2020\/11\/chat-ohje.jpg\" alt=\"\" width=\"559\" height=\"529\" srcset=\"https:\/\/rotary.fi\/tuiranrotaryklubi\/wp-content\/uploads\/sites\/190\/2020\/11\/chat-ohje.jpg 559w, https:\/\/rotary.fi\/tuiranrotaryklubi\/wp-content\/uploads\/sites\/190\/2020\/11\/chat-ohje-480x454.jpg 480w\" sizes=\"(min-width: 0px) and (max-width: 480px) 480px, (min-width: 481px) 559px, 100vw\" \/><\/h4>\n<h4><\/h4>\n<h4><\/h4>\n<h4><\/h4>\n<h4><\/h4>\n<h4><\/h4>\n<p>&nbsp;<\/p>\n<p>&nbsp;<\/p>\n<p>&nbsp;<\/p>\n<p>&nbsp;<\/p>\n<h4><\/h4>\n<h4><\/h4>\n<h4><\/h4>\n<h4><\/h4>\n<h4><\/h4>\n<h4><\/h4>\n<h4><\/h4>\n<h4><\/h4>\n<h4><\/h4>\n<h4><\/h4>\n<h4><\/h4>\n<h4><\/h4>\n<h4><\/h4>\n<h4><\/h4>\n<h4><\/h4>\n<h4><\/h4>\n<h4><\/h4>\n<h4><\/h4>\n<h4><\/h4>\n<h4><\/h4>\n<h4><\/h4>\n<h4><\/h4>\n<h4><\/h4>\n<h4><\/h4>\n<h4><\/h4>\n<h4><\/h4>\n<h4><\/h4>\n<h4><\/h4>\n<h4><\/h4>\n<h4><\/h4>\n<h4><\/h4>\n<h4><\/h4>\n<h4><\/h4>\n<h4><\/h4>\n<h4><\/h4>\n<h4><\/h4>\n<h4><\/h4>\n<h4><\/h4>\n<h4><\/h4>\n<h4><\/h4>\n<h4><\/h4>\n<h4><\/h4>\n<h4><span style=\"font-family: inherit\">Toimiminen kokousis\u00e4nt\u00e4n\u00e4<\/span><\/h4>\n<p>\u00a0Ohjeet tulossa t\u00e4nne<\/p>\n<h4>Oman laitteiston viritt\u00e4minen<\/h4>\n<p>Kameran s\u00e4\u00e4d\u00f6t<\/p>\n<p>Mikrofoni ja \u00e4\u00e4niymp\u00e4rist\u00f6<\/p>\n<p>Vallitseva valaistus<\/p>\n<p>&nbsp;<\/p>\n<h4><\/h4>\n<h4>Zoomin k\u00e4ytt\u00f6vinkkej\u00e4<\/h4>\n<p><strong> EpocCam &#8211; iPhonen tai iPadin valjastaminen web-kameraksi<\/strong><\/p>\n<div data-pm-slice=\"1 1 []\" data-en-clipboard=\"true\"><span>EpocCam on mainio apuv\u00e4line paljon videokokouksia pit\u00e4v\u00e4lle tai vaikka videoblogeja tekev\u00e4lle,<\/span><\/div>\n<div><span> jos k\u00e4yt\u00f6ss\u00e4 on iPhone tai iPad. <a href=\"https:\/\/www.evernote.com\/shard\/s5\/sh\/2219f61c-8d46-8e39-2759-89b5a038294c\/cfbea0a83924713447a47ba2ca4dcd1d\">Lue lis\u00e4\u00e4.<\/a><\/span><\/div>\n<div><span><\/span><\/div>\n<div><span><\/span><\/div>\n<div><span><\/span><\/div>\n<div><span><\/span><\/div>\n<div><span><\/span><\/div>\n<h4><\/h4>\n<h4><\/h4>\n<h4><\/h4>\n<h4><\/h4>\n<h4><\/h4>\n<h4><\/h4>\n<h4><\/h4>\n<h4>K &amp; V<\/h4>\n<p>tulossa\u00a0<\/p>\n<p>[\/et_pb_text][\/et_pb_column][\/et_pb_row][\/et_pb_section]<\/p>\n","protected":false},"excerpt":{"rendered":"<p>Voit osallistua viikkokokouksiin my\u00f6s et\u00e4n\u00e4 Voit osallistua vaikka kotisohvaltasi klikkaamalla viikkokokouskutsussa olevaa nappia 11:45-12:00 tai my\u00f6h\u00e4ss\u00e4 sen j\u00e4lkeenkin. Kun olet lukenut ZOOM-ohjeet ja asentanut ilmaisen ohjelman p\u00e4\u00e4telaitteellesi, sinulla on valmius toimia et\u00e4n\u00e4. Zoom mahdollistaa k\u00e4tev\u00e4n ja monipuolisen yhteydenpidon, jolloin voimme j\u00e4rjest\u00e4\u00e4 verkkokokouksia, webinaareja ja koulutusta.\u00a0 Ohjelman k\u00e4ytt\u00f6 on helppoa, joten siit\u00e4 on kovasti hy\u00f6ty\u00e4 my\u00f6s [&hellip;]<\/p>\n","protected":false},"author":312,"featured_media":0,"parent":0,"menu_order":0,"comment_status":"closed","ping_status":"closed","template":"","meta":{"_acf_changed":false,"_et_pb_use_builder":"on","_et_pb_old_content":"<img class=\"size-full wp-image-2102 alignleft\" src=\"https:\/\/rotary.fi\/tuiranrotaryklubi\/wp-content\/uploads\/sites\/190\/2020\/11\/banner-sis-viestinnacc88n-kehittacc88minen-1.jpg\" alt=\"\" width=\"586\" height=\"108\" \/>\r\n\r\n\u00a0\r\n\r\n\u00a0\r\n\r\nCovid-19-pandemia asettaa kokoontumisille rajoituksia ja osa etenkin meist\u00e4 riskiryhm\u00e4l\u00e4isist\u00e4 ep\u00e4r\u00f6i liikkumista v\u00e4enpaljoudessa.\r\n\r\n<strong>Siksi<\/strong>\u00a0<strong>klubimme ottaa nyt\u00a0k\u00e4ytt\u00f6\u00f6n ZOOMin<\/strong>. Se on et\u00e4osallistumisen mahdollistava ohjelma, jolla voimme toteuttaa verkkokokouksia, webinaareja ja koulutusta.\u00a0 Et\u00e4osallistuminen on alkuvirityksen j\u00e4lkeen todella helppoa ja tehokasta, joten t\u00e4st\u00e4 ty\u00f6kalusta on monenlaista hy\u00f6ty\u00e4 my\u00f6s sitten, kun t\u00e4m\u00e4 epidemia on voitettu.\r\n\r\nEt\u00e4yhteyksien avulla opimme oikeasti tuntemaan toisiamme jopa paremmmin kuin tiukasti ajoitetuissa viikkokokouksissa. N\u00e4in opimme tuntemaan toistemme persoonallisuuksia, taitoja, harrastuksia ja ajatuksia.\r\n\r\n<strong>Zoom-kokouksessa\u00a0voimme\u00a0<\/strong>l\u00e4hett\u00e4\u00e4 videokuvaa tietokoneen kameralla,\u00a0keskustella suullisesti kuulokemikrofonin ja kirjallisesti k\u00e4tev\u00e4n keskustelupalstan eli chatin avulla sek\u00e4\u00a0jakaa tiedostoja ja oman tietokoneen n\u00e4yt\u00f6n.\r\n\r\n<strong>Et\u00e4osallistuminen on helppoa ja tehokasta, joten ty\u00f6kalusta on kovasti hy\u00f6ty\u00e4 my\u00f6s sitten, kun t\u00e4m\u00e4 epidemia on voitettu.\u00a0<\/strong>\r\n\r\n<strong>Jos sinulla on\u00a0vaikeuksia k\u00e4ytt\u00f6\u00f6notossa<\/strong>, ota yhteytt\u00e4 Joreen - <a href=\"mailto:jorma.tapio@gmail.com\" data-emb-href-display=\"jorma.tapio@gmail.com\" data-cke-saved-href=\"mailto:jorma.tapio@gmail.com\">jorma.tapio@gmail.com<\/a>\u00a0tai Yyteen <a href=\"mailto:yytekelha@gmail.com\" data-emb-href-display=\"yytekelha@gmail.com\" data-cke-saved-href=\"mailto:yytekelha@gmail.com\">yytekelha@gmail.com<\/a>\r\n<h3>Kokoukseen liittyminen<\/h3>\r\nVoit osallistua et\u00e4n\u00e4 vaikka kotisohvaltasi\u00a0<a href=\"https:\/\/us02web.zoom.us\/j\/88397703936\" data-emb-href-display=\"us02web.zoom.us\" data-cke-saved-href=\"https:\/\/us02web.zoom.us\/j\/88397703936\">klikkaamalla<\/a> alla olevaa nappia 5-10 min ennen klo 12.00 tai my\u00f6h\u00e4ss\u00e4 sen j\u00e4lkeenkin.\r\n\r\n[button link=\"#https:\/\/us02web.zoom.us\/j\/88397703936\" color=\"silver\" newwindow=\"yes\"] T\u00e4st\u00e4 p\u00e4\u00e4set kokouksiin et\u00e4n\u00e4[\/button]\r\n<h3>Kysymykset ja kommentit esitelm\u00e4n pit\u00e4j\u00e4lle<\/h3>\r\nVinkki! N\u00e4in voit kommentoida ja esitt\u00e4\u00e4 kysymyksi\u00e4 et\u00e4yhteydell\u00e4.\r\n\r\n<img class=\"size-full wp-image-2098 alignleft\" src=\"https:\/\/rotary.fi\/tuiranrotaryklubi\/wp-content\/uploads\/sites\/190\/2020\/11\/chat-painike.jpg\" alt=\"\" width=\"619\" height=\"119\" \/>\r\n<h4><\/h4>\r\n<h4><\/h4>\r\n<h4><img class=\"size-large wp-image-2099 alignleft\" src=\"https:\/\/rotary.fi\/tuiranrotaryklubi\/wp-content\/uploads\/sites\/190\/2020\/11\/chat-ohje.jpg\" alt=\"\" width=\"559\" height=\"529\" \/><\/h4>\r\n<h4><\/h4>\r\n<h4><\/h4>\r\n<h4><\/h4>\r\n<h4><\/h4>\r\n<h4><\/h4>\r\n<h4><\/h4>\r\n<h4><\/h4>\r\n<h4><\/h4>\r\n<h4><\/h4>\r\n<h4><\/h4>\r\n<h4><\/h4>\r\n<h4>Kokousis\u00e4nt\u00e4n\u00e4 toimiminen<\/h4>\r\n\u00a0\r\n\r\n\u00a0\r\n\r\nK\u00e4ytt\u00f6vinkkej\u00e4\r\n\r\n\u00a0\r\n\r\nKysymyksi\u00e4 & vastauksia\r\n\r\n\u00a0","_et_gb_content_width":"","footnotes":""},"class_list":["post-2097","page","type-page","status-publish","hentry"],"acf":[],"yoast_head":"<!-- This site is optimized with the Yoast SEO plugin v27.4 - https:\/\/yoast.com\/product\/yoast-seo-wordpress\/ -->\n<title>ZOOM-viestint\u00e4alustan k\u00e4ytt\u00f6ohjeet - Tuiran Rotaryklubi ry<\/title>\n<meta name=\"description\" content=\"N\u00e4iden ohjeiden avulla sinustakin tulee ZOOM-viestint\u00e4alustan taitava k\u00e4ytt\u00e4j\u00e4.\" \/>\n<meta name=\"robots\" content=\"index, follow, max-snippet:-1, max-image-preview:large, max-video-preview:-1\" \/>\n<link rel=\"canonical\" href=\"https:\/\/rotary.fi\/tuiranrotaryklubi\/zoomin-kayttoohjeet\/\" \/>\n<meta property=\"og:locale\" content=\"fi_FI\" \/>\n<meta property=\"og:type\" content=\"article\" \/>\n<meta property=\"og:title\" content=\"ZOOM-viestint\u00e4alustan k\u00e4ytt\u00f6ohjeet - Tuiran Rotaryklubi ry\" \/>\n<meta property=\"og:description\" content=\"N\u00e4iden ohjeiden avulla sinustakin tulee ZOOM-viestint\u00e4alustan taitava k\u00e4ytt\u00e4j\u00e4.\" \/>\n<meta property=\"og:url\" content=\"https:\/\/rotary.fi\/tuiranrotaryklubi\/zoomin-kayttoohjeet\/\" \/>\n<meta property=\"og:site_name\" content=\"Tuiran Rotaryklubi ry\" \/>\n<meta property=\"article:modified_time\" content=\"2021-04-22T07:27:27+00:00\" \/>\n<meta property=\"og:image\" content=\"https:\/\/rotary.fi\/tuiranrotaryklubi\/wp-content\/uploads\/sites\/190\/2020\/11\/chat-painike.jpg\" \/>\n<meta name=\"twitter:card\" content=\"summary_large_image\" \/>\n<meta name=\"twitter:label1\" content=\"Arvioitu lukuaika\" \/>\n\t<meta name=\"twitter:data1\" content=\"3 minuuttia\" \/>\n<script type=\"application\/ld+json\" class=\"yoast-schema-graph\">{\"@context\":\"https:\\\/\\\/schema.org\",\"@graph\":[{\"@type\":\"WebPage\",\"@id\":\"https:\\\/\\\/rotary.fi\\\/tuiranrotaryklubi\\\/zoomin-kayttoohjeet\\\/\",\"url\":\"https:\\\/\\\/rotary.fi\\\/tuiranrotaryklubi\\\/zoomin-kayttoohjeet\\\/\",\"name\":\"ZOOM-viestint\u00e4alustan k\u00e4ytt\u00f6ohjeet - Tuiran Rotaryklubi ry\",\"isPartOf\":{\"@id\":\"https:\\\/\\\/rotary.fi\\\/tuiranrotaryklubi\\\/#website\"},\"primaryImageOfPage\":{\"@id\":\"https:\\\/\\\/rotary.fi\\\/tuiranrotaryklubi\\\/zoomin-kayttoohjeet\\\/#primaryimage\"},\"image\":{\"@id\":\"https:\\\/\\\/rotary.fi\\\/tuiranrotaryklubi\\\/zoomin-kayttoohjeet\\\/#primaryimage\"},\"thumbnailUrl\":\"https:\\\/\\\/rotary.fi\\\/tuiranrotaryklubi\\\/wp-content\\\/uploads\\\/sites\\\/190\\\/2020\\\/11\\\/chat-painike.jpg\",\"datePublished\":\"2020-11-22T09:32:49+00:00\",\"dateModified\":\"2021-04-22T07:27:27+00:00\",\"description\":\"N\u00e4iden ohjeiden avulla sinustakin tulee ZOOM-viestint\u00e4alustan taitava k\u00e4ytt\u00e4j\u00e4.\",\"breadcrumb\":{\"@id\":\"https:\\\/\\\/rotary.fi\\\/tuiranrotaryklubi\\\/zoomin-kayttoohjeet\\\/#breadcrumb\"},\"inLanguage\":\"fi\",\"potentialAction\":[{\"@type\":\"ReadAction\",\"target\":[\"https:\\\/\\\/rotary.fi\\\/tuiranrotaryklubi\\\/zoomin-kayttoohjeet\\\/\"]}]},{\"@type\":\"ImageObject\",\"inLanguage\":\"fi\",\"@id\":\"https:\\\/\\\/rotary.fi\\\/tuiranrotaryklubi\\\/zoomin-kayttoohjeet\\\/#primaryimage\",\"url\":\"https:\\\/\\\/rotary.fi\\\/tuiranrotaryklubi\\\/wp-content\\\/uploads\\\/sites\\\/190\\\/2020\\\/11\\\/chat-painike.jpg\",\"contentUrl\":\"https:\\\/\\\/rotary.fi\\\/tuiranrotaryklubi\\\/wp-content\\\/uploads\\\/sites\\\/190\\\/2020\\\/11\\\/chat-painike.jpg\",\"width\":619,\"height\":119},{\"@type\":\"BreadcrumbList\",\"@id\":\"https:\\\/\\\/rotary.fi\\\/tuiranrotaryklubi\\\/zoomin-kayttoohjeet\\\/#breadcrumb\",\"itemListElement\":[{\"@type\":\"ListItem\",\"position\":1,\"name\":\"Home\",\"item\":\"https:\\\/\\\/rotary.fi\\\/tuiranrotaryklubi\\\/\"},{\"@type\":\"ListItem\",\"position\":2,\"name\":\"ZOOM-viestint\u00e4alustan k\u00e4ytt\u00f6ohjeet\"}]},{\"@type\":\"WebSite\",\"@id\":\"https:\\\/\\\/rotary.fi\\\/tuiranrotaryklubi\\\/#website\",\"url\":\"https:\\\/\\\/rotary.fi\\\/tuiranrotaryklubi\\\/\",\"name\":\"Tuiran Rotaryklubi ry\",\"description\":\"Uusi Rotary klubisivusto\",\"potentialAction\":[{\"@type\":\"SearchAction\",\"target\":{\"@type\":\"EntryPoint\",\"urlTemplate\":\"https:\\\/\\\/rotary.fi\\\/tuiranrotaryklubi\\\/?s={search_term_string}\"},\"query-input\":{\"@type\":\"PropertyValueSpecification\",\"valueRequired\":true,\"valueName\":\"search_term_string\"}}],\"inLanguage\":\"fi\"}]}<\/script>\n<!-- \/ Yoast SEO plugin. -->","yoast_head_json":{"title":"ZOOM-viestint\u00e4alustan k\u00e4ytt\u00f6ohjeet - Tuiran Rotaryklubi ry","description":"N\u00e4iden ohjeiden avulla sinustakin tulee ZOOM-viestint\u00e4alustan taitava k\u00e4ytt\u00e4j\u00e4.","robots":{"index":"index","follow":"follow","max-snippet":"max-snippet:-1","max-image-preview":"max-image-preview:large","max-video-preview":"max-video-preview:-1"},"canonical":"https:\/\/rotary.fi\/tuiranrotaryklubi\/zoomin-kayttoohjeet\/","og_locale":"fi_FI","og_type":"article","og_title":"ZOOM-viestint\u00e4alustan k\u00e4ytt\u00f6ohjeet - Tuiran Rotaryklubi ry","og_description":"N\u00e4iden ohjeiden avulla sinustakin tulee ZOOM-viestint\u00e4alustan taitava k\u00e4ytt\u00e4j\u00e4.","og_url":"https:\/\/rotary.fi\/tuiranrotaryklubi\/zoomin-kayttoohjeet\/","og_site_name":"Tuiran Rotaryklubi ry","article_modified_time":"2021-04-22T07:27:27+00:00","og_image":[{"url":"https:\/\/rotary.fi\/tuiranrotaryklubi\/wp-content\/uploads\/sites\/190\/2020\/11\/chat-painike.jpg","type":"","width":"","height":""}],"twitter_card":"summary_large_image","twitter_misc":{"Arvioitu lukuaika":"3 minuuttia"},"schema":{"@context":"https:\/\/schema.org","@graph":[{"@type":"WebPage","@id":"https:\/\/rotary.fi\/tuiranrotaryklubi\/zoomin-kayttoohjeet\/","url":"https:\/\/rotary.fi\/tuiranrotaryklubi\/zoomin-kayttoohjeet\/","name":"ZOOM-viestint\u00e4alustan k\u00e4ytt\u00f6ohjeet - Tuiran Rotaryklubi ry","isPartOf":{"@id":"https:\/\/rotary.fi\/tuiranrotaryklubi\/#website"},"primaryImageOfPage":{"@id":"https:\/\/rotary.fi\/tuiranrotaryklubi\/zoomin-kayttoohjeet\/#primaryimage"},"image":{"@id":"https:\/\/rotary.fi\/tuiranrotaryklubi\/zoomin-kayttoohjeet\/#primaryimage"},"thumbnailUrl":"https:\/\/rotary.fi\/tuiranrotaryklubi\/wp-content\/uploads\/sites\/190\/2020\/11\/chat-painike.jpg","datePublished":"2020-11-22T09:32:49+00:00","dateModified":"2021-04-22T07:27:27+00:00","description":"N\u00e4iden ohjeiden avulla sinustakin tulee ZOOM-viestint\u00e4alustan taitava k\u00e4ytt\u00e4j\u00e4.","breadcrumb":{"@id":"https:\/\/rotary.fi\/tuiranrotaryklubi\/zoomin-kayttoohjeet\/#breadcrumb"},"inLanguage":"fi","potentialAction":[{"@type":"ReadAction","target":["https:\/\/rotary.fi\/tuiranrotaryklubi\/zoomin-kayttoohjeet\/"]}]},{"@type":"ImageObject","inLanguage":"fi","@id":"https:\/\/rotary.fi\/tuiranrotaryklubi\/zoomin-kayttoohjeet\/#primaryimage","url":"https:\/\/rotary.fi\/tuiranrotaryklubi\/wp-content\/uploads\/sites\/190\/2020\/11\/chat-painike.jpg","contentUrl":"https:\/\/rotary.fi\/tuiranrotaryklubi\/wp-content\/uploads\/sites\/190\/2020\/11\/chat-painike.jpg","width":619,"height":119},{"@type":"BreadcrumbList","@id":"https:\/\/rotary.fi\/tuiranrotaryklubi\/zoomin-kayttoohjeet\/#breadcrumb","itemListElement":[{"@type":"ListItem","position":1,"name":"Home","item":"https:\/\/rotary.fi\/tuiranrotaryklubi\/"},{"@type":"ListItem","position":2,"name":"ZOOM-viestint\u00e4alustan k\u00e4ytt\u00f6ohjeet"}]},{"@type":"WebSite","@id":"https:\/\/rotary.fi\/tuiranrotaryklubi\/#website","url":"https:\/\/rotary.fi\/tuiranrotaryklubi\/","name":"Tuiran Rotaryklubi ry","description":"Uusi Rotary klubisivusto","potentialAction":[{"@type":"SearchAction","target":{"@type":"EntryPoint","urlTemplate":"https:\/\/rotary.fi\/tuiranrotaryklubi\/?s={search_term_string}"},"query-input":{"@type":"PropertyValueSpecification","valueRequired":true,"valueName":"search_term_string"}}],"inLanguage":"fi"}]}},"lang":"fi","translations":{"fi":2097},"pll_sync_post":[],"_links":{"self":[{"href":"https:\/\/rotary.fi\/tuiranrotaryklubi\/wp-json\/wp\/v2\/pages\/2097","targetHints":{"allow":["GET"]}}],"collection":[{"href":"https:\/\/rotary.fi\/tuiranrotaryklubi\/wp-json\/wp\/v2\/pages"}],"about":[{"href":"https:\/\/rotary.fi\/tuiranrotaryklubi\/wp-json\/wp\/v2\/types\/page"}],"author":[{"embeddable":true,"href":"https:\/\/rotary.fi\/tuiranrotaryklubi\/wp-json\/wp\/v2\/users\/312"}],"replies":[{"embeddable":true,"href":"https:\/\/rotary.fi\/tuiranrotaryklubi\/wp-json\/wp\/v2\/comments?post=2097"}],"version-history":[{"count":44,"href":"https:\/\/rotary.fi\/tuiranrotaryklubi\/wp-json\/wp\/v2\/pages\/2097\/revisions"}],"predecessor-version":[{"id":2417,"href":"https:\/\/rotary.fi\/tuiranrotaryklubi\/wp-json\/wp\/v2\/pages\/2097\/revisions\/2417"}],"wp:attachment":[{"href":"https:\/\/rotary.fi\/tuiranrotaryklubi\/wp-json\/wp\/v2\/media?parent=2097"}],"curies":[{"name":"wp","href":"https:\/\/api.w.org\/{rel}","templated":true}]}}