{"id":1955,"date":"2020-11-02T11:06:39","date_gmt":"2020-11-02T09:06:39","guid":{"rendered":"https:\/\/rotary.fi\/tuiranrotaryklubi\/?page_id=1955"},"modified":"2022-08-06T00:13:02","modified_gmt":"2022-08-05T21:13:02","slug":"klubisaannot","status":"publish","type":"page","link":"https:\/\/rotary.fi\/tuiranrotaryklubi\/keita-olemme\/klubisaannot\/","title":{"rendered":"Klubis\u00e4\u00e4nn\u00f6t"},"content":{"rendered":"<p>[et_pb_section fb_built=&#8221;1&#8243; theme_builder_area=&#8221;post_content&#8221; _builder_version=&#8221;4.17.4&#8243; _module_preset=&#8221;default&#8221;][et_pb_row _builder_version=&#8221;4.17.4&#8243; _module_preset=&#8221;default&#8221; theme_builder_area=&#8221;post_content&#8221;][et_pb_column _builder_version=&#8221;4.17.4&#8243; _module_preset=&#8221;default&#8221; type=&#8221;4_4&#8243; theme_builder_area=&#8221;post_content&#8221;][et_pb_image src=&#8221;https:\/\/rotary.fi\/tuiranrotaryklubi\/wp-content\/uploads\/sites\/190\/2022\/08\/klubin-saannot-kuva.jpg&#8221; _builder_version=&#8221;4.17.4&#8243; _module_preset=&#8221;default&#8221; theme_builder_area=&#8221;post_content&#8221; title_text=&#8221;Klubin sa\u0308a\u0308nno\u0308t -kuva&#8221; hover_enabled=&#8221;0&#8243; sticky_enabled=&#8221;0&#8243; url=&#8221;https:\/\/rotary.fi\/tuiranrotaryklubi\/wp-content\/uploads\/sites\/190\/2020\/11\/Tuiran-Rotaryklubin-sa\u0308a\u0308nno\u0308t-2017.pdf&#8221;][\/et_pb_image][\/et_pb_column][\/et_pb_row][\/et_pb_section]<\/p>\n","protected":false},"excerpt":{"rendered":"","protected":false},"author":312,"featured_media":0,"parent":129,"menu_order":0,"comment_status":"closed","ping_status":"closed","template":"","meta":{"_acf_changed":false,"_et_pb_use_builder":"on","_et_pb_old_content":"<a href=\"https:\/\/rotary.fi\/tuiranrotaryklubi\/wp-content\/uploads\/sites\/190\/2020\/11\/Tuiran-Rotaryklubin-sa\u0308a\u0308nno\u0308t-2017.pdf\">Tuiran Rotaryklubin sa\u0308a\u0308nno\u0308t 2017<\/a>\r\n\r\n- hyv\u00e4ksytty PRH:ssa 16.8.2017","_et_gb_content_width":"","footnotes":""},"class_list":["post-1955","page","type-page","status-publish","hentry"],"acf":[],"yoast_head":"<!-- This site is optimized with the Yoast SEO plugin v27.4 - https:\/\/yoast.com\/product\/yoast-seo-wordpress\/ -->\n<title>Klubis\u00e4\u00e4nn\u00f6t - Tuiran Rotaryklubi ry<\/title>\n<meta name=\"robots\" content=\"index, follow, max-snippet:-1, max-image-preview:large, max-video-preview:-1\" \/>\n<link rel=\"canonical\" href=\"https:\/\/rotary.fi\/tuiranrotaryklubi\/keita-olemme\/klubisaannot\/\" \/>\n<meta property=\"og:locale\" content=\"fi_FI\" \/>\n<meta property=\"og:type\" content=\"article\" \/>\n<meta property=\"og:title\" content=\"Klubis\u00e4\u00e4nn\u00f6t - Tuiran Rotaryklubi ry\" \/>\n<meta property=\"og:url\" content=\"https:\/\/rotary.fi\/tuiranrotaryklubi\/keita-olemme\/klubisaannot\/\" \/>\n<meta property=\"og:site_name\" content=\"Tuiran Rotaryklubi ry\" \/>\n<meta property=\"article:modified_time\" content=\"2022-08-05T21:13:02+00:00\" \/>\n<meta name=\"twitter:card\" content=\"summary_large_image\" \/>\n<meta name=\"twitter:label1\" content=\"Arvioitu lukuaika\" \/>\n\t<meta name=\"twitter:data1\" content=\"1 minuutti\" \/>\n<script type=\"application\/ld+json\" class=\"yoast-schema-graph\">{\"@context\":\"https:\\\/\\\/schema.org\",\"@graph\":[{\"@type\":\"WebPage\",\"@id\":\"https:\\\/\\\/rotary.fi\\\/tuiranrotaryklubi\\\/keita-olemme\\\/klubisaannot\\\/\",\"url\":\"https:\\\/\\\/rotary.fi\\\/tuiranrotaryklubi\\\/keita-olemme\\\/klubisaannot\\\/\",\"name\":\"Klubis\u00e4\u00e4nn\u00f6t - Tuiran Rotaryklubi ry\",\"isPartOf\":{\"@id\":\"https:\\\/\\\/rotary.fi\\\/tuiranrotaryklubi\\\/#website\"},\"datePublished\":\"2020-11-02T09:06:39+00:00\",\"dateModified\":\"2022-08-05T21:13:02+00:00\",\"breadcrumb\":{\"@id\":\"https:\\\/\\\/rotary.fi\\\/tuiranrotaryklubi\\\/keita-olemme\\\/klubisaannot\\\/#breadcrumb\"},\"inLanguage\":\"fi\",\"potentialAction\":[{\"@type\":\"ReadAction\",\"target\":[\"https:\\\/\\\/rotary.fi\\\/tuiranrotaryklubi\\\/keita-olemme\\\/klubisaannot\\\/\"]}]},{\"@type\":\"BreadcrumbList\",\"@id\":\"https:\\\/\\\/rotary.fi\\\/tuiranrotaryklubi\\\/keita-olemme\\\/klubisaannot\\\/#breadcrumb\",\"itemListElement\":[{\"@type\":\"ListItem\",\"position\":1,\"name\":\"Home\",\"item\":\"https:\\\/\\\/rotary.fi\\\/tuiranrotaryklubi\\\/\"},{\"@type\":\"ListItem\",\"position\":2,\"name\":\"Keit\u00e4 olemme\",\"item\":\"https:\\\/\\\/rotary.fi\\\/tuiranrotaryklubi\\\/keita-olemme\\\/\"},{\"@type\":\"ListItem\",\"position\":3,\"name\":\"Klubis\u00e4\u00e4nn\u00f6t\"}]},{\"@type\":\"WebSite\",\"@id\":\"https:\\\/\\\/rotary.fi\\\/tuiranrotaryklubi\\\/#website\",\"url\":\"https:\\\/\\\/rotary.fi\\\/tuiranrotaryklubi\\\/\",\"name\":\"Tuiran Rotaryklubi ry\",\"description\":\"Uusi Rotary klubisivusto\",\"potentialAction\":[{\"@type\":\"SearchAction\",\"target\":{\"@type\":\"EntryPoint\",\"urlTemplate\":\"https:\\\/\\\/rotary.fi\\\/tuiranrotaryklubi\\\/?s={search_term_string}\"},\"query-input\":{\"@type\":\"PropertyValueSpecification\",\"valueRequired\":true,\"valueName\":\"search_term_string\"}}],\"inLanguage\":\"fi\"}]}<\/script>\n<!-- \/ Yoast SEO plugin. -->","yoast_head_json":{"title":"Klubis\u00e4\u00e4nn\u00f6t - Tuiran Rotaryklubi ry","robots":{"index":"index","follow":"follow","max-snippet":"max-snippet:-1","max-image-preview":"max-image-preview:large","max-video-preview":"max-video-preview:-1"},"canonical":"https:\/\/rotary.fi\/tuiranrotaryklubi\/keita-olemme\/klubisaannot\/","og_locale":"fi_FI","og_type":"article","og_title":"Klubis\u00e4\u00e4nn\u00f6t - Tuiran Rotaryklubi ry","og_url":"https:\/\/rotary.fi\/tuiranrotaryklubi\/keita-olemme\/klubisaannot\/","og_site_name":"Tuiran Rotaryklubi ry","article_modified_time":"2022-08-05T21:13:02+00:00","twitter_card":"summary_large_image","twitter_misc":{"Arvioitu lukuaika":"1 minuutti"},"schema":{"@context":"https:\/\/schema.org","@graph":[{"@type":"WebPage","@id":"https:\/\/rotary.fi\/tuiranrotaryklubi\/keita-olemme\/klubisaannot\/","url":"https:\/\/rotary.fi\/tuiranrotaryklubi\/keita-olemme\/klubisaannot\/","name":"Klubis\u00e4\u00e4nn\u00f6t - Tuiran Rotaryklubi ry","isPartOf":{"@id":"https:\/\/rotary.fi\/tuiranrotaryklubi\/#website"},"datePublished":"2020-11-02T09:06:39+00:00","dateModified":"2022-08-05T21:13:02+00:00","breadcrumb":{"@id":"https:\/\/rotary.fi\/tuiranrotaryklubi\/keita-olemme\/klubisaannot\/#breadcrumb"},"inLanguage":"fi","potentialAction":[{"@type":"ReadAction","target":["https:\/\/rotary.fi\/tuiranrotaryklubi\/keita-olemme\/klubisaannot\/"]}]},{"@type":"BreadcrumbList","@id":"https:\/\/rotary.fi\/tuiranrotaryklubi\/keita-olemme\/klubisaannot\/#breadcrumb","itemListElement":[{"@type":"ListItem","position":1,"name":"Home","item":"https:\/\/rotary.fi\/tuiranrotaryklubi\/"},{"@type":"ListItem","position":2,"name":"Keit\u00e4 olemme","item":"https:\/\/rotary.fi\/tuiranrotaryklubi\/keita-olemme\/"},{"@type":"ListItem","position":3,"name":"Klubis\u00e4\u00e4nn\u00f6t"}]},{"@type":"WebSite","@id":"https:\/\/rotary.fi\/tuiranrotaryklubi\/#website","url":"https:\/\/rotary.fi\/tuiranrotaryklubi\/","name":"Tuiran Rotaryklubi ry","description":"Uusi Rotary klubisivusto","potentialAction":[{"@type":"SearchAction","target":{"@type":"EntryPoint","urlTemplate":"https:\/\/rotary.fi\/tuiranrotaryklubi\/?s={search_term_string}"},"query-input":{"@type":"PropertyValueSpecification","valueRequired":true,"valueName":"search_term_string"}}],"inLanguage":"fi"}]}},"lang":"fi","translations":{"fi":1955},"pll_sync_post":[],"_links":{"self":[{"href":"https:\/\/rotary.fi\/tuiranrotaryklubi\/wp-json\/wp\/v2\/pages\/1955","targetHints":{"allow":["GET"]}}],"collection":[{"href":"https:\/\/rotary.fi\/tuiranrotaryklubi\/wp-json\/wp\/v2\/pages"}],"about":[{"href":"https:\/\/rotary.fi\/tuiranrotaryklubi\/wp-json\/wp\/v2\/types\/page"}],"author":[{"embeddable":true,"href":"https:\/\/rotary.fi\/tuiranrotaryklubi\/wp-json\/wp\/v2\/users\/312"}],"replies":[{"embeddable":true,"href":"https:\/\/rotary.fi\/tuiranrotaryklubi\/wp-json\/wp\/v2\/comments?post=1955"}],"version-history":[{"count":4,"href":"https:\/\/rotary.fi\/tuiranrotaryklubi\/wp-json\/wp\/v2\/pages\/1955\/revisions"}],"predecessor-version":[{"id":2613,"href":"https:\/\/rotary.fi\/tuiranrotaryklubi\/wp-json\/wp\/v2\/pages\/1955\/revisions\/2613"}],"up":[{"embeddable":true,"href":"https:\/\/rotary.fi\/tuiranrotaryklubi\/wp-json\/wp\/v2\/pages\/129"}],"wp:attachment":[{"href":"https:\/\/rotary.fi\/tuiranrotaryklubi\/wp-json\/wp\/v2\/media?parent=1955"}],"curies":[{"name":"wp","href":"https:\/\/api.w.org\/{rel}","templated":true}]}}