{"id":173,"date":"2018-08-13T10:39:15","date_gmt":"2018-08-13T07:39:15","guid":{"rendered":"https:\/\/rotary.fi\/tuiranrotaryklubi\/?page_id=173"},"modified":"2020-12-06T12:41:31","modified_gmt":"2020-12-06T10:41:31","slug":"kiinnostaako-jasenyys","status":"publish","type":"page","link":"https:\/\/rotary.fi\/tuiranrotaryklubi\/tule-mukaan\/kiinnostaako-jasenyys\/","title":{"rendered":"Kiinnostaako j\u00e4senyys?"},"content":{"rendered":"<p>[et_pb_section fb_built=&#8221;1&#8243; module_class=&#8221;jumbotron-page&#8221; _builder_version=&#8221;3.22&#8243; background_image=&#8221;https:\/\/rotary.fi\/wp-content\/uploads\/2018\/04\/paakuva_liity_mukaan.jpg&#8221;][et_pb_row _builder_version=&#8221;3.25&#8243; background_size=&#8221;initial&#8221; background_position=&#8221;top_left&#8221; background_repeat=&#8221;repeat&#8221;][et_pb_column type=&#8221;4_4&#8243; _builder_version=&#8221;3.25&#8243; custom_padding=&#8221;|||&#8221; custom_padding__hover=&#8221;|||&#8221;][et_pb_text admin_label=&#8221;P\u00e4\u00e4otsikko&#8221; _builder_version=&#8221;4.4.8&#8243; text_orientation=&#8221;center&#8221; background_layout=&#8221;dark&#8221;]<\/p>\n<h1 style=\"text-align: left\">Kiinnostaako j\u00e4senyys?<\/h1>\n<p>[\/et_pb_text][\/et_pb_column][\/et_pb_row][\/et_pb_section][et_pb_section fb_built=&#8221;1&#8243; specialty=&#8221;on&#8221; module_class_2=&#8221;sivupalkki&#8221; _builder_version=&#8221;3.22&#8243;][et_pb_column type=&#8221;2_3&#8243; specialty_columns=&#8221;2&#8243; _builder_version=&#8221;3.25&#8243; custom_padding=&#8221;|||&#8221; custom_padding__hover=&#8221;|||&#8221;][et_pb_row_inner admin_label=&#8221;Rivi&#8221; _builder_version=&#8221;4.4.8&#8243;][et_pb_column_inner saved_specialty_column_type=&#8221;2_3&#8243; _builder_version=&#8221;3.25&#8243; custom_padding=&#8221;|||&#8221; custom_padding__hover=&#8221;|||&#8221;][et_pb_text admin_label=&#8221;Kiinnostaako j\u00e4senyys? &#8211; Otsikko ennen teksti\u00e4&#8221; _builder_version=&#8221;3.27.4&#8243; text_orientation=&#8221;center&#8221;]<\/p>\n<h1 style=\"text-align: left\"><span style=\"font-size: xx-large\">Kiinnostaako sinua klubimme j\u00e4senyys?<\/span><\/h1>\n<p>[\/et_pb_text][et_pb_text _builder_version=&#8221;4.4.8&#8243;]<\/p>\n<p><span class=\"s1\"><strong>Haluatko tehd\u00e4 hyv\u00e4\u00e4 ja vaikuttaa asioihin niin kotipaikkakunnallasi kuin maailmanlaajuisesti? Liity Rotaryyn!<\/strong><\/span><\/p>\n<p>[\/et_pb_text][\/et_pb_column_inner][\/et_pb_row_inner][et_pb_row_inner column_structure=&#8221;1_2,1_2&#8243; admin_label=&#8221;Rivi&#8221; _builder_version=&#8221;4.4.8&#8243;][et_pb_column_inner type=&#8221;1_2&#8243; saved_specialty_column_type=&#8221;2_3&#8243; _builder_version=&#8221;3.25&#8243; custom_padding=&#8221;|||&#8221; custom_padding__hover=&#8221;|||&#8221;][et_pb_image src=&#8221;https:\/\/rotary.fi\/tuiranrotaryklubi\/wp-content\/uploads\/sites\/190\/2020\/11\/puhekupla-olen-kiinnostunut.jpg&#8221; title_text=&#8221;Puhekupla &#8211; olen kiinnostunut&#8221; _builder_version=&#8221;4.4.8&#8243;][\/et_pb_image][et_pb_text _builder_version=&#8221;4.4.8&#8243;][\/et_pb_text][et_pb_text _builder_version=&#8221;4.4.8&#8243; custom_padding=&#8221;||45px|||&#8221; hover_enabled=&#8221;0&#8243;]<\/p>\n<p class=\"p1\"><span class=\"s1\">\u00a0Saat rotarina hyv\u00e4n mahdollisuuden oman paikkakuntasi kehitt\u00e4miseen yhdess\u00e4 samanhenkisten vaikuttajien kanssa. Voit tehd\u00e4 paljon oman yhteis\u00f6si j\u00e4senen\u00e4, ammattisi edustajana, osaajana ja vaikuttajana. Rotary on kansainv\u00e4linen toimija, jonka kautta avautuu mahdollisuuksia ja n\u00e4k\u00f6aloja my\u00f6s maailmanlaajuiseen toimintaan. Saat erinomaisen mahdollisuuden verkostoitumiseen niin paikallisesti, valtakunnallisesti kuin laajemminkin. <\/span><\/p>\n<p class=\"p1\"><span class=\"s1\">Tutustu my\u00f6s nuorille suunnattuun toimintaan, <a href=\"https:\/\/rotary.fi\/mita-teemme\/nuorisopalvelut\/interact\/\" target=\"_blank\" rel=\"noopener noreferrer\"><span class=\"s2\">Interactiin<\/span><\/a><\/span> <span class=\"s1\">ja <a href=\"https:\/\/rotary.fi\/mita-teemme\/nuorisopalvelut\/rotaract\/\" target=\"_blank\" rel=\"noopener noreferrer\"><span class=\"s2\">Rotaractiin<\/span><\/a><\/span><\/p>\n<p>[\/et_pb_text][\/et_pb_column_inner][et_pb_column_inner type=&#8221;1_2&#8243; saved_specialty_column_type=&#8221;2_3&#8243; _builder_version=&#8221;3.25&#8243; custom_padding=&#8221;|||&#8221; custom_padding__hover=&#8221;|||&#8221;][et_pb_text _builder_version=&#8221;4.4.8&#8243; custom_padding=&#8221;7px|||||&#8221;]<\/p>\n<p><span><strong>Klubimme kutsuu j\u00e4senikseen paikkakuntamme hyv\u00e4maineisia ammattimiehi\u00e4<\/strong>.\u00a0<\/span><span>S\u00e4\u00e4nn\u00f6lliset tapaamiset eri ammattiryhmien edustajien kanssa lis\u00e4\u00e4v\u00e4t ymm\u00e4rryst\u00e4mme eri ammateista.\u00a0Samalla lis\u00e4\u00e4ntyv\u00e4t\u00a0mahdollisuudet tehokkaaseen verkostoitumiseen ja oman yhteiskunnallisen p\u00e4\u00e4oman laajentamiseen.<\/span><\/p>\n<p>[\/et_pb_text][et_pb_text _builder_version=&#8221;4.4.8&#8243;]<\/p>\n<h4 class=\"font_8\"><\/h4>\n<p class=\"font_8\">\n<p class=\"font_8\"><span>Klubissamme on hyv\u00e4, kaverillinen henki.\u00a0<\/span><span>Viikkokokouksissa koet kiinnostavia asiantuntijaesitelmi\u00e4\u00a0el\u00e4m\u00e4n eri aloilta.\u00a0<\/span><span>Opit uutta, saat ajattelemisen aihetta ja p\u00e4\u00e4set osallistumaan keskusteluihin.\u00a0<\/span><span>Samalla verkostoidut mukavien ihmisten kanssa.<\/span><\/p>\n<p class=\"font_8\"><span>Hyv\u00e4ntekev\u00e4isyyshankkeittemme kautta sin\u00e4kin p\u00e4\u00e4set tekem\u00e4\u00e4n hyv\u00e4\u00e4 l\u00e4helle ja kauas.<\/span><\/p>\n<p>[\/et_pb_text][\/et_pb_column_inner][\/et_pb_row_inner][et_pb_row_inner column_structure=&#8221;1_2,1_2&#8243; _builder_version=&#8221;4.4.8&#8243; custom_margin=&#8221;||-317px|||&#8221; custom_padding=&#8221;3px|||||&#8221;][et_pb_column_inner type=&#8221;1_2&#8243; saved_specialty_column_type=&#8221;2_3&#8243; _builder_version=&#8221;4.4.8&#8243;][et_pb_text _builder_version=&#8221;4.4.8&#8243; min_height=&#8221;238px&#8221; max_height=&#8221;691px&#8221; custom_padding=&#8221;||0px|||&#8221;]<\/p>\n<p><strong style=\"font-size: 16px\">Rotarius on hieno harrastus<\/strong><span style=\"font-size: 16px\">,\u00a0jonka avulla voit parantaa maailmaa ja kehitt\u00e4\u00e4 itse\u00e4si ihmisen\u00e4.\u00a0<\/span><\/p>\n<p><span style=\"color: #008080\"><strong>LIITY VAIKUTTAJIIN<br \/><\/strong><\/span><strong style=\"color: #008080\">VAIHDA IDEOITA<br \/><\/strong><strong style=\"color: #008080\">RYHDY\u00a0TEKOIHIN<\/strong><\/p>\n<p>Oheisesta\u00a0<strong><a href=\"https:\/\/www.dropbox.com\/s\/aj5qwngdkpnxue9\/Rotary%20-%20j%C3%A4senrekrytointiesite.pdf?dl=0\">esitteest\u00e4<\/a><\/strong> n\u00e4et, mit\u00e4 kaikkea harrastuksemme tarkoittaa.\u00a0Kun opiskelet aihetta, saat paljon iloa j\u00e4senyydest\u00e4 ja p\u00e4\u00e4set tekem\u00e4\u00e4n hyv\u00e4\u00e4 yhdess\u00e4.<\/p>\n<p>[\/et_pb_text][\/et_pb_column_inner][et_pb_column_inner type=&#8221;1_2&#8243; saved_specialty_column_type=&#8221;2_3&#8243; _builder_version=&#8221;4.4.8&#8243;][et_pb_image src=&#8221;https:\/\/rotary.fi\/tuiranrotaryklubi\/wp-content\/uploads\/sites\/190\/2020\/12\/rotaryesitteen-kansikuva.jpg&#8221; title_text=&#8221;Rotaryesitteen kansikuva&#8221; url=&#8221;https:\/\/www.dropbox.com\/s\/aj5qwngdkpnxue9\/Rotary%20-%20j%C3%A4senrekrytointiesite.pdf?dl=0&#8243; _builder_version=&#8221;4.4.8&#8243; box_shadow_style=&#8221;preset3&#8243;][\/et_pb_image][\/et_pb_column_inner][\/et_pb_row_inner][et_pb_row_inner admin_label=&#8221;Rivi&#8221; _builder_version=&#8221;4.4.8&#8243; min_height=&#8221;698px&#8221; custom_margin=&#8221;204px||||false|false&#8221; custom_padding=&#8221;15px||0px|||&#8221;][et_pb_column_inner saved_specialty_column_type=&#8221;2_3&#8243; _builder_version=&#8221;3.25&#8243; custom_padding=&#8221;|||&#8221; custom_padding__hover=&#8221;|||&#8221;][et_pb_text admin_label=&#8221;Kymmenen hyv\u00e4\u00e4 syyt\u00e4 olla rotari &#8211; Otsikko&#8221; _builder_version=&#8221;4.4.8&#8243; text_orientation=&#8221;center&#8221; custom_padding=&#8221;33px|||||&#8221;]<\/p>\n<h4 style=\"text-align: left\">10 syyt\u00e4 olla rotari<\/h4>\n<p>[\/et_pb_text][et_pb_text _builder_version=&#8221;3.27.4&#8243;]<\/p>\n<p class=\"p1\"><span class=\"s1\"><strong>Rotarina voit<\/strong> <\/span><\/p>\n<p class=\"p1\"><em><span class=\"s1\">1. Palvella ja hy\u00f6dynt\u00e4\u00e4 omaa osaamistasi<br \/> 2. Verkostoitua ammatillisesti<br \/> 3. Kasvaa ja kehitty\u00e4 ihmisen\u00e4<br \/> 4. Solmia uusia yst\u00e4vyyssuhteita<span class=\"Apple-converted-space\">\u00a0 <\/span><br \/> 5. P\u00e4\u00e4st\u00e4 osalliseksi eri kulttuurien monimuotoisuudesta<br \/> 6. Toimia hyv\u00e4n\u00e4 yhteiskunnan j\u00e4senen\u00e4<br \/> 7. Edist\u00e4\u00e4 maailmanlaajuista yhteisymm\u00e4rryst\u00e4<br \/> 8. Viihty\u00e4 mukavassa seurassa ja kokea uusia asioita<br \/> 9. Toimia mukana nuorisovaihdossa ja ottaa halutessasi kotiisi vaihto-oppilaan<br \/> 10. Olla mukana eettisess\u00e4 toiminnassa<\/span><\/em><\/p>\n<p>[\/et_pb_text][et_pb_text _builder_version=&#8221;4.4.8&#8243; custom_margin=&#8221;43px|||||&#8221;]<\/p>\n<h4 class=\"font_8\"><span>Mietitk\u00f6, sopisitko sin\u00e4 rotariksi?<\/span><\/h4>\n<p class=\"font_9\"><span>Oletko ammattikuntasi esimerkillinen edustaja?\u00a0<\/span><span>Ovatko arvosi ja ajatuksesi oikeanlaisia?\u00a0<\/span><\/p>\n<p class=\"font_9\"><span>Ajattelemalla ja toimimalla n\u00e4iden periaatteiden mukaan &#8211;\u00a0muiden samanhenkisten henkil\u00f6iden kanssa &#8211; yhteiskunnan ja maailman kehityksen hyv\u00e4ksi &#8211; olet todenn\u00e4k\u00f6isesti hyv\u00e4\u00a0rotariehdokas.<\/span><\/p>\n<p class=\"font_9\">\n<p>[\/et_pb_text][\/et_pb_column_inner][\/et_pb_row_inner][et_pb_row_inner admin_label=&#8221;Rivi&#8221; _builder_version=&#8221;3.25&#8243;][et_pb_column_inner saved_specialty_column_type=&#8221;2_3&#8243; _builder_version=&#8221;3.25&#8243; custom_padding=&#8221;|||&#8221; custom_padding__hover=&#8221;|||&#8221;][et_pb_text admin_label=&#8221;Nelj\u00e4n kysymyksen koe &#8211; Otsikko&#8221; _builder_version=&#8221;4.4.8&#8243; text_orientation=&#8221;center&#8221; custom_padding=&#8221;1px|||||&#8221;]<\/p>\n<h4 style=\"text-align: left\">Nelj\u00e4n kysymyksen koe<\/h4>\n<p>[\/et_pb_text][et_pb_text _builder_version=&#8221;4.4.8&#8243; custom_padding=&#8221;||0px|||&#8221;]<\/p>\n<p class=\"p1\"><span class=\"s1\"><strong>Rotaryn k\u00e4yt\u00e4nn\u00f6n toimintaa ohjaavat eettiset periaatteet.<\/strong> Nelj\u00e4n kysymyksen kokeella pyrimme<span class=\"Apple-converted-space\">\u00a0 <\/span>edist\u00e4m\u00e4\u00e4n hyvi\u00e4 toimintatapoja niin keskin\u00e4isess\u00e4 kanssak\u00e4ymisess\u00e4 kuin palveluhankkeissa. Tutki siis ajatuksesi, sanasi ja tekosi niiden avulla.<\/span><\/p>\n<p>[\/et_pb_text][\/et_pb_column_inner][\/et_pb_row_inner][et_pb_row_inner admin_label=&#8221;Rivi&#8221; _builder_version=&#8221;3.25&#8243;][et_pb_column_inner saved_specialty_column_type=&#8221;2_3&#8243; _builder_version=&#8221;3.25&#8243; custom_padding=&#8221;|||&#8221; custom_padding__hover=&#8221;|||&#8221;][et_pb_image src=&#8221;https:\/\/rotary.fi\/tuiranrotaryklubi\/wp-content\/uploads\/sites\/190\/2020\/10\/neljacc88n-kysymyksen-koe.jpg&#8221; title_text=&#8221;Nelja\u0308n kysymyksen koe&#8221; _builder_version=&#8221;4.4.8&#8243; custom_margin=&#8221;||34px|||&#8221; custom_padding=&#8221;|21px|25px|0px|false|false&#8221;][\/et_pb_image][et_pb_image src=&#8221;https:\/\/rotary.fi\/tuiranrotaryklubi\/wp-content\/uploads\/sites\/190\/2020\/10\/rotartoiminnan-tavoite.jpg&#8221; title_text=&#8221;Rotartoiminnan tavoite&#8221; _builder_version=&#8221;4.4.8&#8243; custom_padding=&#8221;|0px|38px|0px|false|false&#8221;][\/et_pb_image][\/et_pb_column_inner][\/et_pb_row_inner][\/et_pb_column][et_pb_column type=&#8221;1_3&#8243; _builder_version=&#8221;3.25&#8243; custom_padding=&#8221;|||&#8221; custom_padding__hover=&#8221;|||&#8221;][et_pb_button button_url=&#8221;https:\/\/rotary.fi\/tuiranrotaryklubi\/tule-mukaan\/&#8221; button_text=&#8221;Tule mukaan&#8221; _builder_version=&#8221;4.4.8&#8243; custom_button=&#8221;on&#8221; button_text_size=&#8221;25px&#8221; button_text_color=&#8221;#071e82&#8243; button_bg_color=&#8221;#0c71c3&#8243; button_bg_use_color_gradient=&#8221;on&#8221; button_border_radius=&#8221;27px&#8221; button_letter_spacing=&#8221;2px&#8221; button_font=&#8221;Acme||||||||&#8221; button_icon=&#8221;%%16%%&#8221; custom_padding=&#8221;||0px|||&#8221;][\/et_pb_button][et_pb_sidebar area=&#8221;sidebar-1&#8243; module_class=&#8221;sivupalkki_sisalto&#8221; _builder_version=&#8221;3.4.1&#8243; locked=&#8221;on&#8221;][\/et_pb_sidebar][\/et_pb_column][\/et_pb_section]<\/p>\n","protected":false},"excerpt":{"rendered":"<p>Kiinnostaako j\u00e4senyys?Kiinnostaako sinua klubimme j\u00e4senyys?Haluatko tehd\u00e4 hyv\u00e4\u00e4 ja vaikuttaa asioihin niin kotipaikkakunnallasi kuin maailmanlaajuisesti? Liity Rotaryyn!\u00a0Saat rotarina hyv\u00e4n mahdollisuuden oman paikkakuntasi kehitt\u00e4miseen yhdess\u00e4 samanhenkisten vaikuttajien kanssa. Voit tehd\u00e4 paljon oman yhteis\u00f6si j\u00e4senen\u00e4, ammattisi edustajana, osaajana ja vaikuttajana. Rotary on kansainv\u00e4linen toimija, jonka kautta avautuu mahdollisuuksia ja n\u00e4k\u00f6aloja my\u00f6s maailmanlaajuiseen toimintaan. Saat erinomaisen mahdollisuuden verkostoitumiseen niin [&hellip;]<\/p>\n","protected":false},"author":1,"featured_media":0,"parent":89,"menu_order":0,"comment_status":"closed","ping_status":"closed","template":"","meta":{"_acf_changed":false,"_et_pb_use_builder":"on","_et_pb_old_content":"","_et_gb_content_width":"","footnotes":""},"class_list":["post-173","page","type-page","status-publish","hentry"],"acf":[],"yoast_head":"<!-- This site is optimized with the Yoast SEO plugin v27.4 - https:\/\/yoast.com\/product\/yoast-seo-wordpress\/ -->\n<title>Kiinnostaako j\u00e4senyys? - Tuiran Rotaryklubi ry<\/title>\n<meta name=\"description\" content=\"Klubimme kutsuu j\u00e4senikseen hyv\u00e4maineisia ammattimiehi\u00e4.\u00a0S\u00e4\u00e4nn\u00f6lliset tapaamiset eri ammattiryhmien edustajien kanssa lis\u00e4\u00e4v\u00e4t ymm\u00e4rryst\u00e4mme eri ammateista.\" \/>\n<meta name=\"robots\" content=\"index, follow, max-snippet:-1, max-image-preview:large, max-video-preview:-1\" \/>\n<link rel=\"canonical\" href=\"https:\/\/rotary.fi\/tuiranrotaryklubi\/tule-mukaan\/kiinnostaako-jasenyys\/\" \/>\n<meta property=\"og:locale\" content=\"fi_FI\" \/>\n<meta property=\"og:type\" content=\"article\" \/>\n<meta property=\"og:title\" content=\"Kiinnostaako j\u00e4senyys? - Tuiran Rotaryklubi ry\" \/>\n<meta property=\"og:description\" content=\"Klubimme kutsuu j\u00e4senikseen hyv\u00e4maineisia ammattimiehi\u00e4.\u00a0S\u00e4\u00e4nn\u00f6lliset tapaamiset eri ammattiryhmien edustajien kanssa lis\u00e4\u00e4v\u00e4t ymm\u00e4rryst\u00e4mme eri ammateista.\" \/>\n<meta property=\"og:url\" content=\"https:\/\/rotary.fi\/tuiranrotaryklubi\/tule-mukaan\/kiinnostaako-jasenyys\/\" \/>\n<meta property=\"og:site_name\" content=\"Tuiran Rotaryklubi ry\" \/>\n<meta property=\"article:modified_time\" content=\"2020-12-06T10:41:31+00:00\" \/>\n<meta name=\"twitter:card\" content=\"summary_large_image\" \/>\n<meta name=\"twitter:label1\" content=\"Arvioitu lukuaika\" \/>\n\t<meta name=\"twitter:data1\" content=\"5 minuuttia\" \/>\n<script type=\"application\/ld+json\" class=\"yoast-schema-graph\">{\"@context\":\"https:\\\/\\\/schema.org\",\"@graph\":[{\"@type\":\"WebPage\",\"@id\":\"https:\\\/\\\/rotary.fi\\\/tuiranrotaryklubi\\\/tule-mukaan\\\/kiinnostaako-jasenyys\\\/\",\"url\":\"https:\\\/\\\/rotary.fi\\\/tuiranrotaryklubi\\\/tule-mukaan\\\/kiinnostaako-jasenyys\\\/\",\"name\":\"Kiinnostaako j\u00e4senyys? - Tuiran Rotaryklubi ry\",\"isPartOf\":{\"@id\":\"https:\\\/\\\/rotary.fi\\\/tuiranrotaryklubi\\\/#website\"},\"datePublished\":\"2018-08-13T07:39:15+00:00\",\"dateModified\":\"2020-12-06T10:41:31+00:00\",\"description\":\"Klubimme kutsuu j\u00e4senikseen hyv\u00e4maineisia ammattimiehi\u00e4.\u00a0S\u00e4\u00e4nn\u00f6lliset tapaamiset eri ammattiryhmien edustajien kanssa lis\u00e4\u00e4v\u00e4t ymm\u00e4rryst\u00e4mme eri ammateista.\",\"breadcrumb\":{\"@id\":\"https:\\\/\\\/rotary.fi\\\/tuiranrotaryklubi\\\/tule-mukaan\\\/kiinnostaako-jasenyys\\\/#breadcrumb\"},\"inLanguage\":\"fi\",\"potentialAction\":[{\"@type\":\"ReadAction\",\"target\":[\"https:\\\/\\\/rotary.fi\\\/tuiranrotaryklubi\\\/tule-mukaan\\\/kiinnostaako-jasenyys\\\/\"]}]},{\"@type\":\"BreadcrumbList\",\"@id\":\"https:\\\/\\\/rotary.fi\\\/tuiranrotaryklubi\\\/tule-mukaan\\\/kiinnostaako-jasenyys\\\/#breadcrumb\",\"itemListElement\":[{\"@type\":\"ListItem\",\"position\":1,\"name\":\"Home\",\"item\":\"https:\\\/\\\/rotary.fi\\\/tuiranrotaryklubi\\\/\"},{\"@type\":\"ListItem\",\"position\":2,\"name\":\"Tule mukaan\",\"item\":\"https:\\\/\\\/rotary.fi\\\/tuiranrotaryklubi\\\/tule-mukaan\\\/\"},{\"@type\":\"ListItem\",\"position\":3,\"name\":\"Kiinnostaako j\u00e4senyys?\"}]},{\"@type\":\"WebSite\",\"@id\":\"https:\\\/\\\/rotary.fi\\\/tuiranrotaryklubi\\\/#website\",\"url\":\"https:\\\/\\\/rotary.fi\\\/tuiranrotaryklubi\\\/\",\"name\":\"Tuiran Rotaryklubi ry\",\"description\":\"Uusi Rotary klubisivusto\",\"potentialAction\":[{\"@type\":\"SearchAction\",\"target\":{\"@type\":\"EntryPoint\",\"urlTemplate\":\"https:\\\/\\\/rotary.fi\\\/tuiranrotaryklubi\\\/?s={search_term_string}\"},\"query-input\":{\"@type\":\"PropertyValueSpecification\",\"valueRequired\":true,\"valueName\":\"search_term_string\"}}],\"inLanguage\":\"fi\"}]}<\/script>\n<!-- \/ Yoast SEO plugin. -->","yoast_head_json":{"title":"Kiinnostaako j\u00e4senyys? - Tuiran Rotaryklubi ry","description":"Klubimme kutsuu j\u00e4senikseen hyv\u00e4maineisia ammattimiehi\u00e4.\u00a0S\u00e4\u00e4nn\u00f6lliset tapaamiset eri ammattiryhmien edustajien kanssa lis\u00e4\u00e4v\u00e4t ymm\u00e4rryst\u00e4mme eri ammateista.","robots":{"index":"index","follow":"follow","max-snippet":"max-snippet:-1","max-image-preview":"max-image-preview:large","max-video-preview":"max-video-preview:-1"},"canonical":"https:\/\/rotary.fi\/tuiranrotaryklubi\/tule-mukaan\/kiinnostaako-jasenyys\/","og_locale":"fi_FI","og_type":"article","og_title":"Kiinnostaako j\u00e4senyys? - Tuiran Rotaryklubi ry","og_description":"Klubimme kutsuu j\u00e4senikseen hyv\u00e4maineisia ammattimiehi\u00e4.\u00a0S\u00e4\u00e4nn\u00f6lliset tapaamiset eri ammattiryhmien edustajien kanssa lis\u00e4\u00e4v\u00e4t ymm\u00e4rryst\u00e4mme eri ammateista.","og_url":"https:\/\/rotary.fi\/tuiranrotaryklubi\/tule-mukaan\/kiinnostaako-jasenyys\/","og_site_name":"Tuiran Rotaryklubi ry","article_modified_time":"2020-12-06T10:41:31+00:00","twitter_card":"summary_large_image","twitter_misc":{"Arvioitu lukuaika":"5 minuuttia"},"schema":{"@context":"https:\/\/schema.org","@graph":[{"@type":"WebPage","@id":"https:\/\/rotary.fi\/tuiranrotaryklubi\/tule-mukaan\/kiinnostaako-jasenyys\/","url":"https:\/\/rotary.fi\/tuiranrotaryklubi\/tule-mukaan\/kiinnostaako-jasenyys\/","name":"Kiinnostaako j\u00e4senyys? - Tuiran Rotaryklubi ry","isPartOf":{"@id":"https:\/\/rotary.fi\/tuiranrotaryklubi\/#website"},"datePublished":"2018-08-13T07:39:15+00:00","dateModified":"2020-12-06T10:41:31+00:00","description":"Klubimme kutsuu j\u00e4senikseen hyv\u00e4maineisia ammattimiehi\u00e4.\u00a0S\u00e4\u00e4nn\u00f6lliset tapaamiset eri ammattiryhmien edustajien kanssa lis\u00e4\u00e4v\u00e4t ymm\u00e4rryst\u00e4mme eri ammateista.","breadcrumb":{"@id":"https:\/\/rotary.fi\/tuiranrotaryklubi\/tule-mukaan\/kiinnostaako-jasenyys\/#breadcrumb"},"inLanguage":"fi","potentialAction":[{"@type":"ReadAction","target":["https:\/\/rotary.fi\/tuiranrotaryklubi\/tule-mukaan\/kiinnostaako-jasenyys\/"]}]},{"@type":"BreadcrumbList","@id":"https:\/\/rotary.fi\/tuiranrotaryklubi\/tule-mukaan\/kiinnostaako-jasenyys\/#breadcrumb","itemListElement":[{"@type":"ListItem","position":1,"name":"Home","item":"https:\/\/rotary.fi\/tuiranrotaryklubi\/"},{"@type":"ListItem","position":2,"name":"Tule mukaan","item":"https:\/\/rotary.fi\/tuiranrotaryklubi\/tule-mukaan\/"},{"@type":"ListItem","position":3,"name":"Kiinnostaako j\u00e4senyys?"}]},{"@type":"WebSite","@id":"https:\/\/rotary.fi\/tuiranrotaryklubi\/#website","url":"https:\/\/rotary.fi\/tuiranrotaryklubi\/","name":"Tuiran Rotaryklubi ry","description":"Uusi Rotary klubisivusto","potentialAction":[{"@type":"SearchAction","target":{"@type":"EntryPoint","urlTemplate":"https:\/\/rotary.fi\/tuiranrotaryklubi\/?s={search_term_string}"},"query-input":{"@type":"PropertyValueSpecification","valueRequired":true,"valueName":"search_term_string"}}],"inLanguage":"fi"}]}},"lang":"fi","translations":{"fi":173},"pll_sync_post":[],"_links":{"self":[{"href":"https:\/\/rotary.fi\/tuiranrotaryklubi\/wp-json\/wp\/v2\/pages\/173","targetHints":{"allow":["GET"]}}],"collection":[{"href":"https:\/\/rotary.fi\/tuiranrotaryklubi\/wp-json\/wp\/v2\/pages"}],"about":[{"href":"https:\/\/rotary.fi\/tuiranrotaryklubi\/wp-json\/wp\/v2\/types\/page"}],"author":[{"embeddable":true,"href":"https:\/\/rotary.fi\/tuiranrotaryklubi\/wp-json\/wp\/v2\/users\/1"}],"replies":[{"embeddable":true,"href":"https:\/\/rotary.fi\/tuiranrotaryklubi\/wp-json\/wp\/v2\/comments?post=173"}],"version-history":[{"count":39,"href":"https:\/\/rotary.fi\/tuiranrotaryklubi\/wp-json\/wp\/v2\/pages\/173\/revisions"}],"predecessor-version":[{"id":2298,"href":"https:\/\/rotary.fi\/tuiranrotaryklubi\/wp-json\/wp\/v2\/pages\/173\/revisions\/2298"}],"up":[{"embeddable":true,"href":"https:\/\/rotary.fi\/tuiranrotaryklubi\/wp-json\/wp\/v2\/pages\/89"}],"wp:attachment":[{"href":"https:\/\/rotary.fi\/tuiranrotaryklubi\/wp-json\/wp\/v2\/media?parent=173"}],"curies":[{"name":"wp","href":"https:\/\/api.w.org\/{rel}","templated":true}]}}