{"id":158,"date":"2018-08-13T09:47:58","date_gmt":"2018-08-13T06:47:58","guid":{"rendered":"https:\/\/rotary.fi\/tuiranrotaryklubi\/?page_id=158"},"modified":"2022-08-09T19:46:47","modified_gmt":"2022-08-09T16:46:47","slug":"varainhankinta-ja-lahjoitukset","status":"publish","type":"page","link":"https:\/\/rotary.fi\/tuiranrotaryklubi\/mita-teemme\/varainhankinta-ja-lahjoitukset\/","title":{"rendered":"Varainhankinta ja lahjoitukset"},"content":{"rendered":"<p>[et_pb_section fb_built=&#8221;1&#8243; module_class=&#8221;jumbotron-page&#8221; _builder_version=&#8221;4.16&#8243; background_image=&#8221;https:\/\/rotary.fi\/tuiranrotaryklubi\/wp-content\/uploads\/sites\/190\/2020\/10\/golden-3346988_1920.jpg&#8221; global_colors_info=&#8221;{}&#8221;][et_pb_row _builder_version=&#8221;4.16&#8243; background_size=&#8221;initial&#8221; background_position=&#8221;top_left&#8221; background_repeat=&#8221;repeat&#8221; global_colors_info=&#8221;{}&#8221;][et_pb_column type=&#8221;4_4&#8243; _builder_version=&#8221;4.16&#8243; custom_padding=&#8221;|||&#8221; global_colors_info=&#8221;{}&#8221; custom_padding__hover=&#8221;|||&#8221;][et_pb_text admin_label=&#8221;P\u00e4\u00e4otsikko&#8221; _builder_version=&#8221;4.16&#8243; text_orientation=&#8221;center&#8221; background_layout=&#8221;dark&#8221; global_colors_info=&#8221;{}&#8221;]<\/p>\n<h1 style=\"text-align: left\">Varainhankinta ja lahjoitukset<\/h1>\n<p>[\/et_pb_text][\/et_pb_column][\/et_pb_row][\/et_pb_section][et_pb_section fb_built=&#8221;1&#8243; _builder_version=&#8221;4.16&#8243; custom_margin=&#8221;||-45px|||&#8221; custom_padding=&#8221;||14px|||&#8221; global_colors_info=&#8221;{}&#8221;][et_pb_row _builder_version=&#8221;4.16&#8243; custom_padding=&#8221;||0px|||&#8221; global_colors_info=&#8221;{}&#8221;][et_pb_column type=&#8221;4_4&#8243; _builder_version=&#8221;4.16&#8243; global_colors_info=&#8221;{}&#8221;][et_pb_text _builder_version=&#8221;4.16&#8243; global_colors_info=&#8221;{}&#8221;]<\/p>\n<h3><span>Olemme mukana maailmanlaajuisessa palveluty\u00f6ss\u00e4<\/span><\/h3>\n<p><span style=\"font-size: 16px\">Lahjoitamme varoja Rotarys\u00e4\u00e4ti\u00f6n kautta humanit\u00e4\u00e4risiin projekteihin, jotka tukevat \u00e4itien ja lasten terveyden kohentamista sek\u00e4 sairauksien ehk\u00e4isy\u00e4 ja hoitoa. S\u00e4\u00e4ti\u00f6 edist\u00e4\u00e4 my\u00f6s koulutusta ja lukutaitoa, vahvistaa rauhanty\u00f6t\u00e4, auttaa kasvattamaan paikallistalouksia ja yhteis\u00f6j\u00e4 sek\u00e4 edist\u00e4\u00e4 puhtaan veden saantia ja hygieniaosaamista.<\/span><\/p>\n<p>[\/et_pb_text][et_pb_text _builder_version=&#8221;4.16&#8243; global_colors_info=&#8221;{}&#8221;]<\/p>\n<h3><span>End Polio Now<\/span><\/h3>\n<p><span style=\"font-size: 16px\">Klubimme\u00a0<\/span>osallistuu my\u00f6s rotareiden aloitteesta k\u00e4ynnistyneeseen ty\u00f6h\u00f6n polion poistamiseksi maailmasta henkil\u00f6kohtaisin lahjoituksin ja projektien avulla. Rotarit ovat tehneet ty\u00f6t\u00e4 villin polioviruksen poistamiseksi jo kolmenkymmenen vuoden ajan. Nyky\u00e4\u00e4n villin polioviruksen vuoksi sairastuu vuosittain en\u00e4\u00e4 muutamia kymmeni\u00e4 lapsia, kun projektin alkuvaiheessa luvut olivat jopa 350 000 lasta vuodessa.<\/p>\n<p>T\u00e4n\u00e4 p\u00e4iv\u00e4n\u00e4 t\u00e4h\u00e4n kotoper\u00e4iseen polioon sairastuneet lapset asuvat yleens\u00e4 vaikeakulkuisilla seuduilla mm. Afganistanissa ja Jemeniss\u00e4. Rotarit ovat antaneet lupauksensa saattaa projekti p\u00e4\u00e4t\u00f6kseen, joten my\u00f6s meid\u00e4n klubimme osallistuu omalla<\/p>\n<p>[\/et_pb_text][\/et_pb_column][\/et_pb_row][\/et_pb_section][et_pb_section fb_built=&#8221;1&#8243; specialty=&#8221;on&#8221; module_class_2=&#8221;sivupalkki&#8221; _builder_version=&#8221;4.16&#8243; min_height=&#8221;829px&#8221; global_colors_info=&#8221;{}&#8221;][et_pb_column type=&#8221;2_3&#8243; specialty_columns=&#8221;2&#8243; _builder_version=&#8221;4.16&#8243; custom_padding=&#8221;|||&#8221; global_colors_info=&#8221;{}&#8221; custom_padding__hover=&#8221;|||&#8221;][et_pb_row_inner admin_label=&#8221;Rivi&#8221; _builder_version=&#8221;4.16&#8243; custom_padding=&#8221;0px|||||&#8221; global_colors_info=&#8221;{}&#8221;][et_pb_column_inner saved_specialty_column_type=&#8221;2_3&#8243; _builder_version=&#8221;4.16&#8243; custom_padding=&#8221;|||&#8221; global_colors_info=&#8221;{}&#8221; custom_padding__hover=&#8221;|||&#8221;][et_pb_text _builder_version=&#8221;4.17.4&#8243; hover_enabled=&#8221;0&#8243; global_colors_info=&#8221;{}&#8221; sticky_enabled=&#8221;0&#8243;]<\/p>\n<p>&nbsp;<\/p>\n<h3>Kansainv\u00e4linen nuorisovaihtoty\u00f6<\/h3>\n<p><strong>Tuiran rotaryklubi on aktiivinen <a href=\"https:\/\/rotary.fi\/tuiranrotaryklubi\/mita-teemme\/nuorisovaihto\/\">nuorisovaihtotoiminnassa<\/a>:<\/strong> olemme l\u00e4hett\u00e4neet vuosittain suomalaisia vaihto-oppilaita maailmalle ja vastaavasti is\u00e4nn\u00f6ineet ulkomaisia vaihtareita. Toiminnan rahoittamiseksi ker\u00e4\u00e4mme varoja.\u00a0<\/p>\n<p>[\/et_pb_text][\/et_pb_column_inner][\/et_pb_row_inner][\/et_pb_column][et_pb_column type=&#8221;1_3&#8243; _builder_version=&#8221;4.16&#8243; custom_padding=&#8221;|||&#8221; global_colors_info=&#8221;{}&#8221; custom_padding__hover=&#8221;|||&#8221;][et_pb_sidebar area=&#8221;sidebar-1&#8243; module_class=&#8221;sivupalkki_sisalto&#8221; _builder_version=&#8221;4.16&#8243; locked=&#8221;on&#8221; global_colors_info=&#8221;{}&#8221;]<br \/>\n[\/et_pb_sidebar][\/et_pb_column][\/et_pb_section]<\/p>\n","protected":false},"excerpt":{"rendered":"<p>Varainhankinta ja lahjoituksetOlemme mukana maailmanlaajuisessa palveluty\u00f6ss\u00e4 Lahjoitamme varoja Rotarys\u00e4\u00e4ti\u00f6n kautta humanit\u00e4\u00e4risiin projekteihin, jotka tukevat \u00e4itien ja lasten terveyden kohentamista sek\u00e4 sairauksien ehk\u00e4isy\u00e4 ja hoitoa. S\u00e4\u00e4ti\u00f6 edist\u00e4\u00e4 my\u00f6s koulutusta ja lukutaitoa, vahvistaa rauhanty\u00f6t\u00e4, auttaa kasvattamaan paikallistalouksia ja yhteis\u00f6j\u00e4 sek\u00e4 edist\u00e4\u00e4 puhtaan veden saantia ja hygieniaosaamista.End Polio Now Klubimme\u00a0osallistuu my\u00f6s rotareiden aloitteesta k\u00e4ynnistyneeseen ty\u00f6h\u00f6n polion poistamiseksi maailmasta [&hellip;]<\/p>\n","protected":false},"author":1,"featured_media":0,"parent":77,"menu_order":0,"comment_status":"closed","ping_status":"closed","template":"","meta":{"_acf_changed":false,"_et_pb_use_builder":"on","_et_pb_old_content":"","_et_gb_content_width":"","footnotes":""},"class_list":["post-158","page","type-page","status-publish","hentry"],"acf":[],"yoast_head":"<!-- This site is optimized with the Yoast SEO plugin v27.4 - https:\/\/yoast.com\/product\/yoast-seo-wordpress\/ -->\n<title>Varainhankinta ja lahjoitukset - Tuiran Rotaryklubi ry<\/title>\n<meta name=\"robots\" content=\"index, follow, max-snippet:-1, max-image-preview:large, max-video-preview:-1\" \/>\n<link rel=\"canonical\" href=\"https:\/\/rotary.fi\/tuiranrotaryklubi\/mita-teemme\/varainhankinta-ja-lahjoitukset\/\" \/>\n<meta property=\"og:locale\" content=\"fi_FI\" \/>\n<meta property=\"og:type\" content=\"article\" \/>\n<meta property=\"og:title\" content=\"Varainhankinta ja lahjoitukset - Tuiran Rotaryklubi ry\" \/>\n<meta property=\"og:description\" content=\"Varainhankinta ja lahjoituksetOlemme mukana maailmanlaajuisessa palveluty\u00f6ss\u00e4 Lahjoitamme varoja Rotarys\u00e4\u00e4ti\u00f6n kautta humanit\u00e4\u00e4risiin projekteihin, jotka tukevat \u00e4itien ja lasten terveyden kohentamista sek\u00e4 sairauksien ehk\u00e4isy\u00e4 ja hoitoa. S\u00e4\u00e4ti\u00f6 edist\u00e4\u00e4 my\u00f6s koulutusta ja lukutaitoa, vahvistaa rauhanty\u00f6t\u00e4, auttaa kasvattamaan paikallistalouksia ja yhteis\u00f6j\u00e4 sek\u00e4 edist\u00e4\u00e4 puhtaan veden saantia ja hygieniaosaamista.End Polio Now Klubimme\u00a0osallistuu my\u00f6s rotareiden aloitteesta k\u00e4ynnistyneeseen ty\u00f6h\u00f6n polion poistamiseksi maailmasta [&hellip;]\" \/>\n<meta property=\"og:url\" content=\"https:\/\/rotary.fi\/tuiranrotaryklubi\/mita-teemme\/varainhankinta-ja-lahjoitukset\/\" \/>\n<meta property=\"og:site_name\" content=\"Tuiran Rotaryklubi ry\" \/>\n<meta property=\"article:modified_time\" content=\"2022-08-09T16:46:47+00:00\" \/>\n<meta name=\"twitter:card\" content=\"summary_large_image\" \/>\n<meta name=\"twitter:label1\" content=\"Arvioitu lukuaika\" \/>\n\t<meta name=\"twitter:data1\" content=\"2 minuuttia\" \/>\n<script type=\"application\/ld+json\" class=\"yoast-schema-graph\">{\"@context\":\"https:\\\/\\\/schema.org\",\"@graph\":[{\"@type\":\"WebPage\",\"@id\":\"https:\\\/\\\/rotary.fi\\\/tuiranrotaryklubi\\\/mita-teemme\\\/varainhankinta-ja-lahjoitukset\\\/\",\"url\":\"https:\\\/\\\/rotary.fi\\\/tuiranrotaryklubi\\\/mita-teemme\\\/varainhankinta-ja-lahjoitukset\\\/\",\"name\":\"Varainhankinta ja lahjoitukset - Tuiran Rotaryklubi ry\",\"isPartOf\":{\"@id\":\"https:\\\/\\\/rotary.fi\\\/tuiranrotaryklubi\\\/#website\"},\"datePublished\":\"2018-08-13T06:47:58+00:00\",\"dateModified\":\"2022-08-09T16:46:47+00:00\",\"breadcrumb\":{\"@id\":\"https:\\\/\\\/rotary.fi\\\/tuiranrotaryklubi\\\/mita-teemme\\\/varainhankinta-ja-lahjoitukset\\\/#breadcrumb\"},\"inLanguage\":\"fi\",\"potentialAction\":[{\"@type\":\"ReadAction\",\"target\":[\"https:\\\/\\\/rotary.fi\\\/tuiranrotaryklubi\\\/mita-teemme\\\/varainhankinta-ja-lahjoitukset\\\/\"]}]},{\"@type\":\"BreadcrumbList\",\"@id\":\"https:\\\/\\\/rotary.fi\\\/tuiranrotaryklubi\\\/mita-teemme\\\/varainhankinta-ja-lahjoitukset\\\/#breadcrumb\",\"itemListElement\":[{\"@type\":\"ListItem\",\"position\":1,\"name\":\"Home\",\"item\":\"https:\\\/\\\/rotary.fi\\\/tuiranrotaryklubi\\\/\"},{\"@type\":\"ListItem\",\"position\":2,\"name\":\"Mit\u00e4 teemme\",\"item\":\"https:\\\/\\\/rotary.fi\\\/tuiranrotaryklubi\\\/mita-teemme\\\/\"},{\"@type\":\"ListItem\",\"position\":3,\"name\":\"Varainhankinta ja lahjoitukset\"}]},{\"@type\":\"WebSite\",\"@id\":\"https:\\\/\\\/rotary.fi\\\/tuiranrotaryklubi\\\/#website\",\"url\":\"https:\\\/\\\/rotary.fi\\\/tuiranrotaryklubi\\\/\",\"name\":\"Tuiran Rotaryklubi ry\",\"description\":\"Uusi Rotary klubisivusto\",\"potentialAction\":[{\"@type\":\"SearchAction\",\"target\":{\"@type\":\"EntryPoint\",\"urlTemplate\":\"https:\\\/\\\/rotary.fi\\\/tuiranrotaryklubi\\\/?s={search_term_string}\"},\"query-input\":{\"@type\":\"PropertyValueSpecification\",\"valueRequired\":true,\"valueName\":\"search_term_string\"}}],\"inLanguage\":\"fi\"}]}<\/script>\n<!-- \/ Yoast SEO plugin. -->","yoast_head_json":{"title":"Varainhankinta ja lahjoitukset - Tuiran Rotaryklubi ry","robots":{"index":"index","follow":"follow","max-snippet":"max-snippet:-1","max-image-preview":"max-image-preview:large","max-video-preview":"max-video-preview:-1"},"canonical":"https:\/\/rotary.fi\/tuiranrotaryklubi\/mita-teemme\/varainhankinta-ja-lahjoitukset\/","og_locale":"fi_FI","og_type":"article","og_title":"Varainhankinta ja lahjoitukset - Tuiran Rotaryklubi ry","og_description":"Varainhankinta ja lahjoituksetOlemme mukana maailmanlaajuisessa palveluty\u00f6ss\u00e4 Lahjoitamme varoja Rotarys\u00e4\u00e4ti\u00f6n kautta humanit\u00e4\u00e4risiin projekteihin, jotka tukevat \u00e4itien ja lasten terveyden kohentamista sek\u00e4 sairauksien ehk\u00e4isy\u00e4 ja hoitoa. S\u00e4\u00e4ti\u00f6 edist\u00e4\u00e4 my\u00f6s koulutusta ja lukutaitoa, vahvistaa rauhanty\u00f6t\u00e4, auttaa kasvattamaan paikallistalouksia ja yhteis\u00f6j\u00e4 sek\u00e4 edist\u00e4\u00e4 puhtaan veden saantia ja hygieniaosaamista.End Polio Now Klubimme\u00a0osallistuu my\u00f6s rotareiden aloitteesta k\u00e4ynnistyneeseen ty\u00f6h\u00f6n polion poistamiseksi maailmasta [&hellip;]","og_url":"https:\/\/rotary.fi\/tuiranrotaryklubi\/mita-teemme\/varainhankinta-ja-lahjoitukset\/","og_site_name":"Tuiran Rotaryklubi ry","article_modified_time":"2022-08-09T16:46:47+00:00","twitter_card":"summary_large_image","twitter_misc":{"Arvioitu lukuaika":"2 minuuttia"},"schema":{"@context":"https:\/\/schema.org","@graph":[{"@type":"WebPage","@id":"https:\/\/rotary.fi\/tuiranrotaryklubi\/mita-teemme\/varainhankinta-ja-lahjoitukset\/","url":"https:\/\/rotary.fi\/tuiranrotaryklubi\/mita-teemme\/varainhankinta-ja-lahjoitukset\/","name":"Varainhankinta ja lahjoitukset - Tuiran Rotaryklubi ry","isPartOf":{"@id":"https:\/\/rotary.fi\/tuiranrotaryklubi\/#website"},"datePublished":"2018-08-13T06:47:58+00:00","dateModified":"2022-08-09T16:46:47+00:00","breadcrumb":{"@id":"https:\/\/rotary.fi\/tuiranrotaryklubi\/mita-teemme\/varainhankinta-ja-lahjoitukset\/#breadcrumb"},"inLanguage":"fi","potentialAction":[{"@type":"ReadAction","target":["https:\/\/rotary.fi\/tuiranrotaryklubi\/mita-teemme\/varainhankinta-ja-lahjoitukset\/"]}]},{"@type":"BreadcrumbList","@id":"https:\/\/rotary.fi\/tuiranrotaryklubi\/mita-teemme\/varainhankinta-ja-lahjoitukset\/#breadcrumb","itemListElement":[{"@type":"ListItem","position":1,"name":"Home","item":"https:\/\/rotary.fi\/tuiranrotaryklubi\/"},{"@type":"ListItem","position":2,"name":"Mit\u00e4 teemme","item":"https:\/\/rotary.fi\/tuiranrotaryklubi\/mita-teemme\/"},{"@type":"ListItem","position":3,"name":"Varainhankinta ja lahjoitukset"}]},{"@type":"WebSite","@id":"https:\/\/rotary.fi\/tuiranrotaryklubi\/#website","url":"https:\/\/rotary.fi\/tuiranrotaryklubi\/","name":"Tuiran Rotaryklubi ry","description":"Uusi Rotary klubisivusto","potentialAction":[{"@type":"SearchAction","target":{"@type":"EntryPoint","urlTemplate":"https:\/\/rotary.fi\/tuiranrotaryklubi\/?s={search_term_string}"},"query-input":{"@type":"PropertyValueSpecification","valueRequired":true,"valueName":"search_term_string"}}],"inLanguage":"fi"}]}},"lang":"fi","translations":{"fi":158},"pll_sync_post":[],"_links":{"self":[{"href":"https:\/\/rotary.fi\/tuiranrotaryklubi\/wp-json\/wp\/v2\/pages\/158","targetHints":{"allow":["GET"]}}],"collection":[{"href":"https:\/\/rotary.fi\/tuiranrotaryklubi\/wp-json\/wp\/v2\/pages"}],"about":[{"href":"https:\/\/rotary.fi\/tuiranrotaryklubi\/wp-json\/wp\/v2\/types\/page"}],"author":[{"embeddable":true,"href":"https:\/\/rotary.fi\/tuiranrotaryklubi\/wp-json\/wp\/v2\/users\/1"}],"replies":[{"embeddable":true,"href":"https:\/\/rotary.fi\/tuiranrotaryklubi\/wp-json\/wp\/v2\/comments?post=158"}],"version-history":[{"count":10,"href":"https:\/\/rotary.fi\/tuiranrotaryklubi\/wp-json\/wp\/v2\/pages\/158\/revisions"}],"predecessor-version":[{"id":2692,"href":"https:\/\/rotary.fi\/tuiranrotaryklubi\/wp-json\/wp\/v2\/pages\/158\/revisions\/2692"}],"up":[{"embeddable":true,"href":"https:\/\/rotary.fi\/tuiranrotaryklubi\/wp-json\/wp\/v2\/pages\/77"}],"wp:attachment":[{"href":"https:\/\/rotary.fi\/tuiranrotaryklubi\/wp-json\/wp\/v2\/media?parent=158"}],"curies":[{"name":"wp","href":"https:\/\/api.w.org\/{rel}","templated":true}]}}