{"id":156,"date":"2018-08-13T09:46:59","date_gmt":"2018-08-13T06:46:59","guid":{"rendered":"https:\/\/rotary.fi\/tuiranrotaryklubi\/?page_id=156"},"modified":"2022-06-15T16:59:11","modified_gmt":"2022-06-15T13:59:11","slug":"projektit","status":"publish","type":"page","link":"https:\/\/rotary.fi\/tuiranrotaryklubi\/mita-teemme\/projektit\/","title":{"rendered":"Projektit"},"content":{"rendered":"<p>[et_pb_section fb_built=&#8221;1&#8243; _builder_version=&#8221;4.16&#8243; background_image=&#8221;https:\/\/rotary.fi\/tuiranrotaryklubi\/wp-content\/uploads\/sites\/190\/2020\/10\/tuira-2.jpg&#8221; global_colors_info=&#8221;{}&#8221;][et_pb_row _builder_version=&#8221;4.16&#8243; global_colors_info=&#8221;{}&#8221;][et_pb_column type=&#8221;4_4&#8243; _builder_version=&#8221;4.16&#8243; global_colors_info=&#8221;{}&#8221;][et_pb_text _builder_version=&#8221;4.16&#8243; global_colors_info=&#8221;{}&#8221;]<\/p>\n<h2><span style=\"color: #ffffff\">Projektit<\/span><\/h2>\n<p>[\/et_pb_text][\/et_pb_column][\/et_pb_row][\/et_pb_section][et_pb_section fb_built=&#8221;1&#8243; specialty=&#8221;on&#8221; module_class_2=&#8221;sivupalkki&#8221; _builder_version=&#8221;4.16&#8243; min_height=&#8221;1868px&#8221; custom_margin=&#8221;0px|||||&#8221; global_colors_info=&#8221;{}&#8221;][et_pb_column type=&#8221;2_3&#8243; specialty_columns=&#8221;2&#8243; _builder_version=&#8221;4.16&#8243; custom_padding=&#8221;|||&#8221; global_colors_info=&#8221;{}&#8221; parallax__hover=&#8221;off&#8221; parallax_method__hover=&#8221;on&#8221; custom_padding__hover=&#8221;|||&#8221;][et_pb_row_inner column_structure=&#8221;1_2,1_2&#8243; _builder_version=&#8221;4.16&#8243; global_colors_info=&#8221;{}&#8221;][et_pb_column_inner type=&#8221;1_2&#8243; saved_specialty_column_type=&#8221;2_3&#8243; _builder_version=&#8221;4.16&#8243; global_colors_info=&#8221;{}&#8221;][et_pb_image src=&#8221;https:\/\/rotary.fi\/tuiranrotaryklubi\/wp-content\/uploads\/sites\/190\/2020\/10\/service-above-self-1.png&#8221; _builder_version=&#8221;4.16&#8243; width=&#8221;69%&#8221; module_alignment=&#8221;right&#8221; global_colors_info=&#8221;{}&#8221;][\/et_pb_image][\/et_pb_column_inner][et_pb_column_inner type=&#8221;1_2&#8243; saved_specialty_column_type=&#8221;2_3&#8243; _builder_version=&#8221;4.16&#8243; global_colors_info=&#8221;{}&#8221;][et_pb_text _builder_version=&#8221;4.16&#8243; global_colors_info=&#8221;{}&#8221;]<\/p>\n<p><span><strong>Rotary on palveluj\u00e4rjest\u00f6<\/strong>, joka toimii tunnuslauseemme <span style=\"color: #3366ff\">Palvelu itsekkyyden edelle (Service above self)<\/span> mukaisesti paikallisesti ja maailmanlaajuisesti.<\/span><\/p>\n<p>[\/et_pb_text][\/et_pb_column_inner][\/et_pb_row_inner][et_pb_row_inner admin_label=&#8221;Rivi&#8221; _builder_version=&#8221;4.16&#8243; global_colors_info=&#8221;{}&#8221;][et_pb_column_inner saved_specialty_column_type=&#8221;2_3&#8243; _builder_version=&#8221;4.16&#8243; custom_padding=&#8221;|||&#8221; global_colors_info=&#8221;{}&#8221; parallax__hover=&#8221;off&#8221; parallax_method__hover=&#8221;on&#8221; custom_padding__hover=&#8221;|||&#8221;][et_pb_text _builder_version=&#8221;4.16&#8243; global_colors_info=&#8221;{}&#8221;]<\/p>\n<p><span>Kansainv\u00e4linen humanit\u00e4\u00e4rinen palvelumme toteutuu Rotarys\u00e4\u00e4ti\u00f6mme koordinoimana ja hyv\u00e4ksyttyjen kumppaneiden kanssa.<\/span><\/p>\n<p>[\/et_pb_text][et_pb_text _builder_version=&#8221;4.16&#8243; global_colors_info=&#8221;{}&#8221;]<\/p>\n<h1><span style=\"color: #019fcb;font-family: 'Roboto Slab', Georgia, 'Times New Roman', serif;font-size: xx-large\">Klubimme omat projektit<\/span><\/h1>\n<p>[\/et_pb_text][et_pb_text _builder_version=&#8221;4.16&#8243; custom_padding=&#8221;0px|||||&#8221; global_colors_info=&#8221;{}&#8221;]<\/p>\n<p><strong style=\"font-size: x-large;color: #019fcb;font-family: 'Roboto Slab', Georgia, 'Times New Roman', serif\"><span class=\"s1\" style=\"font-family: inherit\">Forest Circle<\/span><\/strong><\/p>\n<p class=\"p1\"><span style=\"font-size: 16px\">Kuusiympyr\u00e4n kasvattaminen Kem<\/span><span class=\"s2\" style=\"font-size: 16px\">peleseen (Oulun etel\u00e4puolelle).<\/span><\/p>\n<p class=\"p1\"><span class=\"s1\"><b>T\u00e4m\u00e4 kannanotto maailman pelastamiseksi <\/b><\/span><b>on symbolinen ymp\u00e4rist\u00f6teko ja yksi keino yll\u00e4pit\u00e4\u00e4 keskustelua ja ajatusta \u00e4iti maan pelastamiseksi j\u00e4lkipolvillemme.\u00a0Meill\u00e4 ei ole planeetta B:t\u00e4!<\/b><\/p>\n<p>[\/et_pb_text][et_pb_button button_url=&#8221;https:\/\/climate.nasa.gov\/&#8221; button_text=&#8221;H\u00e4tk\u00e4hdytt\u00e4v\u00e4\u00e4 faktaa&#8221; _builder_version=&#8221;4.16&#8243; global_colors_info=&#8221;{}&#8221;][\/et_pb_button][et_pb_button button_url=&#8221;https:\/\/drive.google.com\/file\/d\/1BRisWhyLcXEmxwAD-ZeHMtM7Zp6YphIq\/view?usp=sharing&#8221; button_text=&#8221;Katso hankkeen esittely&#8221; _builder_version=&#8221;4.16&#8243; global_colors_info=&#8221;{}&#8221;][\/et_pb_button][\/et_pb_column_inner][\/et_pb_row_inner][et_pb_row_inner _builder_version=&#8221;4.16&#8243; global_colors_info=&#8221;{}&#8221;][et_pb_column_inner saved_specialty_column_type=&#8221;2_3&#8243; _builder_version=&#8221;4.16&#8243; global_colors_info=&#8221;{}&#8221;][et_pb_image src=&#8221;https:\/\/rotary.fi\/tuiranrotaryklubi\/wp-content\/uploads\/sites\/190\/2020\/10\/rotary-forest-circle.jpg&#8221; title_text=&#8221;Rotary Forest Circle&#8221; _builder_version=&#8221;4.16&#8243; global_colors_info=&#8221;{}&#8221;][\/et_pb_image][\/et_pb_column_inner][\/et_pb_row_inner][\/et_pb_column][et_pb_column type=&#8221;1_3&#8243; module_class=&#8221;sivupalkki&#8221; _builder_version=&#8221;4.16&#8243; custom_padding=&#8221;|||&#8221; global_colors_info=&#8221;{}&#8221; parallax__hover=&#8221;off&#8221; parallax_method__hover=&#8221;on&#8221; module_class__hover=&#8221;sivupalkki&#8221; custom_padding__hover=&#8221;|||&#8221;][et_pb_sidebar area=&#8221;sidebar-1&#8243; module_class=&#8221;sivupalkki_sisalto&#8221; _builder_version=&#8221;4.16&#8243; locked=&#8221;on&#8221; global_colors_info=&#8221;{}&#8221;][\/et_pb_sidebar][\/et_pb_column][\/et_pb_section][et_pb_section fb_built=&#8221;1&#8243; _builder_version=&#8221;4.16&#8243; global_colors_info=&#8221;{}&#8221;][\/et_pb_section]<\/p>\n","protected":false},"excerpt":{"rendered":"<p>ProjektitRotary on palveluj\u00e4rjest\u00f6, joka toimii tunnuslauseemme Palvelu itsekkyyden edelle (Service above self) mukaisesti paikallisesti ja maailmanlaajuisesti.Kansainv\u00e4linen humanit\u00e4\u00e4rinen palvelumme toteutuu Rotarys\u00e4\u00e4ti\u00f6mme koordinoimana ja hyv\u00e4ksyttyjen kumppaneiden kanssa.Klubimme omat projektitForest Circle Kuusiympyr\u00e4n kasvattaminen Kempeleseen (Oulun etel\u00e4puolelle). T\u00e4m\u00e4 kannanotto maailman pelastamiseksi on symbolinen ymp\u00e4rist\u00f6teko ja yksi keino yll\u00e4pit\u00e4\u00e4 keskustelua ja ajatusta \u00e4iti maan pelastamiseksi j\u00e4lkipolvillemme.\u00a0Meill\u00e4 ei ole planeetta B:t\u00e4!<\/p>\n","protected":false},"author":1,"featured_media":0,"parent":77,"menu_order":0,"comment_status":"closed","ping_status":"closed","template":"","meta":{"_acf_changed":false,"_et_pb_use_builder":"on","_et_pb_old_content":"","_et_gb_content_width":"","footnotes":""},"class_list":["post-156","page","type-page","status-publish","hentry"],"acf":[],"yoast_head":"<!-- This site is optimized with the Yoast SEO plugin v27.4 - https:\/\/yoast.com\/product\/yoast-seo-wordpress\/ -->\n<title>Projektit - Tuiran Rotaryklubi ry<\/title>\n<meta name=\"robots\" content=\"index, follow, max-snippet:-1, max-image-preview:large, max-video-preview:-1\" \/>\n<link rel=\"canonical\" href=\"https:\/\/rotary.fi\/tuiranrotaryklubi\/mita-teemme\/projektit\/\" \/>\n<meta property=\"og:locale\" content=\"fi_FI\" \/>\n<meta property=\"og:type\" content=\"article\" \/>\n<meta property=\"og:title\" content=\"Projektit - Tuiran Rotaryklubi ry\" \/>\n<meta property=\"og:description\" content=\"ProjektitRotary on palveluj\u00e4rjest\u00f6, joka toimii tunnuslauseemme Palvelu itsekkyyden edelle (Service above self) mukaisesti paikallisesti ja maailmanlaajuisesti.Kansainv\u00e4linen humanit\u00e4\u00e4rinen palvelumme toteutuu Rotarys\u00e4\u00e4ti\u00f6mme koordinoimana ja hyv\u00e4ksyttyjen kumppaneiden kanssa.Klubimme omat projektitForest Circle Kuusiympyr\u00e4n kasvattaminen Kempeleseen (Oulun etel\u00e4puolelle). T\u00e4m\u00e4 kannanotto maailman pelastamiseksi on symbolinen ymp\u00e4rist\u00f6teko ja yksi keino yll\u00e4pit\u00e4\u00e4 keskustelua ja ajatusta \u00e4iti maan pelastamiseksi j\u00e4lkipolvillemme.\u00a0Meill\u00e4 ei ole planeetta B:t\u00e4!\" \/>\n<meta property=\"og:url\" content=\"https:\/\/rotary.fi\/tuiranrotaryklubi\/mita-teemme\/projektit\/\" \/>\n<meta property=\"og:site_name\" content=\"Tuiran Rotaryklubi ry\" \/>\n<meta property=\"article:modified_time\" content=\"2022-06-15T13:59:11+00:00\" \/>\n<meta name=\"twitter:card\" content=\"summary_large_image\" \/>\n<meta name=\"twitter:label1\" content=\"Arvioitu lukuaika\" \/>\n\t<meta name=\"twitter:data1\" content=\"3 minuuttia\" \/>\n<script type=\"application\/ld+json\" class=\"yoast-schema-graph\">{\"@context\":\"https:\\\/\\\/schema.org\",\"@graph\":[{\"@type\":\"WebPage\",\"@id\":\"https:\\\/\\\/rotary.fi\\\/tuiranrotaryklubi\\\/mita-teemme\\\/projektit\\\/\",\"url\":\"https:\\\/\\\/rotary.fi\\\/tuiranrotaryklubi\\\/mita-teemme\\\/projektit\\\/\",\"name\":\"Projektit - Tuiran Rotaryklubi ry\",\"isPartOf\":{\"@id\":\"https:\\\/\\\/rotary.fi\\\/tuiranrotaryklubi\\\/#website\"},\"datePublished\":\"2018-08-13T06:46:59+00:00\",\"dateModified\":\"2022-06-15T13:59:11+00:00\",\"breadcrumb\":{\"@id\":\"https:\\\/\\\/rotary.fi\\\/tuiranrotaryklubi\\\/mita-teemme\\\/projektit\\\/#breadcrumb\"},\"inLanguage\":\"fi\",\"potentialAction\":[{\"@type\":\"ReadAction\",\"target\":[\"https:\\\/\\\/rotary.fi\\\/tuiranrotaryklubi\\\/mita-teemme\\\/projektit\\\/\"]}]},{\"@type\":\"BreadcrumbList\",\"@id\":\"https:\\\/\\\/rotary.fi\\\/tuiranrotaryklubi\\\/mita-teemme\\\/projektit\\\/#breadcrumb\",\"itemListElement\":[{\"@type\":\"ListItem\",\"position\":1,\"name\":\"Home\",\"item\":\"https:\\\/\\\/rotary.fi\\\/tuiranrotaryklubi\\\/\"},{\"@type\":\"ListItem\",\"position\":2,\"name\":\"Mit\u00e4 teemme\",\"item\":\"https:\\\/\\\/rotary.fi\\\/tuiranrotaryklubi\\\/mita-teemme\\\/\"},{\"@type\":\"ListItem\",\"position\":3,\"name\":\"Projektit\"}]},{\"@type\":\"WebSite\",\"@id\":\"https:\\\/\\\/rotary.fi\\\/tuiranrotaryklubi\\\/#website\",\"url\":\"https:\\\/\\\/rotary.fi\\\/tuiranrotaryklubi\\\/\",\"name\":\"Tuiran Rotaryklubi ry\",\"description\":\"Uusi Rotary klubisivusto\",\"potentialAction\":[{\"@type\":\"SearchAction\",\"target\":{\"@type\":\"EntryPoint\",\"urlTemplate\":\"https:\\\/\\\/rotary.fi\\\/tuiranrotaryklubi\\\/?s={search_term_string}\"},\"query-input\":{\"@type\":\"PropertyValueSpecification\",\"valueRequired\":true,\"valueName\":\"search_term_string\"}}],\"inLanguage\":\"fi\"}]}<\/script>\n<!-- \/ Yoast SEO plugin. -->","yoast_head_json":{"title":"Projektit - Tuiran Rotaryklubi ry","robots":{"index":"index","follow":"follow","max-snippet":"max-snippet:-1","max-image-preview":"max-image-preview:large","max-video-preview":"max-video-preview:-1"},"canonical":"https:\/\/rotary.fi\/tuiranrotaryklubi\/mita-teemme\/projektit\/","og_locale":"fi_FI","og_type":"article","og_title":"Projektit - Tuiran Rotaryklubi ry","og_description":"ProjektitRotary on palveluj\u00e4rjest\u00f6, joka toimii tunnuslauseemme Palvelu itsekkyyden edelle (Service above self) mukaisesti paikallisesti ja maailmanlaajuisesti.Kansainv\u00e4linen humanit\u00e4\u00e4rinen palvelumme toteutuu Rotarys\u00e4\u00e4ti\u00f6mme koordinoimana ja hyv\u00e4ksyttyjen kumppaneiden kanssa.Klubimme omat projektitForest Circle Kuusiympyr\u00e4n kasvattaminen Kempeleseen (Oulun etel\u00e4puolelle). T\u00e4m\u00e4 kannanotto maailman pelastamiseksi on symbolinen ymp\u00e4rist\u00f6teko ja yksi keino yll\u00e4pit\u00e4\u00e4 keskustelua ja ajatusta \u00e4iti maan pelastamiseksi j\u00e4lkipolvillemme.\u00a0Meill\u00e4 ei ole planeetta B:t\u00e4!","og_url":"https:\/\/rotary.fi\/tuiranrotaryklubi\/mita-teemme\/projektit\/","og_site_name":"Tuiran Rotaryklubi ry","article_modified_time":"2022-06-15T13:59:11+00:00","twitter_card":"summary_large_image","twitter_misc":{"Arvioitu lukuaika":"3 minuuttia"},"schema":{"@context":"https:\/\/schema.org","@graph":[{"@type":"WebPage","@id":"https:\/\/rotary.fi\/tuiranrotaryklubi\/mita-teemme\/projektit\/","url":"https:\/\/rotary.fi\/tuiranrotaryklubi\/mita-teemme\/projektit\/","name":"Projektit - Tuiran Rotaryklubi ry","isPartOf":{"@id":"https:\/\/rotary.fi\/tuiranrotaryklubi\/#website"},"datePublished":"2018-08-13T06:46:59+00:00","dateModified":"2022-06-15T13:59:11+00:00","breadcrumb":{"@id":"https:\/\/rotary.fi\/tuiranrotaryklubi\/mita-teemme\/projektit\/#breadcrumb"},"inLanguage":"fi","potentialAction":[{"@type":"ReadAction","target":["https:\/\/rotary.fi\/tuiranrotaryklubi\/mita-teemme\/projektit\/"]}]},{"@type":"BreadcrumbList","@id":"https:\/\/rotary.fi\/tuiranrotaryklubi\/mita-teemme\/projektit\/#breadcrumb","itemListElement":[{"@type":"ListItem","position":1,"name":"Home","item":"https:\/\/rotary.fi\/tuiranrotaryklubi\/"},{"@type":"ListItem","position":2,"name":"Mit\u00e4 teemme","item":"https:\/\/rotary.fi\/tuiranrotaryklubi\/mita-teemme\/"},{"@type":"ListItem","position":3,"name":"Projektit"}]},{"@type":"WebSite","@id":"https:\/\/rotary.fi\/tuiranrotaryklubi\/#website","url":"https:\/\/rotary.fi\/tuiranrotaryklubi\/","name":"Tuiran Rotaryklubi ry","description":"Uusi Rotary klubisivusto","potentialAction":[{"@type":"SearchAction","target":{"@type":"EntryPoint","urlTemplate":"https:\/\/rotary.fi\/tuiranrotaryklubi\/?s={search_term_string}"},"query-input":{"@type":"PropertyValueSpecification","valueRequired":true,"valueName":"search_term_string"}}],"inLanguage":"fi"}]}},"lang":"fi","translations":{"fi":156},"pll_sync_post":[],"_links":{"self":[{"href":"https:\/\/rotary.fi\/tuiranrotaryklubi\/wp-json\/wp\/v2\/pages\/156","targetHints":{"allow":["GET"]}}],"collection":[{"href":"https:\/\/rotary.fi\/tuiranrotaryklubi\/wp-json\/wp\/v2\/pages"}],"about":[{"href":"https:\/\/rotary.fi\/tuiranrotaryklubi\/wp-json\/wp\/v2\/types\/page"}],"author":[{"embeddable":true,"href":"https:\/\/rotary.fi\/tuiranrotaryklubi\/wp-json\/wp\/v2\/users\/1"}],"replies":[{"embeddable":true,"href":"https:\/\/rotary.fi\/tuiranrotaryklubi\/wp-json\/wp\/v2\/comments?post=156"}],"version-history":[{"count":9,"href":"https:\/\/rotary.fi\/tuiranrotaryklubi\/wp-json\/wp\/v2\/pages\/156\/revisions"}],"predecessor-version":[{"id":2511,"href":"https:\/\/rotary.fi\/tuiranrotaryklubi\/wp-json\/wp\/v2\/pages\/156\/revisions\/2511"}],"up":[{"embeddable":true,"href":"https:\/\/rotary.fi\/tuiranrotaryklubi\/wp-json\/wp\/v2\/pages\/77"}],"wp:attachment":[{"href":"https:\/\/rotary.fi\/tuiranrotaryklubi\/wp-json\/wp\/v2\/media?parent=156"}],"curies":[{"name":"wp","href":"https:\/\/api.w.org\/{rel}","templated":true}]}}