{"id":154,"date":"2018-08-13T09:35:27","date_gmt":"2018-08-13T06:35:27","guid":{"rendered":"https:\/\/rotary.fi\/tuiranrotaryklubi\/?page_id=154"},"modified":"2022-08-31T13:55:19","modified_gmt":"2022-08-31T10:55:19","slug":"nuorisovaihto","status":"publish","type":"page","link":"https:\/\/rotary.fi\/tuiranrotaryklubi\/mita-teemme\/nuorisovaihto\/","title":{"rendered":"Nuorisovaihto"},"content":{"rendered":"<p>[et_pb_section fb_built=&#8221;1&#8243; fullwidth=&#8221;on&#8221; _builder_version=&#8221;4.16&#8243; min_height=&#8221;318.3px&#8221; custom_margin=&#8221;||-64px|||&#8221; global_colors_info=&#8221;{}&#8221;][et_pb_fullwidth_image src=&#8221;https:\/\/rotary.fi\/tuiranrotaryklubi\/wp-content\/uploads\/sites\/190\/2020\/10\/nuorisovaihto-banner.jpg&#8221; title_text=&#8221;Nuorisovaihto-banner&#8221; _builder_version=&#8221;4.16&#8243; global_colors_info=&#8221;{}&#8221;][\/et_pb_fullwidth_image][\/et_pb_section][et_pb_section fb_built=&#8221;1&#8243; _builder_version=&#8221;4.17.4&#8243; _module_preset=&#8221;default&#8221; global_colors_info=&#8221;{}&#8221;][et_pb_row _builder_version=&#8221;4.17.4&#8243; _module_preset=&#8221;default&#8221; custom_padding=&#8221;||4px|4px||&#8221; global_colors_info=&#8221;{}&#8221;][et_pb_column type=&#8221;4_4&#8243; _builder_version=&#8221;4.17.4&#8243; _module_preset=&#8221;default&#8221; global_colors_info=&#8221;{}&#8221;][et_pb_text admin_label=&#8221;Nuorisovaihto &#8211; Otsikko&#8221; _builder_version=&#8221;4.16&#8243; text_font_size=&#8221;14px&#8221; text_orientation=&#8221;center&#8221; custom_padding=&#8221;||1px|||&#8221; inline_fonts=&#8221;ABeeZee&#8221; global_colors_info=&#8221;{}&#8221;]<\/p>\n<h1 style=\"text-align: left\"><strong><span style=\"font-size: xx-large;font-family: inherit\">Nuorisovaihto<\/span><\/strong><\/h1>\n<p>[\/et_pb_text][et_pb_image src=&#8221;https:\/\/rotary.fi\/tuiranrotaryklubi\/wp-content\/uploads\/sites\/190\/2022\/08\/nuorisovaihdon-otsikkokuva.jpg&#8221; title_text=&#8221;Nuorisovaihdon otsikkokuva&#8221; _builder_version=&#8221;4.17.4&#8243; _module_preset=&#8221;default&#8221; global_colors_info=&#8221;{}&#8221;][\/et_pb_image][et_pb_button button_url=&#8221;https:\/\/rotary.fi\/tuiranrotaryklubi\/wp-content\/uploads\/sites\/190\/2022\/08\/RC-Tuiran-nuorisovaihto-03062022.pdf&#8221; button_text=&#8221;Lue lis\u00e4\u00e4 nuorisovaihdosta&#8221; _builder_version=&#8221;4.18.0&#8243; _module_preset=&#8221;default&#8221; hover_enabled=&#8221;0&#8243; global_colors_info=&#8221;{}&#8221; box_shadow_style=&#8221;preset1&#8243; animation_style=&#8221;zoom&#8221; animation_repeat=&#8221;loop&#8221; animation_starting_opacity=&#8221;12%&#8221; custom_button=&#8221;on&#8221; button_text_color=&#8221;#000000&#8243; button_bg_color=&#8221;#D2E4F9&#8243; button_bg_enable_color=&#8221;on&#8221; sticky_enabled=&#8221;0&#8243;][\/et_pb_button][et_pb_text _builder_version=&#8221;4.17.4&#8243; _module_preset=&#8221;default&#8221; global_colors_info=&#8221;{}&#8221;][\/et_pb_text][et_pb_text admin_label=&#8221;Nuorisovaihto &#8211; Otsikko&#8221; _builder_version=&#8221;4.16&#8243; text_font_size=&#8221;14px&#8221; text_orientation=&#8221;center&#8221; custom_padding=&#8221;||1px|||&#8221; inline_fonts=&#8221;ABeeZee&#8221; global_colors_info=&#8221;{}&#8221;]<\/p>\n<h2 style=\"text-align: left\"><span style=\"font-size: xx-large\">Haluaisitko vaihto-oppilaaksi ulkomaille?<\/span><\/h2>\n<p>[\/et_pb_text][et_pb_text _builder_version=&#8221;4.17.4&#8243; _module_preset=&#8221;default&#8221; min_height=&#8221;216.9px&#8221; custom_margin=&#8221;-16px|||||&#8221; custom_padding=&#8221;0px||1px|||&#8221; global_colors_info=&#8221;{}&#8221;]<\/p>\n<p class=\"font_9\"><span class=\"color_2\">Rotary-j\u00e4rjest\u00f6n monipuolisen toiminnan n\u00e4kyvimpi\u00e4 muotoja on nuorisovaihto, joka<\/span> tarjoaa 15\u201319-vuotiaille opiskelijoille mahdollisuuden matkustaa ulkomaille kulttuurivaihtoon. Yhdest\u00e4 viikosta kokonaiseen kouluvuoteen kest\u00e4v\u00e4n vaihdon aikana he tutustuvat uusiin kulttuureihin, oppivat ymm\u00e4rt\u00e4m\u00e4\u00e4n eri n\u00e4k\u00f6kulmia asioihin ja n\u00e4iden kokemusten avulla heid\u00e4n maailmanlaajuinen asioiden ymm\u00e4rt\u00e4misens\u00e4 kasvaa.<\/p>\n<p class=\"font_8\">\n<p class=\"font_8\"><span class=\"color_2\">Vuosittain tarjoutuu yli 8000 nuorelle mahdollisuus tutustua vaihto-oppilaana parin viikon, kuukauden tai kokonaisen kouluvuoden ajan h\u00e4nelle vieraaseen kulttuuriin Rotaryj\u00e4rjest\u00f6n nuorisovaihdon v\u00e4lityksell\u00e4. Suomen nuorisovaihto-organisaation kautta kulkee vuosittain noin 600 suomalaista ja ulkomaalaista nuorta.<\/span><\/p>\n<p>[\/et_pb_text][\/et_pb_column][\/et_pb_row][et_pb_row column_structure=&#8221;1_2,1_2&#8243; _builder_version=&#8221;4.16&#8243; custom_padding=&#8221;1px|||||&#8221; global_colors_info=&#8221;{}&#8221;][et_pb_column type=&#8221;1_2&#8243; _builder_version=&#8221;4.16&#8243; global_colors_info=&#8221;{}&#8221;][et_pb_image src=&#8221;https:\/\/rotary.fi\/tuiranrotaryklubi\/wp-content\/uploads\/sites\/190\/2020\/08\/touth-axchange-logo.jpg&#8221; _builder_version=&#8221;4.16&#8243; width=&#8221;85.8%&#8221; custom_margin=&#8221;|40px||||&#8221; custom_padding=&#8221;|65px||96px||&#8221; global_colors_info=&#8221;{}&#8221;][\/et_pb_image][\/et_pb_column][et_pb_column type=&#8221;1_2&#8243; _builder_version=&#8221;4.16&#8243; global_colors_info=&#8221;{}&#8221;][et_pb_text _builder_version=&#8221;4.17.4&#8243; custom_margin=&#8221;|||-252px||&#8221; custom_padding=&#8221;|||0px||&#8221; global_colors_info=&#8221;{}&#8221;]<\/p>\n<p style=\"text-align: left\"><strong>Tuiran rotaryklubi on aktiivinen nuorisovaihtotoiminnassa:<\/strong> olemme l\u00e4hett\u00e4neet vuosittain suomalaisia vaihto-oppilaita maailmalle ja vastaavasti is\u00e4nn\u00f6ineet ulkomaisia vaihtareita. Pandemian aikana 2020-2021 nuorisovaihtotoiminta keskeytettiin maailmanlaajuisesti.<\/p>\n<p>[\/et_pb_text][\/et_pb_column][\/et_pb_row][et_pb_row admin_label=&#8221;Rivi&#8221; _builder_version=&#8221;4.16&#8243; custom_padding=&#8221;|||6px||&#8221; global_colors_info=&#8221;{}&#8221;][et_pb_column type=&#8221;4_4&#8243; _builder_version=&#8221;4.16&#8243; custom_padding=&#8221;|||&#8221; global_colors_info=&#8221;{}&#8221; parallax__hover=&#8221;off&#8221; parallax_method__hover=&#8221;on&#8221; custom_padding__hover=&#8221;|||&#8221;][et_pb_text _builder_version=&#8221;4.16&#8243; custom_margin=&#8221;-67px|||-6px||&#8221; custom_padding=&#8221;|||0px||&#8221; global_colors_info=&#8221;{}&#8221;]<\/p>\n<p id=\"h.p__jY5OTD3TiFB\" class=\"zfr3Q\"><span style=\"font-size: 16px\">Rotaryn nuorisovaihto on turvallinen ja usein varsin edullinen tapa l\u00e4hte\u00e4 ulkomaille vaihto-oppilaaksi.<\/span><span class=\"Apple-converted-space\" style=\"font-size: 16px\">\u00a0 <\/span><span style=\"font-size: 16px\">Rotaryn nuorisovaihto on sertifioitua ja valvottua. Nuorta sitovat rotareiden ohjeet ja s\u00e4\u00e4nn\u00f6t, se on osa turvallisuutta. Nuori ja h\u00e4nen perheens\u00e4 koulutetaan vaihtovuoden vaatimuksiin ennen nuoren l\u00e4ht\u00f6\u00e4.<\/span><\/p>\n<p class=\"p1\"><span class=\"s1\"><\/span><\/p>\n<p class=\"p1\"><span class=\"s1\">Kun rotaryklubi ottaa vastaan ulkomaisen vaihto-oppilaan, se tarkoittaa samalla, ett\u00e4 meilt\u00e4 vastavuoroisesti p\u00e4\u00e4see nuori ulkomaille. Ulkomailla koulunk\u00e4ynti ei suinkaan aina ole oppilaalle ilmaista, mutta nuoren vastaanottava rotaryklubi vastaa n\u00e4ist\u00e4kin kustannuksista. Nuori saa my\u00f6s samat edut ja huolenpidon kuin maahamme saapuva nuori.<\/span><\/p>\n<p class=\"p1\"><span class=\"s1\"><\/span><\/p>\n<p class=\"font_9\"><span><span style=\"color: #0c71c3\"><strong><span class=\"color_33\">Vuosivaihto<\/span><\/strong><\/span>\u00a0tarkoittaa koko vuoden mittaista oleskelua &#8211; yleens\u00e4 3-4 perheess\u00e4 &#8211; ja koulunk\u00e4ynti\u00e4 kohdemaassa sek\u00e4 samasta maasta vastaoppilaan tuloa Suomeen koko vuodeksi.<\/span><\/p>\n<p class=\"font_8\"><span><span style=\"color: #0c71c3\"><strong><span class=\"color_33\">Kes\u00e4vaihto<\/span><\/strong><\/span><span class=\"color_2\">\u00a0tarkoittaa kuukauden mittaista oleskelua kes\u00e4ll\u00e4 kohdemassa jossain perheess\u00e4 ja sen j\u00e4lkeen sen perheen lapsen majoittamista omaan kotiin kuukaudeksi.<\/span><\/span><\/p>\n<p><span style=\"color: #0c71c3\"><strong><span class=\"color_33\">Leirivaihto<\/span><\/strong><\/span>\u00a0<span class=\"color_2\">on osallistumista kohdemaassa kes\u00e4ll\u00e4 johonkin teemaleiriin. Leiri on yleens\u00e4 noin viikon mittainen, ja sit\u00e4 edelt\u00e4\u00e4 viikon asuminen jossain perheess\u00e4 kohdemaassa.<\/span><\/p>\n<p>Vaihtoon l\u00e4htev\u00e4n ei tarvitse olla Rotary-perheest\u00e4. Tarkempia tietoja nuorisovaihdosta l\u00f6yd\u00e4t\u00a0<a href=\"http:\/\/www.ryefinland.com\/\" target=\"_blank\" data-content=\"http:\/\/www.ryefinland.com\/\" data-type=\"external\" rel=\"noopener noreferrer\"><span class=\"color_2\">Suomen Rotaryn nuorisovaihtosivuilta.\u00a0<\/span><\/a><span style=\"color: #e02b20\"><a href=\"http:\/\/www.ryefinland.com\/\" target=\"_blank\" data-content=\"http:\/\/www.ryefinland.com\/\" data-type=\"external\" rel=\"noopener noreferrer\" style=\"color: #e02b20\"><span class=\"color_2\"><strong><\/strong><\/span><\/a><\/span><\/p>\n<p class=\"font_9\"><span>Oulussa toimivista rotaryklubeista Merikosken Rotaryklubi, Tuiran Rotaryklubi, Ouluntulli, Meri Oulu sek\u00e4 Oulu City huolehtivat vuosivaihdon rekrytointiprosessista keskitetysti. T\u00e4m\u00e4 tarkoittaa sit\u00e4, ett\u00e4 hakijana Sinut otetaan huomioon kaikkien edell\u00e4 mainittujen klubien vuosivaihtohakijana lukuvuodelle 2023-2024 (mahdollisille muille klubeille Sinun tulee huolehtia hakemuksestasi kuhunkin erikseen).<\/span><\/p>\n<p class=\"font_9\"><span>Toivomme Sinun tutustuvan huolellisesti Suomen Rotarien nuorisovaihtosivuihin (linkki: www.rye.fi), miss\u00e4 kerrotaan tarkemmin nuorisovaihtoon liittyvist\u00e4 asioista, kuten\u00a0 aikatauluista, ik\u00e4rajoista, muista edellytyksist\u00e4 jne.<\/span><\/p>\n<h4 class=\"font_9\"><span>Hakeminen Rotaryvaihtoon<\/span><\/h4>\n<p class=\"font_7\"><span><span class=\"color_2\">Mik\u00e4li olet kiinnostunut hakeutumaan vuosivaihtoon ja viett\u00e4m\u00e4\u00e4n ikimuistettavan vuoden ulkomailla tutustuen uuteen kulttuuriin ja ihmisiin, Sinun tulee tehd\u00e4 vapaamuotoinen hakemus sek\u00e4 CV (ansioluettelo) s\u00e4hk\u00f6isesti<span style=\"color: #e02b20\"> <strong>8<\/strong><\/span><\/span><span style=\"color: #e02b20\"><strong><span class=\"color_33\">.10.2022<\/span><\/strong><\/span><span class=\"color_2\"><span style=\"color: #e02b20\">\u00a0<\/span>menness\u00e4 ja l\u00e4hett\u00e4\u00e4 ne\u00a0<\/span>Tuiran rotaryklubin nuorisovaihtotiimin Sakari Nikkil\u00e4lle<span class=\"color_2\">\u00a0(katso yhteydet alla). Mik\u00e4li my\u00f6h\u00e4styit t\u00e4st\u00e4, seuraa uuden kauden hakuja vuoden kuluttua.\u00a0<\/span><\/span><\/p>\n<p class=\"font_7\">\n<p class=\"font_7\"><span><span class=\"color_2\">Sen lis\u00e4ksi, ett\u00e4 vapaamuotoisessa hakemuksessa kerrot itsest\u00e4si, el\u00e4m\u00e4ntilanteestasi sek\u00e4 motiiveistasi l\u00e4hte\u00e4 viett\u00e4m\u00e4\u00e4n toisenlaista kouluvuotta maailmalle, toivomme, ett\u00e4 skannaat hakemuksesi liitteeksi viimeisimm\u00e4n koulutodistuksesi sek\u00e4 mahdolliset harrastus- ja ty\u00f6todistukset, joihin hakemuksessasi tai CV:ss\u00e4si haluat viitata.<\/span><\/span><\/p>\n<p class=\"font_7\"><span><span class=\"color_2\">https:\/\/rotary.fi\/d1400\/wp-content\/uploads\/sites\/174\/2022\/08\/RotaryVaihto_lukuvuodeksi_23_24_ulkomaille_final-1.pdf<\/span><\/span><\/p>\n<p><strong><span class=\"color_2\">Rekrytointiprosessi jatkuu hakemusten j\u00e4tt\u00e4misen j\u00e4lkeen seuraavasti:<\/span>\u00a0<\/strong><\/p>\n<ul class=\"font_7\">\n<li>\n<p class=\"font_8\"><span><span class=\"color_2\">potentiaaliset hakijat kutsutaan haastatteluun lokakuussa (ilmoitus t\u00e4st\u00e4 l\u00e4hetet\u00e4\u00e4n hakijoille syyskuun loppuun menness\u00e4).<\/span><\/span><\/p>\n<\/li>\n<li>\n<p class=\"font_8\"><span><span class=\"color_2\">p\u00e4\u00e4t\u00f6s hyv\u00e4ksytyille\/valituille ilmoitetaan haastattelujen j\u00e4lkeisen viikon aikana<\/span><\/span><\/p>\n<\/li>\n<li>\n<p class=\"font_8\"><span><span class=\"color_2\">klubien valitsemat vaihdokit tapaavat Piirin 1385 nuorisovaihtoedustajan mahdollisimman pian,<\/span><span class=\"color_2\">\u00a0jolloin\u00a0h\u00e4n antaa\u00a0 lopullisen sinetin valinnalle.<\/span><\/span><\/p>\n<\/li>\n<li>\n<p class=\"font_8\"><span><span class=\"color_2\">klubi voi haluta tavata my\u00f6s vanhempasi puhelimitse tai kasvokkain, mist\u00e4 sinulle ilmoitetaan erikseen haastattelun j\u00e4lkeen.<\/span><\/span><\/p>\n<\/li>\n<\/ul>\n<p class=\"font_8\"><strong><span class=\"color_2\">Terveisin\u00a0<\/span>Tuiran klubin nuorisovaihtotiimi:<\/strong><\/p>\n<p class=\"font_8\" style=\"padding-left: 80px\"><span><span class=\"color_2\">Rauno Logren 0400 700 565, rauno.logren(at)dnainternet.net<br \/><\/span><\/span><span style=\"font-size: 16px\">Sakari Nikkil\u00e4 040 745 4859, sakari.nikkila(at)oulu.fi<br \/><\/span><span style=\"font-size: 16px\">Yrj\u00f6 Kelh\u00e4, 040\u00a0822 7894 yytekelha(at)gmail.com<\/span><\/p>\n<p><span class=\"color_2\"><\/span><\/p>\n<p>[\/et_pb_text][et_pb_text admin_label=&#8221;Kiinnostuitko nuorisovaihdosta? &#8211; Otsikko&#8221; _builder_version=&#8221;4.16&#8243; text_orientation=&#8221;center&#8221; custom_margin=&#8221;||-3px|||&#8221; global_colors_info=&#8221;{}&#8221;]<\/p>\n<h4 style=\"text-align: left\">Kiinnostuitko nuorisovaihdosta?<\/h4>\n<p>[\/et_pb_text][\/et_pb_column][\/et_pb_row][et_pb_row column_structure=&#8221;1_3,2_3&#8243; _builder_version=&#8221;4.17.4&#8243; _module_preset=&#8221;default&#8221; global_colors_info=&#8221;{}&#8221;][et_pb_column type=&#8221;1_3&#8243; _builder_version=&#8221;4.17.4&#8243; _module_preset=&#8221;default&#8221; global_colors_info=&#8221;{}&#8221;][et_pb_text _builder_version=&#8221;4.17.4&#8243; _module_preset=&#8221;default&#8221; global_colors_info=&#8221;{}&#8221;]<\/p>\n<p class=\"p1\"><span class=\"s1\">Etsimme uusia ulkomaille l\u00e4hetett\u00e4vi\u00e4 paikallisia nuoria. L\u00e4htev\u00e4 nuori on yleens\u00e4 lukiolainen tai kaksoistutkintoa suorittava toisen vuoden oppilas.. Rotaryn kautta voit p\u00e4\u00e4st\u00e4 vuosivaihtoon, kes\u00e4vaihtoon tai leirivaihtoon. <\/span><\/p>\n<p class=\"p1\"><span class=\"s1\">N\u00e4ist\u00e4 eri vaihtomuodoista voit<span class=\"Apple-converted-space\">\u00a0 <\/span>lukea lis\u00e4\u00e4 Suomen Rotaryn <\/span><a href=\"https:\/\/rotary.fi\/mita-teemme\/nuorisopalvelut\/nuorisovaihto\/\" target=\"_blank\" rel=\"noopener noreferrer\"><span class=\"s2\">nuorisovaihdon<\/span><\/a><span class=\"s1\"> sivuilta.<\/span><span class=\"s3\">\u00a0<\/span><\/p>\n<p>&nbsp;<\/p>\n<p><span class=\"s1\">Hakuaika seuraavan vuoden vaihtoihin on hakuvuotta edelt\u00e4v\u00e4n\u00e4 syksyn\u00e4. Jos kiinnostuit, ota yhteytt\u00e4 klubimme nuorisoasiamieheen ja kysy l\u00e4het\u00e4mmek\u00f6 vaihto-oppilaan tulevana vuonna. <\/span><strong style=\"font-size: 16px\"><span class=\"s4\">Kysy rohkeasti lis\u00e4\u00e4 Rotaryn nuorisovaihdosta!<\/span><\/strong><\/p>\n<p>[\/et_pb_text][\/et_pb_column][et_pb_column type=&#8221;2_3&#8243; _builder_version=&#8221;4.17.4&#8243; _module_preset=&#8221;default&#8221; global_colors_info=&#8221;{}&#8221;][et_pb_image src=&#8221;https:\/\/rotary.fi\/tuiranrotaryklubi\/wp-content\/uploads\/sites\/190\/2020\/08\/2020-08-24_10-55-20.png&#8221; _builder_version=&#8221;4.16&#8243; locked=&#8221;off&#8221; global_colors_info=&#8221;{}&#8221;][\/et_pb_image][\/et_pb_column][\/et_pb_row][et_pb_row _builder_version=&#8221;4.18.0&#8243; _module_preset=&#8221;default&#8221; global_colors_info=&#8221;{}&#8221;][et_pb_column type=&#8221;4_4&#8243; _builder_version=&#8221;4.18.0&#8243; _module_preset=&#8221;default&#8221; global_colors_info=&#8221;{}&#8221;][et_pb_image src=&#8221;https:\/\/rotary.fi\/tuiranrotaryklubi\/wp-content\/uploads\/sites\/190\/2022\/08\/rotaryn-vuosivaihto-2022-2023.jpg&#8221; title_text=&#8221;Rotaryn vuosivaihto 2022-2023&#8243; _builder_version=&#8221;4.18.0&#8243; _module_preset=&#8221;default&#8221; global_colors_info=&#8221;{}&#8221;][\/et_pb_image][\/et_pb_column][\/et_pb_row][et_pb_row _builder_version=&#8221;4.16&#8243; global_colors_info=&#8221;{}&#8221;][et_pb_column type=&#8221;4_4&#8243; _builder_version=&#8221;4.16&#8243; global_colors_info=&#8221;{}&#8221;][et_pb_text _builder_version=&#8221;4.16&#8243; global_colors_info=&#8221;{}&#8221;]<\/p>\n<h4>Etsimme Oulun alueelta is\u00e4nt\u00e4perheit\u00e4<\/h4>\n<p><span class=\"s1\">Suomeen saapuville vaihto-oppilaille tarvitaan is\u00e4nt\u00e4perheit\u00e4. Nuori on vaihtovuoden aikana yleens\u00e4 kolmessa perheess\u00e4, noin nelj\u00e4 kuukautta jokaisessa. <\/span><\/p>\n<p>Mit\u00e4\u00e4n erillisj\u00e4rjestelyit\u00e4 ei tarvita, sill\u00e4 nuori asuu perheess\u00e4 normaalin perheenj\u00e4senen tavoin, joskin Rotaryn kautta tarkasti ohjeistettuna.<\/p>\n<p><span class=\"s1\">Kun haluat tarjota turvallisen kodin Suomeen saapuvalle nuorelle, ota yhteytt\u00e4 klubimme nuorisovaihtoasiamieheen.\u00a0<\/span><\/p>\n<p class=\"p1\"><span class=\"s1\">Vastaanottava perhe ottaa nuoren perheenj\u00e4senekseen. Vastaanottava rotaryklubi huolehtii mm. saapuvan vaihto-oppilaan koulutustannuksista. Nuori saa my\u00f6s pient\u00e4 kuukausirahaa rotaryklubiltaan. Perhe ei saa rahallista korvausta nuoren yll\u00e4pidosta.<\/span><\/p>\n<p>[\/et_pb_text][\/et_pb_column][\/et_pb_row][\/et_pb_section][et_pb_section fb_built=&#8221;1&#8243; specialty=&#8221;on&#8221; module_class_2=&#8221;sivupalkki&#8221; _builder_version=&#8221;4.16&#8243; custom_margin=&#8221;1px|||||&#8221; global_colors_info=&#8221;{}&#8221;][et_pb_column type=&#8221;2_3&#8243; specialty_columns=&#8221;2&#8243; _builder_version=&#8221;4.16&#8243; custom_padding=&#8221;|||&#8221; global_colors_info=&#8221;{}&#8221; parallax__hover=&#8221;off&#8221; parallax_method__hover=&#8221;on&#8221; custom_padding__hover=&#8221;|||&#8221;][\/et_pb_column][et_pb_column type=&#8221;1_3&#8243; module_class=&#8221;sivupalkki&#8221; _builder_version=&#8221;4.16&#8243; custom_padding=&#8221;|||&#8221; global_colors_info=&#8221;{}&#8221; parallax__hover=&#8221;off&#8221; parallax_method__hover=&#8221;on&#8221; module_class__hover=&#8221;sivupalkki&#8221; custom_padding__hover=&#8221;|||&#8221;][et_pb_sidebar area=&#8221;sidebar-1&#8243; module_class=&#8221;sivupalkki_sisalto&#8221; _builder_version=&#8221;4.16&#8243; locked=&#8221;on&#8221; global_colors_info=&#8221;{}&#8221;][\/et_pb_sidebar][\/et_pb_column][\/et_pb_section]<\/p>\n","protected":false},"excerpt":{"rendered":"<p>NuorisovaihtoHaluaisitko vaihto-oppilaaksi ulkomaille?Rotary-j\u00e4rjest\u00f6n monipuolisen toiminnan n\u00e4kyvimpi\u00e4 muotoja on nuorisovaihto, joka tarjoaa 15\u201319-vuotiaille opiskelijoille mahdollisuuden matkustaa ulkomaille kulttuurivaihtoon. Yhdest\u00e4 viikosta kokonaiseen kouluvuoteen kest\u00e4v\u00e4n vaihdon aikana he tutustuvat uusiin kulttuureihin, oppivat ymm\u00e4rt\u00e4m\u00e4\u00e4n eri n\u00e4k\u00f6kulmia asioihin ja n\u00e4iden kokemusten avulla heid\u00e4n maailmanlaajuinen asioiden ymm\u00e4rt\u00e4misens\u00e4 kasvaa. Vuosittain tarjoutuu yli 8000 nuorelle mahdollisuus tutustua vaihto-oppilaana parin viikon, kuukauden tai kokonaisen [&hellip;]<\/p>\n","protected":false},"author":1,"featured_media":0,"parent":77,"menu_order":0,"comment_status":"closed","ping_status":"closed","template":"","meta":{"_acf_changed":false,"_et_pb_use_builder":"on","_et_pb_old_content":"","_et_gb_content_width":"","footnotes":""},"class_list":["post-154","page","type-page","status-publish","hentry"],"acf":[],"yoast_head":"<!-- This site is optimized with the Yoast SEO plugin v27.4 - https:\/\/yoast.com\/product\/yoast-seo-wordpress\/ -->\n<title>Nuorisovaihto - Tuiran Rotaryklubi ry<\/title>\n<meta name=\"robots\" content=\"index, follow, max-snippet:-1, max-image-preview:large, max-video-preview:-1\" \/>\n<link rel=\"canonical\" href=\"https:\/\/rotary.fi\/tuiranrotaryklubi\/mita-teemme\/nuorisovaihto\/\" \/>\n<meta property=\"og:locale\" content=\"fi_FI\" \/>\n<meta property=\"og:type\" content=\"article\" \/>\n<meta property=\"og:title\" content=\"Nuorisovaihto - Tuiran Rotaryklubi ry\" \/>\n<meta property=\"og:description\" content=\"NuorisovaihtoHaluaisitko vaihto-oppilaaksi ulkomaille?Rotary-j\u00e4rjest\u00f6n monipuolisen toiminnan n\u00e4kyvimpi\u00e4 muotoja on nuorisovaihto, joka tarjoaa 15\u201319-vuotiaille opiskelijoille mahdollisuuden matkustaa ulkomaille kulttuurivaihtoon. Yhdest\u00e4 viikosta kokonaiseen kouluvuoteen kest\u00e4v\u00e4n vaihdon aikana he tutustuvat uusiin kulttuureihin, oppivat ymm\u00e4rt\u00e4m\u00e4\u00e4n eri n\u00e4k\u00f6kulmia asioihin ja n\u00e4iden kokemusten avulla heid\u00e4n maailmanlaajuinen asioiden ymm\u00e4rt\u00e4misens\u00e4 kasvaa. Vuosittain tarjoutuu yli 8000 nuorelle mahdollisuus tutustua vaihto-oppilaana parin viikon, kuukauden tai kokonaisen [&hellip;]\" \/>\n<meta property=\"og:url\" content=\"https:\/\/rotary.fi\/tuiranrotaryklubi\/mita-teemme\/nuorisovaihto\/\" \/>\n<meta property=\"og:site_name\" content=\"Tuiran Rotaryklubi ry\" \/>\n<meta property=\"article:modified_time\" content=\"2022-08-31T10:55:19+00:00\" \/>\n<meta name=\"twitter:card\" content=\"summary_large_image\" \/>\n<meta name=\"twitter:label1\" content=\"Arvioitu lukuaika\" \/>\n\t<meta name=\"twitter:data1\" content=\"5 minuuttia\" \/>\n<script type=\"application\/ld+json\" class=\"yoast-schema-graph\">{\"@context\":\"https:\\\/\\\/schema.org\",\"@graph\":[{\"@type\":\"WebPage\",\"@id\":\"https:\\\/\\\/rotary.fi\\\/tuiranrotaryklubi\\\/mita-teemme\\\/nuorisovaihto\\\/\",\"url\":\"https:\\\/\\\/rotary.fi\\\/tuiranrotaryklubi\\\/mita-teemme\\\/nuorisovaihto\\\/\",\"name\":\"Nuorisovaihto - Tuiran Rotaryklubi ry\",\"isPartOf\":{\"@id\":\"https:\\\/\\\/rotary.fi\\\/tuiranrotaryklubi\\\/#website\"},\"datePublished\":\"2018-08-13T06:35:27+00:00\",\"dateModified\":\"2022-08-31T10:55:19+00:00\",\"breadcrumb\":{\"@id\":\"https:\\\/\\\/rotary.fi\\\/tuiranrotaryklubi\\\/mita-teemme\\\/nuorisovaihto\\\/#breadcrumb\"},\"inLanguage\":\"fi\",\"potentialAction\":[{\"@type\":\"ReadAction\",\"target\":[\"https:\\\/\\\/rotary.fi\\\/tuiranrotaryklubi\\\/mita-teemme\\\/nuorisovaihto\\\/\"]}]},{\"@type\":\"BreadcrumbList\",\"@id\":\"https:\\\/\\\/rotary.fi\\\/tuiranrotaryklubi\\\/mita-teemme\\\/nuorisovaihto\\\/#breadcrumb\",\"itemListElement\":[{\"@type\":\"ListItem\",\"position\":1,\"name\":\"Home\",\"item\":\"https:\\\/\\\/rotary.fi\\\/tuiranrotaryklubi\\\/\"},{\"@type\":\"ListItem\",\"position\":2,\"name\":\"Mit\u00e4 teemme\",\"item\":\"https:\\\/\\\/rotary.fi\\\/tuiranrotaryklubi\\\/mita-teemme\\\/\"},{\"@type\":\"ListItem\",\"position\":3,\"name\":\"Nuorisovaihto\"}]},{\"@type\":\"WebSite\",\"@id\":\"https:\\\/\\\/rotary.fi\\\/tuiranrotaryklubi\\\/#website\",\"url\":\"https:\\\/\\\/rotary.fi\\\/tuiranrotaryklubi\\\/\",\"name\":\"Tuiran Rotaryklubi ry\",\"description\":\"Uusi Rotary klubisivusto\",\"potentialAction\":[{\"@type\":\"SearchAction\",\"target\":{\"@type\":\"EntryPoint\",\"urlTemplate\":\"https:\\\/\\\/rotary.fi\\\/tuiranrotaryklubi\\\/?s={search_term_string}\"},\"query-input\":{\"@type\":\"PropertyValueSpecification\",\"valueRequired\":true,\"valueName\":\"search_term_string\"}}],\"inLanguage\":\"fi\"}]}<\/script>\n<!-- \/ Yoast SEO plugin. -->","yoast_head_json":{"title":"Nuorisovaihto - Tuiran Rotaryklubi ry","robots":{"index":"index","follow":"follow","max-snippet":"max-snippet:-1","max-image-preview":"max-image-preview:large","max-video-preview":"max-video-preview:-1"},"canonical":"https:\/\/rotary.fi\/tuiranrotaryklubi\/mita-teemme\/nuorisovaihto\/","og_locale":"fi_FI","og_type":"article","og_title":"Nuorisovaihto - Tuiran Rotaryklubi ry","og_description":"NuorisovaihtoHaluaisitko vaihto-oppilaaksi ulkomaille?Rotary-j\u00e4rjest\u00f6n monipuolisen toiminnan n\u00e4kyvimpi\u00e4 muotoja on nuorisovaihto, joka tarjoaa 15\u201319-vuotiaille opiskelijoille mahdollisuuden matkustaa ulkomaille kulttuurivaihtoon. Yhdest\u00e4 viikosta kokonaiseen kouluvuoteen kest\u00e4v\u00e4n vaihdon aikana he tutustuvat uusiin kulttuureihin, oppivat ymm\u00e4rt\u00e4m\u00e4\u00e4n eri n\u00e4k\u00f6kulmia asioihin ja n\u00e4iden kokemusten avulla heid\u00e4n maailmanlaajuinen asioiden ymm\u00e4rt\u00e4misens\u00e4 kasvaa. Vuosittain tarjoutuu yli 8000 nuorelle mahdollisuus tutustua vaihto-oppilaana parin viikon, kuukauden tai kokonaisen [&hellip;]","og_url":"https:\/\/rotary.fi\/tuiranrotaryklubi\/mita-teemme\/nuorisovaihto\/","og_site_name":"Tuiran Rotaryklubi ry","article_modified_time":"2022-08-31T10:55:19+00:00","twitter_card":"summary_large_image","twitter_misc":{"Arvioitu lukuaika":"5 minuuttia"},"schema":{"@context":"https:\/\/schema.org","@graph":[{"@type":"WebPage","@id":"https:\/\/rotary.fi\/tuiranrotaryklubi\/mita-teemme\/nuorisovaihto\/","url":"https:\/\/rotary.fi\/tuiranrotaryklubi\/mita-teemme\/nuorisovaihto\/","name":"Nuorisovaihto - Tuiran Rotaryklubi ry","isPartOf":{"@id":"https:\/\/rotary.fi\/tuiranrotaryklubi\/#website"},"datePublished":"2018-08-13T06:35:27+00:00","dateModified":"2022-08-31T10:55:19+00:00","breadcrumb":{"@id":"https:\/\/rotary.fi\/tuiranrotaryklubi\/mita-teemme\/nuorisovaihto\/#breadcrumb"},"inLanguage":"fi","potentialAction":[{"@type":"ReadAction","target":["https:\/\/rotary.fi\/tuiranrotaryklubi\/mita-teemme\/nuorisovaihto\/"]}]},{"@type":"BreadcrumbList","@id":"https:\/\/rotary.fi\/tuiranrotaryklubi\/mita-teemme\/nuorisovaihto\/#breadcrumb","itemListElement":[{"@type":"ListItem","position":1,"name":"Home","item":"https:\/\/rotary.fi\/tuiranrotaryklubi\/"},{"@type":"ListItem","position":2,"name":"Mit\u00e4 teemme","item":"https:\/\/rotary.fi\/tuiranrotaryklubi\/mita-teemme\/"},{"@type":"ListItem","position":3,"name":"Nuorisovaihto"}]},{"@type":"WebSite","@id":"https:\/\/rotary.fi\/tuiranrotaryklubi\/#website","url":"https:\/\/rotary.fi\/tuiranrotaryklubi\/","name":"Tuiran Rotaryklubi ry","description":"Uusi Rotary klubisivusto","potentialAction":[{"@type":"SearchAction","target":{"@type":"EntryPoint","urlTemplate":"https:\/\/rotary.fi\/tuiranrotaryklubi\/?s={search_term_string}"},"query-input":{"@type":"PropertyValueSpecification","valueRequired":true,"valueName":"search_term_string"}}],"inLanguage":"fi"}]}},"lang":"fi","translations":{"fi":154},"pll_sync_post":[],"_links":{"self":[{"href":"https:\/\/rotary.fi\/tuiranrotaryklubi\/wp-json\/wp\/v2\/pages\/154","targetHints":{"allow":["GET"]}}],"collection":[{"href":"https:\/\/rotary.fi\/tuiranrotaryklubi\/wp-json\/wp\/v2\/pages"}],"about":[{"href":"https:\/\/rotary.fi\/tuiranrotaryklubi\/wp-json\/wp\/v2\/types\/page"}],"author":[{"embeddable":true,"href":"https:\/\/rotary.fi\/tuiranrotaryklubi\/wp-json\/wp\/v2\/users\/1"}],"replies":[{"embeddable":true,"href":"https:\/\/rotary.fi\/tuiranrotaryklubi\/wp-json\/wp\/v2\/comments?post=154"}],"version-history":[{"count":9,"href":"https:\/\/rotary.fi\/tuiranrotaryklubi\/wp-json\/wp\/v2\/pages\/154\/revisions"}],"predecessor-version":[{"id":2727,"href":"https:\/\/rotary.fi\/tuiranrotaryklubi\/wp-json\/wp\/v2\/pages\/154\/revisions\/2727"}],"up":[{"embeddable":true,"href":"https:\/\/rotary.fi\/tuiranrotaryklubi\/wp-json\/wp\/v2\/pages\/77"}],"wp:attachment":[{"href":"https:\/\/rotary.fi\/tuiranrotaryklubi\/wp-json\/wp\/v2\/media?parent=154"}],"curies":[{"name":"wp","href":"https:\/\/api.w.org\/{rel}","templated":true}]}}