{"id":129,"date":"2018-08-10T13:41:39","date_gmt":"2018-08-10T10:41:39","guid":{"rendered":"https:\/\/rotary.fi\/klubi2\/?page_id=129"},"modified":"2025-02-08T18:54:51","modified_gmt":"2025-02-08T16:54:51","slug":"keita-olemme","status":"publish","type":"page","link":"https:\/\/rotary.fi\/tuiranrotaryklubi\/keita-olemme\/","title":{"rendered":"Keit\u00e4 olemme"},"content":{"rendered":"<p>[et_pb_section fb_built=&#8221;1&#8243; _builder_version=&#8221;4.16&#8243; global_colors_info=&#8221;{}&#8221;][et_pb_row _builder_version=&#8221;4.16&#8243; background_size=&#8221;initial&#8221; background_position=&#8221;top_left&#8221; background_repeat=&#8221;repeat&#8221; global_colors_info=&#8221;{}&#8221;][et_pb_column type=&#8221;4_4&#8243; _builder_version=&#8221;4.16&#8243; custom_padding=&#8221;|||&#8221; global_colors_info=&#8221;{}&#8221; custom_padding__hover=&#8221;|||&#8221;][et_pb_text admin_label=&#8221;Teksti&#8221; _builder_version=&#8221;4.27.0&#8243; text_text_color=&#8221;#E09900&#8243; background_size=&#8221;initial&#8221; background_position=&#8221;top_left&#8221; background_repeat=&#8221;repeat&#8221; global_colors_info=&#8221;{}&#8221;]<\/p>\n<p class=\"p1\"><span style=\"color: #000000\"><span class=\"s2\">Tuiran rotaryklubi on perinteit\u00e4 kunnioittava, silti moderni klubi (9918). J\u00e4senist\u00f6 muodostaa l\u00e4pileikkauksen eri ammattikunnista. <\/span><strong><span class=\"s2\">Kokoonnumme perjantaisin<\/span><\/strong><span class=\"s1\"><strong> klo 11.30-13.0<\/strong>0<\/span><span class=\"s2\"> tapaamaan toisiamme, kuulemaan kiinnostavia esitelmi\u00e4, parantamaan maailmaa.<\/span><\/span><\/p>\n<p class=\"p1\"><strong style=\"color: #019fcb;font-family: 'Roboto Slab', Georgia, 'Times New Roman', serif;font-size: 22px\"><span style=\"color: #e01d00\"><a href=\"https:\/\/sites.google.com\/tuiranrotaryklubi.net\/rc-tuiran-intranet\/\" style=\"color: #e01d00\"><span style=\"text-decoration: underline\">Klubimme INFO-sivustolla<\/span><\/a><\/span> kerromme toiminnastamme laajemmin<\/strong><\/p>\n<p dir=\"ltr\" role=\"presentation\" class=\"zfr3Q CDt4Ke \"><span style=\"color: #000000\"><span class=\"C9DxTc \">T\u00e4m\u00e4 INFOsivustomme<\/span><span class=\"C9DxTc \">\u00a0<\/span><span class=\"C9DxTc \">tarjoaa monipuolista, ajantasaista sis\u00e4lt\u00f6\u00e4\u00a0<\/span><span class=\"C9DxTc \">ja<\/span><span class=\"C9DxTc \">\u00a0oikopolkuja kiinnostavan tiedon l\u00e4hteille.<\/span><\/span><\/p>\n<p class=\"p1\"><strong style=\"color: #019fcb;font-family: 'Roboto Slab', Georgia, 'Times New Roman', serif;font-size: 22px\"><\/strong><\/p>\n<p class=\"p1\"><strong style=\"color: #019fcb;font-family: 'Roboto Slab', Georgia, 'Times New Roman', serif;font-size: 22px\">Juhlakirjamme kertoo klubimme vaiheista perustamisvuodesta vuoteen 2017 saakka<\/strong><\/p>\n<h4><\/h4>\n<p><a style=\"font-size: 16px\" href=\"https:\/\/rotary.fi\/tuiranrotaryklubi\/wp-content\/uploads\/sites\/190\/2022\/08\/RC-1-40.pdf\"><span style=\"color: #0c71c3\"><strong><span style=\"text-decoration: underline\">Sis\u00e4lt\u00f6osa 1(2) sivut 1-40<\/span><\/strong> \u00a0 \u00a0<strong><span style=\"text-decoration: underline\"> Sis\u00e4lt\u00f6o<\/span><\/strong><\/span><\/a><strong><span style=\"text-decoration: underline\"><span style=\"color: #0c71c3;text-decoration: underline\"><a style=\"color: #0c71c3;text-decoration: underline\" href=\"https:\/\/rotary.fi\/tuiranrotaryklubi\/wp-content\/uploads\/sites\/190\/2022\/08\/RC-41-64.pdf\">sa 2(2) sivut 41-64<\/a><\/span><\/span><\/strong><\/p>\n<p><img loading=\"lazy\" decoding=\"async\" class=\"size-large wp-image-2660 alignleft\" src=\"https:\/\/rotary.fi\/tuiranrotaryklubi\/wp-content\/uploads\/sites\/190\/2022\/08\/2022-08-06-20-07-32-1024x618.png\" alt=\"\" width=\"759\" height=\"458\" \/><\/p>\n<p>&nbsp;<\/p>\n<p>&nbsp;<\/p>\n<p>[\/et_pb_text][\/et_pb_column][\/et_pb_row][\/et_pb_section]<\/p>\n","protected":false},"excerpt":{"rendered":"<p>Tuiran rotaryklubi on perinteit\u00e4 kunnioittava, silti moderni klubi (9918). J\u00e4senist\u00f6 muodostaa l\u00e4pileikkauksen eri ammattikunnista. Kokoonnumme perjantaisin klo 11.30-13.00 tapaamaan toisiamme, kuulemaan kiinnostavia esitelmi\u00e4, parantamaan maailmaa. Klubimme INFO-sivustolla kerromme toiminnastamme laajemmin T\u00e4m\u00e4 INFOsivustomme\u00a0tarjoaa monipuolista, ajantasaista sis\u00e4lt\u00f6\u00e4\u00a0ja\u00a0oikopolkuja kiinnostavan tiedon l\u00e4hteille. Juhlakirjamme kertoo klubimme vaiheista perustamisvuodesta vuoteen 2017 saakka Sis\u00e4lt\u00f6osa 1(2) sivut 1-40 \u00a0 \u00a0 Sis\u00e4lt\u00f6osa 2(2) sivut [&hellip;]<\/p>\n","protected":false},"author":1,"featured_media":0,"parent":0,"menu_order":0,"comment_status":"closed","ping_status":"closed","template":"","meta":{"_acf_changed":false,"_et_pb_use_builder":"on","_et_pb_old_content":"<p class=\"p1\"><span class=\"s2\">Tuiran rotaryklubi on perinteit\u00e4 kunnioittava, silti moderni klubi (9918), jonka j\u00e4senist\u00f6 muodostaa monipuolisen l\u00e4pileikkauksen eri ammattikunnista. <\/span><span class=\"s2\">Kokoonnumme perjantaisin<\/span><span class=\"s1\">\u00a0lounasaikaan<\/span><span class=\"s2\"> tapaamaan toisiamme, kuulemaan kiinnostavia esitelmi\u00e4, parantamaan maailmaa. <\/span>Olemme keskittyneet toiminnassamme nuorisovaihdon tukemiseen, sill\u00e4 nuorisovaihto on mielest\u00e4mme mit\u00e4 parhainta ruohonjuuritason kansainv\u00e4listymis- ja rauhankasvatusta.<\/p><h4><strong>Juhlakirjamme esittelee toimintaamme vuosina 1967-2017<\/strong><\/h4><p><img class=\"size-large wp-image-2660 alignleft\" src=\"https:\/\/rotary.fi\/tuiranrotaryklubi\/wp-content\/uploads\/sites\/190\/2022\/08\/2022-08-06-20-07-32-1024x618.png\" alt=\"\" width=\"1024\" height=\"618\" \/><\/p><p>\u00a0<\/p><p><a href=\"https:\/\/rotary.fi\/tuiranrotaryklubi\/wp-content\/uploads\/sites\/190\/2022\/08\/RC-1-40.pdf\">Osa 1(2) sivut 1-40<\/a><\/p><p><a href=\"https:\/\/rotary.fi\/tuiranrotaryklubi\/wp-content\/uploads\/sites\/190\/2022\/08\/RC-41-64.pdf\">Osa 2(2) sivut 41-64<\/a><\/p><p>Pid\u00e4mme arvossa kansainv\u00e4lisen Rotary Internationalin ponnisteluja ja j\u00e4rjest\u00f6n arvokasta ty\u00f6t\u00e4 muun muassa polion h\u00e4vitt\u00e4miseksi maapallolta. T\u00e4ll\u00e4 ty\u00f6ll\u00e4 on valtava merkitys, sill\u00e4 Rotary on t\u00e4h\u00e4n suunnannut runsaasti vapaaehtoisvoimaa sek\u00e4 yli 1,3 miljardia US-dollaria.<\/p><h4>Rotary International on vaikuttava, kansainv\u00e4linen palvelu- ja hyv\u00e4ntekev\u00e4isyysorganisaatio<\/h4><p>Se perustettiin Chicagossa 23.2.1905 ja sen kotipaikka on Evanston, USA:n osavaltiossa Illinoisissa. <strong>Tunnuslauseemme on Palvelu itsekkyyden edelle (Service Above Self).<\/strong> Rotaryyn kuuluu 1,2 miljoona j\u00e4sent\u00e4 35 000 klubissa yli 200 maassa. Rotary on merkitt\u00e4v\u00e4 kansainv\u00e4linen palvelu- ja hyv\u00e4ntekev\u00e4isyysj\u00e4rjest\u00f6. Suomi on jaettu viiteen rotarypiiriin, joista yhteen kuuluvat my\u00f6s Viron klubit. Suomessa ja Virossa on yhteens\u00e4 noin 300 klubia, joissa noin 10 000 rotaria.<\/p>","_et_gb_content_width":"","footnotes":""},"class_list":["post-129","page","type-page","status-publish","hentry"],"acf":[],"yoast_head":"<!-- This site is optimized with the Yoast SEO plugin v27.4 - https:\/\/yoast.com\/product\/yoast-seo-wordpress\/ -->\n<title>Keit\u00e4 olemme - Tuiran Rotaryklubi ry<\/title>\n<meta name=\"description\" content=\"Tuiran rotaryklubi on perinteit\u00e4 kunnioittava, silti moderni klubi (9918), jonka j\u00e4senist\u00f6 muodostaa monipuolisen l\u00e4pileikkauksen eri ammattikunnista.\" \/>\n<meta name=\"robots\" content=\"index, follow, max-snippet:-1, max-image-preview:large, max-video-preview:-1\" \/>\n<link rel=\"canonical\" href=\"https:\/\/rotary.fi\/tuiranrotaryklubi\/keita-olemme\/\" \/>\n<meta property=\"og:locale\" content=\"fi_FI\" \/>\n<meta property=\"og:type\" content=\"article\" \/>\n<meta property=\"og:title\" content=\"Keit\u00e4 olemme - Tuiran Rotaryklubi ry\" \/>\n<meta property=\"og:description\" content=\"Tuiran rotaryklubi on perinteit\u00e4 kunnioittava, silti moderni klubi (9918), jonka j\u00e4senist\u00f6 muodostaa monipuolisen l\u00e4pileikkauksen eri ammattikunnista.\" \/>\n<meta property=\"og:url\" content=\"https:\/\/rotary.fi\/tuiranrotaryklubi\/keita-olemme\/\" \/>\n<meta property=\"og:site_name\" content=\"Tuiran Rotaryklubi ry\" \/>\n<meta property=\"article:modified_time\" content=\"2025-02-08T16:54:51+00:00\" \/>\n<meta property=\"og:image\" content=\"https:\/\/rotary.fi\/tuiranrotaryklubi\/wp-content\/uploads\/sites\/190\/2022\/08\/2022-08-06-20-07-32.png\" \/>\n\t<meta property=\"og:image:width\" content=\"1170\" \/>\n\t<meta property=\"og:image:height\" content=\"706\" \/>\n\t<meta property=\"og:image:type\" content=\"image\/png\" \/>\n<meta name=\"twitter:card\" content=\"summary_large_image\" \/>\n<meta name=\"twitter:label1\" content=\"Arvioitu lukuaika\" \/>\n\t<meta name=\"twitter:data1\" content=\"1 minuutti\" \/>\n<script type=\"application\/ld+json\" class=\"yoast-schema-graph\">{\"@context\":\"https:\\\/\\\/schema.org\",\"@graph\":[{\"@type\":\"WebPage\",\"@id\":\"https:\\\/\\\/rotary.fi\\\/tuiranrotaryklubi\\\/keita-olemme\\\/\",\"url\":\"https:\\\/\\\/rotary.fi\\\/tuiranrotaryklubi\\\/keita-olemme\\\/\",\"name\":\"Keit\u00e4 olemme - Tuiran Rotaryklubi ry\",\"isPartOf\":{\"@id\":\"https:\\\/\\\/rotary.fi\\\/tuiranrotaryklubi\\\/#website\"},\"primaryImageOfPage\":{\"@id\":\"https:\\\/\\\/rotary.fi\\\/tuiranrotaryklubi\\\/keita-olemme\\\/#primaryimage\"},\"image\":{\"@id\":\"https:\\\/\\\/rotary.fi\\\/tuiranrotaryklubi\\\/keita-olemme\\\/#primaryimage\"},\"thumbnailUrl\":\"https:\\\/\\\/rotary.fi\\\/tuiranrotaryklubi\\\/wp-content\\\/uploads\\\/sites\\\/190\\\/2022\\\/08\\\/2022-08-06-20-07-32-1024x618.png\",\"datePublished\":\"2018-08-10T10:41:39+00:00\",\"dateModified\":\"2025-02-08T16:54:51+00:00\",\"description\":\"Tuiran rotaryklubi on perinteit\u00e4 kunnioittava, silti moderni klubi (9918), jonka j\u00e4senist\u00f6 muodostaa monipuolisen l\u00e4pileikkauksen eri ammattikunnista.\",\"breadcrumb\":{\"@id\":\"https:\\\/\\\/rotary.fi\\\/tuiranrotaryklubi\\\/keita-olemme\\\/#breadcrumb\"},\"inLanguage\":\"fi\",\"potentialAction\":[{\"@type\":\"ReadAction\",\"target\":[\"https:\\\/\\\/rotary.fi\\\/tuiranrotaryklubi\\\/keita-olemme\\\/\"]}]},{\"@type\":\"ImageObject\",\"inLanguage\":\"fi\",\"@id\":\"https:\\\/\\\/rotary.fi\\\/tuiranrotaryklubi\\\/keita-olemme\\\/#primaryimage\",\"url\":\"https:\\\/\\\/rotary.fi\\\/tuiranrotaryklubi\\\/wp-content\\\/uploads\\\/sites\\\/190\\\/2022\\\/08\\\/2022-08-06-20-07-32.png\",\"contentUrl\":\"https:\\\/\\\/rotary.fi\\\/tuiranrotaryklubi\\\/wp-content\\\/uploads\\\/sites\\\/190\\\/2022\\\/08\\\/2022-08-06-20-07-32.png\",\"width\":1170,\"height\":706},{\"@type\":\"BreadcrumbList\",\"@id\":\"https:\\\/\\\/rotary.fi\\\/tuiranrotaryklubi\\\/keita-olemme\\\/#breadcrumb\",\"itemListElement\":[{\"@type\":\"ListItem\",\"position\":1,\"name\":\"Home\",\"item\":\"https:\\\/\\\/rotary.fi\\\/tuiranrotaryklubi\\\/\"},{\"@type\":\"ListItem\",\"position\":2,\"name\":\"Keit\u00e4 olemme\"}]},{\"@type\":\"WebSite\",\"@id\":\"https:\\\/\\\/rotary.fi\\\/tuiranrotaryklubi\\\/#website\",\"url\":\"https:\\\/\\\/rotary.fi\\\/tuiranrotaryklubi\\\/\",\"name\":\"Tuiran Rotaryklubi ry\",\"description\":\"Uusi Rotary klubisivusto\",\"potentialAction\":[{\"@type\":\"SearchAction\",\"target\":{\"@type\":\"EntryPoint\",\"urlTemplate\":\"https:\\\/\\\/rotary.fi\\\/tuiranrotaryklubi\\\/?s={search_term_string}\"},\"query-input\":{\"@type\":\"PropertyValueSpecification\",\"valueRequired\":true,\"valueName\":\"search_term_string\"}}],\"inLanguage\":\"fi\"}]}<\/script>\n<!-- \/ Yoast SEO plugin. -->","yoast_head_json":{"title":"Keit\u00e4 olemme - Tuiran Rotaryklubi ry","description":"Tuiran rotaryklubi on perinteit\u00e4 kunnioittava, silti moderni klubi (9918), jonka j\u00e4senist\u00f6 muodostaa monipuolisen l\u00e4pileikkauksen eri ammattikunnista.","robots":{"index":"index","follow":"follow","max-snippet":"max-snippet:-1","max-image-preview":"max-image-preview:large","max-video-preview":"max-video-preview:-1"},"canonical":"https:\/\/rotary.fi\/tuiranrotaryklubi\/keita-olemme\/","og_locale":"fi_FI","og_type":"article","og_title":"Keit\u00e4 olemme - Tuiran Rotaryklubi ry","og_description":"Tuiran rotaryklubi on perinteit\u00e4 kunnioittava, silti moderni klubi (9918), jonka j\u00e4senist\u00f6 muodostaa monipuolisen l\u00e4pileikkauksen eri ammattikunnista.","og_url":"https:\/\/rotary.fi\/tuiranrotaryklubi\/keita-olemme\/","og_site_name":"Tuiran Rotaryklubi ry","article_modified_time":"2025-02-08T16:54:51+00:00","og_image":[{"width":1170,"height":706,"url":"https:\/\/rotary.fi\/tuiranrotaryklubi\/wp-content\/uploads\/sites\/190\/2022\/08\/2022-08-06-20-07-32.png","type":"image\/png"}],"twitter_card":"summary_large_image","twitter_misc":{"Arvioitu lukuaika":"1 minuutti"},"schema":{"@context":"https:\/\/schema.org","@graph":[{"@type":"WebPage","@id":"https:\/\/rotary.fi\/tuiranrotaryklubi\/keita-olemme\/","url":"https:\/\/rotary.fi\/tuiranrotaryklubi\/keita-olemme\/","name":"Keit\u00e4 olemme - Tuiran Rotaryklubi ry","isPartOf":{"@id":"https:\/\/rotary.fi\/tuiranrotaryklubi\/#website"},"primaryImageOfPage":{"@id":"https:\/\/rotary.fi\/tuiranrotaryklubi\/keita-olemme\/#primaryimage"},"image":{"@id":"https:\/\/rotary.fi\/tuiranrotaryklubi\/keita-olemme\/#primaryimage"},"thumbnailUrl":"https:\/\/rotary.fi\/tuiranrotaryklubi\/wp-content\/uploads\/sites\/190\/2022\/08\/2022-08-06-20-07-32-1024x618.png","datePublished":"2018-08-10T10:41:39+00:00","dateModified":"2025-02-08T16:54:51+00:00","description":"Tuiran rotaryklubi on perinteit\u00e4 kunnioittava, silti moderni klubi (9918), jonka j\u00e4senist\u00f6 muodostaa monipuolisen l\u00e4pileikkauksen eri ammattikunnista.","breadcrumb":{"@id":"https:\/\/rotary.fi\/tuiranrotaryklubi\/keita-olemme\/#breadcrumb"},"inLanguage":"fi","potentialAction":[{"@type":"ReadAction","target":["https:\/\/rotary.fi\/tuiranrotaryklubi\/keita-olemme\/"]}]},{"@type":"ImageObject","inLanguage":"fi","@id":"https:\/\/rotary.fi\/tuiranrotaryklubi\/keita-olemme\/#primaryimage","url":"https:\/\/rotary.fi\/tuiranrotaryklubi\/wp-content\/uploads\/sites\/190\/2022\/08\/2022-08-06-20-07-32.png","contentUrl":"https:\/\/rotary.fi\/tuiranrotaryklubi\/wp-content\/uploads\/sites\/190\/2022\/08\/2022-08-06-20-07-32.png","width":1170,"height":706},{"@type":"BreadcrumbList","@id":"https:\/\/rotary.fi\/tuiranrotaryklubi\/keita-olemme\/#breadcrumb","itemListElement":[{"@type":"ListItem","position":1,"name":"Home","item":"https:\/\/rotary.fi\/tuiranrotaryklubi\/"},{"@type":"ListItem","position":2,"name":"Keit\u00e4 olemme"}]},{"@type":"WebSite","@id":"https:\/\/rotary.fi\/tuiranrotaryklubi\/#website","url":"https:\/\/rotary.fi\/tuiranrotaryklubi\/","name":"Tuiran Rotaryklubi ry","description":"Uusi Rotary klubisivusto","potentialAction":[{"@type":"SearchAction","target":{"@type":"EntryPoint","urlTemplate":"https:\/\/rotary.fi\/tuiranrotaryklubi\/?s={search_term_string}"},"query-input":{"@type":"PropertyValueSpecification","valueRequired":true,"valueName":"search_term_string"}}],"inLanguage":"fi"}]}},"lang":"fi","translations":{"fi":129},"pll_sync_post":[],"_links":{"self":[{"href":"https:\/\/rotary.fi\/tuiranrotaryklubi\/wp-json\/wp\/v2\/pages\/129","targetHints":{"allow":["GET"]}}],"collection":[{"href":"https:\/\/rotary.fi\/tuiranrotaryklubi\/wp-json\/wp\/v2\/pages"}],"about":[{"href":"https:\/\/rotary.fi\/tuiranrotaryklubi\/wp-json\/wp\/v2\/types\/page"}],"author":[{"embeddable":true,"href":"https:\/\/rotary.fi\/tuiranrotaryklubi\/wp-json\/wp\/v2\/users\/1"}],"replies":[{"embeddable":true,"href":"https:\/\/rotary.fi\/tuiranrotaryklubi\/wp-json\/wp\/v2\/comments?post=129"}],"version-history":[{"count":11,"href":"https:\/\/rotary.fi\/tuiranrotaryklubi\/wp-json\/wp\/v2\/pages\/129\/revisions"}],"predecessor-version":[{"id":2782,"href":"https:\/\/rotary.fi\/tuiranrotaryklubi\/wp-json\/wp\/v2\/pages\/129\/revisions\/2782"}],"wp:attachment":[{"href":"https:\/\/rotary.fi\/tuiranrotaryklubi\/wp-json\/wp\/v2\/media?parent=129"}],"curies":[{"name":"wp","href":"https:\/\/api.w.org\/{rel}","templated":true}]}}