{"id":1765,"date":"2020-03-05T17:36:53","date_gmt":"2020-03-05T15:36:53","guid":{"rendered":"https:\/\/rotary.fi\/tapiola\/?page_id=1765"},"modified":"2025-01-08T07:04:13","modified_gmt":"2025-01-08T05:04:13","slug":"jasengalleria","status":"publish","type":"page","link":"https:\/\/rotary.fi\/tapiola\/klubin-omat-ohjeet\/jasengalleria\/","title":{"rendered":"J\u00e4sengalleria 2021"},"content":{"rendered":"","protected":true},"excerpt":{"rendered":"","protected":true},"author":168,"featured_media":0,"parent":258,"menu_order":0,"comment_status":"closed","ping_status":"closed","template":"","meta":{"_acf_changed":false,"_et_pb_use_builder":"on","_et_pb_old_content":"[gallery columns=\"5\" ids=\"1703,1768,1769,1771,1770,1704,1772,1773,1774,1775,1776,1777,1778,1705,1712,1779,1780,1781,1782,1783,1784,1895,1896,1898,1897,1899,1900,1901,1902,1671,1904,1905,1906,1907,1908,1909,1911,1912,1917,1910,1913,1914,1915,1916,1918,1919,1920,1921,1922,1923,1925,1926,1927,1924,1928\"]","_et_gb_content_width":"","footnotes":""},"class_list":["post-1765","page","type-page","status-publish","post-password-required","hentry"],"acf":[],"yoast_head":"<!-- This site is optimized with the Yoast SEO plugin v27.4 - https:\/\/yoast.com\/product\/yoast-seo-wordpress\/ -->\n<title>J\u00e4sengalleria 2021 - Tapiolan Rotaryklubi<\/title>\n<meta name=\"robots\" content=\"index, follow, max-snippet:-1, max-image-preview:large, max-video-preview:-1\" \/>\n<link rel=\"canonical\" href=\"https:\/\/rotary.fi\/tapiola\/klubin-omat-ohjeet\/jasengalleria\/\" \/>\n<meta property=\"og:locale\" content=\"fi_FI\" \/>\n<meta property=\"og:type\" content=\"article\" \/>\n<meta property=\"og:title\" content=\"J\u00e4sengalleria 2021 - Tapiolan Rotaryklubi\" \/>\n<meta property=\"og:description\" content=\"Otetta ei n\u00e4ytet\u00e4, koska artikkeli on suojattu.\" \/>\n<meta property=\"og:url\" content=\"https:\/\/rotary.fi\/tapiola\/klubin-omat-ohjeet\/jasengalleria\/\" \/>\n<meta property=\"og:site_name\" content=\"Tapiolan Rotaryklubi\" \/>\n<meta property=\"article:modified_time\" content=\"2025-01-08T05:04:13+00:00\" \/>\n<meta name=\"twitter:card\" content=\"summary_large_image\" \/>\n<script type=\"application\/ld+json\" class=\"yoast-schema-graph\">{\"@context\":\"https:\\\/\\\/schema.org\",\"@graph\":[{\"@type\":\"WebPage\",\"@id\":\"https:\\\/\\\/rotary.fi\\\/tapiola\\\/klubin-omat-ohjeet\\\/jasengalleria\\\/\",\"url\":\"https:\\\/\\\/rotary.fi\\\/tapiola\\\/klubin-omat-ohjeet\\\/jasengalleria\\\/\",\"name\":\"J\u00e4sengalleria 2021 - Tapiolan Rotaryklubi\",\"isPartOf\":{\"@id\":\"https:\\\/\\\/rotary.fi\\\/tapiola\\\/#website\"},\"datePublished\":\"2020-03-05T15:36:53+00:00\",\"dateModified\":\"2025-01-08T05:04:13+00:00\",\"breadcrumb\":{\"@id\":\"https:\\\/\\\/rotary.fi\\\/tapiola\\\/klubin-omat-ohjeet\\\/jasengalleria\\\/#breadcrumb\"},\"inLanguage\":\"fi\"},{\"@type\":\"WebSite\",\"@id\":\"https:\\\/\\\/rotary.fi\\\/tapiola\\\/#website\",\"url\":\"https:\\\/\\\/rotary.fi\\\/tapiola\\\/\",\"name\":\"Tapiolan Rotaryklubi\",\"description\":\"Uusi Rotary klubisivusto\",\"potentialAction\":[{\"@type\":\"SearchAction\",\"target\":{\"@type\":\"EntryPoint\",\"urlTemplate\":\"https:\\\/\\\/rotary.fi\\\/tapiola\\\/?s={search_term_string}\"},\"query-input\":{\"@type\":\"PropertyValueSpecification\",\"valueRequired\":true,\"valueName\":\"search_term_string\"}}],\"inLanguage\":\"fi\"}]}<\/script>\n<!-- \/ Yoast SEO plugin. -->","yoast_head_json":{"title":"J\u00e4sengalleria 2021 - Tapiolan Rotaryklubi","robots":{"index":"index","follow":"follow","max-snippet":"max-snippet:-1","max-image-preview":"max-image-preview:large","max-video-preview":"max-video-preview:-1"},"canonical":"https:\/\/rotary.fi\/tapiola\/klubin-omat-ohjeet\/jasengalleria\/","og_locale":"fi_FI","og_type":"article","og_title":"J\u00e4sengalleria 2021 - Tapiolan Rotaryklubi","og_description":"Otetta ei n\u00e4ytet\u00e4, koska artikkeli on suojattu.","og_url":"https:\/\/rotary.fi\/tapiola\/klubin-omat-ohjeet\/jasengalleria\/","og_site_name":"Tapiolan Rotaryklubi","article_modified_time":"2025-01-08T05:04:13+00:00","twitter_card":"summary_large_image","schema":{"@context":"https:\/\/schema.org","@graph":[{"@type":"WebPage","@id":"https:\/\/rotary.fi\/tapiola\/klubin-omat-ohjeet\/jasengalleria\/","url":"https:\/\/rotary.fi\/tapiola\/klubin-omat-ohjeet\/jasengalleria\/","name":"J\u00e4sengalleria 2021 - Tapiolan Rotaryklubi","isPartOf":{"@id":"https:\/\/rotary.fi\/tapiola\/#website"},"datePublished":"2020-03-05T15:36:53+00:00","dateModified":"2025-01-08T05:04:13+00:00","breadcrumb":{"@id":"https:\/\/rotary.fi\/tapiola\/klubin-omat-ohjeet\/jasengalleria\/#breadcrumb"},"inLanguage":"fi"},{"@type":"WebSite","@id":"https:\/\/rotary.fi\/tapiola\/#website","url":"https:\/\/rotary.fi\/tapiola\/","name":"Tapiolan Rotaryklubi","description":"Uusi Rotary klubisivusto","potentialAction":[{"@type":"SearchAction","target":{"@type":"EntryPoint","urlTemplate":"https:\/\/rotary.fi\/tapiola\/?s={search_term_string}"},"query-input":{"@type":"PropertyValueSpecification","valueRequired":true,"valueName":"search_term_string"}}],"inLanguage":"fi"}]}},"lang":"fi","translations":{"fi":1765},"pll_sync_post":[],"_links":{"self":[{"href":"https:\/\/rotary.fi\/tapiola\/wp-json\/wp\/v2\/pages\/1765","targetHints":{"allow":["GET"]}}],"collection":[{"href":"https:\/\/rotary.fi\/tapiola\/wp-json\/wp\/v2\/pages"}],"about":[{"href":"https:\/\/rotary.fi\/tapiola\/wp-json\/wp\/v2\/types\/page"}],"author":[{"embeddable":true,"href":"https:\/\/rotary.fi\/tapiola\/wp-json\/wp\/v2\/users\/168"}],"replies":[{"embeddable":true,"href":"https:\/\/rotary.fi\/tapiola\/wp-json\/wp\/v2\/comments?post=1765"}],"version-history":[{"count":8,"href":"https:\/\/rotary.fi\/tapiola\/wp-json\/wp\/v2\/pages\/1765\/revisions"}],"predecessor-version":[{"id":2784,"href":"https:\/\/rotary.fi\/tapiola\/wp-json\/wp\/v2\/pages\/1765\/revisions\/2784"}],"up":[{"embeddable":true,"href":"https:\/\/rotary.fi\/tapiola\/wp-json\/wp\/v2\/pages\/258"}],"wp:attachment":[{"href":"https:\/\/rotary.fi\/tapiola\/wp-json\/wp\/v2\/media?parent=1765"}],"curies":[{"name":"wp","href":"https:\/\/api.w.org\/{rel}","templated":true}]}}