{"id":142,"date":"2018-08-10T14:04:45","date_gmt":"2018-08-10T11:04:45","guid":{"rendered":"https:\/\/rotary.fi\/klubi2\/?page_id=142"},"modified":"2024-03-10T15:20:32","modified_gmt":"2024-03-10T13:20:32","slug":"ilo-esitella","status":"publish","type":"page","link":"https:\/\/rotary.fi\/tamperetammerfors\/keita-olemme\/ilo-esitella\/","title":{"rendered":"Ilo esitell\u00e4"},"content":{"rendered":"<p>[et_pb_section fb_built=&#8221;1&#8243; module_class=&#8221;jumbotron-page&#8221; _builder_version=&#8221;4.16&#8243; background_image=&#8221;https:\/\/rotary.fi\/tamperetammerfors\/wp-content\/uploads\/sites\/251\/2020\/03\/hevonen.png&#8221; global_colors_info=&#8221;{}&#8221;][et_pb_row _builder_version=&#8221;4.22.1&#8243; background_size=&#8221;initial&#8221; background_position=&#8221;top_left&#8221; background_repeat=&#8221;repeat&#8221; custom_margin=&#8221;|auto|2px|auto||&#8221; global_colors_info=&#8221;{}&#8221;][et_pb_column type=&#8221;4_4&#8243; _builder_version=&#8221;4.16&#8243; custom_padding=&#8221;|||&#8221; global_colors_info=&#8221;{}&#8221; custom_padding__hover=&#8221;|||&#8221;][et_pb_text admin_label=&#8221;P\u00e4\u00e4otsikko&#8221; _builder_version=&#8221;4.16&#8243; text_orientation=&#8221;center&#8221; background_layout=&#8221;dark&#8221; global_colors_info=&#8221;{}&#8221;]<\/p>\n<h1>Ilo esitell\u00e4<\/h1>\n<p>[\/et_pb_text][\/et_pb_column][\/et_pb_row][\/et_pb_section][et_pb_section fb_built=&#8221;1&#8243; specialty=&#8221;on&#8221; module_class_2=&#8221;sivupalkki&#8221; _builder_version=&#8221;4.22.1&#8243; custom_margin=&#8221;1px||72px|||&#8221; global_colors_info=&#8221;{}&#8221;][et_pb_column type=&#8221;2_3&#8243; specialty_columns=&#8221;2&#8243; _builder_version=&#8221;4.16&#8243; custom_padding=&#8221;|||&#8221; global_colors_info=&#8221;{}&#8221; parallax__hover=&#8221;off&#8221; parallax_method__hover=&#8221;on&#8221; custom_padding__hover=&#8221;|||&#8221;][et_pb_row_inner column_structure=&#8221;1_2,1_2&#8243; admin_label=&#8221;Rivi&#8221; _builder_version=&#8221;4.22.1&#8243; custom_margin=&#8221;|||1px||&#8221; custom_padding=&#8221;||37px|||&#8221; global_colors_info=&#8221;{}&#8221;][et_pb_column_inner type=&#8221;1_2&#8243; saved_specialty_column_type=&#8221;2_3&#8243; _builder_version=&#8221;4.16&#8243; custom_padding=&#8221;|||&#8221; global_colors_info=&#8221;{}&#8221; parallax__hover=&#8221;off&#8221; parallax_method__hover=&#8221;on&#8221; custom_padding__hover=&#8221;|||&#8221;][et_pb_text admin_label=&#8221;Ilo esitell\u00e4 &#8211; Otsikko&#8221; _builder_version=&#8221;4.16&#8243; text_orientation=&#8221;center&#8221; global_colors_info=&#8221;{}&#8221;]<\/p>\n<h1>Ilo esitell\u00e4<\/h1>\n<p>[\/et_pb_text][et_pb_text _builder_version=&#8221;4.22.1&#8243; custom_padding=&#8221;||1px|||&#8221; global_colors_info=&#8221;{}&#8221;]<\/p>\n<p>&nbsp;<\/p>\n<p>&nbsp;<\/p>\n<p>[\/et_pb_text][\/et_pb_column_inner][et_pb_column_inner type=&#8221;1_2&#8243; saved_specialty_column_type=&#8221;2_3&#8243; _builder_version=&#8221;4.22.1&#8243; _module_preset=&#8221;default&#8221; global_colors_info=&#8221;{}&#8221;][et_pb_text admin_label=&#8221;Ilo esitell\u00e4 &#8211; Otsikko&#8221; _builder_version=&#8221;4.22.1&#8243; text_font=&#8221;||on|on|||||&#8221; text_text_color=&#8221;#263B4C&#8221; text_font_size=&#8221;1px&#8221; text_line_height=&#8221;1.2em&#8221; text_orientation=&#8221;center&#8221; width=&#8221;100%&#8221; max_height=&#8221;366px&#8221; global_colors_info=&#8221;{}&#8221;]<\/p>\n<h6>Kuva Yl\u00f6j\u00e4rven muisti: Rolf Nik<\/h6>\n<p>[\/et_pb_text][et_pb_text _builder_version=&#8221;4.22.1&#8243; _module_preset=&#8221;default&#8221; text_text_color=&#8221;#019FCB&#8221; min_height=&#8221;374px&#8221; custom_padding=&#8221;53px|||||&#8221; global_colors_info=&#8221;{}&#8221;]<\/p>\n<p>Tampere-Tammerfors Rotaryklubin esitelm\u00e4t edustavat monia inhimillisen el\u00e4m\u00e4n aloja. Ohessa vain muutamia esimerkkej\u00e4.<\/p>\n<p>[\/et_pb_text][\/et_pb_column_inner][\/et_pb_row_inner][et_pb_row_inner _builder_version=&#8221;4.22.1&#8243; _module_preset=&#8221;default&#8221; custom_margin=&#8221;|||-53px||&#8221; global_colors_info=&#8221;{}&#8221;][et_pb_column_inner saved_specialty_column_type=&#8221;2_3&#8243; _builder_version=&#8221;4.22.1&#8243; _module_preset=&#8221;default&#8221; global_colors_info=&#8221;{}&#8221;][et_pb_text _builder_version=&#8221;4.22.1&#8243; _module_preset=&#8221;default&#8221; width=&#8221;100%&#8221; global_colors_info=&#8221;{}&#8221; custom_padding=&#8221;0px|||||&#8221;]<\/p>\n<h5>Historian siipien havinaa..<\/h5>\n<p>&nbsp;<\/p>\n<p>Toimintakertomus<br \/>Presidentti Jaakko Meurmanin ja sihteeri Eric Kyanderin allekirjoittamaan toi-<br \/>mintakertomukseen kirjattiin:<\/p>\n<p>&#8221;S\u00e4\u00e4nt\u00f6jen pakottamana syntyy seuraava selonteko klubin 26. toimintakaudes-<br \/>ta.\u00a0 Ottaen huomioon mink\u00e4laisen hallituksen klubi itselleen nimitti kaudeksi\u00a0 \u00a0 \u00a0 \u00a0 \u00a0 \u00a0 \u00a0 \u00a0 \u00a0 \u00a0<span style=\"font-size: 16px\">1958-59 on syyt\u00e4 todeta, ett\u00e4 vuosi sek\u00e4 alkoi, sujui ett\u00e4 p\u00e4\u00e4ttyi klubimme ollessa\u00a0 \u00a0 \u00a0 \u00a0 \u00a0 \u00a0<\/span><span style=\"font-size: 16px\">koko\u00a0 ajan elossa. Hallitustakaan ei vaihdettu, mutta pysy\u00e4ksemme edes jossain\u00a0 \u00a0 \u00a0 \u00a0 \u00a0 \u00a0m\u00e4\u00e4rin maamme muotivirtausten piiriss\u00e4 vaihdettiin rahaministeri\u00e4. Ansioitunut\u00a0 \u00a0 \u00a0 \u00a0 \u00a0Sihteeri Eric Kyanderin kirjasi asioita p\u00f5yt\u00e4kirjoihin hauskasti ja v\u00e4rikk\u00e4\u00e4sti.\u00a0 \u00a0 \u00a0 \u00a0 \u00a0 \u00a0 \u00a0 \u00a0 \u00a0 \u00a0<\/span><span style=\"font-size: 16px\">Berndt \u00d6hman j\u00e4tti PYP:n ja samalla klu<\/span><span style=\"font-size: 16px\">bin kassa-avaimet Yrj\u00f6 Nuolimaalle.&#8221;<\/span><\/p>\n<p>&#8221;Ensimm\u00e4ist\u00e4 kertaa yritettiin nyt kolmella sihteerill\u00e4, mik\u00e4 osoittautui-<br \/>kin onnistuneeksi, sill\u00e4 useimmiten kuitenkin joku heist\u00e4 ennen kokous-<br \/>ten loppua ilmestyi presidentin seuraksi. T\u00e4m\u00e4 oli sit\u00e4 t\u00e4rke\u00e4mpi sen j\u00e4l-<br \/>keen kun koko rotarylike oli havainnut klubimme korkeatasoisuuden ja<br \/>riemuiten vienyt meilt\u00e4 varapresidenttimme Pentti Palmrothin koko 141<br \/>Rotarypiirin kuvern\u00f6\u00f6riksi kaudeksi 1959-60.<br \/>P\u00e4\u00e4t\u00f6s yll\u00e4 mainitusta kokeilusta kolmemiehisell\u00e4 sihteerist\u00f6ll\u00e4 aiheut-<br \/>ti hieman veitikkamaisen toteamuksen, ett\u00e4 oltiin katsottu varmuuden<br \/>vuoksi sopivaksi ymp\u00e4r\u00f6id\u00e4 uusi sihteeri sek\u00e4 tuomiorovastilla ett\u00e4 kau-<br \/>pungin p\u00e3\u00e4poliisimestarilla&#8221;<\/p>\n<p>[\/et_pb_text][\/et_pb_column_inner][\/et_pb_row_inner][\/et_pb_column][et_pb_column type=&#8221;1_3&#8243; module_class=&#8221;sivupalkki&#8221; _builder_version=&#8221;4.16&#8243; custom_padding=&#8221;|||&#8221; global_colors_info=&#8221;{}&#8221; parallax__hover=&#8221;off&#8221; parallax_method__hover=&#8221;on&#8221; module_class__hover=&#8221;sivupalkki&#8221; custom_padding__hover=&#8221;|||&#8221;][et_pb_sidebar area=&#8221;sidebar-1&#8243; module_class=&#8221;sivupalkki_sisalto&#8221; _builder_version=&#8221;4.16&#8243; locked=&#8221;on&#8221; global_colors_info=&#8221;{}&#8221;][\/et_pb_sidebar][\/et_pb_column][\/et_pb_section]<\/p>\n","protected":false},"excerpt":{"rendered":"<p>Ilo esitell\u00e4 Ilo esitell\u00e4 &nbsp; &nbsp;Kuva Yl\u00f6j\u00e4rven muisti: Rolf NikTampere-Tammerfors Rotaryklubin esitelm\u00e4t edustavat monia inhimillisen el\u00e4m\u00e4n aloja. Ohessa vain muutamia esimerkkej\u00e4.Historian siipien havinaa.. &nbsp; ToimintakertomusPresidentti Jaakko Meurmanin ja sihteeri Eric Kyanderin allekirjoittamaan toi-mintakertomukseen kirjattiin: &#8221;S\u00e4\u00e4nt\u00f6jen pakottamana syntyy seuraava selonteko klubin 26. toimintakaudes-ta.\u00a0 Ottaen huomioon mink\u00e4laisen hallituksen klubi itselleen nimitti kaudeksi\u00a0 \u00a0 \u00a0 \u00a0 \u00a0 \u00a0 [&hellip;]<\/p>\n","protected":false},"author":1,"featured_media":0,"parent":129,"menu_order":0,"comment_status":"closed","ping_status":"closed","template":"","meta":{"_acf_changed":false,"_et_pb_use_builder":"on","_et_pb_old_content":"","_et_gb_content_width":"","footnotes":""},"class_list":["post-142","page","type-page","status-publish","hentry"],"acf":[],"yoast_head":"<!-- This site is optimized with the Yoast SEO plugin v27.4 - https:\/\/yoast.com\/product\/yoast-seo-wordpress\/ -->\n<title>Ilo esitell\u00e4 - Tampereen Rotaryklubi - Tammerfors Rotaryklubb<\/title>\n<meta name=\"robots\" content=\"index, follow, max-snippet:-1, max-image-preview:large, max-video-preview:-1\" \/>\n<link rel=\"canonical\" href=\"https:\/\/rotary.fi\/tamperetammerfors\/keita-olemme\/ilo-esitella\/\" \/>\n<meta property=\"og:locale\" content=\"fi_FI\" \/>\n<meta property=\"og:type\" content=\"article\" \/>\n<meta property=\"og:title\" content=\"Ilo esitell\u00e4 - Tampereen Rotaryklubi - Tammerfors Rotaryklubb\" \/>\n<meta property=\"og:description\" content=\"Ilo esitell\u00e4 Ilo esitell\u00e4 &nbsp; &nbsp;Kuva Yl\u00f6j\u00e4rven muisti: Rolf NikTampere-Tammerfors Rotaryklubin esitelm\u00e4t edustavat monia inhimillisen el\u00e4m\u00e4n aloja. Ohessa vain muutamia esimerkkej\u00e4.Historian siipien havinaa.. &nbsp; ToimintakertomusPresidentti Jaakko Meurmanin ja sihteeri Eric Kyanderin allekirjoittamaan toi-mintakertomukseen kirjattiin: &quot;S\u00e4\u00e4nt\u00f6jen pakottamana syntyy seuraava selonteko klubin 26. toimintakaudes-ta.\u00a0 Ottaen huomioon mink\u00e4laisen hallituksen klubi itselleen nimitti kaudeksi\u00a0 \u00a0 \u00a0 \u00a0 \u00a0 \u00a0 [&hellip;]\" \/>\n<meta property=\"og:url\" content=\"https:\/\/rotary.fi\/tamperetammerfors\/keita-olemme\/ilo-esitella\/\" \/>\n<meta property=\"og:site_name\" content=\"Tampereen Rotaryklubi - Tammerfors Rotaryklubb\" \/>\n<meta property=\"article:modified_time\" content=\"2024-03-10T13:20:32+00:00\" \/>\n<meta name=\"twitter:card\" content=\"summary_large_image\" \/>\n<meta name=\"twitter:label1\" content=\"Arvioitu lukuaika\" \/>\n\t<meta name=\"twitter:data1\" content=\"3 minuuttia\" \/>\n<script type=\"application\/ld+json\" class=\"yoast-schema-graph\">{\"@context\":\"https:\\\/\\\/schema.org\",\"@graph\":[{\"@type\":\"WebPage\",\"@id\":\"https:\\\/\\\/rotary.fi\\\/tamperetammerfors\\\/keita-olemme\\\/ilo-esitella\\\/\",\"url\":\"https:\\\/\\\/rotary.fi\\\/tamperetammerfors\\\/keita-olemme\\\/ilo-esitella\\\/\",\"name\":\"Ilo esitell\u00e4 - Tampereen Rotaryklubi - Tammerfors Rotaryklubb\",\"isPartOf\":{\"@id\":\"https:\\\/\\\/rotary.fi\\\/tamperetammerfors\\\/#website\"},\"datePublished\":\"2018-08-10T11:04:45+00:00\",\"dateModified\":\"2024-03-10T13:20:32+00:00\",\"breadcrumb\":{\"@id\":\"https:\\\/\\\/rotary.fi\\\/tamperetammerfors\\\/keita-olemme\\\/ilo-esitella\\\/#breadcrumb\"},\"inLanguage\":\"fi\",\"potentialAction\":[{\"@type\":\"ReadAction\",\"target\":[\"https:\\\/\\\/rotary.fi\\\/tamperetammerfors\\\/keita-olemme\\\/ilo-esitella\\\/\"]}]},{\"@type\":\"BreadcrumbList\",\"@id\":\"https:\\\/\\\/rotary.fi\\\/tamperetammerfors\\\/keita-olemme\\\/ilo-esitella\\\/#breadcrumb\",\"itemListElement\":[{\"@type\":\"ListItem\",\"position\":1,\"name\":\"Home\",\"item\":\"https:\\\/\\\/rotary.fi\\\/tamperetammerfors\\\/\"},{\"@type\":\"ListItem\",\"position\":2,\"name\":\"Keit\u00e4 olemme\",\"item\":\"https:\\\/\\\/rotary.fi\\\/tamperetammerfors\\\/keita-olemme\\\/\"},{\"@type\":\"ListItem\",\"position\":3,\"name\":\"Ilo esitell\u00e4\"}]},{\"@type\":\"WebSite\",\"@id\":\"https:\\\/\\\/rotary.fi\\\/tamperetammerfors\\\/#website\",\"url\":\"https:\\\/\\\/rotary.fi\\\/tamperetammerfors\\\/\",\"name\":\"Tampereen Rotaryklubi - Tammerfors Rotaryklubb\",\"description\":\"Uusi Rotary klubisivusto\",\"potentialAction\":[{\"@type\":\"SearchAction\",\"target\":{\"@type\":\"EntryPoint\",\"urlTemplate\":\"https:\\\/\\\/rotary.fi\\\/tamperetammerfors\\\/?s={search_term_string}\"},\"query-input\":{\"@type\":\"PropertyValueSpecification\",\"valueRequired\":true,\"valueName\":\"search_term_string\"}}],\"inLanguage\":\"fi\"}]}<\/script>\n<!-- \/ Yoast SEO plugin. -->","yoast_head_json":{"title":"Ilo esitell\u00e4 - Tampereen Rotaryklubi - Tammerfors Rotaryklubb","robots":{"index":"index","follow":"follow","max-snippet":"max-snippet:-1","max-image-preview":"max-image-preview:large","max-video-preview":"max-video-preview:-1"},"canonical":"https:\/\/rotary.fi\/tamperetammerfors\/keita-olemme\/ilo-esitella\/","og_locale":"fi_FI","og_type":"article","og_title":"Ilo esitell\u00e4 - Tampereen Rotaryklubi - Tammerfors Rotaryklubb","og_description":"Ilo esitell\u00e4 Ilo esitell\u00e4 &nbsp; &nbsp;Kuva Yl\u00f6j\u00e4rven muisti: Rolf NikTampere-Tammerfors Rotaryklubin esitelm\u00e4t edustavat monia inhimillisen el\u00e4m\u00e4n aloja. Ohessa vain muutamia esimerkkej\u00e4.Historian siipien havinaa.. &nbsp; ToimintakertomusPresidentti Jaakko Meurmanin ja sihteeri Eric Kyanderin allekirjoittamaan toi-mintakertomukseen kirjattiin: \"S\u00e4\u00e4nt\u00f6jen pakottamana syntyy seuraava selonteko klubin 26. toimintakaudes-ta.\u00a0 Ottaen huomioon mink\u00e4laisen hallituksen klubi itselleen nimitti kaudeksi\u00a0 \u00a0 \u00a0 \u00a0 \u00a0 \u00a0 [&hellip;]","og_url":"https:\/\/rotary.fi\/tamperetammerfors\/keita-olemme\/ilo-esitella\/","og_site_name":"Tampereen Rotaryklubi - Tammerfors Rotaryklubb","article_modified_time":"2024-03-10T13:20:32+00:00","twitter_card":"summary_large_image","twitter_misc":{"Arvioitu lukuaika":"3 minuuttia"},"schema":{"@context":"https:\/\/schema.org","@graph":[{"@type":"WebPage","@id":"https:\/\/rotary.fi\/tamperetammerfors\/keita-olemme\/ilo-esitella\/","url":"https:\/\/rotary.fi\/tamperetammerfors\/keita-olemme\/ilo-esitella\/","name":"Ilo esitell\u00e4 - Tampereen Rotaryklubi - Tammerfors Rotaryklubb","isPartOf":{"@id":"https:\/\/rotary.fi\/tamperetammerfors\/#website"},"datePublished":"2018-08-10T11:04:45+00:00","dateModified":"2024-03-10T13:20:32+00:00","breadcrumb":{"@id":"https:\/\/rotary.fi\/tamperetammerfors\/keita-olemme\/ilo-esitella\/#breadcrumb"},"inLanguage":"fi","potentialAction":[{"@type":"ReadAction","target":["https:\/\/rotary.fi\/tamperetammerfors\/keita-olemme\/ilo-esitella\/"]}]},{"@type":"BreadcrumbList","@id":"https:\/\/rotary.fi\/tamperetammerfors\/keita-olemme\/ilo-esitella\/#breadcrumb","itemListElement":[{"@type":"ListItem","position":1,"name":"Home","item":"https:\/\/rotary.fi\/tamperetammerfors\/"},{"@type":"ListItem","position":2,"name":"Keit\u00e4 olemme","item":"https:\/\/rotary.fi\/tamperetammerfors\/keita-olemme\/"},{"@type":"ListItem","position":3,"name":"Ilo esitell\u00e4"}]},{"@type":"WebSite","@id":"https:\/\/rotary.fi\/tamperetammerfors\/#website","url":"https:\/\/rotary.fi\/tamperetammerfors\/","name":"Tampereen Rotaryklubi - Tammerfors Rotaryklubb","description":"Uusi Rotary klubisivusto","potentialAction":[{"@type":"SearchAction","target":{"@type":"EntryPoint","urlTemplate":"https:\/\/rotary.fi\/tamperetammerfors\/?s={search_term_string}"},"query-input":{"@type":"PropertyValueSpecification","valueRequired":true,"valueName":"search_term_string"}}],"inLanguage":"fi"}]}},"lang":"fi","translations":{"fi":142},"pll_sync_post":[],"_links":{"self":[{"href":"https:\/\/rotary.fi\/tamperetammerfors\/wp-json\/wp\/v2\/pages\/142","targetHints":{"allow":["GET"]}}],"collection":[{"href":"https:\/\/rotary.fi\/tamperetammerfors\/wp-json\/wp\/v2\/pages"}],"about":[{"href":"https:\/\/rotary.fi\/tamperetammerfors\/wp-json\/wp\/v2\/types\/page"}],"author":[{"embeddable":true,"href":"https:\/\/rotary.fi\/tamperetammerfors\/wp-json\/wp\/v2\/users\/1"}],"replies":[{"embeddable":true,"href":"https:\/\/rotary.fi\/tamperetammerfors\/wp-json\/wp\/v2\/comments?post=142"}],"version-history":[{"count":9,"href":"https:\/\/rotary.fi\/tamperetammerfors\/wp-json\/wp\/v2\/pages\/142\/revisions"}],"predecessor-version":[{"id":2811,"href":"https:\/\/rotary.fi\/tamperetammerfors\/wp-json\/wp\/v2\/pages\/142\/revisions\/2811"}],"up":[{"embeddable":true,"href":"https:\/\/rotary.fi\/tamperetammerfors\/wp-json\/wp\/v2\/pages\/129"}],"wp:attachment":[{"href":"https:\/\/rotary.fi\/tamperetammerfors\/wp-json\/wp\/v2\/media?parent=142"}],"curies":[{"name":"wp","href":"https:\/\/api.w.org\/{rel}","templated":true}]}}