{"id":138,"date":"2018-08-10T14:01:44","date_gmt":"2018-08-10T11:01:44","guid":{"rendered":"https:\/\/rotary.fi\/klubi2\/?page_id=138"},"modified":"2025-08-25T15:28:34","modified_gmt":"2025-08-25T12:28:34","slug":"vuositeema","status":"publish","type":"page","link":"https:\/\/rotary.fi\/tamperetammerfors\/keita-olemme\/vuositeema\/","title":{"rendered":"Vuositeema"},"content":{"rendered":"<p>[et_pb_section fb_built=&#8221;1&#8243; module_class=&#8221;jumbotron-page&#8221; _builder_version=&#8221;4.27.4&#8243; background_color=&#8221;#919191&#8243; background_image=&#8221;https:\/\/rotary.fi\/tamperetammerfors\/wp-content\/uploads\/sites\/251\/2025\/08\/francesco-arezzo-sivuilta.jpg&#8221; background_size=&#8221;contain&#8221; width=&#8221;48%&#8221; min_height=&#8221;652px&#8221; custom_margin=&#8221;|-133px|268px|||&#8221; custom_padding=&#8221;0px||0px|||&#8221; hover_enabled=&#8221;0&#8243; global_colors_info=&#8221;{}&#8221; title_text=&#8221;francesco arezzo sivuilta&#8221; sticky_enabled=&#8221;0&#8243;][\/et_pb_section][et_pb_section fb_built=&#8221;1&#8243; specialty=&#8221;on&#8221; module_class_2=&#8221;sivupalkki&#8221; _builder_version=&#8221;4.22.1&#8243; min_height=&#8221;1399.1px&#8221; custom_margin=&#8221;-268px|||||&#8221; custom_padding=&#8221;10px|||||&#8221; hover_enabled=&#8221;0&#8243; global_colors_info=&#8221;{}&#8221; sticky_enabled=&#8221;0&#8243;][et_pb_column type=&#8221;2_3&#8243; specialty_columns=&#8221;2&#8243; _builder_version=&#8221;4.16&#8243; custom_padding=&#8221;|||&#8221; global_colors_info=&#8221;{}&#8221; custom_padding__hover=&#8221;|||&#8221;][et_pb_row_inner admin_label=&#8221;Rivi&#8221; _builder_version=&#8221;4.16&#8243; background_enable_image=&#8221;off&#8221; background_blend=&#8221;lighten&#8221; min_height=&#8221;851.9px&#8221; custom_margin=&#8221;||-91px|16px||&#8221; global_colors_info=&#8221;{}&#8221; custom_padding=&#8221;|5px|18px|||&#8221;][et_pb_column_inner saved_specialty_column_type=&#8221;2_3&#8243; _builder_version=&#8221;4.16&#8243; custom_padding=&#8221;|||&#8221; global_colors_info=&#8221;{}&#8221; custom_padding__hover=&#8221;|||&#8221;][et_pb_text admin_label=&#8221;Rotary Internationalin vuositeema &#8211; Otsikko&#8221; _builder_version=&#8221;4.27.4&#8243; text_orientation=&#8221;center&#8221; hover_enabled=&#8221;0&#8243; global_colors_info=&#8221;{}&#8221; sticky_enabled=&#8221;0&#8243;]<\/p>\n<h4 style=\"text-align: left\">Presidentin vuositeema<\/h4>\n<p>Presidentti Francesco Arezzon vuositeema on UNITE FOR GOOD.<\/p>\n<p>[\/et_pb_text][et_pb_image src=&#8221;https:\/\/rotary.fi\/tamperetammerfors\/wp-content\/uploads\/sites\/251\/2025\/08\/unite-for-good.png&#8221; _builder_version=&#8221;4.27.4&#8243; _module_preset=&#8221;default&#8221; title_text=&#8221;unite for good&#8221; hover_enabled=&#8221;0&#8243; sticky_enabled=&#8221;0&#8243; custom_padding=&#8221;0px|||||&#8221; custom_margin=&#8221;105px|||||&#8221;][\/et_pb_image][\/et_pb_column_inner][\/et_pb_row_inner][et_pb_row_inner admin_label=&#8221;Rivi&#8221; _builder_version=&#8221;4.22.1&#8243; min_height=&#8221;197.2px&#8221; global_colors_info=&#8221;{}&#8221;][et_pb_column_inner saved_specialty_column_type=&#8221;2_3&#8243; _builder_version=&#8221;4.16&#8243; custom_padding=&#8221;|||&#8221; global_colors_info=&#8221;{}&#8221; custom_padding__hover=&#8221;|||&#8221;][et_pb_text admin_label=&#8221;Klubin vuositeema &#8211; Otsikko&#8221; _builder_version=&#8221;4.22.1&#8243; text_orientation=&#8221;center&#8221; global_colors_info=&#8221;{}&#8221;]<\/p>\n<h4 style=\"text-align: left\">Tampere-Tammerfors Rotaryklubin vuositeema<\/h4>\n<p>[\/et_pb_text][et_pb_text _builder_version=&#8221;4.22.1&#8243; custom_padding=&#8221;4px|||||&#8221; global_colors_info=&#8221;{}&#8221;]<\/p>\n<p class=\"p1\"><span class=\"s1\">Rotaryvuonna 2124-25 pyrimme monipuolistamaan ja nuorentamaan j\u00e4senkuntaamme. Tarvitsemme joukkoomme uusia idearikkaita ihmisi\u00e4. Joukossamme tarvitaan syd\u00e4nt\u00e4 ja huumorintajua. Rotarius on sis\u00e4isen kasvun tarina. Arvojemme mukana ja keskell\u00e4 el\u00e4mist\u00e4. Erilaisten ihmisten kohtaamista. Vuorovaikutuksesta oppimista. Kaikki n\u00e4m\u00e4 ovat ulottuvillamme. Olemalla mukana. Toisista v\u00e4litt\u00e4m\u00e4ll\u00e4.\u00a0<\/span><\/p>\n<p>[\/et_pb_text][\/et_pb_column_inner][\/et_pb_row_inner][\/et_pb_column][et_pb_column type=&#8221;1_3&#8243; _builder_version=&#8221;4.16&#8243; custom_padding=&#8221;|||&#8221; global_colors_info=&#8221;{}&#8221; custom_padding__hover=&#8221;|||&#8221;][et_pb_sidebar area=&#8221;sidebar-1&#8243; module_class=&#8221;sivupalkki_sisalto&#8221; _builder_version=&#8221;4.16&#8243; locked=&#8221;on&#8221; global_colors_info=&#8221;{}&#8221;][\/et_pb_sidebar][\/et_pb_column][\/et_pb_section][et_pb_section fb_built=&#8221;1&#8243; theme_builder_area=&#8221;post_content&#8221; _builder_version=&#8221;4.27.4&#8243; _module_preset=&#8221;default&#8221;][\/et_pb_section]<\/p>\n","protected":false},"excerpt":{"rendered":"<p>Presidentin vuositeema Presidentti Francesco Arezzon vuositeema on UNITE FOR GOOD.Tampere-Tammerfors Rotaryklubin vuositeemaRotaryvuonna 2124-25 pyrimme monipuolistamaan ja nuorentamaan j\u00e4senkuntaamme. Tarvitsemme joukkoomme uusia idearikkaita ihmisi\u00e4. Joukossamme tarvitaan syd\u00e4nt\u00e4 ja huumorintajua. Rotarius on sis\u00e4isen kasvun tarina. Arvojemme mukana ja keskell\u00e4 el\u00e4mist\u00e4. Erilaisten ihmisten kohtaamista. Vuorovaikutuksesta oppimista. Kaikki n\u00e4m\u00e4 ovat ulottuvillamme. Olemalla mukana. Toisista v\u00e4litt\u00e4m\u00e4ll\u00e4.\u00a0<\/p>\n","protected":false},"author":1,"featured_media":0,"parent":129,"menu_order":0,"comment_status":"closed","ping_status":"closed","template":"","meta":{"_acf_changed":false,"_et_pb_use_builder":"on","_et_pb_old_content":"","_et_gb_content_width":"","footnotes":""},"class_list":["post-138","page","type-page","status-publish","hentry"],"acf":[],"yoast_head":"<!-- This site is optimized with the Yoast SEO plugin v27.4 - https:\/\/yoast.com\/product\/yoast-seo-wordpress\/ -->\n<title>Vuositeema - Tampereen Rotaryklubi - Tammerfors Rotaryklubb<\/title>\n<meta name=\"robots\" content=\"index, follow, max-snippet:-1, max-image-preview:large, max-video-preview:-1\" \/>\n<link rel=\"canonical\" href=\"https:\/\/rotary.fi\/tamperetammerfors\/keita-olemme\/vuositeema\/\" \/>\n<meta property=\"og:locale\" content=\"fi_FI\" \/>\n<meta property=\"og:type\" content=\"article\" \/>\n<meta property=\"og:title\" content=\"Vuositeema - Tampereen Rotaryklubi - Tammerfors Rotaryklubb\" \/>\n<meta property=\"og:description\" content=\"Presidentin vuositeema Presidentti Francesco Arezzon vuositeema on UNITE FOR GOOD.Tampere-Tammerfors Rotaryklubin vuositeemaRotaryvuonna 2124-25 pyrimme monipuolistamaan ja nuorentamaan j\u00e4senkuntaamme. Tarvitsemme joukkoomme uusia idearikkaita ihmisi\u00e4. Joukossamme tarvitaan syd\u00e4nt\u00e4 ja huumorintajua. Rotarius on sis\u00e4isen kasvun tarina. Arvojemme mukana ja keskell\u00e4 el\u00e4mist\u00e4. Erilaisten ihmisten kohtaamista. Vuorovaikutuksesta oppimista. Kaikki n\u00e4m\u00e4 ovat ulottuvillamme. Olemalla mukana. Toisista v\u00e4litt\u00e4m\u00e4ll\u00e4.\u00a0\" \/>\n<meta property=\"og:url\" content=\"https:\/\/rotary.fi\/tamperetammerfors\/keita-olemme\/vuositeema\/\" \/>\n<meta property=\"og:site_name\" content=\"Tampereen Rotaryklubi - Tammerfors Rotaryklubb\" \/>\n<meta property=\"article:modified_time\" content=\"2025-08-25T12:28:34+00:00\" \/>\n<meta name=\"twitter:card\" content=\"summary_large_image\" \/>\n<meta name=\"twitter:label1\" content=\"Arvioitu lukuaika\" \/>\n\t<meta name=\"twitter:data1\" content=\"2 minuuttia\" \/>\n<script type=\"application\/ld+json\" class=\"yoast-schema-graph\">{\"@context\":\"https:\\\/\\\/schema.org\",\"@graph\":[{\"@type\":\"WebPage\",\"@id\":\"https:\\\/\\\/rotary.fi\\\/tamperetammerfors\\\/keita-olemme\\\/vuositeema\\\/\",\"url\":\"https:\\\/\\\/rotary.fi\\\/tamperetammerfors\\\/keita-olemme\\\/vuositeema\\\/\",\"name\":\"Vuositeema - Tampereen Rotaryklubi - Tammerfors Rotaryklubb\",\"isPartOf\":{\"@id\":\"https:\\\/\\\/rotary.fi\\\/tamperetammerfors\\\/#website\"},\"datePublished\":\"2018-08-10T11:01:44+00:00\",\"dateModified\":\"2025-08-25T12:28:34+00:00\",\"breadcrumb\":{\"@id\":\"https:\\\/\\\/rotary.fi\\\/tamperetammerfors\\\/keita-olemme\\\/vuositeema\\\/#breadcrumb\"},\"inLanguage\":\"fi\",\"potentialAction\":[{\"@type\":\"ReadAction\",\"target\":[\"https:\\\/\\\/rotary.fi\\\/tamperetammerfors\\\/keita-olemme\\\/vuositeema\\\/\"]}]},{\"@type\":\"BreadcrumbList\",\"@id\":\"https:\\\/\\\/rotary.fi\\\/tamperetammerfors\\\/keita-olemme\\\/vuositeema\\\/#breadcrumb\",\"itemListElement\":[{\"@type\":\"ListItem\",\"position\":1,\"name\":\"Home\",\"item\":\"https:\\\/\\\/rotary.fi\\\/tamperetammerfors\\\/\"},{\"@type\":\"ListItem\",\"position\":2,\"name\":\"Keit\u00e4 olemme\",\"item\":\"https:\\\/\\\/rotary.fi\\\/tamperetammerfors\\\/keita-olemme\\\/\"},{\"@type\":\"ListItem\",\"position\":3,\"name\":\"Vuositeema\"}]},{\"@type\":\"WebSite\",\"@id\":\"https:\\\/\\\/rotary.fi\\\/tamperetammerfors\\\/#website\",\"url\":\"https:\\\/\\\/rotary.fi\\\/tamperetammerfors\\\/\",\"name\":\"Tampereen Rotaryklubi - Tammerfors Rotaryklubb\",\"description\":\"Uusi Rotary klubisivusto\",\"potentialAction\":[{\"@type\":\"SearchAction\",\"target\":{\"@type\":\"EntryPoint\",\"urlTemplate\":\"https:\\\/\\\/rotary.fi\\\/tamperetammerfors\\\/?s={search_term_string}\"},\"query-input\":{\"@type\":\"PropertyValueSpecification\",\"valueRequired\":true,\"valueName\":\"search_term_string\"}}],\"inLanguage\":\"fi\"}]}<\/script>\n<!-- \/ Yoast SEO plugin. -->","yoast_head_json":{"title":"Vuositeema - Tampereen Rotaryklubi - Tammerfors Rotaryklubb","robots":{"index":"index","follow":"follow","max-snippet":"max-snippet:-1","max-image-preview":"max-image-preview:large","max-video-preview":"max-video-preview:-1"},"canonical":"https:\/\/rotary.fi\/tamperetammerfors\/keita-olemme\/vuositeema\/","og_locale":"fi_FI","og_type":"article","og_title":"Vuositeema - Tampereen Rotaryklubi - Tammerfors Rotaryklubb","og_description":"Presidentin vuositeema Presidentti Francesco Arezzon vuositeema on UNITE FOR GOOD.Tampere-Tammerfors Rotaryklubin vuositeemaRotaryvuonna 2124-25 pyrimme monipuolistamaan ja nuorentamaan j\u00e4senkuntaamme. Tarvitsemme joukkoomme uusia idearikkaita ihmisi\u00e4. Joukossamme tarvitaan syd\u00e4nt\u00e4 ja huumorintajua. Rotarius on sis\u00e4isen kasvun tarina. Arvojemme mukana ja keskell\u00e4 el\u00e4mist\u00e4. Erilaisten ihmisten kohtaamista. Vuorovaikutuksesta oppimista. Kaikki n\u00e4m\u00e4 ovat ulottuvillamme. Olemalla mukana. Toisista v\u00e4litt\u00e4m\u00e4ll\u00e4.\u00a0","og_url":"https:\/\/rotary.fi\/tamperetammerfors\/keita-olemme\/vuositeema\/","og_site_name":"Tampereen Rotaryklubi - Tammerfors Rotaryklubb","article_modified_time":"2025-08-25T12:28:34+00:00","twitter_card":"summary_large_image","twitter_misc":{"Arvioitu lukuaika":"2 minuuttia"},"schema":{"@context":"https:\/\/schema.org","@graph":[{"@type":"WebPage","@id":"https:\/\/rotary.fi\/tamperetammerfors\/keita-olemme\/vuositeema\/","url":"https:\/\/rotary.fi\/tamperetammerfors\/keita-olemme\/vuositeema\/","name":"Vuositeema - Tampereen Rotaryklubi - Tammerfors Rotaryklubb","isPartOf":{"@id":"https:\/\/rotary.fi\/tamperetammerfors\/#website"},"datePublished":"2018-08-10T11:01:44+00:00","dateModified":"2025-08-25T12:28:34+00:00","breadcrumb":{"@id":"https:\/\/rotary.fi\/tamperetammerfors\/keita-olemme\/vuositeema\/#breadcrumb"},"inLanguage":"fi","potentialAction":[{"@type":"ReadAction","target":["https:\/\/rotary.fi\/tamperetammerfors\/keita-olemme\/vuositeema\/"]}]},{"@type":"BreadcrumbList","@id":"https:\/\/rotary.fi\/tamperetammerfors\/keita-olemme\/vuositeema\/#breadcrumb","itemListElement":[{"@type":"ListItem","position":1,"name":"Home","item":"https:\/\/rotary.fi\/tamperetammerfors\/"},{"@type":"ListItem","position":2,"name":"Keit\u00e4 olemme","item":"https:\/\/rotary.fi\/tamperetammerfors\/keita-olemme\/"},{"@type":"ListItem","position":3,"name":"Vuositeema"}]},{"@type":"WebSite","@id":"https:\/\/rotary.fi\/tamperetammerfors\/#website","url":"https:\/\/rotary.fi\/tamperetammerfors\/","name":"Tampereen Rotaryklubi - Tammerfors Rotaryklubb","description":"Uusi Rotary klubisivusto","potentialAction":[{"@type":"SearchAction","target":{"@type":"EntryPoint","urlTemplate":"https:\/\/rotary.fi\/tamperetammerfors\/?s={search_term_string}"},"query-input":{"@type":"PropertyValueSpecification","valueRequired":true,"valueName":"search_term_string"}}],"inLanguage":"fi"}]}},"lang":"fi","translations":{"fi":138},"pll_sync_post":[],"_links":{"self":[{"href":"https:\/\/rotary.fi\/tamperetammerfors\/wp-json\/wp\/v2\/pages\/138","targetHints":{"allow":["GET"]}}],"collection":[{"href":"https:\/\/rotary.fi\/tamperetammerfors\/wp-json\/wp\/v2\/pages"}],"about":[{"href":"https:\/\/rotary.fi\/tamperetammerfors\/wp-json\/wp\/v2\/types\/page"}],"author":[{"embeddable":true,"href":"https:\/\/rotary.fi\/tamperetammerfors\/wp-json\/wp\/v2\/users\/1"}],"replies":[{"embeddable":true,"href":"https:\/\/rotary.fi\/tamperetammerfors\/wp-json\/wp\/v2\/comments?post=138"}],"version-history":[{"count":10,"href":"https:\/\/rotary.fi\/tamperetammerfors\/wp-json\/wp\/v2\/pages\/138\/revisions"}],"predecessor-version":[{"id":3023,"href":"https:\/\/rotary.fi\/tamperetammerfors\/wp-json\/wp\/v2\/pages\/138\/revisions\/3023"}],"up":[{"embeddable":true,"href":"https:\/\/rotary.fi\/tamperetammerfors\/wp-json\/wp\/v2\/pages\/129"}],"wp:attachment":[{"href":"https:\/\/rotary.fi\/tamperetammerfors\/wp-json\/wp\/v2\/media?parent=138"}],"curies":[{"name":"wp","href":"https:\/\/api.w.org\/{rel}","templated":true}]}}