{"id":132,"date":"2018-08-10T13:59:56","date_gmt":"2018-08-10T10:59:56","guid":{"rendered":"https:\/\/rotary.fi\/klubi2\/?page_id=132"},"modified":"2025-09-01T08:31:53","modified_gmt":"2025-09-01T05:31:53","slug":"presidentti-ja-toimihenkilot","status":"publish","type":"page","link":"https:\/\/rotary.fi\/tamperetammerfors\/keita-olemme\/presidentti-ja-toimihenkilot\/","title":{"rendered":"Hallitus ja toimihenkil\u00f6t"},"content":{"rendered":"<p>[et_pb_section fb_built=&#8221;1&#8243; module_class=&#8221;jumbotron-page&#8221; _builder_version=&#8221;4.27.0&#8243; background_image=&#8221;https:\/\/rotary.fi\/tamperetammerfors\/wp-content\/uploads\/sites\/251\/2024\/10\/hallituksen-kuva-2-kapeampi-673-kt-kapea.jpg&#8221; min_height=&#8221;555.8px&#8221; custom_margin=&#8221;||196px|||&#8221; custom_padding=&#8221;||31px|||&#8221; background_last_edited=&#8221;on|desktop&#8221; locked=&#8221;off&#8221; global_colors_info=&#8221;{}&#8221;][et_pb_row _builder_version=&#8221;4.16&#8243; background_size=&#8221;initial&#8221; background_position=&#8221;top_left&#8221; background_repeat=&#8221;repeat&#8221; custom_margin=&#8221;|auto|-3px|auto||&#8221; global_colors_info=&#8221;{}&#8221;][et_pb_column type=&#8221;4_4&#8243; _builder_version=&#8221;4.16&#8243; custom_padding=&#8221;|||&#8221; global_colors_info=&#8221;{}&#8221; custom_padding__hover=&#8221;|||&#8221;][et_pb_text admin_label=&#8221;P\u00e4\u00e4otsikko&#8221; _builder_version=&#8221;4.27.0&#8243; text_orientation=&#8221;center&#8221; background_layout=&#8221;dark&#8221; custom_padding=&#8221;||210px|||&#8221; global_colors_info=&#8221;{}&#8221;]<\/p>\n<h1><\/h1>\n<h1><\/h1>\n<h1><\/h1>\n<h1><\/h1>\n<h1>Presidentti ja toimihenkil\u00f6t<\/h1>\n<p>Kuvassa my\u00f6s kuvern\u00f6\u00f6rimme Anssi Kuoppala<\/p>\n<p>&nbsp;<\/p>\n<p>[\/et_pb_text][\/et_pb_column][\/et_pb_row][\/et_pb_section][et_pb_section fb_built=&#8221;1&#8243; _builder_version=&#8221;4.22.1&#8243; _module_preset=&#8221;default&#8221; custom_margin=&#8221;222px|||||&#8221; custom_padding=&#8221;51px|||||&#8221; global_colors_info=&#8221;{}&#8221;][et_pb_row _builder_version=&#8221;4.22.1&#8243; _module_preset=&#8221;default&#8221; custom_padding=&#8221;0px|||||&#8221; global_colors_info=&#8221;{}&#8221;][et_pb_column type=&#8221;4_4&#8243; _builder_version=&#8221;4.22.1&#8243; _module_preset=&#8221;default&#8221; global_colors_info=&#8221;{}&#8221;][et_pb_team_member name=&#8221;Matti Poikolainen&#8221; position=&#8221;Presidentti&#8221; image_url=&#8221;https:\/\/rotary.fi\/tamperetammerfors\/wp-content\/uploads\/sites\/251\/2024\/03\/cv.png&#8221; _builder_version=&#8221;4.22.1&#8243; _module_preset=&#8221;default&#8221; min_height=&#8221;936px&#8221; custom_margin=&#8221;1px|||||&#8221; custom_padding=&#8221;14px|||||&#8221; global_colors_info=&#8221;{}&#8221;]<\/p>\n<p><span style=\"font-size: 16px\"><\/span><\/p>\n<p><span style=\"font-size: 16px\"><\/span><\/p>\n<p><span style=\"font-size: 16px\">HALLITUS<\/span><\/p>\n<p><span style=\"color: #263b4c\">Presidentti\u00a0 \u00a0 \u00a0 \u00a0 \u00a0 \u00a0 \u00a0 \u00a0 \u00a0Matti Poikolainen\u00a0<\/span><\/p>\n<p><span style=\"color: #263b4c\">Varapresidentti\u00a0 \u00a0 \u00a0 \u00a0 \u00a0Pekka Yli-Paunu<\/span><\/p>\n<p><span style=\"color: #263b4c\">Past presidentti\u00a0 \u00a0 \u00a0 \u00a0 \u00a0Matti Poikolainen<\/span><\/p>\n<p><span style=\"color: #263b4c\">Tuleva presidentti\u00a0 <\/span><\/p>\n<p><span style=\"color: #263b4c\">Rahastonhoitaja\u00a0 \u00a0 \u00a0 \u00a0 \u00a0Rikard Bjurstr\u00f6m<\/span><\/p>\n<p><span style=\"color: #263b4c\">1. Sihteeri\u00a0 \u00a0 \u00a0 \u00a0 \u00a0 \u00a0 \u00a0 \u00a0 \u00a0 \u00a0 \u00a0Juha Nuutti<\/span><\/p>\n<p><span style=\"color: #263b4c\">2. Sihteeri\u00a0 \u00a0 \u00a0 \u00a0 \u00a0 \u00a0 \u00a0 \u00a0 \u00a0 \u00a0 Rikard Bjurstr\u00f6m<\/span><\/p>\n<p><span style=\"color: #263b4c\">1. Klubimestari\u00a0 \u00a0 \u00a0 \u00a0 \u00a0 \u00a0Matti Vesala<\/span><\/p>\n<p><span style=\"color: #263b4c\">2. Klubimestari\u00a0 \u00a0 \u00a0 \u00a0 \u00a0 \u00a0 Jussi M\u00e4kinen<\/span><\/p>\n<p><span style=\"color: #263b4c\">ICT-vastaava\u00a0 \u00a0 \u00a0 \u00a0 \u00a0 \u00a0 \u00a0 \u00a0 Martti Juhola<\/span><\/p>\n<p><span style=\"color: #00ccff\"><strong>\u00a0<\/strong><\/span><\/p>\n<p>&nbsp;<\/p>\n<p>&nbsp;<\/p>\n<p>[\/et_pb_team_member][\/et_pb_column][\/et_pb_row][\/et_pb_section]<\/p>\n","protected":false},"excerpt":{"rendered":"<p>Presidentti ja toimihenkil\u00f6t Kuvassa my\u00f6s kuvern\u00f6\u00f6rimme Anssi Kuoppala &nbsp; HALLITUS Presidentti\u00a0 \u00a0 \u00a0 \u00a0 \u00a0 \u00a0 \u00a0 \u00a0 \u00a0Matti Poikolainen\u00a0 Varapresidentti\u00a0 \u00a0 \u00a0 \u00a0 \u00a0Pekka Yli-Paunu Past presidentti\u00a0 \u00a0 \u00a0 \u00a0 \u00a0Matti Poikolainen Tuleva presidentti\u00a0 Rahastonhoitaja\u00a0 \u00a0 \u00a0 \u00a0 \u00a0Rikard Bjurstr\u00f6m 1. Sihteeri\u00a0 \u00a0 \u00a0 \u00a0 \u00a0 \u00a0 \u00a0 \u00a0 \u00a0 \u00a0 \u00a0Juha Nuutti 2. [&hellip;]<\/p>\n","protected":false},"author":1,"featured_media":2382,"parent":129,"menu_order":0,"comment_status":"closed","ping_status":"closed","template":"","meta":{"_acf_changed":false,"_et_pb_use_builder":"on","_et_pb_old_content":"","_et_gb_content_width":"","footnotes":""},"class_list":["post-132","page","type-page","status-publish","has-post-thumbnail","hentry"],"acf":[],"yoast_head":"<!-- This site is optimized with the Yoast SEO plugin v27.4 - https:\/\/yoast.com\/product\/yoast-seo-wordpress\/ -->\n<title>Hallitus ja toimihenkil\u00f6t - Tampereen Rotaryklubi - Tammerfors Rotaryklubb<\/title>\n<meta name=\"robots\" content=\"index, follow, max-snippet:-1, max-image-preview:large, max-video-preview:-1\" \/>\n<link rel=\"canonical\" href=\"https:\/\/rotary.fi\/tamperetammerfors\/keita-olemme\/presidentti-ja-toimihenkilot\/\" \/>\n<meta property=\"og:locale\" content=\"fi_FI\" \/>\n<meta property=\"og:type\" content=\"article\" \/>\n<meta property=\"og:title\" content=\"Hallitus ja toimihenkil\u00f6t - Tampereen Rotaryklubi - Tammerfors Rotaryklubb\" \/>\n<meta property=\"og:description\" content=\"Presidentti ja toimihenkil\u00f6t Kuvassa my\u00f6s kuvern\u00f6\u00f6rimme Anssi Kuoppala &nbsp; HALLITUS Presidentti\u00a0 \u00a0 \u00a0 \u00a0 \u00a0 \u00a0 \u00a0 \u00a0 \u00a0Matti Poikolainen\u00a0 Varapresidentti\u00a0 \u00a0 \u00a0 \u00a0 \u00a0Pekka Yli-Paunu Past presidentti\u00a0 \u00a0 \u00a0 \u00a0 \u00a0Matti Poikolainen Tuleva presidentti\u00a0 Rahastonhoitaja\u00a0 \u00a0 \u00a0 \u00a0 \u00a0Rikard Bjurstr\u00f6m 1. Sihteeri\u00a0 \u00a0 \u00a0 \u00a0 \u00a0 \u00a0 \u00a0 \u00a0 \u00a0 \u00a0 \u00a0Juha Nuutti 2. [&hellip;]\" \/>\n<meta property=\"og:url\" content=\"https:\/\/rotary.fi\/tamperetammerfors\/keita-olemme\/presidentti-ja-toimihenkilot\/\" \/>\n<meta property=\"og:site_name\" content=\"Tampereen Rotaryklubi - Tammerfors Rotaryklubb\" \/>\n<meta property=\"article:modified_time\" content=\"2025-09-01T05:31:53+00:00\" \/>\n<meta property=\"og:image\" content=\"https:\/\/rotary.fi\/tamperetammerfors\/wp-content\/uploads\/sites\/251\/2022\/02\/antti-hackzell2.jpeg\" \/>\n\t<meta property=\"og:image:width\" content=\"132\" \/>\n\t<meta property=\"og:image:height\" content=\"177\" \/>\n\t<meta property=\"og:image:type\" content=\"image\/jpeg\" \/>\n<meta name=\"twitter:card\" content=\"summary_large_image\" \/>\n<meta name=\"twitter:label1\" content=\"Arvioitu lukuaika\" \/>\n\t<meta name=\"twitter:data1\" content=\"1 minuutti\" \/>\n<script type=\"application\/ld+json\" class=\"yoast-schema-graph\">{\"@context\":\"https:\\\/\\\/schema.org\",\"@graph\":[{\"@type\":\"WebPage\",\"@id\":\"https:\\\/\\\/rotary.fi\\\/tamperetammerfors\\\/keita-olemme\\\/presidentti-ja-toimihenkilot\\\/\",\"url\":\"https:\\\/\\\/rotary.fi\\\/tamperetammerfors\\\/keita-olemme\\\/presidentti-ja-toimihenkilot\\\/\",\"name\":\"Hallitus ja toimihenkil\u00f6t - Tampereen Rotaryklubi - Tammerfors Rotaryklubb\",\"isPartOf\":{\"@id\":\"https:\\\/\\\/rotary.fi\\\/tamperetammerfors\\\/#website\"},\"primaryImageOfPage\":{\"@id\":\"https:\\\/\\\/rotary.fi\\\/tamperetammerfors\\\/keita-olemme\\\/presidentti-ja-toimihenkilot\\\/#primaryimage\"},\"image\":{\"@id\":\"https:\\\/\\\/rotary.fi\\\/tamperetammerfors\\\/keita-olemme\\\/presidentti-ja-toimihenkilot\\\/#primaryimage\"},\"thumbnailUrl\":\"https:\\\/\\\/rotary.fi\\\/tamperetammerfors\\\/wp-content\\\/uploads\\\/sites\\\/251\\\/2022\\\/02\\\/antti-hackzell2.jpeg\",\"datePublished\":\"2018-08-10T10:59:56+00:00\",\"dateModified\":\"2025-09-01T05:31:53+00:00\",\"breadcrumb\":{\"@id\":\"https:\\\/\\\/rotary.fi\\\/tamperetammerfors\\\/keita-olemme\\\/presidentti-ja-toimihenkilot\\\/#breadcrumb\"},\"inLanguage\":\"fi\",\"potentialAction\":[{\"@type\":\"ReadAction\",\"target\":[\"https:\\\/\\\/rotary.fi\\\/tamperetammerfors\\\/keita-olemme\\\/presidentti-ja-toimihenkilot\\\/\"]}]},{\"@type\":\"ImageObject\",\"inLanguage\":\"fi\",\"@id\":\"https:\\\/\\\/rotary.fi\\\/tamperetammerfors\\\/keita-olemme\\\/presidentti-ja-toimihenkilot\\\/#primaryimage\",\"url\":\"https:\\\/\\\/rotary.fi\\\/tamperetammerfors\\\/wp-content\\\/uploads\\\/sites\\\/251\\\/2022\\\/02\\\/antti-hackzell2.jpeg\",\"contentUrl\":\"https:\\\/\\\/rotary.fi\\\/tamperetammerfors\\\/wp-content\\\/uploads\\\/sites\\\/251\\\/2022\\\/02\\\/antti-hackzell2.jpeg\",\"width\":132,\"height\":177},{\"@type\":\"BreadcrumbList\",\"@id\":\"https:\\\/\\\/rotary.fi\\\/tamperetammerfors\\\/keita-olemme\\\/presidentti-ja-toimihenkilot\\\/#breadcrumb\",\"itemListElement\":[{\"@type\":\"ListItem\",\"position\":1,\"name\":\"Home\",\"item\":\"https:\\\/\\\/rotary.fi\\\/tamperetammerfors\\\/\"},{\"@type\":\"ListItem\",\"position\":2,\"name\":\"Keit\u00e4 olemme\",\"item\":\"https:\\\/\\\/rotary.fi\\\/tamperetammerfors\\\/keita-olemme\\\/\"},{\"@type\":\"ListItem\",\"position\":3,\"name\":\"Hallitus ja toimihenkil\u00f6t\"}]},{\"@type\":\"WebSite\",\"@id\":\"https:\\\/\\\/rotary.fi\\\/tamperetammerfors\\\/#website\",\"url\":\"https:\\\/\\\/rotary.fi\\\/tamperetammerfors\\\/\",\"name\":\"Tampereen Rotaryklubi - Tammerfors Rotaryklubb\",\"description\":\"Uusi Rotary klubisivusto\",\"potentialAction\":[{\"@type\":\"SearchAction\",\"target\":{\"@type\":\"EntryPoint\",\"urlTemplate\":\"https:\\\/\\\/rotary.fi\\\/tamperetammerfors\\\/?s={search_term_string}\"},\"query-input\":{\"@type\":\"PropertyValueSpecification\",\"valueRequired\":true,\"valueName\":\"search_term_string\"}}],\"inLanguage\":\"fi\"}]}<\/script>\n<!-- \/ Yoast SEO plugin. -->","yoast_head_json":{"title":"Hallitus ja toimihenkil\u00f6t - Tampereen Rotaryklubi - Tammerfors Rotaryklubb","robots":{"index":"index","follow":"follow","max-snippet":"max-snippet:-1","max-image-preview":"max-image-preview:large","max-video-preview":"max-video-preview:-1"},"canonical":"https:\/\/rotary.fi\/tamperetammerfors\/keita-olemme\/presidentti-ja-toimihenkilot\/","og_locale":"fi_FI","og_type":"article","og_title":"Hallitus ja toimihenkil\u00f6t - Tampereen Rotaryklubi - Tammerfors Rotaryklubb","og_description":"Presidentti ja toimihenkil\u00f6t Kuvassa my\u00f6s kuvern\u00f6\u00f6rimme Anssi Kuoppala &nbsp; HALLITUS Presidentti\u00a0 \u00a0 \u00a0 \u00a0 \u00a0 \u00a0 \u00a0 \u00a0 \u00a0Matti Poikolainen\u00a0 Varapresidentti\u00a0 \u00a0 \u00a0 \u00a0 \u00a0Pekka Yli-Paunu Past presidentti\u00a0 \u00a0 \u00a0 \u00a0 \u00a0Matti Poikolainen Tuleva presidentti\u00a0 Rahastonhoitaja\u00a0 \u00a0 \u00a0 \u00a0 \u00a0Rikard Bjurstr\u00f6m 1. Sihteeri\u00a0 \u00a0 \u00a0 \u00a0 \u00a0 \u00a0 \u00a0 \u00a0 \u00a0 \u00a0 \u00a0Juha Nuutti 2. [&hellip;]","og_url":"https:\/\/rotary.fi\/tamperetammerfors\/keita-olemme\/presidentti-ja-toimihenkilot\/","og_site_name":"Tampereen Rotaryklubi - Tammerfors Rotaryklubb","article_modified_time":"2025-09-01T05:31:53+00:00","og_image":[{"width":132,"height":177,"url":"https:\/\/rotary.fi\/tamperetammerfors\/wp-content\/uploads\/sites\/251\/2022\/02\/antti-hackzell2.jpeg","type":"image\/jpeg"}],"twitter_card":"summary_large_image","twitter_misc":{"Arvioitu lukuaika":"1 minuutti"},"schema":{"@context":"https:\/\/schema.org","@graph":[{"@type":"WebPage","@id":"https:\/\/rotary.fi\/tamperetammerfors\/keita-olemme\/presidentti-ja-toimihenkilot\/","url":"https:\/\/rotary.fi\/tamperetammerfors\/keita-olemme\/presidentti-ja-toimihenkilot\/","name":"Hallitus ja toimihenkil\u00f6t - Tampereen Rotaryklubi - Tammerfors Rotaryklubb","isPartOf":{"@id":"https:\/\/rotary.fi\/tamperetammerfors\/#website"},"primaryImageOfPage":{"@id":"https:\/\/rotary.fi\/tamperetammerfors\/keita-olemme\/presidentti-ja-toimihenkilot\/#primaryimage"},"image":{"@id":"https:\/\/rotary.fi\/tamperetammerfors\/keita-olemme\/presidentti-ja-toimihenkilot\/#primaryimage"},"thumbnailUrl":"https:\/\/rotary.fi\/tamperetammerfors\/wp-content\/uploads\/sites\/251\/2022\/02\/antti-hackzell2.jpeg","datePublished":"2018-08-10T10:59:56+00:00","dateModified":"2025-09-01T05:31:53+00:00","breadcrumb":{"@id":"https:\/\/rotary.fi\/tamperetammerfors\/keita-olemme\/presidentti-ja-toimihenkilot\/#breadcrumb"},"inLanguage":"fi","potentialAction":[{"@type":"ReadAction","target":["https:\/\/rotary.fi\/tamperetammerfors\/keita-olemme\/presidentti-ja-toimihenkilot\/"]}]},{"@type":"ImageObject","inLanguage":"fi","@id":"https:\/\/rotary.fi\/tamperetammerfors\/keita-olemme\/presidentti-ja-toimihenkilot\/#primaryimage","url":"https:\/\/rotary.fi\/tamperetammerfors\/wp-content\/uploads\/sites\/251\/2022\/02\/antti-hackzell2.jpeg","contentUrl":"https:\/\/rotary.fi\/tamperetammerfors\/wp-content\/uploads\/sites\/251\/2022\/02\/antti-hackzell2.jpeg","width":132,"height":177},{"@type":"BreadcrumbList","@id":"https:\/\/rotary.fi\/tamperetammerfors\/keita-olemme\/presidentti-ja-toimihenkilot\/#breadcrumb","itemListElement":[{"@type":"ListItem","position":1,"name":"Home","item":"https:\/\/rotary.fi\/tamperetammerfors\/"},{"@type":"ListItem","position":2,"name":"Keit\u00e4 olemme","item":"https:\/\/rotary.fi\/tamperetammerfors\/keita-olemme\/"},{"@type":"ListItem","position":3,"name":"Hallitus ja toimihenkil\u00f6t"}]},{"@type":"WebSite","@id":"https:\/\/rotary.fi\/tamperetammerfors\/#website","url":"https:\/\/rotary.fi\/tamperetammerfors\/","name":"Tampereen Rotaryklubi - Tammerfors Rotaryklubb","description":"Uusi Rotary klubisivusto","potentialAction":[{"@type":"SearchAction","target":{"@type":"EntryPoint","urlTemplate":"https:\/\/rotary.fi\/tamperetammerfors\/?s={search_term_string}"},"query-input":{"@type":"PropertyValueSpecification","valueRequired":true,"valueName":"search_term_string"}}],"inLanguage":"fi"}]}},"lang":"fi","translations":{"fi":132},"pll_sync_post":[],"_links":{"self":[{"href":"https:\/\/rotary.fi\/tamperetammerfors\/wp-json\/wp\/v2\/pages\/132","targetHints":{"allow":["GET"]}}],"collection":[{"href":"https:\/\/rotary.fi\/tamperetammerfors\/wp-json\/wp\/v2\/pages"}],"about":[{"href":"https:\/\/rotary.fi\/tamperetammerfors\/wp-json\/wp\/v2\/types\/page"}],"author":[{"embeddable":true,"href":"https:\/\/rotary.fi\/tamperetammerfors\/wp-json\/wp\/v2\/users\/1"}],"replies":[{"embeddable":true,"href":"https:\/\/rotary.fi\/tamperetammerfors\/wp-json\/wp\/v2\/comments?post=132"}],"version-history":[{"count":10,"href":"https:\/\/rotary.fi\/tamperetammerfors\/wp-json\/wp\/v2\/pages\/132\/revisions"}],"predecessor-version":[{"id":3027,"href":"https:\/\/rotary.fi\/tamperetammerfors\/wp-json\/wp\/v2\/pages\/132\/revisions\/3027"}],"up":[{"embeddable":true,"href":"https:\/\/rotary.fi\/tamperetammerfors\/wp-json\/wp\/v2\/pages\/129"}],"wp:featuredmedia":[{"embeddable":true,"href":"https:\/\/rotary.fi\/tamperetammerfors\/wp-json\/wp\/v2\/media\/2382"}],"wp:attachment":[{"href":"https:\/\/rotary.fi\/tamperetammerfors\/wp-json\/wp\/v2\/media?parent=132"}],"curies":[{"name":"wp","href":"https:\/\/api.w.org\/{rel}","templated":true}]}}